{"id":14125,"date":"2026-03-24T11:21:49","date_gmt":"2026-03-24T03:21:49","guid":{"rendered":"https:\/\/www.leili-motor.net\/motor-de-accionamiento-con-brida-de-ciclo-24-dientes\/"},"modified":"2026-04-14T14:48:07","modified_gmt":"2026-04-14T06:48:07","slug":"motor-de-accionamiento-con-brida-de-ciclo-24-dientes","status":"publish","type":"product","link":"https:\/\/www.leili-motor.net\/es\/motor-de-accionamiento-con-brida-de-ciclo-24-dientes\/","title":{"rendered":"Motor de accionamiento con brida de ciclo (24 dientes)"},"content":{"rendered":"<h2><b>Par\u00e1metros de rendimiento<\/b><\/h2>\n<table>\n<tbody>\n<tr>\n<td colspan=\"4\"><span style=\"font-weight: 400;\">Ranura interna 7H GB\/T3478.1<\/span><\/td>\n<\/tr>\n<tr>\n<td><span style=\"font-weight: 400;\">M\u00f3dulo<\/span><\/td>\n<td><span style=\"font-weight: 400;\">metro<\/span><\/td>\n<td><span style=\"font-weight: 400;\">&#8211;<\/span><\/td>\n<td><span style=\"font-weight: 400;\">1<\/span><\/td>\n<\/tr>\n<tr>\n<td><span style=\"font-weight: 400;\">N\u00famero de dientes<\/span><\/td>\n<td><span style=\"font-weight: 400;\">CON<\/span><\/td>\n<td><span style=\"font-weight: 400;\">&#8211;<\/span><\/td>\n<td><span style=\"font-weight: 400;\">24<\/span><\/td>\n<\/tr>\n<tr>\n<td><span style=\"font-weight: 400;\">\u00c1ngulo de presi\u00f3n<\/span><\/td>\n<td><span style=\"font-weight: 400;\">Un<\/span><\/td>\n<td><span style=\"font-weight: 400;\">\u00b0<\/span><\/td>\n<td><span style=\"font-weight: 400;\">30\u00b0<\/span><\/td>\n<\/tr>\n<tr>\n<td><span style=\"font-weight: 400;\">Di\u00e1metro mayor<\/span><\/td>\n<td><span style=\"font-weight: 400;\">Dee<\/span><\/td>\n<td><span style=\"font-weight: 400;\">mm<\/span><\/td>\n<td><span style=\"font-weight: 400;\">\u03c625,5(0\/+0,21)<\/span><\/td>\n<\/tr>\n<tr>\n<td><span style=\"font-weight: 400;\">Di\u00e1metro menor<\/span><\/td>\n<td><span style=\"font-weight: 400;\">El<\/span><\/td>\n<td><span style=\"font-weight: 400;\">mm<\/span><\/td>\n<td><span style=\"font-weight: 400;\">\u03c623,095(0\/+0,13)<\/span><\/td>\n<\/tr>\n<tr>\n<td><span style=\"font-weight: 400;\">Di\u00e1metro de la varilla<\/span><\/td>\n<td><span style=\"font-weight: 400;\">Dp<\/span><\/td>\n<td><span style=\"font-weight: 400;\">mm<\/span><\/td>\n<td><span style=\"font-weight: 400;\">\u03c61.9<\/span><\/td>\n<\/tr>\n<tr>\n<td><span style=\"font-weight: 400;\">Distancia del travesa\u00f1o<\/span><\/td>\n<td><span style=\"font-weight: 400;\">METRO<\/span><\/td>\n<td><span style=\"font-weight: 400;\">mm<\/span><\/td>\n<td><span style=\"font-weight: 400;\">\u03c621,026(0\/+0,178)<\/span><\/td>\n<\/tr>\n<\/tbody>\n<\/table>\n<h2><b>Dimensiones mec\u00e1nicas: mm<\/b><\/h2>\n<p><img fetchpriority=\"high\" decoding=\"async\" class=\"size-full wp-image-13881 aligncenter\" src=\"https:\/\/www.leili-motor.net\/wp-content\/uploads\/2026\/03\/Cycle-Flange-Drive-Motor-24-Teeth-Dimensions.webp\" alt=\"Dimensiones del motor de accionamiento con brida de ciclo (24 dientes)\" width=\"759\" height=\"447\" srcset=\"https:\/\/www.leili-motor.net\/wp-content\/uploads\/2026\/03\/Cycle-Flange-Drive-Motor-24-Teeth-Dimensions.webp 759w, https:\/\/www.leili-motor.net\/wp-content\/uploads\/2026\/03\/Cycle-Flange-Drive-Motor-24-Teeth-Dimensions-300x177.webp 300w, https:\/\/www.leili-motor.net\/wp-content\/uploads\/2026\/03\/Cycle-Flange-Drive-Motor-24-Teeth-Dimensions-600x353.webp 600w\" sizes=\"(max-width: 759px) 100vw, 759px\" \/><\/p>\n","protected":false},"excerpt":{"rendered":"<h3>Presentaci\u00f3n del producto<\/h3>\n<ul>\n<li data-section-id=\"1ckyz55\" data-start=\"58\" data-end=\"142\">GB\/T3478.1 interna spline, 24 dientes, m\u00f3dulo 1, dise\u00f1ada para motores de refrigeraci\u00f3n por aire.<\/li>\n<li data-section-id=\"jc5u7k\" data-start=\"143\" data-end=\"239\">El \u00e1ngulo de presi\u00f3n de 30\u00b0 garantiza una transmisi\u00f3n estable y un ajuste fiable en aplicaciones de refrigeraci\u00f3n por aire.<\/li>\n<li data-section-id=\"1iq6mfm\" data-start=\"240\" data-end=\"343\">Las dimensiones compactas de la ranura permiten un montaje eficaz y un funcionamiento fluido en los sistemas de refrigeraci\u00f3n por aire.<\/li>\n<\/ul>\n","protected":false},"featured_media":13880,"comment_status":"closed","ping_status":"closed","template":"","meta":{"site-sidebar-layout":"default","site-content-layout":"","ast-site-content-layout":"default","site-content-style":"default","site-sidebar-style":"default","ast-global-header-display":"","ast-banner-title-visibility":"","ast-main-header-display":"","ast-hfb-above-header-display":"","ast-hfb-below-header-display":"","ast-hfb-mobile-header-display":"","site-post-title":"","ast-breadcrumbs-content":"","ast-featured-img":"","footer-sml-layout":"","theme-transparent-header-meta":"default","adv-header-id-meta":"","stick-header-meta":"","header-above-stick-meta":"","header-main-stick-meta":"","header-below-stick-meta":"","astra-migrate-meta-layouts":"set","ast-page-background-enabled":"default","ast-page-background-meta":{"desktop":{"background-color":"var(--ast-global-color-5)","background-image":"","background-repeat":"repeat","background-position":"center center","background-size":"auto","background-attachment":"scroll","background-type":"","background-media":"","overlay-type":"","overlay-color":"","overlay-opacity":"","overlay-gradient":""},"tablet":{"background-color":"","background-image":"","background-repeat":"repeat","background-position":"center center","background-size":"auto","background-attachment":"scroll","background-type":"","background-media":"","overlay-type":"","overlay-color":"","overlay-opacity":"","overlay-gradient":""},"mobile":{"background-color":"","background-image":"","background-repeat":"repeat","background-position":"center center","background-size":"auto","background-attachment":"scroll","background-type":"","background-media":"","overlay-type":"","overlay-color":"","overlay-opacity":"","overlay-gradient":""}},"ast-content-background-meta":{"desktop":{"background-color":"var(--ast-global-color-4)","background-image":"","background-repeat":"repeat","background-position":"center center","background-size":"auto","background-attachment":"scroll","background-type":"","background-media":"","overlay-type":"","overlay-color":"","overlay-opacity":"","overlay-gradient":""},"tablet":{"background-color":"var(--ast-global-color-4)","background-image":"","background-repeat":"repeat","background-position":"center center","background-size":"auto","background-attachment":"scroll","background-type":"","background-media":"","overlay-type":"","overlay-color":"","overlay-opacity":"","overlay-gradient":""},"mobile":{"background-color":"var(--ast-global-color-4)","background-image":"","background-repeat":"repeat","background-position":"center center","background-size":"auto","background-attachment":"scroll","background-type":"","background-media":"","overlay-type":"","overlay-color":"","overlay-opacity":"","overlay-gradient":""}}},"product_brand":[],"product_cat":[1352,1358],"product_tag":[],"class_list":{"0":"post-14125","1":"product","2":"type-product","3":"status-publish","4":"has-post-thumbnail","6":"product_cat-categoria-de-motores-de-traccion","7":"product_cat-motor-de-accionamiento-sin-caja-de-engranajes","8":"desktop-align-left","9":"tablet-align-left","10":"mobile-align-left","12":"first","13":"instock","14":"shipping-taxable","15":"product-type-simple"},"yoast_head":"<!-- This site is optimized with the Yoast SEO plugin v27.2 - https:\/\/yoast.com\/product\/yoast-seo-wordpress\/ -->\n<title>Motor de accionamiento con brida de ciclo (24 dientes) &#8211; Leili Motor<\/title>\n<meta name=\"description\" content=\"Motor de accionamiento con brida de ciclo, con estr\u00edas internas seg\u00fan la norma GB\/T 3478.1, 24 dientes, m\u00f3dulo 1 y \u00e1ngulo de presi\u00f3n de 30\u00b0, lo que garantiza una transmisi\u00f3n estable y un ajuste mec\u00e1nico preciso.\" \/>\n<meta name=\"robots\" content=\"index, follow, max-snippet:-1, max-image-preview:large, max-video-preview:-1\" \/>\n<link rel=\"canonical\" href=\"https:\/\/www.leili-motor.net\/es\/motor-de-accionamiento-con-brida-de-ciclo-24-dientes\/\" \/>\n<meta name=\"twitter:label1\" content=\"Tiempo de lectura\" \/>\n\t<meta name=\"twitter:data1\" content=\"1 minuto\" \/>\n<script type=\"application\/ld+json\" class=\"yoast-schema-graph\">{\"@context\":\"https:\/\/schema.org\",\"@graph\":[{\"@type\":\"WebPage\",\"@id\":\"https:\/\/www.leili-motor.net\/es\/motor-de-accionamiento-con-brida-de-ciclo-24-dientes\/\",\"url\":\"https:\/\/www.leili-motor.net\/es\/motor-de-accionamiento-con-brida-de-ciclo-24-dientes\/\",\"name\":\"Motor de accionamiento con brida de ciclo (24 dientes) &#8211; Leili Motor\",\"isPartOf\":{\"@id\":\"https:\/\/www.leili-motor.net\/es\/#website\"},\"primaryImageOfPage\":{\"@id\":\"https:\/\/www.leili-motor.net\/es\/motor-de-accionamiento-con-brida-de-ciclo-24-dientes\/#primaryimage\"},\"image\":{\"@id\":\"https:\/\/www.leili-motor.net\/es\/motor-de-accionamiento-con-brida-de-ciclo-24-dientes\/#primaryimage\"},\"thumbnailUrl\":\"https:\/\/www.leili-motor.net\/wp-content\/uploads\/2026\/03\/Cycle-Flange-Drive-Motor-24-Teeth.webp\",\"datePublished\":\"2026-03-24T03:21:49+00:00\",\"dateModified\":\"2026-04-14T06:48:07+00:00\",\"description\":\"Motor de accionamiento con brida de ciclo, con estr\u00edas internas seg\u00fan la norma GB\/T 3478.1, 24 dientes, m\u00f3dulo 1 y \u00e1ngulo de presi\u00f3n de 30\u00b0, lo que garantiza una transmisi\u00f3n estable y un ajuste mec\u00e1nico preciso.\",\"breadcrumb\":{\"@id\":\"https:\/\/www.leili-motor.net\/es\/motor-de-accionamiento-con-brida-de-ciclo-24-dientes\/#breadcrumb\"},\"inLanguage\":\"es\",\"potentialAction\":[{\"@type\":\"ReadAction\",\"target\":[\"https:\/\/www.leili-motor.net\/es\/motor-de-accionamiento-con-brida-de-ciclo-24-dientes\/\"]}]},{\"@type\":\"ImageObject\",\"inLanguage\":\"es\",\"@id\":\"https:\/\/www.leili-motor.net\/es\/motor-de-accionamiento-con-brida-de-ciclo-24-dientes\/#primaryimage\",\"url\":\"https:\/\/www.leili-motor.net\/wp-content\/uploads\/2026\/03\/Cycle-Flange-Drive-Motor-24-Teeth.webp\",\"contentUrl\":\"https:\/\/www.leili-motor.net\/wp-content\/uploads\/2026\/03\/Cycle-Flange-Drive-Motor-24-Teeth.webp\",\"width\":454,\"height\":310,\"caption\":\"Motor de accionamiento con brida de ciclo (24 dientes)\"},{\"@type\":\"BreadcrumbList\",\"@id\":\"https:\/\/www.leili-motor.net\/es\/motor-de-accionamiento-con-brida-de-ciclo-24-dientes\/#breadcrumb\",\"itemListElement\":[{\"@type\":\"ListItem\",\"position\":1,\"name\":\"Home\",\"item\":\"https:\/\/www.leili-motor.net\/es\/hogar\/\"},{\"@type\":\"ListItem\",\"position\":2,\"name\":\"Productos\",\"item\":\"https:\/\/www.leili-motor.net\/es\/productos\/\"},{\"@type\":\"ListItem\",\"position\":3,\"name\":\"Motor de accionamiento con brida de ciclo (24 dientes)\"}]},{\"@type\":\"WebSite\",\"@id\":\"https:\/\/www.leili-motor.net\/es\/#website\",\"url\":\"https:\/\/www.leili-motor.net\/es\/\",\"name\":\"Leili Motor\",\"description\":\"\",\"publisher\":{\"@id\":\"https:\/\/www.leili-motor.net\/es\/#organization\"},\"potentialAction\":[{\"@type\":\"SearchAction\",\"target\":{\"@type\":\"EntryPoint\",\"urlTemplate\":\"https:\/\/www.leili-motor.net\/es\/?s={search_term_string}\"},\"query-input\":{\"@type\":\"PropertyValueSpecification\",\"valueRequired\":true,\"valueName\":\"search_term_string\"}}],\"inLanguage\":\"es\"},{\"@type\":\"Organization\",\"@id\":\"https:\/\/www.leili-motor.net\/es\/#organization\",\"name\":\"Leili Motor\",\"url\":\"https:\/\/www.leili-motor.net\/es\/\",\"logo\":{\"@type\":\"ImageObject\",\"inLanguage\":\"es\",\"@id\":\"https:\/\/www.leili-motor.net\/es\/#\/schema\/logo\/image\/\",\"url\":\"https:\/\/www.leili-motor.net\/wp-content\/uploads\/2025\/03\/Leili-Motor.png\",\"contentUrl\":\"https:\/\/www.leili-motor.net\/wp-content\/uploads\/2025\/03\/Leili-Motor.png\",\"width\":600,\"height\":156,\"caption\":\"Leili Motor\"},\"image\":{\"@id\":\"https:\/\/www.leili-motor.net\/es\/#\/schema\/logo\/image\/\"}}]}<\/script>\n<!-- \/ Yoast SEO plugin. -->","yoast_head_json":{"title":"Motor de accionamiento con brida de ciclo (24 dientes) &#8211; Leili Motor","description":"Motor de accionamiento con brida de ciclo, con estr\u00edas internas seg\u00fan la norma GB\/T 3478.1, 24 dientes, m\u00f3dulo 1 y \u00e1ngulo de presi\u00f3n de 30\u00b0, lo que garantiza una transmisi\u00f3n estable y un ajuste mec\u00e1nico preciso.","robots":{"index":"index","follow":"follow","max-snippet":"max-snippet:-1","max-image-preview":"max-image-preview:large","max-video-preview":"max-video-preview:-1"},"canonical":"https:\/\/www.leili-motor.net\/es\/motor-de-accionamiento-con-brida-de-ciclo-24-dientes\/","twitter_misc":{"Tiempo de lectura":"1 minuto"},"schema":{"@context":"https:\/\/schema.org","@graph":[{"@type":"WebPage","@id":"https:\/\/www.leili-motor.net\/es\/motor-de-accionamiento-con-brida-de-ciclo-24-dientes\/","url":"https:\/\/www.leili-motor.net\/es\/motor-de-accionamiento-con-brida-de-ciclo-24-dientes\/","name":"Motor de accionamiento con brida de ciclo (24 dientes) &#8211; Leili Motor","isPartOf":{"@id":"https:\/\/www.leili-motor.net\/es\/#website"},"primaryImageOfPage":{"@id":"https:\/\/www.leili-motor.net\/es\/motor-de-accionamiento-con-brida-de-ciclo-24-dientes\/#primaryimage"},"image":{"@id":"https:\/\/www.leili-motor.net\/es\/motor-de-accionamiento-con-brida-de-ciclo-24-dientes\/#primaryimage"},"thumbnailUrl":"https:\/\/www.leili-motor.net\/wp-content\/uploads\/2026\/03\/Cycle-Flange-Drive-Motor-24-Teeth.webp","datePublished":"2026-03-24T03:21:49+00:00","dateModified":"2026-04-14T06:48:07+00:00","description":"Motor de accionamiento con brida de ciclo, con estr\u00edas internas seg\u00fan la norma GB\/T 3478.1, 24 dientes, m\u00f3dulo 1 y \u00e1ngulo de presi\u00f3n de 30\u00b0, lo que garantiza una transmisi\u00f3n estable y un ajuste mec\u00e1nico preciso.","breadcrumb":{"@id":"https:\/\/www.leili-motor.net\/es\/motor-de-accionamiento-con-brida-de-ciclo-24-dientes\/#breadcrumb"},"inLanguage":"es","potentialAction":[{"@type":"ReadAction","target":["https:\/\/www.leili-motor.net\/es\/motor-de-accionamiento-con-brida-de-ciclo-24-dientes\/"]}]},{"@type":"ImageObject","inLanguage":"es","@id":"https:\/\/www.leili-motor.net\/es\/motor-de-accionamiento-con-brida-de-ciclo-24-dientes\/#primaryimage","url":"https:\/\/www.leili-motor.net\/wp-content\/uploads\/2026\/03\/Cycle-Flange-Drive-Motor-24-Teeth.webp","contentUrl":"https:\/\/www.leili-motor.net\/wp-content\/uploads\/2026\/03\/Cycle-Flange-Drive-Motor-24-Teeth.webp","width":454,"height":310,"caption":"Motor de accionamiento con brida de ciclo (24 dientes)"},{"@type":"BreadcrumbList","@id":"https:\/\/www.leili-motor.net\/es\/motor-de-accionamiento-con-brida-de-ciclo-24-dientes\/#breadcrumb","itemListElement":[{"@type":"ListItem","position":1,"name":"Home","item":"https:\/\/www.leili-motor.net\/es\/hogar\/"},{"@type":"ListItem","position":2,"name":"Productos","item":"https:\/\/www.leili-motor.net\/es\/productos\/"},{"@type":"ListItem","position":3,"name":"Motor de accionamiento con brida de ciclo (24 dientes)"}]},{"@type":"WebSite","@id":"https:\/\/www.leili-motor.net\/es\/#website","url":"https:\/\/www.leili-motor.net\/es\/","name":"Leili Motor","description":"","publisher":{"@id":"https:\/\/www.leili-motor.net\/es\/#organization"},"potentialAction":[{"@type":"SearchAction","target":{"@type":"EntryPoint","urlTemplate":"https:\/\/www.leili-motor.net\/es\/?s={search_term_string}"},"query-input":{"@type":"PropertyValueSpecification","valueRequired":true,"valueName":"search_term_string"}}],"inLanguage":"es"},{"@type":"Organization","@id":"https:\/\/www.leili-motor.net\/es\/#organization","name":"Leili Motor","url":"https:\/\/www.leili-motor.net\/es\/","logo":{"@type":"ImageObject","inLanguage":"es","@id":"https:\/\/www.leili-motor.net\/es\/#\/schema\/logo\/image\/","url":"https:\/\/www.leili-motor.net\/wp-content\/uploads\/2025\/03\/Leili-Motor.png","contentUrl":"https:\/\/www.leili-motor.net\/wp-content\/uploads\/2025\/03\/Leili-Motor.png","width":600,"height":156,"caption":"Leili Motor"},"image":{"@id":"https:\/\/www.leili-motor.net\/es\/#\/schema\/logo\/image\/"}}]}},"_links":{"self":[{"href":"https:\/\/www.leili-motor.net\/es\/wp-json\/wp\/v2\/product\/14125","targetHints":{"allow":["GET"]}}],"collection":[{"href":"https:\/\/www.leili-motor.net\/es\/wp-json\/wp\/v2\/product"}],"about":[{"href":"https:\/\/www.leili-motor.net\/es\/wp-json\/wp\/v2\/types\/product"}],"replies":[{"embeddable":true,"href":"https:\/\/www.leili-motor.net\/es\/wp-json\/wp\/v2\/comments?post=14125"}],"wp:featuredmedia":[{"embeddable":true,"href":"https:\/\/www.leili-motor.net\/es\/wp-json\/wp\/v2\/media\/13880"}],"wp:attachment":[{"href":"https:\/\/www.leili-motor.net\/es\/wp-json\/wp\/v2\/media?parent=14125"}],"wp:term":[{"taxonomy":"product_brand","embeddable":true,"href":"https:\/\/www.leili-motor.net\/es\/wp-json\/wp\/v2\/product_brand?post=14125"},{"taxonomy":"product_cat","embeddable":true,"href":"https:\/\/www.leili-motor.net\/es\/wp-json\/wp\/v2\/product_cat?post=14125"},{"taxonomy":"product_tag","embeddable":true,"href":"https:\/\/www.leili-motor.net\/es\/wp-json\/wp\/v2\/product_tag?post=14125"}],"curies":[{"name":"wp","href":"https:\/\/api.w.org\/{rel}","templated":true}]}}