{"id":6735,"date":"2025-03-06T14:54:16","date_gmt":"2025-03-06T06:54:16","guid":{"rendered":"https:\/\/www.leili-motor.net\/25zyj1-1-conjunto-de-transmision-por-engranajes\/"},"modified":"2025-04-22T13:30:42","modified_gmt":"2025-04-22T05:30:42","slug":"25zyj1-1-conjunto-de-transmision-por-engranajes","status":"publish","type":"product","link":"https:\/\/www.leili-motor.net\/es\/25zyj1-1-conjunto-de-transmision-por-engranajes.html","title":{"rendered":"25ZYJ1-1 Conjunto de Transmisi\u00f3n Por Engranajes"},"content":{"rendered":"<h2>Par\u00e1metros del producto<\/h2>\n<table>\n<tbody>\n<tr>\n<td>Voltaje<br \/>\n(VCC)<\/td>\n<td>Voltaje de arranque<br \/>\n(VCC)<\/td>\n<td>Relaci\u00f3n de reducci\u00f3n<\/td>\n<td>Corriente sin carga<br \/>\n(A)<\/td>\n<td>Velocidad sin Carga<br \/>\n(r\/min)<\/td>\n<td>Velocidad Nominal<br \/>\n(r\/min)<\/td>\n<td>Momento Calificado<br \/>\n(N\u00b7m)<\/td>\n<td>Corriente bajo par fijo<br \/>\n(N\u00b7m)<\/td>\n<td>Momento fijo (N\u00b7m)<\/td>\n<td>Corriente de rotor bloqueado<br \/>\n(A)<\/td>\n<td>Par de bloqueo (N\u00b7m)<\/td>\n<td>Resistencia de aislamiento<br \/>\n(m\u03a9)<\/td>\n<td>Rigidez diel\u00e9ctrica del aislamiento<\/td>\n<td>N\u00famero de sala<\/td>\n<td>Ruido<br \/>\n(A)<\/td>\n<\/tr>\n<tr>\n<td>12<\/td>\n<td>\u2264 5<\/td>\n<td>1\/1894.2<\/td>\n<td>\u2264 0.1<\/td>\n<td>2.64\u00b10.34<\/td>\n<td>1.9\u00b10.19<\/td>\n<td>2.5<\/td>\n<td>0.3~0.45<\/td>\n<td>4.5<\/td>\n<td>&lt;1<\/td>\n<td>&gt;7<\/td>\n<td>\u2605\u2265 100<\/td>\n<td>\u2605Sin aver\u00edas ni llamaradas<\/td>\n<td>10~50<\/td>\n<td>\u2264 38<\/td>\n<\/tr>\n<\/tbody>\n<\/table>\n<h2>Dimensi\u00f3n mec\u00e1nica: mm<\/h2>\n<p><img fetchpriority=\"high\" decoding=\"async\" class=\"size-full wp-image-1016 aligncenter\" src=\"https:\/\/www.leili-motor.net\/wp-content\/uploads\/2025\/03\/Mechanical-Dimension-for-Gear-Drive-Assembly-25ZYJ1-1.webp\" alt=\"Dimensiones mec\u00e1nicas del conjunto de transmisi\u00f3n por engranajes 25ZYJ1-1\" width=\"759\" height=\"550\" srcset=\"https:\/\/www.leili-motor.net\/wp-content\/uploads\/2025\/03\/Mechanical-Dimension-for-Gear-Drive-Assembly-25ZYJ1-1.webp 759w, https:\/\/www.leili-motor.net\/wp-content\/uploads\/2025\/03\/Mechanical-Dimension-for-Gear-Drive-Assembly-25ZYJ1-1-300x217.webp 300w, https:\/\/www.leili-motor.net\/wp-content\/uploads\/2025\/03\/Mechanical-Dimension-for-Gear-Drive-Assembly-25ZYJ1-1-600x435.webp 600w\" sizes=\"(max-width: 759px) 100vw, 759px\" \/><\/p>\n<p>&nbsp;<\/p>\n","protected":false},"excerpt":{"rendered":"<h3>Introducci\u00f3n del producto<\/h3>\n<ul>\n<li>El componente de transmisi\u00f3n por engranajes 25ZYJ1-1 se utiliza para girar la pantalla de la campana extractora.<\/li>\n<li>Rendimiento el\u00e9ctrico: 12 V CC nominal, voltaje de arranque \u22645 V CC, corriente sin carga \u22640,1 A, resistencia de aislamiento \u2265100 m\u03a9.<\/li>\n<li>Caracter\u00edsticas mec\u00e1nicas: Relaci\u00f3n de reducci\u00f3n 1\/1894.2, velocidad sin carga 2,64\u00b10,34 r\/min, velocidad nominal 1,9\u00b10,19 r\/min.<\/li>\n<li>Par y durabilidad: momento nominal 2,5 N\u00b7m, momento fijo 4,5 N\u00b7m, par bloqueado &gt;7 N\u00b7m, ruido \u226438 dB.<\/li>\n<\/ul>\n<h3>Aplicaci\u00f3n del producto<\/h3>\n<p>Electrodom\u00e9stico: Campana extractora<\/p>\n","protected":false},"featured_media":5650,"comment_status":"open","ping_status":"closed","template":"","meta":{"site-sidebar-layout":"default","site-content-layout":"","ast-site-content-layout":"default","site-content-style":"default","site-sidebar-style":"default","ast-global-header-display":"","ast-banner-title-visibility":"","ast-main-header-display":"","ast-hfb-above-header-display":"","ast-hfb-below-header-display":"","ast-hfb-mobile-header-display":"","site-post-title":"","ast-breadcrumbs-content":"","ast-featured-img":"","footer-sml-layout":"","theme-transparent-header-meta":"default","adv-header-id-meta":"","stick-header-meta":"","header-above-stick-meta":"","header-main-stick-meta":"","header-below-stick-meta":"","astra-migrate-meta-layouts":"set","ast-page-background-enabled":"default","ast-page-background-meta":{"desktop":{"background-color":"var(--ast-global-color-5)","background-image":"","background-repeat":"repeat","background-position":"center center","background-size":"auto","background-attachment":"scroll","background-type":"","background-media":"","overlay-type":"","overlay-color":"","overlay-opacity":"","overlay-gradient":""},"tablet":{"background-color":"","background-image":"","background-repeat":"repeat","background-position":"center center","background-size":"auto","background-attachment":"scroll","background-type":"","background-media":"","overlay-type":"","overlay-color":"","overlay-opacity":"","overlay-gradient":""},"mobile":{"background-color":"","background-image":"","background-repeat":"repeat","background-position":"center center","background-size":"auto","background-attachment":"scroll","background-type":"","background-media":"","overlay-type":"","overlay-color":"","overlay-opacity":"","overlay-gradient":""}},"ast-content-background-meta":{"desktop":{"background-color":"var(--ast-global-color-4)","background-image":"","background-repeat":"repeat","background-position":"center center","background-size":"auto","background-attachment":"scroll","background-type":"","background-media":"","overlay-type":"","overlay-color":"","overlay-opacity":"","overlay-gradient":""},"tablet":{"background-color":"var(--ast-global-color-4)","background-image":"","background-repeat":"repeat","background-position":"center center","background-size":"auto","background-attachment":"scroll","background-type":"","background-media":"","overlay-type":"","overlay-color":"","overlay-opacity":"","overlay-gradient":""},"mobile":{"background-color":"var(--ast-global-color-4)","background-image":"","background-repeat":"repeat","background-position":"center center","background-size":"auto","background-attachment":"scroll","background-type":"","background-media":"","overlay-type":"","overlay-color":"","overlay-opacity":"","overlay-gradient":""}}},"product_brand":[],"product_cat":[520,521],"product_tag":[522],"class_list":{"0":"post-6735","1":"product","2":"type-product","3":"status-publish","4":"has-post-thumbnail","6":"product_cat-componentes","7":"product_cat-componentes-del-electrodomesticos","8":"product_tag-electrodomesticos-otros-partes","9":"pa_application-electrodomestico","10":"desktop-align-left","11":"tablet-align-left","12":"mobile-align-left","14":"first","15":"instock","16":"shipping-taxable","17":"product-type-simple"},"yoast_head":"<!-- This site is optimized with the Yoast SEO plugin v27.2 - https:\/\/yoast.com\/product\/yoast-seo-wordpress\/ -->\n<title>25ZYJ1-1 Conjunto de Transmisi\u00f3n Por Engranajes &#8211; Leili Motor<\/title>\n<meta name=\"description\" content=\"Nuestro conjunto de transmisi\u00f3n por engranajes 25ZYJ1-1, con clasificaci\u00f3n de 12 V CC, arranque \u22645 V CC, corriente sin carga \u22640,1 A, se usa ampliamente en campanas extractoras.\" \/>\n<meta name=\"robots\" content=\"index, follow, max-snippet:-1, max-image-preview:large, max-video-preview:-1\" \/>\n<link rel=\"canonical\" href=\"https:\/\/www.leili-motor.net\/es\/25zyj1-1-conjunto-de-transmision-por-engranajes.html\" \/>\n<meta name=\"twitter:label1\" content=\"Tiempo de lectura\" \/>\n\t<meta name=\"twitter:data1\" content=\"1 minuto\" \/>\n<script type=\"application\/ld+json\" class=\"yoast-schema-graph\">{\"@context\":\"https:\/\/schema.org\",\"@graph\":[{\"@type\":\"WebPage\",\"@id\":\"https:\/\/www.leili-motor.net\/es\/25zyj1-1-conjunto-de-transmision-por-engranajes.html\",\"url\":\"https:\/\/www.leili-motor.net\/es\/25zyj1-1-conjunto-de-transmision-por-engranajes.html\",\"name\":\"25ZYJ1-1 Conjunto de Transmisi\u00f3n Por Engranajes &#8211; Leili Motor\",\"isPartOf\":{\"@id\":\"https:\/\/www.leili-motor.net\/es\/#website\"},\"primaryImageOfPage\":{\"@id\":\"https:\/\/www.leili-motor.net\/es\/25zyj1-1-conjunto-de-transmision-por-engranajes.html#primaryimage\"},\"image\":{\"@id\":\"https:\/\/www.leili-motor.net\/es\/25zyj1-1-conjunto-de-transmision-por-engranajes.html#primaryimage\"},\"thumbnailUrl\":\"https:\/\/www.leili-motor.net\/wp-content\/uploads\/2025\/03\/Gear-Drive-Assembly-25ZYJ1-1.webp\",\"datePublished\":\"2025-03-06T06:54:16+00:00\",\"dateModified\":\"2025-04-22T05:30:42+00:00\",\"description\":\"Nuestro conjunto de transmisi\u00f3n por engranajes 25ZYJ1-1, con clasificaci\u00f3n de 12 V CC, arranque \u22645 V CC, corriente sin carga \u22640,1 A, se usa ampliamente en campanas extractoras.\",\"breadcrumb\":{\"@id\":\"https:\/\/www.leili-motor.net\/es\/25zyj1-1-conjunto-de-transmision-por-engranajes.html#breadcrumb\"},\"inLanguage\":\"es\",\"potentialAction\":[{\"@type\":\"ReadAction\",\"target\":[\"https:\/\/www.leili-motor.net\/es\/25zyj1-1-conjunto-de-transmision-por-engranajes.html\"]}]},{\"@type\":\"ImageObject\",\"inLanguage\":\"es\",\"@id\":\"https:\/\/www.leili-motor.net\/es\/25zyj1-1-conjunto-de-transmision-por-engranajes.html#primaryimage\",\"url\":\"https:\/\/www.leili-motor.net\/wp-content\/uploads\/2025\/03\/Gear-Drive-Assembly-25ZYJ1-1.webp\",\"contentUrl\":\"https:\/\/www.leili-motor.net\/wp-content\/uploads\/2025\/03\/Gear-Drive-Assembly-25ZYJ1-1.webp\",\"width\":454,\"height\":310,\"caption\":\"Conjunto de transmisi\u00f3n por engranajes 25ZYJ1-1\"},{\"@type\":\"BreadcrumbList\",\"@id\":\"https:\/\/www.leili-motor.net\/es\/25zyj1-1-conjunto-de-transmision-por-engranajes.html#breadcrumb\",\"itemListElement\":[{\"@type\":\"ListItem\",\"position\":1,\"name\":\"Home\",\"item\":\"https:\/\/www.leili-motor.net\/es\/hogar\/\"},{\"@type\":\"ListItem\",\"position\":2,\"name\":\"Productos\",\"item\":\"https:\/\/www.leili-motor.net\/es\/productos\/\"},{\"@type\":\"ListItem\",\"position\":3,\"name\":\"25ZYJ1-1 Conjunto de Transmisi\u00f3n Por Engranajes\"}]},{\"@type\":\"WebSite\",\"@id\":\"https:\/\/www.leili-motor.net\/es\/#website\",\"url\":\"https:\/\/www.leili-motor.net\/es\/\",\"name\":\"Leili Motor\",\"description\":\"\",\"publisher\":{\"@id\":\"https:\/\/www.leili-motor.net\/es\/#organization\"},\"potentialAction\":[{\"@type\":\"SearchAction\",\"target\":{\"@type\":\"EntryPoint\",\"urlTemplate\":\"https:\/\/www.leili-motor.net\/es\/?s={search_term_string}\"},\"query-input\":{\"@type\":\"PropertyValueSpecification\",\"valueRequired\":true,\"valueName\":\"search_term_string\"}}],\"inLanguage\":\"es\"},{\"@type\":\"Organization\",\"@id\":\"https:\/\/www.leili-motor.net\/es\/#organization\",\"name\":\"Leili Motor\",\"url\":\"https:\/\/www.leili-motor.net\/es\/\",\"logo\":{\"@type\":\"ImageObject\",\"inLanguage\":\"es\",\"@id\":\"https:\/\/www.leili-motor.net\/es\/#\/schema\/logo\/image\/\",\"url\":\"https:\/\/www.leili-motor.net\/wp-content\/uploads\/2025\/03\/Leili-Motor.png\",\"contentUrl\":\"https:\/\/www.leili-motor.net\/wp-content\/uploads\/2025\/03\/Leili-Motor.png\",\"width\":600,\"height\":156,\"caption\":\"Leili Motor\"},\"image\":{\"@id\":\"https:\/\/www.leili-motor.net\/es\/#\/schema\/logo\/image\/\"}}]}<\/script>\n<!-- \/ Yoast SEO plugin. -->","yoast_head_json":{"title":"25ZYJ1-1 Conjunto de Transmisi\u00f3n Por Engranajes &#8211; Leili Motor","description":"Nuestro conjunto de transmisi\u00f3n por engranajes 25ZYJ1-1, con clasificaci\u00f3n de 12 V CC, arranque \u22645 V CC, corriente sin carga \u22640,1 A, se usa ampliamente en campanas extractoras.","robots":{"index":"index","follow":"follow","max-snippet":"max-snippet:-1","max-image-preview":"max-image-preview:large","max-video-preview":"max-video-preview:-1"},"canonical":"https:\/\/www.leili-motor.net\/es\/25zyj1-1-conjunto-de-transmision-por-engranajes.html","twitter_misc":{"Tiempo de lectura":"1 minuto"},"schema":{"@context":"https:\/\/schema.org","@graph":[{"@type":"WebPage","@id":"https:\/\/www.leili-motor.net\/es\/25zyj1-1-conjunto-de-transmision-por-engranajes.html","url":"https:\/\/www.leili-motor.net\/es\/25zyj1-1-conjunto-de-transmision-por-engranajes.html","name":"25ZYJ1-1 Conjunto de Transmisi\u00f3n Por Engranajes &#8211; Leili Motor","isPartOf":{"@id":"https:\/\/www.leili-motor.net\/es\/#website"},"primaryImageOfPage":{"@id":"https:\/\/www.leili-motor.net\/es\/25zyj1-1-conjunto-de-transmision-por-engranajes.html#primaryimage"},"image":{"@id":"https:\/\/www.leili-motor.net\/es\/25zyj1-1-conjunto-de-transmision-por-engranajes.html#primaryimage"},"thumbnailUrl":"https:\/\/www.leili-motor.net\/wp-content\/uploads\/2025\/03\/Gear-Drive-Assembly-25ZYJ1-1.webp","datePublished":"2025-03-06T06:54:16+00:00","dateModified":"2025-04-22T05:30:42+00:00","description":"Nuestro conjunto de transmisi\u00f3n por engranajes 25ZYJ1-1, con clasificaci\u00f3n de 12 V CC, arranque \u22645 V CC, corriente sin carga \u22640,1 A, se usa ampliamente en campanas extractoras.","breadcrumb":{"@id":"https:\/\/www.leili-motor.net\/es\/25zyj1-1-conjunto-de-transmision-por-engranajes.html#breadcrumb"},"inLanguage":"es","potentialAction":[{"@type":"ReadAction","target":["https:\/\/www.leili-motor.net\/es\/25zyj1-1-conjunto-de-transmision-por-engranajes.html"]}]},{"@type":"ImageObject","inLanguage":"es","@id":"https:\/\/www.leili-motor.net\/es\/25zyj1-1-conjunto-de-transmision-por-engranajes.html#primaryimage","url":"https:\/\/www.leili-motor.net\/wp-content\/uploads\/2025\/03\/Gear-Drive-Assembly-25ZYJ1-1.webp","contentUrl":"https:\/\/www.leili-motor.net\/wp-content\/uploads\/2025\/03\/Gear-Drive-Assembly-25ZYJ1-1.webp","width":454,"height":310,"caption":"Conjunto de transmisi\u00f3n por engranajes 25ZYJ1-1"},{"@type":"BreadcrumbList","@id":"https:\/\/www.leili-motor.net\/es\/25zyj1-1-conjunto-de-transmision-por-engranajes.html#breadcrumb","itemListElement":[{"@type":"ListItem","position":1,"name":"Home","item":"https:\/\/www.leili-motor.net\/es\/hogar\/"},{"@type":"ListItem","position":2,"name":"Productos","item":"https:\/\/www.leili-motor.net\/es\/productos\/"},{"@type":"ListItem","position":3,"name":"25ZYJ1-1 Conjunto de Transmisi\u00f3n Por Engranajes"}]},{"@type":"WebSite","@id":"https:\/\/www.leili-motor.net\/es\/#website","url":"https:\/\/www.leili-motor.net\/es\/","name":"Leili Motor","description":"","publisher":{"@id":"https:\/\/www.leili-motor.net\/es\/#organization"},"potentialAction":[{"@type":"SearchAction","target":{"@type":"EntryPoint","urlTemplate":"https:\/\/www.leili-motor.net\/es\/?s={search_term_string}"},"query-input":{"@type":"PropertyValueSpecification","valueRequired":true,"valueName":"search_term_string"}}],"inLanguage":"es"},{"@type":"Organization","@id":"https:\/\/www.leili-motor.net\/es\/#organization","name":"Leili Motor","url":"https:\/\/www.leili-motor.net\/es\/","logo":{"@type":"ImageObject","inLanguage":"es","@id":"https:\/\/www.leili-motor.net\/es\/#\/schema\/logo\/image\/","url":"https:\/\/www.leili-motor.net\/wp-content\/uploads\/2025\/03\/Leili-Motor.png","contentUrl":"https:\/\/www.leili-motor.net\/wp-content\/uploads\/2025\/03\/Leili-Motor.png","width":600,"height":156,"caption":"Leili Motor"},"image":{"@id":"https:\/\/www.leili-motor.net\/es\/#\/schema\/logo\/image\/"}}]}},"_links":{"self":[{"href":"https:\/\/www.leili-motor.net\/es\/wp-json\/wp\/v2\/product\/6735","targetHints":{"allow":["GET"]}}],"collection":[{"href":"https:\/\/www.leili-motor.net\/es\/wp-json\/wp\/v2\/product"}],"about":[{"href":"https:\/\/www.leili-motor.net\/es\/wp-json\/wp\/v2\/types\/product"}],"replies":[{"embeddable":true,"href":"https:\/\/www.leili-motor.net\/es\/wp-json\/wp\/v2\/comments?post=6735"}],"wp:featuredmedia":[{"embeddable":true,"href":"https:\/\/www.leili-motor.net\/es\/wp-json\/wp\/v2\/media\/5650"}],"wp:attachment":[{"href":"https:\/\/www.leili-motor.net\/es\/wp-json\/wp\/v2\/media?parent=6735"}],"wp:term":[{"taxonomy":"product_brand","embeddable":true,"href":"https:\/\/www.leili-motor.net\/es\/wp-json\/wp\/v2\/product_brand?post=6735"},{"taxonomy":"product_cat","embeddable":true,"href":"https:\/\/www.leili-motor.net\/es\/wp-json\/wp\/v2\/product_cat?post=6735"},{"taxonomy":"product_tag","embeddable":true,"href":"https:\/\/www.leili-motor.net\/es\/wp-json\/wp\/v2\/product_tag?post=6735"}],"curies":[{"name":"wp","href":"https:\/\/api.w.org\/{rel}","templated":true}]}}