{"id":6739,"date":"2025-03-13T17:58:29","date_gmt":"2025-03-13T09:58:29","guid":{"rendered":"https:\/\/www.leili-motor.net\/zxyb-motor-lineal-de-hierro-plano-con-nucleo\/"},"modified":"2025-04-22T11:29:07","modified_gmt":"2025-04-22T03:29:07","slug":"zxyb-motor-lineal-de-hierro-plano-con-nucleo","status":"publish","type":"product","link":"https:\/\/www.leili-motor.net\/es\/zxyb-motor-lineal-de-hierro-plano-con-nucleo.html","title":{"rendered":"ZXYB Motor Lineal de Hierro Plano Con N\u00facleo"},"content":{"rendered":"<h2>Par\u00e1metros del producto<\/h2>\n<table>\n<tbody>\n<tr>\n<td>Modelo<\/td>\n<td>ZXYB60-01<\/td>\n<td>ZXYB60-02<\/td>\n<td>ZXYB80-01<\/td>\n<td>ZXYB80-02<\/td>\n<\/tr>\n<tr>\n<td>Empuje M\u00e1ximo(N)<\/td>\n<td>285<\/td>\n<td>524<\/td>\n<td>880<\/td>\n<td>1250<\/td>\n<\/tr>\n<tr>\n<td>Empuje Continuo (N)<\/td>\n<td>70<\/td>\n<td>131<\/td>\n<td>200<\/td>\n<td>365<\/td>\n<\/tr>\n<tr>\n<td>Constante del motor (N\/ \u221a W)<\/td>\n<td>13,8<\/td>\n<td>17,4<\/td>\n<td>28,4<\/td>\n<td>40,6<\/td>\n<\/tr>\n<tr>\n<td>Corriente pico (A)<\/td>\n<td>9,5<\/td>\n<td>9,7<\/td>\n<td>10,1<\/td>\n<td>6,2<\/td>\n<\/tr>\n<tr>\n<td>Corriente continua (A)<\/td>\n<td>2,7<\/td>\n<td>2,4<\/td>\n<td>2,2<\/td>\n<td>1,8<\/td>\n<\/tr>\n<tr>\n<td>Constante de empuje (N\/A)<\/td>\n<td>31,1<\/td>\n<td>54,1<\/td>\n<td>94,9<\/td>\n<td>207,8<\/td>\n<\/tr>\n<tr>\n<td>Fuerza contraelectromotriz (V\/(m\/s))<\/td>\n<td>18<\/td>\n<td>31,2<\/td>\n<td>55,1<\/td>\n<td>120<\/td>\n<\/tr>\n<tr>\n<td>Resistencia (\u03a9) a 25\u00b0 C (Ohmios)<\/td>\n<td>3,4<\/td>\n<td>5,2<\/td>\n<td>7,5<\/td>\n<td>17,5<\/td>\n<\/tr>\n<tr>\n<td>Inductancia (mH)<\/td>\n<td>16,7<\/td>\n<td>34,5<\/td>\n<td>38<\/td>\n<td>160<\/td>\n<\/tr>\n<tr>\n<td>Constante de tiempo el\u00e9ctrica (ms)<\/td>\n<td>4,9<\/td>\n<td>4,7<\/td>\n<td>5,1<\/td>\n<td>9,5<\/td>\n<\/tr>\n<tr>\n<td>Temperatura del bobinado (\u00b0 C)<\/td>\n<td>130<\/td>\n<td>130<\/td>\n<td>130<\/td>\n<td>130<\/td>\n<\/tr>\n<tr>\n<td>Peso del m\u00f3vil (bobina) (Kg)<\/td>\n<td>0,72<\/td>\n<td>1,3<\/td>\n<td>1,9<\/td>\n<td>4,3<\/td>\n<\/tr>\n<tr>\n<td>Peso de la pista (pista magn\u00e9tica) (Kg\/m)<\/td>\n<td>3,6<\/td>\n<td>3,6<\/td>\n<td>6,4<\/td>\n<td>6,4<\/td>\n<\/tr>\n<tr>\n<td>Succi\u00f3n electromagn\u00e9tica (N)<\/td>\n<td>630<\/td>\n<td>1050<\/td>\n<td>1800<\/td>\n<td>2600<\/td>\n<\/tr>\n<tr>\n<td>Espacio de instalaci\u00f3n (mm)<\/td>\n<td>0,85<\/td>\n<td>0,85<\/td>\n<td>0,9<\/td>\n<td>0,9<\/td>\n<\/tr>\n<tr>\n<td>Distancia polar (mm)<\/td>\n<td>32<\/td>\n<td>32<\/td>\n<td>32<\/td>\n<td>32<\/td>\n<\/tr>\n<tr>\n<td>Longitud est\u00e1ndar del est\u00e1tor (mm)<\/td>\n<td>128<\/td>\n<td>256<\/td>\n<td>128<\/td>\n<td>256<\/td>\n<\/tr>\n<tr>\n<td>Longitud est\u00e1ndar del est\u00e1tor (mm)<\/td>\n<td>1060<\/td>\n<td>1060<\/td>\n<td>1280<\/td>\n<td>1280<\/td>\n<\/tr>\n<\/tbody>\n<\/table>\n<h2>Dimensiones mec\u00e1nicas: mm<\/h2>\n<p><img fetchpriority=\"high\" decoding=\"async\" class=\"size-full wp-image-2893 aligncenter\" src=\"https:\/\/www.leili-motor.net\/wp-content\/uploads\/2025\/03\/Mechanical-Dimensions-for-Flat-iron-Linear-Motor-With-Core-ZXYB.webp\" alt=\"Dimensiones mec\u00e1nicas del motor lineal de hierro plano con n\u00facleo ZXYB\" width=\"759\" height=\"459\" srcset=\"https:\/\/www.leili-motor.net\/wp-content\/uploads\/2025\/03\/Mechanical-Dimensions-for-Flat-iron-Linear-Motor-With-Core-ZXYB.webp 759w, https:\/\/www.leili-motor.net\/wp-content\/uploads\/2025\/03\/Mechanical-Dimensions-for-Flat-iron-Linear-Motor-With-Core-ZXYB-300x181.webp 300w, https:\/\/www.leili-motor.net\/wp-content\/uploads\/2025\/03\/Mechanical-Dimensions-for-Flat-iron-Linear-Motor-With-Core-ZXYB-600x363.webp 600w\" sizes=\"(max-width: 759px) 100vw, 759px\" \/><\/p>\n","protected":false},"excerpt":{"rendered":"<h3>Introducci\u00f3n del producto<\/h3>\n<ul>\n<li>Motor lineal de hierro plano con n\u00facleo ZXYB<\/li>\n<li>Modelo: ZXYB60-01, ZXYB60-02, ZXYB80-01, ZXYB80-02<\/li>\n<li>Distancia polar: 32 mm, optimizando el espaciamiento entre polos para un funcionamiento eficiente.<\/li>\n<li>Temperatura del bobinado: 130 \u00b0C, lo que indica una alta tolerancia t\u00e9rmica para una mayor vida \u00fatil del motor.<\/li>\n<\/ul>\n<h3>Aplicaci\u00f3n del producto<\/h3>\n<ul>\n<li>Salud deportiva: dispositivos m\u00e9dicos<\/li>\n<\/ul>\n","protected":false},"featured_media":2891,"comment_status":"open","ping_status":"closed","template":"","meta":{"site-sidebar-layout":"default","site-content-layout":"","ast-site-content-layout":"default","site-content-style":"default","site-sidebar-style":"default","ast-global-header-display":"","ast-banner-title-visibility":"","ast-main-header-display":"","ast-hfb-above-header-display":"","ast-hfb-below-header-display":"","ast-hfb-mobile-header-display":"","site-post-title":"","ast-breadcrumbs-content":"","ast-featured-img":"","footer-sml-layout":"","theme-transparent-header-meta":"default","adv-header-id-meta":"","stick-header-meta":"","header-above-stick-meta":"","header-main-stick-meta":"","header-below-stick-meta":"","astra-migrate-meta-layouts":"default","ast-page-background-enabled":"default","ast-page-background-meta":{"desktop":{"background-color":"var(--ast-global-color-5)","background-image":"","background-repeat":"repeat","background-position":"center center","background-size":"auto","background-attachment":"scroll","background-type":"","background-media":"","overlay-type":"","overlay-color":"","overlay-opacity":"","overlay-gradient":""},"tablet":{"background-color":"","background-image":"","background-repeat":"repeat","background-position":"center center","background-size":"auto","background-attachment":"scroll","background-type":"","background-media":"","overlay-type":"","overlay-color":"","overlay-opacity":"","overlay-gradient":""},"mobile":{"background-color":"","background-image":"","background-repeat":"repeat","background-position":"center center","background-size":"auto","background-attachment":"scroll","background-type":"","background-media":"","overlay-type":"","overlay-color":"","overlay-opacity":"","overlay-gradient":""}},"ast-content-background-meta":{"desktop":{"background-color":"var(--ast-global-color-4)","background-image":"","background-repeat":"repeat","background-position":"center center","background-size":"auto","background-attachment":"scroll","background-type":"","background-media":"","overlay-type":"","overlay-color":"","overlay-opacity":"","overlay-gradient":""},"tablet":{"background-color":"var(--ast-global-color-4)","background-image":"","background-repeat":"repeat","background-position":"center center","background-size":"auto","background-attachment":"scroll","background-type":"","background-media":"","overlay-type":"","overlay-color":"","overlay-opacity":"","overlay-gradient":""},"mobile":{"background-color":"var(--ast-global-color-4)","background-image":"","background-repeat":"repeat","background-position":"center center","background-size":"auto","background-attachment":"scroll","background-type":"","background-media":"","overlay-type":"","overlay-color":"","overlay-opacity":"","overlay-gradient":""}}},"product_brand":[],"product_cat":[520,523],"product_tag":[],"class_list":{"0":"post-6739","1":"product","2":"type-product","3":"status-publish","4":"has-post-thumbnail","6":"product_cat-componentes","7":"product_cat-componentes-deportivos-y-de-fitness","8":"pa_application-salud-deportiva","9":"desktop-align-left","10":"tablet-align-left","11":"mobile-align-left","13":"first","14":"instock","15":"shipping-taxable","16":"product-type-simple"},"yoast_head":"<!-- This site is optimized with the Yoast SEO plugin v27.2 - https:\/\/yoast.com\/product\/yoast-seo-wordpress\/ -->\n<title>ZXYB Motor Lineal de Hierro Plano Con N\u00facleo &#8211; Leili Motor<\/title>\n<meta name=\"description\" content=\"El motor lineal de hierro plano con n\u00facleo de estator ZXYB tiene una longitud est\u00e1ndar de 128 mm, proporcionando la longitud necesaria para una correcta instalaci\u00f3n, con una opci\u00f3n de 256 mm para configuraciones espec\u00edficas.\" \/>\n<meta name=\"robots\" content=\"index, follow, max-snippet:-1, max-image-preview:large, max-video-preview:-1\" \/>\n<link rel=\"canonical\" href=\"https:\/\/www.leili-motor.net\/es\/zxyb-motor-lineal-de-hierro-plano-con-nucleo.html\" \/>\n<meta name=\"twitter:label1\" content=\"Tiempo de lectura\" \/>\n\t<meta name=\"twitter:data1\" content=\"1 minuto\" \/>\n<script type=\"application\/ld+json\" class=\"yoast-schema-graph\">{\"@context\":\"https:\/\/schema.org\",\"@graph\":[{\"@type\":\"WebPage\",\"@id\":\"https:\/\/www.leili-motor.net\/es\/zxyb-motor-lineal-de-hierro-plano-con-nucleo.html\",\"url\":\"https:\/\/www.leili-motor.net\/es\/zxyb-motor-lineal-de-hierro-plano-con-nucleo.html\",\"name\":\"ZXYB Motor Lineal de Hierro Plano Con N\u00facleo &#8211; Leili Motor\",\"isPartOf\":{\"@id\":\"https:\/\/www.leili-motor.net\/es\/#website\"},\"primaryImageOfPage\":{\"@id\":\"https:\/\/www.leili-motor.net\/es\/zxyb-motor-lineal-de-hierro-plano-con-nucleo.html#primaryimage\"},\"image\":{\"@id\":\"https:\/\/www.leili-motor.net\/es\/zxyb-motor-lineal-de-hierro-plano-con-nucleo.html#primaryimage\"},\"thumbnailUrl\":\"https:\/\/www.leili-motor.net\/wp-content\/uploads\/2025\/03\/Flat-iron-Linear-Motor-With-Core-ZXYB.webp\",\"datePublished\":\"2025-03-13T09:58:29+00:00\",\"dateModified\":\"2025-04-22T03:29:07+00:00\",\"description\":\"El motor lineal de hierro plano con n\u00facleo de estator ZXYB tiene una longitud est\u00e1ndar de 128 mm, proporcionando la longitud necesaria para una correcta instalaci\u00f3n, con una opci\u00f3n de 256 mm para configuraciones espec\u00edficas.\",\"breadcrumb\":{\"@id\":\"https:\/\/www.leili-motor.net\/es\/zxyb-motor-lineal-de-hierro-plano-con-nucleo.html#breadcrumb\"},\"inLanguage\":\"es\",\"potentialAction\":[{\"@type\":\"ReadAction\",\"target\":[\"https:\/\/www.leili-motor.net\/es\/zxyb-motor-lineal-de-hierro-plano-con-nucleo.html\"]}]},{\"@type\":\"ImageObject\",\"inLanguage\":\"es\",\"@id\":\"https:\/\/www.leili-motor.net\/es\/zxyb-motor-lineal-de-hierro-plano-con-nucleo.html#primaryimage\",\"url\":\"https:\/\/www.leili-motor.net\/wp-content\/uploads\/2025\/03\/Flat-iron-Linear-Motor-With-Core-ZXYB.webp\",\"contentUrl\":\"https:\/\/www.leili-motor.net\/wp-content\/uploads\/2025\/03\/Flat-iron-Linear-Motor-With-Core-ZXYB.webp\",\"width\":454,\"height\":310,\"caption\":\"Flat iron Linear Motor With Core ZXYB\"},{\"@type\":\"BreadcrumbList\",\"@id\":\"https:\/\/www.leili-motor.net\/es\/zxyb-motor-lineal-de-hierro-plano-con-nucleo.html#breadcrumb\",\"itemListElement\":[{\"@type\":\"ListItem\",\"position\":1,\"name\":\"Home\",\"item\":\"https:\/\/www.leili-motor.net\/es\/hogar\/\"},{\"@type\":\"ListItem\",\"position\":2,\"name\":\"Productos\",\"item\":\"https:\/\/www.leili-motor.net\/es\/productos\/\"},{\"@type\":\"ListItem\",\"position\":3,\"name\":\"ZXYB Motor Lineal de Hierro Plano Con N\u00facleo\"}]},{\"@type\":\"WebSite\",\"@id\":\"https:\/\/www.leili-motor.net\/es\/#website\",\"url\":\"https:\/\/www.leili-motor.net\/es\/\",\"name\":\"Leili Motor\",\"description\":\"\",\"publisher\":{\"@id\":\"https:\/\/www.leili-motor.net\/es\/#organization\"},\"potentialAction\":[{\"@type\":\"SearchAction\",\"target\":{\"@type\":\"EntryPoint\",\"urlTemplate\":\"https:\/\/www.leili-motor.net\/es\/?s={search_term_string}\"},\"query-input\":{\"@type\":\"PropertyValueSpecification\",\"valueRequired\":true,\"valueName\":\"search_term_string\"}}],\"inLanguage\":\"es\"},{\"@type\":\"Organization\",\"@id\":\"https:\/\/www.leili-motor.net\/es\/#organization\",\"name\":\"Leili Motor\",\"url\":\"https:\/\/www.leili-motor.net\/es\/\",\"logo\":{\"@type\":\"ImageObject\",\"inLanguage\":\"es\",\"@id\":\"https:\/\/www.leili-motor.net\/es\/#\/schema\/logo\/image\/\",\"url\":\"https:\/\/www.leili-motor.net\/wp-content\/uploads\/2025\/03\/Leili-Motor.png\",\"contentUrl\":\"https:\/\/www.leili-motor.net\/wp-content\/uploads\/2025\/03\/Leili-Motor.png\",\"width\":600,\"height\":156,\"caption\":\"Leili Motor\"},\"image\":{\"@id\":\"https:\/\/www.leili-motor.net\/es\/#\/schema\/logo\/image\/\"}}]}<\/script>\n<!-- \/ Yoast SEO plugin. -->","yoast_head_json":{"title":"ZXYB Motor Lineal de Hierro Plano Con N\u00facleo &#8211; Leili Motor","description":"El motor lineal de hierro plano con n\u00facleo de estator ZXYB tiene una longitud est\u00e1ndar de 128 mm, proporcionando la longitud necesaria para una correcta instalaci\u00f3n, con una opci\u00f3n de 256 mm para configuraciones espec\u00edficas.","robots":{"index":"index","follow":"follow","max-snippet":"max-snippet:-1","max-image-preview":"max-image-preview:large","max-video-preview":"max-video-preview:-1"},"canonical":"https:\/\/www.leili-motor.net\/es\/zxyb-motor-lineal-de-hierro-plano-con-nucleo.html","twitter_misc":{"Tiempo de lectura":"1 minuto"},"schema":{"@context":"https:\/\/schema.org","@graph":[{"@type":"WebPage","@id":"https:\/\/www.leili-motor.net\/es\/zxyb-motor-lineal-de-hierro-plano-con-nucleo.html","url":"https:\/\/www.leili-motor.net\/es\/zxyb-motor-lineal-de-hierro-plano-con-nucleo.html","name":"ZXYB Motor Lineal de Hierro Plano Con N\u00facleo &#8211; Leili Motor","isPartOf":{"@id":"https:\/\/www.leili-motor.net\/es\/#website"},"primaryImageOfPage":{"@id":"https:\/\/www.leili-motor.net\/es\/zxyb-motor-lineal-de-hierro-plano-con-nucleo.html#primaryimage"},"image":{"@id":"https:\/\/www.leili-motor.net\/es\/zxyb-motor-lineal-de-hierro-plano-con-nucleo.html#primaryimage"},"thumbnailUrl":"https:\/\/www.leili-motor.net\/wp-content\/uploads\/2025\/03\/Flat-iron-Linear-Motor-With-Core-ZXYB.webp","datePublished":"2025-03-13T09:58:29+00:00","dateModified":"2025-04-22T03:29:07+00:00","description":"El motor lineal de hierro plano con n\u00facleo de estator ZXYB tiene una longitud est\u00e1ndar de 128 mm, proporcionando la longitud necesaria para una correcta instalaci\u00f3n, con una opci\u00f3n de 256 mm para configuraciones espec\u00edficas.","breadcrumb":{"@id":"https:\/\/www.leili-motor.net\/es\/zxyb-motor-lineal-de-hierro-plano-con-nucleo.html#breadcrumb"},"inLanguage":"es","potentialAction":[{"@type":"ReadAction","target":["https:\/\/www.leili-motor.net\/es\/zxyb-motor-lineal-de-hierro-plano-con-nucleo.html"]}]},{"@type":"ImageObject","inLanguage":"es","@id":"https:\/\/www.leili-motor.net\/es\/zxyb-motor-lineal-de-hierro-plano-con-nucleo.html#primaryimage","url":"https:\/\/www.leili-motor.net\/wp-content\/uploads\/2025\/03\/Flat-iron-Linear-Motor-With-Core-ZXYB.webp","contentUrl":"https:\/\/www.leili-motor.net\/wp-content\/uploads\/2025\/03\/Flat-iron-Linear-Motor-With-Core-ZXYB.webp","width":454,"height":310,"caption":"Flat iron Linear Motor With Core ZXYB"},{"@type":"BreadcrumbList","@id":"https:\/\/www.leili-motor.net\/es\/zxyb-motor-lineal-de-hierro-plano-con-nucleo.html#breadcrumb","itemListElement":[{"@type":"ListItem","position":1,"name":"Home","item":"https:\/\/www.leili-motor.net\/es\/hogar\/"},{"@type":"ListItem","position":2,"name":"Productos","item":"https:\/\/www.leili-motor.net\/es\/productos\/"},{"@type":"ListItem","position":3,"name":"ZXYB Motor Lineal de Hierro Plano Con N\u00facleo"}]},{"@type":"WebSite","@id":"https:\/\/www.leili-motor.net\/es\/#website","url":"https:\/\/www.leili-motor.net\/es\/","name":"Leili Motor","description":"","publisher":{"@id":"https:\/\/www.leili-motor.net\/es\/#organization"},"potentialAction":[{"@type":"SearchAction","target":{"@type":"EntryPoint","urlTemplate":"https:\/\/www.leili-motor.net\/es\/?s={search_term_string}"},"query-input":{"@type":"PropertyValueSpecification","valueRequired":true,"valueName":"search_term_string"}}],"inLanguage":"es"},{"@type":"Organization","@id":"https:\/\/www.leili-motor.net\/es\/#organization","name":"Leili Motor","url":"https:\/\/www.leili-motor.net\/es\/","logo":{"@type":"ImageObject","inLanguage":"es","@id":"https:\/\/www.leili-motor.net\/es\/#\/schema\/logo\/image\/","url":"https:\/\/www.leili-motor.net\/wp-content\/uploads\/2025\/03\/Leili-Motor.png","contentUrl":"https:\/\/www.leili-motor.net\/wp-content\/uploads\/2025\/03\/Leili-Motor.png","width":600,"height":156,"caption":"Leili Motor"},"image":{"@id":"https:\/\/www.leili-motor.net\/es\/#\/schema\/logo\/image\/"}}]}},"_links":{"self":[{"href":"https:\/\/www.leili-motor.net\/es\/wp-json\/wp\/v2\/product\/6739","targetHints":{"allow":["GET"]}}],"collection":[{"href":"https:\/\/www.leili-motor.net\/es\/wp-json\/wp\/v2\/product"}],"about":[{"href":"https:\/\/www.leili-motor.net\/es\/wp-json\/wp\/v2\/types\/product"}],"replies":[{"embeddable":true,"href":"https:\/\/www.leili-motor.net\/es\/wp-json\/wp\/v2\/comments?post=6739"}],"wp:featuredmedia":[{"embeddable":true,"href":"https:\/\/www.leili-motor.net\/es\/wp-json\/wp\/v2\/media\/2891"}],"wp:attachment":[{"href":"https:\/\/www.leili-motor.net\/es\/wp-json\/wp\/v2\/media?parent=6739"}],"wp:term":[{"taxonomy":"product_brand","embeddable":true,"href":"https:\/\/www.leili-motor.net\/es\/wp-json\/wp\/v2\/product_brand?post=6739"},{"taxonomy":"product_cat","embeddable":true,"href":"https:\/\/www.leili-motor.net\/es\/wp-json\/wp\/v2\/product_cat?post=6739"},{"taxonomy":"product_tag","embeddable":true,"href":"https:\/\/www.leili-motor.net\/es\/wp-json\/wp\/v2\/product_tag?post=6739"}],"curies":[{"name":"wp","href":"https:\/\/api.w.org\/{rel}","templated":true}]}}