{"id":6761,"date":"2025-03-05T17:50:52","date_gmt":"2025-03-05T09:50:52","guid":{"rendered":"https:\/\/www.leili-motor.net\/24byj48-ventilacion-amortiguadores-electricos-para-automoviles\/"},"modified":"2025-04-22T17:00:39","modified_gmt":"2025-04-22T09:00:39","slug":"24byj48-ventilacion-amortiguadores-electricos-para-automoviles","status":"publish","type":"product","link":"https:\/\/www.leili-motor.net\/es\/24byj48-ventilacion-amortiguadores-electricos-para-automoviles.html","title":{"rendered":"24BYJ48 Ventilaci\u00f3n\/Amortiguadores El\u00e9ctricos Para Autom\u00f3viles"},"content":{"rendered":"<h2>Par\u00e1metros del producto<\/h2>\n<table>\n<tbody>\n<tr>\n<td>Voltaje<br \/>\n(VCC)<\/td>\n<td>Resistencia \u03a9\/ fase Suelo 7% (25\u2103)<\/td>\n<td>\u00c1ngulo de paso del eje de salida<\/td>\n<td>Relaci\u00f3n de reducci\u00f3n<\/td>\n<td>Par de arranque 100pps<br \/>\n(mN\u2022m)<\/td>\n<td>Autoposicionamiento<br \/>\nEsfuerzo de torsi\u00f3n<br \/>\nmN\u2022m<\/td>\n<td>Frecuencia de arranque sin carga<br \/>\n(pps)<\/td>\n<td>Frecuencia de desacoplamiento sin carga (pps)<\/td>\n<td>\u2605Resistencia de aislamiento DC500V<br \/>\n(MQ)<\/td>\n<td>Aumento de la temperatura<br \/>\n(K)<\/td>\n<td>\u2605 Rigidez diel\u00e9ctrica del aislamiento CA 600 V,<br \/>\n1 mA, 1 s<\/td>\n<td>Ruido<br \/>\ndB(A)<\/td>\n<\/tr>\n<tr>\n<td>12<\/td>\n<td>200<\/td>\n<td>11.25\u00b0 \/64<\/td>\n<td>1\/64<\/td>\n<td>\u2265 58.8<\/td>\n<td>\u2264 19.6<\/td>\n<td>\u2265 400<\/td>\n<td>\u2265 500<\/td>\n<td>\u2265 100<\/td>\n<td>\u2264 45<\/td>\n<td>No breakdown or flare<\/td>\n<td>\u2264 35<\/td>\n<\/tr>\n<\/tbody>\n<\/table>\n<h2>Dimensi\u00f3n mec\u00e1nica: mm<\/h2>\n<p><img fetchpriority=\"high\" decoding=\"async\" class=\"size-full wp-image-632 aligncenter\" src=\"https:\/\/www.leili-motor.net\/wp-content\/uploads\/2025\/03\/Mechanical-dimension-of-Automotive-Electric-Air-VentsDampers-24BYJ48.png\" alt=\"Dimensiones mec\u00e1nicas de los respiraderos el\u00e9ctricos automotrices 24BYJ48\" width=\"756\" height=\"482\" srcset=\"https:\/\/www.leili-motor.net\/wp-content\/uploads\/2025\/03\/Mechanical-dimension-of-Automotive-Electric-Air-VentsDampers-24BYJ48.png 756w, https:\/\/www.leili-motor.net\/wp-content\/uploads\/2025\/03\/Mechanical-dimension-of-Automotive-Electric-Air-VentsDampers-24BYJ48-300x191.png 300w, https:\/\/www.leili-motor.net\/wp-content\/uploads\/2025\/03\/Mechanical-dimension-of-Automotive-Electric-Air-VentsDampers-24BYJ48-600x383.png 600w\" sizes=\"(max-width: 756px) 100vw, 756px\" \/><\/p>\n","protected":false},"excerpt":{"rendered":"<h3>Introducci\u00f3n del producto<\/h3>\n<ul>\n<li>Modelo: 24BYJ48<\/li>\n<li>El motor paso a paso con engranaje de 12 V presenta un \u00e1ngulo de paso de 11,25\u00b0 y una relaci\u00f3n de reducci\u00f3n de 1\/64, lo que garantiza un control de movimiento preciso.<\/li>\n<li>Con un par de tracci\u00f3n de \u226558,8 mN\u00b7m y un funcionamiento con bajo nivel de ruido (\u226435 dB), ofrece un rendimiento estable y eficiente.<\/li>\n<\/ul>\n<h3>Aplicaci\u00f3n del producto<\/h3>\n<ul>\n<li>Ventilaciones de aire motorizadas, compuertas de aire acondicionado<\/li>\n<\/ul>\n","protected":false},"featured_media":5528,"comment_status":"open","ping_status":"closed","template":"","meta":{"site-sidebar-layout":"default","site-content-layout":"","ast-site-content-layout":"default","site-content-style":"default","site-sidebar-style":"default","ast-global-header-display":"","ast-banner-title-visibility":"","ast-main-header-display":"","ast-hfb-above-header-display":"","ast-hfb-below-header-display":"","ast-hfb-mobile-header-display":"","site-post-title":"","ast-breadcrumbs-content":"","ast-featured-img":"","footer-sml-layout":"","theme-transparent-header-meta":"default","adv-header-id-meta":"","stick-header-meta":"","header-above-stick-meta":"","header-main-stick-meta":"","header-below-stick-meta":"","astra-migrate-meta-layouts":"set","ast-page-background-enabled":"default","ast-page-background-meta":{"desktop":{"background-color":"var(--ast-global-color-5)","background-image":"","background-repeat":"repeat","background-position":"center center","background-size":"auto","background-attachment":"scroll","background-type":"","background-media":"","overlay-type":"","overlay-color":"","overlay-opacity":"","overlay-gradient":""},"tablet":{"background-color":"","background-image":"","background-repeat":"repeat","background-position":"center center","background-size":"auto","background-attachment":"scroll","background-type":"","background-media":"","overlay-type":"","overlay-color":"","overlay-opacity":"","overlay-gradient":""},"mobile":{"background-color":"","background-image":"","background-repeat":"repeat","background-position":"center center","background-size":"auto","background-attachment":"scroll","background-type":"","background-media":"","overlay-type":"","overlay-color":"","overlay-opacity":"","overlay-gradient":""}},"ast-content-background-meta":{"desktop":{"background-color":"var(--ast-global-color-4)","background-image":"","background-repeat":"repeat","background-position":"center center","background-size":"auto","background-attachment":"scroll","background-type":"","background-media":"","overlay-type":"","overlay-color":"","overlay-opacity":"","overlay-gradient":""},"tablet":{"background-color":"var(--ast-global-color-4)","background-image":"","background-repeat":"repeat","background-position":"center center","background-size":"auto","background-attachment":"scroll","background-type":"","background-media":"","overlay-type":"","overlay-color":"","overlay-opacity":"","overlay-gradient":""},"mobile":{"background-color":"var(--ast-global-color-4)","background-image":"","background-repeat":"repeat","background-position":"center center","background-size":"auto","background-attachment":"scroll","background-type":"","background-media":"","overlay-type":"","overlay-color":"","overlay-opacity":"","overlay-gradient":""}}},"product_brand":[],"product_cat":[538,539],"product_tag":[542,543],"class_list":{"0":"post-6761","1":"product","2":"type-product","3":"status-publish","4":"has-post-thumbnail","6":"product_cat-categoria-de-motor-paso-a-paso","7":"product_cat-motores-paso-a-paso-con-engranajes","8":"product_tag-aire-acondicionado-compuerta-de-aire-acondicionado","9":"product_tag-aire-acondicionado-salida-de-aire-electrica","10":"pa_application-autopartes","11":"pa_geared-resistance-101-200-es","12":"desktop-align-left","13":"tablet-align-left","14":"mobile-align-left","16":"first","17":"instock","18":"shipping-taxable","19":"product-type-simple"},"yoast_head":"<!-- This site is optimized with the Yoast SEO plugin v27.2 - https:\/\/yoast.com\/product\/yoast-seo-wordpress\/ -->\n<title>Ventilaciones\/Amortiguadores El\u00e9ctricos Automotrices 24BYJ48 &#8211; Leili Motor<\/title>\n<meta name=\"description\" content=\"Motor paso a paso con engranajes de 12 V con \u00e1ngulo de paso de 11,25\u00b0, relaci\u00f3n de reducci\u00f3n de 1\/64, alto par, bajo nivel de ruido y rendimiento de aislamiento confiable.\" \/>\n<meta name=\"robots\" content=\"index, follow, max-snippet:-1, max-image-preview:large, max-video-preview:-1\" \/>\n<link rel=\"canonical\" href=\"https:\/\/www.leili-motor.net\/es\/24byj48-ventilacion-amortiguadores-electricos-para-automoviles.html\" \/>\n<meta name=\"twitter:label1\" content=\"Tiempo de lectura\" \/>\n\t<meta name=\"twitter:data1\" content=\"1 minuto\" \/>\n<script type=\"application\/ld+json\" class=\"yoast-schema-graph\">{\"@context\":\"https:\/\/schema.org\",\"@graph\":[{\"@type\":\"WebPage\",\"@id\":\"https:\/\/www.leili-motor.net\/es\/24byj48-ventilacion-amortiguadores-electricos-para-automoviles.html\",\"url\":\"https:\/\/www.leili-motor.net\/es\/24byj48-ventilacion-amortiguadores-electricos-para-automoviles.html\",\"name\":\"Ventilaciones\/Amortiguadores El\u00e9ctricos Automotrices 24BYJ48 &#8211; Leili Motor\",\"isPartOf\":{\"@id\":\"https:\/\/www.leili-motor.net\/es\/#website\"},\"primaryImageOfPage\":{\"@id\":\"https:\/\/www.leili-motor.net\/es\/24byj48-ventilacion-amortiguadores-electricos-para-automoviles.html#primaryimage\"},\"image\":{\"@id\":\"https:\/\/www.leili-motor.net\/es\/24byj48-ventilacion-amortiguadores-electricos-para-automoviles.html#primaryimage\"},\"thumbnailUrl\":\"https:\/\/www.leili-motor.net\/wp-content\/uploads\/2025\/03\/Automotive-Electric-Air-Vents-Dampers-24BYJ48.webp\",\"datePublished\":\"2025-03-05T09:50:52+00:00\",\"dateModified\":\"2025-04-22T09:00:39+00:00\",\"description\":\"Motor paso a paso con engranajes de 12 V con \u00e1ngulo de paso de 11,25\u00b0, relaci\u00f3n de reducci\u00f3n de 1\/64, alto par, bajo nivel de ruido y rendimiento de aislamiento confiable.\",\"breadcrumb\":{\"@id\":\"https:\/\/www.leili-motor.net\/es\/24byj48-ventilacion-amortiguadores-electricos-para-automoviles.html#breadcrumb\"},\"inLanguage\":\"es\",\"potentialAction\":[{\"@type\":\"ReadAction\",\"target\":[\"https:\/\/www.leili-motor.net\/es\/24byj48-ventilacion-amortiguadores-electricos-para-automoviles.html\"]}]},{\"@type\":\"ImageObject\",\"inLanguage\":\"es\",\"@id\":\"https:\/\/www.leili-motor.net\/es\/24byj48-ventilacion-amortiguadores-electricos-para-automoviles.html#primaryimage\",\"url\":\"https:\/\/www.leili-motor.net\/wp-content\/uploads\/2025\/03\/Automotive-Electric-Air-Vents-Dampers-24BYJ48.webp\",\"contentUrl\":\"https:\/\/www.leili-motor.net\/wp-content\/uploads\/2025\/03\/Automotive-Electric-Air-Vents-Dampers-24BYJ48.webp\",\"width\":454,\"height\":310,\"caption\":\"Compuertas de ventilaci\u00f3n el\u00e9ctricas para autom\u00f3viles 24BYJ48\"},{\"@type\":\"BreadcrumbList\",\"@id\":\"https:\/\/www.leili-motor.net\/es\/24byj48-ventilacion-amortiguadores-electricos-para-automoviles.html#breadcrumb\",\"itemListElement\":[{\"@type\":\"ListItem\",\"position\":1,\"name\":\"Home\",\"item\":\"https:\/\/www.leili-motor.net\/es\/hogar\/\"},{\"@type\":\"ListItem\",\"position\":2,\"name\":\"Productos\",\"item\":\"https:\/\/www.leili-motor.net\/es\/productos\/\"},{\"@type\":\"ListItem\",\"position\":3,\"name\":\"24BYJ48 Ventilaci\u00f3n\/Amortiguadores El\u00e9ctricos Para Autom\u00f3viles\"}]},{\"@type\":\"WebSite\",\"@id\":\"https:\/\/www.leili-motor.net\/es\/#website\",\"url\":\"https:\/\/www.leili-motor.net\/es\/\",\"name\":\"Leili Motor\",\"description\":\"\",\"publisher\":{\"@id\":\"https:\/\/www.leili-motor.net\/es\/#organization\"},\"potentialAction\":[{\"@type\":\"SearchAction\",\"target\":{\"@type\":\"EntryPoint\",\"urlTemplate\":\"https:\/\/www.leili-motor.net\/es\/?s={search_term_string}\"},\"query-input\":{\"@type\":\"PropertyValueSpecification\",\"valueRequired\":true,\"valueName\":\"search_term_string\"}}],\"inLanguage\":\"es\"},{\"@type\":\"Organization\",\"@id\":\"https:\/\/www.leili-motor.net\/es\/#organization\",\"name\":\"Leili Motor\",\"url\":\"https:\/\/www.leili-motor.net\/es\/\",\"logo\":{\"@type\":\"ImageObject\",\"inLanguage\":\"es\",\"@id\":\"https:\/\/www.leili-motor.net\/es\/#\/schema\/logo\/image\/\",\"url\":\"https:\/\/www.leili-motor.net\/wp-content\/uploads\/2025\/03\/Leili-Motor.png\",\"contentUrl\":\"https:\/\/www.leili-motor.net\/wp-content\/uploads\/2025\/03\/Leili-Motor.png\",\"width\":600,\"height\":156,\"caption\":\"Leili Motor\"},\"image\":{\"@id\":\"https:\/\/www.leili-motor.net\/es\/#\/schema\/logo\/image\/\"}}]}<\/script>\n<!-- \/ Yoast SEO plugin. -->","yoast_head_json":{"title":"Ventilaciones\/Amortiguadores El\u00e9ctricos Automotrices 24BYJ48 &#8211; Leili Motor","description":"Motor paso a paso con engranajes de 12 V con \u00e1ngulo de paso de 11,25\u00b0, relaci\u00f3n de reducci\u00f3n de 1\/64, alto par, bajo nivel de ruido y rendimiento de aislamiento confiable.","robots":{"index":"index","follow":"follow","max-snippet":"max-snippet:-1","max-image-preview":"max-image-preview:large","max-video-preview":"max-video-preview:-1"},"canonical":"https:\/\/www.leili-motor.net\/es\/24byj48-ventilacion-amortiguadores-electricos-para-automoviles.html","twitter_misc":{"Tiempo de lectura":"1 minuto"},"schema":{"@context":"https:\/\/schema.org","@graph":[{"@type":"WebPage","@id":"https:\/\/www.leili-motor.net\/es\/24byj48-ventilacion-amortiguadores-electricos-para-automoviles.html","url":"https:\/\/www.leili-motor.net\/es\/24byj48-ventilacion-amortiguadores-electricos-para-automoviles.html","name":"Ventilaciones\/Amortiguadores El\u00e9ctricos Automotrices 24BYJ48 &#8211; Leili Motor","isPartOf":{"@id":"https:\/\/www.leili-motor.net\/es\/#website"},"primaryImageOfPage":{"@id":"https:\/\/www.leili-motor.net\/es\/24byj48-ventilacion-amortiguadores-electricos-para-automoviles.html#primaryimage"},"image":{"@id":"https:\/\/www.leili-motor.net\/es\/24byj48-ventilacion-amortiguadores-electricos-para-automoviles.html#primaryimage"},"thumbnailUrl":"https:\/\/www.leili-motor.net\/wp-content\/uploads\/2025\/03\/Automotive-Electric-Air-Vents-Dampers-24BYJ48.webp","datePublished":"2025-03-05T09:50:52+00:00","dateModified":"2025-04-22T09:00:39+00:00","description":"Motor paso a paso con engranajes de 12 V con \u00e1ngulo de paso de 11,25\u00b0, relaci\u00f3n de reducci\u00f3n de 1\/64, alto par, bajo nivel de ruido y rendimiento de aislamiento confiable.","breadcrumb":{"@id":"https:\/\/www.leili-motor.net\/es\/24byj48-ventilacion-amortiguadores-electricos-para-automoviles.html#breadcrumb"},"inLanguage":"es","potentialAction":[{"@type":"ReadAction","target":["https:\/\/www.leili-motor.net\/es\/24byj48-ventilacion-amortiguadores-electricos-para-automoviles.html"]}]},{"@type":"ImageObject","inLanguage":"es","@id":"https:\/\/www.leili-motor.net\/es\/24byj48-ventilacion-amortiguadores-electricos-para-automoviles.html#primaryimage","url":"https:\/\/www.leili-motor.net\/wp-content\/uploads\/2025\/03\/Automotive-Electric-Air-Vents-Dampers-24BYJ48.webp","contentUrl":"https:\/\/www.leili-motor.net\/wp-content\/uploads\/2025\/03\/Automotive-Electric-Air-Vents-Dampers-24BYJ48.webp","width":454,"height":310,"caption":"Compuertas de ventilaci\u00f3n el\u00e9ctricas para autom\u00f3viles 24BYJ48"},{"@type":"BreadcrumbList","@id":"https:\/\/www.leili-motor.net\/es\/24byj48-ventilacion-amortiguadores-electricos-para-automoviles.html#breadcrumb","itemListElement":[{"@type":"ListItem","position":1,"name":"Home","item":"https:\/\/www.leili-motor.net\/es\/hogar\/"},{"@type":"ListItem","position":2,"name":"Productos","item":"https:\/\/www.leili-motor.net\/es\/productos\/"},{"@type":"ListItem","position":3,"name":"24BYJ48 Ventilaci\u00f3n\/Amortiguadores El\u00e9ctricos Para Autom\u00f3viles"}]},{"@type":"WebSite","@id":"https:\/\/www.leili-motor.net\/es\/#website","url":"https:\/\/www.leili-motor.net\/es\/","name":"Leili Motor","description":"","publisher":{"@id":"https:\/\/www.leili-motor.net\/es\/#organization"},"potentialAction":[{"@type":"SearchAction","target":{"@type":"EntryPoint","urlTemplate":"https:\/\/www.leili-motor.net\/es\/?s={search_term_string}"},"query-input":{"@type":"PropertyValueSpecification","valueRequired":true,"valueName":"search_term_string"}}],"inLanguage":"es"},{"@type":"Organization","@id":"https:\/\/www.leili-motor.net\/es\/#organization","name":"Leili Motor","url":"https:\/\/www.leili-motor.net\/es\/","logo":{"@type":"ImageObject","inLanguage":"es","@id":"https:\/\/www.leili-motor.net\/es\/#\/schema\/logo\/image\/","url":"https:\/\/www.leili-motor.net\/wp-content\/uploads\/2025\/03\/Leili-Motor.png","contentUrl":"https:\/\/www.leili-motor.net\/wp-content\/uploads\/2025\/03\/Leili-Motor.png","width":600,"height":156,"caption":"Leili Motor"},"image":{"@id":"https:\/\/www.leili-motor.net\/es\/#\/schema\/logo\/image\/"}}]}},"_links":{"self":[{"href":"https:\/\/www.leili-motor.net\/es\/wp-json\/wp\/v2\/product\/6761","targetHints":{"allow":["GET"]}}],"collection":[{"href":"https:\/\/www.leili-motor.net\/es\/wp-json\/wp\/v2\/product"}],"about":[{"href":"https:\/\/www.leili-motor.net\/es\/wp-json\/wp\/v2\/types\/product"}],"replies":[{"embeddable":true,"href":"https:\/\/www.leili-motor.net\/es\/wp-json\/wp\/v2\/comments?post=6761"}],"wp:featuredmedia":[{"embeddable":true,"href":"https:\/\/www.leili-motor.net\/es\/wp-json\/wp\/v2\/media\/5528"}],"wp:attachment":[{"href":"https:\/\/www.leili-motor.net\/es\/wp-json\/wp\/v2\/media?parent=6761"}],"wp:term":[{"taxonomy":"product_brand","embeddable":true,"href":"https:\/\/www.leili-motor.net\/es\/wp-json\/wp\/v2\/product_brand?post=6761"},{"taxonomy":"product_cat","embeddable":true,"href":"https:\/\/www.leili-motor.net\/es\/wp-json\/wp\/v2\/product_cat?post=6761"},{"taxonomy":"product_tag","embeddable":true,"href":"https:\/\/www.leili-motor.net\/es\/wp-json\/wp\/v2\/product_tag?post=6761"}],"curies":[{"name":"wp","href":"https:\/\/api.w.org\/{rel}","templated":true}]}}