{"id":6765,"date":"2025-03-13T17:16:16","date_gmt":"2025-03-13T09:16:16","guid":{"rendered":"https:\/\/www.leili-motor.net\/zxj1-1-motor-de-actuador-lineal\/"},"modified":"2025-03-13T17:16:16","modified_gmt":"2025-03-13T09:16:16","slug":"zxj1-1-motor-de-actuador-lineal","status":"publish","type":"product","link":"https:\/\/www.leili-motor.net\/es\/zxj1-1-motor-de-actuador-lineal.html","title":{"rendered":"ZXJ1-1 Motor de Actuador Lineal"},"content":{"rendered":"<h2>Par\u00e1metros del producto<\/h2>\n<table>\n<tbody>\n<tr>\n<td>Empuje nominal<br \/>\n(N)<\/td>\n<td>Empuje<br \/>\n(N)<\/td>\n<td>Fuerza de Autobloqueo<br \/>\n(N)<\/td>\n<td>Velocidad de Carga<br \/>\n(mm\/s)<\/td>\n<td>Tensi\u00f3n nominal<br \/>\n(VCC)<\/td>\n<td>Frecuencia de Operaci\u00f3n<\/td>\n<td>M\u00e1xima Potencia<br \/>\n(W)<\/td>\n<td>El m\u00e1s peque\u00f1o<br \/>\nTama\u00f1o de la instalaci\u00f3n<br \/>\n(mm)<\/td>\n<td>Accidente cerebrovascular<br \/>\n(mm)<\/td>\n<td>Control del Accidente Cerebrovascular<br \/>\n(mm)<\/td>\n<td>Clase de Protecci\u00f3n<\/td>\n<\/tr>\n<tr>\n<td>4000<\/td>\n<td>6000<\/td>\n<td>4000<\/td>\n<td>3 \uff5e 6<\/td>\n<td rowspan=\"3\">29<\/td>\n<td>Hasta consecutivos<\/td>\n<td>75<\/td>\n<td>200 \uff5e 500<\/td>\n<td>30 \uff5e 330<\/td>\n<td rowspan=\"3\">\u00b12<\/td>\n<td rowspan=\"3\">IP51<\/td>\n<\/tr>\n<tr>\n<td>3000<\/td>\n<td>4000<\/td>\n<td>3500<\/td>\n<td>6 \uff5e 18<\/td>\n<td>Trabaja 2 minutos<\/td>\n<td>60<\/td>\n<td>(personalizable)<\/td>\n<td>(personalizable)<\/td>\n<\/tr>\n<tr>\n<td>2000<\/td>\n<td>3000<\/td>\n<td>3000<\/td>\n<td>18 \uff5e 36<\/td>\n<td>18 minutos<\/td>\n<td>55<\/td>\n<td><\/td>\n<td><\/td>\n<\/tr>\n<\/tbody>\n<\/table>\n<h2>Dimensiones mec\u00e1nicas: mm<\/h2>\n<p><img fetchpriority=\"high\" decoding=\"async\" class=\"size-full wp-image-2859 aligncenter\" src=\"https:\/\/www.leili-motor.net\/wp-content\/uploads\/2025\/03\/Mechanical-Dimensions-for-ZXJ1-1-Linear-Actuator-Motor.webp\" alt=\"Dimensiones mec\u00e1nicas del motor del actuador lineal ZXJ1-1\" width=\"759\" height=\"459\" srcset=\"https:\/\/www.leili-motor.net\/wp-content\/uploads\/2025\/03\/Mechanical-Dimensions-for-ZXJ1-1-Linear-Actuator-Motor.webp 759w, https:\/\/www.leili-motor.net\/wp-content\/uploads\/2025\/03\/Mechanical-Dimensions-for-ZXJ1-1-Linear-Actuator-Motor-300x181.webp 300w, https:\/\/www.leili-motor.net\/wp-content\/uploads\/2025\/03\/Mechanical-Dimensions-for-ZXJ1-1-Linear-Actuator-Motor-600x363.webp 600w\" sizes=\"(max-width: 759px) 100vw, 759px\" \/><\/p>\n<p>&nbsp;<\/p>\n","protected":false},"excerpt":{"rendered":"<h3>Introducci\u00f3n del producto<\/h3>\n<ul>\n<li>Motor de actuador lineal ZXJ1-1<\/li>\n<li>Clase de protecci\u00f3n: Clasificaci\u00f3n IP51, que garantiza protecci\u00f3n contra la entrada de polvo y agua.<\/li>\n<li>Control de carrera: \u00b12 mm, lo que permite un control preciso sobre los ajustes de la carrera.<\/li>\n<li>Voltaje nominal: 29 VCC, compatible con sistemas el\u00e9ctricos de bajo voltaje.<\/li>\n<\/ul>\n<h3>Aplicaci\u00f3n del producto<\/h3>\n<ul>\n<li>Casa inteligente: cama inteligente<\/li>\n<\/ul>\n","protected":false},"featured_media":2853,"comment_status":"open","ping_status":"closed","template":"","meta":{"site-sidebar-layout":"default","site-content-layout":"","ast-site-content-layout":"default","site-content-style":"default","site-sidebar-style":"default","ast-global-header-display":"","ast-banner-title-visibility":"","ast-main-header-display":"","ast-hfb-above-header-display":"","ast-hfb-below-header-display":"","ast-hfb-mobile-header-display":"","site-post-title":"","ast-breadcrumbs-content":"","ast-featured-img":"","footer-sml-layout":"","theme-transparent-header-meta":"default","adv-header-id-meta":"","stick-header-meta":"","header-above-stick-meta":"","header-main-stick-meta":"","header-below-stick-meta":"","astra-migrate-meta-layouts":"default","ast-page-background-enabled":"default","ast-page-background-meta":{"desktop":{"background-color":"var(--ast-global-color-5)","background-image":"","background-repeat":"repeat","background-position":"center center","background-size":"auto","background-attachment":"scroll","background-type":"","background-media":"","overlay-type":"","overlay-color":"","overlay-opacity":"","overlay-gradient":""},"tablet":{"background-color":"","background-image":"","background-repeat":"repeat","background-position":"center center","background-size":"auto","background-attachment":"scroll","background-type":"","background-media":"","overlay-type":"","overlay-color":"","overlay-opacity":"","overlay-gradient":""},"mobile":{"background-color":"","background-image":"","background-repeat":"repeat","background-position":"center center","background-size":"auto","background-attachment":"scroll","background-type":"","background-media":"","overlay-type":"","overlay-color":"","overlay-opacity":"","overlay-gradient":""}},"ast-content-background-meta":{"desktop":{"background-color":"var(--ast-global-color-4)","background-image":"","background-repeat":"repeat","background-position":"center center","background-size":"auto","background-attachment":"scroll","background-type":"","background-media":"","overlay-type":"","overlay-color":"","overlay-opacity":"","overlay-gradient":""},"tablet":{"background-color":"var(--ast-global-color-4)","background-image":"","background-repeat":"repeat","background-position":"center center","background-size":"auto","background-attachment":"scroll","background-type":"","background-media":"","overlay-type":"","overlay-color":"","overlay-opacity":"","overlay-gradient":""},"mobile":{"background-color":"var(--ast-global-color-4)","background-image":"","background-repeat":"repeat","background-position":"center center","background-size":"auto","background-attachment":"scroll","background-type":"","background-media":"","overlay-type":"","overlay-color":"","overlay-opacity":"","overlay-gradient":""}}},"product_brand":[],"product_cat":[520,523],"product_tag":[],"class_list":{"0":"post-6765","1":"product","2":"type-product","3":"status-publish","4":"has-post-thumbnail","6":"product_cat-componentes","7":"product_cat-componentes-deportivos-y-de-fitness","8":"desktop-align-left","9":"tablet-align-left","10":"mobile-align-left","12":"first","13":"instock","14":"shipping-taxable","15":"product-type-simple"},"yoast_head":"<!-- This site is optimized with the Yoast SEO plugin v27.2 - https:\/\/yoast.com\/product\/yoast-seo-wordpress\/ -->\n<title>ZXJ1-1 Motor de Actuador Lineal &#8211; Leili Motor<\/title>\n<meta name=\"description\" content=\"El motor del actuador lineal ZXJ1-1 ofrece opciones de empuje nominal de 2000 N, 3000 N y 4000 N, proporcionando una fuerza fuerte y confiable para tareas de movimiento lineal.\" \/>\n<meta name=\"robots\" content=\"index, follow, max-snippet:-1, max-image-preview:large, max-video-preview:-1\" \/>\n<link rel=\"canonical\" href=\"https:\/\/www.leili-motor.net\/es\/zxj1-1-motor-de-actuador-lineal.html\" \/>\n<script type=\"application\/ld+json\" class=\"yoast-schema-graph\">{\"@context\":\"https:\/\/schema.org\",\"@graph\":[{\"@type\":\"WebPage\",\"@id\":\"https:\/\/www.leili-motor.net\/es\/zxj1-1-motor-de-actuador-lineal.html\",\"url\":\"https:\/\/www.leili-motor.net\/es\/zxj1-1-motor-de-actuador-lineal.html\",\"name\":\"ZXJ1-1 Motor de Actuador Lineal &#8211; Leili Motor\",\"isPartOf\":{\"@id\":\"https:\/\/www.leili-motor.net\/es\/#website\"},\"primaryImageOfPage\":{\"@id\":\"https:\/\/www.leili-motor.net\/es\/zxj1-1-motor-de-actuador-lineal.html#primaryimage\"},\"image\":{\"@id\":\"https:\/\/www.leili-motor.net\/es\/zxj1-1-motor-de-actuador-lineal.html#primaryimage\"},\"thumbnailUrl\":\"https:\/\/www.leili-motor.net\/wp-content\/uploads\/2025\/03\/ZXJ1-1-Linear-Actuator-Motor.webp\",\"datePublished\":\"2025-03-13T09:16:16+00:00\",\"description\":\"El motor del actuador lineal ZXJ1-1 ofrece opciones de empuje nominal de 2000 N, 3000 N y 4000 N, proporcionando una fuerza fuerte y confiable para tareas de movimiento lineal.\",\"breadcrumb\":{\"@id\":\"https:\/\/www.leili-motor.net\/es\/zxj1-1-motor-de-actuador-lineal.html#breadcrumb\"},\"inLanguage\":\"es\",\"potentialAction\":[{\"@type\":\"ReadAction\",\"target\":[\"https:\/\/www.leili-motor.net\/es\/zxj1-1-motor-de-actuador-lineal.html\"]}]},{\"@type\":\"ImageObject\",\"inLanguage\":\"es\",\"@id\":\"https:\/\/www.leili-motor.net\/es\/zxj1-1-motor-de-actuador-lineal.html#primaryimage\",\"url\":\"https:\/\/www.leili-motor.net\/wp-content\/uploads\/2025\/03\/ZXJ1-1-Linear-Actuator-Motor.webp\",\"contentUrl\":\"https:\/\/www.leili-motor.net\/wp-content\/uploads\/2025\/03\/ZXJ1-1-Linear-Actuator-Motor.webp\",\"width\":454,\"height\":310,\"caption\":\"ZXJ1-1 Linear Actuator Motor\"},{\"@type\":\"BreadcrumbList\",\"@id\":\"https:\/\/www.leili-motor.net\/es\/zxj1-1-motor-de-actuador-lineal.html#breadcrumb\",\"itemListElement\":[{\"@type\":\"ListItem\",\"position\":1,\"name\":\"Home\",\"item\":\"https:\/\/www.leili-motor.net\/es\/hogar\/\"},{\"@type\":\"ListItem\",\"position\":2,\"name\":\"Productos\",\"item\":\"https:\/\/www.leili-motor.net\/es\/productos\/\"},{\"@type\":\"ListItem\",\"position\":3,\"name\":\"ZXJ1-1 Motor de Actuador Lineal\"}]},{\"@type\":\"WebSite\",\"@id\":\"https:\/\/www.leili-motor.net\/es\/#website\",\"url\":\"https:\/\/www.leili-motor.net\/es\/\",\"name\":\"Leili Motor\",\"description\":\"\",\"publisher\":{\"@id\":\"https:\/\/www.leili-motor.net\/es\/#organization\"},\"potentialAction\":[{\"@type\":\"SearchAction\",\"target\":{\"@type\":\"EntryPoint\",\"urlTemplate\":\"https:\/\/www.leili-motor.net\/es\/?s={search_term_string}\"},\"query-input\":{\"@type\":\"PropertyValueSpecification\",\"valueRequired\":true,\"valueName\":\"search_term_string\"}}],\"inLanguage\":\"es\"},{\"@type\":\"Organization\",\"@id\":\"https:\/\/www.leili-motor.net\/es\/#organization\",\"name\":\"Leili Motor\",\"url\":\"https:\/\/www.leili-motor.net\/es\/\",\"logo\":{\"@type\":\"ImageObject\",\"inLanguage\":\"es\",\"@id\":\"https:\/\/www.leili-motor.net\/es\/#\/schema\/logo\/image\/\",\"url\":\"https:\/\/www.leili-motor.net\/wp-content\/uploads\/2025\/03\/Leili-Motor.png\",\"contentUrl\":\"https:\/\/www.leili-motor.net\/wp-content\/uploads\/2025\/03\/Leili-Motor.png\",\"width\":600,\"height\":156,\"caption\":\"Leili Motor\"},\"image\":{\"@id\":\"https:\/\/www.leili-motor.net\/es\/#\/schema\/logo\/image\/\"}}]}<\/script>\n<!-- \/ Yoast SEO plugin. -->","yoast_head_json":{"title":"ZXJ1-1 Motor de Actuador Lineal &#8211; Leili Motor","description":"El motor del actuador lineal ZXJ1-1 ofrece opciones de empuje nominal de 2000 N, 3000 N y 4000 N, proporcionando una fuerza fuerte y confiable para tareas de movimiento lineal.","robots":{"index":"index","follow":"follow","max-snippet":"max-snippet:-1","max-image-preview":"max-image-preview:large","max-video-preview":"max-video-preview:-1"},"canonical":"https:\/\/www.leili-motor.net\/es\/zxj1-1-motor-de-actuador-lineal.html","schema":{"@context":"https:\/\/schema.org","@graph":[{"@type":"WebPage","@id":"https:\/\/www.leili-motor.net\/es\/zxj1-1-motor-de-actuador-lineal.html","url":"https:\/\/www.leili-motor.net\/es\/zxj1-1-motor-de-actuador-lineal.html","name":"ZXJ1-1 Motor de Actuador Lineal &#8211; Leili Motor","isPartOf":{"@id":"https:\/\/www.leili-motor.net\/es\/#website"},"primaryImageOfPage":{"@id":"https:\/\/www.leili-motor.net\/es\/zxj1-1-motor-de-actuador-lineal.html#primaryimage"},"image":{"@id":"https:\/\/www.leili-motor.net\/es\/zxj1-1-motor-de-actuador-lineal.html#primaryimage"},"thumbnailUrl":"https:\/\/www.leili-motor.net\/wp-content\/uploads\/2025\/03\/ZXJ1-1-Linear-Actuator-Motor.webp","datePublished":"2025-03-13T09:16:16+00:00","description":"El motor del actuador lineal ZXJ1-1 ofrece opciones de empuje nominal de 2000 N, 3000 N y 4000 N, proporcionando una fuerza fuerte y confiable para tareas de movimiento lineal.","breadcrumb":{"@id":"https:\/\/www.leili-motor.net\/es\/zxj1-1-motor-de-actuador-lineal.html#breadcrumb"},"inLanguage":"es","potentialAction":[{"@type":"ReadAction","target":["https:\/\/www.leili-motor.net\/es\/zxj1-1-motor-de-actuador-lineal.html"]}]},{"@type":"ImageObject","inLanguage":"es","@id":"https:\/\/www.leili-motor.net\/es\/zxj1-1-motor-de-actuador-lineal.html#primaryimage","url":"https:\/\/www.leili-motor.net\/wp-content\/uploads\/2025\/03\/ZXJ1-1-Linear-Actuator-Motor.webp","contentUrl":"https:\/\/www.leili-motor.net\/wp-content\/uploads\/2025\/03\/ZXJ1-1-Linear-Actuator-Motor.webp","width":454,"height":310,"caption":"ZXJ1-1 Linear Actuator Motor"},{"@type":"BreadcrumbList","@id":"https:\/\/www.leili-motor.net\/es\/zxj1-1-motor-de-actuador-lineal.html#breadcrumb","itemListElement":[{"@type":"ListItem","position":1,"name":"Home","item":"https:\/\/www.leili-motor.net\/es\/hogar\/"},{"@type":"ListItem","position":2,"name":"Productos","item":"https:\/\/www.leili-motor.net\/es\/productos\/"},{"@type":"ListItem","position":3,"name":"ZXJ1-1 Motor de Actuador Lineal"}]},{"@type":"WebSite","@id":"https:\/\/www.leili-motor.net\/es\/#website","url":"https:\/\/www.leili-motor.net\/es\/","name":"Leili Motor","description":"","publisher":{"@id":"https:\/\/www.leili-motor.net\/es\/#organization"},"potentialAction":[{"@type":"SearchAction","target":{"@type":"EntryPoint","urlTemplate":"https:\/\/www.leili-motor.net\/es\/?s={search_term_string}"},"query-input":{"@type":"PropertyValueSpecification","valueRequired":true,"valueName":"search_term_string"}}],"inLanguage":"es"},{"@type":"Organization","@id":"https:\/\/www.leili-motor.net\/es\/#organization","name":"Leili Motor","url":"https:\/\/www.leili-motor.net\/es\/","logo":{"@type":"ImageObject","inLanguage":"es","@id":"https:\/\/www.leili-motor.net\/es\/#\/schema\/logo\/image\/","url":"https:\/\/www.leili-motor.net\/wp-content\/uploads\/2025\/03\/Leili-Motor.png","contentUrl":"https:\/\/www.leili-motor.net\/wp-content\/uploads\/2025\/03\/Leili-Motor.png","width":600,"height":156,"caption":"Leili Motor"},"image":{"@id":"https:\/\/www.leili-motor.net\/es\/#\/schema\/logo\/image\/"}}]}},"_links":{"self":[{"href":"https:\/\/www.leili-motor.net\/es\/wp-json\/wp\/v2\/product\/6765","targetHints":{"allow":["GET"]}}],"collection":[{"href":"https:\/\/www.leili-motor.net\/es\/wp-json\/wp\/v2\/product"}],"about":[{"href":"https:\/\/www.leili-motor.net\/es\/wp-json\/wp\/v2\/types\/product"}],"replies":[{"embeddable":true,"href":"https:\/\/www.leili-motor.net\/es\/wp-json\/wp\/v2\/comments?post=6765"}],"wp:featuredmedia":[{"embeddable":true,"href":"https:\/\/www.leili-motor.net\/es\/wp-json\/wp\/v2\/media\/2853"}],"wp:attachment":[{"href":"https:\/\/www.leili-motor.net\/es\/wp-json\/wp\/v2\/media?parent=6765"}],"wp:term":[{"taxonomy":"product_brand","embeddable":true,"href":"https:\/\/www.leili-motor.net\/es\/wp-json\/wp\/v2\/product_brand?post=6765"},{"taxonomy":"product_cat","embeddable":true,"href":"https:\/\/www.leili-motor.net\/es\/wp-json\/wp\/v2\/product_cat?post=6765"},{"taxonomy":"product_tag","embeddable":true,"href":"https:\/\/www.leili-motor.net\/es\/wp-json\/wp\/v2\/product_tag?post=6765"}],"curies":[{"name":"wp","href":"https:\/\/api.w.org\/{rel}","templated":true}]}}