{"id":6774,"date":"2025-03-13T16:02:08","date_gmt":"2025-03-13T08:02:08","guid":{"rendered":"https:\/\/www.leili-motor.net\/solucion-de-muebles-inteligentes-gabinete\/"},"modified":"2025-03-13T16:02:08","modified_gmt":"2025-03-13T08:02:08","slug":"solucion-de-muebles-inteligentes-gabinete","status":"publish","type":"product","link":"https:\/\/www.leili-motor.net\/es\/solucion-de-muebles-inteligentes-gabinete.html","title":{"rendered":"Soluci\u00f3n de Muebles Inteligentes Gabinete"},"content":{"rendered":"<h2>Dimensiones mec\u00e1nicas: mm<\/h2>\n<p><img fetchpriority=\"high\" decoding=\"async\" class=\"size-full wp-image-2811 aligncenter\" src=\"https:\/\/www.leili-motor.net\/wp-content\/uploads\/2025\/03\/Mechanical-Dimensions-of-Intelligent-Furniture-Solution-Cabinet.webp\" alt=\"Dimensiones mec\u00e1nicas del gabinete de soluci\u00f3n de mobiliario inteligente\" width=\"759\" height=\"459\" srcset=\"https:\/\/www.leili-motor.net\/wp-content\/uploads\/2025\/03\/Mechanical-Dimensions-of-Intelligent-Furniture-Solution-Cabinet.webp 759w, https:\/\/www.leili-motor.net\/wp-content\/uploads\/2025\/03\/Mechanical-Dimensions-of-Intelligent-Furniture-Solution-Cabinet-300x181.webp 300w, https:\/\/www.leili-motor.net\/wp-content\/uploads\/2025\/03\/Mechanical-Dimensions-of-Intelligent-Furniture-Solution-Cabinet-600x363.webp 600w\" sizes=\"(max-width: 759px) 100vw, 759px\" \/><\/p>\n","protected":false},"excerpt":{"rendered":"<h3>Introducci\u00f3n del producto<\/h3>\n<ul>\n<li>Soluciones de muebles inteligentes Armario Mecanismo de elevaci\u00f3n de armario<\/li>\n<\/ul>\n<h3>Aplicaci\u00f3n del producto<\/h3>\n<ul>\n<li>Hogar inteligente: Armario inteligente<\/li>\n<\/ul>\n","protected":false},"featured_media":2808,"comment_status":"open","ping_status":"closed","template":"","meta":{"site-sidebar-layout":"default","site-content-layout":"","ast-site-content-layout":"default","site-content-style":"default","site-sidebar-style":"default","ast-global-header-display":"","ast-banner-title-visibility":"","ast-main-header-display":"","ast-hfb-above-header-display":"","ast-hfb-below-header-display":"","ast-hfb-mobile-header-display":"","site-post-title":"","ast-breadcrumbs-content":"","ast-featured-img":"","footer-sml-layout":"","theme-transparent-header-meta":"default","adv-header-id-meta":"","stick-header-meta":"","header-above-stick-meta":"","header-main-stick-meta":"","header-below-stick-meta":"","astra-migrate-meta-layouts":"default","ast-page-background-enabled":"default","ast-page-background-meta":{"desktop":{"background-color":"var(--ast-global-color-5)","background-image":"","background-repeat":"repeat","background-position":"center center","background-size":"auto","background-attachment":"scroll","background-type":"","background-media":"","overlay-type":"","overlay-color":"","overlay-opacity":"","overlay-gradient":""},"tablet":{"background-color":"","background-image":"","background-repeat":"repeat","background-position":"center center","background-size":"auto","background-attachment":"scroll","background-type":"","background-media":"","overlay-type":"","overlay-color":"","overlay-opacity":"","overlay-gradient":""},"mobile":{"background-color":"","background-image":"","background-repeat":"repeat","background-position":"center center","background-size":"auto","background-attachment":"scroll","background-type":"","background-media":"","overlay-type":"","overlay-color":"","overlay-opacity":"","overlay-gradient":""}},"ast-content-background-meta":{"desktop":{"background-color":"var(--ast-global-color-4)","background-image":"","background-repeat":"repeat","background-position":"center center","background-size":"auto","background-attachment":"scroll","background-type":"","background-media":"","overlay-type":"","overlay-color":"","overlay-opacity":"","overlay-gradient":""},"tablet":{"background-color":"var(--ast-global-color-4)","background-image":"","background-repeat":"repeat","background-position":"center center","background-size":"auto","background-attachment":"scroll","background-type":"","background-media":"","overlay-type":"","overlay-color":"","overlay-opacity":"","overlay-gradient":""},"mobile":{"background-color":"var(--ast-global-color-4)","background-image":"","background-repeat":"repeat","background-position":"center center","background-size":"auto","background-attachment":"scroll","background-type":"","background-media":"","overlay-type":"","overlay-color":"","overlay-opacity":"","overlay-gradient":""}}},"product_brand":[],"product_cat":[520,523],"product_tag":[565],"class_list":{"0":"post-6774","1":"product","2":"type-product","3":"status-publish","4":"has-post-thumbnail","6":"product_cat-componentes","7":"product_cat-componentes-deportivos-y-de-fitness","8":"product_tag-hogar-inteligente-piezas","9":"desktop-align-left","10":"tablet-align-left","11":"mobile-align-left","13":"first","14":"instock","15":"shipping-taxable","16":"product-type-simple"},"yoast_head":"<!-- This site is optimized with the Yoast SEO plugin v27.2 - https:\/\/yoast.com\/product\/yoast-seo-wordpress\/ -->\n<title>Soluci\u00f3n de Muebles Inteligentes Gabinete &#8211; Leili Motor<\/title>\n<meta name=\"description\" content=\"Nuestro gabinete de soluci\u00f3n de muebles inteligente cuenta con un mecanismo de elevaci\u00f3n inteligente para un manejo eficiente de los muebles.\" \/>\n<meta name=\"robots\" content=\"index, follow, max-snippet:-1, max-image-preview:large, max-video-preview:-1\" \/>\n<link rel=\"canonical\" href=\"https:\/\/www.leili-motor.net\/es\/solucion-de-muebles-inteligentes-gabinete.html\" \/>\n<script type=\"application\/ld+json\" class=\"yoast-schema-graph\">{\"@context\":\"https:\/\/schema.org\",\"@graph\":[{\"@type\":\"WebPage\",\"@id\":\"https:\/\/www.leili-motor.net\/es\/solucion-de-muebles-inteligentes-gabinete.html\",\"url\":\"https:\/\/www.leili-motor.net\/es\/solucion-de-muebles-inteligentes-gabinete.html\",\"name\":\"Soluci\u00f3n de Muebles Inteligentes Gabinete &#8211; Leili Motor\",\"isPartOf\":{\"@id\":\"https:\/\/www.leili-motor.net\/es\/#website\"},\"primaryImageOfPage\":{\"@id\":\"https:\/\/www.leili-motor.net\/es\/solucion-de-muebles-inteligentes-gabinete.html#primaryimage\"},\"image\":{\"@id\":\"https:\/\/www.leili-motor.net\/es\/solucion-de-muebles-inteligentes-gabinete.html#primaryimage\"},\"thumbnailUrl\":\"https:\/\/www.leili-motor.net\/wp-content\/uploads\/2025\/03\/Intelligent-Furniture-Solution-Cabinet.webp\",\"datePublished\":\"2025-03-13T08:02:08+00:00\",\"description\":\"Nuestro gabinete de soluci\u00f3n de muebles inteligente cuenta con un mecanismo de elevaci\u00f3n inteligente para un manejo eficiente de los muebles.\",\"breadcrumb\":{\"@id\":\"https:\/\/www.leili-motor.net\/es\/solucion-de-muebles-inteligentes-gabinete.html#breadcrumb\"},\"inLanguage\":\"es\",\"potentialAction\":[{\"@type\":\"ReadAction\",\"target\":[\"https:\/\/www.leili-motor.net\/es\/solucion-de-muebles-inteligentes-gabinete.html\"]}]},{\"@type\":\"ImageObject\",\"inLanguage\":\"es\",\"@id\":\"https:\/\/www.leili-motor.net\/es\/solucion-de-muebles-inteligentes-gabinete.html#primaryimage\",\"url\":\"https:\/\/www.leili-motor.net\/wp-content\/uploads\/2025\/03\/Intelligent-Furniture-Solution-Cabinet.webp\",\"contentUrl\":\"https:\/\/www.leili-motor.net\/wp-content\/uploads\/2025\/03\/Intelligent-Furniture-Solution-Cabinet.webp\",\"width\":454,\"height\":310,\"caption\":\"Intelligent Furniture Solution Cabinet\"},{\"@type\":\"BreadcrumbList\",\"@id\":\"https:\/\/www.leili-motor.net\/es\/solucion-de-muebles-inteligentes-gabinete.html#breadcrumb\",\"itemListElement\":[{\"@type\":\"ListItem\",\"position\":1,\"name\":\"Home\",\"item\":\"https:\/\/www.leili-motor.net\/es\/hogar\/\"},{\"@type\":\"ListItem\",\"position\":2,\"name\":\"Productos\",\"item\":\"https:\/\/www.leili-motor.net\/es\/productos\/\"},{\"@type\":\"ListItem\",\"position\":3,\"name\":\"Soluci\u00f3n de Muebles Inteligentes Gabinete\"}]},{\"@type\":\"WebSite\",\"@id\":\"https:\/\/www.leili-motor.net\/es\/#website\",\"url\":\"https:\/\/www.leili-motor.net\/es\/\",\"name\":\"Leili Motor\",\"description\":\"\",\"publisher\":{\"@id\":\"https:\/\/www.leili-motor.net\/es\/#organization\"},\"potentialAction\":[{\"@type\":\"SearchAction\",\"target\":{\"@type\":\"EntryPoint\",\"urlTemplate\":\"https:\/\/www.leili-motor.net\/es\/?s={search_term_string}\"},\"query-input\":{\"@type\":\"PropertyValueSpecification\",\"valueRequired\":true,\"valueName\":\"search_term_string\"}}],\"inLanguage\":\"es\"},{\"@type\":\"Organization\",\"@id\":\"https:\/\/www.leili-motor.net\/es\/#organization\",\"name\":\"Leili Motor\",\"url\":\"https:\/\/www.leili-motor.net\/es\/\",\"logo\":{\"@type\":\"ImageObject\",\"inLanguage\":\"es\",\"@id\":\"https:\/\/www.leili-motor.net\/es\/#\/schema\/logo\/image\/\",\"url\":\"https:\/\/www.leili-motor.net\/wp-content\/uploads\/2025\/03\/Leili-Motor.png\",\"contentUrl\":\"https:\/\/www.leili-motor.net\/wp-content\/uploads\/2025\/03\/Leili-Motor.png\",\"width\":600,\"height\":156,\"caption\":\"Leili Motor\"},\"image\":{\"@id\":\"https:\/\/www.leili-motor.net\/es\/#\/schema\/logo\/image\/\"}}]}<\/script>\n<!-- \/ Yoast SEO plugin. -->","yoast_head_json":{"title":"Soluci\u00f3n de Muebles Inteligentes Gabinete &#8211; Leili Motor","description":"Nuestro gabinete de soluci\u00f3n de muebles inteligente cuenta con un mecanismo de elevaci\u00f3n inteligente para un manejo eficiente de los muebles.","robots":{"index":"index","follow":"follow","max-snippet":"max-snippet:-1","max-image-preview":"max-image-preview:large","max-video-preview":"max-video-preview:-1"},"canonical":"https:\/\/www.leili-motor.net\/es\/solucion-de-muebles-inteligentes-gabinete.html","schema":{"@context":"https:\/\/schema.org","@graph":[{"@type":"WebPage","@id":"https:\/\/www.leili-motor.net\/es\/solucion-de-muebles-inteligentes-gabinete.html","url":"https:\/\/www.leili-motor.net\/es\/solucion-de-muebles-inteligentes-gabinete.html","name":"Soluci\u00f3n de Muebles Inteligentes Gabinete &#8211; Leili Motor","isPartOf":{"@id":"https:\/\/www.leili-motor.net\/es\/#website"},"primaryImageOfPage":{"@id":"https:\/\/www.leili-motor.net\/es\/solucion-de-muebles-inteligentes-gabinete.html#primaryimage"},"image":{"@id":"https:\/\/www.leili-motor.net\/es\/solucion-de-muebles-inteligentes-gabinete.html#primaryimage"},"thumbnailUrl":"https:\/\/www.leili-motor.net\/wp-content\/uploads\/2025\/03\/Intelligent-Furniture-Solution-Cabinet.webp","datePublished":"2025-03-13T08:02:08+00:00","description":"Nuestro gabinete de soluci\u00f3n de muebles inteligente cuenta con un mecanismo de elevaci\u00f3n inteligente para un manejo eficiente de los muebles.","breadcrumb":{"@id":"https:\/\/www.leili-motor.net\/es\/solucion-de-muebles-inteligentes-gabinete.html#breadcrumb"},"inLanguage":"es","potentialAction":[{"@type":"ReadAction","target":["https:\/\/www.leili-motor.net\/es\/solucion-de-muebles-inteligentes-gabinete.html"]}]},{"@type":"ImageObject","inLanguage":"es","@id":"https:\/\/www.leili-motor.net\/es\/solucion-de-muebles-inteligentes-gabinete.html#primaryimage","url":"https:\/\/www.leili-motor.net\/wp-content\/uploads\/2025\/03\/Intelligent-Furniture-Solution-Cabinet.webp","contentUrl":"https:\/\/www.leili-motor.net\/wp-content\/uploads\/2025\/03\/Intelligent-Furniture-Solution-Cabinet.webp","width":454,"height":310,"caption":"Intelligent Furniture Solution Cabinet"},{"@type":"BreadcrumbList","@id":"https:\/\/www.leili-motor.net\/es\/solucion-de-muebles-inteligentes-gabinete.html#breadcrumb","itemListElement":[{"@type":"ListItem","position":1,"name":"Home","item":"https:\/\/www.leili-motor.net\/es\/hogar\/"},{"@type":"ListItem","position":2,"name":"Productos","item":"https:\/\/www.leili-motor.net\/es\/productos\/"},{"@type":"ListItem","position":3,"name":"Soluci\u00f3n de Muebles Inteligentes Gabinete"}]},{"@type":"WebSite","@id":"https:\/\/www.leili-motor.net\/es\/#website","url":"https:\/\/www.leili-motor.net\/es\/","name":"Leili Motor","description":"","publisher":{"@id":"https:\/\/www.leili-motor.net\/es\/#organization"},"potentialAction":[{"@type":"SearchAction","target":{"@type":"EntryPoint","urlTemplate":"https:\/\/www.leili-motor.net\/es\/?s={search_term_string}"},"query-input":{"@type":"PropertyValueSpecification","valueRequired":true,"valueName":"search_term_string"}}],"inLanguage":"es"},{"@type":"Organization","@id":"https:\/\/www.leili-motor.net\/es\/#organization","name":"Leili Motor","url":"https:\/\/www.leili-motor.net\/es\/","logo":{"@type":"ImageObject","inLanguage":"es","@id":"https:\/\/www.leili-motor.net\/es\/#\/schema\/logo\/image\/","url":"https:\/\/www.leili-motor.net\/wp-content\/uploads\/2025\/03\/Leili-Motor.png","contentUrl":"https:\/\/www.leili-motor.net\/wp-content\/uploads\/2025\/03\/Leili-Motor.png","width":600,"height":156,"caption":"Leili Motor"},"image":{"@id":"https:\/\/www.leili-motor.net\/es\/#\/schema\/logo\/image\/"}}]}},"_links":{"self":[{"href":"https:\/\/www.leili-motor.net\/es\/wp-json\/wp\/v2\/product\/6774","targetHints":{"allow":["GET"]}}],"collection":[{"href":"https:\/\/www.leili-motor.net\/es\/wp-json\/wp\/v2\/product"}],"about":[{"href":"https:\/\/www.leili-motor.net\/es\/wp-json\/wp\/v2\/types\/product"}],"replies":[{"embeddable":true,"href":"https:\/\/www.leili-motor.net\/es\/wp-json\/wp\/v2\/comments?post=6774"}],"wp:featuredmedia":[{"embeddable":true,"href":"https:\/\/www.leili-motor.net\/es\/wp-json\/wp\/v2\/media\/2808"}],"wp:attachment":[{"href":"https:\/\/www.leili-motor.net\/es\/wp-json\/wp\/v2\/media?parent=6774"}],"wp:term":[{"taxonomy":"product_brand","embeddable":true,"href":"https:\/\/www.leili-motor.net\/es\/wp-json\/wp\/v2\/product_brand?post=6774"},{"taxonomy":"product_cat","embeddable":true,"href":"https:\/\/www.leili-motor.net\/es\/wp-json\/wp\/v2\/product_cat?post=6774"},{"taxonomy":"product_tag","embeddable":true,"href":"https:\/\/www.leili-motor.net\/es\/wp-json\/wp\/v2\/product_tag?post=6774"}],"curies":[{"name":"wp","href":"https:\/\/api.w.org\/{rel}","templated":true}]}}