{"id":6777,"date":"2025-03-05T14:34:50","date_gmt":"2025-03-05T06:34:50","guid":{"rendered":"https:\/\/www.leili-motor.net\/motor-paso-a-paso-con-engranajes-24byj48\/"},"modified":"2025-04-22T17:09:25","modified_gmt":"2025-04-22T09:09:25","slug":"motor-paso-a-paso-con-engranajes-24byj48","status":"publish","type":"product","link":"https:\/\/www.leili-motor.net\/es\/motor-paso-a-paso-con-engranajes-24byj48.html","title":{"rendered":"Motor Paso A Paso Con Engranajes 24BYJ48"},"content":{"rendered":"<h2>Par\u00e1metros de rendimiento<\/h2>\n<table>\n<tbody>\n<tr>\n<td>Tipo de motor<\/td>\n<td>Voltaje<\/td>\n<td>Resistencia<\/td>\n<td>Frecuencia<\/td>\n<td>Par de tracci\u00f3n<\/td>\n<td>Par de retenci\u00f3n<\/td>\n<td>Frecuencia de arranque sin carga<\/td>\n<td>Frecuencia de extracci\u00f3n sin carga<\/td>\n<td>Aumento de la temperatura<\/td>\n<td>Ruido<\/td>\n<td>\u00c1ngulo de paso<\/td>\n<td>Clase de Aislamiento<\/td>\n<\/tr>\n<tr>\n<td><\/td>\n<td>(V)<\/td>\n<td>(\u03a9)<\/td>\n<td>(PPS)<\/td>\n<td>(mN.m)<\/td>\n<td>(mN.m)<\/td>\n<td>(PPS)<\/td>\n<td>(PPS)<\/td>\n<td>K<\/td>\n<td>(A)<\/td>\n<td>(Fase 1-2)<\/td>\n<td><\/td>\n<\/tr>\n<tr>\n<td rowspan=\"6\">24BYJ48<\/td>\n<td>5<\/td>\n<td>60<\/td>\n<td>100<\/td>\n<td>\u226529.4<\/td>\n<td>\u226529.4<\/td>\n<td>\u2265500<\/td>\n<td>\u2265900<\/td>\n<td>\u226440<\/td>\n<td>\u226440<\/td>\n<td rowspan=\"5\">5.625\u00b0\/64<\/td>\n<td rowspan=\"2\">E<\/td>\n<\/tr>\n<tr>\n<td>12<\/td>\n<td>200<\/td>\n<td>100<\/td>\n<td>\u226529.4<\/td>\n<td>\u226529.4<\/td>\n<td>\u2265500<\/td>\n<td>\u2265900<\/td>\n<td>\u226440<\/td>\n<td>\u226440<\/td>\n<\/tr>\n<tr>\n<td>12<\/td>\n<td>250<\/td>\n<td>100<\/td>\n<td>\u226529.4<\/td>\n<td>\u226529.4<\/td>\n<td>\u2265500<\/td>\n<td>\u2265900<\/td>\n<td>\u226440<\/td>\n<td>\u226440<\/td>\n<td><\/td>\n<\/tr>\n<tr>\n<td>12<\/td>\n<td>300<\/td>\n<td>100<\/td>\n<td>\u226529.4<\/td>\n<td>\u226529.4<\/td>\n<td>\u2265500<\/td>\n<td>\u2265900<\/td>\n<td>\u226440<\/td>\n<td>\u226440<\/td>\n<td><\/td>\n<\/tr>\n<tr>\n<td>12<\/td>\n<td>300<\/td>\n<td>100<\/td>\n<td>\u226558.8<\/td>\n<td>\u226529.4<\/td>\n<td>\u2265500<\/td>\n<td>\u2265900<\/td>\n<td>\u226440<\/td>\n<td>\u226440<\/td>\n<td><\/td>\n<\/tr>\n<tr>\n<td>12<\/td>\n<td>200<\/td>\n<td>100<\/td>\n<td>\u22659.8<\/td>\n<td>\u22657.35<\/td>\n<td>\u2265300<\/td>\n<td>\u2265600<\/td>\n<td>\u226440<\/td>\n<td>\u226440<\/td>\n<td>5.625\u00b0\/16<\/td>\n<td><\/td>\n<\/tr>\n<\/tbody>\n<\/table>\n<h2>Dimensi\u00f3n mec\u00e1nica: mm<\/h2>\n<p><img fetchpriority=\"high\" decoding=\"async\" class=\"size-full wp-image-368 aligncenter\" src=\"https:\/\/www.leili-motor.net\/wp-content\/uploads\/2025\/03\/Mechanical-Dimension-for-24BYJ48-Geared-stepper-motor.webp\" alt=\"Dimensiones mec\u00e1nicas del motor paso a paso con engranaje 24BYJ48\" width=\"759\" height=\"562\" srcset=\"https:\/\/www.leili-motor.net\/wp-content\/uploads\/2025\/03\/Mechanical-Dimension-for-24BYJ48-Geared-stepper-motor.webp 759w, https:\/\/www.leili-motor.net\/wp-content\/uploads\/2025\/03\/Mechanical-Dimension-for-24BYJ48-Geared-stepper-motor-300x222.webp 300w, https:\/\/www.leili-motor.net\/wp-content\/uploads\/2025\/03\/Mechanical-Dimension-for-24BYJ48-Geared-stepper-motor-600x444.webp 600w\" sizes=\"(max-width: 759px) 100vw, 759px\" \/><\/p>\n","protected":false},"excerpt":{"rendered":"<h3>Introducci\u00f3n del producto<\/h3>\n<ul>\n<li>Modelo: 24BYJ48<\/li>\n<li>Con el mismo n\u00famero de polos que el estator, el rotor est\u00e1 compuesto de material de im\u00e1n permanente.<\/li>\n<li>Presenta un excelente rendimiento din\u00e1mico y un alto par de salida.<\/li>\n<\/ul>\n<h3>Aplicaci\u00f3n del producto<\/h3>\n<ul>\n<li>Electrodom\u00e9sticos: aire acondicionado, refrigerador, inodoro inteligente, proyector, purificador de aire, ventilador el\u00e9ctrico, ventilador, etc.<\/li>\n<li>Control industrial: Monitoreo<\/li>\n<\/ul>\n","protected":false},"featured_media":5450,"comment_status":"open","ping_status":"closed","template":"","meta":{"site-sidebar-layout":"default","site-content-layout":"","ast-site-content-layout":"default","site-content-style":"default","site-sidebar-style":"default","ast-global-header-display":"","ast-banner-title-visibility":"","ast-main-header-display":"","ast-hfb-above-header-display":"","ast-hfb-below-header-display":"","ast-hfb-mobile-header-display":"","site-post-title":"","ast-breadcrumbs-content":"","ast-featured-img":"","footer-sml-layout":"","theme-transparent-header-meta":"default","adv-header-id-meta":"","stick-header-meta":"","header-above-stick-meta":"","header-main-stick-meta":"","header-below-stick-meta":"","astra-migrate-meta-layouts":"set","ast-page-background-enabled":"default","ast-page-background-meta":{"desktop":{"background-color":"var(--ast-global-color-5)","background-image":"","background-repeat":"repeat","background-position":"center center","background-size":"auto","background-attachment":"scroll","background-type":"","background-media":"","overlay-type":"","overlay-color":"","overlay-opacity":"","overlay-gradient":""},"tablet":{"background-color":"","background-image":"","background-repeat":"repeat","background-position":"center center","background-size":"auto","background-attachment":"scroll","background-type":"","background-media":"","overlay-type":"","overlay-color":"","overlay-opacity":"","overlay-gradient":""},"mobile":{"background-color":"","background-image":"","background-repeat":"repeat","background-position":"center center","background-size":"auto","background-attachment":"scroll","background-type":"","background-media":"","overlay-type":"","overlay-color":"","overlay-opacity":"","overlay-gradient":""}},"ast-content-background-meta":{"desktop":{"background-color":"var(--ast-global-color-4)","background-image":"","background-repeat":"repeat","background-position":"center center","background-size":"auto","background-attachment":"scroll","background-type":"","background-media":"","overlay-type":"","overlay-color":"","overlay-opacity":"","overlay-gradient":""},"tablet":{"background-color":"var(--ast-global-color-4)","background-image":"","background-repeat":"repeat","background-position":"center center","background-size":"auto","background-attachment":"scroll","background-type":"","background-media":"","overlay-type":"","overlay-color":"","overlay-opacity":"","overlay-gradient":""},"mobile":{"background-color":"var(--ast-global-color-4)","background-image":"","background-repeat":"repeat","background-position":"center center","background-size":"auto","background-attachment":"scroll","background-type":"","background-media":"","overlay-type":"","overlay-color":"","overlay-opacity":"","overlay-gradient":""}}},"product_brand":[],"product_cat":[538,539],"product_tag":[552,567,529],"class_list":{"0":"post-6777","1":"product","2":"type-product","3":"status-publish","4":"has-post-thumbnail","6":"product_cat-categoria-de-motor-paso-a-paso","7":"product_cat-motores-paso-a-paso-con-engranajes","8":"product_tag-otros-electrodomesticos-motor-paso-a-paso","9":"product_tag-refrigerador-sistema-circulatorio","10":"product_tag-sanitarios-inteligentes-sistema-de-descarga","11":"pa_application-electrodomestico","12":"pa_geared-resistance-0-100-es","13":"pa_geared-resistance-101-200-es","14":"desktop-align-left","15":"tablet-align-left","16":"mobile-align-left","18":"first","19":"instock","20":"shipping-taxable","21":"product-type-simple"},"yoast_head":"<!-- This site is optimized with the Yoast SEO plugin v27.2 - https:\/\/yoast.com\/product\/yoast-seo-wordpress\/ -->\n<title>Motor Paso A Paso Con Engranajes 24BYJ48, Motor Paso A Paso Con Reductor &#8211; Leili Motor<\/title>\n<meta name=\"description\" content=\"El motor paso a paso con engranaje 24BYJ48 funciona a 5-12 V con una resistencia de 60-300 \u03a9, lo que garantiza un control preciso, un alto torque y un movimiento suave para aplicaciones de automatizaci\u00f3n y rob\u00f3tica.\" \/>\n<meta name=\"robots\" content=\"index, follow, max-snippet:-1, max-image-preview:large, max-video-preview:-1\" \/>\n<link rel=\"canonical\" href=\"https:\/\/www.leili-motor.net\/es\/motor-paso-a-paso-con-engranajes-24byj48.html\" \/>\n<meta name=\"twitter:label1\" content=\"Tiempo de lectura\" \/>\n\t<meta name=\"twitter:data1\" content=\"1 minuto\" \/>\n<script type=\"application\/ld+json\" class=\"yoast-schema-graph\">{\"@context\":\"https:\/\/schema.org\",\"@graph\":[{\"@type\":\"WebPage\",\"@id\":\"https:\/\/www.leili-motor.net\/es\/motor-paso-a-paso-con-engranajes-24byj48.html\",\"url\":\"https:\/\/www.leili-motor.net\/es\/motor-paso-a-paso-con-engranajes-24byj48.html\",\"name\":\"Motor Paso A Paso Con Engranajes 24BYJ48, Motor Paso A Paso Con Reductor &#8211; Leili Motor\",\"isPartOf\":{\"@id\":\"https:\/\/www.leili-motor.net\/es\/#website\"},\"primaryImageOfPage\":{\"@id\":\"https:\/\/www.leili-motor.net\/es\/motor-paso-a-paso-con-engranajes-24byj48.html#primaryimage\"},\"image\":{\"@id\":\"https:\/\/www.leili-motor.net\/es\/motor-paso-a-paso-con-engranajes-24byj48.html#primaryimage\"},\"thumbnailUrl\":\"https:\/\/www.leili-motor.net\/wp-content\/uploads\/2025\/03\/24BYJ48-Geared-Stepper-Motor.webp\",\"datePublished\":\"2025-03-05T06:34:50+00:00\",\"dateModified\":\"2025-04-22T09:09:25+00:00\",\"description\":\"El motor paso a paso con engranaje 24BYJ48 funciona a 5-12 V con una resistencia de 60-300 \u03a9, lo que garantiza un control preciso, un alto torque y un movimiento suave para aplicaciones de automatizaci\u00f3n y rob\u00f3tica.\",\"breadcrumb\":{\"@id\":\"https:\/\/www.leili-motor.net\/es\/motor-paso-a-paso-con-engranajes-24byj48.html#breadcrumb\"},\"inLanguage\":\"es\",\"potentialAction\":[{\"@type\":\"ReadAction\",\"target\":[\"https:\/\/www.leili-motor.net\/es\/motor-paso-a-paso-con-engranajes-24byj48.html\"]}]},{\"@type\":\"ImageObject\",\"inLanguage\":\"es\",\"@id\":\"https:\/\/www.leili-motor.net\/es\/motor-paso-a-paso-con-engranajes-24byj48.html#primaryimage\",\"url\":\"https:\/\/www.leili-motor.net\/wp-content\/uploads\/2025\/03\/24BYJ48-Geared-Stepper-Motor.webp\",\"contentUrl\":\"https:\/\/www.leili-motor.net\/wp-content\/uploads\/2025\/03\/24BYJ48-Geared-Stepper-Motor.webp\",\"width\":454,\"height\":310,\"caption\":\"Motor paso a paso con engranajes 24BYJ48\"},{\"@type\":\"BreadcrumbList\",\"@id\":\"https:\/\/www.leili-motor.net\/es\/motor-paso-a-paso-con-engranajes-24byj48.html#breadcrumb\",\"itemListElement\":[{\"@type\":\"ListItem\",\"position\":1,\"name\":\"Home\",\"item\":\"https:\/\/www.leili-motor.net\/es\/hogar\/\"},{\"@type\":\"ListItem\",\"position\":2,\"name\":\"Productos\",\"item\":\"https:\/\/www.leili-motor.net\/es\/productos\/\"},{\"@type\":\"ListItem\",\"position\":3,\"name\":\"Motor Paso A Paso Con Engranajes 24BYJ48\"}]},{\"@type\":\"WebSite\",\"@id\":\"https:\/\/www.leili-motor.net\/es\/#website\",\"url\":\"https:\/\/www.leili-motor.net\/es\/\",\"name\":\"Leili Motor\",\"description\":\"\",\"publisher\":{\"@id\":\"https:\/\/www.leili-motor.net\/es\/#organization\"},\"potentialAction\":[{\"@type\":\"SearchAction\",\"target\":{\"@type\":\"EntryPoint\",\"urlTemplate\":\"https:\/\/www.leili-motor.net\/es\/?s={search_term_string}\"},\"query-input\":{\"@type\":\"PropertyValueSpecification\",\"valueRequired\":true,\"valueName\":\"search_term_string\"}}],\"inLanguage\":\"es\"},{\"@type\":\"Organization\",\"@id\":\"https:\/\/www.leili-motor.net\/es\/#organization\",\"name\":\"Leili Motor\",\"url\":\"https:\/\/www.leili-motor.net\/es\/\",\"logo\":{\"@type\":\"ImageObject\",\"inLanguage\":\"es\",\"@id\":\"https:\/\/www.leili-motor.net\/es\/#\/schema\/logo\/image\/\",\"url\":\"https:\/\/www.leili-motor.net\/wp-content\/uploads\/2025\/03\/Leili-Motor.png\",\"contentUrl\":\"https:\/\/www.leili-motor.net\/wp-content\/uploads\/2025\/03\/Leili-Motor.png\",\"width\":600,\"height\":156,\"caption\":\"Leili Motor\"},\"image\":{\"@id\":\"https:\/\/www.leili-motor.net\/es\/#\/schema\/logo\/image\/\"}}]}<\/script>\n<!-- \/ Yoast SEO plugin. -->","yoast_head_json":{"title":"Motor Paso A Paso Con Engranajes 24BYJ48, Motor Paso A Paso Con Reductor &#8211; Leili Motor","description":"El motor paso a paso con engranaje 24BYJ48 funciona a 5-12 V con una resistencia de 60-300 \u03a9, lo que garantiza un control preciso, un alto torque y un movimiento suave para aplicaciones de automatizaci\u00f3n y rob\u00f3tica.","robots":{"index":"index","follow":"follow","max-snippet":"max-snippet:-1","max-image-preview":"max-image-preview:large","max-video-preview":"max-video-preview:-1"},"canonical":"https:\/\/www.leili-motor.net\/es\/motor-paso-a-paso-con-engranajes-24byj48.html","twitter_misc":{"Tiempo de lectura":"1 minuto"},"schema":{"@context":"https:\/\/schema.org","@graph":[{"@type":"WebPage","@id":"https:\/\/www.leili-motor.net\/es\/motor-paso-a-paso-con-engranajes-24byj48.html","url":"https:\/\/www.leili-motor.net\/es\/motor-paso-a-paso-con-engranajes-24byj48.html","name":"Motor Paso A Paso Con Engranajes 24BYJ48, Motor Paso A Paso Con Reductor &#8211; Leili Motor","isPartOf":{"@id":"https:\/\/www.leili-motor.net\/es\/#website"},"primaryImageOfPage":{"@id":"https:\/\/www.leili-motor.net\/es\/motor-paso-a-paso-con-engranajes-24byj48.html#primaryimage"},"image":{"@id":"https:\/\/www.leili-motor.net\/es\/motor-paso-a-paso-con-engranajes-24byj48.html#primaryimage"},"thumbnailUrl":"https:\/\/www.leili-motor.net\/wp-content\/uploads\/2025\/03\/24BYJ48-Geared-Stepper-Motor.webp","datePublished":"2025-03-05T06:34:50+00:00","dateModified":"2025-04-22T09:09:25+00:00","description":"El motor paso a paso con engranaje 24BYJ48 funciona a 5-12 V con una resistencia de 60-300 \u03a9, lo que garantiza un control preciso, un alto torque y un movimiento suave para aplicaciones de automatizaci\u00f3n y rob\u00f3tica.","breadcrumb":{"@id":"https:\/\/www.leili-motor.net\/es\/motor-paso-a-paso-con-engranajes-24byj48.html#breadcrumb"},"inLanguage":"es","potentialAction":[{"@type":"ReadAction","target":["https:\/\/www.leili-motor.net\/es\/motor-paso-a-paso-con-engranajes-24byj48.html"]}]},{"@type":"ImageObject","inLanguage":"es","@id":"https:\/\/www.leili-motor.net\/es\/motor-paso-a-paso-con-engranajes-24byj48.html#primaryimage","url":"https:\/\/www.leili-motor.net\/wp-content\/uploads\/2025\/03\/24BYJ48-Geared-Stepper-Motor.webp","contentUrl":"https:\/\/www.leili-motor.net\/wp-content\/uploads\/2025\/03\/24BYJ48-Geared-Stepper-Motor.webp","width":454,"height":310,"caption":"Motor paso a paso con engranajes 24BYJ48"},{"@type":"BreadcrumbList","@id":"https:\/\/www.leili-motor.net\/es\/motor-paso-a-paso-con-engranajes-24byj48.html#breadcrumb","itemListElement":[{"@type":"ListItem","position":1,"name":"Home","item":"https:\/\/www.leili-motor.net\/es\/hogar\/"},{"@type":"ListItem","position":2,"name":"Productos","item":"https:\/\/www.leili-motor.net\/es\/productos\/"},{"@type":"ListItem","position":3,"name":"Motor Paso A Paso Con Engranajes 24BYJ48"}]},{"@type":"WebSite","@id":"https:\/\/www.leili-motor.net\/es\/#website","url":"https:\/\/www.leili-motor.net\/es\/","name":"Leili Motor","description":"","publisher":{"@id":"https:\/\/www.leili-motor.net\/es\/#organization"},"potentialAction":[{"@type":"SearchAction","target":{"@type":"EntryPoint","urlTemplate":"https:\/\/www.leili-motor.net\/es\/?s={search_term_string}"},"query-input":{"@type":"PropertyValueSpecification","valueRequired":true,"valueName":"search_term_string"}}],"inLanguage":"es"},{"@type":"Organization","@id":"https:\/\/www.leili-motor.net\/es\/#organization","name":"Leili Motor","url":"https:\/\/www.leili-motor.net\/es\/","logo":{"@type":"ImageObject","inLanguage":"es","@id":"https:\/\/www.leili-motor.net\/es\/#\/schema\/logo\/image\/","url":"https:\/\/www.leili-motor.net\/wp-content\/uploads\/2025\/03\/Leili-Motor.png","contentUrl":"https:\/\/www.leili-motor.net\/wp-content\/uploads\/2025\/03\/Leili-Motor.png","width":600,"height":156,"caption":"Leili Motor"},"image":{"@id":"https:\/\/www.leili-motor.net\/es\/#\/schema\/logo\/image\/"}}]}},"_links":{"self":[{"href":"https:\/\/www.leili-motor.net\/es\/wp-json\/wp\/v2\/product\/6777","targetHints":{"allow":["GET"]}}],"collection":[{"href":"https:\/\/www.leili-motor.net\/es\/wp-json\/wp\/v2\/product"}],"about":[{"href":"https:\/\/www.leili-motor.net\/es\/wp-json\/wp\/v2\/types\/product"}],"replies":[{"embeddable":true,"href":"https:\/\/www.leili-motor.net\/es\/wp-json\/wp\/v2\/comments?post=6777"}],"wp:featuredmedia":[{"embeddable":true,"href":"https:\/\/www.leili-motor.net\/es\/wp-json\/wp\/v2\/media\/5450"}],"wp:attachment":[{"href":"https:\/\/www.leili-motor.net\/es\/wp-json\/wp\/v2\/media?parent=6777"}],"wp:term":[{"taxonomy":"product_brand","embeddable":true,"href":"https:\/\/www.leili-motor.net\/es\/wp-json\/wp\/v2\/product_brand?post=6777"},{"taxonomy":"product_cat","embeddable":true,"href":"https:\/\/www.leili-motor.net\/es\/wp-json\/wp\/v2\/product_cat?post=6777"},{"taxonomy":"product_tag","embeddable":true,"href":"https:\/\/www.leili-motor.net\/es\/wp-json\/wp\/v2\/product_tag?post=6777"}],"curies":[{"name":"wp","href":"https:\/\/api.w.org\/{rel}","templated":true}]}}