{"id":6799,"date":"2025-03-07T09:47:12","date_gmt":"2025-03-07T01:47:12","guid":{"rendered":"https:\/\/www.leili-motor.net\/motor-paso-a-paso-hibrido-28bygh\/"},"modified":"2025-04-23T09:29:19","modified_gmt":"2025-04-23T01:29:19","slug":"motor-paso-a-paso-hibrido-28bygh","status":"publish","type":"product","link":"https:\/\/www.leili-motor.net\/es\/motor-paso-a-paso-hibrido-28bygh.html","title":{"rendered":"Motor Paso A Paso H\u00edbrido 28BYGH"},"content":{"rendered":"<h2>Par\u00e1metros del Producto<\/h2>\n<h3>Accionamiento unipolar<\/h3>\n<table>\n<tbody>\n<tr>\n<td>Tipo de motor<\/td>\n<td>\u00c1ngulo de paso<\/td>\n<td>Voltaje de fase<\/td>\n<td>Actual<\/td>\n<td>Resistencia<\/td>\n<td>Inductancia<\/td>\n<td>Par de retenci\u00f3n<\/td>\n<td>Par de giro en marcha<\/td>\n<td>Frecuencia de inicio<\/td>\n<td>Frecuencia de movimiento<\/td>\n<td>Peso<\/td>\n<td>Altura total<\/td>\n<\/tr>\n<tr>\n<td><\/td>\n<td>(\u00b0)<\/td>\n<td>\uff08VDC\uff09<\/td>\n<td>\uff08A\uff09<\/td>\n<td>(\u03a9)<\/td>\n<td>(mH)<\/td>\n<td>\uff08mN.m\uff09<\/td>\n<td>\uff08mN.m\uff09<\/td>\n<td>\uff08PPS\uff09<\/td>\n<td>\uff08PPS\uff09<\/td>\n<td>\uff08kg\uff09<\/td>\n<td>\uff08mm\uff09<\/td>\n<\/tr>\n<tr>\n<td>28BYGH23-1<\/td>\n<td>1.8<\/td>\n<td>3.2<\/td>\n<td>0.95<\/td>\n<td>3.4<\/td>\n<td>1.6<\/td>\n<td>65<\/td>\n<td>35<\/td>\n<td>2700<\/td>\n<td>10000<\/td>\n<td>0.16<\/td>\n<td>38<\/td>\n<\/tr>\n<tr>\n<td>28BYGH36-1<\/td>\n<td>1.8<\/td>\n<td>4.4<\/td>\n<td>0.95<\/td>\n<td>4.6<\/td>\n<td>2.3<\/td>\n<td>85<\/td>\n<td>60<\/td>\n<td>2700<\/td>\n<td>10000<\/td>\n<td>0.2<\/td>\n<td>51<\/td>\n<\/tr>\n<\/tbody>\n<\/table>\n<h3>Impulso bipolar<\/h3>\n<table>\n<tbody>\n<tr>\n<td>Tipo de motor<\/td>\n<td>\u00c1ngulo de paso<\/td>\n<td>Voltaje de fase<\/td>\n<td>Actual<\/td>\n<td>Resistencia<\/td>\n<td>Inductancia<\/td>\n<td>Par de retenci\u00f3n<\/td>\n<td>Par de giro en marcha<\/td>\n<td>Frecuencia de inicio<\/td>\n<td>Frecuencia de movimiento<\/td>\n<td>Peso<\/td>\n<td>Altura total<\/td>\n<\/tr>\n<tr>\n<td><\/td>\n<td>(\u00b0)<\/td>\n<td>\uff08VDC\uff09<\/td>\n<td>\uff08A\uff09<\/td>\n<td>(\u03a9)<\/td>\n<td>\uff08mH\uff09<\/td>\n<td>\uff08mN.m\uff09<\/td>\n<td>\uff08mN.m\uff09<\/td>\n<td>\uff08PPS\uff09<\/td>\n<td>\uff08PPS\uff09<\/td>\n<td>\uff08KG\uff09<\/td>\n<td>\uff08mm\uff09<\/td>\n<\/tr>\n<tr>\n<td>28BYGH23-1<\/td>\n<td>1.8<\/td>\n<td>6<\/td>\n<td>1.2<\/td>\n<td>5<\/td>\n<td>4.2<\/td>\n<td>\u226580<\/td>\n<td>\u226546<\/td>\n<td>2500<\/td>\n<td>10000<\/td>\n<td>0.16<\/td>\n<td>38<\/td>\n<\/tr>\n<\/tbody>\n<\/table>\n<h2>Dimensiones mec\u00e1nicas: mm<\/h2>\n<p><img fetchpriority=\"high\" decoding=\"async\" class=\"size-full wp-image-1169 aligncenter\" src=\"https:\/\/www.leili-motor.net\/wp-content\/uploads\/2025\/03\/Hybrid-Stepper-Motor-28BYGH-dimension.webp\" alt=\"Motor paso a paso h\u00edbrido de 28BYGH\" width=\"759\" height=\"562\" srcset=\"https:\/\/www.leili-motor.net\/wp-content\/uploads\/2025\/03\/Hybrid-Stepper-Motor-28BYGH-dimension.webp 759w, https:\/\/www.leili-motor.net\/wp-content\/uploads\/2025\/03\/Hybrid-Stepper-Motor-28BYGH-dimension-300x222.webp 300w, https:\/\/www.leili-motor.net\/wp-content\/uploads\/2025\/03\/Hybrid-Stepper-Motor-28BYGH-dimension-600x444.webp 600w\" sizes=\"(max-width: 759px) 100vw, 759px\" \/><\/p>\n","protected":false},"excerpt":{"rendered":"<h3>Introducci\u00f3n Del Producto<\/h3>\n<ul>\n<li>Modelo: 28BYGH<\/li>\n<li>Cuenta con un \u00e1ngulo de paso de 1,8\u00b0 y un torque de retenci\u00f3n de 65 mN\u00b7m para un posicionamiento preciso.<\/li>\n<li>Funcionamiento fiable con frecuencia de arranque de 2700 PPS y altura total de 38 mm.<\/li>\n<\/ul>\n<h3>Aplicaci\u00f3n del Producto<\/h3>\n<ul>\n<li>Industrias: Exhibici\u00f3n, equipo financiero OA<\/li>\n<li>Coche: faros delanteros<\/li>\n<li>Salud deportiva: Dispositivos m\u00e9dicos<\/li>\n<\/ul>\n","protected":false},"featured_media":5717,"comment_status":"open","ping_status":"closed","template":"","meta":{"site-sidebar-layout":"default","site-content-layout":"","ast-site-content-layout":"default","site-content-style":"default","site-sidebar-style":"default","ast-global-header-display":"","ast-banner-title-visibility":"","ast-main-header-display":"","ast-hfb-above-header-display":"","ast-hfb-below-header-display":"","ast-hfb-mobile-header-display":"","site-post-title":"","ast-breadcrumbs-content":"","ast-featured-img":"","footer-sml-layout":"","theme-transparent-header-meta":"default","adv-header-id-meta":"","stick-header-meta":"","header-above-stick-meta":"","header-main-stick-meta":"","header-below-stick-meta":"","astra-migrate-meta-layouts":"set","ast-page-background-enabled":"default","ast-page-background-meta":{"desktop":{"background-color":"var(--ast-global-color-5)","background-image":"","background-repeat":"repeat","background-position":"center center","background-size":"auto","background-attachment":"scroll","background-type":"","background-media":"","overlay-type":"","overlay-color":"","overlay-opacity":"","overlay-gradient":""},"tablet":{"background-color":"","background-image":"","background-repeat":"repeat","background-position":"center center","background-size":"auto","background-attachment":"scroll","background-type":"","background-media":"","overlay-type":"","overlay-color":"","overlay-opacity":"","overlay-gradient":""},"mobile":{"background-color":"","background-image":"","background-repeat":"repeat","background-position":"center center","background-size":"auto","background-attachment":"scroll","background-type":"","background-media":"","overlay-type":"","overlay-color":"","overlay-opacity":"","overlay-gradient":""}},"ast-content-background-meta":{"desktop":{"background-color":"var(--ast-global-color-4)","background-image":"","background-repeat":"repeat","background-position":"center center","background-size":"auto","background-attachment":"scroll","background-type":"","background-media":"","overlay-type":"","overlay-color":"","overlay-opacity":"","overlay-gradient":""},"tablet":{"background-color":"var(--ast-global-color-4)","background-image":"","background-repeat":"repeat","background-position":"center center","background-size":"auto","background-attachment":"scroll","background-type":"","background-media":"","overlay-type":"","overlay-color":"","overlay-opacity":"","overlay-gradient":""},"mobile":{"background-color":"var(--ast-global-color-4)","background-image":"","background-repeat":"repeat","background-position":"center center","background-size":"auto","background-attachment":"scroll","background-type":"","background-media":"","overlay-type":"","overlay-color":"","overlay-opacity":"","overlay-gradient":""}}},"product_brand":[],"product_cat":[538,601],"product_tag":[610,612,611],"class_list":{"0":"post-6799","1":"product","2":"type-product","3":"status-publish","4":"has-post-thumbnail","6":"product_cat-categoria-de-motor-paso-a-paso","7":"product_cat-motores-paso-a-paso-hibrido","8":"product_tag-control-de-la-carroceria-direccion-ligera","9":"product_tag-monitoreo-de-seguridad-motor-paso-a-paso-hibrido","10":"product_tag-oa-finance-motor-paso-a-paso-hibrido","11":"pa_application-autopartes","12":"pa_application-industria","13":"desktop-align-left","14":"tablet-align-left","15":"mobile-align-left","17":"first","18":"instock","19":"shipping-taxable","20":"product-type-simple"},"yoast_head":"<!-- This site is optimized with the Yoast SEO plugin v27.2 - https:\/\/yoast.com\/product\/yoast-seo-wordpress\/ -->\n<title>Motor Paso A Paso H\u00edbrido 28BYGH &#8211; Leili Motor<\/title>\n<meta name=\"description\" content=\"El motor paso a paso h\u00edbrido 28BYGH ofrece un \u00e1ngulo de paso de 1,8\u00b0, un par de retenci\u00f3n de 65-85 mN\u00b7m y una frecuencia de movimiento de hasta 10 000 PPS.\" \/>\n<meta name=\"robots\" content=\"index, follow, max-snippet:-1, max-image-preview:large, max-video-preview:-1\" \/>\n<link rel=\"canonical\" href=\"https:\/\/www.leili-motor.net\/es\/motor-paso-a-paso-hibrido-28bygh.html\" \/>\n<meta name=\"twitter:label1\" content=\"Tiempo de lectura\" \/>\n\t<meta name=\"twitter:data1\" content=\"1 minuto\" \/>\n<script type=\"application\/ld+json\" class=\"yoast-schema-graph\">{\"@context\":\"https:\/\/schema.org\",\"@graph\":[{\"@type\":\"WebPage\",\"@id\":\"https:\/\/www.leili-motor.net\/es\/motor-paso-a-paso-hibrido-28bygh.html\",\"url\":\"https:\/\/www.leili-motor.net\/es\/motor-paso-a-paso-hibrido-28bygh.html\",\"name\":\"Motor Paso A Paso H\u00edbrido 28BYGH &#8211; Leili Motor\",\"isPartOf\":{\"@id\":\"https:\/\/www.leili-motor.net\/es\/#website\"},\"primaryImageOfPage\":{\"@id\":\"https:\/\/www.leili-motor.net\/es\/motor-paso-a-paso-hibrido-28bygh.html#primaryimage\"},\"image\":{\"@id\":\"https:\/\/www.leili-motor.net\/es\/motor-paso-a-paso-hibrido-28bygh.html#primaryimage\"},\"thumbnailUrl\":\"https:\/\/www.leili-motor.net\/wp-content\/uploads\/2025\/03\/Hybrid-Stepper-Motor-28BYGH.webp\",\"datePublished\":\"2025-03-07T01:47:12+00:00\",\"dateModified\":\"2025-04-23T01:29:19+00:00\",\"description\":\"El motor paso a paso h\u00edbrido 28BYGH ofrece un \u00e1ngulo de paso de 1,8\u00b0, un par de retenci\u00f3n de 65-85 mN\u00b7m y una frecuencia de movimiento de hasta 10 000 PPS.\",\"breadcrumb\":{\"@id\":\"https:\/\/www.leili-motor.net\/es\/motor-paso-a-paso-hibrido-28bygh.html#breadcrumb\"},\"inLanguage\":\"es\",\"potentialAction\":[{\"@type\":\"ReadAction\",\"target\":[\"https:\/\/www.leili-motor.net\/es\/motor-paso-a-paso-hibrido-28bygh.html\"]}]},{\"@type\":\"ImageObject\",\"inLanguage\":\"es\",\"@id\":\"https:\/\/www.leili-motor.net\/es\/motor-paso-a-paso-hibrido-28bygh.html#primaryimage\",\"url\":\"https:\/\/www.leili-motor.net\/wp-content\/uploads\/2025\/03\/Hybrid-Stepper-Motor-28BYGH.webp\",\"contentUrl\":\"https:\/\/www.leili-motor.net\/wp-content\/uploads\/2025\/03\/Hybrid-Stepper-Motor-28BYGH.webp\",\"width\":454,\"height\":310,\"caption\":\"Motor paso a paso h\u00edbrido 28BYGH\"},{\"@type\":\"BreadcrumbList\",\"@id\":\"https:\/\/www.leili-motor.net\/es\/motor-paso-a-paso-hibrido-28bygh.html#breadcrumb\",\"itemListElement\":[{\"@type\":\"ListItem\",\"position\":1,\"name\":\"Home\",\"item\":\"https:\/\/www.leili-motor.net\/es\/hogar\/\"},{\"@type\":\"ListItem\",\"position\":2,\"name\":\"Productos\",\"item\":\"https:\/\/www.leili-motor.net\/es\/productos\/\"},{\"@type\":\"ListItem\",\"position\":3,\"name\":\"Motor Paso A Paso H\u00edbrido 28BYGH\"}]},{\"@type\":\"WebSite\",\"@id\":\"https:\/\/www.leili-motor.net\/es\/#website\",\"url\":\"https:\/\/www.leili-motor.net\/es\/\",\"name\":\"Leili Motor\",\"description\":\"\",\"publisher\":{\"@id\":\"https:\/\/www.leili-motor.net\/es\/#organization\"},\"potentialAction\":[{\"@type\":\"SearchAction\",\"target\":{\"@type\":\"EntryPoint\",\"urlTemplate\":\"https:\/\/www.leili-motor.net\/es\/?s={search_term_string}\"},\"query-input\":{\"@type\":\"PropertyValueSpecification\",\"valueRequired\":true,\"valueName\":\"search_term_string\"}}],\"inLanguage\":\"es\"},{\"@type\":\"Organization\",\"@id\":\"https:\/\/www.leili-motor.net\/es\/#organization\",\"name\":\"Leili Motor\",\"url\":\"https:\/\/www.leili-motor.net\/es\/\",\"logo\":{\"@type\":\"ImageObject\",\"inLanguage\":\"es\",\"@id\":\"https:\/\/www.leili-motor.net\/es\/#\/schema\/logo\/image\/\",\"url\":\"https:\/\/www.leili-motor.net\/wp-content\/uploads\/2025\/03\/Leili-Motor.png\",\"contentUrl\":\"https:\/\/www.leili-motor.net\/wp-content\/uploads\/2025\/03\/Leili-Motor.png\",\"width\":600,\"height\":156,\"caption\":\"Leili Motor\"},\"image\":{\"@id\":\"https:\/\/www.leili-motor.net\/es\/#\/schema\/logo\/image\/\"}}]}<\/script>\n<!-- \/ Yoast SEO plugin. -->","yoast_head_json":{"title":"Motor Paso A Paso H\u00edbrido 28BYGH &#8211; Leili Motor","description":"El motor paso a paso h\u00edbrido 28BYGH ofrece un \u00e1ngulo de paso de 1,8\u00b0, un par de retenci\u00f3n de 65-85 mN\u00b7m y una frecuencia de movimiento de hasta 10 000 PPS.","robots":{"index":"index","follow":"follow","max-snippet":"max-snippet:-1","max-image-preview":"max-image-preview:large","max-video-preview":"max-video-preview:-1"},"canonical":"https:\/\/www.leili-motor.net\/es\/motor-paso-a-paso-hibrido-28bygh.html","twitter_misc":{"Tiempo de lectura":"1 minuto"},"schema":{"@context":"https:\/\/schema.org","@graph":[{"@type":"WebPage","@id":"https:\/\/www.leili-motor.net\/es\/motor-paso-a-paso-hibrido-28bygh.html","url":"https:\/\/www.leili-motor.net\/es\/motor-paso-a-paso-hibrido-28bygh.html","name":"Motor Paso A Paso H\u00edbrido 28BYGH &#8211; Leili Motor","isPartOf":{"@id":"https:\/\/www.leili-motor.net\/es\/#website"},"primaryImageOfPage":{"@id":"https:\/\/www.leili-motor.net\/es\/motor-paso-a-paso-hibrido-28bygh.html#primaryimage"},"image":{"@id":"https:\/\/www.leili-motor.net\/es\/motor-paso-a-paso-hibrido-28bygh.html#primaryimage"},"thumbnailUrl":"https:\/\/www.leili-motor.net\/wp-content\/uploads\/2025\/03\/Hybrid-Stepper-Motor-28BYGH.webp","datePublished":"2025-03-07T01:47:12+00:00","dateModified":"2025-04-23T01:29:19+00:00","description":"El motor paso a paso h\u00edbrido 28BYGH ofrece un \u00e1ngulo de paso de 1,8\u00b0, un par de retenci\u00f3n de 65-85 mN\u00b7m y una frecuencia de movimiento de hasta 10 000 PPS.","breadcrumb":{"@id":"https:\/\/www.leili-motor.net\/es\/motor-paso-a-paso-hibrido-28bygh.html#breadcrumb"},"inLanguage":"es","potentialAction":[{"@type":"ReadAction","target":["https:\/\/www.leili-motor.net\/es\/motor-paso-a-paso-hibrido-28bygh.html"]}]},{"@type":"ImageObject","inLanguage":"es","@id":"https:\/\/www.leili-motor.net\/es\/motor-paso-a-paso-hibrido-28bygh.html#primaryimage","url":"https:\/\/www.leili-motor.net\/wp-content\/uploads\/2025\/03\/Hybrid-Stepper-Motor-28BYGH.webp","contentUrl":"https:\/\/www.leili-motor.net\/wp-content\/uploads\/2025\/03\/Hybrid-Stepper-Motor-28BYGH.webp","width":454,"height":310,"caption":"Motor paso a paso h\u00edbrido 28BYGH"},{"@type":"BreadcrumbList","@id":"https:\/\/www.leili-motor.net\/es\/motor-paso-a-paso-hibrido-28bygh.html#breadcrumb","itemListElement":[{"@type":"ListItem","position":1,"name":"Home","item":"https:\/\/www.leili-motor.net\/es\/hogar\/"},{"@type":"ListItem","position":2,"name":"Productos","item":"https:\/\/www.leili-motor.net\/es\/productos\/"},{"@type":"ListItem","position":3,"name":"Motor Paso A Paso H\u00edbrido 28BYGH"}]},{"@type":"WebSite","@id":"https:\/\/www.leili-motor.net\/es\/#website","url":"https:\/\/www.leili-motor.net\/es\/","name":"Leili Motor","description":"","publisher":{"@id":"https:\/\/www.leili-motor.net\/es\/#organization"},"potentialAction":[{"@type":"SearchAction","target":{"@type":"EntryPoint","urlTemplate":"https:\/\/www.leili-motor.net\/es\/?s={search_term_string}"},"query-input":{"@type":"PropertyValueSpecification","valueRequired":true,"valueName":"search_term_string"}}],"inLanguage":"es"},{"@type":"Organization","@id":"https:\/\/www.leili-motor.net\/es\/#organization","name":"Leili Motor","url":"https:\/\/www.leili-motor.net\/es\/","logo":{"@type":"ImageObject","inLanguage":"es","@id":"https:\/\/www.leili-motor.net\/es\/#\/schema\/logo\/image\/","url":"https:\/\/www.leili-motor.net\/wp-content\/uploads\/2025\/03\/Leili-Motor.png","contentUrl":"https:\/\/www.leili-motor.net\/wp-content\/uploads\/2025\/03\/Leili-Motor.png","width":600,"height":156,"caption":"Leili Motor"},"image":{"@id":"https:\/\/www.leili-motor.net\/es\/#\/schema\/logo\/image\/"}}]}},"_links":{"self":[{"href":"https:\/\/www.leili-motor.net\/es\/wp-json\/wp\/v2\/product\/6799","targetHints":{"allow":["GET"]}}],"collection":[{"href":"https:\/\/www.leili-motor.net\/es\/wp-json\/wp\/v2\/product"}],"about":[{"href":"https:\/\/www.leili-motor.net\/es\/wp-json\/wp\/v2\/types\/product"}],"replies":[{"embeddable":true,"href":"https:\/\/www.leili-motor.net\/es\/wp-json\/wp\/v2\/comments?post=6799"}],"wp:featuredmedia":[{"embeddable":true,"href":"https:\/\/www.leili-motor.net\/es\/wp-json\/wp\/v2\/media\/5717"}],"wp:attachment":[{"href":"https:\/\/www.leili-motor.net\/es\/wp-json\/wp\/v2\/media?parent=6799"}],"wp:term":[{"taxonomy":"product_brand","embeddable":true,"href":"https:\/\/www.leili-motor.net\/es\/wp-json\/wp\/v2\/product_brand?post=6799"},{"taxonomy":"product_cat","embeddable":true,"href":"https:\/\/www.leili-motor.net\/es\/wp-json\/wp\/v2\/product_cat?post=6799"},{"taxonomy":"product_tag","embeddable":true,"href":"https:\/\/www.leili-motor.net\/es\/wp-json\/wp\/v2\/product_tag?post=6799"}],"curies":[{"name":"wp","href":"https:\/\/api.w.org\/{rel}","templated":true}]}}