{"id":6802,"date":"2025-03-06T17:51:07","date_gmt":"2025-03-06T09:51:07","guid":{"rendered":"https:\/\/www.leili-motor.net\/motor-paso-a-paso-hibrido-35bygh\/"},"modified":"2025-04-23T09:30:24","modified_gmt":"2025-04-23T01:30:24","slug":"motor-paso-a-paso-hibrido-35bygh","status":"publish","type":"product","link":"https:\/\/www.leili-motor.net\/es\/motor-paso-a-paso-hibrido-35bygh.html","title":{"rendered":"Motor Paso A Paso H\u00edbrido 35BYGH"},"content":{"rendered":"<h2>Par\u00e1metros del Producto<\/h2>\n<h3>Impulso bipolar<\/h3>\n<table>\n<tbody>\n<tr>\n<td>Modelo de Motor<\/td>\n<td>\u00c1ngulo de paso<\/td>\n<td>Voltaje de fase<\/td>\n<td>Actual<\/td>\n<td>Resistencia<\/td>\n<td>Inductancia<\/td>\n<td>Par de retenci\u00f3n<\/td>\n<td>Par de giro en marcha<\/td>\n<td>Frecuencia de inicio<\/td>\n<td>Frecuencia de ejercicio<\/td>\n<td>Peso<\/td>\n<td>Altura total<\/td>\n<\/tr>\n<tr>\n<td><\/td>\n<td>(\u00b0)<\/td>\n<td>(VDC)<\/td>\n<td>(A)<\/td>\n<td>(\u03a9)<\/td>\n<td>(mH)<\/td>\n<td>(mN.m)<\/td>\n<td>(mN.m)<\/td>\n<td>(PPS)<\/td>\n<td>(PPS)<\/td>\n<td>(Kg)<\/td>\n<td>\uff08mm\uff09<\/td>\n<\/tr>\n<tr>\n<td>35BYGH25-1<\/td>\n<td>1.8<\/td>\n<td>14.8<\/td>\n<td>0.4<\/td>\n<td>37<\/td>\n<td>33<\/td>\n<td>\u2265210<\/td>\n<td>\u2265160<\/td>\n<td>1800<\/td>\n<td>2700<\/td>\n<td>0.2<\/td>\n<td>38<\/td>\n<\/tr>\n<tr>\n<td>35BYGH21-3<\/td>\n<td>0.9<\/td>\n<td>4<\/td>\n<td>0.5<\/td>\n<td>8<\/td>\n<td>10.5<\/td>\n<td>\u2265117.6<\/td>\n<td>\u226580<\/td>\n<td>1800<\/td>\n<td>2300<\/td>\n<td>0.18<\/td>\n<td>36.5<\/td>\n<\/tr>\n<\/tbody>\n<\/table>\n<h2>Dimensiones mec\u00e1nicas: mm<\/h2>\n<p><img loading=\"lazy\" decoding=\"async\" loading=\"lazy\" class=\"size-full wp-image-1141 aligncenter\" src=\"https:\/\/www.leili-motor.net\/wp-content\/uploads\/2025\/03\/35BYGH-Hybrid-Stepper-Motor-Dimensions.webp\" alt=\"Dimensiones del motor paso a paso h\u00edbrido 35BYGH\" width=\"759\" height=\"562\" srcset=\"https:\/\/www.leili-motor.net\/wp-content\/uploads\/2025\/03\/35BYGH-Hybrid-Stepper-Motor-Dimensions.webp 759w, https:\/\/www.leili-motor.net\/wp-content\/uploads\/2025\/03\/35BYGH-Hybrid-Stepper-Motor-Dimensions-300x222.webp 300w, https:\/\/www.leili-motor.net\/wp-content\/uploads\/2025\/03\/35BYGH-Hybrid-Stepper-Motor-Dimensions-600x444.webp 600w\" sizes=\"auto, (max-width: 759px) 100vw, 759px\" \/><\/p>\n","protected":false},"excerpt":{"rendered":"<h3>Introducci\u00f3n Del Producto<\/h3>\n<ul>\n<li>Modelo: 35BYGH<\/li>\n<li>Los motores 35BYGH proporcionan un \u00e1ngulo de paso de 1,8\u00b0 y un torque de \u2265210 mN.m, lo que garantiza un posicionamiento preciso.<\/li>\n<li>Estos motores livianos pesan 0,2 kg o menos y admiten altas frecuencias de ejercicio de hasta 2700 PPS.<\/li>\n<\/ul>\n<h3>Aplicaci\u00f3n del Producto<\/h3>\n<ul>\n<li>Industria: Monitores, equipos financieros OA, instrumentos de pesaje, iluminaci\u00f3n de escenarios<\/li>\n<li>Salud deportiva: Dispositivos m\u00e9dicos<\/li>\n<\/ul>\n<h3>Piezas opcionales<\/h3>\n<p>Caja de engranajes planetarios, husillo de avance, eje hueco, accionamiento<\/p>\n","protected":false},"featured_media":5709,"comment_status":"open","ping_status":"closed","template":"","meta":{"site-sidebar-layout":"default","site-content-layout":"","ast-site-content-layout":"default","site-content-style":"default","site-sidebar-style":"default","ast-global-header-display":"","ast-banner-title-visibility":"","ast-main-header-display":"","ast-hfb-above-header-display":"","ast-hfb-below-header-display":"","ast-hfb-mobile-header-display":"","site-post-title":"","ast-breadcrumbs-content":"","ast-featured-img":"","footer-sml-layout":"","theme-transparent-header-meta":"default","adv-header-id-meta":"","stick-header-meta":"","header-above-stick-meta":"","header-main-stick-meta":"","header-below-stick-meta":"","astra-migrate-meta-layouts":"set","ast-page-background-enabled":"default","ast-page-background-meta":{"desktop":{"background-color":"var(--ast-global-color-5)","background-image":"","background-repeat":"repeat","background-position":"center center","background-size":"auto","background-attachment":"scroll","background-type":"","background-media":"","overlay-type":"","overlay-color":"","overlay-opacity":"","overlay-gradient":""},"tablet":{"background-color":"","background-image":"","background-repeat":"repeat","background-position":"center center","background-size":"auto","background-attachment":"scroll","background-type":"","background-media":"","overlay-type":"","overlay-color":"","overlay-opacity":"","overlay-gradient":""},"mobile":{"background-color":"","background-image":"","background-repeat":"repeat","background-position":"center center","background-size":"auto","background-attachment":"scroll","background-type":"","background-media":"","overlay-type":"","overlay-color":"","overlay-opacity":"","overlay-gradient":""}},"ast-content-background-meta":{"desktop":{"background-color":"var(--ast-global-color-4)","background-image":"","background-repeat":"repeat","background-position":"center center","background-size":"auto","background-attachment":"scroll","background-type":"","background-media":"","overlay-type":"","overlay-color":"","overlay-opacity":"","overlay-gradient":""},"tablet":{"background-color":"var(--ast-global-color-4)","background-image":"","background-repeat":"repeat","background-position":"center center","background-size":"auto","background-attachment":"scroll","background-type":"","background-media":"","overlay-type":"","overlay-color":"","overlay-opacity":"","overlay-gradient":""},"mobile":{"background-color":"var(--ast-global-color-4)","background-image":"","background-repeat":"repeat","background-position":"center center","background-size":"auto","background-attachment":"scroll","background-type":"","background-media":"","overlay-type":"","overlay-color":"","overlay-opacity":"","overlay-gradient":""}}},"product_brand":[],"product_cat":[538,601],"product_tag":[602,612],"class_list":{"0":"post-6802","1":"product","2":"type-product","3":"status-publish","4":"has-post-thumbnail","6":"product_cat-categoria-de-motor-paso-a-paso","7":"product_cat-motores-paso-a-paso-hibrido","8":"product_tag-equipos-industriales-motor-paso-a-paso-hibrido","9":"product_tag-monitoreo-de-seguridad-motor-paso-a-paso-hibrido","10":"pa_application-industria","11":"pa_application-salud-deportiva","12":"desktop-align-left","13":"tablet-align-left","14":"mobile-align-left","16":"first","17":"instock","18":"shipping-taxable","19":"product-type-simple"},"yoast_head":"<!-- This site is optimized with the Yoast SEO plugin v27.2 - https:\/\/yoast.com\/product\/yoast-seo-wordpress\/ -->\n<title>Motor Paso A Paso H\u00edbrido 35BYGH &#8211; Leili Motor<\/title>\n<meta name=\"description\" content=\"El motor paso a paso h\u00edbrido 35BYGH ofrece un \u00e1ngulo de paso de 1,8\u00b0, un par de retenci\u00f3n de 210 mN.m y un dise\u00f1o liviano y compacto para un rendimiento confiable.\" \/>\n<meta name=\"robots\" content=\"index, follow, max-snippet:-1, max-image-preview:large, max-video-preview:-1\" \/>\n<link rel=\"canonical\" href=\"https:\/\/www.leili-motor.net\/es\/motor-paso-a-paso-hibrido-35bygh.html\" \/>\n<meta name=\"twitter:label1\" content=\"Tiempo de lectura\" \/>\n\t<meta name=\"twitter:data1\" content=\"1 minuto\" \/>\n<script type=\"application\/ld+json\" class=\"yoast-schema-graph\">{\"@context\":\"https:\/\/schema.org\",\"@graph\":[{\"@type\":\"WebPage\",\"@id\":\"https:\/\/www.leili-motor.net\/es\/motor-paso-a-paso-hibrido-35bygh.html\",\"url\":\"https:\/\/www.leili-motor.net\/es\/motor-paso-a-paso-hibrido-35bygh.html\",\"name\":\"Motor Paso A Paso H\u00edbrido 35BYGH &#8211; Leili Motor\",\"isPartOf\":{\"@id\":\"https:\/\/www.leili-motor.net\/es\/#website\"},\"primaryImageOfPage\":{\"@id\":\"https:\/\/www.leili-motor.net\/es\/motor-paso-a-paso-hibrido-35bygh.html#primaryimage\"},\"image\":{\"@id\":\"https:\/\/www.leili-motor.net\/es\/motor-paso-a-paso-hibrido-35bygh.html#primaryimage\"},\"thumbnailUrl\":\"https:\/\/www.leili-motor.net\/wp-content\/uploads\/2025\/03\/Hybrid-Stepper-Motor-35BYGH.webp\",\"datePublished\":\"2025-03-06T09:51:07+00:00\",\"dateModified\":\"2025-04-23T01:30:24+00:00\",\"description\":\"El motor paso a paso h\u00edbrido 35BYGH ofrece un \u00e1ngulo de paso de 1,8\u00b0, un par de retenci\u00f3n de 210 mN.m y un dise\u00f1o liviano y compacto para un rendimiento confiable.\",\"breadcrumb\":{\"@id\":\"https:\/\/www.leili-motor.net\/es\/motor-paso-a-paso-hibrido-35bygh.html#breadcrumb\"},\"inLanguage\":\"es\",\"potentialAction\":[{\"@type\":\"ReadAction\",\"target\":[\"https:\/\/www.leili-motor.net\/es\/motor-paso-a-paso-hibrido-35bygh.html\"]}]},{\"@type\":\"ImageObject\",\"inLanguage\":\"es\",\"@id\":\"https:\/\/www.leili-motor.net\/es\/motor-paso-a-paso-hibrido-35bygh.html#primaryimage\",\"url\":\"https:\/\/www.leili-motor.net\/wp-content\/uploads\/2025\/03\/Hybrid-Stepper-Motor-35BYGH.webp\",\"contentUrl\":\"https:\/\/www.leili-motor.net\/wp-content\/uploads\/2025\/03\/Hybrid-Stepper-Motor-35BYGH.webp\",\"width\":454,\"height\":310,\"caption\":\"Motor paso a paso h\u00edbrido 35BYGH\"},{\"@type\":\"BreadcrumbList\",\"@id\":\"https:\/\/www.leili-motor.net\/es\/motor-paso-a-paso-hibrido-35bygh.html#breadcrumb\",\"itemListElement\":[{\"@type\":\"ListItem\",\"position\":1,\"name\":\"Home\",\"item\":\"https:\/\/www.leili-motor.net\/es\/hogar\/\"},{\"@type\":\"ListItem\",\"position\":2,\"name\":\"Productos\",\"item\":\"https:\/\/www.leili-motor.net\/es\/productos\/\"},{\"@type\":\"ListItem\",\"position\":3,\"name\":\"Motor Paso A Paso H\u00edbrido 35BYGH\"}]},{\"@type\":\"WebSite\",\"@id\":\"https:\/\/www.leili-motor.net\/es\/#website\",\"url\":\"https:\/\/www.leili-motor.net\/es\/\",\"name\":\"Leili Motor\",\"description\":\"\",\"publisher\":{\"@id\":\"https:\/\/www.leili-motor.net\/es\/#organization\"},\"potentialAction\":[{\"@type\":\"SearchAction\",\"target\":{\"@type\":\"EntryPoint\",\"urlTemplate\":\"https:\/\/www.leili-motor.net\/es\/?s={search_term_string}\"},\"query-input\":{\"@type\":\"PropertyValueSpecification\",\"valueRequired\":true,\"valueName\":\"search_term_string\"}}],\"inLanguage\":\"es\"},{\"@type\":\"Organization\",\"@id\":\"https:\/\/www.leili-motor.net\/es\/#organization\",\"name\":\"Leili Motor\",\"url\":\"https:\/\/www.leili-motor.net\/es\/\",\"logo\":{\"@type\":\"ImageObject\",\"inLanguage\":\"es\",\"@id\":\"https:\/\/www.leili-motor.net\/es\/#\/schema\/logo\/image\/\",\"url\":\"https:\/\/www.leili-motor.net\/wp-content\/uploads\/2025\/03\/Leili-Motor.png\",\"contentUrl\":\"https:\/\/www.leili-motor.net\/wp-content\/uploads\/2025\/03\/Leili-Motor.png\",\"width\":600,\"height\":156,\"caption\":\"Leili Motor\"},\"image\":{\"@id\":\"https:\/\/www.leili-motor.net\/es\/#\/schema\/logo\/image\/\"}}]}<\/script>\n<!-- \/ Yoast SEO plugin. -->","yoast_head_json":{"title":"Motor Paso A Paso H\u00edbrido 35BYGH &#8211; Leili Motor","description":"El motor paso a paso h\u00edbrido 35BYGH ofrece un \u00e1ngulo de paso de 1,8\u00b0, un par de retenci\u00f3n de 210 mN.m y un dise\u00f1o liviano y compacto para un rendimiento confiable.","robots":{"index":"index","follow":"follow","max-snippet":"max-snippet:-1","max-image-preview":"max-image-preview:large","max-video-preview":"max-video-preview:-1"},"canonical":"https:\/\/www.leili-motor.net\/es\/motor-paso-a-paso-hibrido-35bygh.html","twitter_misc":{"Tiempo de lectura":"1 minuto"},"schema":{"@context":"https:\/\/schema.org","@graph":[{"@type":"WebPage","@id":"https:\/\/www.leili-motor.net\/es\/motor-paso-a-paso-hibrido-35bygh.html","url":"https:\/\/www.leili-motor.net\/es\/motor-paso-a-paso-hibrido-35bygh.html","name":"Motor Paso A Paso H\u00edbrido 35BYGH &#8211; Leili Motor","isPartOf":{"@id":"https:\/\/www.leili-motor.net\/es\/#website"},"primaryImageOfPage":{"@id":"https:\/\/www.leili-motor.net\/es\/motor-paso-a-paso-hibrido-35bygh.html#primaryimage"},"image":{"@id":"https:\/\/www.leili-motor.net\/es\/motor-paso-a-paso-hibrido-35bygh.html#primaryimage"},"thumbnailUrl":"https:\/\/www.leili-motor.net\/wp-content\/uploads\/2025\/03\/Hybrid-Stepper-Motor-35BYGH.webp","datePublished":"2025-03-06T09:51:07+00:00","dateModified":"2025-04-23T01:30:24+00:00","description":"El motor paso a paso h\u00edbrido 35BYGH ofrece un \u00e1ngulo de paso de 1,8\u00b0, un par de retenci\u00f3n de 210 mN.m y un dise\u00f1o liviano y compacto para un rendimiento confiable.","breadcrumb":{"@id":"https:\/\/www.leili-motor.net\/es\/motor-paso-a-paso-hibrido-35bygh.html#breadcrumb"},"inLanguage":"es","potentialAction":[{"@type":"ReadAction","target":["https:\/\/www.leili-motor.net\/es\/motor-paso-a-paso-hibrido-35bygh.html"]}]},{"@type":"ImageObject","inLanguage":"es","@id":"https:\/\/www.leili-motor.net\/es\/motor-paso-a-paso-hibrido-35bygh.html#primaryimage","url":"https:\/\/www.leili-motor.net\/wp-content\/uploads\/2025\/03\/Hybrid-Stepper-Motor-35BYGH.webp","contentUrl":"https:\/\/www.leili-motor.net\/wp-content\/uploads\/2025\/03\/Hybrid-Stepper-Motor-35BYGH.webp","width":454,"height":310,"caption":"Motor paso a paso h\u00edbrido 35BYGH"},{"@type":"BreadcrumbList","@id":"https:\/\/www.leili-motor.net\/es\/motor-paso-a-paso-hibrido-35bygh.html#breadcrumb","itemListElement":[{"@type":"ListItem","position":1,"name":"Home","item":"https:\/\/www.leili-motor.net\/es\/hogar\/"},{"@type":"ListItem","position":2,"name":"Productos","item":"https:\/\/www.leili-motor.net\/es\/productos\/"},{"@type":"ListItem","position":3,"name":"Motor Paso A Paso H\u00edbrido 35BYGH"}]},{"@type":"WebSite","@id":"https:\/\/www.leili-motor.net\/es\/#website","url":"https:\/\/www.leili-motor.net\/es\/","name":"Leili Motor","description":"","publisher":{"@id":"https:\/\/www.leili-motor.net\/es\/#organization"},"potentialAction":[{"@type":"SearchAction","target":{"@type":"EntryPoint","urlTemplate":"https:\/\/www.leili-motor.net\/es\/?s={search_term_string}"},"query-input":{"@type":"PropertyValueSpecification","valueRequired":true,"valueName":"search_term_string"}}],"inLanguage":"es"},{"@type":"Organization","@id":"https:\/\/www.leili-motor.net\/es\/#organization","name":"Leili Motor","url":"https:\/\/www.leili-motor.net\/es\/","logo":{"@type":"ImageObject","inLanguage":"es","@id":"https:\/\/www.leili-motor.net\/es\/#\/schema\/logo\/image\/","url":"https:\/\/www.leili-motor.net\/wp-content\/uploads\/2025\/03\/Leili-Motor.png","contentUrl":"https:\/\/www.leili-motor.net\/wp-content\/uploads\/2025\/03\/Leili-Motor.png","width":600,"height":156,"caption":"Leili Motor"},"image":{"@id":"https:\/\/www.leili-motor.net\/es\/#\/schema\/logo\/image\/"}}]}},"_links":{"self":[{"href":"https:\/\/www.leili-motor.net\/es\/wp-json\/wp\/v2\/product\/6802","targetHints":{"allow":["GET"]}}],"collection":[{"href":"https:\/\/www.leili-motor.net\/es\/wp-json\/wp\/v2\/product"}],"about":[{"href":"https:\/\/www.leili-motor.net\/es\/wp-json\/wp\/v2\/types\/product"}],"replies":[{"embeddable":true,"href":"https:\/\/www.leili-motor.net\/es\/wp-json\/wp\/v2\/comments?post=6802"}],"wp:featuredmedia":[{"embeddable":true,"href":"https:\/\/www.leili-motor.net\/es\/wp-json\/wp\/v2\/media\/5709"}],"wp:attachment":[{"href":"https:\/\/www.leili-motor.net\/es\/wp-json\/wp\/v2\/media?parent=6802"}],"wp:term":[{"taxonomy":"product_brand","embeddable":true,"href":"https:\/\/www.leili-motor.net\/es\/wp-json\/wp\/v2\/product_brand?post=6802"},{"taxonomy":"product_cat","embeddable":true,"href":"https:\/\/www.leili-motor.net\/es\/wp-json\/wp\/v2\/product_cat?post=6802"},{"taxonomy":"product_tag","embeddable":true,"href":"https:\/\/www.leili-motor.net\/es\/wp-json\/wp\/v2\/product_tag?post=6802"}],"curies":[{"name":"wp","href":"https:\/\/api.w.org\/{rel}","templated":true}]}}