{"id":6807,"date":"2025-03-13T13:35:14","date_gmt":"2025-03-13T05:35:14","guid":{"rendered":"https:\/\/www.leili-motor.net\/motor-de-valvula\/"},"modified":"2025-03-13T13:35:14","modified_gmt":"2025-03-13T05:35:14","slug":"motor-de-valvula","status":"publish","type":"product","link":"https:\/\/www.leili-motor.net\/es\/motor-de-valvula.html","title":{"rendered":"Motor de V\u00e1lvula"},"content":{"rendered":"<h2>Par\u00e1metros del Producto<\/h2>\n<table>\n<tbody>\n<tr>\n<td>Modelo<\/td>\n<td>Voltaje Nominal<br \/>\n(V AC\/DC)<\/td>\n<td>Reducci\u00f3n<br \/>\nRelaci\u00f3n<\/td>\n<td>Corriente<br \/>\n de Entrada<br \/>\nt(mA)<\/td>\n<td>Sin Carga<br \/>\nVelocidad<br \/>\n(r\/min)<\/td>\n<td>Carga Nominal<br \/>\n(N)<\/td>\n<td>Corriente<br \/>\nnominal<br \/>\n(mA)<\/td>\n<td>Calificado<br \/>\nVelocidad<br \/>\n(r\/min)<\/td>\n<td>Puesto<br \/>\nActual<br \/>\n(A)<\/td>\n<td>Par Estancado<br \/>\nmN\u2022m<\/td>\n<\/tr>\n<tr>\n<td>36ZYJ1-1<\/td>\n<td>24<\/td>\n<td>1\/506.19<\/td>\n<td>\u22640.15<\/td>\n<td>2.5\u2264X\u22644<\/td>\n<td>4520<\/td>\n<td>\u22640.24<\/td>\n<td>2\u2264X\u22643<\/td>\n<td>\u22640.65<\/td>\n<td>\u226518000<\/td>\n<\/tr>\n<\/tbody>\n<\/table>\n<table>\n<tbody>\n<tr>\n<td rowspan=\"2\">Modelo<\/td>\n<td rowspan=\"2\">Calificado<br \/>\nVoltaje<br \/>\n(V, AC\/DC)<\/td>\n<td rowspan=\"2\">Operando<br \/>\nFrecuencia<br \/>\n(PPS)<\/td>\n<td rowspan=\"2\">Reducci\u00f3n<br \/>\nRelaci\u00f3n<\/td>\n<td colspan=\"3\">Sin Carga<\/td>\n<td colspan=\"3\">Carga, 2260m<\/p>\n<p>N\u2022m,min<\/td>\n<td colspan=\"2\">Rotor de parada<\/td>\n<\/tr>\n<tr>\n<td>Salida<br \/>\nFuerza<\/td>\n<td>Actual<br \/>\n\uff08A\uff09<\/td>\n<td>Girar<br \/>\nVelocidad<br \/>\n(r\/min)<\/td>\n<td>Salida<br \/>\nFuerza<\/td>\n<td>Actual<br \/>\n\uff08A\uff09<\/td>\n<td>Girar<br \/>\nVelocidad<br \/>\n(r\/min)<\/td>\n<td>mN\u2022m<\/td>\n<td>Actual<br \/>\n\uff08A\uff09<\/td>\n<\/tr>\n<tr>\n<td rowspan=\"2\">36ZYJ1-2<\/td>\n<td>24<\/td>\n<td>50\/60<\/td>\n<td>1\/506.19<\/td>\n<td>2.4m\u00e1x.<\/td>\n<td>0,1 m\u00e1x.<\/td>\n<td>3\u2264X\u22644,5<\/td>\n<td>5m\u00e1x.<\/td>\n<td>0,25 m\u00e1x.<\/td>\n<td>\u22652,3<\/td>\n<td>\u22658000<\/td>\n<td>&lt;1<\/td>\n<\/tr>\n<tr>\n<td>20.5<\/td>\n<td>50\/60<\/td>\n<td>1\/506.19<\/td>\n<td>&#8211;<\/td>\n<td>&#8211;<\/td>\n<td>&#8211;<\/td>\n<td>&#8211;<\/td>\n<td>&#8211;<\/td>\n<td>&#8211;<\/td>\n<td>\u22654520<\/td>\n<td>&#8211;<\/td>\n<\/tr>\n<tr>\n<td rowspan=\"2\">36ZYJ1-3<\/td>\n<td>24<\/td>\n<td>50\/60<\/td>\n<td>1\/506.19<\/td>\n<td>2.4m\u00e1x.<\/td>\n<td>0,1 m\u00e1x.<\/td>\n<td>3\u2264X\u22644,5<\/td>\n<td>5m\u00e1x.<\/td>\n<td>0,25 m\u00e1x.<\/td>\n<td>\u22652.5<\/td>\n<td>\u22659100<\/td>\n<td>&lt;1<\/td>\n<\/tr>\n<tr>\n<td>20.5<\/td>\n<td>50\/60<\/td>\n<td>1\/506.19<\/td>\n<td>&#8211;<\/td>\n<td>&#8211;<\/td>\n<td>&#8211;<\/td>\n<td>&#8211;<\/td>\n<td>&#8211;<\/td>\n<td>&#8211;<\/td>\n<td>\u22654520<\/td>\n<td>&#8211;<\/td>\n<\/tr>\n<tr>\n<td rowspan=\"2\">36ZYJ1-4<\/td>\n<td>24<\/td>\n<td>50\/60<\/td>\n<td>1\/506.19<\/td>\n<td>4.8m\u00e1x.<\/td>\n<td>0.2m\u00e1x.<\/td>\n<td>3\u2264X\u22646<\/td>\n<td>7.2m\u00e1x.<\/td>\n<td>0.3m\u00e1x.<\/td>\n<td>4\u2264X\u22646<\/td>\n<td>\u22658500<\/td>\n<td>&lt;1<\/td>\n<\/tr>\n<tr>\n<td>20.5<\/td>\n<td>50\/60<\/td>\n<td>1\/506.19<\/td>\n<td>&#8211;<\/td>\n<td>&#8211;<\/td>\n<td>&#8211;<\/td>\n<td>&#8211;<\/td>\n<td>&#8211;<\/td>\n<td>&#8211;<\/td>\n<td>\u22654520<\/td>\n<td>&#8211;<\/td>\n<\/tr>\n<\/tbody>\n<\/table>\n<h2>Dimensiones mec\u00e1nicas: mm<\/h2>\n<p><img fetchpriority=\"high\" decoding=\"async\" class=\"size-full wp-image-2761 aligncenter\" src=\"https:\/\/www.leili-motor.net\/wp-content\/uploads\/2025\/03\/Mechanical-Dimensions-for-Valve-Motor.webp\" alt=\"Dimensiones mec\u00e1nicas del motor de v\u00e1lvula\" width=\"1200\" height=\"707\" srcset=\"https:\/\/www.leili-motor.net\/wp-content\/uploads\/2025\/03\/Mechanical-Dimensions-for-Valve-Motor.webp 1200w, https:\/\/www.leili-motor.net\/wp-content\/uploads\/2025\/03\/Mechanical-Dimensions-for-Valve-Motor-300x177.webp 300w, https:\/\/www.leili-motor.net\/wp-content\/uploads\/2025\/03\/Mechanical-Dimensions-for-Valve-Motor-1024x603.webp 1024w, https:\/\/www.leili-motor.net\/wp-content\/uploads\/2025\/03\/Mechanical-Dimensions-for-Valve-Motor-768x452.webp 768w, https:\/\/www.leili-motor.net\/wp-content\/uploads\/2025\/03\/Mechanical-Dimensions-for-Valve-Motor-600x354.webp 600w\" sizes=\"(max-width: 1200px) 100vw, 1200px\" \/><\/p>\n","protected":false},"excerpt":{"rendered":"<h3>Introducci\u00f3n Del Producto<\/h3>\n<ul>\n<li>Este producto se utiliza principalmente para el control de v\u00e1lvulas en equipos de calefacci\u00f3n.<\/li>\n<li>Modelo: 36ZYJ1-1, 36ZYJ1-2, 36ZYJ1-3, 36ZYJ1-4<\/li>\n<li>Relaci\u00f3n de reducci\u00f3n: presenta una relaci\u00f3n de reducci\u00f3n de 1\/506,19, lo que garantiza un movimiento preciso y controlado.<\/li>\n<li>Corriente de entrada: \u2264 0,15 A, optimizando el consumo de energ\u00eda manteniendo un rendimiento confiable.<\/li>\n<\/ul>\n<h3>Aplicaci\u00f3n del Producto<\/h3>\n<p>Equipos industriales<\/p>\n","protected":false},"featured_media":2751,"comment_status":"open","ping_status":"closed","template":"","meta":{"site-sidebar-layout":"default","site-content-layout":"","ast-site-content-layout":"default","site-content-style":"default","site-sidebar-style":"default","ast-global-header-display":"","ast-banner-title-visibility":"","ast-main-header-display":"","ast-hfb-above-header-display":"","ast-hfb-below-header-display":"","ast-hfb-mobile-header-display":"","site-post-title":"","ast-breadcrumbs-content":"","ast-featured-img":"","footer-sml-layout":"","theme-transparent-header-meta":"default","adv-header-id-meta":"","stick-header-meta":"","header-above-stick-meta":"","header-main-stick-meta":"","header-below-stick-meta":"","astra-migrate-meta-layouts":"default","ast-page-background-enabled":"default","ast-page-background-meta":{"desktop":{"background-color":"var(--ast-global-color-5)","background-image":"","background-repeat":"repeat","background-position":"center center","background-size":"auto","background-attachment":"scroll","background-type":"","background-media":"","overlay-type":"","overlay-color":"","overlay-opacity":"","overlay-gradient":""},"tablet":{"background-color":"","background-image":"","background-repeat":"repeat","background-position":"center center","background-size":"auto","background-attachment":"scroll","background-type":"","background-media":"","overlay-type":"","overlay-color":"","overlay-opacity":"","overlay-gradient":""},"mobile":{"background-color":"","background-image":"","background-repeat":"repeat","background-position":"center center","background-size":"auto","background-attachment":"scroll","background-type":"","background-media":"","overlay-type":"","overlay-color":"","overlay-opacity":"","overlay-gradient":""}},"ast-content-background-meta":{"desktop":{"background-color":"var(--ast-global-color-4)","background-image":"","background-repeat":"repeat","background-position":"center center","background-size":"auto","background-attachment":"scroll","background-type":"","background-media":"","overlay-type":"","overlay-color":"","overlay-opacity":"","overlay-gradient":""},"tablet":{"background-color":"var(--ast-global-color-4)","background-image":"","background-repeat":"repeat","background-position":"center center","background-size":"auto","background-attachment":"scroll","background-type":"","background-media":"","overlay-type":"","overlay-color":"","overlay-opacity":"","overlay-gradient":""},"mobile":{"background-color":"var(--ast-global-color-4)","background-image":"","background-repeat":"repeat","background-position":"center center","background-size":"auto","background-attachment":"scroll","background-type":"","background-media":"","overlay-type":"","overlay-color":"","overlay-opacity":"","overlay-gradient":""}}},"product_brand":[],"product_cat":[520,588],"product_tag":[589],"class_list":{"0":"post-6807","1":"product","2":"type-product","3":"status-publish","4":"has-post-thumbnail","6":"product_cat-componentes","7":"product_cat-componentes-industriales","8":"product_tag-control-de-valvulas-piezas","9":"pa_application-industria","10":"desktop-align-left","11":"tablet-align-left","12":"mobile-align-left","14":"first","15":"instock","16":"shipping-taxable","17":"product-type-simple"},"yoast_head":"<!-- This site is optimized with the Yoast SEO plugin v27.2 - https:\/\/yoast.com\/product\/yoast-seo-wordpress\/ -->\n<title>Motor de V\u00e1lvula &#8211; Leili Motor<\/title>\n<meta name=\"description\" content=\"El motor de la v\u00e1lvula funciona a un voltaje nominal de 24 V CA\/CC, lo que lo hace adecuado para sistemas que requieren una entrada de voltaje est\u00e1ndar.\" \/>\n<meta name=\"robots\" content=\"index, follow, max-snippet:-1, max-image-preview:large, max-video-preview:-1\" \/>\n<link rel=\"canonical\" href=\"https:\/\/www.leili-motor.net\/es\/motor-de-valvula.html\" \/>\n<meta name=\"twitter:label1\" content=\"Tiempo de lectura\" \/>\n\t<meta name=\"twitter:data1\" content=\"1 minuto\" \/>\n<script type=\"application\/ld+json\" class=\"yoast-schema-graph\">{\"@context\":\"https:\/\/schema.org\",\"@graph\":[{\"@type\":\"WebPage\",\"@id\":\"https:\/\/www.leili-motor.net\/es\/motor-de-valvula.html\",\"url\":\"https:\/\/www.leili-motor.net\/es\/motor-de-valvula.html\",\"name\":\"Motor de V\u00e1lvula &#8211; Leili Motor\",\"isPartOf\":{\"@id\":\"https:\/\/www.leili-motor.net\/es\/#website\"},\"primaryImageOfPage\":{\"@id\":\"https:\/\/www.leili-motor.net\/es\/motor-de-valvula.html#primaryimage\"},\"image\":{\"@id\":\"https:\/\/www.leili-motor.net\/es\/motor-de-valvula.html#primaryimage\"},\"thumbnailUrl\":\"https:\/\/www.leili-motor.net\/wp-content\/uploads\/2025\/03\/Valve-Motor.webp\",\"datePublished\":\"2025-03-13T05:35:14+00:00\",\"description\":\"El motor de la v\u00e1lvula funciona a un voltaje nominal de 24 V CA\/CC, lo que lo hace adecuado para sistemas que requieren una entrada de voltaje est\u00e1ndar.\",\"breadcrumb\":{\"@id\":\"https:\/\/www.leili-motor.net\/es\/motor-de-valvula.html#breadcrumb\"},\"inLanguage\":\"es\",\"potentialAction\":[{\"@type\":\"ReadAction\",\"target\":[\"https:\/\/www.leili-motor.net\/es\/motor-de-valvula.html\"]}]},{\"@type\":\"ImageObject\",\"inLanguage\":\"es\",\"@id\":\"https:\/\/www.leili-motor.net\/es\/motor-de-valvula.html#primaryimage\",\"url\":\"https:\/\/www.leili-motor.net\/wp-content\/uploads\/2025\/03\/Valve-Motor.webp\",\"contentUrl\":\"https:\/\/www.leili-motor.net\/wp-content\/uploads\/2025\/03\/Valve-Motor.webp\",\"width\":454,\"height\":310,\"caption\":\"Valve Motor\"},{\"@type\":\"BreadcrumbList\",\"@id\":\"https:\/\/www.leili-motor.net\/es\/motor-de-valvula.html#breadcrumb\",\"itemListElement\":[{\"@type\":\"ListItem\",\"position\":1,\"name\":\"Home\",\"item\":\"https:\/\/www.leili-motor.net\/es\/hogar\/\"},{\"@type\":\"ListItem\",\"position\":2,\"name\":\"Productos\",\"item\":\"https:\/\/www.leili-motor.net\/es\/productos\/\"},{\"@type\":\"ListItem\",\"position\":3,\"name\":\"Motor de V\u00e1lvula\"}]},{\"@type\":\"WebSite\",\"@id\":\"https:\/\/www.leili-motor.net\/es\/#website\",\"url\":\"https:\/\/www.leili-motor.net\/es\/\",\"name\":\"Leili Motor\",\"description\":\"\",\"publisher\":{\"@id\":\"https:\/\/www.leili-motor.net\/es\/#organization\"},\"potentialAction\":[{\"@type\":\"SearchAction\",\"target\":{\"@type\":\"EntryPoint\",\"urlTemplate\":\"https:\/\/www.leili-motor.net\/es\/?s={search_term_string}\"},\"query-input\":{\"@type\":\"PropertyValueSpecification\",\"valueRequired\":true,\"valueName\":\"search_term_string\"}}],\"inLanguage\":\"es\"},{\"@type\":\"Organization\",\"@id\":\"https:\/\/www.leili-motor.net\/es\/#organization\",\"name\":\"Leili Motor\",\"url\":\"https:\/\/www.leili-motor.net\/es\/\",\"logo\":{\"@type\":\"ImageObject\",\"inLanguage\":\"es\",\"@id\":\"https:\/\/www.leili-motor.net\/es\/#\/schema\/logo\/image\/\",\"url\":\"https:\/\/www.leili-motor.net\/wp-content\/uploads\/2025\/03\/Leili-Motor.png\",\"contentUrl\":\"https:\/\/www.leili-motor.net\/wp-content\/uploads\/2025\/03\/Leili-Motor.png\",\"width\":600,\"height\":156,\"caption\":\"Leili Motor\"},\"image\":{\"@id\":\"https:\/\/www.leili-motor.net\/es\/#\/schema\/logo\/image\/\"}}]}<\/script>\n<!-- \/ Yoast SEO plugin. -->","yoast_head_json":{"title":"Motor de V\u00e1lvula &#8211; Leili Motor","description":"El motor de la v\u00e1lvula funciona a un voltaje nominal de 24 V CA\/CC, lo que lo hace adecuado para sistemas que requieren una entrada de voltaje est\u00e1ndar.","robots":{"index":"index","follow":"follow","max-snippet":"max-snippet:-1","max-image-preview":"max-image-preview:large","max-video-preview":"max-video-preview:-1"},"canonical":"https:\/\/www.leili-motor.net\/es\/motor-de-valvula.html","twitter_misc":{"Tiempo de lectura":"1 minuto"},"schema":{"@context":"https:\/\/schema.org","@graph":[{"@type":"WebPage","@id":"https:\/\/www.leili-motor.net\/es\/motor-de-valvula.html","url":"https:\/\/www.leili-motor.net\/es\/motor-de-valvula.html","name":"Motor de V\u00e1lvula &#8211; Leili Motor","isPartOf":{"@id":"https:\/\/www.leili-motor.net\/es\/#website"},"primaryImageOfPage":{"@id":"https:\/\/www.leili-motor.net\/es\/motor-de-valvula.html#primaryimage"},"image":{"@id":"https:\/\/www.leili-motor.net\/es\/motor-de-valvula.html#primaryimage"},"thumbnailUrl":"https:\/\/www.leili-motor.net\/wp-content\/uploads\/2025\/03\/Valve-Motor.webp","datePublished":"2025-03-13T05:35:14+00:00","description":"El motor de la v\u00e1lvula funciona a un voltaje nominal de 24 V CA\/CC, lo que lo hace adecuado para sistemas que requieren una entrada de voltaje est\u00e1ndar.","breadcrumb":{"@id":"https:\/\/www.leili-motor.net\/es\/motor-de-valvula.html#breadcrumb"},"inLanguage":"es","potentialAction":[{"@type":"ReadAction","target":["https:\/\/www.leili-motor.net\/es\/motor-de-valvula.html"]}]},{"@type":"ImageObject","inLanguage":"es","@id":"https:\/\/www.leili-motor.net\/es\/motor-de-valvula.html#primaryimage","url":"https:\/\/www.leili-motor.net\/wp-content\/uploads\/2025\/03\/Valve-Motor.webp","contentUrl":"https:\/\/www.leili-motor.net\/wp-content\/uploads\/2025\/03\/Valve-Motor.webp","width":454,"height":310,"caption":"Valve Motor"},{"@type":"BreadcrumbList","@id":"https:\/\/www.leili-motor.net\/es\/motor-de-valvula.html#breadcrumb","itemListElement":[{"@type":"ListItem","position":1,"name":"Home","item":"https:\/\/www.leili-motor.net\/es\/hogar\/"},{"@type":"ListItem","position":2,"name":"Productos","item":"https:\/\/www.leili-motor.net\/es\/productos\/"},{"@type":"ListItem","position":3,"name":"Motor de V\u00e1lvula"}]},{"@type":"WebSite","@id":"https:\/\/www.leili-motor.net\/es\/#website","url":"https:\/\/www.leili-motor.net\/es\/","name":"Leili Motor","description":"","publisher":{"@id":"https:\/\/www.leili-motor.net\/es\/#organization"},"potentialAction":[{"@type":"SearchAction","target":{"@type":"EntryPoint","urlTemplate":"https:\/\/www.leili-motor.net\/es\/?s={search_term_string}"},"query-input":{"@type":"PropertyValueSpecification","valueRequired":true,"valueName":"search_term_string"}}],"inLanguage":"es"},{"@type":"Organization","@id":"https:\/\/www.leili-motor.net\/es\/#organization","name":"Leili Motor","url":"https:\/\/www.leili-motor.net\/es\/","logo":{"@type":"ImageObject","inLanguage":"es","@id":"https:\/\/www.leili-motor.net\/es\/#\/schema\/logo\/image\/","url":"https:\/\/www.leili-motor.net\/wp-content\/uploads\/2025\/03\/Leili-Motor.png","contentUrl":"https:\/\/www.leili-motor.net\/wp-content\/uploads\/2025\/03\/Leili-Motor.png","width":600,"height":156,"caption":"Leili Motor"},"image":{"@id":"https:\/\/www.leili-motor.net\/es\/#\/schema\/logo\/image\/"}}]}},"_links":{"self":[{"href":"https:\/\/www.leili-motor.net\/es\/wp-json\/wp\/v2\/product\/6807","targetHints":{"allow":["GET"]}}],"collection":[{"href":"https:\/\/www.leili-motor.net\/es\/wp-json\/wp\/v2\/product"}],"about":[{"href":"https:\/\/www.leili-motor.net\/es\/wp-json\/wp\/v2\/types\/product"}],"replies":[{"embeddable":true,"href":"https:\/\/www.leili-motor.net\/es\/wp-json\/wp\/v2\/comments?post=6807"}],"wp:featuredmedia":[{"embeddable":true,"href":"https:\/\/www.leili-motor.net\/es\/wp-json\/wp\/v2\/media\/2751"}],"wp:attachment":[{"href":"https:\/\/www.leili-motor.net\/es\/wp-json\/wp\/v2\/media?parent=6807"}],"wp:term":[{"taxonomy":"product_brand","embeddable":true,"href":"https:\/\/www.leili-motor.net\/es\/wp-json\/wp\/v2\/product_brand?post=6807"},{"taxonomy":"product_cat","embeddable":true,"href":"https:\/\/www.leili-motor.net\/es\/wp-json\/wp\/v2\/product_cat?post=6807"},{"taxonomy":"product_tag","embeddable":true,"href":"https:\/\/www.leili-motor.net\/es\/wp-json\/wp\/v2\/product_tag?post=6807"}],"curies":[{"name":"wp","href":"https:\/\/api.w.org\/{rel}","templated":true}]}}