{"id":6809,"date":"2025-03-06T16:35:12","date_gmt":"2025-03-06T08:35:12","guid":{"rendered":"https:\/\/www.leili-motor.net\/motor-paso-a-paso-hibrido-42bygh\/"},"modified":"2025-04-23T09:37:39","modified_gmt":"2025-04-23T01:37:39","slug":"motor-paso-a-paso-hibrido-42bygh","status":"publish","type":"product","link":"https:\/\/www.leili-motor.net\/es\/motor-paso-a-paso-hibrido-42bygh.html","title":{"rendered":"Motor Paso A Paso H\u00edbrido 42BYGH"},"content":{"rendered":"<h2>Par\u00e1metros del Producto<\/h2>\n<h3>Accionamiento unipolar<\/h3>\n<table>\n<tbody>\n<tr>\n<td>Modelo de Motor<\/td>\n<td>\u00c1ngulo de paso<\/td>\n<td>Voltaje de fase<\/td>\n<td>Actual<\/td>\n<td>Resistencia<\/td>\n<td>Inductancia<\/td>\n<td>Par de retenci\u00f3n<\/td>\n<td>Par de giro en marcha<\/td>\n<td>Frecuencia de inicio<\/td>\n<td>Frecuencia de ejercicio<\/td>\n<td>Peso<\/td>\n<td>Altura total<\/td>\n<\/tr>\n<tr>\n<td><\/td>\n<td>(\u00b0)<\/td>\n<td>(VDC)<\/td>\n<td>(A)<\/td>\n<td>(\u03a9)<\/td>\n<td>(mH)<\/td>\n<td>(mN.m)<\/td>\n<td>(mN.m)<\/td>\n<td>(PPS)<\/td>\n<td>(PPS)<\/td>\n<td>(Kg)<\/td>\n<td>\uff08mm\uff09<\/td>\n<\/tr>\n<tr>\n<td>42BYGH15-1<\/td>\n<td>1.8<\/td>\n<td>12.3<\/td>\n<td>0.28<\/td>\n<td>44<\/td>\n<td>21<\/td>\n<td>\u2265160<\/td>\n<td>\u2265120<\/td>\n<td>1700<\/td>\n<td>2700<\/td>\n<td>0.2<\/td>\n<td>34<\/td>\n<\/tr>\n<tr>\n<td>42BYGH22-1<\/td>\n<td>1.8<\/td>\n<td>3.6<\/td>\n<td>0.8<\/td>\n<td>4.5<\/td>\n<td>4<\/td>\n<td>\u2265235<\/td>\n<td>\u2265170<\/td>\n<td>1600<\/td>\n<td>3600<\/td>\n<td>0.3<\/td>\n<td>40<\/td>\n<\/tr>\n<tr>\n<td>42BYGH22-2<\/td>\n<td>1.8<\/td>\n<td>9.6<\/td>\n<td>0.53<\/td>\n<td>18<\/td>\n<td>15<\/td>\n<td>\u2265260<\/td>\n<td>\u2265130<\/td>\n<td>1600<\/td>\n<td>2500<\/td>\n<td>0.3<\/td>\n<td>40<\/td>\n<\/tr>\n<tr>\n<td>42BYGH30-15<\/td>\n<td>0.9<\/td>\n<td>2.2<\/td>\n<td>2<\/td>\n<td>1.1<\/td>\n<td>0.9<\/td>\n<td>\u2265313<\/td>\n<td>\u2265160<\/td>\n<td>2000<\/td>\n<td>3000<\/td>\n<td>0.42<\/td>\n<td>48<\/td>\n<\/tr>\n<\/tbody>\n<\/table>\n<h3>Impulso bipolar<\/h3>\n<table>\n<tbody>\n<tr>\n<td>Modelo de Motor<\/td>\n<td>\u00c1ngulo de paso<\/td>\n<td>Voltaje de fase<\/td>\n<td>Actual<\/td>\n<td>Resistencia<\/td>\n<td>Inductancia<\/td>\n<td>Par de retenci\u00f3n<\/td>\n<td>Par de giro en marcha<\/td>\n<td>Frecuencia de inicio<\/td>\n<td>Frecuencia de ejercicio<\/td>\n<td>Peso<\/td>\n<td>Altura total<\/td>\n<\/tr>\n<tr>\n<td><\/td>\n<td>(\u00b0)<\/td>\n<td>(VDC)<\/td>\n<td>(A)<\/td>\n<td>(\u03a9)<\/td>\n<td>(mH)<\/td>\n<td>(mN.m)<\/td>\n<td>(mN.m)<\/td>\n<td>(PPS)<\/td>\n<td>(PPS)<\/td>\n<td>(Kg)<\/td>\n<td>\uff08mm\uff09<\/td>\n<\/tr>\n<tr>\n<td>42BYGH15-3<\/td>\n<td>1.8<\/td>\n<td>12<\/td>\n<td>0.4<\/td>\n<td>30<\/td>\n<td>37<\/td>\n<td>\u2265255<\/td>\n<td>\u2265200<\/td>\n<td>2200<\/td>\n<td>3500<\/td>\n<td>0.2<\/td>\n<td>34<\/td>\n<\/tr>\n<tr>\n<td>42BYGH22-3<\/td>\n<td>1.8<\/td>\n<td>87<\/td>\n<td>0.87<\/td>\n<td>3.3<\/td>\n<td>5<\/td>\n<td>\u2265235<\/td>\n<td>\u2265190<\/td>\n<td>2500<\/td>\n<td>6000<\/td>\n<td>0.3<\/td>\n<td>40<\/td>\n<\/tr>\n<tr>\n<td>42BYGH9-1<\/td>\n<td>1.8<\/td>\n<td>3.2<\/td>\n<td>1.7<\/td>\n<td>3.1<\/td>\n<td>4.5<\/td>\n<td>\u2265310<\/td>\n<td>\u2265260<\/td>\n<td>1800<\/td>\n<td>400<\/td>\n<td>0.3<\/td>\n<td>27<\/td>\n<\/tr>\n<\/tbody>\n<\/table>\n<h2>Dimensi\u00f3n mec\u00e1nica: mm<\/h2>\n<p><img fetchpriority=\"high\" decoding=\"async\" class=\"size-full wp-image-1091 aligncenter\" src=\"https:\/\/www.leili-motor.net\/wp-content\/uploads\/2025\/03\/Hybrid-Stepper-Motor-42BYGH-dimension.webp\" alt=\"Motor paso a paso h\u00edbrido de 42BYGH\" width=\"759\" height=\"562\" srcset=\"https:\/\/www.leili-motor.net\/wp-content\/uploads\/2025\/03\/Hybrid-Stepper-Motor-42BYGH-dimension.webp 759w, https:\/\/www.leili-motor.net\/wp-content\/uploads\/2025\/03\/Hybrid-Stepper-Motor-42BYGH-dimension-300x222.webp 300w, https:\/\/www.leili-motor.net\/wp-content\/uploads\/2025\/03\/Hybrid-Stepper-Motor-42BYGH-dimension-600x444.webp 600w\" sizes=\"(max-width: 759px) 100vw, 759px\" \/><\/p>\n","protected":false},"excerpt":{"rendered":"<h3>Introducci\u00f3n Del Producto<\/h3>\n<ul>\n<li>Modelo: 42BYGH<\/li>\n<li>El motor paso a paso h\u00edbrido 42BYGH admite accionamientos unipolares y bipolares.<\/li>\n<li>Ofrece un \u00e1ngulo de paso de 1,8\u00b0, una corriente de 0,28-0,8 A y un torque de \u2265160-313 mN.m.<\/li>\n<\/ul>\n<h3>Solicitud<\/h3>\n<ul>\n<li>Industria: Monitores, equipos financieros OA, instrumentos de pesaje, iluminaci\u00f3n de escenarios<\/li>\n<li>Salud deportiva: Dispositivos m\u00e9dicos<\/li>\n<\/ul>\n<h3>Piezas opcionales<\/h3>\n<p>Caja de engranajes planetarios, husillo de avance, eje hueco, accionamiento<\/p>\n","protected":false},"featured_media":5693,"comment_status":"open","ping_status":"closed","template":"","meta":{"site-sidebar-layout":"default","site-content-layout":"","ast-site-content-layout":"default","site-content-style":"default","site-sidebar-style":"default","ast-global-header-display":"","ast-banner-title-visibility":"","ast-main-header-display":"","ast-hfb-above-header-display":"","ast-hfb-below-header-display":"","ast-hfb-mobile-header-display":"","site-post-title":"","ast-breadcrumbs-content":"","ast-featured-img":"","footer-sml-layout":"","theme-transparent-header-meta":"default","adv-header-id-meta":"","stick-header-meta":"","header-above-stick-meta":"","header-main-stick-meta":"","header-below-stick-meta":"","astra-migrate-meta-layouts":"set","ast-page-background-enabled":"default","ast-page-background-meta":{"desktop":{"background-color":"var(--ast-global-color-5)","background-image":"","background-repeat":"repeat","background-position":"center center","background-size":"auto","background-attachment":"scroll","background-type":"","background-media":"","overlay-type":"","overlay-color":"","overlay-opacity":"","overlay-gradient":""},"tablet":{"background-color":"","background-image":"","background-repeat":"repeat","background-position":"center center","background-size":"auto","background-attachment":"scroll","background-type":"","background-media":"","overlay-type":"","overlay-color":"","overlay-opacity":"","overlay-gradient":""},"mobile":{"background-color":"","background-image":"","background-repeat":"repeat","background-position":"center center","background-size":"auto","background-attachment":"scroll","background-type":"","background-media":"","overlay-type":"","overlay-color":"","overlay-opacity":"","overlay-gradient":""}},"ast-content-background-meta":{"desktop":{"background-color":"var(--ast-global-color-4)","background-image":"","background-repeat":"repeat","background-position":"center center","background-size":"auto","background-attachment":"scroll","background-type":"","background-media":"","overlay-type":"","overlay-color":"","overlay-opacity":"","overlay-gradient":""},"tablet":{"background-color":"var(--ast-global-color-4)","background-image":"","background-repeat":"repeat","background-position":"center center","background-size":"auto","background-attachment":"scroll","background-type":"","background-media":"","overlay-type":"","overlay-color":"","overlay-opacity":"","overlay-gradient":""},"mobile":{"background-color":"var(--ast-global-color-4)","background-image":"","background-repeat":"repeat","background-position":"center center","background-size":"auto","background-attachment":"scroll","background-type":"","background-media":"","overlay-type":"","overlay-color":"","overlay-opacity":"","overlay-gradient":""}}},"product_brand":[],"product_cat":[538,601],"product_tag":[],"class_list":{"0":"post-6809","1":"product","2":"type-product","3":"status-publish","4":"has-post-thumbnail","6":"product_cat-categoria-de-motor-paso-a-paso","7":"product_cat-motores-paso-a-paso-hibrido","8":"pa_application-industria","9":"desktop-align-left","10":"tablet-align-left","11":"mobile-align-left","13":"first","14":"instock","15":"shipping-taxable","16":"product-type-simple"},"yoast_head":"<!-- This site is optimized with the Yoast SEO plugin v27.2 - https:\/\/yoast.com\/product\/yoast-seo-wordpress\/ -->\n<title>Motor Paso A Paso H\u00edbrido 42BYGH &#8211; Leili Motor<\/title>\n<meta name=\"description\" content=\"El motor paso a paso h\u00edbrido 42BYGH cuenta con controladores unipolares y bipolares, que proporcionan \u00e1ngulos de paso de 0,9\u00b0 a 1,8\u00b0, alto torque y rendimiento confiable para un movimiento preciso.\" \/>\n<meta name=\"robots\" content=\"index, follow, max-snippet:-1, max-image-preview:large, max-video-preview:-1\" \/>\n<link rel=\"canonical\" href=\"https:\/\/www.leili-motor.net\/es\/motor-paso-a-paso-hibrido-42bygh.html\" \/>\n<meta name=\"twitter:label1\" content=\"Tiempo de lectura\" \/>\n\t<meta name=\"twitter:data1\" content=\"1 minuto\" \/>\n<script type=\"application\/ld+json\" class=\"yoast-schema-graph\">{\"@context\":\"https:\/\/schema.org\",\"@graph\":[{\"@type\":\"WebPage\",\"@id\":\"https:\/\/www.leili-motor.net\/es\/motor-paso-a-paso-hibrido-42bygh.html\",\"url\":\"https:\/\/www.leili-motor.net\/es\/motor-paso-a-paso-hibrido-42bygh.html\",\"name\":\"Motor Paso A Paso H\u00edbrido 42BYGH &#8211; Leili Motor\",\"isPartOf\":{\"@id\":\"https:\/\/www.leili-motor.net\/es\/#website\"},\"primaryImageOfPage\":{\"@id\":\"https:\/\/www.leili-motor.net\/es\/motor-paso-a-paso-hibrido-42bygh.html#primaryimage\"},\"image\":{\"@id\":\"https:\/\/www.leili-motor.net\/es\/motor-paso-a-paso-hibrido-42bygh.html#primaryimage\"},\"thumbnailUrl\":\"https:\/\/www.leili-motor.net\/wp-content\/uploads\/2025\/03\/Hybrid-Stepper-Motor-42BYGH.webp\",\"datePublished\":\"2025-03-06T08:35:12+00:00\",\"dateModified\":\"2025-04-23T01:37:39+00:00\",\"description\":\"El motor paso a paso h\u00edbrido 42BYGH cuenta con controladores unipolares y bipolares, que proporcionan \u00e1ngulos de paso de 0,9\u00b0 a 1,8\u00b0, alto torque y rendimiento confiable para un movimiento preciso.\",\"breadcrumb\":{\"@id\":\"https:\/\/www.leili-motor.net\/es\/motor-paso-a-paso-hibrido-42bygh.html#breadcrumb\"},\"inLanguage\":\"es\",\"potentialAction\":[{\"@type\":\"ReadAction\",\"target\":[\"https:\/\/www.leili-motor.net\/es\/motor-paso-a-paso-hibrido-42bygh.html\"]}]},{\"@type\":\"ImageObject\",\"inLanguage\":\"es\",\"@id\":\"https:\/\/www.leili-motor.net\/es\/motor-paso-a-paso-hibrido-42bygh.html#primaryimage\",\"url\":\"https:\/\/www.leili-motor.net\/wp-content\/uploads\/2025\/03\/Hybrid-Stepper-Motor-42BYGH.webp\",\"contentUrl\":\"https:\/\/www.leili-motor.net\/wp-content\/uploads\/2025\/03\/Hybrid-Stepper-Motor-42BYGH.webp\",\"width\":454,\"height\":310,\"caption\":\"Motor paso a paso h\u00edbrido 42BYGH\"},{\"@type\":\"BreadcrumbList\",\"@id\":\"https:\/\/www.leili-motor.net\/es\/motor-paso-a-paso-hibrido-42bygh.html#breadcrumb\",\"itemListElement\":[{\"@type\":\"ListItem\",\"position\":1,\"name\":\"Home\",\"item\":\"https:\/\/www.leili-motor.net\/es\/hogar\/\"},{\"@type\":\"ListItem\",\"position\":2,\"name\":\"Productos\",\"item\":\"https:\/\/www.leili-motor.net\/es\/productos\/\"},{\"@type\":\"ListItem\",\"position\":3,\"name\":\"Motor Paso A Paso H\u00edbrido 42BYGH\"}]},{\"@type\":\"WebSite\",\"@id\":\"https:\/\/www.leili-motor.net\/es\/#website\",\"url\":\"https:\/\/www.leili-motor.net\/es\/\",\"name\":\"Leili Motor\",\"description\":\"\",\"publisher\":{\"@id\":\"https:\/\/www.leili-motor.net\/es\/#organization\"},\"potentialAction\":[{\"@type\":\"SearchAction\",\"target\":{\"@type\":\"EntryPoint\",\"urlTemplate\":\"https:\/\/www.leili-motor.net\/es\/?s={search_term_string}\"},\"query-input\":{\"@type\":\"PropertyValueSpecification\",\"valueRequired\":true,\"valueName\":\"search_term_string\"}}],\"inLanguage\":\"es\"},{\"@type\":\"Organization\",\"@id\":\"https:\/\/www.leili-motor.net\/es\/#organization\",\"name\":\"Leili Motor\",\"url\":\"https:\/\/www.leili-motor.net\/es\/\",\"logo\":{\"@type\":\"ImageObject\",\"inLanguage\":\"es\",\"@id\":\"https:\/\/www.leili-motor.net\/es\/#\/schema\/logo\/image\/\",\"url\":\"https:\/\/www.leili-motor.net\/wp-content\/uploads\/2025\/03\/Leili-Motor.png\",\"contentUrl\":\"https:\/\/www.leili-motor.net\/wp-content\/uploads\/2025\/03\/Leili-Motor.png\",\"width\":600,\"height\":156,\"caption\":\"Leili Motor\"},\"image\":{\"@id\":\"https:\/\/www.leili-motor.net\/es\/#\/schema\/logo\/image\/\"}}]}<\/script>\n<!-- \/ Yoast SEO plugin. -->","yoast_head_json":{"title":"Motor Paso A Paso H\u00edbrido 42BYGH &#8211; Leili Motor","description":"El motor paso a paso h\u00edbrido 42BYGH cuenta con controladores unipolares y bipolares, que proporcionan \u00e1ngulos de paso de 0,9\u00b0 a 1,8\u00b0, alto torque y rendimiento confiable para un movimiento preciso.","robots":{"index":"index","follow":"follow","max-snippet":"max-snippet:-1","max-image-preview":"max-image-preview:large","max-video-preview":"max-video-preview:-1"},"canonical":"https:\/\/www.leili-motor.net\/es\/motor-paso-a-paso-hibrido-42bygh.html","twitter_misc":{"Tiempo de lectura":"1 minuto"},"schema":{"@context":"https:\/\/schema.org","@graph":[{"@type":"WebPage","@id":"https:\/\/www.leili-motor.net\/es\/motor-paso-a-paso-hibrido-42bygh.html","url":"https:\/\/www.leili-motor.net\/es\/motor-paso-a-paso-hibrido-42bygh.html","name":"Motor Paso A Paso H\u00edbrido 42BYGH &#8211; Leili Motor","isPartOf":{"@id":"https:\/\/www.leili-motor.net\/es\/#website"},"primaryImageOfPage":{"@id":"https:\/\/www.leili-motor.net\/es\/motor-paso-a-paso-hibrido-42bygh.html#primaryimage"},"image":{"@id":"https:\/\/www.leili-motor.net\/es\/motor-paso-a-paso-hibrido-42bygh.html#primaryimage"},"thumbnailUrl":"https:\/\/www.leili-motor.net\/wp-content\/uploads\/2025\/03\/Hybrid-Stepper-Motor-42BYGH.webp","datePublished":"2025-03-06T08:35:12+00:00","dateModified":"2025-04-23T01:37:39+00:00","description":"El motor paso a paso h\u00edbrido 42BYGH cuenta con controladores unipolares y bipolares, que proporcionan \u00e1ngulos de paso de 0,9\u00b0 a 1,8\u00b0, alto torque y rendimiento confiable para un movimiento preciso.","breadcrumb":{"@id":"https:\/\/www.leili-motor.net\/es\/motor-paso-a-paso-hibrido-42bygh.html#breadcrumb"},"inLanguage":"es","potentialAction":[{"@type":"ReadAction","target":["https:\/\/www.leili-motor.net\/es\/motor-paso-a-paso-hibrido-42bygh.html"]}]},{"@type":"ImageObject","inLanguage":"es","@id":"https:\/\/www.leili-motor.net\/es\/motor-paso-a-paso-hibrido-42bygh.html#primaryimage","url":"https:\/\/www.leili-motor.net\/wp-content\/uploads\/2025\/03\/Hybrid-Stepper-Motor-42BYGH.webp","contentUrl":"https:\/\/www.leili-motor.net\/wp-content\/uploads\/2025\/03\/Hybrid-Stepper-Motor-42BYGH.webp","width":454,"height":310,"caption":"Motor paso a paso h\u00edbrido 42BYGH"},{"@type":"BreadcrumbList","@id":"https:\/\/www.leili-motor.net\/es\/motor-paso-a-paso-hibrido-42bygh.html#breadcrumb","itemListElement":[{"@type":"ListItem","position":1,"name":"Home","item":"https:\/\/www.leili-motor.net\/es\/hogar\/"},{"@type":"ListItem","position":2,"name":"Productos","item":"https:\/\/www.leili-motor.net\/es\/productos\/"},{"@type":"ListItem","position":3,"name":"Motor Paso A Paso H\u00edbrido 42BYGH"}]},{"@type":"WebSite","@id":"https:\/\/www.leili-motor.net\/es\/#website","url":"https:\/\/www.leili-motor.net\/es\/","name":"Leili Motor","description":"","publisher":{"@id":"https:\/\/www.leili-motor.net\/es\/#organization"},"potentialAction":[{"@type":"SearchAction","target":{"@type":"EntryPoint","urlTemplate":"https:\/\/www.leili-motor.net\/es\/?s={search_term_string}"},"query-input":{"@type":"PropertyValueSpecification","valueRequired":true,"valueName":"search_term_string"}}],"inLanguage":"es"},{"@type":"Organization","@id":"https:\/\/www.leili-motor.net\/es\/#organization","name":"Leili Motor","url":"https:\/\/www.leili-motor.net\/es\/","logo":{"@type":"ImageObject","inLanguage":"es","@id":"https:\/\/www.leili-motor.net\/es\/#\/schema\/logo\/image\/","url":"https:\/\/www.leili-motor.net\/wp-content\/uploads\/2025\/03\/Leili-Motor.png","contentUrl":"https:\/\/www.leili-motor.net\/wp-content\/uploads\/2025\/03\/Leili-Motor.png","width":600,"height":156,"caption":"Leili Motor"},"image":{"@id":"https:\/\/www.leili-motor.net\/es\/#\/schema\/logo\/image\/"}}]}},"_links":{"self":[{"href":"https:\/\/www.leili-motor.net\/es\/wp-json\/wp\/v2\/product\/6809","targetHints":{"allow":["GET"]}}],"collection":[{"href":"https:\/\/www.leili-motor.net\/es\/wp-json\/wp\/v2\/product"}],"about":[{"href":"https:\/\/www.leili-motor.net\/es\/wp-json\/wp\/v2\/types\/product"}],"replies":[{"embeddable":true,"href":"https:\/\/www.leili-motor.net\/es\/wp-json\/wp\/v2\/comments?post=6809"}],"wp:featuredmedia":[{"embeddable":true,"href":"https:\/\/www.leili-motor.net\/es\/wp-json\/wp\/v2\/media\/5693"}],"wp:attachment":[{"href":"https:\/\/www.leili-motor.net\/es\/wp-json\/wp\/v2\/media?parent=6809"}],"wp:term":[{"taxonomy":"product_brand","embeddable":true,"href":"https:\/\/www.leili-motor.net\/es\/wp-json\/wp\/v2\/product_brand?post=6809"},{"taxonomy":"product_cat","embeddable":true,"href":"https:\/\/www.leili-motor.net\/es\/wp-json\/wp\/v2\/product_cat?post=6809"},{"taxonomy":"product_tag","embeddable":true,"href":"https:\/\/www.leili-motor.net\/es\/wp-json\/wp\/v2\/product_tag?post=6809"}],"curies":[{"name":"wp","href":"https:\/\/api.w.org\/{rel}","templated":true}]}}