{"id":6870,"date":"2025-03-07T16:27:53","date_gmt":"2025-03-07T08:27:53","guid":{"rendered":"https:\/\/www.leili-motor.net\/motor-paso-a-paso-de-iman-permanente-35by46\/"},"modified":"2025-04-23T13:30:58","modified_gmt":"2025-04-23T05:30:58","slug":"motor-paso-a-paso-de-iman-permanente-35by46","status":"publish","type":"product","link":"https:\/\/www.leili-motor.net\/es\/motor-paso-a-paso-de-iman-permanente-35by46.html","title":{"rendered":"Motor Paso A Paso de Iman Permanente 35BY46"},"content":{"rendered":"<h2>Par\u00e1metros del Producto<\/h2>\n<table>\n<tbody>\n<tr>\n<td>Modelo<\/td>\n<td>Tensi\u00f3n (VCC)<\/td>\n<td>Resistencia (\u03a9\/fase a 25 \u00b0C)<\/td>\n<td>Inductancia (mH)<\/td>\n<td>Corriente \/ Fase (mA)<\/td>\n<td>Fase<\/td>\n<td>\u00c1ngulo de paso<\/td>\n<td>Modo de Excitaci\u00f3n<\/td>\n<td>Fuerza de autobloqueo (sin excitaci\u00f3n) (N)<\/td>\n<td>Carga en direcci\u00f3n axial (N)<\/td>\n<td>Fuerza radial (N)<\/td>\n<td>Carrera (mm)<\/td>\n<td>Ruido dB(A)<\/td>\n<\/tr>\n<tr>\n<td>35BY46-323<\/td>\n<td>12<\/td>\n<td>8<\/td>\n<td>12<\/td>\n<td>500mA<\/td>\n<td>4<\/td>\n<td>15\u00b0 \u00b1 1\u00b0<\/td>\n<td>2-2<\/td>\n<td>&gt;80<\/td>\n<td>0\u201315<\/td>\n<td>\u2264 5<\/td>\n<td>7\u201312<\/td>\n<td>Sin ruido anormal \/ &lt; 45 dB(A)<\/td>\n<\/tr>\n<\/tbody>\n<\/table>\n<h2>Dimensiones mec\u00e1nicas: mm<\/h2>\n<p><img loading=\"lazy\" decoding=\"async\" loading=\"lazy\" class=\"size-full wp-image-1306 aligncenter\" src=\"https:\/\/www.leili-motor.net\/wp-content\/uploads\/2025\/03\/35BY46-PM-Stepper-Motor-Dimensions.webp\" alt=\"Dimensiones del motor paso a paso 35BY46 PM\" width=\"759\" height=\"664\" srcset=\"https:\/\/www.leili-motor.net\/wp-content\/uploads\/2025\/03\/35BY46-PM-Stepper-Motor-Dimensions.webp 759w, https:\/\/www.leili-motor.net\/wp-content\/uploads\/2025\/03\/35BY46-PM-Stepper-Motor-Dimensions-300x262.webp 300w, https:\/\/www.leili-motor.net\/wp-content\/uploads\/2025\/03\/35BY46-PM-Stepper-Motor-Dimensions-600x525.webp 600w\" sizes=\"auto, (max-width: 759px) 100vw, 759px\" \/><\/p>\n","protected":false},"excerpt":{"rendered":"<h3>Introducci\u00f3n Del Producto<\/h3>\n<ul>\n<li>Motor paso a paso para direcci\u00f3n de l\u00e1mparas de autom\u00f3viles<\/li>\n<li>El motor 35BY46-323 presenta un \u00e1ngulo de paso de 15\u00b0, 12 V CC y una corriente de 450 mA.<\/li>\n<li>Ofrece un recorrido lineal m\u00e1ximo de 300 mm, una velocidad axial de 0,033 mm\/paso y aislamiento de clase E.<\/li>\n<\/ul>\n<h3>Aplicaci\u00f3n del Producto<\/h3>\n<ul>\n<li>Los faros del coche giran<\/li>\n<\/ul>\n","protected":false},"featured_media":5799,"comment_status":"open","ping_status":"closed","template":"","meta":{"site-sidebar-layout":"default","site-content-layout":"","ast-site-content-layout":"default","site-content-style":"default","site-sidebar-style":"default","ast-global-header-display":"","ast-banner-title-visibility":"","ast-main-header-display":"","ast-hfb-above-header-display":"","ast-hfb-below-header-display":"","ast-hfb-mobile-header-display":"","site-post-title":"","ast-breadcrumbs-content":"","ast-featured-img":"","footer-sml-layout":"","theme-transparent-header-meta":"default","adv-header-id-meta":"","stick-header-meta":"","header-above-stick-meta":"","header-main-stick-meta":"","header-below-stick-meta":"","astra-migrate-meta-layouts":"set","ast-page-background-enabled":"default","ast-page-background-meta":{"desktop":{"background-color":"var(--ast-global-color-5)","background-image":"","background-repeat":"repeat","background-position":"center center","background-size":"auto","background-attachment":"scroll","background-type":"","background-media":"","overlay-type":"","overlay-color":"","overlay-opacity":"","overlay-gradient":""},"tablet":{"background-color":"","background-image":"","background-repeat":"repeat","background-position":"center center","background-size":"auto","background-attachment":"scroll","background-type":"","background-media":"","overlay-type":"","overlay-color":"","overlay-opacity":"","overlay-gradient":""},"mobile":{"background-color":"","background-image":"","background-repeat":"repeat","background-position":"center center","background-size":"auto","background-attachment":"scroll","background-type":"","background-media":"","overlay-type":"","overlay-color":"","overlay-opacity":"","overlay-gradient":""}},"ast-content-background-meta":{"desktop":{"background-color":"var(--ast-global-color-4)","background-image":"","background-repeat":"repeat","background-position":"center center","background-size":"auto","background-attachment":"scroll","background-type":"","background-media":"","overlay-type":"","overlay-color":"","overlay-opacity":"","overlay-gradient":""},"tablet":{"background-color":"var(--ast-global-color-4)","background-image":"","background-repeat":"repeat","background-position":"center center","background-size":"auto","background-attachment":"scroll","background-type":"","background-media":"","overlay-type":"","overlay-color":"","overlay-opacity":"","overlay-gradient":""},"mobile":{"background-color":"var(--ast-global-color-4)","background-image":"","background-repeat":"repeat","background-position":"center center","background-size":"auto","background-attachment":"scroll","background-type":"","background-media":"","overlay-type":"","overlay-color":"","overlay-opacity":"","overlay-gradient":""}}},"product_brand":[],"product_cat":[538,633],"product_tag":[610],"class_list":{"0":"post-6870","1":"product","2":"type-product","3":"status-publish","4":"has-post-thumbnail","6":"product_cat-categoria-de-motor-paso-a-paso","7":"product_cat-motores-paso-a-paso-pm","8":"product_tag-control-de-la-carroceria-direccion-ligera","9":"pa_application-autopartes","10":"desktop-align-left","11":"tablet-align-left","12":"mobile-align-left","14":"first","15":"instock","16":"shipping-taxable","17":"product-type-simple"},"yoast_head":"<!-- This site is optimized with the Yoast SEO plugin v27.2 - https:\/\/yoast.com\/product\/yoast-seo-wordpress\/ -->\n<title>Motor Paso A Paso de Iman Permanente 35BY46 &#8211; Leili Motor<\/title>\n<meta name=\"description\" content=\"El motor paso a paso 35BY46-323 PM presenta un \u00e1ngulo de paso de 15\u00b0, 12 V, 450 mA, resistencia de bobina de 7,5 \u03a9 y frecuencia de funcionamiento de 300 PPS con una fuerza axial de 30 N.\" \/>\n<meta name=\"robots\" content=\"index, follow, max-snippet:-1, max-image-preview:large, max-video-preview:-1\" \/>\n<link rel=\"canonical\" href=\"https:\/\/www.leili-motor.net\/es\/motor-paso-a-paso-de-iman-permanente-35by46.html\" \/>\n<meta name=\"twitter:label1\" content=\"Tiempo de lectura\" \/>\n\t<meta name=\"twitter:data1\" content=\"1 minuto\" \/>\n<script type=\"application\/ld+json\" class=\"yoast-schema-graph\">{\"@context\":\"https:\/\/schema.org\",\"@graph\":[{\"@type\":\"WebPage\",\"@id\":\"https:\/\/www.leili-motor.net\/es\/motor-paso-a-paso-de-iman-permanente-35by46.html\",\"url\":\"https:\/\/www.leili-motor.net\/es\/motor-paso-a-paso-de-iman-permanente-35by46.html\",\"name\":\"Motor Paso A Paso de Iman Permanente 35BY46 &#8211; Leili Motor\",\"isPartOf\":{\"@id\":\"https:\/\/www.leili-motor.net\/es\/#website\"},\"primaryImageOfPage\":{\"@id\":\"https:\/\/www.leili-motor.net\/es\/motor-paso-a-paso-de-iman-permanente-35by46.html#primaryimage\"},\"image\":{\"@id\":\"https:\/\/www.leili-motor.net\/es\/motor-paso-a-paso-de-iman-permanente-35by46.html#primaryimage\"},\"thumbnailUrl\":\"https:\/\/www.leili-motor.net\/wp-content\/uploads\/2025\/03\/Stepper-Motor-35BY46.webp\",\"datePublished\":\"2025-03-07T08:27:53+00:00\",\"dateModified\":\"2025-04-23T05:30:58+00:00\",\"description\":\"El motor paso a paso 35BY46-323 PM presenta un \u00e1ngulo de paso de 15\u00b0, 12 V, 450 mA, resistencia de bobina de 7,5 \u03a9 y frecuencia de funcionamiento de 300 PPS con una fuerza axial de 30 N.\",\"breadcrumb\":{\"@id\":\"https:\/\/www.leili-motor.net\/es\/motor-paso-a-paso-de-iman-permanente-35by46.html#breadcrumb\"},\"inLanguage\":\"es\",\"potentialAction\":[{\"@type\":\"ReadAction\",\"target\":[\"https:\/\/www.leili-motor.net\/es\/motor-paso-a-paso-de-iman-permanente-35by46.html\"]}]},{\"@type\":\"ImageObject\",\"inLanguage\":\"es\",\"@id\":\"https:\/\/www.leili-motor.net\/es\/motor-paso-a-paso-de-iman-permanente-35by46.html#primaryimage\",\"url\":\"https:\/\/www.leili-motor.net\/wp-content\/uploads\/2025\/03\/Stepper-Motor-35BY46.webp\",\"contentUrl\":\"https:\/\/www.leili-motor.net\/wp-content\/uploads\/2025\/03\/Stepper-Motor-35BY46.webp\",\"width\":454,\"height\":310,\"caption\":\"Motor paso a paso 35BY46\"},{\"@type\":\"BreadcrumbList\",\"@id\":\"https:\/\/www.leili-motor.net\/es\/motor-paso-a-paso-de-iman-permanente-35by46.html#breadcrumb\",\"itemListElement\":[{\"@type\":\"ListItem\",\"position\":1,\"name\":\"Home\",\"item\":\"https:\/\/www.leili-motor.net\/es\/hogar\/\"},{\"@type\":\"ListItem\",\"position\":2,\"name\":\"Productos\",\"item\":\"https:\/\/www.leili-motor.net\/es\/productos\/\"},{\"@type\":\"ListItem\",\"position\":3,\"name\":\"Motor Paso A Paso de Iman Permanente 35BY46\"}]},{\"@type\":\"WebSite\",\"@id\":\"https:\/\/www.leili-motor.net\/es\/#website\",\"url\":\"https:\/\/www.leili-motor.net\/es\/\",\"name\":\"Leili Motor\",\"description\":\"\",\"publisher\":{\"@id\":\"https:\/\/www.leili-motor.net\/es\/#organization\"},\"potentialAction\":[{\"@type\":\"SearchAction\",\"target\":{\"@type\":\"EntryPoint\",\"urlTemplate\":\"https:\/\/www.leili-motor.net\/es\/?s={search_term_string}\"},\"query-input\":{\"@type\":\"PropertyValueSpecification\",\"valueRequired\":true,\"valueName\":\"search_term_string\"}}],\"inLanguage\":\"es\"},{\"@type\":\"Organization\",\"@id\":\"https:\/\/www.leili-motor.net\/es\/#organization\",\"name\":\"Leili Motor\",\"url\":\"https:\/\/www.leili-motor.net\/es\/\",\"logo\":{\"@type\":\"ImageObject\",\"inLanguage\":\"es\",\"@id\":\"https:\/\/www.leili-motor.net\/es\/#\/schema\/logo\/image\/\",\"url\":\"https:\/\/www.leili-motor.net\/wp-content\/uploads\/2025\/03\/Leili-Motor.png\",\"contentUrl\":\"https:\/\/www.leili-motor.net\/wp-content\/uploads\/2025\/03\/Leili-Motor.png\",\"width\":600,\"height\":156,\"caption\":\"Leili Motor\"},\"image\":{\"@id\":\"https:\/\/www.leili-motor.net\/es\/#\/schema\/logo\/image\/\"}}]}<\/script>\n<!-- \/ Yoast SEO plugin. -->","yoast_head_json":{"title":"Motor Paso A Paso de Iman Permanente 35BY46 &#8211; Leili Motor","description":"El motor paso a paso 35BY46-323 PM presenta un \u00e1ngulo de paso de 15\u00b0, 12 V, 450 mA, resistencia de bobina de 7,5 \u03a9 y frecuencia de funcionamiento de 300 PPS con una fuerza axial de 30 N.","robots":{"index":"index","follow":"follow","max-snippet":"max-snippet:-1","max-image-preview":"max-image-preview:large","max-video-preview":"max-video-preview:-1"},"canonical":"https:\/\/www.leili-motor.net\/es\/motor-paso-a-paso-de-iman-permanente-35by46.html","twitter_misc":{"Tiempo de lectura":"1 minuto"},"schema":{"@context":"https:\/\/schema.org","@graph":[{"@type":"WebPage","@id":"https:\/\/www.leili-motor.net\/es\/motor-paso-a-paso-de-iman-permanente-35by46.html","url":"https:\/\/www.leili-motor.net\/es\/motor-paso-a-paso-de-iman-permanente-35by46.html","name":"Motor Paso A Paso de Iman Permanente 35BY46 &#8211; Leili Motor","isPartOf":{"@id":"https:\/\/www.leili-motor.net\/es\/#website"},"primaryImageOfPage":{"@id":"https:\/\/www.leili-motor.net\/es\/motor-paso-a-paso-de-iman-permanente-35by46.html#primaryimage"},"image":{"@id":"https:\/\/www.leili-motor.net\/es\/motor-paso-a-paso-de-iman-permanente-35by46.html#primaryimage"},"thumbnailUrl":"https:\/\/www.leili-motor.net\/wp-content\/uploads\/2025\/03\/Stepper-Motor-35BY46.webp","datePublished":"2025-03-07T08:27:53+00:00","dateModified":"2025-04-23T05:30:58+00:00","description":"El motor paso a paso 35BY46-323 PM presenta un \u00e1ngulo de paso de 15\u00b0, 12 V, 450 mA, resistencia de bobina de 7,5 \u03a9 y frecuencia de funcionamiento de 300 PPS con una fuerza axial de 30 N.","breadcrumb":{"@id":"https:\/\/www.leili-motor.net\/es\/motor-paso-a-paso-de-iman-permanente-35by46.html#breadcrumb"},"inLanguage":"es","potentialAction":[{"@type":"ReadAction","target":["https:\/\/www.leili-motor.net\/es\/motor-paso-a-paso-de-iman-permanente-35by46.html"]}]},{"@type":"ImageObject","inLanguage":"es","@id":"https:\/\/www.leili-motor.net\/es\/motor-paso-a-paso-de-iman-permanente-35by46.html#primaryimage","url":"https:\/\/www.leili-motor.net\/wp-content\/uploads\/2025\/03\/Stepper-Motor-35BY46.webp","contentUrl":"https:\/\/www.leili-motor.net\/wp-content\/uploads\/2025\/03\/Stepper-Motor-35BY46.webp","width":454,"height":310,"caption":"Motor paso a paso 35BY46"},{"@type":"BreadcrumbList","@id":"https:\/\/www.leili-motor.net\/es\/motor-paso-a-paso-de-iman-permanente-35by46.html#breadcrumb","itemListElement":[{"@type":"ListItem","position":1,"name":"Home","item":"https:\/\/www.leili-motor.net\/es\/hogar\/"},{"@type":"ListItem","position":2,"name":"Productos","item":"https:\/\/www.leili-motor.net\/es\/productos\/"},{"@type":"ListItem","position":3,"name":"Motor Paso A Paso de Iman Permanente 35BY46"}]},{"@type":"WebSite","@id":"https:\/\/www.leili-motor.net\/es\/#website","url":"https:\/\/www.leili-motor.net\/es\/","name":"Leili Motor","description":"","publisher":{"@id":"https:\/\/www.leili-motor.net\/es\/#organization"},"potentialAction":[{"@type":"SearchAction","target":{"@type":"EntryPoint","urlTemplate":"https:\/\/www.leili-motor.net\/es\/?s={search_term_string}"},"query-input":{"@type":"PropertyValueSpecification","valueRequired":true,"valueName":"search_term_string"}}],"inLanguage":"es"},{"@type":"Organization","@id":"https:\/\/www.leili-motor.net\/es\/#organization","name":"Leili Motor","url":"https:\/\/www.leili-motor.net\/es\/","logo":{"@type":"ImageObject","inLanguage":"es","@id":"https:\/\/www.leili-motor.net\/es\/#\/schema\/logo\/image\/","url":"https:\/\/www.leili-motor.net\/wp-content\/uploads\/2025\/03\/Leili-Motor.png","contentUrl":"https:\/\/www.leili-motor.net\/wp-content\/uploads\/2025\/03\/Leili-Motor.png","width":600,"height":156,"caption":"Leili Motor"},"image":{"@id":"https:\/\/www.leili-motor.net\/es\/#\/schema\/logo\/image\/"}}]}},"_links":{"self":[{"href":"https:\/\/www.leili-motor.net\/es\/wp-json\/wp\/v2\/product\/6870","targetHints":{"allow":["GET"]}}],"collection":[{"href":"https:\/\/www.leili-motor.net\/es\/wp-json\/wp\/v2\/product"}],"about":[{"href":"https:\/\/www.leili-motor.net\/es\/wp-json\/wp\/v2\/types\/product"}],"replies":[{"embeddable":true,"href":"https:\/\/www.leili-motor.net\/es\/wp-json\/wp\/v2\/comments?post=6870"}],"wp:featuredmedia":[{"embeddable":true,"href":"https:\/\/www.leili-motor.net\/es\/wp-json\/wp\/v2\/media\/5799"}],"wp:attachment":[{"href":"https:\/\/www.leili-motor.net\/es\/wp-json\/wp\/v2\/media?parent=6870"}],"wp:term":[{"taxonomy":"product_brand","embeddable":true,"href":"https:\/\/www.leili-motor.net\/es\/wp-json\/wp\/v2\/product_brand?post=6870"},{"taxonomy":"product_cat","embeddable":true,"href":"https:\/\/www.leili-motor.net\/es\/wp-json\/wp\/v2\/product_cat?post=6870"},{"taxonomy":"product_tag","embeddable":true,"href":"https:\/\/www.leili-motor.net\/es\/wp-json\/wp\/v2\/product_tag?post=6870"}],"curies":[{"name":"wp","href":"https:\/\/api.w.org\/{rel}","templated":true}]}}