{"id":6887,"date":"2025-03-10T17:47:12","date_gmt":"2025-03-10T09:47:12","guid":{"rendered":"https:\/\/www.leili-motor.net\/dispositivo-de-control-de-temperatura-preciso-bdfj1-5\/"},"modified":"2025-04-23T14:18:26","modified_gmt":"2025-04-23T06:18:26","slug":"dispositivo-de-control-de-temperatura-preciso-bdfj1-5","status":"publish","type":"product","link":"https:\/\/www.leili-motor.net\/es\/dispositivo-de-control-de-temperatura-preciso-bdfj1-5.html","title":{"rendered":"Dispositivo de Control de Temperatura Preciso Bdfj1-5"},"content":{"rendered":"<h2>Par\u00e1metros del Producto<\/h2>\n<table style=\"border-collapse: collapse; width: 702.02pt;\" border=\"0\" width=\"936\" cellspacing=\"0\" cellpadding=\"0\">\n<tbody>\n<tr style=\"height: 13.50pt;\">\n<td style=\"height: 13.50pt; width: 54.00pt;\" width=\"72\" height=\"18\">Voltaje<br \/>\n(VCC)<\/td>\n<td style=\"width: 54.00pt;\" width=\"72\">Resistencia(25\u00b0C)<br \/>\nQ\/Fase<\/td>\n<td style=\"width: 54.00pt;\" width=\"72\">\u00c1ngulo de paso<\/td>\n<td style=\"width: 54.00pt;\" width=\"72\">Relaci\u00f3n de reducci\u00f3n del motor<\/td>\n<td style=\"width: 54.00pt;\" width=\"72\">Relaci\u00f3n de reducci\u00f3n de la caja de cambios<\/td>\n<td style=\"width: 54.00pt;\" width=\"72\">Par de tracci\u00f3n 300 pps<br \/>\n (mN-m)<\/td>\n<td style=\"width: 54.00pt;\" width=\"72\">Voltaje de arranque<br \/>\n(300 p\u00e1ginas por segundo)<\/td>\n<td style=\"width: 54.00pt;\" width=\"72\">Par de arranque (mN\u00b7m)<\/td>\n<td style=\"width: 54.00pt;\" width=\"72\">Frecuencia de arranque sin carga<br \/>\n(pps)<\/td>\n<td style=\"width: 54.00pt;\" width=\"72\">Frecuencia de extracci\u00f3n sin carga (pps)<\/td>\n<td style=\"width: 54.00pt;\" width=\"72\">Resistencia de aislamiento (DC500V)<br \/>\n(M\u03a9)<\/td>\n<td style=\"width: 54.00pt;\" width=\"72\">Aumento de la temperatura<br \/>\n(K\uff09<\/td>\n<td style=\"width: 54.00pt;\" width=\"72\">B(A) ruidoso<\/td>\n<\/tr>\n<tr style=\"height: 13.50pt;\">\n<td style=\"height: 13.50pt;\" align=\"right\" height=\"18\">12<\/td>\n<td>200\u00b170%<\/td>\n<td>7.5\u00b0\/283<\/td>\n<td>1\/85.25<\/td>\n<td>1\/3.32<\/td>\n<td>\u226568.8<\/td>\n<td>10VDC<\/td>\n<td>\u226529.4<\/td>\n<td>\u2265400<\/td>\n<td>\u2265500<\/td>\n<td>\u2605\u2265100<\/td>\n<td>\u2264 60<\/td>\n<td>\u226445<\/td>\n<\/tr>\n<\/tbody>\n<\/table>\n<h2>Dimensiones mec\u00e1nicas: mm<\/h2>\n<p><img fetchpriority=\"high\" decoding=\"async\" class=\"size-full wp-image-1792 aligncenter\" src=\"https:\/\/www.leili-motor.net\/wp-content\/uploads\/2025\/03\/Mechanical-Dimensions-for-BDFJ1-5-Precise-Temperature-Control-Device.webp\" alt=\"Dimensiones mec\u00e1nicas del dispositivo de control de temperatura preciso BDFJ1-5\" width=\"1231\" height=\"777\" srcset=\"https:\/\/www.leili-motor.net\/wp-content\/uploads\/2025\/03\/Mechanical-Dimensions-for-BDFJ1-5-Precise-Temperature-Control-Device.webp 1231w, https:\/\/www.leili-motor.net\/wp-content\/uploads\/2025\/03\/Mechanical-Dimensions-for-BDFJ1-5-Precise-Temperature-Control-Device-300x189.webp 300w, https:\/\/www.leili-motor.net\/wp-content\/uploads\/2025\/03\/Mechanical-Dimensions-for-BDFJ1-5-Precise-Temperature-Control-Device-1024x646.webp 1024w, https:\/\/www.leili-motor.net\/wp-content\/uploads\/2025\/03\/Mechanical-Dimensions-for-BDFJ1-5-Precise-Temperature-Control-Device-768x485.webp 768w, https:\/\/www.leili-motor.net\/wp-content\/uploads\/2025\/03\/Mechanical-Dimensions-for-BDFJ1-5-Precise-Temperature-Control-Device-600x379.webp 600w\" sizes=\"(max-width: 1231px) 100vw, 1231px\" \/><\/p>\n<p>&nbsp;<\/p>\n","protected":false},"excerpt":{"rendered":"<h3>Introducci\u00f3n Del Producto<\/h3>\n<ul>\n<li>Adecuado para el sistema de circulaci\u00f3n del refrigerador.<\/li>\n<li>Relaci\u00f3n de reducci\u00f3n del motor: presenta una relaci\u00f3n de reducci\u00f3n de 1\/85,25, optimizando el torque del motor y la eficiencia de la velocidad.<\/li>\n<li>Relaci\u00f3n de reducci\u00f3n de la caja de cambios: La relaci\u00f3n de reducci\u00f3n de la caja de cambios de 1\/3,32 mejora la salida de torque mientras minimiza la velocidad.<\/li>\n<li>Par de atracci\u00f3n (300 pps): alcanza un par de atracci\u00f3n de \u2265 68,8 mN\u00b7m a 300 pulsos por segundo para lograr estabilidad.<\/li>\n<\/ul>\n<h3>Aplicaci\u00f3n del Producto<\/h3>\n<ul>\n<li>Electrodom\u00e9sticos: Frigor\u00edfico<\/li>\n<\/ul>\n","protected":false},"featured_media":1789,"comment_status":"open","ping_status":"closed","template":"","meta":{"site-sidebar-layout":"default","site-content-layout":"","ast-site-content-layout":"default","site-content-style":"default","site-sidebar-style":"default","ast-global-header-display":"","ast-banner-title-visibility":"","ast-main-header-display":"","ast-hfb-above-header-display":"","ast-hfb-below-header-display":"","ast-hfb-mobile-header-display":"","site-post-title":"","ast-breadcrumbs-content":"","ast-featured-img":"","footer-sml-layout":"","theme-transparent-header-meta":"default","adv-header-id-meta":"","stick-header-meta":"","header-above-stick-meta":"","header-main-stick-meta":"","header-below-stick-meta":"","astra-migrate-meta-layouts":"default","ast-page-background-enabled":"default","ast-page-background-meta":{"desktop":{"background-color":"var(--ast-global-color-5)","background-image":"","background-repeat":"repeat","background-position":"center center","background-size":"auto","background-attachment":"scroll","background-type":"","background-media":"","overlay-type":"","overlay-color":"","overlay-opacity":"","overlay-gradient":""},"tablet":{"background-color":"","background-image":"","background-repeat":"repeat","background-position":"center center","background-size":"auto","background-attachment":"scroll","background-type":"","background-media":"","overlay-type":"","overlay-color":"","overlay-opacity":"","overlay-gradient":""},"mobile":{"background-color":"","background-image":"","background-repeat":"repeat","background-position":"center center","background-size":"auto","background-attachment":"scroll","background-type":"","background-media":"","overlay-type":"","overlay-color":"","overlay-opacity":"","overlay-gradient":""}},"ast-content-background-meta":{"desktop":{"background-color":"var(--ast-global-color-4)","background-image":"","background-repeat":"repeat","background-position":"center center","background-size":"auto","background-attachment":"scroll","background-type":"","background-media":"","overlay-type":"","overlay-color":"","overlay-opacity":"","overlay-gradient":""},"tablet":{"background-color":"var(--ast-global-color-4)","background-image":"","background-repeat":"repeat","background-position":"center center","background-size":"auto","background-attachment":"scroll","background-type":"","background-media":"","overlay-type":"","overlay-color":"","overlay-opacity":"","overlay-gradient":""},"mobile":{"background-color":"var(--ast-global-color-4)","background-image":"","background-repeat":"repeat","background-position":"center center","background-size":"auto","background-attachment":"scroll","background-type":"","background-media":"","overlay-type":"","overlay-color":"","overlay-opacity":"","overlay-gradient":""}}},"product_brand":[],"product_cat":[520,521],"product_tag":[567],"class_list":{"0":"post-6887","1":"product","2":"type-product","3":"status-publish","4":"has-post-thumbnail","6":"product_cat-componentes","7":"product_cat-componentes-del-electrodomesticos","8":"product_tag-refrigerador-sistema-circulatorio","9":"pa_application-electrodomestico","10":"desktop-align-left","11":"tablet-align-left","12":"mobile-align-left","14":"first","15":"instock","16":"shipping-taxable","17":"product-type-simple"},"yoast_head":"<!-- This site is optimized with the Yoast SEO plugin v27.2 - https:\/\/yoast.com\/product\/yoast-seo-wordpress\/ -->\n<title>Dispositivo de Control de Temperatura Preciso Bdfj1-5 &#8211; Leili Motor<\/title>\n<meta name=\"description\" content=\"El dispositivo de control de temperatura preciso BDFJ1-5 funciona a 12 VCC y proporciona energ\u00eda eficiente para un rendimiento estable en condiciones variables.\" \/>\n<meta name=\"robots\" content=\"index, follow, max-snippet:-1, max-image-preview:large, max-video-preview:-1\" \/>\n<link rel=\"canonical\" href=\"https:\/\/www.leili-motor.net\/es\/dispositivo-de-control-de-temperatura-preciso-bdfj1-5.html\" \/>\n<script type=\"application\/ld+json\" class=\"yoast-schema-graph\">{\"@context\":\"https:\/\/schema.org\",\"@graph\":[{\"@type\":\"WebPage\",\"@id\":\"https:\/\/www.leili-motor.net\/es\/dispositivo-de-control-de-temperatura-preciso-bdfj1-5.html\",\"url\":\"https:\/\/www.leili-motor.net\/es\/dispositivo-de-control-de-temperatura-preciso-bdfj1-5.html\",\"name\":\"Dispositivo de Control de Temperatura Preciso Bdfj1-5 &#8211; Leili Motor\",\"isPartOf\":{\"@id\":\"https:\/\/www.leili-motor.net\/es\/#website\"},\"primaryImageOfPage\":{\"@id\":\"https:\/\/www.leili-motor.net\/es\/dispositivo-de-control-de-temperatura-preciso-bdfj1-5.html#primaryimage\"},\"image\":{\"@id\":\"https:\/\/www.leili-motor.net\/es\/dispositivo-de-control-de-temperatura-preciso-bdfj1-5.html#primaryimage\"},\"thumbnailUrl\":\"https:\/\/www.leili-motor.net\/wp-content\/uploads\/2025\/03\/BDFJ1-5-Precise-Temperature-Control-Device.webp\",\"datePublished\":\"2025-03-10T09:47:12+00:00\",\"dateModified\":\"2025-04-23T06:18:26+00:00\",\"description\":\"El dispositivo de control de temperatura preciso BDFJ1-5 funciona a 12 VCC y proporciona energ\u00eda eficiente para un rendimiento estable en condiciones variables.\",\"breadcrumb\":{\"@id\":\"https:\/\/www.leili-motor.net\/es\/dispositivo-de-control-de-temperatura-preciso-bdfj1-5.html#breadcrumb\"},\"inLanguage\":\"es\",\"potentialAction\":[{\"@type\":\"ReadAction\",\"target\":[\"https:\/\/www.leili-motor.net\/es\/dispositivo-de-control-de-temperatura-preciso-bdfj1-5.html\"]}]},{\"@type\":\"ImageObject\",\"inLanguage\":\"es\",\"@id\":\"https:\/\/www.leili-motor.net\/es\/dispositivo-de-control-de-temperatura-preciso-bdfj1-5.html#primaryimage\",\"url\":\"https:\/\/www.leili-motor.net\/wp-content\/uploads\/2025\/03\/BDFJ1-5-Precise-Temperature-Control-Device.webp\",\"contentUrl\":\"https:\/\/www.leili-motor.net\/wp-content\/uploads\/2025\/03\/BDFJ1-5-Precise-Temperature-Control-Device.webp\",\"width\":454,\"height\":310,\"caption\":\"BDFJ1-5 Precise Temperature Control Device\"},{\"@type\":\"BreadcrumbList\",\"@id\":\"https:\/\/www.leili-motor.net\/es\/dispositivo-de-control-de-temperatura-preciso-bdfj1-5.html#breadcrumb\",\"itemListElement\":[{\"@type\":\"ListItem\",\"position\":1,\"name\":\"Home\",\"item\":\"https:\/\/www.leili-motor.net\/es\/hogar\/\"},{\"@type\":\"ListItem\",\"position\":2,\"name\":\"Productos\",\"item\":\"https:\/\/www.leili-motor.net\/es\/productos\/\"},{\"@type\":\"ListItem\",\"position\":3,\"name\":\"Dispositivo de Control de Temperatura Preciso Bdfj1-5\"}]},{\"@type\":\"WebSite\",\"@id\":\"https:\/\/www.leili-motor.net\/es\/#website\",\"url\":\"https:\/\/www.leili-motor.net\/es\/\",\"name\":\"Leili Motor\",\"description\":\"\",\"publisher\":{\"@id\":\"https:\/\/www.leili-motor.net\/es\/#organization\"},\"potentialAction\":[{\"@type\":\"SearchAction\",\"target\":{\"@type\":\"EntryPoint\",\"urlTemplate\":\"https:\/\/www.leili-motor.net\/es\/?s={search_term_string}\"},\"query-input\":{\"@type\":\"PropertyValueSpecification\",\"valueRequired\":true,\"valueName\":\"search_term_string\"}}],\"inLanguage\":\"es\"},{\"@type\":\"Organization\",\"@id\":\"https:\/\/www.leili-motor.net\/es\/#organization\",\"name\":\"Leili Motor\",\"url\":\"https:\/\/www.leili-motor.net\/es\/\",\"logo\":{\"@type\":\"ImageObject\",\"inLanguage\":\"es\",\"@id\":\"https:\/\/www.leili-motor.net\/es\/#\/schema\/logo\/image\/\",\"url\":\"https:\/\/www.leili-motor.net\/wp-content\/uploads\/2025\/03\/Leili-Motor.png\",\"contentUrl\":\"https:\/\/www.leili-motor.net\/wp-content\/uploads\/2025\/03\/Leili-Motor.png\",\"width\":600,\"height\":156,\"caption\":\"Leili Motor\"},\"image\":{\"@id\":\"https:\/\/www.leili-motor.net\/es\/#\/schema\/logo\/image\/\"}}]}<\/script>\n<!-- \/ Yoast SEO plugin. -->","yoast_head_json":{"title":"Dispositivo de Control de Temperatura Preciso Bdfj1-5 &#8211; Leili Motor","description":"El dispositivo de control de temperatura preciso BDFJ1-5 funciona a 12 VCC y proporciona energ\u00eda eficiente para un rendimiento estable en condiciones variables.","robots":{"index":"index","follow":"follow","max-snippet":"max-snippet:-1","max-image-preview":"max-image-preview:large","max-video-preview":"max-video-preview:-1"},"canonical":"https:\/\/www.leili-motor.net\/es\/dispositivo-de-control-de-temperatura-preciso-bdfj1-5.html","schema":{"@context":"https:\/\/schema.org","@graph":[{"@type":"WebPage","@id":"https:\/\/www.leili-motor.net\/es\/dispositivo-de-control-de-temperatura-preciso-bdfj1-5.html","url":"https:\/\/www.leili-motor.net\/es\/dispositivo-de-control-de-temperatura-preciso-bdfj1-5.html","name":"Dispositivo de Control de Temperatura Preciso Bdfj1-5 &#8211; Leili Motor","isPartOf":{"@id":"https:\/\/www.leili-motor.net\/es\/#website"},"primaryImageOfPage":{"@id":"https:\/\/www.leili-motor.net\/es\/dispositivo-de-control-de-temperatura-preciso-bdfj1-5.html#primaryimage"},"image":{"@id":"https:\/\/www.leili-motor.net\/es\/dispositivo-de-control-de-temperatura-preciso-bdfj1-5.html#primaryimage"},"thumbnailUrl":"https:\/\/www.leili-motor.net\/wp-content\/uploads\/2025\/03\/BDFJ1-5-Precise-Temperature-Control-Device.webp","datePublished":"2025-03-10T09:47:12+00:00","dateModified":"2025-04-23T06:18:26+00:00","description":"El dispositivo de control de temperatura preciso BDFJ1-5 funciona a 12 VCC y proporciona energ\u00eda eficiente para un rendimiento estable en condiciones variables.","breadcrumb":{"@id":"https:\/\/www.leili-motor.net\/es\/dispositivo-de-control-de-temperatura-preciso-bdfj1-5.html#breadcrumb"},"inLanguage":"es","potentialAction":[{"@type":"ReadAction","target":["https:\/\/www.leili-motor.net\/es\/dispositivo-de-control-de-temperatura-preciso-bdfj1-5.html"]}]},{"@type":"ImageObject","inLanguage":"es","@id":"https:\/\/www.leili-motor.net\/es\/dispositivo-de-control-de-temperatura-preciso-bdfj1-5.html#primaryimage","url":"https:\/\/www.leili-motor.net\/wp-content\/uploads\/2025\/03\/BDFJ1-5-Precise-Temperature-Control-Device.webp","contentUrl":"https:\/\/www.leili-motor.net\/wp-content\/uploads\/2025\/03\/BDFJ1-5-Precise-Temperature-Control-Device.webp","width":454,"height":310,"caption":"BDFJ1-5 Precise Temperature Control Device"},{"@type":"BreadcrumbList","@id":"https:\/\/www.leili-motor.net\/es\/dispositivo-de-control-de-temperatura-preciso-bdfj1-5.html#breadcrumb","itemListElement":[{"@type":"ListItem","position":1,"name":"Home","item":"https:\/\/www.leili-motor.net\/es\/hogar\/"},{"@type":"ListItem","position":2,"name":"Productos","item":"https:\/\/www.leili-motor.net\/es\/productos\/"},{"@type":"ListItem","position":3,"name":"Dispositivo de Control de Temperatura Preciso Bdfj1-5"}]},{"@type":"WebSite","@id":"https:\/\/www.leili-motor.net\/es\/#website","url":"https:\/\/www.leili-motor.net\/es\/","name":"Leili Motor","description":"","publisher":{"@id":"https:\/\/www.leili-motor.net\/es\/#organization"},"potentialAction":[{"@type":"SearchAction","target":{"@type":"EntryPoint","urlTemplate":"https:\/\/www.leili-motor.net\/es\/?s={search_term_string}"},"query-input":{"@type":"PropertyValueSpecification","valueRequired":true,"valueName":"search_term_string"}}],"inLanguage":"es"},{"@type":"Organization","@id":"https:\/\/www.leili-motor.net\/es\/#organization","name":"Leili Motor","url":"https:\/\/www.leili-motor.net\/es\/","logo":{"@type":"ImageObject","inLanguage":"es","@id":"https:\/\/www.leili-motor.net\/es\/#\/schema\/logo\/image\/","url":"https:\/\/www.leili-motor.net\/wp-content\/uploads\/2025\/03\/Leili-Motor.png","contentUrl":"https:\/\/www.leili-motor.net\/wp-content\/uploads\/2025\/03\/Leili-Motor.png","width":600,"height":156,"caption":"Leili Motor"},"image":{"@id":"https:\/\/www.leili-motor.net\/es\/#\/schema\/logo\/image\/"}}]}},"_links":{"self":[{"href":"https:\/\/www.leili-motor.net\/es\/wp-json\/wp\/v2\/product\/6887","targetHints":{"allow":["GET"]}}],"collection":[{"href":"https:\/\/www.leili-motor.net\/es\/wp-json\/wp\/v2\/product"}],"about":[{"href":"https:\/\/www.leili-motor.net\/es\/wp-json\/wp\/v2\/types\/product"}],"replies":[{"embeddable":true,"href":"https:\/\/www.leili-motor.net\/es\/wp-json\/wp\/v2\/comments?post=6887"}],"wp:featuredmedia":[{"embeddable":true,"href":"https:\/\/www.leili-motor.net\/es\/wp-json\/wp\/v2\/media\/1789"}],"wp:attachment":[{"href":"https:\/\/www.leili-motor.net\/es\/wp-json\/wp\/v2\/media?parent=6887"}],"wp:term":[{"taxonomy":"product_brand","embeddable":true,"href":"https:\/\/www.leili-motor.net\/es\/wp-json\/wp\/v2\/product_brand?post=6887"},{"taxonomy":"product_cat","embeddable":true,"href":"https:\/\/www.leili-motor.net\/es\/wp-json\/wp\/v2\/product_cat?post=6887"},{"taxonomy":"product_tag","embeddable":true,"href":"https:\/\/www.leili-motor.net\/es\/wp-json\/wp\/v2\/product_tag?post=6887"}],"curies":[{"name":"wp","href":"https:\/\/api.w.org\/{rel}","templated":true}]}}