{"id":6899,"date":"2025-03-10T16:42:10","date_gmt":"2025-03-10T08:42:10","guid":{"rendered":"https:\/\/www.leili-motor.net\/modulo-de-ventilacion-bdfj2\/"},"modified":"2025-03-10T16:42:10","modified_gmt":"2025-03-10T08:42:10","slug":"modulo-de-ventilacion-bdfj2","status":"publish","type":"product","link":"https:\/\/www.leili-motor.net\/es\/modulo-de-ventilacion-bdfj2.html","title":{"rendered":"M\u00f3dulo de Ventilaci\u00f3n BDFJ2"},"content":{"rendered":"<h2>Par\u00e1metros del Producto<\/h2>\n<table>\n<tbody>\n<tr>\n<td>Par de tracci\u00f3n<\/p>\n<p>12V 100PPS<\/p>\n<p>(mN\u00b7m)<\/td>\n<td>Ruido<\/p>\n<p>12V 100PPS<\/p>\n<p>10cm dB(A)<\/td>\n<td>Corriente (\u03a9)<\/td>\n<td>\u00c1ngulo de paso del motor (\u00b0)<\/td>\n<td>Relaci\u00f3n de reducci\u00f3n del motor<\/td>\n<td>Ruido dB(A)<\/td>\n<\/tr>\n<tr>\n<td>\u2265 50<\/td>\n<td>\u2264 45<\/td>\n<td>250\u00b117.5<\/td>\n<td>11.25<\/td>\n<td>1\/64<\/td>\n<td>\u2264 40<\/td>\n<\/tr>\n<\/tbody>\n<\/table>\n<h2>Dimensiones mec\u00e1nicas: mm<\/h2>\n<p><img fetchpriority=\"high\" decoding=\"async\" class=\"size-full wp-image-1685 aligncenter\" src=\"https:\/\/www.leili-motor.net\/wp-content\/uploads\/2025\/03\/Mechanical-Dimensions-for-BDFJ1-Ventilation-Module.webp\" alt=\"Dimensiones mec\u00e1nicas del m\u00f3dulo de ventilaci\u00f3n BDFJ1\" width=\"759\" height=\"750\" srcset=\"https:\/\/www.leili-motor.net\/wp-content\/uploads\/2025\/03\/Mechanical-Dimensions-for-BDFJ1-Ventilation-Module.webp 759w, https:\/\/www.leili-motor.net\/wp-content\/uploads\/2025\/03\/Mechanical-Dimensions-for-BDFJ1-Ventilation-Module-300x296.webp 300w, https:\/\/www.leili-motor.net\/wp-content\/uploads\/2025\/03\/Mechanical-Dimensions-for-BDFJ1-Ventilation-Module-600x593.webp 600w, https:\/\/www.leili-motor.net\/wp-content\/uploads\/2025\/03\/Mechanical-Dimensions-for-BDFJ1-Ventilation-Module-100x100.webp 100w\" sizes=\"(max-width: 759px) 100vw, 759px\" \/><\/p>\n","protected":false},"excerpt":{"rendered":"<h3>Introducci\u00f3n Del Producto<\/h3>\n<ul>\n<li>Acelerador del refrigerador<\/li>\n<li>\u00c1ngulo de paso: 11,25\u00b0, lo que permite un control preciso para un funcionamiento suave y constante.<\/li>\n<li>Relaci\u00f3n de reducci\u00f3n: 1\/64, que proporciona un alto nivel de reducci\u00f3n para un funcionamiento eficiente y control del flujo de aire.<\/li>\n<li>Nivel de ruido: \u2264 40 dB(A), lo que garantiza un ruido m\u00ednimo durante el funcionamiento para un entorno m\u00e1s silencioso.<\/li>\n<\/ul>\n<h3>Aplicaci\u00f3n del Producto<\/h3>\n<ul>\n<li>Electrodom\u00e9sticos: frigor\u00edfico<\/li>\n<\/ul>\n","protected":false},"featured_media":1690,"comment_status":"open","ping_status":"closed","template":"","meta":{"site-sidebar-layout":"default","site-content-layout":"","ast-site-content-layout":"default","site-content-style":"default","site-sidebar-style":"default","ast-global-header-display":"","ast-banner-title-visibility":"","ast-main-header-display":"","ast-hfb-above-header-display":"","ast-hfb-below-header-display":"","ast-hfb-mobile-header-display":"","site-post-title":"","ast-breadcrumbs-content":"","ast-featured-img":"","footer-sml-layout":"","theme-transparent-header-meta":"default","adv-header-id-meta":"","stick-header-meta":"","header-above-stick-meta":"","header-main-stick-meta":"","header-below-stick-meta":"","astra-migrate-meta-layouts":"default","ast-page-background-enabled":"default","ast-page-background-meta":{"desktop":{"background-color":"var(--ast-global-color-5)","background-image":"","background-repeat":"repeat","background-position":"center center","background-size":"auto","background-attachment":"scroll","background-type":"","background-media":"","overlay-type":"","overlay-color":"","overlay-opacity":"","overlay-gradient":""},"tablet":{"background-color":"","background-image":"","background-repeat":"repeat","background-position":"center center","background-size":"auto","background-attachment":"scroll","background-type":"","background-media":"","overlay-type":"","overlay-color":"","overlay-opacity":"","overlay-gradient":""},"mobile":{"background-color":"","background-image":"","background-repeat":"repeat","background-position":"center center","background-size":"auto","background-attachment":"scroll","background-type":"","background-media":"","overlay-type":"","overlay-color":"","overlay-opacity":"","overlay-gradient":""}},"ast-content-background-meta":{"desktop":{"background-color":"var(--ast-global-color-4)","background-image":"","background-repeat":"repeat","background-position":"center center","background-size":"auto","background-attachment":"scroll","background-type":"","background-media":"","overlay-type":"","overlay-color":"","overlay-opacity":"","overlay-gradient":""},"tablet":{"background-color":"var(--ast-global-color-4)","background-image":"","background-repeat":"repeat","background-position":"center center","background-size":"auto","background-attachment":"scroll","background-type":"","background-media":"","overlay-type":"","overlay-color":"","overlay-opacity":"","overlay-gradient":""},"mobile":{"background-color":"var(--ast-global-color-4)","background-image":"","background-repeat":"repeat","background-position":"center center","background-size":"auto","background-attachment":"scroll","background-type":"","background-media":"","overlay-type":"","overlay-color":"","overlay-opacity":"","overlay-gradient":""}}},"product_brand":[],"product_cat":[520,521],"product_tag":[567],"class_list":{"0":"post-6899","1":"product","2":"type-product","3":"status-publish","4":"has-post-thumbnail","6":"product_cat-componentes","7":"product_cat-componentes-del-electrodomesticos","8":"product_tag-refrigerador-sistema-circulatorio","9":"pa_application-electrodomestico","10":"desktop-align-left","11":"tablet-align-left","12":"mobile-align-left","14":"first","15":"instock","16":"shipping-taxable","17":"product-type-simple"},"yoast_head":"<!-- This site is optimized with the Yoast SEO plugin v27.2 - https:\/\/yoast.com\/product\/yoast-seo-wordpress\/ -->\n<title>M\u00f3dulo de Ventilaci\u00f3n BDFJ2 &#8211; Leili Motor<\/title>\n<meta name=\"description\" content=\"El par de atracci\u00f3n del m\u00f3dulo de ventilaci\u00f3n BDFJ2 (12 V, 100 PPS) es \u2265 50 mN\u00b7m, lo que proporciona fuerza suficiente para un funcionamiento eficiente de la ventilaci\u00f3n.\" \/>\n<meta name=\"robots\" content=\"index, follow, max-snippet:-1, max-image-preview:large, max-video-preview:-1\" \/>\n<link rel=\"canonical\" href=\"https:\/\/www.leili-motor.net\/es\/modulo-de-ventilacion-bdfj2.html\" \/>\n<script type=\"application\/ld+json\" class=\"yoast-schema-graph\">{\"@context\":\"https:\/\/schema.org\",\"@graph\":[{\"@type\":\"WebPage\",\"@id\":\"https:\/\/www.leili-motor.net\/es\/modulo-de-ventilacion-bdfj2.html\",\"url\":\"https:\/\/www.leili-motor.net\/es\/modulo-de-ventilacion-bdfj2.html\",\"name\":\"M\u00f3dulo de Ventilaci\u00f3n BDFJ2 &#8211; Leili Motor\",\"isPartOf\":{\"@id\":\"https:\/\/www.leili-motor.net\/es\/#website\"},\"primaryImageOfPage\":{\"@id\":\"https:\/\/www.leili-motor.net\/es\/modulo-de-ventilacion-bdfj2.html#primaryimage\"},\"image\":{\"@id\":\"https:\/\/www.leili-motor.net\/es\/modulo-de-ventilacion-bdfj2.html#primaryimage\"},\"thumbnailUrl\":\"https:\/\/www.leili-motor.net\/wp-content\/uploads\/2025\/03\/BDFJ2-Ventilation-Module.webp\",\"datePublished\":\"2025-03-10T08:42:10+00:00\",\"description\":\"El par de atracci\u00f3n del m\u00f3dulo de ventilaci\u00f3n BDFJ2 (12 V, 100 PPS) es \u2265 50 mN\u00b7m, lo que proporciona fuerza suficiente para un funcionamiento eficiente de la ventilaci\u00f3n.\",\"breadcrumb\":{\"@id\":\"https:\/\/www.leili-motor.net\/es\/modulo-de-ventilacion-bdfj2.html#breadcrumb\"},\"inLanguage\":\"es\",\"potentialAction\":[{\"@type\":\"ReadAction\",\"target\":[\"https:\/\/www.leili-motor.net\/es\/modulo-de-ventilacion-bdfj2.html\"]}]},{\"@type\":\"ImageObject\",\"inLanguage\":\"es\",\"@id\":\"https:\/\/www.leili-motor.net\/es\/modulo-de-ventilacion-bdfj2.html#primaryimage\",\"url\":\"https:\/\/www.leili-motor.net\/wp-content\/uploads\/2025\/03\/BDFJ2-Ventilation-Module.webp\",\"contentUrl\":\"https:\/\/www.leili-motor.net\/wp-content\/uploads\/2025\/03\/BDFJ2-Ventilation-Module.webp\",\"width\":454,\"height\":310,\"caption\":\"BDFJ2 Ventilation Module\"},{\"@type\":\"BreadcrumbList\",\"@id\":\"https:\/\/www.leili-motor.net\/es\/modulo-de-ventilacion-bdfj2.html#breadcrumb\",\"itemListElement\":[{\"@type\":\"ListItem\",\"position\":1,\"name\":\"Home\",\"item\":\"https:\/\/www.leili-motor.net\/es\/hogar\/\"},{\"@type\":\"ListItem\",\"position\":2,\"name\":\"Productos\",\"item\":\"https:\/\/www.leili-motor.net\/es\/productos\/\"},{\"@type\":\"ListItem\",\"position\":3,\"name\":\"M\u00f3dulo de Ventilaci\u00f3n BDFJ2\"}]},{\"@type\":\"WebSite\",\"@id\":\"https:\/\/www.leili-motor.net\/es\/#website\",\"url\":\"https:\/\/www.leili-motor.net\/es\/\",\"name\":\"Leili Motor\",\"description\":\"\",\"publisher\":{\"@id\":\"https:\/\/www.leili-motor.net\/es\/#organization\"},\"potentialAction\":[{\"@type\":\"SearchAction\",\"target\":{\"@type\":\"EntryPoint\",\"urlTemplate\":\"https:\/\/www.leili-motor.net\/es\/?s={search_term_string}\"},\"query-input\":{\"@type\":\"PropertyValueSpecification\",\"valueRequired\":true,\"valueName\":\"search_term_string\"}}],\"inLanguage\":\"es\"},{\"@type\":\"Organization\",\"@id\":\"https:\/\/www.leili-motor.net\/es\/#organization\",\"name\":\"Leili Motor\",\"url\":\"https:\/\/www.leili-motor.net\/es\/\",\"logo\":{\"@type\":\"ImageObject\",\"inLanguage\":\"es\",\"@id\":\"https:\/\/www.leili-motor.net\/es\/#\/schema\/logo\/image\/\",\"url\":\"https:\/\/www.leili-motor.net\/wp-content\/uploads\/2025\/03\/Leili-Motor.png\",\"contentUrl\":\"https:\/\/www.leili-motor.net\/wp-content\/uploads\/2025\/03\/Leili-Motor.png\",\"width\":600,\"height\":156,\"caption\":\"Leili Motor\"},\"image\":{\"@id\":\"https:\/\/www.leili-motor.net\/es\/#\/schema\/logo\/image\/\"}}]}<\/script>\n<!-- \/ Yoast SEO plugin. -->","yoast_head_json":{"title":"M\u00f3dulo de Ventilaci\u00f3n BDFJ2 &#8211; Leili Motor","description":"El par de atracci\u00f3n del m\u00f3dulo de ventilaci\u00f3n BDFJ2 (12 V, 100 PPS) es \u2265 50 mN\u00b7m, lo que proporciona fuerza suficiente para un funcionamiento eficiente de la ventilaci\u00f3n.","robots":{"index":"index","follow":"follow","max-snippet":"max-snippet:-1","max-image-preview":"max-image-preview:large","max-video-preview":"max-video-preview:-1"},"canonical":"https:\/\/www.leili-motor.net\/es\/modulo-de-ventilacion-bdfj2.html","schema":{"@context":"https:\/\/schema.org","@graph":[{"@type":"WebPage","@id":"https:\/\/www.leili-motor.net\/es\/modulo-de-ventilacion-bdfj2.html","url":"https:\/\/www.leili-motor.net\/es\/modulo-de-ventilacion-bdfj2.html","name":"M\u00f3dulo de Ventilaci\u00f3n BDFJ2 &#8211; Leili Motor","isPartOf":{"@id":"https:\/\/www.leili-motor.net\/es\/#website"},"primaryImageOfPage":{"@id":"https:\/\/www.leili-motor.net\/es\/modulo-de-ventilacion-bdfj2.html#primaryimage"},"image":{"@id":"https:\/\/www.leili-motor.net\/es\/modulo-de-ventilacion-bdfj2.html#primaryimage"},"thumbnailUrl":"https:\/\/www.leili-motor.net\/wp-content\/uploads\/2025\/03\/BDFJ2-Ventilation-Module.webp","datePublished":"2025-03-10T08:42:10+00:00","description":"El par de atracci\u00f3n del m\u00f3dulo de ventilaci\u00f3n BDFJ2 (12 V, 100 PPS) es \u2265 50 mN\u00b7m, lo que proporciona fuerza suficiente para un funcionamiento eficiente de la ventilaci\u00f3n.","breadcrumb":{"@id":"https:\/\/www.leili-motor.net\/es\/modulo-de-ventilacion-bdfj2.html#breadcrumb"},"inLanguage":"es","potentialAction":[{"@type":"ReadAction","target":["https:\/\/www.leili-motor.net\/es\/modulo-de-ventilacion-bdfj2.html"]}]},{"@type":"ImageObject","inLanguage":"es","@id":"https:\/\/www.leili-motor.net\/es\/modulo-de-ventilacion-bdfj2.html#primaryimage","url":"https:\/\/www.leili-motor.net\/wp-content\/uploads\/2025\/03\/BDFJ2-Ventilation-Module.webp","contentUrl":"https:\/\/www.leili-motor.net\/wp-content\/uploads\/2025\/03\/BDFJ2-Ventilation-Module.webp","width":454,"height":310,"caption":"BDFJ2 Ventilation Module"},{"@type":"BreadcrumbList","@id":"https:\/\/www.leili-motor.net\/es\/modulo-de-ventilacion-bdfj2.html#breadcrumb","itemListElement":[{"@type":"ListItem","position":1,"name":"Home","item":"https:\/\/www.leili-motor.net\/es\/hogar\/"},{"@type":"ListItem","position":2,"name":"Productos","item":"https:\/\/www.leili-motor.net\/es\/productos\/"},{"@type":"ListItem","position":3,"name":"M\u00f3dulo de Ventilaci\u00f3n BDFJ2"}]},{"@type":"WebSite","@id":"https:\/\/www.leili-motor.net\/es\/#website","url":"https:\/\/www.leili-motor.net\/es\/","name":"Leili Motor","description":"","publisher":{"@id":"https:\/\/www.leili-motor.net\/es\/#organization"},"potentialAction":[{"@type":"SearchAction","target":{"@type":"EntryPoint","urlTemplate":"https:\/\/www.leili-motor.net\/es\/?s={search_term_string}"},"query-input":{"@type":"PropertyValueSpecification","valueRequired":true,"valueName":"search_term_string"}}],"inLanguage":"es"},{"@type":"Organization","@id":"https:\/\/www.leili-motor.net\/es\/#organization","name":"Leili Motor","url":"https:\/\/www.leili-motor.net\/es\/","logo":{"@type":"ImageObject","inLanguage":"es","@id":"https:\/\/www.leili-motor.net\/es\/#\/schema\/logo\/image\/","url":"https:\/\/www.leili-motor.net\/wp-content\/uploads\/2025\/03\/Leili-Motor.png","contentUrl":"https:\/\/www.leili-motor.net\/wp-content\/uploads\/2025\/03\/Leili-Motor.png","width":600,"height":156,"caption":"Leili Motor"},"image":{"@id":"https:\/\/www.leili-motor.net\/es\/#\/schema\/logo\/image\/"}}]}},"_links":{"self":[{"href":"https:\/\/www.leili-motor.net\/es\/wp-json\/wp\/v2\/product\/6899","targetHints":{"allow":["GET"]}}],"collection":[{"href":"https:\/\/www.leili-motor.net\/es\/wp-json\/wp\/v2\/product"}],"about":[{"href":"https:\/\/www.leili-motor.net\/es\/wp-json\/wp\/v2\/types\/product"}],"replies":[{"embeddable":true,"href":"https:\/\/www.leili-motor.net\/es\/wp-json\/wp\/v2\/comments?post=6899"}],"wp:featuredmedia":[{"embeddable":true,"href":"https:\/\/www.leili-motor.net\/es\/wp-json\/wp\/v2\/media\/1690"}],"wp:attachment":[{"href":"https:\/\/www.leili-motor.net\/es\/wp-json\/wp\/v2\/media?parent=6899"}],"wp:term":[{"taxonomy":"product_brand","embeddable":true,"href":"https:\/\/www.leili-motor.net\/es\/wp-json\/wp\/v2\/product_brand?post=6899"},{"taxonomy":"product_cat","embeddable":true,"href":"https:\/\/www.leili-motor.net\/es\/wp-json\/wp\/v2\/product_cat?post=6899"},{"taxonomy":"product_tag","embeddable":true,"href":"https:\/\/www.leili-motor.net\/es\/wp-json\/wp\/v2\/product_tag?post=6899"}],"curies":[{"name":"wp","href":"https:\/\/api.w.org\/{rel}","templated":true}]}}