{"id":6912,"date":"2025-03-13T11:21:45","date_gmt":"2025-03-13T03:21:45","guid":{"rendered":"https:\/\/www.leili-motor.net\/motor-sincrono-de-histeresis-tjb3-x\/"},"modified":"2025-03-13T11:21:45","modified_gmt":"2025-03-13T03:21:45","slug":"motor-sincrono-de-histeresis-tjb3-x","status":"publish","type":"product","link":"https:\/\/www.leili-motor.net\/es\/motor-sincrono-de-histeresis-tjb3-x.html","title":{"rendered":"Motor S\u00edncrono de Hist\u00e9resis TJB3-X"},"content":{"rendered":"<h2>Par\u00e1metros del Producto<\/h2>\n<table>\n<tbody>\n<tr>\n<td>Calificado<\/td>\n<td>Calificado<\/td>\n<td>Calificado<\/td>\n<td>Calificado<\/td>\n<td>Corredero<\/td>\n<td>A partir de<\/td>\n<td>Restaurando<\/td>\n<td>Rotaci\u00f3n<\/td>\n<td>Ruido<\/td>\n<td>Temperatura<\/td>\n<td>Aislamiento<\/td>\n<td>Aislamiento<\/td>\n<\/tr>\n<tr>\n<td>Voltaje (V)<\/td>\n<td>Frecuencia (Hz)<\/td>\n<td>Potencia (W)<\/td>\n<td>Corriente (mA)<\/td>\n<td>Par de torsi\u00f3n (N.m)<\/td>\n<td>Par de torsi\u00f3n (N\u2022m)<\/td>\n<td>Par de torsi\u00f3n (N.m)<\/td>\n<td><\/td>\n<td>dB<br \/>\n(A)<\/td>\n<td>Elevaci\u00f3n<br \/>\n(K)<\/td>\n<td>Grado<\/td>\n<td>Resistencia (M\u03a9)<\/td>\n<\/tr>\n<tr>\n<td>AC24<\/td>\n<td>50\/60<\/td>\n<td>\u22645<\/td>\n<td>\u2264400<\/td>\n<td>\u22650.144<\/td>\n<td>\u22650.12<\/td>\n<td>\u22640.02<\/td>\n<td>CCW\/CW<\/td>\n<td>\u226450<\/td>\n<td>\u226450<\/td>\n<td>F<\/td>\n<td>\u2265100<\/td>\n<\/tr>\n<\/tbody>\n<\/table>\n<h2>Dimensiones mec\u00e1nicas: mm<\/h2>\n<p><img fetchpriority=\"high\" decoding=\"async\" class=\"size-full wp-image-2721 aligncenter\" src=\"https:\/\/www.leili-motor.net\/wp-content\/uploads\/2025\/03\/TJB3-X-Hysteresis-Synchronous-Motor-Dimensions.webp\" alt=\"Dimensiones del motor s\u00edncrono de hist\u00e9resis TJB3-X\" width=\"759\" height=\"447\" srcset=\"https:\/\/www.leili-motor.net\/wp-content\/uploads\/2025\/03\/TJB3-X-Hysteresis-Synchronous-Motor-Dimensions.webp 759w, https:\/\/www.leili-motor.net\/wp-content\/uploads\/2025\/03\/TJB3-X-Hysteresis-Synchronous-Motor-Dimensions-300x177.webp 300w, https:\/\/www.leili-motor.net\/wp-content\/uploads\/2025\/03\/TJB3-X-Hysteresis-Synchronous-Motor-Dimensions-600x353.webp 600w\" sizes=\"(max-width: 759px) 100vw, 759px\" \/><\/p>\n","protected":false},"excerpt":{"rendered":"<h3>Introducci\u00f3n Del Producto<\/h3>\n<ul>\n<li>Funciona a CA 24 V (50\/60 Hz) con una potencia de \u22645 W y una corriente de \u2264400 mA.<\/li>\n<li>Proporciona un par de extracci\u00f3n de \u22650,144 Nm y un par de arranque de \u22650,12 N\u00b7m.<\/li>\n<li>Mantiene un aumento de temperatura de \u226450 K, un nivel de ruido de \u226450 dB y una resistencia de aislamiento de \u2265100 M\u03a9.<\/li>\n<\/ul>\n<h3>Aplicaci\u00f3n del Producto<\/h3>\n<ul>\n<li>Control de v\u00e1lvulas<\/li>\n<\/ul>\n","protected":false},"featured_media":2723,"comment_status":"open","ping_status":"closed","template":"","meta":{"site-sidebar-layout":"default","site-content-layout":"","ast-site-content-layout":"default","site-content-style":"default","site-sidebar-style":"default","ast-global-header-display":"","ast-banner-title-visibility":"","ast-main-header-display":"","ast-hfb-above-header-display":"","ast-hfb-below-header-display":"","ast-hfb-mobile-header-display":"","site-post-title":"","ast-breadcrumbs-content":"","ast-featured-img":"","footer-sml-layout":"","theme-transparent-header-meta":"default","adv-header-id-meta":"","stick-header-meta":"","header-above-stick-meta":"","header-main-stick-meta":"","header-below-stick-meta":"","astra-migrate-meta-layouts":"default","ast-page-background-enabled":"default","ast-page-background-meta":{"desktop":{"background-color":"var(--ast-global-color-5)","background-image":"","background-repeat":"repeat","background-position":"center center","background-size":"auto","background-attachment":"scroll","background-type":"","background-media":"","overlay-type":"","overlay-color":"","overlay-opacity":"","overlay-gradient":""},"tablet":{"background-color":"","background-image":"","background-repeat":"repeat","background-position":"center center","background-size":"auto","background-attachment":"scroll","background-type":"","background-media":"","overlay-type":"","overlay-color":"","overlay-opacity":"","overlay-gradient":""},"mobile":{"background-color":"","background-image":"","background-repeat":"repeat","background-position":"center center","background-size":"auto","background-attachment":"scroll","background-type":"","background-media":"","overlay-type":"","overlay-color":"","overlay-opacity":"","overlay-gradient":""}},"ast-content-background-meta":{"desktop":{"background-color":"var(--ast-global-color-4)","background-image":"","background-repeat":"repeat","background-position":"center center","background-size":"auto","background-attachment":"scroll","background-type":"","background-media":"","overlay-type":"","overlay-color":"","overlay-opacity":"","overlay-gradient":""},"tablet":{"background-color":"var(--ast-global-color-4)","background-image":"","background-repeat":"repeat","background-position":"center center","background-size":"auto","background-attachment":"scroll","background-type":"","background-media":"","overlay-type":"","overlay-color":"","overlay-opacity":"","overlay-gradient":""},"mobile":{"background-color":"var(--ast-global-color-4)","background-image":"","background-repeat":"repeat","background-position":"center center","background-size":"auto","background-attachment":"scroll","background-type":"","background-media":"","overlay-type":"","overlay-color":"","overlay-opacity":"","overlay-gradient":""}}},"product_brand":[],"product_cat":[580,643],"product_tag":[],"class_list":{"0":"post-6912","1":"product","2":"type-product","3":"status-publish","4":"has-post-thumbnail","6":"product_cat-categoria-de-motor-sincrono","7":"product_cat-motores-sincrono-de-histeresis","8":"desktop-align-left","9":"tablet-align-left","10":"mobile-align-left","12":"first","13":"instock","14":"shipping-taxable","15":"product-type-simple"},"yoast_head":"<!-- This site is optimized with the Yoast SEO plugin v27.2 - https:\/\/yoast.com\/product\/yoast-seo-wordpress\/ -->\n<title>Motor S\u00edncrono de Hist\u00e9resis TJB3-X &#8211; Leili Motor<\/title>\n<meta name=\"description\" content=\"Nuestro motor s\u00edncrono de hist\u00e9resis TJB3-X funciona a CA 24 V, con una potencia de \u22645 W, un par de extracci\u00f3n de \u22650,144 N\u00b7m y un ruido de \u226450 dB(A), lo que garantiza una alta confiabilidad.\" \/>\n<meta name=\"robots\" content=\"index, follow, max-snippet:-1, max-image-preview:large, max-video-preview:-1\" \/>\n<link rel=\"canonical\" href=\"https:\/\/www.leili-motor.net\/es\/motor-sincrono-de-histeresis-tjb3-x.html\" \/>\n<script type=\"application\/ld+json\" class=\"yoast-schema-graph\">{\"@context\":\"https:\/\/schema.org\",\"@graph\":[{\"@type\":\"WebPage\",\"@id\":\"https:\/\/www.leili-motor.net\/es\/motor-sincrono-de-histeresis-tjb3-x.html\",\"url\":\"https:\/\/www.leili-motor.net\/es\/motor-sincrono-de-histeresis-tjb3-x.html\",\"name\":\"Motor S\u00edncrono de Hist\u00e9resis TJB3-X &#8211; Leili Motor\",\"isPartOf\":{\"@id\":\"https:\/\/www.leili-motor.net\/es\/#website\"},\"primaryImageOfPage\":{\"@id\":\"https:\/\/www.leili-motor.net\/es\/motor-sincrono-de-histeresis-tjb3-x.html#primaryimage\"},\"image\":{\"@id\":\"https:\/\/www.leili-motor.net\/es\/motor-sincrono-de-histeresis-tjb3-x.html#primaryimage\"},\"thumbnailUrl\":\"https:\/\/www.leili-motor.net\/wp-content\/uploads\/2025\/03\/TJB3-X-Hysteresis-Synchronous-Motor.webp\",\"datePublished\":\"2025-03-13T03:21:45+00:00\",\"description\":\"Nuestro motor s\u00edncrono de hist\u00e9resis TJB3-X funciona a CA 24 V, con una potencia de \u22645 W, un par de extracci\u00f3n de \u22650,144 N\u00b7m y un ruido de \u226450 dB(A), lo que garantiza una alta confiabilidad.\",\"breadcrumb\":{\"@id\":\"https:\/\/www.leili-motor.net\/es\/motor-sincrono-de-histeresis-tjb3-x.html#breadcrumb\"},\"inLanguage\":\"es\",\"potentialAction\":[{\"@type\":\"ReadAction\",\"target\":[\"https:\/\/www.leili-motor.net\/es\/motor-sincrono-de-histeresis-tjb3-x.html\"]}]},{\"@type\":\"ImageObject\",\"inLanguage\":\"es\",\"@id\":\"https:\/\/www.leili-motor.net\/es\/motor-sincrono-de-histeresis-tjb3-x.html#primaryimage\",\"url\":\"https:\/\/www.leili-motor.net\/wp-content\/uploads\/2025\/03\/TJB3-X-Hysteresis-Synchronous-Motor.webp\",\"contentUrl\":\"https:\/\/www.leili-motor.net\/wp-content\/uploads\/2025\/03\/TJB3-X-Hysteresis-Synchronous-Motor.webp\",\"width\":454,\"height\":310,\"caption\":\"TJB3-X Hysteresis Synchronous Motor\"},{\"@type\":\"BreadcrumbList\",\"@id\":\"https:\/\/www.leili-motor.net\/es\/motor-sincrono-de-histeresis-tjb3-x.html#breadcrumb\",\"itemListElement\":[{\"@type\":\"ListItem\",\"position\":1,\"name\":\"Home\",\"item\":\"https:\/\/www.leili-motor.net\/es\/hogar\/\"},{\"@type\":\"ListItem\",\"position\":2,\"name\":\"Productos\",\"item\":\"https:\/\/www.leili-motor.net\/es\/productos\/\"},{\"@type\":\"ListItem\",\"position\":3,\"name\":\"Motor S\u00edncrono de Hist\u00e9resis TJB3-X\"}]},{\"@type\":\"WebSite\",\"@id\":\"https:\/\/www.leili-motor.net\/es\/#website\",\"url\":\"https:\/\/www.leili-motor.net\/es\/\",\"name\":\"Leili Motor\",\"description\":\"\",\"publisher\":{\"@id\":\"https:\/\/www.leili-motor.net\/es\/#organization\"},\"potentialAction\":[{\"@type\":\"SearchAction\",\"target\":{\"@type\":\"EntryPoint\",\"urlTemplate\":\"https:\/\/www.leili-motor.net\/es\/?s={search_term_string}\"},\"query-input\":{\"@type\":\"PropertyValueSpecification\",\"valueRequired\":true,\"valueName\":\"search_term_string\"}}],\"inLanguage\":\"es\"},{\"@type\":\"Organization\",\"@id\":\"https:\/\/www.leili-motor.net\/es\/#organization\",\"name\":\"Leili Motor\",\"url\":\"https:\/\/www.leili-motor.net\/es\/\",\"logo\":{\"@type\":\"ImageObject\",\"inLanguage\":\"es\",\"@id\":\"https:\/\/www.leili-motor.net\/es\/#\/schema\/logo\/image\/\",\"url\":\"https:\/\/www.leili-motor.net\/wp-content\/uploads\/2025\/03\/Leili-Motor.png\",\"contentUrl\":\"https:\/\/www.leili-motor.net\/wp-content\/uploads\/2025\/03\/Leili-Motor.png\",\"width\":600,\"height\":156,\"caption\":\"Leili Motor\"},\"image\":{\"@id\":\"https:\/\/www.leili-motor.net\/es\/#\/schema\/logo\/image\/\"}}]}<\/script>\n<!-- \/ Yoast SEO plugin. -->","yoast_head_json":{"title":"Motor S\u00edncrono de Hist\u00e9resis TJB3-X &#8211; Leili Motor","description":"Nuestro motor s\u00edncrono de hist\u00e9resis TJB3-X funciona a CA 24 V, con una potencia de \u22645 W, un par de extracci\u00f3n de \u22650,144 N\u00b7m y un ruido de \u226450 dB(A), lo que garantiza una alta confiabilidad.","robots":{"index":"index","follow":"follow","max-snippet":"max-snippet:-1","max-image-preview":"max-image-preview:large","max-video-preview":"max-video-preview:-1"},"canonical":"https:\/\/www.leili-motor.net\/es\/motor-sincrono-de-histeresis-tjb3-x.html","schema":{"@context":"https:\/\/schema.org","@graph":[{"@type":"WebPage","@id":"https:\/\/www.leili-motor.net\/es\/motor-sincrono-de-histeresis-tjb3-x.html","url":"https:\/\/www.leili-motor.net\/es\/motor-sincrono-de-histeresis-tjb3-x.html","name":"Motor S\u00edncrono de Hist\u00e9resis TJB3-X &#8211; Leili Motor","isPartOf":{"@id":"https:\/\/www.leili-motor.net\/es\/#website"},"primaryImageOfPage":{"@id":"https:\/\/www.leili-motor.net\/es\/motor-sincrono-de-histeresis-tjb3-x.html#primaryimage"},"image":{"@id":"https:\/\/www.leili-motor.net\/es\/motor-sincrono-de-histeresis-tjb3-x.html#primaryimage"},"thumbnailUrl":"https:\/\/www.leili-motor.net\/wp-content\/uploads\/2025\/03\/TJB3-X-Hysteresis-Synchronous-Motor.webp","datePublished":"2025-03-13T03:21:45+00:00","description":"Nuestro motor s\u00edncrono de hist\u00e9resis TJB3-X funciona a CA 24 V, con una potencia de \u22645 W, un par de extracci\u00f3n de \u22650,144 N\u00b7m y un ruido de \u226450 dB(A), lo que garantiza una alta confiabilidad.","breadcrumb":{"@id":"https:\/\/www.leili-motor.net\/es\/motor-sincrono-de-histeresis-tjb3-x.html#breadcrumb"},"inLanguage":"es","potentialAction":[{"@type":"ReadAction","target":["https:\/\/www.leili-motor.net\/es\/motor-sincrono-de-histeresis-tjb3-x.html"]}]},{"@type":"ImageObject","inLanguage":"es","@id":"https:\/\/www.leili-motor.net\/es\/motor-sincrono-de-histeresis-tjb3-x.html#primaryimage","url":"https:\/\/www.leili-motor.net\/wp-content\/uploads\/2025\/03\/TJB3-X-Hysteresis-Synchronous-Motor.webp","contentUrl":"https:\/\/www.leili-motor.net\/wp-content\/uploads\/2025\/03\/TJB3-X-Hysteresis-Synchronous-Motor.webp","width":454,"height":310,"caption":"TJB3-X Hysteresis Synchronous Motor"},{"@type":"BreadcrumbList","@id":"https:\/\/www.leili-motor.net\/es\/motor-sincrono-de-histeresis-tjb3-x.html#breadcrumb","itemListElement":[{"@type":"ListItem","position":1,"name":"Home","item":"https:\/\/www.leili-motor.net\/es\/hogar\/"},{"@type":"ListItem","position":2,"name":"Productos","item":"https:\/\/www.leili-motor.net\/es\/productos\/"},{"@type":"ListItem","position":3,"name":"Motor S\u00edncrono de Hist\u00e9resis TJB3-X"}]},{"@type":"WebSite","@id":"https:\/\/www.leili-motor.net\/es\/#website","url":"https:\/\/www.leili-motor.net\/es\/","name":"Leili Motor","description":"","publisher":{"@id":"https:\/\/www.leili-motor.net\/es\/#organization"},"potentialAction":[{"@type":"SearchAction","target":{"@type":"EntryPoint","urlTemplate":"https:\/\/www.leili-motor.net\/es\/?s={search_term_string}"},"query-input":{"@type":"PropertyValueSpecification","valueRequired":true,"valueName":"search_term_string"}}],"inLanguage":"es"},{"@type":"Organization","@id":"https:\/\/www.leili-motor.net\/es\/#organization","name":"Leili Motor","url":"https:\/\/www.leili-motor.net\/es\/","logo":{"@type":"ImageObject","inLanguage":"es","@id":"https:\/\/www.leili-motor.net\/es\/#\/schema\/logo\/image\/","url":"https:\/\/www.leili-motor.net\/wp-content\/uploads\/2025\/03\/Leili-Motor.png","contentUrl":"https:\/\/www.leili-motor.net\/wp-content\/uploads\/2025\/03\/Leili-Motor.png","width":600,"height":156,"caption":"Leili Motor"},"image":{"@id":"https:\/\/www.leili-motor.net\/es\/#\/schema\/logo\/image\/"}}]}},"_links":{"self":[{"href":"https:\/\/www.leili-motor.net\/es\/wp-json\/wp\/v2\/product\/6912","targetHints":{"allow":["GET"]}}],"collection":[{"href":"https:\/\/www.leili-motor.net\/es\/wp-json\/wp\/v2\/product"}],"about":[{"href":"https:\/\/www.leili-motor.net\/es\/wp-json\/wp\/v2\/types\/product"}],"replies":[{"embeddable":true,"href":"https:\/\/www.leili-motor.net\/es\/wp-json\/wp\/v2\/comments?post=6912"}],"wp:featuredmedia":[{"embeddable":true,"href":"https:\/\/www.leili-motor.net\/es\/wp-json\/wp\/v2\/media\/2723"}],"wp:attachment":[{"href":"https:\/\/www.leili-motor.net\/es\/wp-json\/wp\/v2\/media?parent=6912"}],"wp:term":[{"taxonomy":"product_brand","embeddable":true,"href":"https:\/\/www.leili-motor.net\/es\/wp-json\/wp\/v2\/product_brand?post=6912"},{"taxonomy":"product_cat","embeddable":true,"href":"https:\/\/www.leili-motor.net\/es\/wp-json\/wp\/v2\/product_cat?post=6912"},{"taxonomy":"product_tag","embeddable":true,"href":"https:\/\/www.leili-motor.net\/es\/wp-json\/wp\/v2\/product_tag?post=6912"}],"curies":[{"name":"wp","href":"https:\/\/api.w.org\/{rel}","templated":true}]}}