{"id":6919,"date":"2025-03-10T13:35:47","date_gmt":"2025-03-10T05:35:47","guid":{"rendered":"https:\/\/www.leili-motor.net\/modulo-de-ventilacion-kdfj1-3\/"},"modified":"2025-03-10T13:35:47","modified_gmt":"2025-03-10T05:35:47","slug":"modulo-de-ventilacion-kdfj1-3","status":"publish","type":"product","link":"https:\/\/www.leili-motor.net\/es\/modulo-de-ventilacion-kdfj1-3.html","title":{"rendered":"M\u00f3dulo de Ventilaci\u00f3n KDFJ1-3"},"content":{"rendered":"<h2>Par\u00e1metros del Producto<\/h2>\n<table>\n<tbody>\n<tr>\n<td>Voltaje<br \/>\n(VCC)<\/td>\n<td>Resistencia<br \/>\n(25\u2103 )<br \/>\n(\u03a9)\u00b17\uff05<\/td>\n<td>Salida del motor<br \/>\n\u00c1ngulo de paso<\/td>\n<td>Motor<br \/>\nReducci\u00f3n<br \/>\nRelaci\u00f3n<\/td>\n<td>Caja de cambios<br \/>\nRelaci\u00f3n de reducci\u00f3n<\/td>\n<td>Par de tracci\u00f3n<br \/>\n (mN\u00b7m)<br \/>\n 11(V) CC 250 pps<\/td>\n<td>Par de<br \/>\nautoposicionamiento<br \/>\n (mN\u00b7m)<\/td>\n<td>Fricci\u00f3n<br \/>\nPar motor<br \/>\n(mN\u00b7m)<\/td>\n<td>Ruido<br \/>\ndB(A)<\/td>\n<\/tr>\n<tr>\n<td>12<\/td>\n<td>130<\/td>\n<td>7.5\u00b0 \/85.25<\/td>\n<td>1\/85.25<\/td>\n<td>1\/3.43<\/td>\n<td>\u2265 230<\/td>\n<td>\u2265 230<\/td>\n<td>686 \uff5e 1700<\/td>\n<td>\u2264 40<\/td>\n<\/tr>\n<\/tbody>\n<\/table>\n<h2>Dimensiones mec\u00e1nicas: mm<\/h2>\n<p><img fetchpriority=\"high\" decoding=\"async\" class=\"size-full wp-image-1482 aligncenter\" src=\"https:\/\/www.leili-motor.net\/wp-content\/uploads\/2025\/03\/Mechanical-Dimensions-for-KDFJ1-3-Ventilation-Module.webp\" alt=\"Dimensiones mec\u00e1nicas del m\u00f3dulo de ventilaci\u00f3n KDFJ1-3\" width=\"759\" height=\"506\" srcset=\"https:\/\/www.leili-motor.net\/wp-content\/uploads\/2025\/03\/Mechanical-Dimensions-for-KDFJ1-3-Ventilation-Module.webp 759w, https:\/\/www.leili-motor.net\/wp-content\/uploads\/2025\/03\/Mechanical-Dimensions-for-KDFJ1-3-Ventilation-Module-300x200.webp 300w, https:\/\/www.leili-motor.net\/wp-content\/uploads\/2025\/03\/Mechanical-Dimensions-for-KDFJ1-3-Ventilation-Module-600x400.webp 600w\" sizes=\"(max-width: 759px) 100vw, 759px\" \/><\/p>\n<p>&nbsp;<\/p>\n","protected":false},"excerpt":{"rendered":"<h3>Introducci\u00f3n Del Producto<\/h3>\n<ul>\n<li>Deflector de aire del panel de la puerta del aire acondicionado<\/li>\n<li>11 V CC, 250 pps, \u00e1ngulo de paso de salida de 18\u00b0, par de atracci\u00f3n de 250 pps.<\/li>\n<li>Dise\u00f1o de bajo ruido \u226445dB, torque de autoposicionamiento proporcionado, torque de fricci\u00f3n optimizado para un funcionamiento eficiente.<\/li>\n<\/ul>\n<h3>Aplicaci\u00f3n del producto<\/h3>\n<ul>\n<li>Electrodom\u00e9sticos: aire acondicionado<\/li>\n<\/ul>\n","protected":false},"featured_media":1483,"comment_status":"open","ping_status":"closed","template":"","meta":{"site-sidebar-layout":"default","site-content-layout":"","ast-site-content-layout":"default","site-content-style":"default","site-sidebar-style":"default","ast-global-header-display":"","ast-banner-title-visibility":"","ast-main-header-display":"","ast-hfb-above-header-display":"","ast-hfb-below-header-display":"","ast-hfb-mobile-header-display":"","site-post-title":"","ast-breadcrumbs-content":"","ast-featured-img":"","footer-sml-layout":"","theme-transparent-header-meta":"default","adv-header-id-meta":"","stick-header-meta":"","header-above-stick-meta":"","header-main-stick-meta":"","header-below-stick-meta":"","astra-migrate-meta-layouts":"default","ast-page-background-enabled":"default","ast-page-background-meta":{"desktop":{"background-color":"var(--ast-global-color-5)","background-image":"","background-repeat":"repeat","background-position":"center center","background-size":"auto","background-attachment":"scroll","background-type":"","background-media":"","overlay-type":"","overlay-color":"","overlay-opacity":"","overlay-gradient":""},"tablet":{"background-color":"","background-image":"","background-repeat":"repeat","background-position":"center center","background-size":"auto","background-attachment":"scroll","background-type":"","background-media":"","overlay-type":"","overlay-color":"","overlay-opacity":"","overlay-gradient":""},"mobile":{"background-color":"","background-image":"","background-repeat":"repeat","background-position":"center center","background-size":"auto","background-attachment":"scroll","background-type":"","background-media":"","overlay-type":"","overlay-color":"","overlay-opacity":"","overlay-gradient":""}},"ast-content-background-meta":{"desktop":{"background-color":"var(--ast-global-color-4)","background-image":"","background-repeat":"repeat","background-position":"center center","background-size":"auto","background-attachment":"scroll","background-type":"","background-media":"","overlay-type":"","overlay-color":"","overlay-opacity":"","overlay-gradient":""},"tablet":{"background-color":"var(--ast-global-color-4)","background-image":"","background-repeat":"repeat","background-position":"center center","background-size":"auto","background-attachment":"scroll","background-type":"","background-media":"","overlay-type":"","overlay-color":"","overlay-opacity":"","overlay-gradient":""},"mobile":{"background-color":"var(--ast-global-color-4)","background-image":"","background-repeat":"repeat","background-position":"center center","background-size":"auto","background-attachment":"scroll","background-type":"","background-media":"","overlay-type":"","overlay-color":"","overlay-opacity":"","overlay-gradient":""}}},"product_brand":[],"product_cat":[520,521],"product_tag":[551],"class_list":{"0":"post-6919","1":"product","2":"type-product","3":"status-publish","4":"has-post-thumbnail","6":"product_cat-componentes","7":"product_cat-componentes-del-electrodomesticos","8":"product_tag-aire-acondicionado-sistema-de-barrido","9":"pa_application-electrodomestico","10":"desktop-align-left","11":"tablet-align-left","12":"mobile-align-left","14":"first","15":"instock","16":"shipping-taxable","17":"product-type-simple"},"yoast_head":"<!-- This site is optimized with the Yoast SEO plugin v27.2 - https:\/\/yoast.com\/product\/yoast-seo-wordpress\/ -->\n<title>M\u00f3dulo de Ventilaci\u00f3n KDFJ1-3 &#8211; Leili Motor<\/title>\n<meta name=\"description\" content=\"Nuestro m\u00f3dulo de ventilaci\u00f3n KDFJ1-3 presenta una relaci\u00f3n de caja de cambios de 686-1700, baja fricci\u00f3n, rendimiento optimizado y funcionamiento silencioso por debajo de 40 dB.\" \/>\n<meta name=\"robots\" content=\"index, follow, max-snippet:-1, max-image-preview:large, max-video-preview:-1\" \/>\n<link rel=\"canonical\" href=\"https:\/\/www.leili-motor.net\/es\/modulo-de-ventilacion-kdfj1-3.html\" \/>\n<script type=\"application\/ld+json\" class=\"yoast-schema-graph\">{\"@context\":\"https:\/\/schema.org\",\"@graph\":[{\"@type\":\"WebPage\",\"@id\":\"https:\/\/www.leili-motor.net\/es\/modulo-de-ventilacion-kdfj1-3.html\",\"url\":\"https:\/\/www.leili-motor.net\/es\/modulo-de-ventilacion-kdfj1-3.html\",\"name\":\"M\u00f3dulo de Ventilaci\u00f3n KDFJ1-3 &#8211; Leili Motor\",\"isPartOf\":{\"@id\":\"https:\/\/www.leili-motor.net\/es\/#website\"},\"primaryImageOfPage\":{\"@id\":\"https:\/\/www.leili-motor.net\/es\/modulo-de-ventilacion-kdfj1-3.html#primaryimage\"},\"image\":{\"@id\":\"https:\/\/www.leili-motor.net\/es\/modulo-de-ventilacion-kdfj1-3.html#primaryimage\"},\"thumbnailUrl\":\"https:\/\/www.leili-motor.net\/wp-content\/uploads\/2025\/03\/KDFJ1-3-Ventilation-Module.webp\",\"datePublished\":\"2025-03-10T05:35:47+00:00\",\"description\":\"Nuestro m\u00f3dulo de ventilaci\u00f3n KDFJ1-3 presenta una relaci\u00f3n de caja de cambios de 686-1700, baja fricci\u00f3n, rendimiento optimizado y funcionamiento silencioso por debajo de 40 dB.\",\"breadcrumb\":{\"@id\":\"https:\/\/www.leili-motor.net\/es\/modulo-de-ventilacion-kdfj1-3.html#breadcrumb\"},\"inLanguage\":\"es\",\"potentialAction\":[{\"@type\":\"ReadAction\",\"target\":[\"https:\/\/www.leili-motor.net\/es\/modulo-de-ventilacion-kdfj1-3.html\"]}]},{\"@type\":\"ImageObject\",\"inLanguage\":\"es\",\"@id\":\"https:\/\/www.leili-motor.net\/es\/modulo-de-ventilacion-kdfj1-3.html#primaryimage\",\"url\":\"https:\/\/www.leili-motor.net\/wp-content\/uploads\/2025\/03\/KDFJ1-3-Ventilation-Module.webp\",\"contentUrl\":\"https:\/\/www.leili-motor.net\/wp-content\/uploads\/2025\/03\/KDFJ1-3-Ventilation-Module.webp\",\"width\":454,\"height\":310,\"caption\":\"KDFJ1-3 Ventilation Module\"},{\"@type\":\"BreadcrumbList\",\"@id\":\"https:\/\/www.leili-motor.net\/es\/modulo-de-ventilacion-kdfj1-3.html#breadcrumb\",\"itemListElement\":[{\"@type\":\"ListItem\",\"position\":1,\"name\":\"Home\",\"item\":\"https:\/\/www.leili-motor.net\/es\/hogar\/\"},{\"@type\":\"ListItem\",\"position\":2,\"name\":\"Productos\",\"item\":\"https:\/\/www.leili-motor.net\/es\/productos\/\"},{\"@type\":\"ListItem\",\"position\":3,\"name\":\"M\u00f3dulo de Ventilaci\u00f3n KDFJ1-3\"}]},{\"@type\":\"WebSite\",\"@id\":\"https:\/\/www.leili-motor.net\/es\/#website\",\"url\":\"https:\/\/www.leili-motor.net\/es\/\",\"name\":\"Leili Motor\",\"description\":\"\",\"publisher\":{\"@id\":\"https:\/\/www.leili-motor.net\/es\/#organization\"},\"potentialAction\":[{\"@type\":\"SearchAction\",\"target\":{\"@type\":\"EntryPoint\",\"urlTemplate\":\"https:\/\/www.leili-motor.net\/es\/?s={search_term_string}\"},\"query-input\":{\"@type\":\"PropertyValueSpecification\",\"valueRequired\":true,\"valueName\":\"search_term_string\"}}],\"inLanguage\":\"es\"},{\"@type\":\"Organization\",\"@id\":\"https:\/\/www.leili-motor.net\/es\/#organization\",\"name\":\"Leili Motor\",\"url\":\"https:\/\/www.leili-motor.net\/es\/\",\"logo\":{\"@type\":\"ImageObject\",\"inLanguage\":\"es\",\"@id\":\"https:\/\/www.leili-motor.net\/es\/#\/schema\/logo\/image\/\",\"url\":\"https:\/\/www.leili-motor.net\/wp-content\/uploads\/2025\/03\/Leili-Motor.png\",\"contentUrl\":\"https:\/\/www.leili-motor.net\/wp-content\/uploads\/2025\/03\/Leili-Motor.png\",\"width\":600,\"height\":156,\"caption\":\"Leili Motor\"},\"image\":{\"@id\":\"https:\/\/www.leili-motor.net\/es\/#\/schema\/logo\/image\/\"}}]}<\/script>\n<!-- \/ Yoast SEO plugin. -->","yoast_head_json":{"title":"M\u00f3dulo de Ventilaci\u00f3n KDFJ1-3 &#8211; Leili Motor","description":"Nuestro m\u00f3dulo de ventilaci\u00f3n KDFJ1-3 presenta una relaci\u00f3n de caja de cambios de 686-1700, baja fricci\u00f3n, rendimiento optimizado y funcionamiento silencioso por debajo de 40 dB.","robots":{"index":"index","follow":"follow","max-snippet":"max-snippet:-1","max-image-preview":"max-image-preview:large","max-video-preview":"max-video-preview:-1"},"canonical":"https:\/\/www.leili-motor.net\/es\/modulo-de-ventilacion-kdfj1-3.html","schema":{"@context":"https:\/\/schema.org","@graph":[{"@type":"WebPage","@id":"https:\/\/www.leili-motor.net\/es\/modulo-de-ventilacion-kdfj1-3.html","url":"https:\/\/www.leili-motor.net\/es\/modulo-de-ventilacion-kdfj1-3.html","name":"M\u00f3dulo de Ventilaci\u00f3n KDFJ1-3 &#8211; Leili Motor","isPartOf":{"@id":"https:\/\/www.leili-motor.net\/es\/#website"},"primaryImageOfPage":{"@id":"https:\/\/www.leili-motor.net\/es\/modulo-de-ventilacion-kdfj1-3.html#primaryimage"},"image":{"@id":"https:\/\/www.leili-motor.net\/es\/modulo-de-ventilacion-kdfj1-3.html#primaryimage"},"thumbnailUrl":"https:\/\/www.leili-motor.net\/wp-content\/uploads\/2025\/03\/KDFJ1-3-Ventilation-Module.webp","datePublished":"2025-03-10T05:35:47+00:00","description":"Nuestro m\u00f3dulo de ventilaci\u00f3n KDFJ1-3 presenta una relaci\u00f3n de caja de cambios de 686-1700, baja fricci\u00f3n, rendimiento optimizado y funcionamiento silencioso por debajo de 40 dB.","breadcrumb":{"@id":"https:\/\/www.leili-motor.net\/es\/modulo-de-ventilacion-kdfj1-3.html#breadcrumb"},"inLanguage":"es","potentialAction":[{"@type":"ReadAction","target":["https:\/\/www.leili-motor.net\/es\/modulo-de-ventilacion-kdfj1-3.html"]}]},{"@type":"ImageObject","inLanguage":"es","@id":"https:\/\/www.leili-motor.net\/es\/modulo-de-ventilacion-kdfj1-3.html#primaryimage","url":"https:\/\/www.leili-motor.net\/wp-content\/uploads\/2025\/03\/KDFJ1-3-Ventilation-Module.webp","contentUrl":"https:\/\/www.leili-motor.net\/wp-content\/uploads\/2025\/03\/KDFJ1-3-Ventilation-Module.webp","width":454,"height":310,"caption":"KDFJ1-3 Ventilation Module"},{"@type":"BreadcrumbList","@id":"https:\/\/www.leili-motor.net\/es\/modulo-de-ventilacion-kdfj1-3.html#breadcrumb","itemListElement":[{"@type":"ListItem","position":1,"name":"Home","item":"https:\/\/www.leili-motor.net\/es\/hogar\/"},{"@type":"ListItem","position":2,"name":"Productos","item":"https:\/\/www.leili-motor.net\/es\/productos\/"},{"@type":"ListItem","position":3,"name":"M\u00f3dulo de Ventilaci\u00f3n KDFJ1-3"}]},{"@type":"WebSite","@id":"https:\/\/www.leili-motor.net\/es\/#website","url":"https:\/\/www.leili-motor.net\/es\/","name":"Leili Motor","description":"","publisher":{"@id":"https:\/\/www.leili-motor.net\/es\/#organization"},"potentialAction":[{"@type":"SearchAction","target":{"@type":"EntryPoint","urlTemplate":"https:\/\/www.leili-motor.net\/es\/?s={search_term_string}"},"query-input":{"@type":"PropertyValueSpecification","valueRequired":true,"valueName":"search_term_string"}}],"inLanguage":"es"},{"@type":"Organization","@id":"https:\/\/www.leili-motor.net\/es\/#organization","name":"Leili Motor","url":"https:\/\/www.leili-motor.net\/es\/","logo":{"@type":"ImageObject","inLanguage":"es","@id":"https:\/\/www.leili-motor.net\/es\/#\/schema\/logo\/image\/","url":"https:\/\/www.leili-motor.net\/wp-content\/uploads\/2025\/03\/Leili-Motor.png","contentUrl":"https:\/\/www.leili-motor.net\/wp-content\/uploads\/2025\/03\/Leili-Motor.png","width":600,"height":156,"caption":"Leili Motor"},"image":{"@id":"https:\/\/www.leili-motor.net\/es\/#\/schema\/logo\/image\/"}}]}},"_links":{"self":[{"href":"https:\/\/www.leili-motor.net\/es\/wp-json\/wp\/v2\/product\/6919","targetHints":{"allow":["GET"]}}],"collection":[{"href":"https:\/\/www.leili-motor.net\/es\/wp-json\/wp\/v2\/product"}],"about":[{"href":"https:\/\/www.leili-motor.net\/es\/wp-json\/wp\/v2\/types\/product"}],"replies":[{"embeddable":true,"href":"https:\/\/www.leili-motor.net\/es\/wp-json\/wp\/v2\/comments?post=6919"}],"wp:featuredmedia":[{"embeddable":true,"href":"https:\/\/www.leili-motor.net\/es\/wp-json\/wp\/v2\/media\/1483"}],"wp:attachment":[{"href":"https:\/\/www.leili-motor.net\/es\/wp-json\/wp\/v2\/media?parent=6919"}],"wp:term":[{"taxonomy":"product_brand","embeddable":true,"href":"https:\/\/www.leili-motor.net\/es\/wp-json\/wp\/v2\/product_brand?post=6919"},{"taxonomy":"product_cat","embeddable":true,"href":"https:\/\/www.leili-motor.net\/es\/wp-json\/wp\/v2\/product_cat?post=6919"},{"taxonomy":"product_tag","embeddable":true,"href":"https:\/\/www.leili-motor.net\/es\/wp-json\/wp\/v2\/product_tag?post=6919"}],"curies":[{"name":"wp","href":"https:\/\/api.w.org\/{rel}","templated":true}]}}