{"id":6926,"date":"2025-03-12T16:51:12","date_gmt":"2025-03-12T08:51:12","guid":{"rendered":"https:\/\/www.leili-motor.net\/motor-de-drenaje-qa1\/"},"modified":"2025-03-12T16:51:12","modified_gmt":"2025-03-12T08:51:12","slug":"motor-de-drenaje-qa1","status":"publish","type":"product","link":"https:\/\/www.leili-motor.net\/es\/motor-de-drenaje-qa1.html","title":{"rendered":"Motor de Drenaje QA1"},"content":{"rendered":"<h2>Par\u00e1metros del Producto<\/h2>\n<table>\n<tbody>\n<tr>\n<td>Modelo de Motor<\/td>\n<td>Voltaje Nominal<\/td>\n<td>Voltaje de arranque<\/td>\n<td>Frecuencia nominal<\/td>\n<td>Corriente nominal<\/td>\n<td>Potencia nominal<\/td>\n<td>\u2605<\/td>\n<td>\u2605<\/td>\n<td>\u2605<\/td>\n<td>Clase de Aislamiento<\/td>\n<td>Aumento de la temperatura<\/td>\n<td>Fuerza de tracci\u00f3n<\/td>\n<td>Tiempo de tracci\u00f3n<\/td>\n<td>Resiliencia<\/td>\n<td>Tiempo de respuesta<\/td>\n<td>Mantenimiento<\/td>\n<td>Mantenimiento<\/td>\n<\/tr>\n<tr>\n<td rowspan=\"3\"><\/td>\n<td rowspan=\"3\">(V)<\/td>\n<td rowspan=\"3\">(V)<\/td>\n<td rowspan=\"3\">(Hz)<\/td>\n<td rowspan=\"3\">(mA)<\/td>\n<td rowspan=\"3\">(W)<\/td>\n<td rowspan=\"3\">Resistencia de aislamiento<\/td>\n<td rowspan=\"3\">Tensi\u00f3n de resistencia<\/td>\n<td rowspan=\"3\">Corriente de fuga<\/td>\n<td rowspan=\"3\"><\/td>\n<td>(K)<\/td>\n<td>cuando \u2265 80%<\/td>\n<td>(s)<\/td>\n<td>(N)<\/td>\n<td>(s)<\/td>\n<td>(N)<\/td>\n<td>(dB)<\/td>\n<\/tr>\n<tr>\n<td rowspan=\"2\"><\/td>\n<td>A tensi\u00f3n nominal<\/td>\n<td rowspan=\"2\"><\/td>\n<td rowspan=\"2\"><\/td>\n<td rowspan=\"2\"><\/td>\n<td rowspan=\"2\"><\/td>\n<td rowspan=\"2\"><\/td>\n<\/tr>\n<tr>\n<td>(N)<\/td>\n<\/tr>\n<tr>\n<td rowspan=\"3\">QA11<\/td>\n<td rowspan=\"3\">AC100~110<\/td>\n<td rowspan=\"3\">\u2264 85<\/td>\n<td rowspan=\"3\">50\/60<\/td>\n<td rowspan=\"3\">\u2264 30<\/td>\n<td rowspan=\"3\">\u22646<\/td>\n<td rowspan=\"3\">\u2265 100<\/td>\n<td>AC1500<\/td>\n<td rowspan=\"3\">\u2264 0.25<\/td>\n<td rowspan=\"3\">E<\/td>\n<td rowspan=\"3\">\u2264 85<\/td>\n<td rowspan=\"3\">78.4<\/td>\n<td rowspan=\"3\">\u2264 7<\/td>\n<td rowspan=\"3\">\u2264 9.8<\/td>\n<td rowspan=\"3\">\u2264 1<\/td>\n<td rowspan=\"3\">\u2265 117.6<\/td>\n<td rowspan=\"3\">\u2264 50<\/td>\n<\/tr>\n<tr>\n<td>1min,<\/td>\n<\/tr>\n<tr>\n<td>0.5mA<\/td>\n<\/tr>\n<tr>\n<td rowspan=\"3\">QA12<\/td>\n<td rowspan=\"3\">AC220~240<\/td>\n<td rowspan=\"3\">\u2264 176<\/td>\n<td rowspan=\"3\">50\/60<\/td>\n<td rowspan=\"3\">\u2264 30<\/td>\n<td rowspan=\"3\">\u2264 6<\/td>\n<td rowspan=\"3\">\u2265 100<\/td>\n<td>AC1500<\/td>\n<td rowspan=\"3\">\u2264 0.25<\/td>\n<td rowspan=\"3\">E<\/td>\n<td rowspan=\"3\">\u2264 85<\/td>\n<td rowspan=\"3\">78.4<\/td>\n<td rowspan=\"3\">\u2264 7<\/td>\n<td rowspan=\"3\">\u2264 9.8<\/td>\n<td rowspan=\"3\">\u2264 1<\/td>\n<td rowspan=\"3\">\u2265 117.6<\/td>\n<td rowspan=\"3\">\u2264 50<\/td>\n<\/tr>\n<tr>\n<td>1 min,<\/td>\n<\/tr>\n<tr>\n<td>0,5 mA<\/td>\n<\/tr>\n<\/tbody>\n<\/table>\n<h2>Dimensi\u00f3n mec\u00e1nica: mm<br \/>\n<img fetchpriority=\"high\" decoding=\"async\" class=\"size-full wp-image-2552 aligncenter\" src=\"https:\/\/www.leili-motor.net\/wp-content\/uploads\/2025\/03\/Mechanical-Dimension-for-QA1-Drain-Motor.webp\" alt=\"Dimensiones mec\u00e1nicas del motor de drenaje QA1\" width=\"759\" height=\"609\" srcset=\"https:\/\/www.leili-motor.net\/wp-content\/uploads\/2025\/03\/Mechanical-Dimension-for-QA1-Drain-Motor.webp 759w, https:\/\/www.leili-motor.net\/wp-content\/uploads\/2025\/03\/Mechanical-Dimension-for-QA1-Drain-Motor-300x241.webp 300w, https:\/\/www.leili-motor.net\/wp-content\/uploads\/2025\/03\/Mechanical-Dimension-for-QA1-Drain-Motor-600x481.webp 600w\" sizes=\"(max-width: 759px) 100vw, 759px\" \/><\/h2>\n","protected":false},"excerpt":{"rendered":"<h3>Introducci\u00f3n Del Producto<\/h3>\n<ul>\n<li>Rendimiento energ\u00e9ticamente eficiente: funciona con una potencia de \u22646 W y una corriente de \u226430 mA para una funcionalidad eficiente y estable.<\/li>\n<li>Operaci\u00f3n confiable: proporciona una fuerza de tracci\u00f3n de 78,4 N, un tiempo de respuesta r\u00e1pido \u22641 s y una resiliencia \u2265117,6 N para una mayor durabilidad.<\/li>\n<li>Bajo nivel de ruido y seguridad: mantiene niveles de ruido \u226450dB, clase de aislamiento E y soporta CA 1500 V para mayor seguridad.<\/li>\n<\/ul>\n<h3>Aplicaci\u00f3n del producto<\/h3>\n<ul>\n<li>Electrodom\u00e9sticos: lavadora<\/li>\n<\/ul>\n","protected":false},"featured_media":2554,"comment_status":"open","ping_status":"closed","template":"","meta":{"site-sidebar-layout":"default","site-content-layout":"","ast-site-content-layout":"default","site-content-style":"default","site-sidebar-style":"default","ast-global-header-display":"","ast-banner-title-visibility":"","ast-main-header-display":"","ast-hfb-above-header-display":"","ast-hfb-below-header-display":"","ast-hfb-mobile-header-display":"","site-post-title":"","ast-breadcrumbs-content":"","ast-featured-img":"","footer-sml-layout":"","theme-transparent-header-meta":"default","adv-header-id-meta":"","stick-header-meta":"","header-above-stick-meta":"","header-main-stick-meta":"","header-below-stick-meta":"","astra-migrate-meta-layouts":"default","ast-page-background-enabled":"default","ast-page-background-meta":{"desktop":{"background-color":"var(--ast-global-color-5)","background-image":"","background-repeat":"repeat","background-position":"center center","background-size":"auto","background-attachment":"scroll","background-type":"","background-media":"","overlay-type":"","overlay-color":"","overlay-opacity":"","overlay-gradient":""},"tablet":{"background-color":"","background-image":"","background-repeat":"repeat","background-position":"center center","background-size":"auto","background-attachment":"scroll","background-type":"","background-media":"","overlay-type":"","overlay-color":"","overlay-opacity":"","overlay-gradient":""},"mobile":{"background-color":"","background-image":"","background-repeat":"repeat","background-position":"center center","background-size":"auto","background-attachment":"scroll","background-type":"","background-media":"","overlay-type":"","overlay-color":"","overlay-opacity":"","overlay-gradient":""}},"ast-content-background-meta":{"desktop":{"background-color":"var(--ast-global-color-4)","background-image":"","background-repeat":"repeat","background-position":"center center","background-size":"auto","background-attachment":"scroll","background-type":"","background-media":"","overlay-type":"","overlay-color":"","overlay-opacity":"","overlay-gradient":""},"tablet":{"background-color":"var(--ast-global-color-4)","background-image":"","background-repeat":"repeat","background-position":"center center","background-size":"auto","background-attachment":"scroll","background-type":"","background-media":"","overlay-type":"","overlay-color":"","overlay-opacity":"","overlay-gradient":""},"mobile":{"background-color":"var(--ast-global-color-4)","background-image":"","background-repeat":"repeat","background-position":"center center","background-size":"auto","background-attachment":"scroll","background-type":"","background-media":"","overlay-type":"","overlay-color":"","overlay-opacity":"","overlay-gradient":""}}},"product_brand":[],"product_cat":[685,686],"product_tag":[677],"class_list":{"0":"post-6926","1":"product","2":"type-product","3":"status-publish","4":"has-post-thumbnail","6":"product_cat-categoria-de-motor-de-drenaje","7":"product_cat-actuadores-de-drenaje","8":"product_tag-lavadora-sistema-de-drenaje","9":"pa_application-electrodomestico","10":"desktop-align-left","11":"tablet-align-left","12":"mobile-align-left","14":"first","15":"instock","16":"shipping-taxable","17":"product-type-simple"},"yoast_head":"<!-- This site is optimized with the Yoast SEO plugin v27.2 - https:\/\/yoast.com\/product\/yoast-seo-wordpress\/ -->\n<title>Precio Del Motor de Drenaje QA1 &#8211; Leili Motor<\/title>\n<meta name=\"description\" content=\"El motor de drenaje QA1 ofrece una potencia eficiente de \u22646 W, una fuerza de tracci\u00f3n de 78,4 N, un nivel de ruido de \u226450 dB y un rendimiento de drenaje confiable para lavadoras.\" \/>\n<meta name=\"robots\" content=\"index, follow, max-snippet:-1, max-image-preview:large, max-video-preview:-1\" \/>\n<link rel=\"canonical\" href=\"https:\/\/www.leili-motor.net\/es\/motor-de-drenaje-qa1.html\" \/>\n<script type=\"application\/ld+json\" class=\"yoast-schema-graph\">{\"@context\":\"https:\/\/schema.org\",\"@graph\":[{\"@type\":\"WebPage\",\"@id\":\"https:\/\/www.leili-motor.net\/es\/motor-de-drenaje-qa1.html\",\"url\":\"https:\/\/www.leili-motor.net\/es\/motor-de-drenaje-qa1.html\",\"name\":\"Precio Del Motor de Drenaje QA1 &#8211; Leili Motor\",\"isPartOf\":{\"@id\":\"https:\/\/www.leili-motor.net\/es\/#website\"},\"primaryImageOfPage\":{\"@id\":\"https:\/\/www.leili-motor.net\/es\/motor-de-drenaje-qa1.html#primaryimage\"},\"image\":{\"@id\":\"https:\/\/www.leili-motor.net\/es\/motor-de-drenaje-qa1.html#primaryimage\"},\"thumbnailUrl\":\"https:\/\/www.leili-motor.net\/wp-content\/uploads\/2025\/03\/QA1-Drain-Motor.webp\",\"datePublished\":\"2025-03-12T08:51:12+00:00\",\"description\":\"El motor de drenaje QA1 ofrece una potencia eficiente de \u22646 W, una fuerza de tracci\u00f3n de 78,4 N, un nivel de ruido de \u226450 dB y un rendimiento de drenaje confiable para lavadoras.\",\"breadcrumb\":{\"@id\":\"https:\/\/www.leili-motor.net\/es\/motor-de-drenaje-qa1.html#breadcrumb\"},\"inLanguage\":\"es\",\"potentialAction\":[{\"@type\":\"ReadAction\",\"target\":[\"https:\/\/www.leili-motor.net\/es\/motor-de-drenaje-qa1.html\"]}]},{\"@type\":\"ImageObject\",\"inLanguage\":\"es\",\"@id\":\"https:\/\/www.leili-motor.net\/es\/motor-de-drenaje-qa1.html#primaryimage\",\"url\":\"https:\/\/www.leili-motor.net\/wp-content\/uploads\/2025\/03\/QA1-Drain-Motor.webp\",\"contentUrl\":\"https:\/\/www.leili-motor.net\/wp-content\/uploads\/2025\/03\/QA1-Drain-Motor.webp\",\"width\":454,\"height\":310,\"caption\":\"QA1 Drain Motor\"},{\"@type\":\"BreadcrumbList\",\"@id\":\"https:\/\/www.leili-motor.net\/es\/motor-de-drenaje-qa1.html#breadcrumb\",\"itemListElement\":[{\"@type\":\"ListItem\",\"position\":1,\"name\":\"Home\",\"item\":\"https:\/\/www.leili-motor.net\/es\/hogar\/\"},{\"@type\":\"ListItem\",\"position\":2,\"name\":\"Productos\",\"item\":\"https:\/\/www.leili-motor.net\/es\/productos\/\"},{\"@type\":\"ListItem\",\"position\":3,\"name\":\"Motor de Drenaje QA1\"}]},{\"@type\":\"WebSite\",\"@id\":\"https:\/\/www.leili-motor.net\/es\/#website\",\"url\":\"https:\/\/www.leili-motor.net\/es\/\",\"name\":\"Leili Motor\",\"description\":\"\",\"publisher\":{\"@id\":\"https:\/\/www.leili-motor.net\/es\/#organization\"},\"potentialAction\":[{\"@type\":\"SearchAction\",\"target\":{\"@type\":\"EntryPoint\",\"urlTemplate\":\"https:\/\/www.leili-motor.net\/es\/?s={search_term_string}\"},\"query-input\":{\"@type\":\"PropertyValueSpecification\",\"valueRequired\":true,\"valueName\":\"search_term_string\"}}],\"inLanguage\":\"es\"},{\"@type\":\"Organization\",\"@id\":\"https:\/\/www.leili-motor.net\/es\/#organization\",\"name\":\"Leili Motor\",\"url\":\"https:\/\/www.leili-motor.net\/es\/\",\"logo\":{\"@type\":\"ImageObject\",\"inLanguage\":\"es\",\"@id\":\"https:\/\/www.leili-motor.net\/es\/#\/schema\/logo\/image\/\",\"url\":\"https:\/\/www.leili-motor.net\/wp-content\/uploads\/2025\/03\/Leili-Motor.png\",\"contentUrl\":\"https:\/\/www.leili-motor.net\/wp-content\/uploads\/2025\/03\/Leili-Motor.png\",\"width\":600,\"height\":156,\"caption\":\"Leili Motor\"},\"image\":{\"@id\":\"https:\/\/www.leili-motor.net\/es\/#\/schema\/logo\/image\/\"}}]}<\/script>\n<!-- \/ Yoast SEO plugin. -->","yoast_head_json":{"title":"Precio Del Motor de Drenaje QA1 &#8211; Leili Motor","description":"El motor de drenaje QA1 ofrece una potencia eficiente de \u22646 W, una fuerza de tracci\u00f3n de 78,4 N, un nivel de ruido de \u226450 dB y un rendimiento de drenaje confiable para lavadoras.","robots":{"index":"index","follow":"follow","max-snippet":"max-snippet:-1","max-image-preview":"max-image-preview:large","max-video-preview":"max-video-preview:-1"},"canonical":"https:\/\/www.leili-motor.net\/es\/motor-de-drenaje-qa1.html","schema":{"@context":"https:\/\/schema.org","@graph":[{"@type":"WebPage","@id":"https:\/\/www.leili-motor.net\/es\/motor-de-drenaje-qa1.html","url":"https:\/\/www.leili-motor.net\/es\/motor-de-drenaje-qa1.html","name":"Precio Del Motor de Drenaje QA1 &#8211; Leili Motor","isPartOf":{"@id":"https:\/\/www.leili-motor.net\/es\/#website"},"primaryImageOfPage":{"@id":"https:\/\/www.leili-motor.net\/es\/motor-de-drenaje-qa1.html#primaryimage"},"image":{"@id":"https:\/\/www.leili-motor.net\/es\/motor-de-drenaje-qa1.html#primaryimage"},"thumbnailUrl":"https:\/\/www.leili-motor.net\/wp-content\/uploads\/2025\/03\/QA1-Drain-Motor.webp","datePublished":"2025-03-12T08:51:12+00:00","description":"El motor de drenaje QA1 ofrece una potencia eficiente de \u22646 W, una fuerza de tracci\u00f3n de 78,4 N, un nivel de ruido de \u226450 dB y un rendimiento de drenaje confiable para lavadoras.","breadcrumb":{"@id":"https:\/\/www.leili-motor.net\/es\/motor-de-drenaje-qa1.html#breadcrumb"},"inLanguage":"es","potentialAction":[{"@type":"ReadAction","target":["https:\/\/www.leili-motor.net\/es\/motor-de-drenaje-qa1.html"]}]},{"@type":"ImageObject","inLanguage":"es","@id":"https:\/\/www.leili-motor.net\/es\/motor-de-drenaje-qa1.html#primaryimage","url":"https:\/\/www.leili-motor.net\/wp-content\/uploads\/2025\/03\/QA1-Drain-Motor.webp","contentUrl":"https:\/\/www.leili-motor.net\/wp-content\/uploads\/2025\/03\/QA1-Drain-Motor.webp","width":454,"height":310,"caption":"QA1 Drain Motor"},{"@type":"BreadcrumbList","@id":"https:\/\/www.leili-motor.net\/es\/motor-de-drenaje-qa1.html#breadcrumb","itemListElement":[{"@type":"ListItem","position":1,"name":"Home","item":"https:\/\/www.leili-motor.net\/es\/hogar\/"},{"@type":"ListItem","position":2,"name":"Productos","item":"https:\/\/www.leili-motor.net\/es\/productos\/"},{"@type":"ListItem","position":3,"name":"Motor de Drenaje QA1"}]},{"@type":"WebSite","@id":"https:\/\/www.leili-motor.net\/es\/#website","url":"https:\/\/www.leili-motor.net\/es\/","name":"Leili Motor","description":"","publisher":{"@id":"https:\/\/www.leili-motor.net\/es\/#organization"},"potentialAction":[{"@type":"SearchAction","target":{"@type":"EntryPoint","urlTemplate":"https:\/\/www.leili-motor.net\/es\/?s={search_term_string}"},"query-input":{"@type":"PropertyValueSpecification","valueRequired":true,"valueName":"search_term_string"}}],"inLanguage":"es"},{"@type":"Organization","@id":"https:\/\/www.leili-motor.net\/es\/#organization","name":"Leili Motor","url":"https:\/\/www.leili-motor.net\/es\/","logo":{"@type":"ImageObject","inLanguage":"es","@id":"https:\/\/www.leili-motor.net\/es\/#\/schema\/logo\/image\/","url":"https:\/\/www.leili-motor.net\/wp-content\/uploads\/2025\/03\/Leili-Motor.png","contentUrl":"https:\/\/www.leili-motor.net\/wp-content\/uploads\/2025\/03\/Leili-Motor.png","width":600,"height":156,"caption":"Leili Motor"},"image":{"@id":"https:\/\/www.leili-motor.net\/es\/#\/schema\/logo\/image\/"}}]}},"_links":{"self":[{"href":"https:\/\/www.leili-motor.net\/es\/wp-json\/wp\/v2\/product\/6926","targetHints":{"allow":["GET"]}}],"collection":[{"href":"https:\/\/www.leili-motor.net\/es\/wp-json\/wp\/v2\/product"}],"about":[{"href":"https:\/\/www.leili-motor.net\/es\/wp-json\/wp\/v2\/types\/product"}],"replies":[{"embeddable":true,"href":"https:\/\/www.leili-motor.net\/es\/wp-json\/wp\/v2\/comments?post=6926"}],"wp:featuredmedia":[{"embeddable":true,"href":"https:\/\/www.leili-motor.net\/es\/wp-json\/wp\/v2\/media\/2554"}],"wp:attachment":[{"href":"https:\/\/www.leili-motor.net\/es\/wp-json\/wp\/v2\/media?parent=6926"}],"wp:term":[{"taxonomy":"product_brand","embeddable":true,"href":"https:\/\/www.leili-motor.net\/es\/wp-json\/wp\/v2\/product_brand?post=6926"},{"taxonomy":"product_cat","embeddable":true,"href":"https:\/\/www.leili-motor.net\/es\/wp-json\/wp\/v2\/product_cat?post=6926"},{"taxonomy":"product_tag","embeddable":true,"href":"https:\/\/www.leili-motor.net\/es\/wp-json\/wp\/v2\/product_tag?post=6926"}],"curies":[{"name":"wp","href":"https:\/\/api.w.org\/{rel}","templated":true}]}}