{"id":6927,"date":"2025-03-07T16:22:57","date_gmt":"2025-03-07T08:22:57","guid":{"rendered":"https:\/\/www.leili-motor.net\/fgj1-5-agencias-de-inversion\/"},"modified":"2025-03-07T16:22:57","modified_gmt":"2025-03-07T08:22:57","slug":"fgj1-5-agencias-de-inversion","status":"publish","type":"product","link":"https:\/\/www.leili-motor.net\/es\/fgj1-5-agencias-de-inversion.html","title":{"rendered":"FGJ1-5 Agencias de inversi\u00f3n"},"content":{"rendered":"<h2>Par\u00e1metros del Producto<\/h2>\n<table>\n<tbody>\n<tr>\n<td>Modelo<\/td>\n<td>Tensi\u00f3n nominal(VCC)<\/td>\n<td>Par de extracci\u00f3n (mN\u00b7m)<\/p>\n<p>(1000pps)<\/td>\n<td>Corriente de P\u00e9rdida<br \/>\n(A)<\/td>\n<td>Tiempo de Acci\u00f3n<br \/>\n(S)<\/td>\n<td>Ruido de China (mA)<\/td>\n<td>Vida \u00fatil<\/td>\n<\/tr>\n<tr>\n<td>FGJ1-5<\/td>\n<td>12<\/td>\n<td>\u2265 4<\/td>\n<td>\uff1c 2<\/td>\n<td>2<\/td>\n<td>\u2264 45dB 30cm<\/td>\n<td>110000 ciclos (apertura\/cierre 15 s como 1 ciclo)<\/td>\n<\/tr>\n<\/tbody>\n<\/table>\n<h2>Dimensiones mec\u00e1nicas: mm<\/h2>\n<p><img fetchpriority=\"high\" decoding=\"async\" class=\"size-full wp-image-1304 aligncenter\" src=\"https:\/\/www.leili-motor.net\/wp-content\/uploads\/2025\/03\/Mechanical-Dimensions-for-FGJ1-5-Flip-agencies.webp\" alt=\"Dimensiones mec\u00e1nicas para agencias Flip FGJ1-5\" width=\"759\" height=\"496\" srcset=\"https:\/\/www.leili-motor.net\/wp-content\/uploads\/2025\/03\/Mechanical-Dimensions-for-FGJ1-5-Flip-agencies.webp 759w, https:\/\/www.leili-motor.net\/wp-content\/uploads\/2025\/03\/Mechanical-Dimensions-for-FGJ1-5-Flip-agencies-300x196.webp 300w, https:\/\/www.leili-motor.net\/wp-content\/uploads\/2025\/03\/Mechanical-Dimensions-for-FGJ1-5-Flip-agencies-600x392.webp 600w\" sizes=\"(max-width: 759px) 100vw, 759px\" \/><\/p>\n","protected":false},"excerpt":{"rendered":"<h3>Introducci\u00f3n Del Producto<\/h3>\n<ul>\n<li>FGJ1-5 Flip Agencies se utiliza principalmente para tapas de inodoro inteligentes tipo concha.<\/li>\n<li>Alto rendimiento de torque: alcanza un torque de extracci\u00f3n de \u22654 mN\u00b7m para un funcionamiento confiable y potente.<\/li>\n<li>Funcionamiento silencioso: Mantiene un entorno silencioso con niveles de ruido \u226445dB medidos a una distancia de 30 cm.<\/li>\n<li>Larga vida \u00fatil: ofrece una vida \u00fatil de 110.000 ciclos, lo que garantiza una mayor durabilidad y un rendimiento constante.<\/li>\n<\/ul>\n<h3>Aplicaci\u00f3n del producto<\/h3>\n<p>Electrodom\u00e9sticos: sanitarios inteligentes<\/p>\n","protected":false},"featured_media":1305,"comment_status":"open","ping_status":"closed","template":"","meta":{"site-sidebar-layout":"default","site-content-layout":"","ast-site-content-layout":"default","site-content-style":"default","site-sidebar-style":"default","ast-global-header-display":"","ast-banner-title-visibility":"","ast-main-header-display":"","ast-hfb-above-header-display":"","ast-hfb-below-header-display":"","ast-hfb-mobile-header-display":"","site-post-title":"","ast-breadcrumbs-content":"","ast-featured-img":"","footer-sml-layout":"","theme-transparent-header-meta":"default","adv-header-id-meta":"","stick-header-meta":"","header-above-stick-meta":"","header-main-stick-meta":"","header-below-stick-meta":"","astra-migrate-meta-layouts":"default","ast-page-background-enabled":"default","ast-page-background-meta":{"desktop":{"background-color":"var(--ast-global-color-5)","background-image":"","background-repeat":"repeat","background-position":"center center","background-size":"auto","background-attachment":"scroll","background-type":"","background-media":"","overlay-type":"","overlay-color":"","overlay-opacity":"","overlay-gradient":""},"tablet":{"background-color":"","background-image":"","background-repeat":"repeat","background-position":"center center","background-size":"auto","background-attachment":"scroll","background-type":"","background-media":"","overlay-type":"","overlay-color":"","overlay-opacity":"","overlay-gradient":""},"mobile":{"background-color":"","background-image":"","background-repeat":"repeat","background-position":"center center","background-size":"auto","background-attachment":"scroll","background-type":"","background-media":"","overlay-type":"","overlay-color":"","overlay-opacity":"","overlay-gradient":""}},"ast-content-background-meta":{"desktop":{"background-color":"var(--ast-global-color-4)","background-image":"","background-repeat":"repeat","background-position":"center center","background-size":"auto","background-attachment":"scroll","background-type":"","background-media":"","overlay-type":"","overlay-color":"","overlay-opacity":"","overlay-gradient":""},"tablet":{"background-color":"var(--ast-global-color-4)","background-image":"","background-repeat":"repeat","background-position":"center center","background-size":"auto","background-attachment":"scroll","background-type":"","background-media":"","overlay-type":"","overlay-color":"","overlay-opacity":"","overlay-gradient":""},"mobile":{"background-color":"var(--ast-global-color-4)","background-image":"","background-repeat":"repeat","background-position":"center center","background-size":"auto","background-attachment":"scroll","background-type":"","background-media":"","overlay-type":"","overlay-color":"","overlay-opacity":"","overlay-gradient":""}}},"product_brand":[],"product_cat":[520,521],"product_tag":[692],"class_list":{"0":"post-6927","1":"product","2":"type-product","3":"status-publish","4":"has-post-thumbnail","6":"product_cat-componentes","7":"product_cat-componentes-del-electrodomesticos","8":"product_tag-sanitarios-inteligentes-sistema-clamshell","9":"pa_application-electrodomestico","10":"desktop-align-left","11":"tablet-align-left","12":"mobile-align-left","14":"first","15":"instock","16":"shipping-taxable","17":"product-type-simple"},"yoast_head":"<!-- This site is optimized with the Yoast SEO plugin v27.2 - https:\/\/yoast.com\/product\/yoast-seo-wordpress\/ -->\n<title>FGJ1-5 Agencias de inversi\u00f3n &#8211; Leili Motor<\/title>\n<meta name=\"description\" content=\"Nuestras agencias de volteo FGJ1-5, dise\u00f1adas para tapas de inodoros inteligentes, ofrecen alto torque, bajo nivel de ruido y una larga vida \u00fatil operativa.\" \/>\n<meta name=\"robots\" content=\"index, follow, max-snippet:-1, max-image-preview:large, max-video-preview:-1\" \/>\n<link rel=\"canonical\" href=\"https:\/\/www.leili-motor.net\/es\/fgj1-5-agencias-de-inversion.html\" \/>\n<script type=\"application\/ld+json\" class=\"yoast-schema-graph\">{\"@context\":\"https:\/\/schema.org\",\"@graph\":[{\"@type\":\"WebPage\",\"@id\":\"https:\/\/www.leili-motor.net\/es\/fgj1-5-agencias-de-inversion.html\",\"url\":\"https:\/\/www.leili-motor.net\/es\/fgj1-5-agencias-de-inversion.html\",\"name\":\"FGJ1-5 Agencias de inversi\u00f3n &#8211; Leili Motor\",\"isPartOf\":{\"@id\":\"https:\/\/www.leili-motor.net\/es\/#website\"},\"primaryImageOfPage\":{\"@id\":\"https:\/\/www.leili-motor.net\/es\/fgj1-5-agencias-de-inversion.html#primaryimage\"},\"image\":{\"@id\":\"https:\/\/www.leili-motor.net\/es\/fgj1-5-agencias-de-inversion.html#primaryimage\"},\"thumbnailUrl\":\"https:\/\/www.leili-motor.net\/wp-content\/uploads\/2025\/03\/FGJ1-5-Flip-Agencies.webp\",\"datePublished\":\"2025-03-07T08:22:57+00:00\",\"description\":\"Nuestras agencias de volteo FGJ1-5, dise\u00f1adas para tapas de inodoros inteligentes, ofrecen alto torque, bajo nivel de ruido y una larga vida \u00fatil operativa.\",\"breadcrumb\":{\"@id\":\"https:\/\/www.leili-motor.net\/es\/fgj1-5-agencias-de-inversion.html#breadcrumb\"},\"inLanguage\":\"es\",\"potentialAction\":[{\"@type\":\"ReadAction\",\"target\":[\"https:\/\/www.leili-motor.net\/es\/fgj1-5-agencias-de-inversion.html\"]}]},{\"@type\":\"ImageObject\",\"inLanguage\":\"es\",\"@id\":\"https:\/\/www.leili-motor.net\/es\/fgj1-5-agencias-de-inversion.html#primaryimage\",\"url\":\"https:\/\/www.leili-motor.net\/wp-content\/uploads\/2025\/03\/FGJ1-5-Flip-Agencies.webp\",\"contentUrl\":\"https:\/\/www.leili-motor.net\/wp-content\/uploads\/2025\/03\/FGJ1-5-Flip-Agencies.webp\",\"width\":454,\"height\":310,\"caption\":\"FGJ1-5 Flip Agencies\"},{\"@type\":\"BreadcrumbList\",\"@id\":\"https:\/\/www.leili-motor.net\/es\/fgj1-5-agencias-de-inversion.html#breadcrumb\",\"itemListElement\":[{\"@type\":\"ListItem\",\"position\":1,\"name\":\"Home\",\"item\":\"https:\/\/www.leili-motor.net\/es\/hogar\/\"},{\"@type\":\"ListItem\",\"position\":2,\"name\":\"Productos\",\"item\":\"https:\/\/www.leili-motor.net\/es\/productos\/\"},{\"@type\":\"ListItem\",\"position\":3,\"name\":\"FGJ1-5 Agencias de inversi\u00f3n\"}]},{\"@type\":\"WebSite\",\"@id\":\"https:\/\/www.leili-motor.net\/es\/#website\",\"url\":\"https:\/\/www.leili-motor.net\/es\/\",\"name\":\"Leili Motor\",\"description\":\"\",\"publisher\":{\"@id\":\"https:\/\/www.leili-motor.net\/es\/#organization\"},\"potentialAction\":[{\"@type\":\"SearchAction\",\"target\":{\"@type\":\"EntryPoint\",\"urlTemplate\":\"https:\/\/www.leili-motor.net\/es\/?s={search_term_string}\"},\"query-input\":{\"@type\":\"PropertyValueSpecification\",\"valueRequired\":true,\"valueName\":\"search_term_string\"}}],\"inLanguage\":\"es\"},{\"@type\":\"Organization\",\"@id\":\"https:\/\/www.leili-motor.net\/es\/#organization\",\"name\":\"Leili Motor\",\"url\":\"https:\/\/www.leili-motor.net\/es\/\",\"logo\":{\"@type\":\"ImageObject\",\"inLanguage\":\"es\",\"@id\":\"https:\/\/www.leili-motor.net\/es\/#\/schema\/logo\/image\/\",\"url\":\"https:\/\/www.leili-motor.net\/wp-content\/uploads\/2025\/03\/Leili-Motor.png\",\"contentUrl\":\"https:\/\/www.leili-motor.net\/wp-content\/uploads\/2025\/03\/Leili-Motor.png\",\"width\":600,\"height\":156,\"caption\":\"Leili Motor\"},\"image\":{\"@id\":\"https:\/\/www.leili-motor.net\/es\/#\/schema\/logo\/image\/\"}}]}<\/script>\n<!-- \/ Yoast SEO plugin. -->","yoast_head_json":{"title":"FGJ1-5 Agencias de inversi\u00f3n &#8211; Leili Motor","description":"Nuestras agencias de volteo FGJ1-5, dise\u00f1adas para tapas de inodoros inteligentes, ofrecen alto torque, bajo nivel de ruido y una larga vida \u00fatil operativa.","robots":{"index":"index","follow":"follow","max-snippet":"max-snippet:-1","max-image-preview":"max-image-preview:large","max-video-preview":"max-video-preview:-1"},"canonical":"https:\/\/www.leili-motor.net\/es\/fgj1-5-agencias-de-inversion.html","schema":{"@context":"https:\/\/schema.org","@graph":[{"@type":"WebPage","@id":"https:\/\/www.leili-motor.net\/es\/fgj1-5-agencias-de-inversion.html","url":"https:\/\/www.leili-motor.net\/es\/fgj1-5-agencias-de-inversion.html","name":"FGJ1-5 Agencias de inversi\u00f3n &#8211; Leili Motor","isPartOf":{"@id":"https:\/\/www.leili-motor.net\/es\/#website"},"primaryImageOfPage":{"@id":"https:\/\/www.leili-motor.net\/es\/fgj1-5-agencias-de-inversion.html#primaryimage"},"image":{"@id":"https:\/\/www.leili-motor.net\/es\/fgj1-5-agencias-de-inversion.html#primaryimage"},"thumbnailUrl":"https:\/\/www.leili-motor.net\/wp-content\/uploads\/2025\/03\/FGJ1-5-Flip-Agencies.webp","datePublished":"2025-03-07T08:22:57+00:00","description":"Nuestras agencias de volteo FGJ1-5, dise\u00f1adas para tapas de inodoros inteligentes, ofrecen alto torque, bajo nivel de ruido y una larga vida \u00fatil operativa.","breadcrumb":{"@id":"https:\/\/www.leili-motor.net\/es\/fgj1-5-agencias-de-inversion.html#breadcrumb"},"inLanguage":"es","potentialAction":[{"@type":"ReadAction","target":["https:\/\/www.leili-motor.net\/es\/fgj1-5-agencias-de-inversion.html"]}]},{"@type":"ImageObject","inLanguage":"es","@id":"https:\/\/www.leili-motor.net\/es\/fgj1-5-agencias-de-inversion.html#primaryimage","url":"https:\/\/www.leili-motor.net\/wp-content\/uploads\/2025\/03\/FGJ1-5-Flip-Agencies.webp","contentUrl":"https:\/\/www.leili-motor.net\/wp-content\/uploads\/2025\/03\/FGJ1-5-Flip-Agencies.webp","width":454,"height":310,"caption":"FGJ1-5 Flip Agencies"},{"@type":"BreadcrumbList","@id":"https:\/\/www.leili-motor.net\/es\/fgj1-5-agencias-de-inversion.html#breadcrumb","itemListElement":[{"@type":"ListItem","position":1,"name":"Home","item":"https:\/\/www.leili-motor.net\/es\/hogar\/"},{"@type":"ListItem","position":2,"name":"Productos","item":"https:\/\/www.leili-motor.net\/es\/productos\/"},{"@type":"ListItem","position":3,"name":"FGJ1-5 Agencias de inversi\u00f3n"}]},{"@type":"WebSite","@id":"https:\/\/www.leili-motor.net\/es\/#website","url":"https:\/\/www.leili-motor.net\/es\/","name":"Leili Motor","description":"","publisher":{"@id":"https:\/\/www.leili-motor.net\/es\/#organization"},"potentialAction":[{"@type":"SearchAction","target":{"@type":"EntryPoint","urlTemplate":"https:\/\/www.leili-motor.net\/es\/?s={search_term_string}"},"query-input":{"@type":"PropertyValueSpecification","valueRequired":true,"valueName":"search_term_string"}}],"inLanguage":"es"},{"@type":"Organization","@id":"https:\/\/www.leili-motor.net\/es\/#organization","name":"Leili Motor","url":"https:\/\/www.leili-motor.net\/es\/","logo":{"@type":"ImageObject","inLanguage":"es","@id":"https:\/\/www.leili-motor.net\/es\/#\/schema\/logo\/image\/","url":"https:\/\/www.leili-motor.net\/wp-content\/uploads\/2025\/03\/Leili-Motor.png","contentUrl":"https:\/\/www.leili-motor.net\/wp-content\/uploads\/2025\/03\/Leili-Motor.png","width":600,"height":156,"caption":"Leili Motor"},"image":{"@id":"https:\/\/www.leili-motor.net\/es\/#\/schema\/logo\/image\/"}}]}},"_links":{"self":[{"href":"https:\/\/www.leili-motor.net\/es\/wp-json\/wp\/v2\/product\/6927","targetHints":{"allow":["GET"]}}],"collection":[{"href":"https:\/\/www.leili-motor.net\/es\/wp-json\/wp\/v2\/product"}],"about":[{"href":"https:\/\/www.leili-motor.net\/es\/wp-json\/wp\/v2\/types\/product"}],"replies":[{"embeddable":true,"href":"https:\/\/www.leili-motor.net\/es\/wp-json\/wp\/v2\/comments?post=6927"}],"wp:featuredmedia":[{"embeddable":true,"href":"https:\/\/www.leili-motor.net\/es\/wp-json\/wp\/v2\/media\/1305"}],"wp:attachment":[{"href":"https:\/\/www.leili-motor.net\/es\/wp-json\/wp\/v2\/media?parent=6927"}],"wp:term":[{"taxonomy":"product_brand","embeddable":true,"href":"https:\/\/www.leili-motor.net\/es\/wp-json\/wp\/v2\/product_brand?post=6927"},{"taxonomy":"product_cat","embeddable":true,"href":"https:\/\/www.leili-motor.net\/es\/wp-json\/wp\/v2\/product_cat?post=6927"},{"taxonomy":"product_tag","embeddable":true,"href":"https:\/\/www.leili-motor.net\/es\/wp-json\/wp\/v2\/product_tag?post=6927"}],"curies":[{"name":"wp","href":"https:\/\/api.w.org\/{rel}","templated":true}]}}