{"id":6930,"date":"2025-03-12T15:45:12","date_gmt":"2025-03-12T07:45:12","guid":{"rendered":"https:\/\/www.leili-motor.net\/bomba-de-valvula-actuadora-de-drenaje\/"},"modified":"2025-03-12T15:45:12","modified_gmt":"2025-03-12T07:45:12","slug":"bomba-de-valvula-actuadora-de-drenaje","status":"publish","type":"product","link":"https:\/\/www.leili-motor.net\/es\/bomba-de-valvula-actuadora-de-drenaje.html","title":{"rendered":"Bomba de V\u00e1lvula Actuadora de Drenaje"},"content":{"rendered":"<h2>Par\u00e1metros de rendimiento<\/h2>\n<table>\n<tbody>\n<tr>\n<td>Potencia del actuador de drenaje (W)<\/td>\n<td>Corriente de entrada de los actuadores de drenaje (mA)<\/td>\n<td>Ruido dB(A)<\/td>\n<td>Voltaje de arranque(V)<\/td>\n<td>Resistencia de aislamiento<\/td>\n<td>Rigidez diel\u00e9ctrica<\/td>\n<td>Corriente de fuga (mA)<\/td>\n<td>Fuerza de filtro (N\u00b7m)<\/td>\n<td>Resistencia a la presi\u00f3n de agua<\/td>\n<td>Resistencia a la presi\u00f3n de agua inversa<\/td>\n<\/tr>\n<tr>\n<td>\u2264 6<\/td>\n<td>\u2264 30<\/td>\n<td>\u2264 50<\/td>\n<td>\u2264 176<\/td>\n<td>\u2265 100<\/td>\n<td>AC1s875<\/td>\n<td>\u2264 0.25<\/td>\n<td>2-4<\/td>\n<td>Fuga a 9kPa&lt;100Pa<\/td>\n<td>Fuga a 20kPa&lt;100Pa<\/td>\n<\/tr>\n<\/tbody>\n<\/table>\n<h2>Par\u00e1metros de la bomba<\/h2>\n<table>\n<tbody>\n<tr>\n<td>Voltaje nominal de arranque (VAC) <\/td>\n<td>Tiempo de arranque (s)<\/td>\n<td>Potencia con carga (W)<\/td>\n<td>Corriente con carga (A)<\/td>\n<td>Ruido sin carga dB(A)<\/td>\n<td>Aumento de temperatura (K)<\/td>\n<td>Fuga de corriente (V)<\/td>\n<td>Resistencia de aislamiento (\u03a9)<\/td>\n<td>Rango de voltaje con carga (VAC)<\/td>\n<td>Caudal<\/td>\n<\/tr>\n<tr>\n<td>\u2264 187<\/td>\n<td>\u2264 10<\/td>\n<td>\u2264 36<\/td>\n<td>\u2264 0.35<\/td>\n<td>220<\/td>\n<td>105<\/td>\n<td>\u2264 0.5<\/td>\n<td>\u2265 100<\/td>\n<td>187-264<\/td>\n<td>\u2265 7<\/td>\n<\/tr>\n<\/tbody>\n<\/table>\n<h2>Dimensi\u00f3n mec\u00e1nica: mm<br \/>\n<img fetchpriority=\"high\" decoding=\"async\" class=\"size-full wp-image-2465 aligncenter\" src=\"https:\/\/www.leili-motor.net\/wp-content\/uploads\/2025\/03\/Mechanical-Dimension-for-Valve-Pump.webp\" alt=\"Dimensi\u00f3n mec\u00e1nica de la bomba de v\u00e1lvula\" width=\"759\" height=\"650\" srcset=\"https:\/\/www.leili-motor.net\/wp-content\/uploads\/2025\/03\/Mechanical-Dimension-for-Valve-Pump.webp 759w, https:\/\/www.leili-motor.net\/wp-content\/uploads\/2025\/03\/Mechanical-Dimension-for-Valve-Pump-300x257.webp 300w, https:\/\/www.leili-motor.net\/wp-content\/uploads\/2025\/03\/Mechanical-Dimension-for-Valve-Pump-600x514.webp 600w\" sizes=\"(max-width: 759px) 100vw, 759px\" \/><\/h2>\n","protected":false},"excerpt":{"rendered":"<h3>Introducci\u00f3n Del Producto<\/h3>\n<ul>\n<li>Rendimiento eficiente: bajo consumo de energ\u00eda \u22646 W, corriente de entrada \u226430 mA y nivel de ruido \u226450 dB para un funcionamiento suave.<\/li>\n<li>Alta confiabilidad: Soporta presi\u00f3n de agua de hasta 9 kPa y presi\u00f3n inversa de hasta 20 kPa con fugas m\u00ednimas.<\/li>\n<li>Seguridad mejorada: presenta una resistencia de aislamiento \u2265100 \u03a9, rigidez diel\u00e9ctrica AC1s875 y corriente de fuga \u22640,25 mA para un uso seguro.<\/li>\n<\/ul>\n<h3>Aplicaci\u00f3n del producto<\/h3>\n<ul>\n<li>Electrodom\u00e9sticos: lavadora<\/li>\n<\/ul>\n","protected":false},"featured_media":2466,"comment_status":"open","ping_status":"closed","template":"","meta":{"site-sidebar-layout":"default","site-content-layout":"","ast-site-content-layout":"default","site-content-style":"default","site-sidebar-style":"default","ast-global-header-display":"","ast-banner-title-visibility":"","ast-main-header-display":"","ast-hfb-above-header-display":"","ast-hfb-below-header-display":"","ast-hfb-mobile-header-display":"","site-post-title":"","ast-breadcrumbs-content":"","ast-featured-img":"","footer-sml-layout":"","theme-transparent-header-meta":"default","adv-header-id-meta":"","stick-header-meta":"","header-above-stick-meta":"","header-main-stick-meta":"","header-below-stick-meta":"","astra-migrate-meta-layouts":"default","ast-page-background-enabled":"default","ast-page-background-meta":{"desktop":{"background-color":"var(--ast-global-color-5)","background-image":"","background-repeat":"repeat","background-position":"center center","background-size":"auto","background-attachment":"scroll","background-type":"","background-media":"","overlay-type":"","overlay-color":"","overlay-opacity":"","overlay-gradient":""},"tablet":{"background-color":"","background-image":"","background-repeat":"repeat","background-position":"center center","background-size":"auto","background-attachment":"scroll","background-type":"","background-media":"","overlay-type":"","overlay-color":"","overlay-opacity":"","overlay-gradient":""},"mobile":{"background-color":"","background-image":"","background-repeat":"repeat","background-position":"center center","background-size":"auto","background-attachment":"scroll","background-type":"","background-media":"","overlay-type":"","overlay-color":"","overlay-opacity":"","overlay-gradient":""}},"ast-content-background-meta":{"desktop":{"background-color":"var(--ast-global-color-4)","background-image":"","background-repeat":"repeat","background-position":"center center","background-size":"auto","background-attachment":"scroll","background-type":"","background-media":"","overlay-type":"","overlay-color":"","overlay-opacity":"","overlay-gradient":""},"tablet":{"background-color":"var(--ast-global-color-4)","background-image":"","background-repeat":"repeat","background-position":"center center","background-size":"auto","background-attachment":"scroll","background-type":"","background-media":"","overlay-type":"","overlay-color":"","overlay-opacity":"","overlay-gradient":""},"mobile":{"background-color":"var(--ast-global-color-4)","background-image":"","background-repeat":"repeat","background-position":"center center","background-size":"auto","background-attachment":"scroll","background-type":"","background-media":"","overlay-type":"","overlay-color":"","overlay-opacity":"","overlay-gradient":""}}},"product_brand":[],"product_cat":[685,686],"product_tag":[677],"class_list":{"0":"post-6930","1":"product","2":"type-product","3":"status-publish","4":"has-post-thumbnail","6":"product_cat-categoria-de-motor-de-drenaje","7":"product_cat-actuadores-de-drenaje","8":"product_tag-lavadora-sistema-de-drenaje","9":"pa_application-electrodomestico","10":"desktop-align-left","11":"tablet-align-left","12":"mobile-align-left","14":"first","15":"instock","16":"shipping-taxable","17":"product-type-simple"},"yoast_head":"<!-- This site is optimized with the Yoast SEO plugin v27.2 - https:\/\/yoast.com\/product\/yoast-seo-wordpress\/ -->\n<title>Bomba de V\u00e1lvula Actuadora de Drenaje &#8211; Leili Motor<\/title>\n<meta name=\"description\" content=\"Nuestra bomba de v\u00e1lvula de actuador de drenaje consume \u22646 W de potencia, funciona con un ruido de \u226450 dB, soporta una presi\u00f3n de agua de 9 kPa y garantiza un drenaje confiable de la lavadora.\" \/>\n<meta name=\"robots\" content=\"index, follow, max-snippet:-1, max-image-preview:large, max-video-preview:-1\" \/>\n<link rel=\"canonical\" href=\"https:\/\/www.leili-motor.net\/es\/bomba-de-valvula-actuadora-de-drenaje.html\" \/>\n<meta name=\"twitter:label1\" content=\"Tiempo de lectura\" \/>\n\t<meta name=\"twitter:data1\" content=\"1 minuto\" \/>\n<script type=\"application\/ld+json\" class=\"yoast-schema-graph\">{\"@context\":\"https:\/\/schema.org\",\"@graph\":[{\"@type\":\"WebPage\",\"@id\":\"https:\/\/www.leili-motor.net\/es\/bomba-de-valvula-actuadora-de-drenaje.html\",\"url\":\"https:\/\/www.leili-motor.net\/es\/bomba-de-valvula-actuadora-de-drenaje.html\",\"name\":\"Bomba de V\u00e1lvula Actuadora de Drenaje &#8211; Leili Motor\",\"isPartOf\":{\"@id\":\"https:\/\/www.leili-motor.net\/es\/#website\"},\"primaryImageOfPage\":{\"@id\":\"https:\/\/www.leili-motor.net\/es\/bomba-de-valvula-actuadora-de-drenaje.html#primaryimage\"},\"image\":{\"@id\":\"https:\/\/www.leili-motor.net\/es\/bomba-de-valvula-actuadora-de-drenaje.html#primaryimage\"},\"thumbnailUrl\":\"https:\/\/www.leili-motor.net\/wp-content\/uploads\/2025\/03\/Valve-Pump.webp\",\"datePublished\":\"2025-03-12T07:45:12+00:00\",\"description\":\"Nuestra bomba de v\u00e1lvula de actuador de drenaje consume \u22646 W de potencia, funciona con un ruido de \u226450 dB, soporta una presi\u00f3n de agua de 9 kPa y garantiza un drenaje confiable de la lavadora.\",\"breadcrumb\":{\"@id\":\"https:\/\/www.leili-motor.net\/es\/bomba-de-valvula-actuadora-de-drenaje.html#breadcrumb\"},\"inLanguage\":\"es\",\"potentialAction\":[{\"@type\":\"ReadAction\",\"target\":[\"https:\/\/www.leili-motor.net\/es\/bomba-de-valvula-actuadora-de-drenaje.html\"]}]},{\"@type\":\"ImageObject\",\"inLanguage\":\"es\",\"@id\":\"https:\/\/www.leili-motor.net\/es\/bomba-de-valvula-actuadora-de-drenaje.html#primaryimage\",\"url\":\"https:\/\/www.leili-motor.net\/wp-content\/uploads\/2025\/03\/Valve-Pump.webp\",\"contentUrl\":\"https:\/\/www.leili-motor.net\/wp-content\/uploads\/2025\/03\/Valve-Pump.webp\",\"width\":454,\"height\":310,\"caption\":\"Valve Pump\"},{\"@type\":\"BreadcrumbList\",\"@id\":\"https:\/\/www.leili-motor.net\/es\/bomba-de-valvula-actuadora-de-drenaje.html#breadcrumb\",\"itemListElement\":[{\"@type\":\"ListItem\",\"position\":1,\"name\":\"Home\",\"item\":\"https:\/\/www.leili-motor.net\/es\/hogar\/\"},{\"@type\":\"ListItem\",\"position\":2,\"name\":\"Productos\",\"item\":\"https:\/\/www.leili-motor.net\/es\/productos\/\"},{\"@type\":\"ListItem\",\"position\":3,\"name\":\"Bomba de V\u00e1lvula Actuadora de Drenaje\"}]},{\"@type\":\"WebSite\",\"@id\":\"https:\/\/www.leili-motor.net\/es\/#website\",\"url\":\"https:\/\/www.leili-motor.net\/es\/\",\"name\":\"Leili Motor\",\"description\":\"\",\"publisher\":{\"@id\":\"https:\/\/www.leili-motor.net\/es\/#organization\"},\"potentialAction\":[{\"@type\":\"SearchAction\",\"target\":{\"@type\":\"EntryPoint\",\"urlTemplate\":\"https:\/\/www.leili-motor.net\/es\/?s={search_term_string}\"},\"query-input\":{\"@type\":\"PropertyValueSpecification\",\"valueRequired\":true,\"valueName\":\"search_term_string\"}}],\"inLanguage\":\"es\"},{\"@type\":\"Organization\",\"@id\":\"https:\/\/www.leili-motor.net\/es\/#organization\",\"name\":\"Leili Motor\",\"url\":\"https:\/\/www.leili-motor.net\/es\/\",\"logo\":{\"@type\":\"ImageObject\",\"inLanguage\":\"es\",\"@id\":\"https:\/\/www.leili-motor.net\/es\/#\/schema\/logo\/image\/\",\"url\":\"https:\/\/www.leili-motor.net\/wp-content\/uploads\/2025\/03\/Leili-Motor.png\",\"contentUrl\":\"https:\/\/www.leili-motor.net\/wp-content\/uploads\/2025\/03\/Leili-Motor.png\",\"width\":600,\"height\":156,\"caption\":\"Leili Motor\"},\"image\":{\"@id\":\"https:\/\/www.leili-motor.net\/es\/#\/schema\/logo\/image\/\"}}]}<\/script>\n<!-- \/ Yoast SEO plugin. -->","yoast_head_json":{"title":"Bomba de V\u00e1lvula Actuadora de Drenaje &#8211; Leili Motor","description":"Nuestra bomba de v\u00e1lvula de actuador de drenaje consume \u22646 W de potencia, funciona con un ruido de \u226450 dB, soporta una presi\u00f3n de agua de 9 kPa y garantiza un drenaje confiable de la lavadora.","robots":{"index":"index","follow":"follow","max-snippet":"max-snippet:-1","max-image-preview":"max-image-preview:large","max-video-preview":"max-video-preview:-1"},"canonical":"https:\/\/www.leili-motor.net\/es\/bomba-de-valvula-actuadora-de-drenaje.html","twitter_misc":{"Tiempo de lectura":"1 minuto"},"schema":{"@context":"https:\/\/schema.org","@graph":[{"@type":"WebPage","@id":"https:\/\/www.leili-motor.net\/es\/bomba-de-valvula-actuadora-de-drenaje.html","url":"https:\/\/www.leili-motor.net\/es\/bomba-de-valvula-actuadora-de-drenaje.html","name":"Bomba de V\u00e1lvula Actuadora de Drenaje &#8211; Leili Motor","isPartOf":{"@id":"https:\/\/www.leili-motor.net\/es\/#website"},"primaryImageOfPage":{"@id":"https:\/\/www.leili-motor.net\/es\/bomba-de-valvula-actuadora-de-drenaje.html#primaryimage"},"image":{"@id":"https:\/\/www.leili-motor.net\/es\/bomba-de-valvula-actuadora-de-drenaje.html#primaryimage"},"thumbnailUrl":"https:\/\/www.leili-motor.net\/wp-content\/uploads\/2025\/03\/Valve-Pump.webp","datePublished":"2025-03-12T07:45:12+00:00","description":"Nuestra bomba de v\u00e1lvula de actuador de drenaje consume \u22646 W de potencia, funciona con un ruido de \u226450 dB, soporta una presi\u00f3n de agua de 9 kPa y garantiza un drenaje confiable de la lavadora.","breadcrumb":{"@id":"https:\/\/www.leili-motor.net\/es\/bomba-de-valvula-actuadora-de-drenaje.html#breadcrumb"},"inLanguage":"es","potentialAction":[{"@type":"ReadAction","target":["https:\/\/www.leili-motor.net\/es\/bomba-de-valvula-actuadora-de-drenaje.html"]}]},{"@type":"ImageObject","inLanguage":"es","@id":"https:\/\/www.leili-motor.net\/es\/bomba-de-valvula-actuadora-de-drenaje.html#primaryimage","url":"https:\/\/www.leili-motor.net\/wp-content\/uploads\/2025\/03\/Valve-Pump.webp","contentUrl":"https:\/\/www.leili-motor.net\/wp-content\/uploads\/2025\/03\/Valve-Pump.webp","width":454,"height":310,"caption":"Valve Pump"},{"@type":"BreadcrumbList","@id":"https:\/\/www.leili-motor.net\/es\/bomba-de-valvula-actuadora-de-drenaje.html#breadcrumb","itemListElement":[{"@type":"ListItem","position":1,"name":"Home","item":"https:\/\/www.leili-motor.net\/es\/hogar\/"},{"@type":"ListItem","position":2,"name":"Productos","item":"https:\/\/www.leili-motor.net\/es\/productos\/"},{"@type":"ListItem","position":3,"name":"Bomba de V\u00e1lvula Actuadora de Drenaje"}]},{"@type":"WebSite","@id":"https:\/\/www.leili-motor.net\/es\/#website","url":"https:\/\/www.leili-motor.net\/es\/","name":"Leili Motor","description":"","publisher":{"@id":"https:\/\/www.leili-motor.net\/es\/#organization"},"potentialAction":[{"@type":"SearchAction","target":{"@type":"EntryPoint","urlTemplate":"https:\/\/www.leili-motor.net\/es\/?s={search_term_string}"},"query-input":{"@type":"PropertyValueSpecification","valueRequired":true,"valueName":"search_term_string"}}],"inLanguage":"es"},{"@type":"Organization","@id":"https:\/\/www.leili-motor.net\/es\/#organization","name":"Leili Motor","url":"https:\/\/www.leili-motor.net\/es\/","logo":{"@type":"ImageObject","inLanguage":"es","@id":"https:\/\/www.leili-motor.net\/es\/#\/schema\/logo\/image\/","url":"https:\/\/www.leili-motor.net\/wp-content\/uploads\/2025\/03\/Leili-Motor.png","contentUrl":"https:\/\/www.leili-motor.net\/wp-content\/uploads\/2025\/03\/Leili-Motor.png","width":600,"height":156,"caption":"Leili Motor"},"image":{"@id":"https:\/\/www.leili-motor.net\/es\/#\/schema\/logo\/image\/"}}]}},"_links":{"self":[{"href":"https:\/\/www.leili-motor.net\/es\/wp-json\/wp\/v2\/product\/6930","targetHints":{"allow":["GET"]}}],"collection":[{"href":"https:\/\/www.leili-motor.net\/es\/wp-json\/wp\/v2\/product"}],"about":[{"href":"https:\/\/www.leili-motor.net\/es\/wp-json\/wp\/v2\/types\/product"}],"replies":[{"embeddable":true,"href":"https:\/\/www.leili-motor.net\/es\/wp-json\/wp\/v2\/comments?post=6930"}],"wp:featuredmedia":[{"embeddable":true,"href":"https:\/\/www.leili-motor.net\/es\/wp-json\/wp\/v2\/media\/2466"}],"wp:attachment":[{"href":"https:\/\/www.leili-motor.net\/es\/wp-json\/wp\/v2\/media?parent=6930"}],"wp:term":[{"taxonomy":"product_brand","embeddable":true,"href":"https:\/\/www.leili-motor.net\/es\/wp-json\/wp\/v2\/product_brand?post=6930"},{"taxonomy":"product_cat","embeddable":true,"href":"https:\/\/www.leili-motor.net\/es\/wp-json\/wp\/v2\/product_cat?post=6930"},{"taxonomy":"product_tag","embeddable":true,"href":"https:\/\/www.leili-motor.net\/es\/wp-json\/wp\/v2\/product_tag?post=6930"}],"curies":[{"name":"wp","href":"https:\/\/api.w.org\/{rel}","templated":true}]}}