{"id":6941,"date":"2025-03-14T13:41:51","date_gmt":"2025-03-14T05:41:51","guid":{"rendered":"https:\/\/www.leili-motor.net\/motor-de-cc-sin-escobillas-con-rotor-interno-de-60-mm\/"},"modified":"2025-04-23T16:55:34","modified_gmt":"2025-04-23T08:55:34","slug":"motor-de-cc-sin-escobillas-con-rotor-interno-de-60-mm","status":"publish","type":"product","link":"https:\/\/www.leili-motor.net\/es\/motor-de-cc-sin-escobillas-con-rotor-interno-de-60-mm.html","title":{"rendered":"Motor de CC sin Escobillas Con Rotor Interno de 60 mm"},"content":{"rendered":"<h2>Par\u00e1metros del Producto<\/h2>\n<table>\n<tbody>\n<tr>\n<td colspan=\"3\">Bastidor M24<\/td>\n<td>M24L1<\/td>\n<td>M24L2<\/td>\n<td>M24L3<\/td>\n<\/tr>\n<tr>\n<td colspan=\"6\">General<\/td>\n<\/tr>\n<tr>\n<td colspan=\"3\">Clase de aislamiento<\/td>\n<td colspan=\"3\">B<\/td>\n<\/tr>\n<tr>\n<td colspan=\"3\">Tipo de servicio<\/td>\n<td colspan=\"3\">S1<\/td>\n<\/tr>\n<tr>\n<td colspan=\"3\">M\u00e9todo de retroalimentaci\u00f3n<\/td>\n<td colspan=\"3\">Sensor Hall<\/td>\n<\/tr>\n<tr>\n<td colspan=\"3\">\u00c1ngulo de conmutaci\u00f3n<\/td>\n<td colspan=\"3\">120\u00b0<\/td>\n<\/tr>\n<tr>\n<td colspan=\"3\">Rigidez diel\u00e9ctrica<\/td>\n<td colspan=\"3\">500 VAC \/ 1 KHz \/ 1 mA \/ 1 s<\/td>\n<\/tr>\n<tr>\n<td colspan=\"3\">Resistencia de aislamiento<\/td>\n<td colspan=\"3\">100 MOhm \/ 500 VDC<\/td>\n<\/tr>\n<tr>\n<td colspan=\"6\">Rendimiento<\/td>\n<\/tr>\n<tr>\n<td>Tensi\u00f3n nominal<\/td>\n<td>Un<\/td>\n<td>V<\/td>\n<td colspan=\"3\">48<\/td>\n<\/tr>\n<tr>\n<td>Potencia nominal<\/td>\n<td>Pn<\/td>\n<td>W<\/td>\n<td>79<\/td>\n<td>157<\/td>\n<td>236<\/td>\n<\/tr>\n<tr>\n<td>Par nominal<\/td>\n<td>Tn<\/td>\n<td>N\u00b7m<\/td>\n<td>0.25<\/td>\n<td>0.5<\/td>\n<td>0.75<\/td>\n<\/tr>\n<tr>\n<td>Velocidad nominal<\/td>\n<td>Nn<\/td>\n<td>RPM<\/td>\n<td colspan=\"3\">3000<\/td>\n<\/tr>\n<tr>\n<td>Corriente nominal<\/td>\n<td>In<\/td>\n<td>Un<\/td>\n<td>2.3<\/td>\n<td>4.7<\/td>\n<td>7<\/td>\n<\/tr>\n<tr>\n<td>Resistencia (l\u00ednea-l\u00ednea)<\/td>\n<td>Rn<\/td>\n<td>Ohm<\/td>\n<td>1.8<\/td>\n<td>0.9<\/td>\n<td>0.5<\/td>\n<\/tr>\n<tr>\n<td>Inductancia (l\u00ednea-l\u00ednea)<\/td>\n<td>L<\/td>\n<td>mH<\/td>\n<td>2.3<\/td>\n<td>1.1<\/td>\n<td>0.7<\/td>\n<\/tr>\n<tr>\n<td>Conexi\u00f3n del devanado<\/td>\n<td>&#8211;<\/td>\n<td>&#8211;<\/td>\n<td colspan=\"3\">Estrella<\/td>\n<\/tr>\n<tr>\n<td>Pares de polos<\/td>\n<td>&#8211;<\/td>\n<td>&#8211;<\/td>\n<td colspan=\"3\">4<\/td>\n<\/tr>\n<tr>\n<td>Duraci\u00f3n<\/td>\n<td>LT<\/td>\n<td>mm<\/td>\n<td>64<\/td>\n<td>85<\/td>\n<td>106<\/td>\n<\/tr>\n<tr>\n<td>Masa<\/td>\n<td>&#8211;<\/td>\n<td>Kg<\/td>\n<td>0.8<\/td>\n<td>1.2<\/td>\n<td>0.6<\/td>\n<\/tr>\n<tr>\n<td colspan=\"6\">Material<\/td>\n<\/tr>\n<tr>\n<td colspan=\"3\">Cubierta final<\/td>\n<td colspan=\"3\">Aleaci\u00f3n de aluminio<\/td>\n<\/tr>\n<tr>\n<td colspan=\"3\">Rodamiento<\/td>\n<td colspan=\"3\">Rodamientos de bolas de ranura profunda<\/td>\n<\/tr>\n<tr>\n<td colspan=\"3\">Magn\u00e9tico<\/td>\n<td colspan=\"3\">NdFeB sinterizado<\/td>\n<\/tr>\n<tr>\n<td colspan=\"3\">Eje<\/td>\n<td colspan=\"3\">Acero carbono<\/td>\n<\/tr>\n<\/tbody>\n<\/table>\n<h2>Dimensiones mec\u00e1nicas: mm<\/h2>\n<p><img fetchpriority=\"high\" decoding=\"async\" class=\"size-full wp-image-3118 aligncenter\" src=\"https:\/\/www.leili-motor.net\/wp-content\/uploads\/2025\/03\/60mm-Inner-Rotor-Brushless-DC-Motor-Dimensions.webp\" alt=\"Dimensiones del motor de CC sin escobillas con rotor interno de 60 mm\" width=\"759\" height=\"512\" srcset=\"https:\/\/www.leili-motor.net\/wp-content\/uploads\/2025\/03\/60mm-Inner-Rotor-Brushless-DC-Motor-Dimensions.webp 759w, https:\/\/www.leili-motor.net\/wp-content\/uploads\/2025\/03\/60mm-Inner-Rotor-Brushless-DC-Motor-Dimensions-300x202.webp 300w, https:\/\/www.leili-motor.net\/wp-content\/uploads\/2025\/03\/60mm-Inner-Rotor-Brushless-DC-Motor-Dimensions-600x405.webp 600w\" sizes=\"(max-width: 759px) 100vw, 759px\" \/><\/p>\n","protected":false},"excerpt":{"rendered":"<h3>Introducci\u00f3n Del Producto<\/h3>\n<ul>\n<li>Motor sin escobillas de CC con base de 60 mm<\/li>\n<li>Motor sin escobillas de 48 V con retroalimentaci\u00f3n de sensor Hall, 4 pares de polos y conexi\u00f3n de bobinado en estrella para precisi\u00f3n.<\/li>\n<li>Proporciona un torque de hasta 0,75 Nm, cuenta con imanes de NdFeB, cubierta de aleaci\u00f3n de aluminio y cojinetes de ranura profunda.<\/li>\n<\/ul>\n<h3>Aplicaci\u00f3n del producto<\/h3>\n<ul>\n<li>Control industrial, equipos m\u00e9dicos<\/li>\n<\/ul>\n","protected":false},"featured_media":6279,"comment_status":"open","ping_status":"closed","template":"","meta":{"site-sidebar-layout":"default","site-content-layout":"","ast-site-content-layout":"default","site-content-style":"default","site-sidebar-style":"default","ast-global-header-display":"","ast-banner-title-visibility":"","ast-main-header-display":"","ast-hfb-above-header-display":"","ast-hfb-below-header-display":"","ast-hfb-mobile-header-display":"","site-post-title":"","ast-breadcrumbs-content":"","ast-featured-img":"","footer-sml-layout":"","theme-transparent-header-meta":"default","adv-header-id-meta":"","stick-header-meta":"","header-above-stick-meta":"","header-main-stick-meta":"","header-below-stick-meta":"","astra-migrate-meta-layouts":"set","ast-page-background-enabled":"default","ast-page-background-meta":{"desktop":{"background-color":"var(--ast-global-color-5)","background-image":"","background-repeat":"repeat","background-position":"center center","background-size":"auto","background-attachment":"scroll","background-type":"","background-media":"","overlay-type":"","overlay-color":"","overlay-opacity":"","overlay-gradient":""},"tablet":{"background-color":"","background-image":"","background-repeat":"repeat","background-position":"center center","background-size":"auto","background-attachment":"scroll","background-type":"","background-media":"","overlay-type":"","overlay-color":"","overlay-opacity":"","overlay-gradient":""},"mobile":{"background-color":"","background-image":"","background-repeat":"repeat","background-position":"center center","background-size":"auto","background-attachment":"scroll","background-type":"","background-media":"","overlay-type":"","overlay-color":"","overlay-opacity":"","overlay-gradient":""}},"ast-content-background-meta":{"desktop":{"background-color":"var(--ast-global-color-4)","background-image":"","background-repeat":"repeat","background-position":"center center","background-size":"auto","background-attachment":"scroll","background-type":"","background-media":"","overlay-type":"","overlay-color":"","overlay-opacity":"","overlay-gradient":""},"tablet":{"background-color":"var(--ast-global-color-4)","background-image":"","background-repeat":"repeat","background-position":"center center","background-size":"auto","background-attachment":"scroll","background-type":"","background-media":"","overlay-type":"","overlay-color":"","overlay-opacity":"","overlay-gradient":""},"mobile":{"background-color":"var(--ast-global-color-4)","background-image":"","background-repeat":"repeat","background-position":"center center","background-size":"auto","background-attachment":"scroll","background-type":"","background-media":"","overlay-type":"","overlay-color":"","overlay-opacity":"","overlay-gradient":""}}},"product_brand":[],"product_cat":[663,693],"product_tag":[713,714],"class_list":{"0":"post-6941","1":"product","2":"type-product","3":"status-publish","4":"has-post-thumbnail","6":"product_cat-categoria-de-motor-sin-escobillas-de-cc","7":"product_cat-motores-sin-escobillas-de-rotor-interno","8":"product_tag-equipos-industriales-motor-de-cc-sin-escobillas","9":"product_tag-robot-motor-sin-escobillas-de-cc","10":"pa_application-industria","11":"pa_application-salud-deportiva","12":"desktop-align-left","13":"tablet-align-left","14":"mobile-align-left","16":"first","17":"instock","18":"shipping-taxable","19":"product-type-simple"},"yoast_head":"<!-- This site is optimized with the Yoast SEO plugin v27.2 - https:\/\/yoast.com\/product\/yoast-seo-wordpress\/ -->\n<title>Motor de CC sin Escobillas Inrunner, Motor de CC sin Escobillas de Rotor Interno 60 mm &#8211; Leili Motor<\/title>\n<meta name=\"description\" content=\"Motor BLDC de rotor interno de 60 mm con 48 VCC, 4 pares de polos, que proporciona un torque de hasta 0,75 Nm, una velocidad de 3000 RPM y un sistema magn\u00e9tico de NdFeB para mayor eficiencia.\" \/>\n<meta name=\"robots\" content=\"index, follow, max-snippet:-1, max-image-preview:large, max-video-preview:-1\" \/>\n<link rel=\"canonical\" href=\"https:\/\/www.leili-motor.net\/es\/motor-de-cc-sin-escobillas-con-rotor-interno-de-60-mm.html\" \/>\n<meta name=\"twitter:label1\" content=\"Tiempo de lectura\" \/>\n\t<meta name=\"twitter:data1\" content=\"1 minuto\" \/>\n<script type=\"application\/ld+json\" class=\"yoast-schema-graph\">{\"@context\":\"https:\/\/schema.org\",\"@graph\":[{\"@type\":\"WebPage\",\"@id\":\"https:\/\/www.leili-motor.net\/es\/motor-de-cc-sin-escobillas-con-rotor-interno-de-60-mm.html\",\"url\":\"https:\/\/www.leili-motor.net\/es\/motor-de-cc-sin-escobillas-con-rotor-interno-de-60-mm.html\",\"name\":\"Motor de CC sin Escobillas Inrunner, Motor de CC sin Escobillas de Rotor Interno 60 mm &#8211; Leili Motor\",\"isPartOf\":{\"@id\":\"https:\/\/www.leili-motor.net\/es\/#website\"},\"primaryImageOfPage\":{\"@id\":\"https:\/\/www.leili-motor.net\/es\/motor-de-cc-sin-escobillas-con-rotor-interno-de-60-mm.html#primaryimage\"},\"image\":{\"@id\":\"https:\/\/www.leili-motor.net\/es\/motor-de-cc-sin-escobillas-con-rotor-interno-de-60-mm.html#primaryimage\"},\"thumbnailUrl\":\"https:\/\/www.leili-motor.net\/wp-content\/uploads\/2025\/03\/60mm-Inner-Rotor-Brushless-DC-Motor.webp\",\"datePublished\":\"2025-03-14T05:41:51+00:00\",\"dateModified\":\"2025-04-23T08:55:34+00:00\",\"description\":\"Motor BLDC de rotor interno de 60 mm con 48 VCC, 4 pares de polos, que proporciona un torque de hasta 0,75 Nm, una velocidad de 3000 RPM y un sistema magn\u00e9tico de NdFeB para mayor eficiencia.\",\"breadcrumb\":{\"@id\":\"https:\/\/www.leili-motor.net\/es\/motor-de-cc-sin-escobillas-con-rotor-interno-de-60-mm.html#breadcrumb\"},\"inLanguage\":\"es\",\"potentialAction\":[{\"@type\":\"ReadAction\",\"target\":[\"https:\/\/www.leili-motor.net\/es\/motor-de-cc-sin-escobillas-con-rotor-interno-de-60-mm.html\"]}]},{\"@type\":\"ImageObject\",\"inLanguage\":\"es\",\"@id\":\"https:\/\/www.leili-motor.net\/es\/motor-de-cc-sin-escobillas-con-rotor-interno-de-60-mm.html#primaryimage\",\"url\":\"https:\/\/www.leili-motor.net\/wp-content\/uploads\/2025\/03\/60mm-Inner-Rotor-Brushless-DC-Motor.webp\",\"contentUrl\":\"https:\/\/www.leili-motor.net\/wp-content\/uploads\/2025\/03\/60mm-Inner-Rotor-Brushless-DC-Motor.webp\",\"width\":454,\"height\":310,\"caption\":\"Motor de CC sin escobillas con rotor interno de 60 mm\"},{\"@type\":\"BreadcrumbList\",\"@id\":\"https:\/\/www.leili-motor.net\/es\/motor-de-cc-sin-escobillas-con-rotor-interno-de-60-mm.html#breadcrumb\",\"itemListElement\":[{\"@type\":\"ListItem\",\"position\":1,\"name\":\"Home\",\"item\":\"https:\/\/www.leili-motor.net\/es\/hogar\/\"},{\"@type\":\"ListItem\",\"position\":2,\"name\":\"Productos\",\"item\":\"https:\/\/www.leili-motor.net\/es\/productos\/\"},{\"@type\":\"ListItem\",\"position\":3,\"name\":\"Motor de CC sin Escobillas Con Rotor Interno de 60 mm\"}]},{\"@type\":\"WebSite\",\"@id\":\"https:\/\/www.leili-motor.net\/es\/#website\",\"url\":\"https:\/\/www.leili-motor.net\/es\/\",\"name\":\"Leili Motor\",\"description\":\"\",\"publisher\":{\"@id\":\"https:\/\/www.leili-motor.net\/es\/#organization\"},\"potentialAction\":[{\"@type\":\"SearchAction\",\"target\":{\"@type\":\"EntryPoint\",\"urlTemplate\":\"https:\/\/www.leili-motor.net\/es\/?s={search_term_string}\"},\"query-input\":{\"@type\":\"PropertyValueSpecification\",\"valueRequired\":true,\"valueName\":\"search_term_string\"}}],\"inLanguage\":\"es\"},{\"@type\":\"Organization\",\"@id\":\"https:\/\/www.leili-motor.net\/es\/#organization\",\"name\":\"Leili Motor\",\"url\":\"https:\/\/www.leili-motor.net\/es\/\",\"logo\":{\"@type\":\"ImageObject\",\"inLanguage\":\"es\",\"@id\":\"https:\/\/www.leili-motor.net\/es\/#\/schema\/logo\/image\/\",\"url\":\"https:\/\/www.leili-motor.net\/wp-content\/uploads\/2025\/03\/Leili-Motor.png\",\"contentUrl\":\"https:\/\/www.leili-motor.net\/wp-content\/uploads\/2025\/03\/Leili-Motor.png\",\"width\":600,\"height\":156,\"caption\":\"Leili Motor\"},\"image\":{\"@id\":\"https:\/\/www.leili-motor.net\/es\/#\/schema\/logo\/image\/\"}}]}<\/script>\n<!-- \/ Yoast SEO plugin. -->","yoast_head_json":{"title":"Motor de CC sin Escobillas Inrunner, Motor de CC sin Escobillas de Rotor Interno 60 mm &#8211; Leili Motor","description":"Motor BLDC de rotor interno de 60 mm con 48 VCC, 4 pares de polos, que proporciona un torque de hasta 0,75 Nm, una velocidad de 3000 RPM y un sistema magn\u00e9tico de NdFeB para mayor eficiencia.","robots":{"index":"index","follow":"follow","max-snippet":"max-snippet:-1","max-image-preview":"max-image-preview:large","max-video-preview":"max-video-preview:-1"},"canonical":"https:\/\/www.leili-motor.net\/es\/motor-de-cc-sin-escobillas-con-rotor-interno-de-60-mm.html","twitter_misc":{"Tiempo de lectura":"1 minuto"},"schema":{"@context":"https:\/\/schema.org","@graph":[{"@type":"WebPage","@id":"https:\/\/www.leili-motor.net\/es\/motor-de-cc-sin-escobillas-con-rotor-interno-de-60-mm.html","url":"https:\/\/www.leili-motor.net\/es\/motor-de-cc-sin-escobillas-con-rotor-interno-de-60-mm.html","name":"Motor de CC sin Escobillas Inrunner, Motor de CC sin Escobillas de Rotor Interno 60 mm &#8211; Leili Motor","isPartOf":{"@id":"https:\/\/www.leili-motor.net\/es\/#website"},"primaryImageOfPage":{"@id":"https:\/\/www.leili-motor.net\/es\/motor-de-cc-sin-escobillas-con-rotor-interno-de-60-mm.html#primaryimage"},"image":{"@id":"https:\/\/www.leili-motor.net\/es\/motor-de-cc-sin-escobillas-con-rotor-interno-de-60-mm.html#primaryimage"},"thumbnailUrl":"https:\/\/www.leili-motor.net\/wp-content\/uploads\/2025\/03\/60mm-Inner-Rotor-Brushless-DC-Motor.webp","datePublished":"2025-03-14T05:41:51+00:00","dateModified":"2025-04-23T08:55:34+00:00","description":"Motor BLDC de rotor interno de 60 mm con 48 VCC, 4 pares de polos, que proporciona un torque de hasta 0,75 Nm, una velocidad de 3000 RPM y un sistema magn\u00e9tico de NdFeB para mayor eficiencia.","breadcrumb":{"@id":"https:\/\/www.leili-motor.net\/es\/motor-de-cc-sin-escobillas-con-rotor-interno-de-60-mm.html#breadcrumb"},"inLanguage":"es","potentialAction":[{"@type":"ReadAction","target":["https:\/\/www.leili-motor.net\/es\/motor-de-cc-sin-escobillas-con-rotor-interno-de-60-mm.html"]}]},{"@type":"ImageObject","inLanguage":"es","@id":"https:\/\/www.leili-motor.net\/es\/motor-de-cc-sin-escobillas-con-rotor-interno-de-60-mm.html#primaryimage","url":"https:\/\/www.leili-motor.net\/wp-content\/uploads\/2025\/03\/60mm-Inner-Rotor-Brushless-DC-Motor.webp","contentUrl":"https:\/\/www.leili-motor.net\/wp-content\/uploads\/2025\/03\/60mm-Inner-Rotor-Brushless-DC-Motor.webp","width":454,"height":310,"caption":"Motor de CC sin escobillas con rotor interno de 60 mm"},{"@type":"BreadcrumbList","@id":"https:\/\/www.leili-motor.net\/es\/motor-de-cc-sin-escobillas-con-rotor-interno-de-60-mm.html#breadcrumb","itemListElement":[{"@type":"ListItem","position":1,"name":"Home","item":"https:\/\/www.leili-motor.net\/es\/hogar\/"},{"@type":"ListItem","position":2,"name":"Productos","item":"https:\/\/www.leili-motor.net\/es\/productos\/"},{"@type":"ListItem","position":3,"name":"Motor de CC sin Escobillas Con Rotor Interno de 60 mm"}]},{"@type":"WebSite","@id":"https:\/\/www.leili-motor.net\/es\/#website","url":"https:\/\/www.leili-motor.net\/es\/","name":"Leili Motor","description":"","publisher":{"@id":"https:\/\/www.leili-motor.net\/es\/#organization"},"potentialAction":[{"@type":"SearchAction","target":{"@type":"EntryPoint","urlTemplate":"https:\/\/www.leili-motor.net\/es\/?s={search_term_string}"},"query-input":{"@type":"PropertyValueSpecification","valueRequired":true,"valueName":"search_term_string"}}],"inLanguage":"es"},{"@type":"Organization","@id":"https:\/\/www.leili-motor.net\/es\/#organization","name":"Leili Motor","url":"https:\/\/www.leili-motor.net\/es\/","logo":{"@type":"ImageObject","inLanguage":"es","@id":"https:\/\/www.leili-motor.net\/es\/#\/schema\/logo\/image\/","url":"https:\/\/www.leili-motor.net\/wp-content\/uploads\/2025\/03\/Leili-Motor.png","contentUrl":"https:\/\/www.leili-motor.net\/wp-content\/uploads\/2025\/03\/Leili-Motor.png","width":600,"height":156,"caption":"Leili Motor"},"image":{"@id":"https:\/\/www.leili-motor.net\/es\/#\/schema\/logo\/image\/"}}]}},"_links":{"self":[{"href":"https:\/\/www.leili-motor.net\/es\/wp-json\/wp\/v2\/product\/6941","targetHints":{"allow":["GET"]}}],"collection":[{"href":"https:\/\/www.leili-motor.net\/es\/wp-json\/wp\/v2\/product"}],"about":[{"href":"https:\/\/www.leili-motor.net\/es\/wp-json\/wp\/v2\/types\/product"}],"replies":[{"embeddable":true,"href":"https:\/\/www.leili-motor.net\/es\/wp-json\/wp\/v2\/comments?post=6941"}],"wp:featuredmedia":[{"embeddable":true,"href":"https:\/\/www.leili-motor.net\/es\/wp-json\/wp\/v2\/media\/6279"}],"wp:attachment":[{"href":"https:\/\/www.leili-motor.net\/es\/wp-json\/wp\/v2\/media?parent=6941"}],"wp:term":[{"taxonomy":"product_brand","embeddable":true,"href":"https:\/\/www.leili-motor.net\/es\/wp-json\/wp\/v2\/product_brand?post=6941"},{"taxonomy":"product_cat","embeddable":true,"href":"https:\/\/www.leili-motor.net\/es\/wp-json\/wp\/v2\/product_cat?post=6941"},{"taxonomy":"product_tag","embeddable":true,"href":"https:\/\/www.leili-motor.net\/es\/wp-json\/wp\/v2\/product_tag?post=6941"}],"curies":[{"name":"wp","href":"https:\/\/api.w.org\/{rel}","templated":true}]}}