{"id":6952,"date":"2025-03-06T15:48:41","date_gmt":"2025-03-06T07:48:41","guid":{"rendered":"https:\/\/www.leili-motor.net\/motor-de-cerradura-de-puerta\/"},"modified":"2025-03-06T15:48:41","modified_gmt":"2025-03-06T07:48:41","slug":"motor-de-cerradura-de-puerta","status":"publish","type":"product","link":"https:\/\/www.leili-motor.net\/es\/motor-de-cerradura-de-puerta.html","title":{"rendered":"Motor de Cerradura de Puerta"},"content":{"rendered":"<h2>Par\u00e1metros del Producto<\/h2>\n<table>\n<tbody>\n<tr>\n<td>Tipo de motor<\/td>\n<td>Tensi\u00f3n nominal (V)<\/td>\n<td>Frecuencia<br \/>\n (Hz)<\/td>\n<td>Velocidad de rotaci\u00f3n (RPM)<\/td>\n<td>Clase de Aislamiento<\/td>\n<td>Horario de apertura y cierre<\/td>\n<td>Espaciado de orificios de montaje (mm)<\/td>\n<td> Vida \u00fatil<\/td>\n<\/tr>\n<tr>\n<td>DLA-3<\/td>\n<td>120<\/td>\n<td>60<\/td>\n<td>2<\/td>\n<td>N<\/td>\n<td>15\u00b10.5s<\/td>\n<td>60.3\u00b10.1<\/td>\n<td>A 200 \u00b0C, 6000 ciclos de funcionamiento continuo son normales.<\/td>\n<\/tr>\n<tr>\n<td>DLA-6<\/td>\n<td>120<\/td>\n<td>60<\/td>\n<td>2<\/td>\n<td>F<\/td>\n<td>15\u00b10.5s<\/td>\n<td>60.5\u00b10.15<\/td>\n<td>A 136 \u2103, la carga nominal, funcionamiento continuo de 1,46 millones de ciclos sin anomal\u00edas.<\/td>\n<\/tr>\n<\/tbody>\n<\/table>\n<h2>Dimensi\u00f3n mec\u00e1nica: mm<\/h2>\n<p><img fetchpriority=\"high\" decoding=\"async\" class=\"size-full wp-image-1043 aligncenter\" src=\"https:\/\/www.leili-motor.net\/wp-content\/uploads\/2025\/03\/Mechanical-Dimension-for-Door-Lock-Motor.webp\" alt=\"Dimensiones mec\u00e1nicas del motor de la cerradura de la puerta\" width=\"759\" height=\"484\" srcset=\"https:\/\/www.leili-motor.net\/wp-content\/uploads\/2025\/03\/Mechanical-Dimension-for-Door-Lock-Motor.webp 759w, https:\/\/www.leili-motor.net\/wp-content\/uploads\/2025\/03\/Mechanical-Dimension-for-Door-Lock-Motor-300x191.webp 300w, https:\/\/www.leili-motor.net\/wp-content\/uploads\/2025\/03\/Mechanical-Dimension-for-Door-Lock-Motor-600x383.webp 600w\" sizes=\"(max-width: 759px) 100vw, 759px\" \/><\/p>\n","protected":false},"excerpt":{"rendered":"<h3>Introducci\u00f3n Del Producto<\/h3>\n<ul>\n<li>Motor de cerradura de puerta<\/li>\n<li>Rendimiento el\u00e9ctrico: Clasificaci\u00f3n 120 V, frecuencia 60 Hz, velocidad de rotaci\u00f3n de 2 RPM, clase de aislamiento N (DLA-3) o F (DLA-6).<\/li>\n<li>Caracter\u00edsticas mec\u00e1nicas: Tiempo de apertura y cierre 15\u00b10,5 s, espaciado de orificios de montaje 60,3\u00b10,1 mm (DLA-3) o 60,5\u00b10,15 mm (DLA-6).<\/li>\n<li>Durabilidad y confiabilidad: DLA-3 funciona normalmente a 200 \u00b0C durante 6000 ciclos y DLA-6 soporta 1,46 millones de ciclos a 136 \u00b0C.<\/li>\n<\/ul>\n<h3>Aplicaci\u00f3n del producto<\/h3>\n<ul>\n<li>Electrodom\u00e9sticos: Horno, microondas<\/li>\n<\/ul>\n","protected":false},"featured_media":1040,"comment_status":"open","ping_status":"closed","template":"","meta":{"site-sidebar-layout":"default","site-content-layout":"","ast-site-content-layout":"default","site-content-style":"default","site-sidebar-style":"default","ast-global-header-display":"","ast-banner-title-visibility":"","ast-main-header-display":"","ast-hfb-above-header-display":"","ast-hfb-below-header-display":"","ast-hfb-mobile-header-display":"","site-post-title":"","ast-breadcrumbs-content":"","ast-featured-img":"","footer-sml-layout":"","theme-transparent-header-meta":"default","adv-header-id-meta":"","stick-header-meta":"","header-above-stick-meta":"","header-main-stick-meta":"","header-below-stick-meta":"","astra-migrate-meta-layouts":"default","ast-page-background-enabled":"default","ast-page-background-meta":{"desktop":{"background-color":"var(--ast-global-color-5)","background-image":"","background-repeat":"repeat","background-position":"center center","background-size":"auto","background-attachment":"scroll","background-type":"","background-media":"","overlay-type":"","overlay-color":"","overlay-opacity":"","overlay-gradient":""},"tablet":{"background-color":"","background-image":"","background-repeat":"repeat","background-position":"center center","background-size":"auto","background-attachment":"scroll","background-type":"","background-media":"","overlay-type":"","overlay-color":"","overlay-opacity":"","overlay-gradient":""},"mobile":{"background-color":"","background-image":"","background-repeat":"repeat","background-position":"center center","background-size":"auto","background-attachment":"scroll","background-type":"","background-media":"","overlay-type":"","overlay-color":"","overlay-opacity":"","overlay-gradient":""}},"ast-content-background-meta":{"desktop":{"background-color":"var(--ast-global-color-4)","background-image":"","background-repeat":"repeat","background-position":"center center","background-size":"auto","background-attachment":"scroll","background-type":"","background-media":"","overlay-type":"","overlay-color":"","overlay-opacity":"","overlay-gradient":""},"tablet":{"background-color":"var(--ast-global-color-4)","background-image":"","background-repeat":"repeat","background-position":"center center","background-size":"auto","background-attachment":"scroll","background-type":"","background-media":"","overlay-type":"","overlay-color":"","overlay-opacity":"","overlay-gradient":""},"mobile":{"background-color":"var(--ast-global-color-4)","background-image":"","background-repeat":"repeat","background-position":"center center","background-size":"auto","background-attachment":"scroll","background-type":"","background-media":"","overlay-type":"","overlay-color":"","overlay-opacity":"","overlay-gradient":""}}},"product_brand":[],"product_cat":[520,521],"product_tag":[522],"class_list":{"0":"post-6952","1":"product","2":"type-product","3":"status-publish","4":"has-post-thumbnail","6":"product_cat-componentes","7":"product_cat-componentes-del-electrodomesticos","8":"product_tag-electrodomesticos-otros-partes","9":"pa_application-electrodomestico","10":"desktop-align-left","11":"tablet-align-left","12":"mobile-align-left","14":"first","15":"instock","16":"shipping-taxable","17":"product-type-simple"},"yoast_head":"<!-- This site is optimized with the Yoast SEO plugin v27.2 - https:\/\/yoast.com\/product\/yoast-seo-wordpress\/ -->\n<title>Motor de Cerradura de Puerta &#8211; Leili Motor<\/title>\n<meta name=\"description\" content=\"Nuestro motor de cerradura de puerta, con clasificaci\u00f3n de 120 V, 60 Hz, con durabilidad de 200 \u00b0C\/136 \u00b0C, se usa ampliamente en hornos y microondas.\" \/>\n<meta name=\"robots\" content=\"index, follow, max-snippet:-1, max-image-preview:large, max-video-preview:-1\" \/>\n<link rel=\"canonical\" href=\"https:\/\/www.leili-motor.net\/es\/motor-de-cerradura-de-puerta.html\" \/>\n<script type=\"application\/ld+json\" class=\"yoast-schema-graph\">{\"@context\":\"https:\/\/schema.org\",\"@graph\":[{\"@type\":\"WebPage\",\"@id\":\"https:\/\/www.leili-motor.net\/es\/motor-de-cerradura-de-puerta.html\",\"url\":\"https:\/\/www.leili-motor.net\/es\/motor-de-cerradura-de-puerta.html\",\"name\":\"Motor de Cerradura de Puerta &#8211; Leili Motor\",\"isPartOf\":{\"@id\":\"https:\/\/www.leili-motor.net\/es\/#website\"},\"primaryImageOfPage\":{\"@id\":\"https:\/\/www.leili-motor.net\/es\/motor-de-cerradura-de-puerta.html#primaryimage\"},\"image\":{\"@id\":\"https:\/\/www.leili-motor.net\/es\/motor-de-cerradura-de-puerta.html#primaryimage\"},\"thumbnailUrl\":\"https:\/\/www.leili-motor.net\/wp-content\/uploads\/2025\/03\/Door-Lock-Motor.webp\",\"datePublished\":\"2025-03-06T07:48:41+00:00\",\"description\":\"Nuestro motor de cerradura de puerta, con clasificaci\u00f3n de 120 V, 60 Hz, con durabilidad de 200 \u00b0C\/136 \u00b0C, se usa ampliamente en hornos y microondas.\",\"breadcrumb\":{\"@id\":\"https:\/\/www.leili-motor.net\/es\/motor-de-cerradura-de-puerta.html#breadcrumb\"},\"inLanguage\":\"es\",\"potentialAction\":[{\"@type\":\"ReadAction\",\"target\":[\"https:\/\/www.leili-motor.net\/es\/motor-de-cerradura-de-puerta.html\"]}]},{\"@type\":\"ImageObject\",\"inLanguage\":\"es\",\"@id\":\"https:\/\/www.leili-motor.net\/es\/motor-de-cerradura-de-puerta.html#primaryimage\",\"url\":\"https:\/\/www.leili-motor.net\/wp-content\/uploads\/2025\/03\/Door-Lock-Motor.webp\",\"contentUrl\":\"https:\/\/www.leili-motor.net\/wp-content\/uploads\/2025\/03\/Door-Lock-Motor.webp\",\"width\":454,\"height\":310,\"caption\":\"Door Lock Motor\"},{\"@type\":\"BreadcrumbList\",\"@id\":\"https:\/\/www.leili-motor.net\/es\/motor-de-cerradura-de-puerta.html#breadcrumb\",\"itemListElement\":[{\"@type\":\"ListItem\",\"position\":1,\"name\":\"Home\",\"item\":\"https:\/\/www.leili-motor.net\/es\/hogar\/\"},{\"@type\":\"ListItem\",\"position\":2,\"name\":\"Productos\",\"item\":\"https:\/\/www.leili-motor.net\/es\/productos\/\"},{\"@type\":\"ListItem\",\"position\":3,\"name\":\"Motor de Cerradura de Puerta\"}]},{\"@type\":\"WebSite\",\"@id\":\"https:\/\/www.leili-motor.net\/es\/#website\",\"url\":\"https:\/\/www.leili-motor.net\/es\/\",\"name\":\"Leili Motor\",\"description\":\"\",\"publisher\":{\"@id\":\"https:\/\/www.leili-motor.net\/es\/#organization\"},\"potentialAction\":[{\"@type\":\"SearchAction\",\"target\":{\"@type\":\"EntryPoint\",\"urlTemplate\":\"https:\/\/www.leili-motor.net\/es\/?s={search_term_string}\"},\"query-input\":{\"@type\":\"PropertyValueSpecification\",\"valueRequired\":true,\"valueName\":\"search_term_string\"}}],\"inLanguage\":\"es\"},{\"@type\":\"Organization\",\"@id\":\"https:\/\/www.leili-motor.net\/es\/#organization\",\"name\":\"Leili Motor\",\"url\":\"https:\/\/www.leili-motor.net\/es\/\",\"logo\":{\"@type\":\"ImageObject\",\"inLanguage\":\"es\",\"@id\":\"https:\/\/www.leili-motor.net\/es\/#\/schema\/logo\/image\/\",\"url\":\"https:\/\/www.leili-motor.net\/wp-content\/uploads\/2025\/03\/Leili-Motor.png\",\"contentUrl\":\"https:\/\/www.leili-motor.net\/wp-content\/uploads\/2025\/03\/Leili-Motor.png\",\"width\":600,\"height\":156,\"caption\":\"Leili Motor\"},\"image\":{\"@id\":\"https:\/\/www.leili-motor.net\/es\/#\/schema\/logo\/image\/\"}}]}<\/script>\n<!-- \/ Yoast SEO plugin. -->","yoast_head_json":{"title":"Motor de Cerradura de Puerta &#8211; Leili Motor","description":"Nuestro motor de cerradura de puerta, con clasificaci\u00f3n de 120 V, 60 Hz, con durabilidad de 200 \u00b0C\/136 \u00b0C, se usa ampliamente en hornos y microondas.","robots":{"index":"index","follow":"follow","max-snippet":"max-snippet:-1","max-image-preview":"max-image-preview:large","max-video-preview":"max-video-preview:-1"},"canonical":"https:\/\/www.leili-motor.net\/es\/motor-de-cerradura-de-puerta.html","schema":{"@context":"https:\/\/schema.org","@graph":[{"@type":"WebPage","@id":"https:\/\/www.leili-motor.net\/es\/motor-de-cerradura-de-puerta.html","url":"https:\/\/www.leili-motor.net\/es\/motor-de-cerradura-de-puerta.html","name":"Motor de Cerradura de Puerta &#8211; Leili Motor","isPartOf":{"@id":"https:\/\/www.leili-motor.net\/es\/#website"},"primaryImageOfPage":{"@id":"https:\/\/www.leili-motor.net\/es\/motor-de-cerradura-de-puerta.html#primaryimage"},"image":{"@id":"https:\/\/www.leili-motor.net\/es\/motor-de-cerradura-de-puerta.html#primaryimage"},"thumbnailUrl":"https:\/\/www.leili-motor.net\/wp-content\/uploads\/2025\/03\/Door-Lock-Motor.webp","datePublished":"2025-03-06T07:48:41+00:00","description":"Nuestro motor de cerradura de puerta, con clasificaci\u00f3n de 120 V, 60 Hz, con durabilidad de 200 \u00b0C\/136 \u00b0C, se usa ampliamente en hornos y microondas.","breadcrumb":{"@id":"https:\/\/www.leili-motor.net\/es\/motor-de-cerradura-de-puerta.html#breadcrumb"},"inLanguage":"es","potentialAction":[{"@type":"ReadAction","target":["https:\/\/www.leili-motor.net\/es\/motor-de-cerradura-de-puerta.html"]}]},{"@type":"ImageObject","inLanguage":"es","@id":"https:\/\/www.leili-motor.net\/es\/motor-de-cerradura-de-puerta.html#primaryimage","url":"https:\/\/www.leili-motor.net\/wp-content\/uploads\/2025\/03\/Door-Lock-Motor.webp","contentUrl":"https:\/\/www.leili-motor.net\/wp-content\/uploads\/2025\/03\/Door-Lock-Motor.webp","width":454,"height":310,"caption":"Door Lock Motor"},{"@type":"BreadcrumbList","@id":"https:\/\/www.leili-motor.net\/es\/motor-de-cerradura-de-puerta.html#breadcrumb","itemListElement":[{"@type":"ListItem","position":1,"name":"Home","item":"https:\/\/www.leili-motor.net\/es\/hogar\/"},{"@type":"ListItem","position":2,"name":"Productos","item":"https:\/\/www.leili-motor.net\/es\/productos\/"},{"@type":"ListItem","position":3,"name":"Motor de Cerradura de Puerta"}]},{"@type":"WebSite","@id":"https:\/\/www.leili-motor.net\/es\/#website","url":"https:\/\/www.leili-motor.net\/es\/","name":"Leili Motor","description":"","publisher":{"@id":"https:\/\/www.leili-motor.net\/es\/#organization"},"potentialAction":[{"@type":"SearchAction","target":{"@type":"EntryPoint","urlTemplate":"https:\/\/www.leili-motor.net\/es\/?s={search_term_string}"},"query-input":{"@type":"PropertyValueSpecification","valueRequired":true,"valueName":"search_term_string"}}],"inLanguage":"es"},{"@type":"Organization","@id":"https:\/\/www.leili-motor.net\/es\/#organization","name":"Leili Motor","url":"https:\/\/www.leili-motor.net\/es\/","logo":{"@type":"ImageObject","inLanguage":"es","@id":"https:\/\/www.leili-motor.net\/es\/#\/schema\/logo\/image\/","url":"https:\/\/www.leili-motor.net\/wp-content\/uploads\/2025\/03\/Leili-Motor.png","contentUrl":"https:\/\/www.leili-motor.net\/wp-content\/uploads\/2025\/03\/Leili-Motor.png","width":600,"height":156,"caption":"Leili Motor"},"image":{"@id":"https:\/\/www.leili-motor.net\/es\/#\/schema\/logo\/image\/"}}]}},"_links":{"self":[{"href":"https:\/\/www.leili-motor.net\/es\/wp-json\/wp\/v2\/product\/6952","targetHints":{"allow":["GET"]}}],"collection":[{"href":"https:\/\/www.leili-motor.net\/es\/wp-json\/wp\/v2\/product"}],"about":[{"href":"https:\/\/www.leili-motor.net\/es\/wp-json\/wp\/v2\/types\/product"}],"replies":[{"embeddable":true,"href":"https:\/\/www.leili-motor.net\/es\/wp-json\/wp\/v2\/comments?post=6952"}],"wp:featuredmedia":[{"embeddable":true,"href":"https:\/\/www.leili-motor.net\/es\/wp-json\/wp\/v2\/media\/1040"}],"wp:attachment":[{"href":"https:\/\/www.leili-motor.net\/es\/wp-json\/wp\/v2\/media?parent=6952"}],"wp:term":[{"taxonomy":"product_brand","embeddable":true,"href":"https:\/\/www.leili-motor.net\/es\/wp-json\/wp\/v2\/product_brand?post=6952"},{"taxonomy":"product_cat","embeddable":true,"href":"https:\/\/www.leili-motor.net\/es\/wp-json\/wp\/v2\/product_cat?post=6952"},{"taxonomy":"product_tag","embeddable":true,"href":"https:\/\/www.leili-motor.net\/es\/wp-json\/wp\/v2\/product_tag?post=6952"}],"curies":[{"name":"wp","href":"https:\/\/api.w.org\/{rel}","templated":true}]}}