{"id":6964,"date":"2025-03-17T11:16:24","date_gmt":"2025-03-17T03:16:24","guid":{"rendered":"https:\/\/www.leili-motor.net\/motor-de-cc-sin-escobillas-de-rotor-externo-b11030\/"},"modified":"2025-03-17T11:16:24","modified_gmt":"2025-03-17T03:16:24","slug":"motor-de-cc-sin-escobillas-de-rotor-externo-b11030","status":"publish","type":"product","link":"https:\/\/www.leili-motor.net\/es\/motor-de-cc-sin-escobillas-de-rotor-externo-b11030.html","title":{"rendered":"Motor de CC sin Escobillas de Rotor Externo B11030"},"content":{"rendered":"<h2>Par\u00e1metros del Producto<\/h2>\n<table>\n<tbody>\n<tr>\n<td>Modelo<\/td>\n<td>Voltaje Nominal<\/td>\n<td>Velocidad sin carga<\/td>\n<td>Corriente sin carga<\/td>\n<td>Velocidad nominal<\/td>\n<td>Potencia nominal<\/td>\n<td>Max. Poder<\/td>\n<td>Vida<\/td>\n<\/tr>\n<tr>\n<td>B11030<\/td>\n<td>48 V CC<\/td>\n<td>500 rpm \u00b1 10 %<\/td>\n<td>2.0A Max<\/td>\n<td>400rpm \u00b1 10%<\/td>\n<td>750W<\/td>\n<td>1400W<\/td>\n<td>\uff1e 1500h<\/td>\n<\/tr>\n<\/tbody>\n<\/table>\n<h2>Dimensiones mec\u00e1nicas: mm<\/h2>\n<p><img fetchpriority=\"high\" decoding=\"async\" class=\"size-full wp-image-3486 aligncenter\" src=\"https:\/\/www.leili-motor.net\/wp-content\/uploads\/2025\/03\/B11030-Outer-Rotor-Brushless-DC-Motor-Dimensions.webp\" alt=\"Dimensiones del motor de CC sin escobillas de rotor externo B11030\" width=\"759\" height=\"663\" srcset=\"https:\/\/www.leili-motor.net\/wp-content\/uploads\/2025\/03\/B11030-Outer-Rotor-Brushless-DC-Motor-Dimensions.webp 759w, https:\/\/www.leili-motor.net\/wp-content\/uploads\/2025\/03\/B11030-Outer-Rotor-Brushless-DC-Motor-Dimensions-300x262.webp 300w, https:\/\/www.leili-motor.net\/wp-content\/uploads\/2025\/03\/B11030-Outer-Rotor-Brushless-DC-Motor-Dimensions-600x524.webp 600w\" sizes=\"(max-width: 759px) 100vw, 759px\" \/><\/p>\n","protected":false},"excerpt":{"rendered":"<h3>Introducci\u00f3n Del Producto<\/h3>\n<ul>\n<li>Motor de CC sin escobillas B11030<\/li>\n<li>Potencia nominal de 750 W y potencia m\u00e1xima de 1400 W para una salida confiable.<\/li>\n<li>Dise\u00f1ado para m\u00e1s de 1500 horas de uso con una velocidad sin carga de 500 rpm.<\/li>\n<\/ul>\n<h3>Aplicaci\u00f3n del producto<\/h3>\n<ul>\n<li>bicicleta el\u00e9ctrica<\/li>\n<\/ul>\n","protected":false},"featured_media":3487,"comment_status":"open","ping_status":"closed","template":"","meta":{"site-sidebar-layout":"default","site-content-layout":"","ast-site-content-layout":"default","site-content-style":"default","site-sidebar-style":"default","ast-global-header-display":"","ast-banner-title-visibility":"","ast-main-header-display":"","ast-hfb-above-header-display":"","ast-hfb-below-header-display":"","ast-hfb-mobile-header-display":"","site-post-title":"","ast-breadcrumbs-content":"","ast-featured-img":"","footer-sml-layout":"","theme-transparent-header-meta":"default","adv-header-id-meta":"","stick-header-meta":"","header-above-stick-meta":"","header-main-stick-meta":"","header-below-stick-meta":"","astra-migrate-meta-layouts":"default","ast-page-background-enabled":"default","ast-page-background-meta":{"desktop":{"background-color":"var(--ast-global-color-5)","background-image":"","background-repeat":"repeat","background-position":"center center","background-size":"auto","background-attachment":"scroll","background-type":"","background-media":"","overlay-type":"","overlay-color":"","overlay-opacity":"","overlay-gradient":""},"tablet":{"background-color":"","background-image":"","background-repeat":"repeat","background-position":"center center","background-size":"auto","background-attachment":"scroll","background-type":"","background-media":"","overlay-type":"","overlay-color":"","overlay-opacity":"","overlay-gradient":""},"mobile":{"background-color":"","background-image":"","background-repeat":"repeat","background-position":"center center","background-size":"auto","background-attachment":"scroll","background-type":"","background-media":"","overlay-type":"","overlay-color":"","overlay-opacity":"","overlay-gradient":""}},"ast-content-background-meta":{"desktop":{"background-color":"var(--ast-global-color-4)","background-image":"","background-repeat":"repeat","background-position":"center center","background-size":"auto","background-attachment":"scroll","background-type":"","background-media":"","overlay-type":"","overlay-color":"","overlay-opacity":"","overlay-gradient":""},"tablet":{"background-color":"var(--ast-global-color-4)","background-image":"","background-repeat":"repeat","background-position":"center center","background-size":"auto","background-attachment":"scroll","background-type":"","background-media":"","overlay-type":"","overlay-color":"","overlay-opacity":"","overlay-gradient":""},"mobile":{"background-color":"var(--ast-global-color-4)","background-image":"","background-repeat":"repeat","background-position":"center center","background-size":"auto","background-attachment":"scroll","background-type":"","background-media":"","overlay-type":"","overlay-color":"","overlay-opacity":"","overlay-gradient":""}}},"product_brand":[],"product_cat":[663,718],"product_tag":[714],"class_list":{"0":"post-6964","1":"product","2":"type-product","3":"status-publish","4":"has-post-thumbnail","6":"product_cat-categoria-de-motor-sin-escobillas-de-cc","7":"product_cat-motores-sin-escobillas-de-rotor-exterior","8":"product_tag-robot-motor-sin-escobillas-de-cc","9":"pa_application-industria","10":"desktop-align-left","11":"tablet-align-left","12":"mobile-align-left","14":"first","15":"instock","16":"shipping-taxable","17":"product-type-simple"},"yoast_head":"<!-- This site is optimized with the Yoast SEO plugin v27.2 - https:\/\/yoast.com\/product\/yoast-seo-wordpress\/ -->\n<title>Motor de CC sin Escobillas Outrunner, Motor de CC sin Escobillas de Rotor Externo B11030 &#8211; Leili Motor<\/title>\n<meta name=\"description\" content=\"El motor BLDC B11030 Outrunner funciona a 48 V CC, con una potencia nominal de 750 W, una potencia m\u00e1xima de 1400 W y una vida \u00fatil de m\u00e1s de 1500 horas.\" \/>\n<meta name=\"robots\" content=\"index, follow, max-snippet:-1, max-image-preview:large, max-video-preview:-1\" \/>\n<link rel=\"canonical\" href=\"https:\/\/www.leili-motor.net\/es\/motor-de-cc-sin-escobillas-de-rotor-externo-b11030.html\" \/>\n<script type=\"application\/ld+json\" class=\"yoast-schema-graph\">{\"@context\":\"https:\/\/schema.org\",\"@graph\":[{\"@type\":\"WebPage\",\"@id\":\"https:\/\/www.leili-motor.net\/es\/motor-de-cc-sin-escobillas-de-rotor-externo-b11030.html\",\"url\":\"https:\/\/www.leili-motor.net\/es\/motor-de-cc-sin-escobillas-de-rotor-externo-b11030.html\",\"name\":\"Motor de CC sin Escobillas Outrunner, Motor de CC sin Escobillas de Rotor Externo B11030 &#8211; Leili Motor\",\"isPartOf\":{\"@id\":\"https:\/\/www.leili-motor.net\/es\/#website\"},\"primaryImageOfPage\":{\"@id\":\"https:\/\/www.leili-motor.net\/es\/motor-de-cc-sin-escobillas-de-rotor-externo-b11030.html#primaryimage\"},\"image\":{\"@id\":\"https:\/\/www.leili-motor.net\/es\/motor-de-cc-sin-escobillas-de-rotor-externo-b11030.html#primaryimage\"},\"thumbnailUrl\":\"https:\/\/www.leili-motor.net\/wp-content\/uploads\/2025\/03\/B11030-Outer-Rotor-Brushless-DC-Motor.webp\",\"datePublished\":\"2025-03-17T03:16:24+00:00\",\"description\":\"El motor BLDC B11030 Outrunner funciona a 48 V CC, con una potencia nominal de 750 W, una potencia m\u00e1xima de 1400 W y una vida \u00fatil de m\u00e1s de 1500 horas.\",\"breadcrumb\":{\"@id\":\"https:\/\/www.leili-motor.net\/es\/motor-de-cc-sin-escobillas-de-rotor-externo-b11030.html#breadcrumb\"},\"inLanguage\":\"es\",\"potentialAction\":[{\"@type\":\"ReadAction\",\"target\":[\"https:\/\/www.leili-motor.net\/es\/motor-de-cc-sin-escobillas-de-rotor-externo-b11030.html\"]}]},{\"@type\":\"ImageObject\",\"inLanguage\":\"es\",\"@id\":\"https:\/\/www.leili-motor.net\/es\/motor-de-cc-sin-escobillas-de-rotor-externo-b11030.html#primaryimage\",\"url\":\"https:\/\/www.leili-motor.net\/wp-content\/uploads\/2025\/03\/B11030-Outer-Rotor-Brushless-DC-Motor.webp\",\"contentUrl\":\"https:\/\/www.leili-motor.net\/wp-content\/uploads\/2025\/03\/B11030-Outer-Rotor-Brushless-DC-Motor.webp\",\"width\":454,\"height\":310,\"caption\":\"B11030 Outer Rotor Brushless DC Motor\"},{\"@type\":\"BreadcrumbList\",\"@id\":\"https:\/\/www.leili-motor.net\/es\/motor-de-cc-sin-escobillas-de-rotor-externo-b11030.html#breadcrumb\",\"itemListElement\":[{\"@type\":\"ListItem\",\"position\":1,\"name\":\"Home\",\"item\":\"https:\/\/www.leili-motor.net\/es\/hogar\/\"},{\"@type\":\"ListItem\",\"position\":2,\"name\":\"Productos\",\"item\":\"https:\/\/www.leili-motor.net\/es\/productos\/\"},{\"@type\":\"ListItem\",\"position\":3,\"name\":\"Motor de CC sin Escobillas de Rotor Externo B11030\"}]},{\"@type\":\"WebSite\",\"@id\":\"https:\/\/www.leili-motor.net\/es\/#website\",\"url\":\"https:\/\/www.leili-motor.net\/es\/\",\"name\":\"Leili Motor\",\"description\":\"\",\"publisher\":{\"@id\":\"https:\/\/www.leili-motor.net\/es\/#organization\"},\"potentialAction\":[{\"@type\":\"SearchAction\",\"target\":{\"@type\":\"EntryPoint\",\"urlTemplate\":\"https:\/\/www.leili-motor.net\/es\/?s={search_term_string}\"},\"query-input\":{\"@type\":\"PropertyValueSpecification\",\"valueRequired\":true,\"valueName\":\"search_term_string\"}}],\"inLanguage\":\"es\"},{\"@type\":\"Organization\",\"@id\":\"https:\/\/www.leili-motor.net\/es\/#organization\",\"name\":\"Leili Motor\",\"url\":\"https:\/\/www.leili-motor.net\/es\/\",\"logo\":{\"@type\":\"ImageObject\",\"inLanguage\":\"es\",\"@id\":\"https:\/\/www.leili-motor.net\/es\/#\/schema\/logo\/image\/\",\"url\":\"https:\/\/www.leili-motor.net\/wp-content\/uploads\/2025\/03\/Leili-Motor.png\",\"contentUrl\":\"https:\/\/www.leili-motor.net\/wp-content\/uploads\/2025\/03\/Leili-Motor.png\",\"width\":600,\"height\":156,\"caption\":\"Leili Motor\"},\"image\":{\"@id\":\"https:\/\/www.leili-motor.net\/es\/#\/schema\/logo\/image\/\"}}]}<\/script>\n<!-- \/ Yoast SEO plugin. -->","yoast_head_json":{"title":"Motor de CC sin Escobillas Outrunner, Motor de CC sin Escobillas de Rotor Externo B11030 &#8211; Leili Motor","description":"El motor BLDC B11030 Outrunner funciona a 48 V CC, con una potencia nominal de 750 W, una potencia m\u00e1xima de 1400 W y una vida \u00fatil de m\u00e1s de 1500 horas.","robots":{"index":"index","follow":"follow","max-snippet":"max-snippet:-1","max-image-preview":"max-image-preview:large","max-video-preview":"max-video-preview:-1"},"canonical":"https:\/\/www.leili-motor.net\/es\/motor-de-cc-sin-escobillas-de-rotor-externo-b11030.html","schema":{"@context":"https:\/\/schema.org","@graph":[{"@type":"WebPage","@id":"https:\/\/www.leili-motor.net\/es\/motor-de-cc-sin-escobillas-de-rotor-externo-b11030.html","url":"https:\/\/www.leili-motor.net\/es\/motor-de-cc-sin-escobillas-de-rotor-externo-b11030.html","name":"Motor de CC sin Escobillas Outrunner, Motor de CC sin Escobillas de Rotor Externo B11030 &#8211; Leili Motor","isPartOf":{"@id":"https:\/\/www.leili-motor.net\/es\/#website"},"primaryImageOfPage":{"@id":"https:\/\/www.leili-motor.net\/es\/motor-de-cc-sin-escobillas-de-rotor-externo-b11030.html#primaryimage"},"image":{"@id":"https:\/\/www.leili-motor.net\/es\/motor-de-cc-sin-escobillas-de-rotor-externo-b11030.html#primaryimage"},"thumbnailUrl":"https:\/\/www.leili-motor.net\/wp-content\/uploads\/2025\/03\/B11030-Outer-Rotor-Brushless-DC-Motor.webp","datePublished":"2025-03-17T03:16:24+00:00","description":"El motor BLDC B11030 Outrunner funciona a 48 V CC, con una potencia nominal de 750 W, una potencia m\u00e1xima de 1400 W y una vida \u00fatil de m\u00e1s de 1500 horas.","breadcrumb":{"@id":"https:\/\/www.leili-motor.net\/es\/motor-de-cc-sin-escobillas-de-rotor-externo-b11030.html#breadcrumb"},"inLanguage":"es","potentialAction":[{"@type":"ReadAction","target":["https:\/\/www.leili-motor.net\/es\/motor-de-cc-sin-escobillas-de-rotor-externo-b11030.html"]}]},{"@type":"ImageObject","inLanguage":"es","@id":"https:\/\/www.leili-motor.net\/es\/motor-de-cc-sin-escobillas-de-rotor-externo-b11030.html#primaryimage","url":"https:\/\/www.leili-motor.net\/wp-content\/uploads\/2025\/03\/B11030-Outer-Rotor-Brushless-DC-Motor.webp","contentUrl":"https:\/\/www.leili-motor.net\/wp-content\/uploads\/2025\/03\/B11030-Outer-Rotor-Brushless-DC-Motor.webp","width":454,"height":310,"caption":"B11030 Outer Rotor Brushless DC Motor"},{"@type":"BreadcrumbList","@id":"https:\/\/www.leili-motor.net\/es\/motor-de-cc-sin-escobillas-de-rotor-externo-b11030.html#breadcrumb","itemListElement":[{"@type":"ListItem","position":1,"name":"Home","item":"https:\/\/www.leili-motor.net\/es\/hogar\/"},{"@type":"ListItem","position":2,"name":"Productos","item":"https:\/\/www.leili-motor.net\/es\/productos\/"},{"@type":"ListItem","position":3,"name":"Motor de CC sin Escobillas de Rotor Externo B11030"}]},{"@type":"WebSite","@id":"https:\/\/www.leili-motor.net\/es\/#website","url":"https:\/\/www.leili-motor.net\/es\/","name":"Leili Motor","description":"","publisher":{"@id":"https:\/\/www.leili-motor.net\/es\/#organization"},"potentialAction":[{"@type":"SearchAction","target":{"@type":"EntryPoint","urlTemplate":"https:\/\/www.leili-motor.net\/es\/?s={search_term_string}"},"query-input":{"@type":"PropertyValueSpecification","valueRequired":true,"valueName":"search_term_string"}}],"inLanguage":"es"},{"@type":"Organization","@id":"https:\/\/www.leili-motor.net\/es\/#organization","name":"Leili Motor","url":"https:\/\/www.leili-motor.net\/es\/","logo":{"@type":"ImageObject","inLanguage":"es","@id":"https:\/\/www.leili-motor.net\/es\/#\/schema\/logo\/image\/","url":"https:\/\/www.leili-motor.net\/wp-content\/uploads\/2025\/03\/Leili-Motor.png","contentUrl":"https:\/\/www.leili-motor.net\/wp-content\/uploads\/2025\/03\/Leili-Motor.png","width":600,"height":156,"caption":"Leili Motor"},"image":{"@id":"https:\/\/www.leili-motor.net\/es\/#\/schema\/logo\/image\/"}}]}},"_links":{"self":[{"href":"https:\/\/www.leili-motor.net\/es\/wp-json\/wp\/v2\/product\/6964","targetHints":{"allow":["GET"]}}],"collection":[{"href":"https:\/\/www.leili-motor.net\/es\/wp-json\/wp\/v2\/product"}],"about":[{"href":"https:\/\/www.leili-motor.net\/es\/wp-json\/wp\/v2\/types\/product"}],"replies":[{"embeddable":true,"href":"https:\/\/www.leili-motor.net\/es\/wp-json\/wp\/v2\/comments?post=6964"}],"wp:featuredmedia":[{"embeddable":true,"href":"https:\/\/www.leili-motor.net\/es\/wp-json\/wp\/v2\/media\/3487"}],"wp:attachment":[{"href":"https:\/\/www.leili-motor.net\/es\/wp-json\/wp\/v2\/media?parent=6964"}],"wp:term":[{"taxonomy":"product_brand","embeddable":true,"href":"https:\/\/www.leili-motor.net\/es\/wp-json\/wp\/v2\/product_brand?post=6964"},{"taxonomy":"product_cat","embeddable":true,"href":"https:\/\/www.leili-motor.net\/es\/wp-json\/wp\/v2\/product_cat?post=6964"},{"taxonomy":"product_tag","embeddable":true,"href":"https:\/\/www.leili-motor.net\/es\/wp-json\/wp\/v2\/product_tag?post=6964"}],"curies":[{"name":"wp","href":"https:\/\/api.w.org\/{rel}","templated":true}]}}