{"id":6970,"date":"2025-03-06T14:38:14","date_gmt":"2025-03-06T06:38:14","guid":{"rendered":"https:\/\/www.leili-motor.net\/motor-de-corriente-continua-con-engranaje-53zyj50\/"},"modified":"2025-03-06T14:38:14","modified_gmt":"2025-03-06T06:38:14","slug":"motor-de-corriente-continua-con-engranaje-53zyj50","status":"publish","type":"product","link":"https:\/\/www.leili-motor.net\/es\/motor-de-corriente-continua-con-engranaje-53zyj50.html","title":{"rendered":"Motor de Corriente Continua Con Engranaje 53ZYJ50"},"content":{"rendered":"<h2>Par\u00e1metros del Producto<\/h2>\n<table>\n<tbody>\n<tr>\n<td>Modelo<\/td>\n<td colspan=\"2\">Voltaje<\/td>\n<td colspan=\"2\">Sin Carga<\/td>\n<td colspan=\"6\">Con m\u00e1xima eficiencia<\/td>\n<td colspan=\"3\">Parar<\/td>\n<td rowspan=\"3\">Aislamiento<\/td>\n<\/tr>\n<tr>\n<td rowspan=\"2\"><\/td>\n<td rowspan=\"2\">Operante<\/td>\n<td rowspan=\"2\">Calificado<\/td>\n<td>Velocidad<\/td>\n<td>Actual<\/td>\n<td>Velocidad<\/td>\n<td>Actual<\/td>\n<td colspan=\"3\">Par<\/td>\n<td>Potencia<\/td>\n<td colspan=\"2\">Par<\/td>\n<td>Actual<\/td>\n<\/tr>\n<tr>\n<td>r\/min<\/td>\n<td>Un<\/td>\n<td>r\/min<\/td>\n<td>Un<\/td>\n<td colspan=\"2\">mN\u2022m<\/td>\n<td>g\u2022cm<\/td>\n<td>W<\/td>\n<td>mN\u2022m<\/td>\n<td>g\u2022cm<\/td>\n<td>Un<\/td>\n<\/tr>\n<tr>\n<td>53ZYJ50-1<\/td>\n<td>DC19.6-30V<\/td>\n<td>DC24.0V<\/td>\n<td>90<\/td>\n<td>0.75<\/td>\n<td>75<\/td>\n<td>4<\/td>\n<td>7<\/td>\n<td colspan=\"2\">71.4<\/td>\n<td>57<\/td>\n<td>60<\/td>\n<td>612<\/td>\n<td>25<\/td>\n<td rowspan=\"4\">&nbsp;<\/p>\n<p>&nbsp;<\/p>\n<p>H<\/td>\n<\/tr>\n<tr>\n<td>53ZYJ50-2<\/td>\n<td>DC19.6-30V<\/td>\n<td>DC24.0V<\/td>\n<td>33<\/td>\n<td>0.4<\/td>\n<td>27<\/td>\n<td>1.5<\/td>\n<td>5.2<\/td>\n<td colspan=\"2\">53<\/td>\n<td>15<\/td>\n<td>30<\/td>\n<td>306<\/td>\n<td>5.5<\/td>\n<\/tr>\n<tr>\n<td>53ZYJ50-4<\/td>\n<td>DC19.6-30V<\/td>\n<td>DC24.0V<\/td>\n<td>44<\/td>\n<td>0.5<\/td>\n<td>34<\/td>\n<td>2.5<\/td>\n<td>6.8<\/td>\n<td colspan=\"2\">69.3<\/td>\n<td>25<\/td>\n<td>40<\/td>\n<td>408<\/td>\n<td>7.5<\/td>\n<\/tr>\n<tr>\n<td>53ZYJ50-6<\/td>\n<td>DC19.6-30V<\/td>\n<td>DC24.0V<\/td>\n<td>52<\/td>\n<td>0.5<\/td>\n<td>43<\/td>\n<td>3.5<\/td>\n<td>6.5<\/td>\n<td colspan=\"2\">66.3<\/td>\n<td>30<\/td>\n<td>45<\/td>\n<td>459<\/td>\n<td>13<\/td>\n<\/tr>\n<\/tbody>\n<\/table>\n<h2>Dimensi\u00f3n mec\u00e1nica: mm<\/h2>\n<p><img fetchpriority=\"high\" decoding=\"async\" class=\"size-full wp-image-986 aligncenter\" src=\"https:\/\/www.leili-motor.net\/wp-content\/uploads\/2025\/03\/Mechanical-Dimension-for-53ZYJ50-DC-Brushed-Gear-Motor.webp\" alt=\"Dimensiones mec\u00e1nicas del motorreductor de CC con escobillas 53ZYJ50\" width=\"759\" height=\"447\" srcset=\"https:\/\/www.leili-motor.net\/wp-content\/uploads\/2025\/03\/Mechanical-Dimension-for-53ZYJ50-DC-Brushed-Gear-Motor.webp 759w, https:\/\/www.leili-motor.net\/wp-content\/uploads\/2025\/03\/Mechanical-Dimension-for-53ZYJ50-DC-Brushed-Gear-Motor-300x177.webp 300w, https:\/\/www.leili-motor.net\/wp-content\/uploads\/2025\/03\/Mechanical-Dimension-for-53ZYJ50-DC-Brushed-Gear-Motor-600x353.webp 600w\" sizes=\"(max-width: 759px) 100vw, 759px\" \/><\/p>\n","protected":false},"excerpt":{"rendered":"<h3>Introducci\u00f3n Del Producto<\/h3>\n<ul>\n<li>Tipos de modelos: 53ZYJ50-1, 53ZYJ50-2, 53ZYJ50-4, 53ZYJ50-6, que ofrecen varias opciones de torque y velocidad.<\/li>\n<li>Motorreductor de CC cepillado compacto dise\u00f1ado para control de movimiento de precisi\u00f3n en aplicaciones industriales y de automatizaci\u00f3n.<\/li>\n<li>La caja de cambios de alta eficiencia garantiza un rendimiento suave, una vida \u00fatil prolongada y una transmisi\u00f3n de torque confiable.<\/li>\n<\/ul>\n<h3>Aplicaci\u00f3n del producto<\/h3>\n<ul>\n<li>Motor de limpieza fotoel\u00e9ctrico solar<\/li>\n<\/ul>\n","protected":false},"featured_media":988,"comment_status":"open","ping_status":"closed","template":"","meta":{"site-sidebar-layout":"default","site-content-layout":"","ast-site-content-layout":"default","site-content-style":"default","site-sidebar-style":"default","ast-global-header-display":"","ast-banner-title-visibility":"","ast-main-header-display":"","ast-hfb-above-header-display":"","ast-hfb-below-header-display":"","ast-hfb-mobile-header-display":"","site-post-title":"","ast-breadcrumbs-content":"","ast-featured-img":"","footer-sml-layout":"","theme-transparent-header-meta":"default","adv-header-id-meta":"","stick-header-meta":"","header-above-stick-meta":"","header-main-stick-meta":"","header-below-stick-meta":"","astra-migrate-meta-layouts":"default","ast-page-background-enabled":"default","ast-page-background-meta":{"desktop":{"background-color":"var(--ast-global-color-5)","background-image":"","background-repeat":"repeat","background-position":"center center","background-size":"auto","background-attachment":"scroll","background-type":"","background-media":"","overlay-type":"","overlay-color":"","overlay-opacity":"","overlay-gradient":""},"tablet":{"background-color":"","background-image":"","background-repeat":"repeat","background-position":"center center","background-size":"auto","background-attachment":"scroll","background-type":"","background-media":"","overlay-type":"","overlay-color":"","overlay-opacity":"","overlay-gradient":""},"mobile":{"background-color":"","background-image":"","background-repeat":"repeat","background-position":"center center","background-size":"auto","background-attachment":"scroll","background-type":"","background-media":"","overlay-type":"","overlay-color":"","overlay-opacity":"","overlay-gradient":""}},"ast-content-background-meta":{"desktop":{"background-color":"var(--ast-global-color-4)","background-image":"","background-repeat":"repeat","background-position":"center center","background-size":"auto","background-attachment":"scroll","background-type":"","background-media":"","overlay-type":"","overlay-color":"","overlay-opacity":"","overlay-gradient":""},"tablet":{"background-color":"var(--ast-global-color-4)","background-image":"","background-repeat":"repeat","background-position":"center center","background-size":"auto","background-attachment":"scroll","background-type":"","background-media":"","overlay-type":"","overlay-color":"","overlay-opacity":"","overlay-gradient":""},"mobile":{"background-color":"var(--ast-global-color-4)","background-image":"","background-repeat":"repeat","background-position":"center center","background-size":"auto","background-attachment":"scroll","background-type":"","background-media":"","overlay-type":"","overlay-color":"","overlay-opacity":"","overlay-gradient":""}}},"product_brand":[],"product_cat":[705,706],"product_tag":[],"class_list":{"0":"post-6970","1":"product","2":"type-product","3":"status-publish","4":"has-post-thumbnail","6":"product_cat-categoria-de-motor-de-cc-con-escobillas","7":"product_cat-motores-de-corriente-continua-con-engranaje","8":"desktop-align-left","9":"tablet-align-left","10":"mobile-align-left","12":"first","13":"instock","14":"shipping-taxable","15":"product-type-simple"},"yoast_head":"<!-- This site is optimized with the Yoast SEO plugin v27.2 - https:\/\/yoast.com\/product\/yoast-seo-wordpress\/ -->\n<title>Motor de Corriente Continua Con Engranaje 53ZYJ50 &#8211; Leili Motor<\/title>\n<meta name=\"description\" content=\"El motorreductor cepillado de CC 53ZYJ50 presenta m\u00faltiples tipos de modelos, lo que garantiza un control de movimiento preciso, un rendimiento suave y un torque confiable para aplicaciones de limpieza fotoel\u00e9ctrica solar.\" \/>\n<meta name=\"robots\" content=\"index, follow, max-snippet:-1, max-image-preview:large, max-video-preview:-1\" \/>\n<link rel=\"canonical\" href=\"https:\/\/www.leili-motor.net\/es\/motor-de-corriente-continua-con-engranaje-53zyj50.html\" \/>\n<script type=\"application\/ld+json\" class=\"yoast-schema-graph\">{\"@context\":\"https:\/\/schema.org\",\"@graph\":[{\"@type\":\"WebPage\",\"@id\":\"https:\/\/www.leili-motor.net\/es\/motor-de-corriente-continua-con-engranaje-53zyj50.html\",\"url\":\"https:\/\/www.leili-motor.net\/es\/motor-de-corriente-continua-con-engranaje-53zyj50.html\",\"name\":\"Motor de Corriente Continua Con Engranaje 53ZYJ50 &#8211; Leili Motor\",\"isPartOf\":{\"@id\":\"https:\/\/www.leili-motor.net\/es\/#website\"},\"primaryImageOfPage\":{\"@id\":\"https:\/\/www.leili-motor.net\/es\/motor-de-corriente-continua-con-engranaje-53zyj50.html#primaryimage\"},\"image\":{\"@id\":\"https:\/\/www.leili-motor.net\/es\/motor-de-corriente-continua-con-engranaje-53zyj50.html#primaryimage\"},\"thumbnailUrl\":\"https:\/\/www.leili-motor.net\/wp-content\/uploads\/2025\/03\/53ZYJ50-DC-Brushed-Gear-Motor.webp\",\"datePublished\":\"2025-03-06T06:38:14+00:00\",\"description\":\"El motorreductor cepillado de CC 53ZYJ50 presenta m\u00faltiples tipos de modelos, lo que garantiza un control de movimiento preciso, un rendimiento suave y un torque confiable para aplicaciones de limpieza fotoel\u00e9ctrica solar.\",\"breadcrumb\":{\"@id\":\"https:\/\/www.leili-motor.net\/es\/motor-de-corriente-continua-con-engranaje-53zyj50.html#breadcrumb\"},\"inLanguage\":\"es\",\"potentialAction\":[{\"@type\":\"ReadAction\",\"target\":[\"https:\/\/www.leili-motor.net\/es\/motor-de-corriente-continua-con-engranaje-53zyj50.html\"]}]},{\"@type\":\"ImageObject\",\"inLanguage\":\"es\",\"@id\":\"https:\/\/www.leili-motor.net\/es\/motor-de-corriente-continua-con-engranaje-53zyj50.html#primaryimage\",\"url\":\"https:\/\/www.leili-motor.net\/wp-content\/uploads\/2025\/03\/53ZYJ50-DC-Brushed-Gear-Motor.webp\",\"contentUrl\":\"https:\/\/www.leili-motor.net\/wp-content\/uploads\/2025\/03\/53ZYJ50-DC-Brushed-Gear-Motor.webp\",\"width\":454,\"height\":310,\"caption\":\"53ZYJ50 DC Brushed Gear Motor\"},{\"@type\":\"BreadcrumbList\",\"@id\":\"https:\/\/www.leili-motor.net\/es\/motor-de-corriente-continua-con-engranaje-53zyj50.html#breadcrumb\",\"itemListElement\":[{\"@type\":\"ListItem\",\"position\":1,\"name\":\"Home\",\"item\":\"https:\/\/www.leili-motor.net\/es\/hogar\/\"},{\"@type\":\"ListItem\",\"position\":2,\"name\":\"Productos\",\"item\":\"https:\/\/www.leili-motor.net\/es\/productos\/\"},{\"@type\":\"ListItem\",\"position\":3,\"name\":\"Motor de Corriente Continua Con Engranaje 53ZYJ50\"}]},{\"@type\":\"WebSite\",\"@id\":\"https:\/\/www.leili-motor.net\/es\/#website\",\"url\":\"https:\/\/www.leili-motor.net\/es\/\",\"name\":\"Leili Motor\",\"description\":\"\",\"publisher\":{\"@id\":\"https:\/\/www.leili-motor.net\/es\/#organization\"},\"potentialAction\":[{\"@type\":\"SearchAction\",\"target\":{\"@type\":\"EntryPoint\",\"urlTemplate\":\"https:\/\/www.leili-motor.net\/es\/?s={search_term_string}\"},\"query-input\":{\"@type\":\"PropertyValueSpecification\",\"valueRequired\":true,\"valueName\":\"search_term_string\"}}],\"inLanguage\":\"es\"},{\"@type\":\"Organization\",\"@id\":\"https:\/\/www.leili-motor.net\/es\/#organization\",\"name\":\"Leili Motor\",\"url\":\"https:\/\/www.leili-motor.net\/es\/\",\"logo\":{\"@type\":\"ImageObject\",\"inLanguage\":\"es\",\"@id\":\"https:\/\/www.leili-motor.net\/es\/#\/schema\/logo\/image\/\",\"url\":\"https:\/\/www.leili-motor.net\/wp-content\/uploads\/2025\/03\/Leili-Motor.png\",\"contentUrl\":\"https:\/\/www.leili-motor.net\/wp-content\/uploads\/2025\/03\/Leili-Motor.png\",\"width\":600,\"height\":156,\"caption\":\"Leili Motor\"},\"image\":{\"@id\":\"https:\/\/www.leili-motor.net\/es\/#\/schema\/logo\/image\/\"}}]}<\/script>\n<!-- \/ Yoast SEO plugin. -->","yoast_head_json":{"title":"Motor de Corriente Continua Con Engranaje 53ZYJ50 &#8211; Leili Motor","description":"El motorreductor cepillado de CC 53ZYJ50 presenta m\u00faltiples tipos de modelos, lo que garantiza un control de movimiento preciso, un rendimiento suave y un torque confiable para aplicaciones de limpieza fotoel\u00e9ctrica solar.","robots":{"index":"index","follow":"follow","max-snippet":"max-snippet:-1","max-image-preview":"max-image-preview:large","max-video-preview":"max-video-preview:-1"},"canonical":"https:\/\/www.leili-motor.net\/es\/motor-de-corriente-continua-con-engranaje-53zyj50.html","schema":{"@context":"https:\/\/schema.org","@graph":[{"@type":"WebPage","@id":"https:\/\/www.leili-motor.net\/es\/motor-de-corriente-continua-con-engranaje-53zyj50.html","url":"https:\/\/www.leili-motor.net\/es\/motor-de-corriente-continua-con-engranaje-53zyj50.html","name":"Motor de Corriente Continua Con Engranaje 53ZYJ50 &#8211; Leili Motor","isPartOf":{"@id":"https:\/\/www.leili-motor.net\/es\/#website"},"primaryImageOfPage":{"@id":"https:\/\/www.leili-motor.net\/es\/motor-de-corriente-continua-con-engranaje-53zyj50.html#primaryimage"},"image":{"@id":"https:\/\/www.leili-motor.net\/es\/motor-de-corriente-continua-con-engranaje-53zyj50.html#primaryimage"},"thumbnailUrl":"https:\/\/www.leili-motor.net\/wp-content\/uploads\/2025\/03\/53ZYJ50-DC-Brushed-Gear-Motor.webp","datePublished":"2025-03-06T06:38:14+00:00","description":"El motorreductor cepillado de CC 53ZYJ50 presenta m\u00faltiples tipos de modelos, lo que garantiza un control de movimiento preciso, un rendimiento suave y un torque confiable para aplicaciones de limpieza fotoel\u00e9ctrica solar.","breadcrumb":{"@id":"https:\/\/www.leili-motor.net\/es\/motor-de-corriente-continua-con-engranaje-53zyj50.html#breadcrumb"},"inLanguage":"es","potentialAction":[{"@type":"ReadAction","target":["https:\/\/www.leili-motor.net\/es\/motor-de-corriente-continua-con-engranaje-53zyj50.html"]}]},{"@type":"ImageObject","inLanguage":"es","@id":"https:\/\/www.leili-motor.net\/es\/motor-de-corriente-continua-con-engranaje-53zyj50.html#primaryimage","url":"https:\/\/www.leili-motor.net\/wp-content\/uploads\/2025\/03\/53ZYJ50-DC-Brushed-Gear-Motor.webp","contentUrl":"https:\/\/www.leili-motor.net\/wp-content\/uploads\/2025\/03\/53ZYJ50-DC-Brushed-Gear-Motor.webp","width":454,"height":310,"caption":"53ZYJ50 DC Brushed Gear Motor"},{"@type":"BreadcrumbList","@id":"https:\/\/www.leili-motor.net\/es\/motor-de-corriente-continua-con-engranaje-53zyj50.html#breadcrumb","itemListElement":[{"@type":"ListItem","position":1,"name":"Home","item":"https:\/\/www.leili-motor.net\/es\/hogar\/"},{"@type":"ListItem","position":2,"name":"Productos","item":"https:\/\/www.leili-motor.net\/es\/productos\/"},{"@type":"ListItem","position":3,"name":"Motor de Corriente Continua Con Engranaje 53ZYJ50"}]},{"@type":"WebSite","@id":"https:\/\/www.leili-motor.net\/es\/#website","url":"https:\/\/www.leili-motor.net\/es\/","name":"Leili Motor","description":"","publisher":{"@id":"https:\/\/www.leili-motor.net\/es\/#organization"},"potentialAction":[{"@type":"SearchAction","target":{"@type":"EntryPoint","urlTemplate":"https:\/\/www.leili-motor.net\/es\/?s={search_term_string}"},"query-input":{"@type":"PropertyValueSpecification","valueRequired":true,"valueName":"search_term_string"}}],"inLanguage":"es"},{"@type":"Organization","@id":"https:\/\/www.leili-motor.net\/es\/#organization","name":"Leili Motor","url":"https:\/\/www.leili-motor.net\/es\/","logo":{"@type":"ImageObject","inLanguage":"es","@id":"https:\/\/www.leili-motor.net\/es\/#\/schema\/logo\/image\/","url":"https:\/\/www.leili-motor.net\/wp-content\/uploads\/2025\/03\/Leili-Motor.png","contentUrl":"https:\/\/www.leili-motor.net\/wp-content\/uploads\/2025\/03\/Leili-Motor.png","width":600,"height":156,"caption":"Leili Motor"},"image":{"@id":"https:\/\/www.leili-motor.net\/es\/#\/schema\/logo\/image\/"}}]}},"_links":{"self":[{"href":"https:\/\/www.leili-motor.net\/es\/wp-json\/wp\/v2\/product\/6970","targetHints":{"allow":["GET"]}}],"collection":[{"href":"https:\/\/www.leili-motor.net\/es\/wp-json\/wp\/v2\/product"}],"about":[{"href":"https:\/\/www.leili-motor.net\/es\/wp-json\/wp\/v2\/types\/product"}],"replies":[{"embeddable":true,"href":"https:\/\/www.leili-motor.net\/es\/wp-json\/wp\/v2\/comments?post=6970"}],"wp:featuredmedia":[{"embeddable":true,"href":"https:\/\/www.leili-motor.net\/es\/wp-json\/wp\/v2\/media\/988"}],"wp:attachment":[{"href":"https:\/\/www.leili-motor.net\/es\/wp-json\/wp\/v2\/media?parent=6970"}],"wp:term":[{"taxonomy":"product_brand","embeddable":true,"href":"https:\/\/www.leili-motor.net\/es\/wp-json\/wp\/v2\/product_brand?post=6970"},{"taxonomy":"product_cat","embeddable":true,"href":"https:\/\/www.leili-motor.net\/es\/wp-json\/wp\/v2\/product_cat?post=6970"},{"taxonomy":"product_tag","embeddable":true,"href":"https:\/\/www.leili-motor.net\/es\/wp-json\/wp\/v2\/product_tag?post=6970"}],"curies":[{"name":"wp","href":"https:\/\/api.w.org\/{rel}","templated":true}]}}