{"id":6975,"date":"2025-03-06T11:57:13","date_gmt":"2025-03-06T03:57:13","guid":{"rendered":"https:\/\/www.leili-motor.net\/motor-dc-micro-con-escobillas-fs-5710sh\/"},"modified":"2025-03-06T11:57:13","modified_gmt":"2025-03-06T03:57:13","slug":"motor-dc-micro-con-escobillas-fs-5710sh","status":"publish","type":"product","link":"https:\/\/www.leili-motor.net\/es\/motor-dc-micro-con-escobillas-fs-5710sh.html","title":{"rendered":"Motor DC Micro Con Escobillas FS-5710SH"},"content":{"rendered":"<h2>Par\u00e1metros del Producto<\/h2>\n<table>\n<tbody>\n<tr>\n<td>Modelo<\/td>\n<td colspan=\"2\">Vol<\/td>\n<td colspan=\"2\">Sin carga<\/td>\n<td colspan=\"5\">M\u00e1ximo<\/td>\n<td colspan=\"3\">Parar<\/td>\n<\/tr>\n<tr>\n<td><\/td>\n<td>Rango de trabajo<br \/>\n(V)<\/td>\n<td>Nominal<br \/>\n(V)<\/td>\n<td>Velocidad<br \/>\n(r\/min)<\/td>\n<td>Actual<br \/>\n(A)<\/td>\n<td>Velocidad<br \/>\n(r\/min)<\/td>\n<td>Actual<br \/>\n(A)<\/td>\n<td>Esfuerzo de torsi\u00f3n<br \/>\n(mN.m)<\/td>\n<td>Par<br \/>\n(g.cm)<\/td>\n<td>Potencia<br \/>\n de salida (W)<\/td>\n<td>Esfuerzo de torsi\u00f3n<br \/>\n(mN.m)<\/td>\n<td>Par<br \/>\n(g.cm)<\/td>\n<td>Actual<br \/>\n(A)<\/td>\n<\/tr>\n<tr>\n<td>FS-5710SH<\/td>\n<td>8-16.5<\/td>\n<td>12<\/td>\n<td>4500<\/td>\n<td>2<\/td>\n<td>3800<\/td>\n<td>2.5<\/td>\n<td>50<\/td>\n<td>510<\/td>\n<td>19<\/td>\n<td>234<\/td>\n<td>2387.8<\/td>\n<td>10.5<\/td>\n<\/tr>\n<\/tbody>\n<\/table>\n<h2>Dimensi\u00f3n mec\u00e1nica: mm<\/h2>\n<p><img fetchpriority=\"high\" decoding=\"async\" class=\"size-full wp-image-843 aligncenter\" src=\"https:\/\/www.leili-motor.net\/wp-content\/uploads\/2025\/03\/Mechanical-Dimension-for-FS-5710SH-Micro-DC-Brush-Motor.webp\" alt=\"Dimensiones mec\u00e1nicas del micromotor de escobillas de CC FS-5710SH\" width=\"795\" height=\"300\" srcset=\"https:\/\/www.leili-motor.net\/wp-content\/uploads\/2025\/03\/Mechanical-Dimension-for-FS-5710SH-Micro-DC-Brush-Motor.webp 795w, https:\/\/www.leili-motor.net\/wp-content\/uploads\/2025\/03\/Mechanical-Dimension-for-FS-5710SH-Micro-DC-Brush-Motor-300x113.webp 300w, https:\/\/www.leili-motor.net\/wp-content\/uploads\/2025\/03\/Mechanical-Dimension-for-FS-5710SH-Micro-DC-Brush-Motor-768x290.webp 768w, https:\/\/www.leili-motor.net\/wp-content\/uploads\/2025\/03\/Mechanical-Dimension-for-FS-5710SH-Micro-DC-Brush-Motor-600x226.webp 600w\" sizes=\"(max-width: 795px) 100vw, 795px\" \/><\/p>\n<h2>Curvas de rendimiento<\/h2>\n<p><img decoding=\"async\" class=\"size-full wp-image-844 aligncenter\" src=\"https:\/\/www.leili-motor.net\/wp-content\/uploads\/2025\/03\/Performance-Curves-for-FS-5710SH-Micro-DC-Brush-Motor.webp\" alt=\"Curvas de rendimiento del micromotor de CC con escobillas FS-5710SH\" width=\"759\" height=\"255\" srcset=\"https:\/\/www.leili-motor.net\/wp-content\/uploads\/2025\/03\/Performance-Curves-for-FS-5710SH-Micro-DC-Brush-Motor.webp 759w, https:\/\/www.leili-motor.net\/wp-content\/uploads\/2025\/03\/Performance-Curves-for-FS-5710SH-Micro-DC-Brush-Motor-300x101.webp 300w, https:\/\/www.leili-motor.net\/wp-content\/uploads\/2025\/03\/Performance-Curves-for-FS-5710SH-Micro-DC-Brush-Motor-600x202.webp 600w\" sizes=\"(max-width: 759px) 100vw, 759px\" \/><\/p>\n","protected":false},"excerpt":{"rendered":"<h3>Introducci\u00f3n Del Producto<\/h3>\n<ul>\n<li>Modelo: FS-5710SH<\/li>\n<li>Amplio rango de voltaje: opera entre 8 V y 16,5 V, con un voltaje nominal de 12 V para aplicaciones vers\u00e1tiles.<\/li>\n<li>Alto rendimiento: ofrece 4500 RPM sin carga, 3800 RPM m\u00e1ximo con un torque de salida de 50 mN\u00b7m.<\/li>\n<li>Potente y eficiente: genera una potencia de salida de 19 W, con un par de calado de 234 mN\u00b7m para tareas exigentes.<\/li>\n<\/ul>\n<h3>Aplicaci\u00f3n del producto<\/h3>\n<ul>\n<li>Autom\u00f3vil: V\u00e1lvula de mariposa del autom\u00f3vil<\/li>\n<\/ul>\n","protected":false},"featured_media":845,"comment_status":"open","ping_status":"closed","template":"","meta":{"site-sidebar-layout":"default","site-content-layout":"","ast-site-content-layout":"default","site-content-style":"default","site-sidebar-style":"default","ast-global-header-display":"","ast-banner-title-visibility":"","ast-main-header-display":"","ast-hfb-above-header-display":"","ast-hfb-below-header-display":"","ast-hfb-mobile-header-display":"","site-post-title":"","ast-breadcrumbs-content":"","ast-featured-img":"","footer-sml-layout":"","theme-transparent-header-meta":"default","adv-header-id-meta":"","stick-header-meta":"","header-above-stick-meta":"","header-main-stick-meta":"","header-below-stick-meta":"","astra-migrate-meta-layouts":"default","ast-page-background-enabled":"default","ast-page-background-meta":{"desktop":{"background-color":"var(--ast-global-color-5)","background-image":"","background-repeat":"repeat","background-position":"center center","background-size":"auto","background-attachment":"scroll","background-type":"","background-media":"","overlay-type":"","overlay-color":"","overlay-opacity":"","overlay-gradient":""},"tablet":{"background-color":"","background-image":"","background-repeat":"repeat","background-position":"center center","background-size":"auto","background-attachment":"scroll","background-type":"","background-media":"","overlay-type":"","overlay-color":"","overlay-opacity":"","overlay-gradient":""},"mobile":{"background-color":"","background-image":"","background-repeat":"repeat","background-position":"center center","background-size":"auto","background-attachment":"scroll","background-type":"","background-media":"","overlay-type":"","overlay-color":"","overlay-opacity":"","overlay-gradient":""}},"ast-content-background-meta":{"desktop":{"background-color":"var(--ast-global-color-4)","background-image":"","background-repeat":"repeat","background-position":"center center","background-size":"auto","background-attachment":"scroll","background-type":"","background-media":"","overlay-type":"","overlay-color":"","overlay-opacity":"","overlay-gradient":""},"tablet":{"background-color":"var(--ast-global-color-4)","background-image":"","background-repeat":"repeat","background-position":"center center","background-size":"auto","background-attachment":"scroll","background-type":"","background-media":"","overlay-type":"","overlay-color":"","overlay-opacity":"","overlay-gradient":""},"mobile":{"background-color":"var(--ast-global-color-4)","background-image":"","background-repeat":"repeat","background-position":"center center","background-size":"auto","background-attachment":"scroll","background-type":"","background-media":"","overlay-type":"","overlay-color":"","overlay-opacity":"","overlay-gradient":""}}},"product_brand":[],"product_cat":[705,723],"product_tag":[725],"class_list":{"0":"post-6975","1":"product","2":"type-product","3":"status-publish","4":"has-post-thumbnail","6":"product_cat-categoria-de-motor-de-cc-con-escobillas","7":"product_cat-motores-dc-micro-con-escobillas","8":"product_tag-admision-y-escape-valvula-de-mariposa","9":"pa_application-industria","10":"pa_dc-brush-no-load-current-mas-de-0-3","11":"pa_dc-brush-no-load-speed-3000-10000-es","12":"desktop-align-left","13":"tablet-align-left","14":"mobile-align-left","16":"first","17":"instock","18":"shipping-taxable","19":"product-type-simple"},"yoast_head":"<!-- This site is optimized with the Yoast SEO plugin v27.2 - https:\/\/yoast.com\/product\/yoast-seo-wordpress\/ -->\n<title>Motor DC Micro Con Escobillas FS-5710SH &#8211; Leili Motor<\/title>\n<meta name=\"description\" content=\"El micro motor de escobillas de CC RFS-5710SH ofrece un amplio rango de voltaje, alta velocidad y fuerte torque, lo que garantiza un rendimiento eficiente para aplicaciones de v\u00e1lvulas de mariposa de autom\u00f3viles.\" \/>\n<meta name=\"robots\" content=\"index, follow, max-snippet:-1, max-image-preview:large, max-video-preview:-1\" \/>\n<link rel=\"canonical\" href=\"https:\/\/www.leili-motor.net\/es\/motor-dc-micro-con-escobillas-fs-5710sh.html\" \/>\n<script type=\"application\/ld+json\" class=\"yoast-schema-graph\">{\"@context\":\"https:\/\/schema.org\",\"@graph\":[{\"@type\":\"WebPage\",\"@id\":\"https:\/\/www.leili-motor.net\/es\/motor-dc-micro-con-escobillas-fs-5710sh.html\",\"url\":\"https:\/\/www.leili-motor.net\/es\/motor-dc-micro-con-escobillas-fs-5710sh.html\",\"name\":\"Motor DC Micro Con Escobillas FS-5710SH &#8211; Leili Motor\",\"isPartOf\":{\"@id\":\"https:\/\/www.leili-motor.net\/es\/#website\"},\"primaryImageOfPage\":{\"@id\":\"https:\/\/www.leili-motor.net\/es\/motor-dc-micro-con-escobillas-fs-5710sh.html#primaryimage\"},\"image\":{\"@id\":\"https:\/\/www.leili-motor.net\/es\/motor-dc-micro-con-escobillas-fs-5710sh.html#primaryimage\"},\"thumbnailUrl\":\"https:\/\/www.leili-motor.net\/wp-content\/uploads\/2025\/03\/FS-5710SH-Micro-DC-Brush-Motor.webp\",\"datePublished\":\"2025-03-06T03:57:13+00:00\",\"description\":\"El micro motor de escobillas de CC RFS-5710SH ofrece un amplio rango de voltaje, alta velocidad y fuerte torque, lo que garantiza un rendimiento eficiente para aplicaciones de v\u00e1lvulas de mariposa de autom\u00f3viles.\",\"breadcrumb\":{\"@id\":\"https:\/\/www.leili-motor.net\/es\/motor-dc-micro-con-escobillas-fs-5710sh.html#breadcrumb\"},\"inLanguage\":\"es\",\"potentialAction\":[{\"@type\":\"ReadAction\",\"target\":[\"https:\/\/www.leili-motor.net\/es\/motor-dc-micro-con-escobillas-fs-5710sh.html\"]}]},{\"@type\":\"ImageObject\",\"inLanguage\":\"es\",\"@id\":\"https:\/\/www.leili-motor.net\/es\/motor-dc-micro-con-escobillas-fs-5710sh.html#primaryimage\",\"url\":\"https:\/\/www.leili-motor.net\/wp-content\/uploads\/2025\/03\/FS-5710SH-Micro-DC-Brush-Motor.webp\",\"contentUrl\":\"https:\/\/www.leili-motor.net\/wp-content\/uploads\/2025\/03\/FS-5710SH-Micro-DC-Brush-Motor.webp\",\"width\":454,\"height\":310,\"caption\":\"FS-5710SH Micro DC Brush Motor\"},{\"@type\":\"BreadcrumbList\",\"@id\":\"https:\/\/www.leili-motor.net\/es\/motor-dc-micro-con-escobillas-fs-5710sh.html#breadcrumb\",\"itemListElement\":[{\"@type\":\"ListItem\",\"position\":1,\"name\":\"Home\",\"item\":\"https:\/\/www.leili-motor.net\/es\/hogar\/\"},{\"@type\":\"ListItem\",\"position\":2,\"name\":\"Productos\",\"item\":\"https:\/\/www.leili-motor.net\/es\/productos\/\"},{\"@type\":\"ListItem\",\"position\":3,\"name\":\"Motor DC Micro Con Escobillas FS-5710SH\"}]},{\"@type\":\"WebSite\",\"@id\":\"https:\/\/www.leili-motor.net\/es\/#website\",\"url\":\"https:\/\/www.leili-motor.net\/es\/\",\"name\":\"Leili Motor\",\"description\":\"\",\"publisher\":{\"@id\":\"https:\/\/www.leili-motor.net\/es\/#organization\"},\"potentialAction\":[{\"@type\":\"SearchAction\",\"target\":{\"@type\":\"EntryPoint\",\"urlTemplate\":\"https:\/\/www.leili-motor.net\/es\/?s={search_term_string}\"},\"query-input\":{\"@type\":\"PropertyValueSpecification\",\"valueRequired\":true,\"valueName\":\"search_term_string\"}}],\"inLanguage\":\"es\"},{\"@type\":\"Organization\",\"@id\":\"https:\/\/www.leili-motor.net\/es\/#organization\",\"name\":\"Leili Motor\",\"url\":\"https:\/\/www.leili-motor.net\/es\/\",\"logo\":{\"@type\":\"ImageObject\",\"inLanguage\":\"es\",\"@id\":\"https:\/\/www.leili-motor.net\/es\/#\/schema\/logo\/image\/\",\"url\":\"https:\/\/www.leili-motor.net\/wp-content\/uploads\/2025\/03\/Leili-Motor.png\",\"contentUrl\":\"https:\/\/www.leili-motor.net\/wp-content\/uploads\/2025\/03\/Leili-Motor.png\",\"width\":600,\"height\":156,\"caption\":\"Leili Motor\"},\"image\":{\"@id\":\"https:\/\/www.leili-motor.net\/es\/#\/schema\/logo\/image\/\"}}]}<\/script>\n<!-- \/ Yoast SEO plugin. -->","yoast_head_json":{"title":"Motor DC Micro Con Escobillas FS-5710SH &#8211; Leili Motor","description":"El micro motor de escobillas de CC RFS-5710SH ofrece un amplio rango de voltaje, alta velocidad y fuerte torque, lo que garantiza un rendimiento eficiente para aplicaciones de v\u00e1lvulas de mariposa de autom\u00f3viles.","robots":{"index":"index","follow":"follow","max-snippet":"max-snippet:-1","max-image-preview":"max-image-preview:large","max-video-preview":"max-video-preview:-1"},"canonical":"https:\/\/www.leili-motor.net\/es\/motor-dc-micro-con-escobillas-fs-5710sh.html","schema":{"@context":"https:\/\/schema.org","@graph":[{"@type":"WebPage","@id":"https:\/\/www.leili-motor.net\/es\/motor-dc-micro-con-escobillas-fs-5710sh.html","url":"https:\/\/www.leili-motor.net\/es\/motor-dc-micro-con-escobillas-fs-5710sh.html","name":"Motor DC Micro Con Escobillas FS-5710SH &#8211; Leili Motor","isPartOf":{"@id":"https:\/\/www.leili-motor.net\/es\/#website"},"primaryImageOfPage":{"@id":"https:\/\/www.leili-motor.net\/es\/motor-dc-micro-con-escobillas-fs-5710sh.html#primaryimage"},"image":{"@id":"https:\/\/www.leili-motor.net\/es\/motor-dc-micro-con-escobillas-fs-5710sh.html#primaryimage"},"thumbnailUrl":"https:\/\/www.leili-motor.net\/wp-content\/uploads\/2025\/03\/FS-5710SH-Micro-DC-Brush-Motor.webp","datePublished":"2025-03-06T03:57:13+00:00","description":"El micro motor de escobillas de CC RFS-5710SH ofrece un amplio rango de voltaje, alta velocidad y fuerte torque, lo que garantiza un rendimiento eficiente para aplicaciones de v\u00e1lvulas de mariposa de autom\u00f3viles.","breadcrumb":{"@id":"https:\/\/www.leili-motor.net\/es\/motor-dc-micro-con-escobillas-fs-5710sh.html#breadcrumb"},"inLanguage":"es","potentialAction":[{"@type":"ReadAction","target":["https:\/\/www.leili-motor.net\/es\/motor-dc-micro-con-escobillas-fs-5710sh.html"]}]},{"@type":"ImageObject","inLanguage":"es","@id":"https:\/\/www.leili-motor.net\/es\/motor-dc-micro-con-escobillas-fs-5710sh.html#primaryimage","url":"https:\/\/www.leili-motor.net\/wp-content\/uploads\/2025\/03\/FS-5710SH-Micro-DC-Brush-Motor.webp","contentUrl":"https:\/\/www.leili-motor.net\/wp-content\/uploads\/2025\/03\/FS-5710SH-Micro-DC-Brush-Motor.webp","width":454,"height":310,"caption":"FS-5710SH Micro DC Brush Motor"},{"@type":"BreadcrumbList","@id":"https:\/\/www.leili-motor.net\/es\/motor-dc-micro-con-escobillas-fs-5710sh.html#breadcrumb","itemListElement":[{"@type":"ListItem","position":1,"name":"Home","item":"https:\/\/www.leili-motor.net\/es\/hogar\/"},{"@type":"ListItem","position":2,"name":"Productos","item":"https:\/\/www.leili-motor.net\/es\/productos\/"},{"@type":"ListItem","position":3,"name":"Motor DC Micro Con Escobillas FS-5710SH"}]},{"@type":"WebSite","@id":"https:\/\/www.leili-motor.net\/es\/#website","url":"https:\/\/www.leili-motor.net\/es\/","name":"Leili Motor","description":"","publisher":{"@id":"https:\/\/www.leili-motor.net\/es\/#organization"},"potentialAction":[{"@type":"SearchAction","target":{"@type":"EntryPoint","urlTemplate":"https:\/\/www.leili-motor.net\/es\/?s={search_term_string}"},"query-input":{"@type":"PropertyValueSpecification","valueRequired":true,"valueName":"search_term_string"}}],"inLanguage":"es"},{"@type":"Organization","@id":"https:\/\/www.leili-motor.net\/es\/#organization","name":"Leili Motor","url":"https:\/\/www.leili-motor.net\/es\/","logo":{"@type":"ImageObject","inLanguage":"es","@id":"https:\/\/www.leili-motor.net\/es\/#\/schema\/logo\/image\/","url":"https:\/\/www.leili-motor.net\/wp-content\/uploads\/2025\/03\/Leili-Motor.png","contentUrl":"https:\/\/www.leili-motor.net\/wp-content\/uploads\/2025\/03\/Leili-Motor.png","width":600,"height":156,"caption":"Leili Motor"},"image":{"@id":"https:\/\/www.leili-motor.net\/es\/#\/schema\/logo\/image\/"}}]}},"_links":{"self":[{"href":"https:\/\/www.leili-motor.net\/es\/wp-json\/wp\/v2\/product\/6975","targetHints":{"allow":["GET"]}}],"collection":[{"href":"https:\/\/www.leili-motor.net\/es\/wp-json\/wp\/v2\/product"}],"about":[{"href":"https:\/\/www.leili-motor.net\/es\/wp-json\/wp\/v2\/types\/product"}],"replies":[{"embeddable":true,"href":"https:\/\/www.leili-motor.net\/es\/wp-json\/wp\/v2\/comments?post=6975"}],"wp:featuredmedia":[{"embeddable":true,"href":"https:\/\/www.leili-motor.net\/es\/wp-json\/wp\/v2\/media\/845"}],"wp:attachment":[{"href":"https:\/\/www.leili-motor.net\/es\/wp-json\/wp\/v2\/media?parent=6975"}],"wp:term":[{"taxonomy":"product_brand","embeddable":true,"href":"https:\/\/www.leili-motor.net\/es\/wp-json\/wp\/v2\/product_brand?post=6975"},{"taxonomy":"product_cat","embeddable":true,"href":"https:\/\/www.leili-motor.net\/es\/wp-json\/wp\/v2\/product_cat?post=6975"},{"taxonomy":"product_tag","embeddable":true,"href":"https:\/\/www.leili-motor.net\/es\/wp-json\/wp\/v2\/product_tag?post=6975"}],"curies":[{"name":"wp","href":"https:\/\/api.w.org\/{rel}","templated":true}]}}