{"id":6989,"date":"2025-03-11T16:09:08","date_gmt":"2025-03-11T08:09:08","guid":{"rendered":"https:\/\/www.leili-motor.net\/bomba-de-lavado-sincrona-de-ca\/"},"modified":"2025-03-11T16:09:08","modified_gmt":"2025-03-11T08:09:08","slug":"bomba-de-lavado-sincrona-de-ca","status":"publish","type":"product","link":"https:\/\/www.leili-motor.net\/es\/bomba-de-lavado-sincrona-de-ca.html","title":{"rendered":"Bomba de Lavado S\u00edncrona de Ca"},"content":{"rendered":"<h2>Par\u00e1metros del Producto<\/h2>\n<table>\n<tbody>\n<tr>\n<td>Serie N\u00b0<\/td>\n<td>Cable<\/td>\n<td>Estator<\/td>\n<td>Calificado<br \/>\nVoltaje<br \/>\n(VAC)<\/td>\n<td>Calificado<br \/>\nFrecuencia<br \/>\n(Hz)<\/td>\n<td>Potencia<br \/>\n(W)<\/td>\n<td>Actual<br \/>\n(A)<\/td>\n<td>Arranque<br \/>\n Voltaje<br \/>\n (V)<\/td>\n<td>Ascensor<br \/>\n(m)<\/td>\n<td>Flujo<br \/>\nTarifa<br \/>\n(L\/min)<\/td>\n<td>Velocidad<br \/>\n nominal<br \/>\n (RPM)<\/td>\n<td>Aislamiento<br \/>\nClase<\/td>\n<\/tr>\n<tr>\n<td>BPX11-X<\/td>\n<td>Cu<\/td>\n<td>40 mm<\/td>\n<td>120<\/td>\n<td>60<\/td>\n<td>80<\/td>\n<td>1.5<\/td>\n<td>102<\/td>\n<td>3.4<\/td>\n<td>45<\/td>\n<td>3600<\/td>\n<td>F<\/td>\n<\/tr>\n<tr>\n<td>BPX12-x<\/td>\n<td>Cu<\/td>\n<td><\/td>\n<td>220-240<\/td>\n<td>50<\/td>\n<td>65<\/td>\n<td>0.6<\/td>\n<td>187<\/td>\n<td>2.5<\/td>\n<td>42<\/td>\n<td>3000<\/td>\n<td><\/td>\n<\/tr>\n<\/tbody>\n<\/table>\n<h2>Dimensi\u00f3n mec\u00e1nica: mm<\/h2>\n<p><img fetchpriority=\"high\" decoding=\"async\" class=\"size-full wp-image-1936 aligncenter\" src=\"https:\/\/www.leili-motor.net\/wp-content\/uploads\/2025\/03\/Mechanical-Dimension-for-AC-Synchronous-Washing-Pump.webp\" alt=\"Dimensi\u00f3n mec\u00e1nica para bomba de lavado s\u00edncrono de CA\" width=\"737\" height=\"356\" srcset=\"https:\/\/www.leili-motor.net\/wp-content\/uploads\/2025\/03\/Mechanical-Dimension-for-AC-Synchronous-Washing-Pump.webp 737w, https:\/\/www.leili-motor.net\/wp-content\/uploads\/2025\/03\/Mechanical-Dimension-for-AC-Synchronous-Washing-Pump-300x145.webp 300w, https:\/\/www.leili-motor.net\/wp-content\/uploads\/2025\/03\/Mechanical-Dimension-for-AC-Synchronous-Washing-Pump-600x290.webp 600w\" sizes=\"(max-width: 737px) 100vw, 737px\" \/><\/p>\n","protected":false},"excerpt":{"rendered":"<h3>Introducci\u00f3n Del Producto<\/h3>\n<ul>\n<li>Especificaciones del motor: Cable de cobre, estator de 40 mm, voltaje de 120-240 V, frecuencia de 50\/60 Hz, aislamiento de clase F, dise\u00f1o duradero.<\/li>\n<li>Caracter\u00edsticas de rendimiento: caudal de 42-45 L\/min, elevaci\u00f3n de 2,5-3,4 M, potencia de 65-80 W, 3000-3600 RPM, lo que garantiza un fuerte rendimiento de lavado.<\/li>\n<li>Propiedades el\u00e9ctricas: Corriente de 0,6-1,5 A, voltaje de arranque de 102-187 V, lo que proporciona un funcionamiento estable, eficiente y confiable.<\/li>\n<\/ul>\n<h3>Aplicaci\u00f3n del producto<\/h3>\n<ul>\n<li>Electrodom\u00e9sticos: lavavajillas, lavadora, humidificador, pediluvio.<\/li>\n<\/ul>\n","protected":false},"featured_media":1939,"comment_status":"open","ping_status":"closed","template":"","meta":{"site-sidebar-layout":"default","site-content-layout":"","ast-site-content-layout":"default","site-content-style":"default","site-sidebar-style":"default","ast-global-header-display":"","ast-banner-title-visibility":"","ast-main-header-display":"","ast-hfb-above-header-display":"","ast-hfb-below-header-display":"","ast-hfb-mobile-header-display":"","site-post-title":"","ast-breadcrumbs-content":"","ast-featured-img":"","footer-sml-layout":"","theme-transparent-header-meta":"default","adv-header-id-meta":"","stick-header-meta":"","header-above-stick-meta":"","header-main-stick-meta":"","header-below-stick-meta":"","astra-migrate-meta-layouts":"default","ast-page-background-enabled":"default","ast-page-background-meta":{"desktop":{"background-color":"var(--ast-global-color-5)","background-image":"","background-repeat":"repeat","background-position":"center center","background-size":"auto","background-attachment":"scroll","background-type":"","background-media":"","overlay-type":"","overlay-color":"","overlay-opacity":"","overlay-gradient":""},"tablet":{"background-color":"","background-image":"","background-repeat":"repeat","background-position":"center center","background-size":"auto","background-attachment":"scroll","background-type":"","background-media":"","overlay-type":"","overlay-color":"","overlay-opacity":"","overlay-gradient":""},"mobile":{"background-color":"","background-image":"","background-repeat":"repeat","background-position":"center center","background-size":"auto","background-attachment":"scroll","background-type":"","background-media":"","overlay-type":"","overlay-color":"","overlay-opacity":"","overlay-gradient":""}},"ast-content-background-meta":{"desktop":{"background-color":"var(--ast-global-color-4)","background-image":"","background-repeat":"repeat","background-position":"center center","background-size":"auto","background-attachment":"scroll","background-type":"","background-media":"","overlay-type":"","overlay-color":"","overlay-opacity":"","overlay-gradient":""},"tablet":{"background-color":"var(--ast-global-color-4)","background-image":"","background-repeat":"repeat","background-position":"center center","background-size":"auto","background-attachment":"scroll","background-type":"","background-media":"","overlay-type":"","overlay-color":"","overlay-opacity":"","overlay-gradient":""},"mobile":{"background-color":"var(--ast-global-color-4)","background-image":"","background-repeat":"repeat","background-position":"center center","background-size":"auto","background-attachment":"scroll","background-type":"","background-media":"","overlay-type":"","overlay-color":"","overlay-opacity":"","overlay-gradient":""}}},"product_brand":[],"product_cat":[733,734],"product_tag":[689],"class_list":{"0":"post-6989","1":"product","2":"type-product","3":"status-publish","4":"has-post-thumbnail","6":"product_cat-categoria-de-bomba-de-valvula","7":"product_cat-bombas-de-circulacion","8":"product_tag-lavavajillas-sistema-de-lavado","9":"pa_application-electrodomestico","10":"desktop-align-left","11":"tablet-align-left","12":"mobile-align-left","14":"first","15":"instock","16":"shipping-taxable","17":"product-type-simple"},"yoast_head":"<!-- This site is optimized with the Yoast SEO plugin v27.2 - https:\/\/yoast.com\/product\/yoast-seo-wordpress\/ -->\n<title>Bomba de Lavado S\u00edncrona de Ca &#8211; Leili Motor<\/title>\n<meta name=\"description\" content=\"Nuestra bomba de lavado s\u00edncrona de CA garantiza un gran rendimiento, un drenaje eficiente y un funcionamiento confiable para lavavajillas, lavadoras, humidificadores y ba\u00f1os de pies.\" \/>\n<meta name=\"robots\" content=\"index, follow, max-snippet:-1, max-image-preview:large, max-video-preview:-1\" \/>\n<link rel=\"canonical\" href=\"https:\/\/www.leili-motor.net\/es\/bomba-de-lavado-sincrona-de-ca.html\" \/>\n<script type=\"application\/ld+json\" class=\"yoast-schema-graph\">{\"@context\":\"https:\/\/schema.org\",\"@graph\":[{\"@type\":\"WebPage\",\"@id\":\"https:\/\/www.leili-motor.net\/es\/bomba-de-lavado-sincrona-de-ca.html\",\"url\":\"https:\/\/www.leili-motor.net\/es\/bomba-de-lavado-sincrona-de-ca.html\",\"name\":\"Bomba de Lavado S\u00edncrona de Ca &#8211; Leili Motor\",\"isPartOf\":{\"@id\":\"https:\/\/www.leili-motor.net\/es\/#website\"},\"primaryImageOfPage\":{\"@id\":\"https:\/\/www.leili-motor.net\/es\/bomba-de-lavado-sincrona-de-ca.html#primaryimage\"},\"image\":{\"@id\":\"https:\/\/www.leili-motor.net\/es\/bomba-de-lavado-sincrona-de-ca.html#primaryimage\"},\"thumbnailUrl\":\"https:\/\/www.leili-motor.net\/wp-content\/uploads\/2025\/03\/AC-Synchronous-Washing-Pump.jpg\",\"datePublished\":\"2025-03-11T08:09:08+00:00\",\"description\":\"Nuestra bomba de lavado s\u00edncrona de CA garantiza un gran rendimiento, un drenaje eficiente y un funcionamiento confiable para lavavajillas, lavadoras, humidificadores y ba\u00f1os de pies.\",\"breadcrumb\":{\"@id\":\"https:\/\/www.leili-motor.net\/es\/bomba-de-lavado-sincrona-de-ca.html#breadcrumb\"},\"inLanguage\":\"es\",\"potentialAction\":[{\"@type\":\"ReadAction\",\"target\":[\"https:\/\/www.leili-motor.net\/es\/bomba-de-lavado-sincrona-de-ca.html\"]}]},{\"@type\":\"ImageObject\",\"inLanguage\":\"es\",\"@id\":\"https:\/\/www.leili-motor.net\/es\/bomba-de-lavado-sincrona-de-ca.html#primaryimage\",\"url\":\"https:\/\/www.leili-motor.net\/wp-content\/uploads\/2025\/03\/AC-Synchronous-Washing-Pump.jpg\",\"contentUrl\":\"https:\/\/www.leili-motor.net\/wp-content\/uploads\/2025\/03\/AC-Synchronous-Washing-Pump.jpg\",\"width\":400,\"height\":253,\"caption\":\"AC Synchronous Washing Pump\"},{\"@type\":\"BreadcrumbList\",\"@id\":\"https:\/\/www.leili-motor.net\/es\/bomba-de-lavado-sincrona-de-ca.html#breadcrumb\",\"itemListElement\":[{\"@type\":\"ListItem\",\"position\":1,\"name\":\"Home\",\"item\":\"https:\/\/www.leili-motor.net\/es\/hogar\/\"},{\"@type\":\"ListItem\",\"position\":2,\"name\":\"Productos\",\"item\":\"https:\/\/www.leili-motor.net\/es\/productos\/\"},{\"@type\":\"ListItem\",\"position\":3,\"name\":\"Bomba de Lavado S\u00edncrona de Ca\"}]},{\"@type\":\"WebSite\",\"@id\":\"https:\/\/www.leili-motor.net\/es\/#website\",\"url\":\"https:\/\/www.leili-motor.net\/es\/\",\"name\":\"Leili Motor\",\"description\":\"\",\"publisher\":{\"@id\":\"https:\/\/www.leili-motor.net\/es\/#organization\"},\"potentialAction\":[{\"@type\":\"SearchAction\",\"target\":{\"@type\":\"EntryPoint\",\"urlTemplate\":\"https:\/\/www.leili-motor.net\/es\/?s={search_term_string}\"},\"query-input\":{\"@type\":\"PropertyValueSpecification\",\"valueRequired\":true,\"valueName\":\"search_term_string\"}}],\"inLanguage\":\"es\"},{\"@type\":\"Organization\",\"@id\":\"https:\/\/www.leili-motor.net\/es\/#organization\",\"name\":\"Leili Motor\",\"url\":\"https:\/\/www.leili-motor.net\/es\/\",\"logo\":{\"@type\":\"ImageObject\",\"inLanguage\":\"es\",\"@id\":\"https:\/\/www.leili-motor.net\/es\/#\/schema\/logo\/image\/\",\"url\":\"https:\/\/www.leili-motor.net\/wp-content\/uploads\/2025\/03\/Leili-Motor.png\",\"contentUrl\":\"https:\/\/www.leili-motor.net\/wp-content\/uploads\/2025\/03\/Leili-Motor.png\",\"width\":600,\"height\":156,\"caption\":\"Leili Motor\"},\"image\":{\"@id\":\"https:\/\/www.leili-motor.net\/es\/#\/schema\/logo\/image\/\"}}]}<\/script>\n<!-- \/ Yoast SEO plugin. -->","yoast_head_json":{"title":"Bomba de Lavado S\u00edncrona de Ca &#8211; Leili Motor","description":"Nuestra bomba de lavado s\u00edncrona de CA garantiza un gran rendimiento, un drenaje eficiente y un funcionamiento confiable para lavavajillas, lavadoras, humidificadores y ba\u00f1os de pies.","robots":{"index":"index","follow":"follow","max-snippet":"max-snippet:-1","max-image-preview":"max-image-preview:large","max-video-preview":"max-video-preview:-1"},"canonical":"https:\/\/www.leili-motor.net\/es\/bomba-de-lavado-sincrona-de-ca.html","schema":{"@context":"https:\/\/schema.org","@graph":[{"@type":"WebPage","@id":"https:\/\/www.leili-motor.net\/es\/bomba-de-lavado-sincrona-de-ca.html","url":"https:\/\/www.leili-motor.net\/es\/bomba-de-lavado-sincrona-de-ca.html","name":"Bomba de Lavado S\u00edncrona de Ca &#8211; Leili Motor","isPartOf":{"@id":"https:\/\/www.leili-motor.net\/es\/#website"},"primaryImageOfPage":{"@id":"https:\/\/www.leili-motor.net\/es\/bomba-de-lavado-sincrona-de-ca.html#primaryimage"},"image":{"@id":"https:\/\/www.leili-motor.net\/es\/bomba-de-lavado-sincrona-de-ca.html#primaryimage"},"thumbnailUrl":"https:\/\/www.leili-motor.net\/wp-content\/uploads\/2025\/03\/AC-Synchronous-Washing-Pump.jpg","datePublished":"2025-03-11T08:09:08+00:00","description":"Nuestra bomba de lavado s\u00edncrona de CA garantiza un gran rendimiento, un drenaje eficiente y un funcionamiento confiable para lavavajillas, lavadoras, humidificadores y ba\u00f1os de pies.","breadcrumb":{"@id":"https:\/\/www.leili-motor.net\/es\/bomba-de-lavado-sincrona-de-ca.html#breadcrumb"},"inLanguage":"es","potentialAction":[{"@type":"ReadAction","target":["https:\/\/www.leili-motor.net\/es\/bomba-de-lavado-sincrona-de-ca.html"]}]},{"@type":"ImageObject","inLanguage":"es","@id":"https:\/\/www.leili-motor.net\/es\/bomba-de-lavado-sincrona-de-ca.html#primaryimage","url":"https:\/\/www.leili-motor.net\/wp-content\/uploads\/2025\/03\/AC-Synchronous-Washing-Pump.jpg","contentUrl":"https:\/\/www.leili-motor.net\/wp-content\/uploads\/2025\/03\/AC-Synchronous-Washing-Pump.jpg","width":400,"height":253,"caption":"AC Synchronous Washing Pump"},{"@type":"BreadcrumbList","@id":"https:\/\/www.leili-motor.net\/es\/bomba-de-lavado-sincrona-de-ca.html#breadcrumb","itemListElement":[{"@type":"ListItem","position":1,"name":"Home","item":"https:\/\/www.leili-motor.net\/es\/hogar\/"},{"@type":"ListItem","position":2,"name":"Productos","item":"https:\/\/www.leili-motor.net\/es\/productos\/"},{"@type":"ListItem","position":3,"name":"Bomba de Lavado S\u00edncrona de Ca"}]},{"@type":"WebSite","@id":"https:\/\/www.leili-motor.net\/es\/#website","url":"https:\/\/www.leili-motor.net\/es\/","name":"Leili Motor","description":"","publisher":{"@id":"https:\/\/www.leili-motor.net\/es\/#organization"},"potentialAction":[{"@type":"SearchAction","target":{"@type":"EntryPoint","urlTemplate":"https:\/\/www.leili-motor.net\/es\/?s={search_term_string}"},"query-input":{"@type":"PropertyValueSpecification","valueRequired":true,"valueName":"search_term_string"}}],"inLanguage":"es"},{"@type":"Organization","@id":"https:\/\/www.leili-motor.net\/es\/#organization","name":"Leili Motor","url":"https:\/\/www.leili-motor.net\/es\/","logo":{"@type":"ImageObject","inLanguage":"es","@id":"https:\/\/www.leili-motor.net\/es\/#\/schema\/logo\/image\/","url":"https:\/\/www.leili-motor.net\/wp-content\/uploads\/2025\/03\/Leili-Motor.png","contentUrl":"https:\/\/www.leili-motor.net\/wp-content\/uploads\/2025\/03\/Leili-Motor.png","width":600,"height":156,"caption":"Leili Motor"},"image":{"@id":"https:\/\/www.leili-motor.net\/es\/#\/schema\/logo\/image\/"}}]}},"_links":{"self":[{"href":"https:\/\/www.leili-motor.net\/es\/wp-json\/wp\/v2\/product\/6989","targetHints":{"allow":["GET"]}}],"collection":[{"href":"https:\/\/www.leili-motor.net\/es\/wp-json\/wp\/v2\/product"}],"about":[{"href":"https:\/\/www.leili-motor.net\/es\/wp-json\/wp\/v2\/types\/product"}],"replies":[{"embeddable":true,"href":"https:\/\/www.leili-motor.net\/es\/wp-json\/wp\/v2\/comments?post=6989"}],"wp:featuredmedia":[{"embeddable":true,"href":"https:\/\/www.leili-motor.net\/es\/wp-json\/wp\/v2\/media\/1939"}],"wp:attachment":[{"href":"https:\/\/www.leili-motor.net\/es\/wp-json\/wp\/v2\/media?parent=6989"}],"wp:term":[{"taxonomy":"product_brand","embeddable":true,"href":"https:\/\/www.leili-motor.net\/es\/wp-json\/wp\/v2\/product_brand?post=6989"},{"taxonomy":"product_cat","embeddable":true,"href":"https:\/\/www.leili-motor.net\/es\/wp-json\/wp\/v2\/product_cat?post=6989"},{"taxonomy":"product_tag","embeddable":true,"href":"https:\/\/www.leili-motor.net\/es\/wp-json\/wp\/v2\/product_tag?post=6989"}],"curies":[{"name":"wp","href":"https:\/\/api.w.org\/{rel}","templated":true}]}}