{"id":6993,"date":"2025-03-11T16:24:07","date_gmt":"2025-03-11T08:24:07","guid":{"rendered":"https:\/\/www.leili-motor.net\/bomba-de-circulacion-sin-escobillas-para-lavavajillas\/"},"modified":"2025-03-11T16:24:07","modified_gmt":"2025-03-11T08:24:07","slug":"bomba-de-circulacion-sin-escobillas-para-lavavajillas","status":"publish","type":"product","link":"https:\/\/www.leili-motor.net\/es\/bomba-de-circulacion-sin-escobillas-para-lavavajillas.html","title":{"rendered":"Bomba de Circulaci\u00f3n sin Escobillas Para Lavavajillas"},"content":{"rendered":"<h2>Par\u00e1metros del Producto<\/h2>\n<table>\n<tbody>\n<tr>\n<td>Modelo<\/td>\n<td>Cable<\/td>\n<td>Estator (mm)<\/td>\n<td>Nominal<br \/>\nVoltaje<br \/>\n(V)<\/td>\n<td>Potencia<br \/>\n(W)<\/td>\n<td>Actual<br \/>\n(A)<\/td>\n<td>Ascensor<br \/>\n(M)<\/td>\n<td>Caudal<br \/>\n(LPM)<\/td>\n<td>Girar<br \/>\nVelocidad<br \/>\n(RPM)<\/td>\n<td>Aislamiento<br \/>\nClase<\/td>\n<\/tr>\n<tr>\n<td>BLP44-x<\/td>\n<td>Cu<\/td>\n<td>20<\/td>\n<td>DC310<\/td>\n<td>60<\/td>\n<td>0.5<\/td>\n<td>1<\/td>\n<td>50<\/td>\n<td>3000<\/td>\n<td>F<\/td>\n<\/tr>\n<tr>\n<td>BLP44-y<\/td>\n<td>Cu<\/td>\n<td>30<\/td>\n<td>DC310<\/td>\n<td>120<\/td>\n<td>1<\/td>\n<td>1<\/td>\n<td>70<\/td>\n<td>3000<\/td>\n<td>F<\/td>\n<\/tr>\n<\/tbody>\n<\/table>\n<h2>Dimensi\u00f3n mec\u00e1nica: mm<\/h2>\n<p><img fetchpriority=\"high\" decoding=\"async\" class=\"size-full wp-image-1942 aligncenter\" src=\"https:\/\/www.leili-motor.net\/wp-content\/uploads\/2025\/03\/Brushless-Circulating-Pump-for-Dishwashers-Mechanical-Dimension.webp\" alt=\"Bomba de circulaci\u00f3n sin escobillas para lavavajillas. Dimensiones mec\u00e1nicas.\" width=\"759\" height=\"437\" srcset=\"https:\/\/www.leili-motor.net\/wp-content\/uploads\/2025\/03\/Brushless-Circulating-Pump-for-Dishwashers-Mechanical-Dimension.webp 759w, https:\/\/www.leili-motor.net\/wp-content\/uploads\/2025\/03\/Brushless-Circulating-Pump-for-Dishwashers-Mechanical-Dimension-300x173.webp 300w, https:\/\/www.leili-motor.net\/wp-content\/uploads\/2025\/03\/Brushless-Circulating-Pump-for-Dishwashers-Mechanical-Dimension-600x345.webp 600w\" sizes=\"(max-width: 759px) 100vw, 759px\" \/><\/p>\n","protected":false},"excerpt":{"rendered":"<h3>Introducci\u00f3n Del Producto<\/h3>\n<ul>\n<li>Rendimiento eficiente: ofrece una elevaci\u00f3n de 1 metro, un caudal de 50 a 70 LPM y 3000 RPM para una circulaci\u00f3n \u00f3ptima.<\/li>\n<li>Dise\u00f1o de estator duradero: cuenta con un estator de cobre de 20 mm o 30 mm con funcionamiento DC310V para un rendimiento confiable.<\/li>\n<li>Operaci\u00f3n de ahorro de energ\u00eda: Funciona con potencia de 60 W a 120 W, corriente de 0,5 A a 1 A y aislamiento de clase F para mayor eficiencia.<\/li>\n<\/ul>\n<h3>Aplicaci\u00f3n del producto<\/h3>\n<ul>\n<li>Electrodom\u00e9stico: Lavavajillas<\/li>\n<\/ul>\n","protected":false},"featured_media":1943,"comment_status":"open","ping_status":"closed","template":"","meta":{"site-sidebar-layout":"default","site-content-layout":"","ast-site-content-layout":"default","site-content-style":"default","site-sidebar-style":"default","ast-global-header-display":"","ast-banner-title-visibility":"","ast-main-header-display":"","ast-hfb-above-header-display":"","ast-hfb-below-header-display":"","ast-hfb-mobile-header-display":"","site-post-title":"","ast-breadcrumbs-content":"","ast-featured-img":"","footer-sml-layout":"","theme-transparent-header-meta":"default","adv-header-id-meta":"","stick-header-meta":"","header-above-stick-meta":"","header-main-stick-meta":"","header-below-stick-meta":"","astra-migrate-meta-layouts":"default","ast-page-background-enabled":"default","ast-page-background-meta":{"desktop":{"background-color":"var(--ast-global-color-5)","background-image":"","background-repeat":"repeat","background-position":"center center","background-size":"auto","background-attachment":"scroll","background-type":"","background-media":"","overlay-type":"","overlay-color":"","overlay-opacity":"","overlay-gradient":""},"tablet":{"background-color":"","background-image":"","background-repeat":"repeat","background-position":"center center","background-size":"auto","background-attachment":"scroll","background-type":"","background-media":"","overlay-type":"","overlay-color":"","overlay-opacity":"","overlay-gradient":""},"mobile":{"background-color":"","background-image":"","background-repeat":"repeat","background-position":"center center","background-size":"auto","background-attachment":"scroll","background-type":"","background-media":"","overlay-type":"","overlay-color":"","overlay-opacity":"","overlay-gradient":""}},"ast-content-background-meta":{"desktop":{"background-color":"var(--ast-global-color-4)","background-image":"","background-repeat":"repeat","background-position":"center center","background-size":"auto","background-attachment":"scroll","background-type":"","background-media":"","overlay-type":"","overlay-color":"","overlay-opacity":"","overlay-gradient":""},"tablet":{"background-color":"var(--ast-global-color-4)","background-image":"","background-repeat":"repeat","background-position":"center center","background-size":"auto","background-attachment":"scroll","background-type":"","background-media":"","overlay-type":"","overlay-color":"","overlay-opacity":"","overlay-gradient":""},"mobile":{"background-color":"var(--ast-global-color-4)","background-image":"","background-repeat":"repeat","background-position":"center center","background-size":"auto","background-attachment":"scroll","background-type":"","background-media":"","overlay-type":"","overlay-color":"","overlay-opacity":"","overlay-gradient":""}}},"product_brand":[],"product_cat":[733,734],"product_tag":[689],"class_list":{"0":"post-6993","1":"product","2":"type-product","3":"status-publish","4":"has-post-thumbnail","6":"product_cat-categoria-de-bomba-de-valvula","7":"product_cat-bombas-de-circulacion","8":"product_tag-lavavajillas-sistema-de-lavado","9":"pa_application-electrodomestico","10":"desktop-align-left","11":"tablet-align-left","12":"mobile-align-left","14":"first","15":"instock","16":"shipping-taxable","17":"product-type-simple"},"yoast_head":"<!-- This site is optimized with the Yoast SEO plugin v27.2 - https:\/\/yoast.com\/product\/yoast-seo-wordpress\/ -->\n<title>Bomba de Circulaci\u00f3n sin Escobillas Para Lavavajillas &#8211; Leili Motor<\/title>\n<meta name=\"description\" content=\"Nuestra bomba de circulaci\u00f3n sin escobillas para lavavajillas garantiza una circulaci\u00f3n eficiente, un estator de cobre duradero, un funcionamiento con ahorro de energ\u00eda y un rendimiento confiable para un funcionamiento \u00f3ptimo del lavavajillas.\" \/>\n<meta name=\"robots\" content=\"index, follow, max-snippet:-1, max-image-preview:large, max-video-preview:-1\" \/>\n<link rel=\"canonical\" href=\"https:\/\/www.leili-motor.net\/es\/bomba-de-circulacion-sin-escobillas-para-lavavajillas.html\" \/>\n<script type=\"application\/ld+json\" class=\"yoast-schema-graph\">{\"@context\":\"https:\/\/schema.org\",\"@graph\":[{\"@type\":\"WebPage\",\"@id\":\"https:\/\/www.leili-motor.net\/es\/bomba-de-circulacion-sin-escobillas-para-lavavajillas.html\",\"url\":\"https:\/\/www.leili-motor.net\/es\/bomba-de-circulacion-sin-escobillas-para-lavavajillas.html\",\"name\":\"Bomba de Circulaci\u00f3n sin Escobillas Para Lavavajillas &#8211; Leili Motor\",\"isPartOf\":{\"@id\":\"https:\/\/www.leili-motor.net\/es\/#website\"},\"primaryImageOfPage\":{\"@id\":\"https:\/\/www.leili-motor.net\/es\/bomba-de-circulacion-sin-escobillas-para-lavavajillas.html#primaryimage\"},\"image\":{\"@id\":\"https:\/\/www.leili-motor.net\/es\/bomba-de-circulacion-sin-escobillas-para-lavavajillas.html#primaryimage\"},\"thumbnailUrl\":\"https:\/\/www.leili-motor.net\/wp-content\/uploads\/2025\/03\/Brushless-Circulating-Pump-for-Dishwashers.webp\",\"datePublished\":\"2025-03-11T08:24:07+00:00\",\"description\":\"Nuestra bomba de circulaci\u00f3n sin escobillas para lavavajillas garantiza una circulaci\u00f3n eficiente, un estator de cobre duradero, un funcionamiento con ahorro de energ\u00eda y un rendimiento confiable para un funcionamiento \u00f3ptimo del lavavajillas.\",\"breadcrumb\":{\"@id\":\"https:\/\/www.leili-motor.net\/es\/bomba-de-circulacion-sin-escobillas-para-lavavajillas.html#breadcrumb\"},\"inLanguage\":\"es\",\"potentialAction\":[{\"@type\":\"ReadAction\",\"target\":[\"https:\/\/www.leili-motor.net\/es\/bomba-de-circulacion-sin-escobillas-para-lavavajillas.html\"]}]},{\"@type\":\"ImageObject\",\"inLanguage\":\"es\",\"@id\":\"https:\/\/www.leili-motor.net\/es\/bomba-de-circulacion-sin-escobillas-para-lavavajillas.html#primaryimage\",\"url\":\"https:\/\/www.leili-motor.net\/wp-content\/uploads\/2025\/03\/Brushless-Circulating-Pump-for-Dishwashers.webp\",\"contentUrl\":\"https:\/\/www.leili-motor.net\/wp-content\/uploads\/2025\/03\/Brushless-Circulating-Pump-for-Dishwashers.webp\",\"width\":454,\"height\":310,\"caption\":\"Brushless Circulating Pump for Dishwashers\"},{\"@type\":\"BreadcrumbList\",\"@id\":\"https:\/\/www.leili-motor.net\/es\/bomba-de-circulacion-sin-escobillas-para-lavavajillas.html#breadcrumb\",\"itemListElement\":[{\"@type\":\"ListItem\",\"position\":1,\"name\":\"Home\",\"item\":\"https:\/\/www.leili-motor.net\/es\/hogar\/\"},{\"@type\":\"ListItem\",\"position\":2,\"name\":\"Productos\",\"item\":\"https:\/\/www.leili-motor.net\/es\/productos\/\"},{\"@type\":\"ListItem\",\"position\":3,\"name\":\"Bomba de Circulaci\u00f3n sin Escobillas Para Lavavajillas\"}]},{\"@type\":\"WebSite\",\"@id\":\"https:\/\/www.leili-motor.net\/es\/#website\",\"url\":\"https:\/\/www.leili-motor.net\/es\/\",\"name\":\"Leili Motor\",\"description\":\"\",\"publisher\":{\"@id\":\"https:\/\/www.leili-motor.net\/es\/#organization\"},\"potentialAction\":[{\"@type\":\"SearchAction\",\"target\":{\"@type\":\"EntryPoint\",\"urlTemplate\":\"https:\/\/www.leili-motor.net\/es\/?s={search_term_string}\"},\"query-input\":{\"@type\":\"PropertyValueSpecification\",\"valueRequired\":true,\"valueName\":\"search_term_string\"}}],\"inLanguage\":\"es\"},{\"@type\":\"Organization\",\"@id\":\"https:\/\/www.leili-motor.net\/es\/#organization\",\"name\":\"Leili Motor\",\"url\":\"https:\/\/www.leili-motor.net\/es\/\",\"logo\":{\"@type\":\"ImageObject\",\"inLanguage\":\"es\",\"@id\":\"https:\/\/www.leili-motor.net\/es\/#\/schema\/logo\/image\/\",\"url\":\"https:\/\/www.leili-motor.net\/wp-content\/uploads\/2025\/03\/Leili-Motor.png\",\"contentUrl\":\"https:\/\/www.leili-motor.net\/wp-content\/uploads\/2025\/03\/Leili-Motor.png\",\"width\":600,\"height\":156,\"caption\":\"Leili Motor\"},\"image\":{\"@id\":\"https:\/\/www.leili-motor.net\/es\/#\/schema\/logo\/image\/\"}}]}<\/script>\n<!-- \/ Yoast SEO plugin. -->","yoast_head_json":{"title":"Bomba de Circulaci\u00f3n sin Escobillas Para Lavavajillas &#8211; Leili Motor","description":"Nuestra bomba de circulaci\u00f3n sin escobillas para lavavajillas garantiza una circulaci\u00f3n eficiente, un estator de cobre duradero, un funcionamiento con ahorro de energ\u00eda y un rendimiento confiable para un funcionamiento \u00f3ptimo del lavavajillas.","robots":{"index":"index","follow":"follow","max-snippet":"max-snippet:-1","max-image-preview":"max-image-preview:large","max-video-preview":"max-video-preview:-1"},"canonical":"https:\/\/www.leili-motor.net\/es\/bomba-de-circulacion-sin-escobillas-para-lavavajillas.html","schema":{"@context":"https:\/\/schema.org","@graph":[{"@type":"WebPage","@id":"https:\/\/www.leili-motor.net\/es\/bomba-de-circulacion-sin-escobillas-para-lavavajillas.html","url":"https:\/\/www.leili-motor.net\/es\/bomba-de-circulacion-sin-escobillas-para-lavavajillas.html","name":"Bomba de Circulaci\u00f3n sin Escobillas Para Lavavajillas &#8211; Leili Motor","isPartOf":{"@id":"https:\/\/www.leili-motor.net\/es\/#website"},"primaryImageOfPage":{"@id":"https:\/\/www.leili-motor.net\/es\/bomba-de-circulacion-sin-escobillas-para-lavavajillas.html#primaryimage"},"image":{"@id":"https:\/\/www.leili-motor.net\/es\/bomba-de-circulacion-sin-escobillas-para-lavavajillas.html#primaryimage"},"thumbnailUrl":"https:\/\/www.leili-motor.net\/wp-content\/uploads\/2025\/03\/Brushless-Circulating-Pump-for-Dishwashers.webp","datePublished":"2025-03-11T08:24:07+00:00","description":"Nuestra bomba de circulaci\u00f3n sin escobillas para lavavajillas garantiza una circulaci\u00f3n eficiente, un estator de cobre duradero, un funcionamiento con ahorro de energ\u00eda y un rendimiento confiable para un funcionamiento \u00f3ptimo del lavavajillas.","breadcrumb":{"@id":"https:\/\/www.leili-motor.net\/es\/bomba-de-circulacion-sin-escobillas-para-lavavajillas.html#breadcrumb"},"inLanguage":"es","potentialAction":[{"@type":"ReadAction","target":["https:\/\/www.leili-motor.net\/es\/bomba-de-circulacion-sin-escobillas-para-lavavajillas.html"]}]},{"@type":"ImageObject","inLanguage":"es","@id":"https:\/\/www.leili-motor.net\/es\/bomba-de-circulacion-sin-escobillas-para-lavavajillas.html#primaryimage","url":"https:\/\/www.leili-motor.net\/wp-content\/uploads\/2025\/03\/Brushless-Circulating-Pump-for-Dishwashers.webp","contentUrl":"https:\/\/www.leili-motor.net\/wp-content\/uploads\/2025\/03\/Brushless-Circulating-Pump-for-Dishwashers.webp","width":454,"height":310,"caption":"Brushless Circulating Pump for Dishwashers"},{"@type":"BreadcrumbList","@id":"https:\/\/www.leili-motor.net\/es\/bomba-de-circulacion-sin-escobillas-para-lavavajillas.html#breadcrumb","itemListElement":[{"@type":"ListItem","position":1,"name":"Home","item":"https:\/\/www.leili-motor.net\/es\/hogar\/"},{"@type":"ListItem","position":2,"name":"Productos","item":"https:\/\/www.leili-motor.net\/es\/productos\/"},{"@type":"ListItem","position":3,"name":"Bomba de Circulaci\u00f3n sin Escobillas Para Lavavajillas"}]},{"@type":"WebSite","@id":"https:\/\/www.leili-motor.net\/es\/#website","url":"https:\/\/www.leili-motor.net\/es\/","name":"Leili Motor","description":"","publisher":{"@id":"https:\/\/www.leili-motor.net\/es\/#organization"},"potentialAction":[{"@type":"SearchAction","target":{"@type":"EntryPoint","urlTemplate":"https:\/\/www.leili-motor.net\/es\/?s={search_term_string}"},"query-input":{"@type":"PropertyValueSpecification","valueRequired":true,"valueName":"search_term_string"}}],"inLanguage":"es"},{"@type":"Organization","@id":"https:\/\/www.leili-motor.net\/es\/#organization","name":"Leili Motor","url":"https:\/\/www.leili-motor.net\/es\/","logo":{"@type":"ImageObject","inLanguage":"es","@id":"https:\/\/www.leili-motor.net\/es\/#\/schema\/logo\/image\/","url":"https:\/\/www.leili-motor.net\/wp-content\/uploads\/2025\/03\/Leili-Motor.png","contentUrl":"https:\/\/www.leili-motor.net\/wp-content\/uploads\/2025\/03\/Leili-Motor.png","width":600,"height":156,"caption":"Leili Motor"},"image":{"@id":"https:\/\/www.leili-motor.net\/es\/#\/schema\/logo\/image\/"}}]}},"_links":{"self":[{"href":"https:\/\/www.leili-motor.net\/es\/wp-json\/wp\/v2\/product\/6993","targetHints":{"allow":["GET"]}}],"collection":[{"href":"https:\/\/www.leili-motor.net\/es\/wp-json\/wp\/v2\/product"}],"about":[{"href":"https:\/\/www.leili-motor.net\/es\/wp-json\/wp\/v2\/types\/product"}],"replies":[{"embeddable":true,"href":"https:\/\/www.leili-motor.net\/es\/wp-json\/wp\/v2\/comments?post=6993"}],"wp:featuredmedia":[{"embeddable":true,"href":"https:\/\/www.leili-motor.net\/es\/wp-json\/wp\/v2\/media\/1943"}],"wp:attachment":[{"href":"https:\/\/www.leili-motor.net\/es\/wp-json\/wp\/v2\/media?parent=6993"}],"wp:term":[{"taxonomy":"product_brand","embeddable":true,"href":"https:\/\/www.leili-motor.net\/es\/wp-json\/wp\/v2\/product_brand?post=6993"},{"taxonomy":"product_cat","embeddable":true,"href":"https:\/\/www.leili-motor.net\/es\/wp-json\/wp\/v2\/product_cat?post=6993"},{"taxonomy":"product_tag","embeddable":true,"href":"https:\/\/www.leili-motor.net\/es\/wp-json\/wp\/v2\/product_tag?post=6993"}],"curies":[{"name":"wp","href":"https:\/\/api.w.org\/{rel}","templated":true}]}}