{"id":7011,"date":"2025-03-12T09:13:06","date_gmt":"2025-03-12T01:13:06","guid":{"rendered":"https:\/\/www.leili-motor.net\/dp33-bomba-de-diafragma\/"},"modified":"2025-04-24T13:31:18","modified_gmt":"2025-04-24T05:31:18","slug":"bomba-de-diafragma-dp33","status":"publish","type":"product","link":"https:\/\/www.leili-motor.net\/es\/bomba-de-diafragma-dp33.html","title":{"rendered":"Bomba de Diafragma DP33"},"content":{"rendered":"<h2>Par\u00e1metros del Producto<\/h2>\n<table>\n<tbody>\n<tr>\n<td>Modelo<\/td>\n<td>Tensi\u00f3n nominal(VCC)<\/td>\n<td>Corriente<br \/>\nnominal<br \/>\n(mA)<\/td>\n<td>Potencia<br \/>\nnominal<br \/>\n(W)<\/td>\n<td>(LPH)<br \/>\nml\/min<\/td>\n<td>5m<br \/>\nAscensor (M)<\/td>\n<td>Ruido<br \/>\ndB(A)<\/td>\n<td>Ciclo vital<br \/>\n(h)<\/td>\n<td>Peso<br \/>\n(sol)<\/td>\n<\/tr>\n<tr>\n<td>DP33-x<\/td>\n<td>24<\/td>\n<td>\u2264 150<\/td>\n<td>\u2264 4<\/td>\n<td>510\u00b150<\/td>\n<td>360ml\/min<\/td>\n<td>\u2264 40<\/td>\n<td>\u2265 600<\/td>\n<td>66.5<\/td>\n<\/tr>\n<\/tbody>\n<\/table>\n<h2>Dimensi\u00f3n mec\u00e1nica: mm<\/h2>\n<p><img fetchpriority=\"high\" decoding=\"async\" class=\"size-full wp-image-1995 aligncenter\" src=\"https:\/\/www.leili-motor.net\/wp-content\/uploads\/2025\/03\/Mechanical-Dimension-for-DP33-Diaphragm-Pump.webp\" alt=\"Dimensiones mec\u00e1nicas de la bomba de diafragma DP33\" width=\"759\" height=\"550\" srcset=\"https:\/\/www.leili-motor.net\/wp-content\/uploads\/2025\/03\/Mechanical-Dimension-for-DP33-Diaphragm-Pump.webp 759w, https:\/\/www.leili-motor.net\/wp-content\/uploads\/2025\/03\/Mechanical-Dimension-for-DP33-Diaphragm-Pump-300x217.webp 300w, https:\/\/www.leili-motor.net\/wp-content\/uploads\/2025\/03\/Mechanical-Dimension-for-DP33-Diaphragm-Pump-600x435.webp 600w\" sizes=\"(max-width: 759px) 100vw, 759px\" \/><\/p>\n","protected":false},"excerpt":{"rendered":"<h3>Introducci\u00f3n Del Producto<\/h3>\n<ul>\n<li>Rendimiento eficiente: funciona a 24 V CC, \u2264150 mA, \u22644 W de potencia y suministra 510 \u00b1 50 LPH con un flujo de 360 \u200b\u200bml\/min.<\/li>\n<li>Durabilidad confiable: proporciona \u2265600 horas de ciclo de vida, capacidad de elevaci\u00f3n de 5 m y mantiene niveles de ruido \u226440 dB(A).<\/li>\n<li>Dise\u00f1o liviano: pesa solo 66,5 g, lo que garantiza una f\u00e1cil integraci\u00f3n en sistemas compactos y aplicaciones port\u00e1tiles.<\/li>\n<\/ul>\n<h3>Aplicaci\u00f3n del producto<\/h3>\n<ul>\n<li>Electrodom\u00e9sticos: Cafetera, aspiradora.<\/li>\n<\/ul>\n","protected":false},"featured_media":6034,"comment_status":"open","ping_status":"closed","template":"","meta":{"site-sidebar-layout":"default","site-content-layout":"","ast-site-content-layout":"default","site-content-style":"default","site-sidebar-style":"default","ast-global-header-display":"","ast-banner-title-visibility":"","ast-main-header-display":"","ast-hfb-above-header-display":"","ast-hfb-below-header-display":"","ast-hfb-mobile-header-display":"","site-post-title":"","ast-breadcrumbs-content":"","ast-featured-img":"","footer-sml-layout":"","theme-transparent-header-meta":"default","adv-header-id-meta":"","stick-header-meta":"","header-above-stick-meta":"","header-main-stick-meta":"","header-below-stick-meta":"","astra-migrate-meta-layouts":"set","ast-page-background-enabled":"default","ast-page-background-meta":{"desktop":{"background-color":"var(--ast-global-color-5)","background-image":"","background-repeat":"repeat","background-position":"center center","background-size":"auto","background-attachment":"scroll","background-type":"","background-media":"","overlay-type":"","overlay-color":"","overlay-opacity":"","overlay-gradient":""},"tablet":{"background-color":"","background-image":"","background-repeat":"repeat","background-position":"center center","background-size":"auto","background-attachment":"scroll","background-type":"","background-media":"","overlay-type":"","overlay-color":"","overlay-opacity":"","overlay-gradient":""},"mobile":{"background-color":"","background-image":"","background-repeat":"repeat","background-position":"center center","background-size":"auto","background-attachment":"scroll","background-type":"","background-media":"","overlay-type":"","overlay-color":"","overlay-opacity":"","overlay-gradient":""}},"ast-content-background-meta":{"desktop":{"background-color":"var(--ast-global-color-4)","background-image":"","background-repeat":"repeat","background-position":"center center","background-size":"auto","background-attachment":"scroll","background-type":"","background-media":"","overlay-type":"","overlay-color":"","overlay-opacity":"","overlay-gradient":""},"tablet":{"background-color":"var(--ast-global-color-4)","background-image":"","background-repeat":"repeat","background-position":"center center","background-size":"auto","background-attachment":"scroll","background-type":"","background-media":"","overlay-type":"","overlay-color":"","overlay-opacity":"","overlay-gradient":""},"mobile":{"background-color":"var(--ast-global-color-4)","background-image":"","background-repeat":"repeat","background-position":"center center","background-size":"auto","background-attachment":"scroll","background-type":"","background-media":"","overlay-type":"","overlay-color":"","overlay-opacity":"","overlay-gradient":""}}},"product_brand":[],"product_cat":[733,754],"product_tag":[739],"class_list":{"0":"post-7011","1":"product","2":"type-product","3":"status-publish","4":"has-post-thumbnail","6":"product_cat-categoria-de-bomba-de-valvula","7":"product_cat-bombas-de-diafragma","8":"product_tag-electrodomesticos-otros-bomba","9":"pa_application-electrodomestico","10":"desktop-align-left","11":"tablet-align-left","12":"mobile-align-left","14":"first","15":"instock","16":"shipping-taxable","17":"product-type-simple"},"yoast_head":"<!-- This site is optimized with the Yoast SEO plugin v27.2 - https:\/\/yoast.com\/product\/yoast-seo-wordpress\/ -->\n<title>Bomba de Diafragma, Bomba Diafragma DP33 &#8211; Leili Motor<\/title>\n<meta name=\"description\" content=\"La bomba de diafragma DP33 garantiza un funcionamiento eficiente de 24 VCC, un flujo de 360 \u200b\u200bml\/min, un rendimiento silencioso y una durabilidad de \u2265600 horas, ideal para cafeteras y aspiradoras.\" \/>\n<meta name=\"robots\" content=\"index, follow, max-snippet:-1, max-image-preview:large, max-video-preview:-1\" \/>\n<link rel=\"canonical\" href=\"https:\/\/www.leili-motor.net\/es\/bomba-de-diafragma-dp33.html\" \/>\n<meta name=\"twitter:label1\" content=\"Tiempo de lectura\" \/>\n\t<meta name=\"twitter:data1\" content=\"1 minuto\" \/>\n<script type=\"application\/ld+json\" class=\"yoast-schema-graph\">{\"@context\":\"https:\/\/schema.org\",\"@graph\":[{\"@type\":\"WebPage\",\"@id\":\"https:\/\/www.leili-motor.net\/es\/bomba-de-diafragma-dp33.html\",\"url\":\"https:\/\/www.leili-motor.net\/es\/bomba-de-diafragma-dp33.html\",\"name\":\"Bomba de Diafragma, Bomba Diafragma DP33 &#8211; Leili Motor\",\"isPartOf\":{\"@id\":\"https:\/\/www.leili-motor.net\/es\/#website\"},\"primaryImageOfPage\":{\"@id\":\"https:\/\/www.leili-motor.net\/es\/bomba-de-diafragma-dp33.html#primaryimage\"},\"image\":{\"@id\":\"https:\/\/www.leili-motor.net\/es\/bomba-de-diafragma-dp33.html#primaryimage\"},\"thumbnailUrl\":\"https:\/\/www.leili-motor.net\/wp-content\/uploads\/2025\/03\/DP33-Diaphragm-Pump.webp\",\"datePublished\":\"2025-03-12T01:13:06+00:00\",\"dateModified\":\"2025-04-24T05:31:18+00:00\",\"description\":\"La bomba de diafragma DP33 garantiza un funcionamiento eficiente de 24 VCC, un flujo de 360 \u200b\u200bml\/min, un rendimiento silencioso y una durabilidad de \u2265600 horas, ideal para cafeteras y aspiradoras.\",\"breadcrumb\":{\"@id\":\"https:\/\/www.leili-motor.net\/es\/bomba-de-diafragma-dp33.html#breadcrumb\"},\"inLanguage\":\"es\",\"potentialAction\":[{\"@type\":\"ReadAction\",\"target\":[\"https:\/\/www.leili-motor.net\/es\/bomba-de-diafragma-dp33.html\"]}]},{\"@type\":\"ImageObject\",\"inLanguage\":\"es\",\"@id\":\"https:\/\/www.leili-motor.net\/es\/bomba-de-diafragma-dp33.html#primaryimage\",\"url\":\"https:\/\/www.leili-motor.net\/wp-content\/uploads\/2025\/03\/DP33-Diaphragm-Pump.webp\",\"contentUrl\":\"https:\/\/www.leili-motor.net\/wp-content\/uploads\/2025\/03\/DP33-Diaphragm-Pump.webp\",\"width\":454,\"height\":310,\"caption\":\"Bomba de diafragma DP33\"},{\"@type\":\"BreadcrumbList\",\"@id\":\"https:\/\/www.leili-motor.net\/es\/bomba-de-diafragma-dp33.html#breadcrumb\",\"itemListElement\":[{\"@type\":\"ListItem\",\"position\":1,\"name\":\"Home\",\"item\":\"https:\/\/www.leili-motor.net\/es\/hogar\/\"},{\"@type\":\"ListItem\",\"position\":2,\"name\":\"Productos\",\"item\":\"https:\/\/www.leili-motor.net\/es\/productos\/\"},{\"@type\":\"ListItem\",\"position\":3,\"name\":\"Bomba de Diafragma DP33\"}]},{\"@type\":\"WebSite\",\"@id\":\"https:\/\/www.leili-motor.net\/es\/#website\",\"url\":\"https:\/\/www.leili-motor.net\/es\/\",\"name\":\"Leili Motor\",\"description\":\"\",\"publisher\":{\"@id\":\"https:\/\/www.leili-motor.net\/es\/#organization\"},\"potentialAction\":[{\"@type\":\"SearchAction\",\"target\":{\"@type\":\"EntryPoint\",\"urlTemplate\":\"https:\/\/www.leili-motor.net\/es\/?s={search_term_string}\"},\"query-input\":{\"@type\":\"PropertyValueSpecification\",\"valueRequired\":true,\"valueName\":\"search_term_string\"}}],\"inLanguage\":\"es\"},{\"@type\":\"Organization\",\"@id\":\"https:\/\/www.leili-motor.net\/es\/#organization\",\"name\":\"Leili Motor\",\"url\":\"https:\/\/www.leili-motor.net\/es\/\",\"logo\":{\"@type\":\"ImageObject\",\"inLanguage\":\"es\",\"@id\":\"https:\/\/www.leili-motor.net\/es\/#\/schema\/logo\/image\/\",\"url\":\"https:\/\/www.leili-motor.net\/wp-content\/uploads\/2025\/03\/Leili-Motor.png\",\"contentUrl\":\"https:\/\/www.leili-motor.net\/wp-content\/uploads\/2025\/03\/Leili-Motor.png\",\"width\":600,\"height\":156,\"caption\":\"Leili Motor\"},\"image\":{\"@id\":\"https:\/\/www.leili-motor.net\/es\/#\/schema\/logo\/image\/\"}}]}<\/script>\n<!-- \/ Yoast SEO plugin. -->","yoast_head_json":{"title":"Bomba de Diafragma, Bomba Diafragma DP33 &#8211; Leili Motor","description":"La bomba de diafragma DP33 garantiza un funcionamiento eficiente de 24 VCC, un flujo de 360 \u200b\u200bml\/min, un rendimiento silencioso y una durabilidad de \u2265600 horas, ideal para cafeteras y aspiradoras.","robots":{"index":"index","follow":"follow","max-snippet":"max-snippet:-1","max-image-preview":"max-image-preview:large","max-video-preview":"max-video-preview:-1"},"canonical":"https:\/\/www.leili-motor.net\/es\/bomba-de-diafragma-dp33.html","twitter_misc":{"Tiempo de lectura":"1 minuto"},"schema":{"@context":"https:\/\/schema.org","@graph":[{"@type":"WebPage","@id":"https:\/\/www.leili-motor.net\/es\/bomba-de-diafragma-dp33.html","url":"https:\/\/www.leili-motor.net\/es\/bomba-de-diafragma-dp33.html","name":"Bomba de Diafragma, Bomba Diafragma DP33 &#8211; Leili Motor","isPartOf":{"@id":"https:\/\/www.leili-motor.net\/es\/#website"},"primaryImageOfPage":{"@id":"https:\/\/www.leili-motor.net\/es\/bomba-de-diafragma-dp33.html#primaryimage"},"image":{"@id":"https:\/\/www.leili-motor.net\/es\/bomba-de-diafragma-dp33.html#primaryimage"},"thumbnailUrl":"https:\/\/www.leili-motor.net\/wp-content\/uploads\/2025\/03\/DP33-Diaphragm-Pump.webp","datePublished":"2025-03-12T01:13:06+00:00","dateModified":"2025-04-24T05:31:18+00:00","description":"La bomba de diafragma DP33 garantiza un funcionamiento eficiente de 24 VCC, un flujo de 360 \u200b\u200bml\/min, un rendimiento silencioso y una durabilidad de \u2265600 horas, ideal para cafeteras y aspiradoras.","breadcrumb":{"@id":"https:\/\/www.leili-motor.net\/es\/bomba-de-diafragma-dp33.html#breadcrumb"},"inLanguage":"es","potentialAction":[{"@type":"ReadAction","target":["https:\/\/www.leili-motor.net\/es\/bomba-de-diafragma-dp33.html"]}]},{"@type":"ImageObject","inLanguage":"es","@id":"https:\/\/www.leili-motor.net\/es\/bomba-de-diafragma-dp33.html#primaryimage","url":"https:\/\/www.leili-motor.net\/wp-content\/uploads\/2025\/03\/DP33-Diaphragm-Pump.webp","contentUrl":"https:\/\/www.leili-motor.net\/wp-content\/uploads\/2025\/03\/DP33-Diaphragm-Pump.webp","width":454,"height":310,"caption":"Bomba de diafragma DP33"},{"@type":"BreadcrumbList","@id":"https:\/\/www.leili-motor.net\/es\/bomba-de-diafragma-dp33.html#breadcrumb","itemListElement":[{"@type":"ListItem","position":1,"name":"Home","item":"https:\/\/www.leili-motor.net\/es\/hogar\/"},{"@type":"ListItem","position":2,"name":"Productos","item":"https:\/\/www.leili-motor.net\/es\/productos\/"},{"@type":"ListItem","position":3,"name":"Bomba de Diafragma DP33"}]},{"@type":"WebSite","@id":"https:\/\/www.leili-motor.net\/es\/#website","url":"https:\/\/www.leili-motor.net\/es\/","name":"Leili Motor","description":"","publisher":{"@id":"https:\/\/www.leili-motor.net\/es\/#organization"},"potentialAction":[{"@type":"SearchAction","target":{"@type":"EntryPoint","urlTemplate":"https:\/\/www.leili-motor.net\/es\/?s={search_term_string}"},"query-input":{"@type":"PropertyValueSpecification","valueRequired":true,"valueName":"search_term_string"}}],"inLanguage":"es"},{"@type":"Organization","@id":"https:\/\/www.leili-motor.net\/es\/#organization","name":"Leili Motor","url":"https:\/\/www.leili-motor.net\/es\/","logo":{"@type":"ImageObject","inLanguage":"es","@id":"https:\/\/www.leili-motor.net\/es\/#\/schema\/logo\/image\/","url":"https:\/\/www.leili-motor.net\/wp-content\/uploads\/2025\/03\/Leili-Motor.png","contentUrl":"https:\/\/www.leili-motor.net\/wp-content\/uploads\/2025\/03\/Leili-Motor.png","width":600,"height":156,"caption":"Leili Motor"},"image":{"@id":"https:\/\/www.leili-motor.net\/es\/#\/schema\/logo\/image\/"}}]}},"_links":{"self":[{"href":"https:\/\/www.leili-motor.net\/es\/wp-json\/wp\/v2\/product\/7011","targetHints":{"allow":["GET"]}}],"collection":[{"href":"https:\/\/www.leili-motor.net\/es\/wp-json\/wp\/v2\/product"}],"about":[{"href":"https:\/\/www.leili-motor.net\/es\/wp-json\/wp\/v2\/types\/product"}],"replies":[{"embeddable":true,"href":"https:\/\/www.leili-motor.net\/es\/wp-json\/wp\/v2\/comments?post=7011"}],"wp:featuredmedia":[{"embeddable":true,"href":"https:\/\/www.leili-motor.net\/es\/wp-json\/wp\/v2\/media\/6034"}],"wp:attachment":[{"href":"https:\/\/www.leili-motor.net\/es\/wp-json\/wp\/v2\/media?parent=7011"}],"wp:term":[{"taxonomy":"product_brand","embeddable":true,"href":"https:\/\/www.leili-motor.net\/es\/wp-json\/wp\/v2\/product_brand?post=7011"},{"taxonomy":"product_cat","embeddable":true,"href":"https:\/\/www.leili-motor.net\/es\/wp-json\/wp\/v2\/product_cat?post=7011"},{"taxonomy":"product_tag","embeddable":true,"href":"https:\/\/www.leili-motor.net\/es\/wp-json\/wp\/v2\/product_tag?post=7011"}],"curies":[{"name":"wp","href":"https:\/\/api.w.org\/{rel}","templated":true}]}}