{"id":7012,"date":"2025-03-17T14:03:42","date_gmt":"2025-03-17T06:03:42","guid":{"rendered":"https:\/\/www.leili-motor.net\/motor-de-bobina-movil-de-38-mm-de-tamano-de-marco\/"},"modified":"2025-03-17T14:03:42","modified_gmt":"2025-03-17T06:03:42","slug":"motor-de-bobina-movil-de-38-mm-de-tamano-de-marco","status":"publish","type":"product","link":"https:\/\/www.leili-motor.net\/es\/motor-de-bobina-movil-de-38-mm-de-tamano-de-marco.html","title":{"rendered":"Motor de Bobina M\u00f3vil de 38 mm de Tama\u00f1o de Marco"},"content":{"rendered":"<h2>Par\u00e1metros del Producto<\/h2>\n<table>\n<tbody>\n<tr>\n<td>M\u00e1quina el\u00e9ctrica<br \/>\nbancada del motor<\/td>\n<td>Viaje (mm)<\/td>\n<td>Constante de fuerza (N\/A)<\/td>\n<td>Resistencia de aislamiento (M\u03a9)<\/td>\n<td>Respuesta din\u00e1mica<br \/>\n\uff08ms\uff09<\/td>\n<td>Fuerza de hist\u00e9resis (mN)<\/td>\n<td>Fuerza de fricci\u00f3n (mN)<\/td>\n<td>Vida<br \/>\n(M\uff09<\/td>\n<td>Temperatura de funcionamiento (\u2103)<\/td>\n<td>Temperatura m\u00e1xima de la bobina (\u2103)<\/td>\n<td>Fuga de gas (sccm) a 12 kPa<\/td>\n<\/tr>\n<tr>\n<td rowspan=\"2\">38<\/td>\n<td rowspan=\"2\">7.7<\/td>\n<td rowspan=\"2\">4.8<\/td>\n<td rowspan=\"2\">100<\/td>\n<td rowspan=\"2\">&lt;20<\/td>\n<td rowspan=\"2\">&lt;40<\/td>\n<td rowspan=\"2\">&lt;50<\/td>\n<td rowspan=\"2\">&gt;30<\/td>\n<td rowspan=\"2\">5~40<\/td>\n<td rowspan=\"2\">120<\/td>\n<td rowspan=\"2\">&lt;10<\/td>\n<\/tr>\n<\/tbody>\n<\/table>\n<h2>Dimensiones mec\u00e1nicas: mm<\/h2>\n<p><img fetchpriority=\"high\" decoding=\"async\" class=\"size-full wp-image-3543 aligncenter\" src=\"https:\/\/www.leili-motor.net\/wp-content\/uploads\/2025\/03\/Frame-Size-38mm-Voice-Coil-Motor-Dimensions.webp\" alt=\"Dimensiones del motor de bobina m\u00f3vil de 38 mm y tama\u00f1o del marco\" width=\"2000\" height=\"677\" srcset=\"https:\/\/www.leili-motor.net\/wp-content\/uploads\/2025\/03\/Frame-Size-38mm-Voice-Coil-Motor-Dimensions.webp 2000w, https:\/\/www.leili-motor.net\/wp-content\/uploads\/2025\/03\/Frame-Size-38mm-Voice-Coil-Motor-Dimensions-300x102.webp 300w, https:\/\/www.leili-motor.net\/wp-content\/uploads\/2025\/03\/Frame-Size-38mm-Voice-Coil-Motor-Dimensions-1024x347.webp 1024w, https:\/\/www.leili-motor.net\/wp-content\/uploads\/2025\/03\/Frame-Size-38mm-Voice-Coil-Motor-Dimensions-768x260.webp 768w, https:\/\/www.leili-motor.net\/wp-content\/uploads\/2025\/03\/Frame-Size-38mm-Voice-Coil-Motor-Dimensions-1536x520.webp 1536w, https:\/\/www.leili-motor.net\/wp-content\/uploads\/2025\/03\/Frame-Size-38mm-Voice-Coil-Motor-Dimensions-600x203.webp 600w\" sizes=\"(max-width: 2000px) 100vw, 2000px\" \/><\/p>\n","protected":false},"excerpt":{"rendered":"<h3>Introducci\u00f3n Del Producto<\/h3>\n<ul>\n<li>Constante de fuerza de 7,7 N\/A con fuerza de hist\u00e9resis inferior a 20 mN para un funcionamiento preciso.<\/li>\n<li>Resistencia de aislamiento de 100 M\u03a9 y respuesta din\u00e1mica inferior a 4,8 ms para reacciones r\u00e1pidas.<\/li>\n<li>Temperatura m\u00e1xima de la bobina de 120\u00b0C con fuga de gas por debajo de 10 sccm a 12 Kpa.<\/li>\n<\/ul>\n","protected":false},"featured_media":3544,"comment_status":"open","ping_status":"closed","template":"","meta":{"site-sidebar-layout":"default","site-content-layout":"","ast-site-content-layout":"default","site-content-style":"default","site-sidebar-style":"default","ast-global-header-display":"","ast-banner-title-visibility":"","ast-main-header-display":"","ast-hfb-above-header-display":"","ast-hfb-below-header-display":"","ast-hfb-mobile-header-display":"","site-post-title":"","ast-breadcrumbs-content":"","ast-featured-img":"","footer-sml-layout":"","theme-transparent-header-meta":"default","adv-header-id-meta":"","stick-header-meta":"","header-above-stick-meta":"","header-main-stick-meta":"","header-below-stick-meta":"","astra-migrate-meta-layouts":"default","ast-page-background-enabled":"default","ast-page-background-meta":{"desktop":{"background-color":"var(--ast-global-color-5)","background-image":"","background-repeat":"repeat","background-position":"center center","background-size":"auto","background-attachment":"scroll","background-type":"","background-media":"","overlay-type":"","overlay-color":"","overlay-opacity":"","overlay-gradient":""},"tablet":{"background-color":"","background-image":"","background-repeat":"repeat","background-position":"center center","background-size":"auto","background-attachment":"scroll","background-type":"","background-media":"","overlay-type":"","overlay-color":"","overlay-opacity":"","overlay-gradient":""},"mobile":{"background-color":"","background-image":"","background-repeat":"repeat","background-position":"center center","background-size":"auto","background-attachment":"scroll","background-type":"","background-media":"","overlay-type":"","overlay-color":"","overlay-opacity":"","overlay-gradient":""}},"ast-content-background-meta":{"desktop":{"background-color":"var(--ast-global-color-4)","background-image":"","background-repeat":"repeat","background-position":"center center","background-size":"auto","background-attachment":"scroll","background-type":"","background-media":"","overlay-type":"","overlay-color":"","overlay-opacity":"","overlay-gradient":""},"tablet":{"background-color":"var(--ast-global-color-4)","background-image":"","background-repeat":"repeat","background-position":"center center","background-size":"auto","background-attachment":"scroll","background-type":"","background-media":"","overlay-type":"","overlay-color":"","overlay-opacity":"","overlay-gradient":""},"mobile":{"background-color":"var(--ast-global-color-4)","background-image":"","background-repeat":"repeat","background-position":"center center","background-size":"auto","background-attachment":"scroll","background-type":"","background-media":"","overlay-type":"","overlay-color":"","overlay-opacity":"","overlay-gradient":""}}},"product_brand":[],"product_cat":[663,757],"product_tag":[743],"class_list":{"0":"post-7012","1":"product","2":"type-product","3":"status-publish","4":"has-post-thumbnail","6":"product_cat-categoria-de-motor-sin-escobillas-de-cc","7":"product_cat-motores-de-bobina-movil","8":"product_tag-instrumentos-medicos-motor-de-bobina-movil","9":"pa_application-salud-deportiva","10":"desktop-align-left","11":"tablet-align-left","12":"mobile-align-left","14":"first","15":"instock","16":"shipping-taxable","17":"product-type-simple"},"yoast_head":"<!-- This site is optimized with the Yoast SEO plugin v27.2 - https:\/\/yoast.com\/product\/yoast-seo-wordpress\/ -->\n<title>Motor de Bobina M\u00f3vil de 38 mm de Tama\u00f1o de Marco &#8211; Leili Motor<\/title>\n<meta name=\"description\" content=\"El motor de bobina m\u00f3vil de 38 mm tiene una constante de fuerza de 7,7 N\/A, una resistencia de aislamiento de 4,8 M\u03a9 y funciona a temperaturas de hasta 120 \u00b0C con &lt;Fuga de gas de 10 sccm.\" \/>\n<meta name=\"robots\" content=\"index, follow, max-snippet:-1, max-image-preview:large, max-video-preview:-1\" \/>\n<link rel=\"canonical\" href=\"https:\/\/www.leili-motor.net\/es\/motor-de-bobina-movil-de-38-mm-de-tamano-de-marco.html\" \/>\n<script type=\"application\/ld+json\" class=\"yoast-schema-graph\">{\"@context\":\"https:\/\/schema.org\",\"@graph\":[{\"@type\":\"WebPage\",\"@id\":\"https:\/\/www.leili-motor.net\/es\/motor-de-bobina-movil-de-38-mm-de-tamano-de-marco.html\",\"url\":\"https:\/\/www.leili-motor.net\/es\/motor-de-bobina-movil-de-38-mm-de-tamano-de-marco.html\",\"name\":\"Motor de Bobina M\u00f3vil de 38 mm de Tama\u00f1o de Marco &#8211; Leili Motor\",\"isPartOf\":{\"@id\":\"https:\/\/www.leili-motor.net\/es\/#website\"},\"primaryImageOfPage\":{\"@id\":\"https:\/\/www.leili-motor.net\/es\/motor-de-bobina-movil-de-38-mm-de-tamano-de-marco.html#primaryimage\"},\"image\":{\"@id\":\"https:\/\/www.leili-motor.net\/es\/motor-de-bobina-movil-de-38-mm-de-tamano-de-marco.html#primaryimage\"},\"thumbnailUrl\":\"https:\/\/www.leili-motor.net\/wp-content\/uploads\/2025\/03\/Frame-Size-38mm-Voice-Coil-Motor.webp\",\"datePublished\":\"2025-03-17T06:03:42+00:00\",\"description\":\"El motor de bobina m\u00f3vil de 38 mm tiene una constante de fuerza de 7,7 N\/A, una resistencia de aislamiento de 4,8 M\u03a9 y funciona a temperaturas de hasta 120 \u00b0C con &lt;Fuga de gas de 10 sccm.\",\"breadcrumb\":{\"@id\":\"https:\/\/www.leili-motor.net\/es\/motor-de-bobina-movil-de-38-mm-de-tamano-de-marco.html#breadcrumb\"},\"inLanguage\":\"es\",\"potentialAction\":[{\"@type\":\"ReadAction\",\"target\":[\"https:\/\/www.leili-motor.net\/es\/motor-de-bobina-movil-de-38-mm-de-tamano-de-marco.html\"]}]},{\"@type\":\"ImageObject\",\"inLanguage\":\"es\",\"@id\":\"https:\/\/www.leili-motor.net\/es\/motor-de-bobina-movil-de-38-mm-de-tamano-de-marco.html#primaryimage\",\"url\":\"https:\/\/www.leili-motor.net\/wp-content\/uploads\/2025\/03\/Frame-Size-38mm-Voice-Coil-Motor.webp\",\"contentUrl\":\"https:\/\/www.leili-motor.net\/wp-content\/uploads\/2025\/03\/Frame-Size-38mm-Voice-Coil-Motor.webp\",\"width\":454,\"height\":310,\"caption\":\"Frame Size 38mm Voice Coil Motor\"},{\"@type\":\"BreadcrumbList\",\"@id\":\"https:\/\/www.leili-motor.net\/es\/motor-de-bobina-movil-de-38-mm-de-tamano-de-marco.html#breadcrumb\",\"itemListElement\":[{\"@type\":\"ListItem\",\"position\":1,\"name\":\"Home\",\"item\":\"https:\/\/www.leili-motor.net\/es\/hogar\/\"},{\"@type\":\"ListItem\",\"position\":2,\"name\":\"Productos\",\"item\":\"https:\/\/www.leili-motor.net\/es\/productos\/\"},{\"@type\":\"ListItem\",\"position\":3,\"name\":\"Motor de Bobina M\u00f3vil de 38 mm de Tama\u00f1o de Marco\"}]},{\"@type\":\"WebSite\",\"@id\":\"https:\/\/www.leili-motor.net\/es\/#website\",\"url\":\"https:\/\/www.leili-motor.net\/es\/\",\"name\":\"Leili Motor\",\"description\":\"\",\"publisher\":{\"@id\":\"https:\/\/www.leili-motor.net\/es\/#organization\"},\"potentialAction\":[{\"@type\":\"SearchAction\",\"target\":{\"@type\":\"EntryPoint\",\"urlTemplate\":\"https:\/\/www.leili-motor.net\/es\/?s={search_term_string}\"},\"query-input\":{\"@type\":\"PropertyValueSpecification\",\"valueRequired\":true,\"valueName\":\"search_term_string\"}}],\"inLanguage\":\"es\"},{\"@type\":\"Organization\",\"@id\":\"https:\/\/www.leili-motor.net\/es\/#organization\",\"name\":\"Leili Motor\",\"url\":\"https:\/\/www.leili-motor.net\/es\/\",\"logo\":{\"@type\":\"ImageObject\",\"inLanguage\":\"es\",\"@id\":\"https:\/\/www.leili-motor.net\/es\/#\/schema\/logo\/image\/\",\"url\":\"https:\/\/www.leili-motor.net\/wp-content\/uploads\/2025\/03\/Leili-Motor.png\",\"contentUrl\":\"https:\/\/www.leili-motor.net\/wp-content\/uploads\/2025\/03\/Leili-Motor.png\",\"width\":600,\"height\":156,\"caption\":\"Leili Motor\"},\"image\":{\"@id\":\"https:\/\/www.leili-motor.net\/es\/#\/schema\/logo\/image\/\"}}]}<\/script>\n<!-- \/ Yoast SEO plugin. -->","yoast_head_json":{"title":"Motor de Bobina M\u00f3vil de 38 mm de Tama\u00f1o de Marco &#8211; Leili Motor","description":"El motor de bobina m\u00f3vil de 38 mm tiene una constante de fuerza de 7,7 N\/A, una resistencia de aislamiento de 4,8 M\u03a9 y funciona a temperaturas de hasta 120 \u00b0C con &lt;Fuga de gas de 10 sccm.","robots":{"index":"index","follow":"follow","max-snippet":"max-snippet:-1","max-image-preview":"max-image-preview:large","max-video-preview":"max-video-preview:-1"},"canonical":"https:\/\/www.leili-motor.net\/es\/motor-de-bobina-movil-de-38-mm-de-tamano-de-marco.html","schema":{"@context":"https:\/\/schema.org","@graph":[{"@type":"WebPage","@id":"https:\/\/www.leili-motor.net\/es\/motor-de-bobina-movil-de-38-mm-de-tamano-de-marco.html","url":"https:\/\/www.leili-motor.net\/es\/motor-de-bobina-movil-de-38-mm-de-tamano-de-marco.html","name":"Motor de Bobina M\u00f3vil de 38 mm de Tama\u00f1o de Marco &#8211; Leili Motor","isPartOf":{"@id":"https:\/\/www.leili-motor.net\/es\/#website"},"primaryImageOfPage":{"@id":"https:\/\/www.leili-motor.net\/es\/motor-de-bobina-movil-de-38-mm-de-tamano-de-marco.html#primaryimage"},"image":{"@id":"https:\/\/www.leili-motor.net\/es\/motor-de-bobina-movil-de-38-mm-de-tamano-de-marco.html#primaryimage"},"thumbnailUrl":"https:\/\/www.leili-motor.net\/wp-content\/uploads\/2025\/03\/Frame-Size-38mm-Voice-Coil-Motor.webp","datePublished":"2025-03-17T06:03:42+00:00","description":"El motor de bobina m\u00f3vil de 38 mm tiene una constante de fuerza de 7,7 N\/A, una resistencia de aislamiento de 4,8 M\u03a9 y funciona a temperaturas de hasta 120 \u00b0C con &lt;Fuga de gas de 10 sccm.","breadcrumb":{"@id":"https:\/\/www.leili-motor.net\/es\/motor-de-bobina-movil-de-38-mm-de-tamano-de-marco.html#breadcrumb"},"inLanguage":"es","potentialAction":[{"@type":"ReadAction","target":["https:\/\/www.leili-motor.net\/es\/motor-de-bobina-movil-de-38-mm-de-tamano-de-marco.html"]}]},{"@type":"ImageObject","inLanguage":"es","@id":"https:\/\/www.leili-motor.net\/es\/motor-de-bobina-movil-de-38-mm-de-tamano-de-marco.html#primaryimage","url":"https:\/\/www.leili-motor.net\/wp-content\/uploads\/2025\/03\/Frame-Size-38mm-Voice-Coil-Motor.webp","contentUrl":"https:\/\/www.leili-motor.net\/wp-content\/uploads\/2025\/03\/Frame-Size-38mm-Voice-Coil-Motor.webp","width":454,"height":310,"caption":"Frame Size 38mm Voice Coil Motor"},{"@type":"BreadcrumbList","@id":"https:\/\/www.leili-motor.net\/es\/motor-de-bobina-movil-de-38-mm-de-tamano-de-marco.html#breadcrumb","itemListElement":[{"@type":"ListItem","position":1,"name":"Home","item":"https:\/\/www.leili-motor.net\/es\/hogar\/"},{"@type":"ListItem","position":2,"name":"Productos","item":"https:\/\/www.leili-motor.net\/es\/productos\/"},{"@type":"ListItem","position":3,"name":"Motor de Bobina M\u00f3vil de 38 mm de Tama\u00f1o de Marco"}]},{"@type":"WebSite","@id":"https:\/\/www.leili-motor.net\/es\/#website","url":"https:\/\/www.leili-motor.net\/es\/","name":"Leili Motor","description":"","publisher":{"@id":"https:\/\/www.leili-motor.net\/es\/#organization"},"potentialAction":[{"@type":"SearchAction","target":{"@type":"EntryPoint","urlTemplate":"https:\/\/www.leili-motor.net\/es\/?s={search_term_string}"},"query-input":{"@type":"PropertyValueSpecification","valueRequired":true,"valueName":"search_term_string"}}],"inLanguage":"es"},{"@type":"Organization","@id":"https:\/\/www.leili-motor.net\/es\/#organization","name":"Leili Motor","url":"https:\/\/www.leili-motor.net\/es\/","logo":{"@type":"ImageObject","inLanguage":"es","@id":"https:\/\/www.leili-motor.net\/es\/#\/schema\/logo\/image\/","url":"https:\/\/www.leili-motor.net\/wp-content\/uploads\/2025\/03\/Leili-Motor.png","contentUrl":"https:\/\/www.leili-motor.net\/wp-content\/uploads\/2025\/03\/Leili-Motor.png","width":600,"height":156,"caption":"Leili Motor"},"image":{"@id":"https:\/\/www.leili-motor.net\/es\/#\/schema\/logo\/image\/"}}]}},"_links":{"self":[{"href":"https:\/\/www.leili-motor.net\/es\/wp-json\/wp\/v2\/product\/7012","targetHints":{"allow":["GET"]}}],"collection":[{"href":"https:\/\/www.leili-motor.net\/es\/wp-json\/wp\/v2\/product"}],"about":[{"href":"https:\/\/www.leili-motor.net\/es\/wp-json\/wp\/v2\/types\/product"}],"replies":[{"embeddable":true,"href":"https:\/\/www.leili-motor.net\/es\/wp-json\/wp\/v2\/comments?post=7012"}],"wp:featuredmedia":[{"embeddable":true,"href":"https:\/\/www.leili-motor.net\/es\/wp-json\/wp\/v2\/media\/3544"}],"wp:attachment":[{"href":"https:\/\/www.leili-motor.net\/es\/wp-json\/wp\/v2\/media?parent=7012"}],"wp:term":[{"taxonomy":"product_brand","embeddable":true,"href":"https:\/\/www.leili-motor.net\/es\/wp-json\/wp\/v2\/product_brand?post=7012"},{"taxonomy":"product_cat","embeddable":true,"href":"https:\/\/www.leili-motor.net\/es\/wp-json\/wp\/v2\/product_cat?post=7012"},{"taxonomy":"product_tag","embeddable":true,"href":"https:\/\/www.leili-motor.net\/es\/wp-json\/wp\/v2\/product_tag?post=7012"}],"curies":[{"name":"wp","href":"https:\/\/api.w.org\/{rel}","templated":true}]}}