{"id":7014,"date":"2025-03-17T13:49:48","date_gmt":"2025-03-17T05:49:48","guid":{"rendered":"https:\/\/www.leili-motor.net\/motor-de-bobina-movil-de-254-mm-de-tamano-de-bastidor\/"},"modified":"2025-03-17T13:49:48","modified_gmt":"2025-03-17T05:49:48","slug":"motor-de-bobina-movil-de-254-mm-de-tamano-de-bastidor","status":"publish","type":"product","link":"https:\/\/www.leili-motor.net\/es\/motor-de-bobina-movil-de-254-mm-de-tamano-de-bastidor.html","title":{"rendered":"Motor de Bobina M\u00f3vil de 25,4 mm de Tama\u00f1o de Bastidor"},"content":{"rendered":"<h2>Par\u00e1metros del Producto<\/h2>\n<table>\n<tbody>\n<tr>\n<td>Recorrido<br \/>\n(mm)<\/td>\n<td>Constante de fuerza contraelectromotriz (V\/m\/s)<\/td>\n<td>Empuje sostenido<br \/>\n(N)<\/td>\n<td>Corriente sostenida<br \/>\nBobina<br \/>\n(@100\u2103)<\/td>\n<td>Empuje m\u00e1ximo (N)<\/td>\n<td>Sensibilidad de fuerza<br \/>\nN\/A (posici\u00f3n media)<\/td>\n<td>Resistencia\/Fase<br \/>\n(\u03a9)<\/td>\n<td>Inductancia\/Fase<br \/>\n(mH)<\/td>\n<td>Holgura de la bobina<br \/>\n(mm)<\/td>\n<td>Temperatura m\u00e1xima de la bobina<br \/>\n(\u2103)<\/td>\n<td>Peso de la bobina<br \/>\n(g)<\/td>\n<td>Peso del fuselaje<br \/>\n(g)<\/td>\n<\/tr>\n<tr>\n<td rowspan=\"2\">9.5<\/td>\n<td rowspan=\"2\">9<\/td>\n<td rowspan=\"2\">11<\/td>\n<td rowspan=\"2\">1.25<\/td>\n<td rowspan=\"2\">31<\/td>\n<td rowspan=\"2\">9<\/td>\n<td rowspan=\"2\">6.9<\/td>\n<td rowspan=\"2\">2<\/td>\n<td rowspan=\"2\">0.38<\/td>\n<td rowspan=\"2\">100<\/td>\n<td rowspan=\"2\">33<\/td>\n<td rowspan=\"2\">102<\/td>\n<\/tr>\n<\/tbody>\n<\/table>\n<h2>Dimensiones mec\u00e1nicas: mm<\/h2>\n<p><img fetchpriority=\"high\" decoding=\"async\" class=\"size-full wp-image-3522 aligncenter\" src=\"https:\/\/www.leili-motor.net\/wp-content\/uploads\/2025\/03\/Frame-Size-25.4mm-Voice-Coil-Motor-Dimensions.webp\" alt=\"Dimensiones del motor de bobina m\u00f3vil de 25,4 mm y tama\u00f1o del marco\" width=\"999\" height=\"423\" srcset=\"https:\/\/www.leili-motor.net\/wp-content\/uploads\/2025\/03\/Frame-Size-25.4mm-Voice-Coil-Motor-Dimensions.webp 999w, https:\/\/www.leili-motor.net\/wp-content\/uploads\/2025\/03\/Frame-Size-25.4mm-Voice-Coil-Motor-Dimensions-300x127.webp 300w, https:\/\/www.leili-motor.net\/wp-content\/uploads\/2025\/03\/Frame-Size-25.4mm-Voice-Coil-Motor-Dimensions-768x325.webp 768w, https:\/\/www.leili-motor.net\/wp-content\/uploads\/2025\/03\/Frame-Size-25.4mm-Voice-Coil-Motor-Dimensions-600x254.webp 600w\" sizes=\"(max-width: 999px) 100vw, 999px\" \/><\/p>\n","protected":false},"excerpt":{"rendered":"<h3>Introducci\u00f3n Del Producto<\/h3>\n<ul>\n<li>Empuje sostenido de 11 N con empuje m\u00e1ximo que alcanza hasta 31 N.<\/li>\n<li>Fuerza contraelectromotriz constante de 9 V\/m\/s con resistencia de bobina de 0,38 \u03a9.<\/li>\n<li>Temperatura m\u00e1xima de bobina de 100\u00b0C y peso del fuselaje de 102 g para una mayor longevidad.<\/li>\n<\/ul>\n","protected":false},"featured_media":3526,"comment_status":"open","ping_status":"closed","template":"","meta":{"site-sidebar-layout":"default","site-content-layout":"","ast-site-content-layout":"default","site-content-style":"default","site-sidebar-style":"default","ast-global-header-display":"","ast-banner-title-visibility":"","ast-main-header-display":"","ast-hfb-above-header-display":"","ast-hfb-below-header-display":"","ast-hfb-mobile-header-display":"","site-post-title":"","ast-breadcrumbs-content":"","ast-featured-img":"","footer-sml-layout":"","theme-transparent-header-meta":"default","adv-header-id-meta":"","stick-header-meta":"","header-above-stick-meta":"","header-main-stick-meta":"","header-below-stick-meta":"","astra-migrate-meta-layouts":"default","ast-page-background-enabled":"default","ast-page-background-meta":{"desktop":{"background-color":"var(--ast-global-color-5)","background-image":"","background-repeat":"repeat","background-position":"center center","background-size":"auto","background-attachment":"scroll","background-type":"","background-media":"","overlay-type":"","overlay-color":"","overlay-opacity":"","overlay-gradient":""},"tablet":{"background-color":"","background-image":"","background-repeat":"repeat","background-position":"center center","background-size":"auto","background-attachment":"scroll","background-type":"","background-media":"","overlay-type":"","overlay-color":"","overlay-opacity":"","overlay-gradient":""},"mobile":{"background-color":"","background-image":"","background-repeat":"repeat","background-position":"center center","background-size":"auto","background-attachment":"scroll","background-type":"","background-media":"","overlay-type":"","overlay-color":"","overlay-opacity":"","overlay-gradient":""}},"ast-content-background-meta":{"desktop":{"background-color":"var(--ast-global-color-4)","background-image":"","background-repeat":"repeat","background-position":"center center","background-size":"auto","background-attachment":"scroll","background-type":"","background-media":"","overlay-type":"","overlay-color":"","overlay-opacity":"","overlay-gradient":""},"tablet":{"background-color":"var(--ast-global-color-4)","background-image":"","background-repeat":"repeat","background-position":"center center","background-size":"auto","background-attachment":"scroll","background-type":"","background-media":"","overlay-type":"","overlay-color":"","overlay-opacity":"","overlay-gradient":""},"mobile":{"background-color":"var(--ast-global-color-4)","background-image":"","background-repeat":"repeat","background-position":"center center","background-size":"auto","background-attachment":"scroll","background-type":"","background-media":"","overlay-type":"","overlay-color":"","overlay-opacity":"","overlay-gradient":""}}},"product_brand":[],"product_cat":[663,757],"product_tag":[743],"class_list":{"0":"post-7014","1":"product","2":"type-product","3":"status-publish","4":"has-post-thumbnail","6":"product_cat-categoria-de-motor-sin-escobillas-de-cc","7":"product_cat-motores-de-bobina-movil","8":"product_tag-instrumentos-medicos-motor-de-bobina-movil","9":"pa_application-salud-deportiva","10":"desktop-align-left","11":"tablet-align-left","12":"mobile-align-left","14":"first","15":"instock","16":"shipping-taxable","17":"product-type-simple"},"yoast_head":"<!-- This site is optimized with the Yoast SEO plugin v27.2 - https:\/\/yoast.com\/product\/yoast-seo-wordpress\/ -->\n<title>Motor de Bobina M\u00f3vil de 25,4 mm de Tama\u00f1o de Bastidor &#8211; Leili Motor<\/title>\n<meta name=\"description\" content=\"El tama\u00f1o del marco del motor de bobina m\u00f3vil de 25,4 mm ofrece un recorrido de 9,5 mm, un empuje m\u00e1ximo de 11 N, una temperatura m\u00e1xima de bobina de 100 \u2103 y un peso de fuselaje de 33 g para un rendimiento eficiente.\" \/>\n<meta name=\"robots\" content=\"index, follow, max-snippet:-1, max-image-preview:large, max-video-preview:-1\" \/>\n<link rel=\"canonical\" href=\"https:\/\/www.leili-motor.net\/es\/motor-de-bobina-movil-de-254-mm-de-tamano-de-bastidor.html\" \/>\n<script type=\"application\/ld+json\" class=\"yoast-schema-graph\">{\"@context\":\"https:\/\/schema.org\",\"@graph\":[{\"@type\":\"WebPage\",\"@id\":\"https:\/\/www.leili-motor.net\/es\/motor-de-bobina-movil-de-254-mm-de-tamano-de-bastidor.html\",\"url\":\"https:\/\/www.leili-motor.net\/es\/motor-de-bobina-movil-de-254-mm-de-tamano-de-bastidor.html\",\"name\":\"Motor de Bobina M\u00f3vil de 25,4 mm de Tama\u00f1o de Bastidor &#8211; Leili Motor\",\"isPartOf\":{\"@id\":\"https:\/\/www.leili-motor.net\/es\/#website\"},\"primaryImageOfPage\":{\"@id\":\"https:\/\/www.leili-motor.net\/es\/motor-de-bobina-movil-de-254-mm-de-tamano-de-bastidor.html#primaryimage\"},\"image\":{\"@id\":\"https:\/\/www.leili-motor.net\/es\/motor-de-bobina-movil-de-254-mm-de-tamano-de-bastidor.html#primaryimage\"},\"thumbnailUrl\":\"https:\/\/www.leili-motor.net\/wp-content\/uploads\/2025\/03\/Frame-Size-25.4mm-Voice-Coil-Motor.webp\",\"datePublished\":\"2025-03-17T05:49:48+00:00\",\"description\":\"El tama\u00f1o del marco del motor de bobina m\u00f3vil de 25,4 mm ofrece un recorrido de 9,5 mm, un empuje m\u00e1ximo de 11 N, una temperatura m\u00e1xima de bobina de 100 \u2103 y un peso de fuselaje de 33 g para un rendimiento eficiente.\",\"breadcrumb\":{\"@id\":\"https:\/\/www.leili-motor.net\/es\/motor-de-bobina-movil-de-254-mm-de-tamano-de-bastidor.html#breadcrumb\"},\"inLanguage\":\"es\",\"potentialAction\":[{\"@type\":\"ReadAction\",\"target\":[\"https:\/\/www.leili-motor.net\/es\/motor-de-bobina-movil-de-254-mm-de-tamano-de-bastidor.html\"]}]},{\"@type\":\"ImageObject\",\"inLanguage\":\"es\",\"@id\":\"https:\/\/www.leili-motor.net\/es\/motor-de-bobina-movil-de-254-mm-de-tamano-de-bastidor.html#primaryimage\",\"url\":\"https:\/\/www.leili-motor.net\/wp-content\/uploads\/2025\/03\/Frame-Size-25.4mm-Voice-Coil-Motor.webp\",\"contentUrl\":\"https:\/\/www.leili-motor.net\/wp-content\/uploads\/2025\/03\/Frame-Size-25.4mm-Voice-Coil-Motor.webp\",\"width\":454,\"height\":310,\"caption\":\"Frame Size 25.4mm Voice Coil Motor\"},{\"@type\":\"BreadcrumbList\",\"@id\":\"https:\/\/www.leili-motor.net\/es\/motor-de-bobina-movil-de-254-mm-de-tamano-de-bastidor.html#breadcrumb\",\"itemListElement\":[{\"@type\":\"ListItem\",\"position\":1,\"name\":\"Home\",\"item\":\"https:\/\/www.leili-motor.net\/es\/hogar\/\"},{\"@type\":\"ListItem\",\"position\":2,\"name\":\"Productos\",\"item\":\"https:\/\/www.leili-motor.net\/es\/productos\/\"},{\"@type\":\"ListItem\",\"position\":3,\"name\":\"Motor de Bobina M\u00f3vil de 25,4 mm de Tama\u00f1o de Bastidor\"}]},{\"@type\":\"WebSite\",\"@id\":\"https:\/\/www.leili-motor.net\/es\/#website\",\"url\":\"https:\/\/www.leili-motor.net\/es\/\",\"name\":\"Leili Motor\",\"description\":\"\",\"publisher\":{\"@id\":\"https:\/\/www.leili-motor.net\/es\/#organization\"},\"potentialAction\":[{\"@type\":\"SearchAction\",\"target\":{\"@type\":\"EntryPoint\",\"urlTemplate\":\"https:\/\/www.leili-motor.net\/es\/?s={search_term_string}\"},\"query-input\":{\"@type\":\"PropertyValueSpecification\",\"valueRequired\":true,\"valueName\":\"search_term_string\"}}],\"inLanguage\":\"es\"},{\"@type\":\"Organization\",\"@id\":\"https:\/\/www.leili-motor.net\/es\/#organization\",\"name\":\"Leili Motor\",\"url\":\"https:\/\/www.leili-motor.net\/es\/\",\"logo\":{\"@type\":\"ImageObject\",\"inLanguage\":\"es\",\"@id\":\"https:\/\/www.leili-motor.net\/es\/#\/schema\/logo\/image\/\",\"url\":\"https:\/\/www.leili-motor.net\/wp-content\/uploads\/2025\/03\/Leili-Motor.png\",\"contentUrl\":\"https:\/\/www.leili-motor.net\/wp-content\/uploads\/2025\/03\/Leili-Motor.png\",\"width\":600,\"height\":156,\"caption\":\"Leili Motor\"},\"image\":{\"@id\":\"https:\/\/www.leili-motor.net\/es\/#\/schema\/logo\/image\/\"}}]}<\/script>\n<!-- \/ Yoast SEO plugin. -->","yoast_head_json":{"title":"Motor de Bobina M\u00f3vil de 25,4 mm de Tama\u00f1o de Bastidor &#8211; Leili Motor","description":"El tama\u00f1o del marco del motor de bobina m\u00f3vil de 25,4 mm ofrece un recorrido de 9,5 mm, un empuje m\u00e1ximo de 11 N, una temperatura m\u00e1xima de bobina de 100 \u2103 y un peso de fuselaje de 33 g para un rendimiento eficiente.","robots":{"index":"index","follow":"follow","max-snippet":"max-snippet:-1","max-image-preview":"max-image-preview:large","max-video-preview":"max-video-preview:-1"},"canonical":"https:\/\/www.leili-motor.net\/es\/motor-de-bobina-movil-de-254-mm-de-tamano-de-bastidor.html","schema":{"@context":"https:\/\/schema.org","@graph":[{"@type":"WebPage","@id":"https:\/\/www.leili-motor.net\/es\/motor-de-bobina-movil-de-254-mm-de-tamano-de-bastidor.html","url":"https:\/\/www.leili-motor.net\/es\/motor-de-bobina-movil-de-254-mm-de-tamano-de-bastidor.html","name":"Motor de Bobina M\u00f3vil de 25,4 mm de Tama\u00f1o de Bastidor &#8211; Leili Motor","isPartOf":{"@id":"https:\/\/www.leili-motor.net\/es\/#website"},"primaryImageOfPage":{"@id":"https:\/\/www.leili-motor.net\/es\/motor-de-bobina-movil-de-254-mm-de-tamano-de-bastidor.html#primaryimage"},"image":{"@id":"https:\/\/www.leili-motor.net\/es\/motor-de-bobina-movil-de-254-mm-de-tamano-de-bastidor.html#primaryimage"},"thumbnailUrl":"https:\/\/www.leili-motor.net\/wp-content\/uploads\/2025\/03\/Frame-Size-25.4mm-Voice-Coil-Motor.webp","datePublished":"2025-03-17T05:49:48+00:00","description":"El tama\u00f1o del marco del motor de bobina m\u00f3vil de 25,4 mm ofrece un recorrido de 9,5 mm, un empuje m\u00e1ximo de 11 N, una temperatura m\u00e1xima de bobina de 100 \u2103 y un peso de fuselaje de 33 g para un rendimiento eficiente.","breadcrumb":{"@id":"https:\/\/www.leili-motor.net\/es\/motor-de-bobina-movil-de-254-mm-de-tamano-de-bastidor.html#breadcrumb"},"inLanguage":"es","potentialAction":[{"@type":"ReadAction","target":["https:\/\/www.leili-motor.net\/es\/motor-de-bobina-movil-de-254-mm-de-tamano-de-bastidor.html"]}]},{"@type":"ImageObject","inLanguage":"es","@id":"https:\/\/www.leili-motor.net\/es\/motor-de-bobina-movil-de-254-mm-de-tamano-de-bastidor.html#primaryimage","url":"https:\/\/www.leili-motor.net\/wp-content\/uploads\/2025\/03\/Frame-Size-25.4mm-Voice-Coil-Motor.webp","contentUrl":"https:\/\/www.leili-motor.net\/wp-content\/uploads\/2025\/03\/Frame-Size-25.4mm-Voice-Coil-Motor.webp","width":454,"height":310,"caption":"Frame Size 25.4mm Voice Coil Motor"},{"@type":"BreadcrumbList","@id":"https:\/\/www.leili-motor.net\/es\/motor-de-bobina-movil-de-254-mm-de-tamano-de-bastidor.html#breadcrumb","itemListElement":[{"@type":"ListItem","position":1,"name":"Home","item":"https:\/\/www.leili-motor.net\/es\/hogar\/"},{"@type":"ListItem","position":2,"name":"Productos","item":"https:\/\/www.leili-motor.net\/es\/productos\/"},{"@type":"ListItem","position":3,"name":"Motor de Bobina M\u00f3vil de 25,4 mm de Tama\u00f1o de Bastidor"}]},{"@type":"WebSite","@id":"https:\/\/www.leili-motor.net\/es\/#website","url":"https:\/\/www.leili-motor.net\/es\/","name":"Leili Motor","description":"","publisher":{"@id":"https:\/\/www.leili-motor.net\/es\/#organization"},"potentialAction":[{"@type":"SearchAction","target":{"@type":"EntryPoint","urlTemplate":"https:\/\/www.leili-motor.net\/es\/?s={search_term_string}"},"query-input":{"@type":"PropertyValueSpecification","valueRequired":true,"valueName":"search_term_string"}}],"inLanguage":"es"},{"@type":"Organization","@id":"https:\/\/www.leili-motor.net\/es\/#organization","name":"Leili Motor","url":"https:\/\/www.leili-motor.net\/es\/","logo":{"@type":"ImageObject","inLanguage":"es","@id":"https:\/\/www.leili-motor.net\/es\/#\/schema\/logo\/image\/","url":"https:\/\/www.leili-motor.net\/wp-content\/uploads\/2025\/03\/Leili-Motor.png","contentUrl":"https:\/\/www.leili-motor.net\/wp-content\/uploads\/2025\/03\/Leili-Motor.png","width":600,"height":156,"caption":"Leili Motor"},"image":{"@id":"https:\/\/www.leili-motor.net\/es\/#\/schema\/logo\/image\/"}}]}},"_links":{"self":[{"href":"https:\/\/www.leili-motor.net\/es\/wp-json\/wp\/v2\/product\/7014","targetHints":{"allow":["GET"]}}],"collection":[{"href":"https:\/\/www.leili-motor.net\/es\/wp-json\/wp\/v2\/product"}],"about":[{"href":"https:\/\/www.leili-motor.net\/es\/wp-json\/wp\/v2\/types\/product"}],"replies":[{"embeddable":true,"href":"https:\/\/www.leili-motor.net\/es\/wp-json\/wp\/v2\/comments?post=7014"}],"wp:featuredmedia":[{"embeddable":true,"href":"https:\/\/www.leili-motor.net\/es\/wp-json\/wp\/v2\/media\/3526"}],"wp:attachment":[{"href":"https:\/\/www.leili-motor.net\/es\/wp-json\/wp\/v2\/media?parent=7014"}],"wp:term":[{"taxonomy":"product_brand","embeddable":true,"href":"https:\/\/www.leili-motor.net\/es\/wp-json\/wp\/v2\/product_brand?post=7014"},{"taxonomy":"product_cat","embeddable":true,"href":"https:\/\/www.leili-motor.net\/es\/wp-json\/wp\/v2\/product_cat?post=7014"},{"taxonomy":"product_tag","embeddable":true,"href":"https:\/\/www.leili-motor.net\/es\/wp-json\/wp\/v2\/product_tag?post=7014"}],"curies":[{"name":"wp","href":"https:\/\/api.w.org\/{rel}","templated":true}]}}