{"id":7015,"date":"2025-03-11T17:28:40","date_gmt":"2025-03-11T09:28:40","guid":{"rendered":"https:\/\/www.leili-motor.net\/dp400w-50w-bomba-de-diafragma\/"},"modified":"2025-04-24T13:32:26","modified_gmt":"2025-04-24T05:32:26","slug":"dp400w-50w-bomba-de-diafragma","status":"publish","type":"product","link":"https:\/\/www.leili-motor.net\/es\/bomba-de-diafragma-dp-400w-50w.html","title":{"rendered":"Bomba de Diafragma DP400W\/50W"},"content":{"rendered":"<h2>Par\u00e1metros del Producto<\/h2>\n<table>\n<tbody>\n<tr>\n<td>Modelo<\/td>\n<td>L(mm)<\/td>\n<td>Voltaje<br \/>\n(VCC)<\/td>\n<td>PSI<\/td>\n<td>PSI<br \/>\n(M\u00e1ximo)<\/td>\n<td>Actual<br \/>\n(A)<\/td>\n<td>(LPH)<\/td>\n<td>(M\u00e1x.) (\u2103)<\/td>\n<td>PSI<\/td>\n<td>Corriente de p\u00e9rdida<\/td>\n<\/tr>\n<tr>\n<td>DP400W-x<\/td>\n<td>215<\/td>\n<td>24<\/td>\n<td>30<\/td>\n<td>70<\/td>\n<td>\u2264 2.5<\/td>\n<td>\u2265 150<\/td>\n<td>55<\/td>\n<td>140\u00b110<\/td>\n<td>\u2264 3.5A<\/td>\n<\/tr>\n<tr>\n<td>DP400W-y<\/td>\n<td>215<\/td>\n<td>36<\/td>\n<td>30<\/td>\n<td>70<\/td>\n<td>\u2264 1.5<\/td>\n<td>\u2265 160<\/td>\n<td>55<\/td>\n<td>140\u00b110<\/td>\n<td>\u2264 2.5A<\/td>\n<\/tr>\n<tr>\n<td>DP50W-x<\/td>\n<td>195<\/td>\n<td>24<\/td>\n<td>30<\/td>\n<td>70<\/td>\n<td>\u2264 0.9<\/td>\n<td>\u2265 35<\/td>\n<td>55<\/td>\n<td>120\u00b110<\/td>\n<td>\u2264 1.3A<\/td>\n<\/tr>\n<tr>\n<td>DP50W-y<\/td>\n<td>195<\/td>\n<td>36<\/td>\n<td>30<\/td>\n<td>70<\/td>\n<td>\u2264 0.6<\/td>\n<td>\u2265 37<\/td>\n<td>55<\/td>\n<td>120\u00b110<\/td>\n<td>\u2264 1.0A<\/td>\n<\/tr>\n<\/tbody>\n<\/table>\n<h2>Dimensi\u00f3n mec\u00e1nica: mm<\/h2>\n<p><img fetchpriority=\"high\" decoding=\"async\" class=\"size-full wp-image-1971 aligncenter\" src=\"https:\/\/www.leili-motor.net\/wp-content\/uploads\/2025\/03\/Mechanical-Dimension-for-DP400W-Diaphragm-Pump.webp\" alt=\"Dimensi\u00f3n mec\u00e1nica para bomba de diafragma DP400W\" width=\"759\" height=\"453\" srcset=\"https:\/\/www.leili-motor.net\/wp-content\/uploads\/2025\/03\/Mechanical-Dimension-for-DP400W-Diaphragm-Pump.webp 759w, https:\/\/www.leili-motor.net\/wp-content\/uploads\/2025\/03\/Mechanical-Dimension-for-DP400W-Diaphragm-Pump-300x179.webp 300w, https:\/\/www.leili-motor.net\/wp-content\/uploads\/2025\/03\/Mechanical-Dimension-for-DP400W-Diaphragm-Pump-600x358.webp 600w\" sizes=\"(max-width: 759px) 100vw, 759px\" \/><\/p>\n","protected":false},"excerpt":{"rendered":"<h3>Introducci\u00f3n Del Producto<\/h3>\n<ul>\n<li>Rendimiento de alta presi\u00f3n: proporciona hasta 70 PSI, lo que garantiza una transferencia de l\u00edquido eficiente y un funcionamiento s\u00f3lido.<\/li>\n<li>Dise\u00f1o energ\u00e9ticamente eficiente: funciona con 24 V CC o 36 V CC, con una corriente de bloqueo m\u00e1xima de 3,5 A.<\/li>\n<li>Caudales vers\u00e1tiles: proporciona \u2265150-160 LPH (DP400W) y \u226535-37 LPH (DP50W) para diversas aplicaciones.<\/li>\n<\/ul>\n<h3>Aplicaci\u00f3n del producto<\/h3>\n<ul>\n<li>Electrodom\u00e9sticos: bomba de refuerzo para purificador de agua<\/li>\n<\/ul>\n","protected":false},"featured_media":6029,"comment_status":"open","ping_status":"closed","template":"","meta":{"site-sidebar-layout":"default","site-content-layout":"","ast-site-content-layout":"default","site-content-style":"default","site-sidebar-style":"default","ast-global-header-display":"","ast-banner-title-visibility":"","ast-main-header-display":"","ast-hfb-above-header-display":"","ast-hfb-below-header-display":"","ast-hfb-mobile-header-display":"","site-post-title":"","ast-breadcrumbs-content":"","ast-featured-img":"","footer-sml-layout":"","theme-transparent-header-meta":"default","adv-header-id-meta":"","stick-header-meta":"","header-above-stick-meta":"","header-main-stick-meta":"","header-below-stick-meta":"","astra-migrate-meta-layouts":"set","ast-page-background-enabled":"default","ast-page-background-meta":{"desktop":{"background-color":"var(--ast-global-color-5)","background-image":"","background-repeat":"repeat","background-position":"center center","background-size":"auto","background-attachment":"scroll","background-type":"","background-media":"","overlay-type":"","overlay-color":"","overlay-opacity":"","overlay-gradient":""},"tablet":{"background-color":"","background-image":"","background-repeat":"repeat","background-position":"center center","background-size":"auto","background-attachment":"scroll","background-type":"","background-media":"","overlay-type":"","overlay-color":"","overlay-opacity":"","overlay-gradient":""},"mobile":{"background-color":"","background-image":"","background-repeat":"repeat","background-position":"center center","background-size":"auto","background-attachment":"scroll","background-type":"","background-media":"","overlay-type":"","overlay-color":"","overlay-opacity":"","overlay-gradient":""}},"ast-content-background-meta":{"desktop":{"background-color":"var(--ast-global-color-4)","background-image":"","background-repeat":"repeat","background-position":"center center","background-size":"auto","background-attachment":"scroll","background-type":"","background-media":"","overlay-type":"","overlay-color":"","overlay-opacity":"","overlay-gradient":""},"tablet":{"background-color":"var(--ast-global-color-4)","background-image":"","background-repeat":"repeat","background-position":"center center","background-size":"auto","background-attachment":"scroll","background-type":"","background-media":"","overlay-type":"","overlay-color":"","overlay-opacity":"","overlay-gradient":""},"mobile":{"background-color":"var(--ast-global-color-4)","background-image":"","background-repeat":"repeat","background-position":"center center","background-size":"auto","background-attachment":"scroll","background-type":"","background-media":"","overlay-type":"","overlay-color":"","overlay-opacity":"","overlay-gradient":""}}},"product_brand":[],"product_cat":[733,754],"product_tag":[739],"class_list":{"0":"post-7015","1":"product","2":"type-product","3":"status-publish","4":"has-post-thumbnail","6":"product_cat-categoria-de-bomba-de-valvula","7":"product_cat-bombas-de-diafragma","8":"product_tag-electrodomesticos-otros-bomba","9":"pa_application-electrodomestico","10":"desktop-align-left","11":"tablet-align-left","12":"mobile-align-left","14":"first","15":"instock","16":"shipping-taxable","17":"product-type-simple"},"yoast_head":"<!-- This site is optimized with the Yoast SEO plugin v27.2 - https:\/\/yoast.com\/product\/yoast-seo-wordpress\/ -->\n<title>Bomba de Diafragma, Bomba de Agua de Diafragma DP400W\/50W &#8211; Leili Motor<\/title>\n<meta name=\"description\" content=\"Nuestra bomba de diafragma DP400W\/50W suministra hasta 70 PSI, 150-160 LPH (DP400W), 35-37 LPH (DP50W), funcionando a 24 VCC\/36 VCC, lo que garantiza un rendimiento eficiente del purificador de agua.\" \/>\n<meta name=\"robots\" content=\"index, follow, max-snippet:-1, max-image-preview:large, max-video-preview:-1\" \/>\n<link rel=\"canonical\" href=\"https:\/\/www.leili-motor.net\/es\/bomba-de-diafragma-dp-400w-50w.html\" \/>\n<meta name=\"twitter:label1\" content=\"Tiempo de lectura\" \/>\n\t<meta name=\"twitter:data1\" content=\"1 minuto\" \/>\n<script type=\"application\/ld+json\" class=\"yoast-schema-graph\">{\"@context\":\"https:\/\/schema.org\",\"@graph\":[{\"@type\":\"WebPage\",\"@id\":\"https:\/\/www.leili-motor.net\/es\/bomba-de-diafragma-dp-400w-50w.html\",\"url\":\"https:\/\/www.leili-motor.net\/es\/bomba-de-diafragma-dp-400w-50w.html\",\"name\":\"Bomba de Diafragma, Bomba de Agua de Diafragma DP400W\/50W &#8211; Leili Motor\",\"isPartOf\":{\"@id\":\"https:\/\/www.leili-motor.net\/es\/#website\"},\"primaryImageOfPage\":{\"@id\":\"https:\/\/www.leili-motor.net\/es\/bomba-de-diafragma-dp-400w-50w.html#primaryimage\"},\"image\":{\"@id\":\"https:\/\/www.leili-motor.net\/es\/bomba-de-diafragma-dp-400w-50w.html#primaryimage\"},\"thumbnailUrl\":\"https:\/\/www.leili-motor.net\/wp-content\/uploads\/2025\/03\/DP400W-Diaphragm-Pump.webp\",\"datePublished\":\"2025-03-11T09:28:40+00:00\",\"dateModified\":\"2025-04-24T05:32:26+00:00\",\"description\":\"Nuestra bomba de diafragma DP400W\/50W suministra hasta 70 PSI, 150-160 LPH (DP400W), 35-37 LPH (DP50W), funcionando a 24 VCC\/36 VCC, lo que garantiza un rendimiento eficiente del purificador de agua.\",\"breadcrumb\":{\"@id\":\"https:\/\/www.leili-motor.net\/es\/bomba-de-diafragma-dp-400w-50w.html#breadcrumb\"},\"inLanguage\":\"es\",\"potentialAction\":[{\"@type\":\"ReadAction\",\"target\":[\"https:\/\/www.leili-motor.net\/es\/bomba-de-diafragma-dp-400w-50w.html\"]}]},{\"@type\":\"ImageObject\",\"inLanguage\":\"es\",\"@id\":\"https:\/\/www.leili-motor.net\/es\/bomba-de-diafragma-dp-400w-50w.html#primaryimage\",\"url\":\"https:\/\/www.leili-motor.net\/wp-content\/uploads\/2025\/03\/DP400W-Diaphragm-Pump.webp\",\"contentUrl\":\"https:\/\/www.leili-motor.net\/wp-content\/uploads\/2025\/03\/DP400W-Diaphragm-Pump.webp\",\"width\":454,\"height\":310,\"caption\":\"Bomba de diafragma DP400W\"},{\"@type\":\"BreadcrumbList\",\"@id\":\"https:\/\/www.leili-motor.net\/es\/bomba-de-diafragma-dp-400w-50w.html#breadcrumb\",\"itemListElement\":[{\"@type\":\"ListItem\",\"position\":1,\"name\":\"Home\",\"item\":\"https:\/\/www.leili-motor.net\/es\/hogar\/\"},{\"@type\":\"ListItem\",\"position\":2,\"name\":\"Productos\",\"item\":\"https:\/\/www.leili-motor.net\/es\/productos\/\"},{\"@type\":\"ListItem\",\"position\":3,\"name\":\"Bomba de Diafragma DP400W\/50W\"}]},{\"@type\":\"WebSite\",\"@id\":\"https:\/\/www.leili-motor.net\/es\/#website\",\"url\":\"https:\/\/www.leili-motor.net\/es\/\",\"name\":\"Leili Motor\",\"description\":\"\",\"publisher\":{\"@id\":\"https:\/\/www.leili-motor.net\/es\/#organization\"},\"potentialAction\":[{\"@type\":\"SearchAction\",\"target\":{\"@type\":\"EntryPoint\",\"urlTemplate\":\"https:\/\/www.leili-motor.net\/es\/?s={search_term_string}\"},\"query-input\":{\"@type\":\"PropertyValueSpecification\",\"valueRequired\":true,\"valueName\":\"search_term_string\"}}],\"inLanguage\":\"es\"},{\"@type\":\"Organization\",\"@id\":\"https:\/\/www.leili-motor.net\/es\/#organization\",\"name\":\"Leili Motor\",\"url\":\"https:\/\/www.leili-motor.net\/es\/\",\"logo\":{\"@type\":\"ImageObject\",\"inLanguage\":\"es\",\"@id\":\"https:\/\/www.leili-motor.net\/es\/#\/schema\/logo\/image\/\",\"url\":\"https:\/\/www.leili-motor.net\/wp-content\/uploads\/2025\/03\/Leili-Motor.png\",\"contentUrl\":\"https:\/\/www.leili-motor.net\/wp-content\/uploads\/2025\/03\/Leili-Motor.png\",\"width\":600,\"height\":156,\"caption\":\"Leili Motor\"},\"image\":{\"@id\":\"https:\/\/www.leili-motor.net\/es\/#\/schema\/logo\/image\/\"}}]}<\/script>\n<!-- \/ Yoast SEO plugin. -->","yoast_head_json":{"title":"Bomba de Diafragma, Bomba de Agua de Diafragma DP400W\/50W &#8211; Leili Motor","description":"Nuestra bomba de diafragma DP400W\/50W suministra hasta 70 PSI, 150-160 LPH (DP400W), 35-37 LPH (DP50W), funcionando a 24 VCC\/36 VCC, lo que garantiza un rendimiento eficiente del purificador de agua.","robots":{"index":"index","follow":"follow","max-snippet":"max-snippet:-1","max-image-preview":"max-image-preview:large","max-video-preview":"max-video-preview:-1"},"canonical":"https:\/\/www.leili-motor.net\/es\/bomba-de-diafragma-dp-400w-50w.html","twitter_misc":{"Tiempo de lectura":"1 minuto"},"schema":{"@context":"https:\/\/schema.org","@graph":[{"@type":"WebPage","@id":"https:\/\/www.leili-motor.net\/es\/bomba-de-diafragma-dp-400w-50w.html","url":"https:\/\/www.leili-motor.net\/es\/bomba-de-diafragma-dp-400w-50w.html","name":"Bomba de Diafragma, Bomba de Agua de Diafragma DP400W\/50W &#8211; Leili Motor","isPartOf":{"@id":"https:\/\/www.leili-motor.net\/es\/#website"},"primaryImageOfPage":{"@id":"https:\/\/www.leili-motor.net\/es\/bomba-de-diafragma-dp-400w-50w.html#primaryimage"},"image":{"@id":"https:\/\/www.leili-motor.net\/es\/bomba-de-diafragma-dp-400w-50w.html#primaryimage"},"thumbnailUrl":"https:\/\/www.leili-motor.net\/wp-content\/uploads\/2025\/03\/DP400W-Diaphragm-Pump.webp","datePublished":"2025-03-11T09:28:40+00:00","dateModified":"2025-04-24T05:32:26+00:00","description":"Nuestra bomba de diafragma DP400W\/50W suministra hasta 70 PSI, 150-160 LPH (DP400W), 35-37 LPH (DP50W), funcionando a 24 VCC\/36 VCC, lo que garantiza un rendimiento eficiente del purificador de agua.","breadcrumb":{"@id":"https:\/\/www.leili-motor.net\/es\/bomba-de-diafragma-dp-400w-50w.html#breadcrumb"},"inLanguage":"es","potentialAction":[{"@type":"ReadAction","target":["https:\/\/www.leili-motor.net\/es\/bomba-de-diafragma-dp-400w-50w.html"]}]},{"@type":"ImageObject","inLanguage":"es","@id":"https:\/\/www.leili-motor.net\/es\/bomba-de-diafragma-dp-400w-50w.html#primaryimage","url":"https:\/\/www.leili-motor.net\/wp-content\/uploads\/2025\/03\/DP400W-Diaphragm-Pump.webp","contentUrl":"https:\/\/www.leili-motor.net\/wp-content\/uploads\/2025\/03\/DP400W-Diaphragm-Pump.webp","width":454,"height":310,"caption":"Bomba de diafragma DP400W"},{"@type":"BreadcrumbList","@id":"https:\/\/www.leili-motor.net\/es\/bomba-de-diafragma-dp-400w-50w.html#breadcrumb","itemListElement":[{"@type":"ListItem","position":1,"name":"Home","item":"https:\/\/www.leili-motor.net\/es\/hogar\/"},{"@type":"ListItem","position":2,"name":"Productos","item":"https:\/\/www.leili-motor.net\/es\/productos\/"},{"@type":"ListItem","position":3,"name":"Bomba de Diafragma DP400W\/50W"}]},{"@type":"WebSite","@id":"https:\/\/www.leili-motor.net\/es\/#website","url":"https:\/\/www.leili-motor.net\/es\/","name":"Leili Motor","description":"","publisher":{"@id":"https:\/\/www.leili-motor.net\/es\/#organization"},"potentialAction":[{"@type":"SearchAction","target":{"@type":"EntryPoint","urlTemplate":"https:\/\/www.leili-motor.net\/es\/?s={search_term_string}"},"query-input":{"@type":"PropertyValueSpecification","valueRequired":true,"valueName":"search_term_string"}}],"inLanguage":"es"},{"@type":"Organization","@id":"https:\/\/www.leili-motor.net\/es\/#organization","name":"Leili Motor","url":"https:\/\/www.leili-motor.net\/es\/","logo":{"@type":"ImageObject","inLanguage":"es","@id":"https:\/\/www.leili-motor.net\/es\/#\/schema\/logo\/image\/","url":"https:\/\/www.leili-motor.net\/wp-content\/uploads\/2025\/03\/Leili-Motor.png","contentUrl":"https:\/\/www.leili-motor.net\/wp-content\/uploads\/2025\/03\/Leili-Motor.png","width":600,"height":156,"caption":"Leili Motor"},"image":{"@id":"https:\/\/www.leili-motor.net\/es\/#\/schema\/logo\/image\/"}}]}},"_links":{"self":[{"href":"https:\/\/www.leili-motor.net\/es\/wp-json\/wp\/v2\/product\/7015","targetHints":{"allow":["GET"]}}],"collection":[{"href":"https:\/\/www.leili-motor.net\/es\/wp-json\/wp\/v2\/product"}],"about":[{"href":"https:\/\/www.leili-motor.net\/es\/wp-json\/wp\/v2\/types\/product"}],"replies":[{"embeddable":true,"href":"https:\/\/www.leili-motor.net\/es\/wp-json\/wp\/v2\/comments?post=7015"}],"wp:featuredmedia":[{"embeddable":true,"href":"https:\/\/www.leili-motor.net\/es\/wp-json\/wp\/v2\/media\/6029"}],"wp:attachment":[{"href":"https:\/\/www.leili-motor.net\/es\/wp-json\/wp\/v2\/media?parent=7015"}],"wp:term":[{"taxonomy":"product_brand","embeddable":true,"href":"https:\/\/www.leili-motor.net\/es\/wp-json\/wp\/v2\/product_brand?post=7015"},{"taxonomy":"product_cat","embeddable":true,"href":"https:\/\/www.leili-motor.net\/es\/wp-json\/wp\/v2\/product_cat?post=7015"},{"taxonomy":"product_tag","embeddable":true,"href":"https:\/\/www.leili-motor.net\/es\/wp-json\/wp\/v2\/product_tag?post=7015"}],"curies":[{"name":"wp","href":"https:\/\/api.w.org\/{rel}","templated":true}]}}