{"id":7027,"date":"2025-03-12T14:52:50","date_gmt":"2025-03-12T06:52:50","guid":{"rendered":"https:\/\/www.leili-motor.net\/bomba-de-agua-electrica-blp43-4xx-altura-ajustable\/"},"modified":"2025-03-12T14:52:50","modified_gmt":"2025-03-12T06:52:50","slug":"bomba-de-agua-electrica-blp43-4xx-altura-ajustable","status":"publish","type":"product","link":"https:\/\/www.leili-motor.net\/es\/bomba-de-agua-electrica-blp43-4xx-altura-ajustable.html","title":{"rendered":"Bomba de Agua El\u00e9ctrica BLP43-4XX (Altura Ajustable)"},"content":{"rendered":"<h2>Par\u00e1metros del Producto<\/h2>\n<table>\n<tbody>\n<tr>\n<td>Modelo<\/td>\n<td>Laboral<br \/>\nMedio<\/td>\n<td>Ambiente<br \/>\nTemperatura<\/td>\n<td>Medio<br \/>\nTemperatura<\/td>\n<td>Voltaje Nominal<\/td>\n<td>Peso<\/td>\n<td>Vida<\/td>\n<td>Protecci\u00f3n<br \/>\nNivel<\/td>\n<td>Protecci\u00f3n<br \/>\nFunci\u00f3n<\/td>\n<\/tr>\n<tr>\n<td>BLP43-4XX<\/td>\n<td>Anticongelante<\/td>\n<td>-40\u2103\uff5e +85\u2103<\/td>\n<td>40\u2103\uff5e +85\u2103<br \/>\n(Temperatura l\u00edmite +105\u2103)<\/td>\n<td>DC24V; Rango de voltaje:<br \/>\nCC 18 V \uff5e CC 32 V<\/td>\n<td>2.0kg<br \/>\n(Base libre)<\/td>\n<td>\u226520000h<\/td>\n<td>IP68<\/td>\n<td>Sobretensi\u00f3n\/subtensi\u00f3n, rotaci\u00f3n bloqueada,<\/p>\n<p>Conexi\u00f3n inversa, sobrecorriente, ralent\u00ed<\/td>\n<\/tr>\n<\/tbody>\n<\/table>\n<h2>Par\u00e1metros de rendimiento<\/h2>\n<table>\n<tbody>\n<tr>\n<td>Modelo<\/td>\n<td>Potencia nominal<\/td>\n<td>Par\u00e1metro clasificado<\/td>\n<td>Tama\u00f1o de entrada y salida<\/td>\n<\/tr>\n<tr>\n<td>BLP43-4XX<\/td>\n<td>240W<\/td>\n<td>Q=2400L\/h , H=17m<\/td>\n<td>\u00d838mm\/\u00d825mm<\/td>\n<\/tr>\n<\/tbody>\n<\/table>\n<h2>Dimensi\u00f3n mec\u00e1nica: mm<\/h2>\n<p><img fetchpriority=\"high\" decoding=\"async\" class=\"size-full wp-image-2369 aligncenter\" src=\"https:\/\/www.leili-motor.net\/wp-content\/uploads\/2025\/03\/Mechanical-Dimension-for-BLP43-4XX-Electronic-Water-Pump-adjustable-High-Head.webp\" alt=\"Dimensiones mec\u00e1nicas de la bomba de agua electr\u00f3nica BLP43-4XX (presi\u00f3n alta ajustable)\" width=\"759\" height=\"588\" srcset=\"https:\/\/www.leili-motor.net\/wp-content\/uploads\/2025\/03\/Mechanical-Dimension-for-BLP43-4XX-Electronic-Water-Pump-adjustable-High-Head.webp 759w, https:\/\/www.leili-motor.net\/wp-content\/uploads\/2025\/03\/Mechanical-Dimension-for-BLP43-4XX-Electronic-Water-Pump-adjustable-High-Head-300x232.webp 300w, https:\/\/www.leili-motor.net\/wp-content\/uploads\/2025\/03\/Mechanical-Dimension-for-BLP43-4XX-Electronic-Water-Pump-adjustable-High-Head-600x465.webp 600w\" sizes=\"(max-width: 759px) 100vw, 759px\" \/><\/p>\n","protected":false},"excerpt":{"rendered":"<h3>Introducci\u00f3n Del Producto<\/h3>\n<ul>\n<li>Altura ajustable: proporciona un caudal de hasta 2400 l\/h con una altura m\u00e1xima de 17 m para aplicaciones vers\u00e1tiles.<\/li>\n<li>Confiable y duradero: funciona en condiciones de -40 \u2103 a +85 \u2103 con una vida \u00fatil de \u226520 000 horas bajo protecci\u00f3n IP68.<\/li>\n<li>Protecci\u00f3n de seguridad avanzada: Equipado con sobretensi\u00f3n\/subtensi\u00f3n, conexi\u00f3n inversa, sobrecorriente, rotaci\u00f3n bloqueada y protecci\u00f3n contra ralent\u00ed para un funcionamiento seguro.<\/li>\n<\/ul>\n<h3>Aplicaci\u00f3n del producto<\/h3>\n<ul>\n<li>autopartes<\/li>\n<\/ul>\n","protected":false},"featured_media":2372,"comment_status":"open","ping_status":"closed","template":"","meta":{"site-sidebar-layout":"default","site-content-layout":"","ast-site-content-layout":"default","site-content-style":"default","site-sidebar-style":"default","ast-global-header-display":"","ast-banner-title-visibility":"","ast-main-header-display":"","ast-hfb-above-header-display":"","ast-hfb-below-header-display":"","ast-hfb-mobile-header-display":"","site-post-title":"","ast-breadcrumbs-content":"","ast-featured-img":"","footer-sml-layout":"","theme-transparent-header-meta":"default","adv-header-id-meta":"","stick-header-meta":"","header-above-stick-meta":"","header-main-stick-meta":"","header-below-stick-meta":"","astra-migrate-meta-layouts":"default","ast-page-background-enabled":"default","ast-page-background-meta":{"desktop":{"background-color":"var(--ast-global-color-5)","background-image":"","background-repeat":"repeat","background-position":"center center","background-size":"auto","background-attachment":"scroll","background-type":"","background-media":"","overlay-type":"","overlay-color":"","overlay-opacity":"","overlay-gradient":""},"tablet":{"background-color":"","background-image":"","background-repeat":"repeat","background-position":"center center","background-size":"auto","background-attachment":"scroll","background-type":"","background-media":"","overlay-type":"","overlay-color":"","overlay-opacity":"","overlay-gradient":""},"mobile":{"background-color":"","background-image":"","background-repeat":"repeat","background-position":"center center","background-size":"auto","background-attachment":"scroll","background-type":"","background-media":"","overlay-type":"","overlay-color":"","overlay-opacity":"","overlay-gradient":""}},"ast-content-background-meta":{"desktop":{"background-color":"var(--ast-global-color-4)","background-image":"","background-repeat":"repeat","background-position":"center center","background-size":"auto","background-attachment":"scroll","background-type":"","background-media":"","overlay-type":"","overlay-color":"","overlay-opacity":"","overlay-gradient":""},"tablet":{"background-color":"var(--ast-global-color-4)","background-image":"","background-repeat":"repeat","background-position":"center center","background-size":"auto","background-attachment":"scroll","background-type":"","background-media":"","overlay-type":"","overlay-color":"","overlay-opacity":"","overlay-gradient":""},"mobile":{"background-color":"var(--ast-global-color-4)","background-image":"","background-repeat":"repeat","background-position":"center center","background-size":"auto","background-attachment":"scroll","background-type":"","background-media":"","overlay-type":"","overlay-color":"","overlay-opacity":"","overlay-gradient":""}}},"product_brand":[],"product_cat":[733,760],"product_tag":[517],"class_list":{"0":"post-7027","1":"product","2":"type-product","3":"status-publish","4":"has-post-thumbnail","6":"product_cat-categoria-de-bomba-de-valvula","7":"product_cat-bombas-de-agua-electrica","8":"product_tag-sistema-termico-del-tren-motriz-refrigeracion-auxiliar-del-motor","9":"pa_application-autopartes","10":"desktop-align-left","11":"tablet-align-left","12":"mobile-align-left","14":"first","15":"instock","16":"shipping-taxable","17":"product-type-simple"},"yoast_head":"<!-- This site is optimized with the Yoast SEO plugin v27.2 - https:\/\/yoast.com\/product\/yoast-seo-wordpress\/ -->\n<title>Bomba de Agua Electr\u00f3nica, Bomba de Agua Electr\u00f3nica Automotriz BLP43-4XX &#8211; Leili Motor<\/title>\n<meta name=\"description\" content=\"La bomba de agua electr\u00f3nica BLP43-4XX ofrece un caudal de 2400 L\/h, una altura de 17 m, protecci\u00f3n IP68 y funciones de seguridad avanzadas para aplicaciones automotrices.\" \/>\n<meta name=\"robots\" content=\"index, follow, max-snippet:-1, max-image-preview:large, max-video-preview:-1\" \/>\n<link rel=\"canonical\" href=\"https:\/\/www.leili-motor.net\/es\/bomba-de-agua-electrica-blp43-4xx-altura-ajustable.html\" \/>\n<script type=\"application\/ld+json\" class=\"yoast-schema-graph\">{\"@context\":\"https:\/\/schema.org\",\"@graph\":[{\"@type\":\"WebPage\",\"@id\":\"https:\/\/www.leili-motor.net\/es\/bomba-de-agua-electrica-blp43-4xx-altura-ajustable.html\",\"url\":\"https:\/\/www.leili-motor.net\/es\/bomba-de-agua-electrica-blp43-4xx-altura-ajustable.html\",\"name\":\"Bomba de Agua Electr\u00f3nica, Bomba de Agua Electr\u00f3nica Automotriz BLP43-4XX &#8211; Leili Motor\",\"isPartOf\":{\"@id\":\"https:\/\/www.leili-motor.net\/es\/#website\"},\"primaryImageOfPage\":{\"@id\":\"https:\/\/www.leili-motor.net\/es\/bomba-de-agua-electrica-blp43-4xx-altura-ajustable.html#primaryimage\"},\"image\":{\"@id\":\"https:\/\/www.leili-motor.net\/es\/bomba-de-agua-electrica-blp43-4xx-altura-ajustable.html#primaryimage\"},\"thumbnailUrl\":\"https:\/\/www.leili-motor.net\/wp-content\/uploads\/2025\/03\/BLP43-4XX-Electronic-Water-Pump-adjustable-High-Head.webp\",\"datePublished\":\"2025-03-12T06:52:50+00:00\",\"description\":\"La bomba de agua electr\u00f3nica BLP43-4XX ofrece un caudal de 2400 L\/h, una altura de 17 m, protecci\u00f3n IP68 y funciones de seguridad avanzadas para aplicaciones automotrices.\",\"breadcrumb\":{\"@id\":\"https:\/\/www.leili-motor.net\/es\/bomba-de-agua-electrica-blp43-4xx-altura-ajustable.html#breadcrumb\"},\"inLanguage\":\"es\",\"potentialAction\":[{\"@type\":\"ReadAction\",\"target\":[\"https:\/\/www.leili-motor.net\/es\/bomba-de-agua-electrica-blp43-4xx-altura-ajustable.html\"]}]},{\"@type\":\"ImageObject\",\"inLanguage\":\"es\",\"@id\":\"https:\/\/www.leili-motor.net\/es\/bomba-de-agua-electrica-blp43-4xx-altura-ajustable.html#primaryimage\",\"url\":\"https:\/\/www.leili-motor.net\/wp-content\/uploads\/2025\/03\/BLP43-4XX-Electronic-Water-Pump-adjustable-High-Head.webp\",\"contentUrl\":\"https:\/\/www.leili-motor.net\/wp-content\/uploads\/2025\/03\/BLP43-4XX-Electronic-Water-Pump-adjustable-High-Head.webp\",\"width\":454,\"height\":310,\"caption\":\"BLP43-4XX Electronic Water Pump (adjustable High Head)\"},{\"@type\":\"BreadcrumbList\",\"@id\":\"https:\/\/www.leili-motor.net\/es\/bomba-de-agua-electrica-blp43-4xx-altura-ajustable.html#breadcrumb\",\"itemListElement\":[{\"@type\":\"ListItem\",\"position\":1,\"name\":\"Home\",\"item\":\"https:\/\/www.leili-motor.net\/es\/hogar\/\"},{\"@type\":\"ListItem\",\"position\":2,\"name\":\"Productos\",\"item\":\"https:\/\/www.leili-motor.net\/es\/productos\/\"},{\"@type\":\"ListItem\",\"position\":3,\"name\":\"Bomba de Agua El\u00e9ctrica BLP43-4XX (Altura Ajustable)\"}]},{\"@type\":\"WebSite\",\"@id\":\"https:\/\/www.leili-motor.net\/es\/#website\",\"url\":\"https:\/\/www.leili-motor.net\/es\/\",\"name\":\"Leili Motor\",\"description\":\"\",\"publisher\":{\"@id\":\"https:\/\/www.leili-motor.net\/es\/#organization\"},\"potentialAction\":[{\"@type\":\"SearchAction\",\"target\":{\"@type\":\"EntryPoint\",\"urlTemplate\":\"https:\/\/www.leili-motor.net\/es\/?s={search_term_string}\"},\"query-input\":{\"@type\":\"PropertyValueSpecification\",\"valueRequired\":true,\"valueName\":\"search_term_string\"}}],\"inLanguage\":\"es\"},{\"@type\":\"Organization\",\"@id\":\"https:\/\/www.leili-motor.net\/es\/#organization\",\"name\":\"Leili Motor\",\"url\":\"https:\/\/www.leili-motor.net\/es\/\",\"logo\":{\"@type\":\"ImageObject\",\"inLanguage\":\"es\",\"@id\":\"https:\/\/www.leili-motor.net\/es\/#\/schema\/logo\/image\/\",\"url\":\"https:\/\/www.leili-motor.net\/wp-content\/uploads\/2025\/03\/Leili-Motor.png\",\"contentUrl\":\"https:\/\/www.leili-motor.net\/wp-content\/uploads\/2025\/03\/Leili-Motor.png\",\"width\":600,\"height\":156,\"caption\":\"Leili Motor\"},\"image\":{\"@id\":\"https:\/\/www.leili-motor.net\/es\/#\/schema\/logo\/image\/\"}}]}<\/script>\n<!-- \/ Yoast SEO plugin. -->","yoast_head_json":{"title":"Bomba de Agua Electr\u00f3nica, Bomba de Agua Electr\u00f3nica Automotriz BLP43-4XX &#8211; Leili Motor","description":"La bomba de agua electr\u00f3nica BLP43-4XX ofrece un caudal de 2400 L\/h, una altura de 17 m, protecci\u00f3n IP68 y funciones de seguridad avanzadas para aplicaciones automotrices.","robots":{"index":"index","follow":"follow","max-snippet":"max-snippet:-1","max-image-preview":"max-image-preview:large","max-video-preview":"max-video-preview:-1"},"canonical":"https:\/\/www.leili-motor.net\/es\/bomba-de-agua-electrica-blp43-4xx-altura-ajustable.html","schema":{"@context":"https:\/\/schema.org","@graph":[{"@type":"WebPage","@id":"https:\/\/www.leili-motor.net\/es\/bomba-de-agua-electrica-blp43-4xx-altura-ajustable.html","url":"https:\/\/www.leili-motor.net\/es\/bomba-de-agua-electrica-blp43-4xx-altura-ajustable.html","name":"Bomba de Agua Electr\u00f3nica, Bomba de Agua Electr\u00f3nica Automotriz BLP43-4XX &#8211; Leili Motor","isPartOf":{"@id":"https:\/\/www.leili-motor.net\/es\/#website"},"primaryImageOfPage":{"@id":"https:\/\/www.leili-motor.net\/es\/bomba-de-agua-electrica-blp43-4xx-altura-ajustable.html#primaryimage"},"image":{"@id":"https:\/\/www.leili-motor.net\/es\/bomba-de-agua-electrica-blp43-4xx-altura-ajustable.html#primaryimage"},"thumbnailUrl":"https:\/\/www.leili-motor.net\/wp-content\/uploads\/2025\/03\/BLP43-4XX-Electronic-Water-Pump-adjustable-High-Head.webp","datePublished":"2025-03-12T06:52:50+00:00","description":"La bomba de agua electr\u00f3nica BLP43-4XX ofrece un caudal de 2400 L\/h, una altura de 17 m, protecci\u00f3n IP68 y funciones de seguridad avanzadas para aplicaciones automotrices.","breadcrumb":{"@id":"https:\/\/www.leili-motor.net\/es\/bomba-de-agua-electrica-blp43-4xx-altura-ajustable.html#breadcrumb"},"inLanguage":"es","potentialAction":[{"@type":"ReadAction","target":["https:\/\/www.leili-motor.net\/es\/bomba-de-agua-electrica-blp43-4xx-altura-ajustable.html"]}]},{"@type":"ImageObject","inLanguage":"es","@id":"https:\/\/www.leili-motor.net\/es\/bomba-de-agua-electrica-blp43-4xx-altura-ajustable.html#primaryimage","url":"https:\/\/www.leili-motor.net\/wp-content\/uploads\/2025\/03\/BLP43-4XX-Electronic-Water-Pump-adjustable-High-Head.webp","contentUrl":"https:\/\/www.leili-motor.net\/wp-content\/uploads\/2025\/03\/BLP43-4XX-Electronic-Water-Pump-adjustable-High-Head.webp","width":454,"height":310,"caption":"BLP43-4XX Electronic Water Pump (adjustable High Head)"},{"@type":"BreadcrumbList","@id":"https:\/\/www.leili-motor.net\/es\/bomba-de-agua-electrica-blp43-4xx-altura-ajustable.html#breadcrumb","itemListElement":[{"@type":"ListItem","position":1,"name":"Home","item":"https:\/\/www.leili-motor.net\/es\/hogar\/"},{"@type":"ListItem","position":2,"name":"Productos","item":"https:\/\/www.leili-motor.net\/es\/productos\/"},{"@type":"ListItem","position":3,"name":"Bomba de Agua El\u00e9ctrica BLP43-4XX (Altura Ajustable)"}]},{"@type":"WebSite","@id":"https:\/\/www.leili-motor.net\/es\/#website","url":"https:\/\/www.leili-motor.net\/es\/","name":"Leili Motor","description":"","publisher":{"@id":"https:\/\/www.leili-motor.net\/es\/#organization"},"potentialAction":[{"@type":"SearchAction","target":{"@type":"EntryPoint","urlTemplate":"https:\/\/www.leili-motor.net\/es\/?s={search_term_string}"},"query-input":{"@type":"PropertyValueSpecification","valueRequired":true,"valueName":"search_term_string"}}],"inLanguage":"es"},{"@type":"Organization","@id":"https:\/\/www.leili-motor.net\/es\/#organization","name":"Leili Motor","url":"https:\/\/www.leili-motor.net\/es\/","logo":{"@type":"ImageObject","inLanguage":"es","@id":"https:\/\/www.leili-motor.net\/es\/#\/schema\/logo\/image\/","url":"https:\/\/www.leili-motor.net\/wp-content\/uploads\/2025\/03\/Leili-Motor.png","contentUrl":"https:\/\/www.leili-motor.net\/wp-content\/uploads\/2025\/03\/Leili-Motor.png","width":600,"height":156,"caption":"Leili Motor"},"image":{"@id":"https:\/\/www.leili-motor.net\/es\/#\/schema\/logo\/image\/"}}]}},"_links":{"self":[{"href":"https:\/\/www.leili-motor.net\/es\/wp-json\/wp\/v2\/product\/7027","targetHints":{"allow":["GET"]}}],"collection":[{"href":"https:\/\/www.leili-motor.net\/es\/wp-json\/wp\/v2\/product"}],"about":[{"href":"https:\/\/www.leili-motor.net\/es\/wp-json\/wp\/v2\/types\/product"}],"replies":[{"embeddable":true,"href":"https:\/\/www.leili-motor.net\/es\/wp-json\/wp\/v2\/comments?post=7027"}],"wp:featuredmedia":[{"embeddable":true,"href":"https:\/\/www.leili-motor.net\/es\/wp-json\/wp\/v2\/media\/2372"}],"wp:attachment":[{"href":"https:\/\/www.leili-motor.net\/es\/wp-json\/wp\/v2\/media?parent=7027"}],"wp:term":[{"taxonomy":"product_brand","embeddable":true,"href":"https:\/\/www.leili-motor.net\/es\/wp-json\/wp\/v2\/product_brand?post=7027"},{"taxonomy":"product_cat","embeddable":true,"href":"https:\/\/www.leili-motor.net\/es\/wp-json\/wp\/v2\/product_cat?post=7027"},{"taxonomy":"product_tag","embeddable":true,"href":"https:\/\/www.leili-motor.net\/es\/wp-json\/wp\/v2\/product_tag?post=7027"}],"curies":[{"name":"wp","href":"https:\/\/api.w.org\/{rel}","templated":true}]}}