{"id":7035,"date":"2025-03-12T13:51:11","date_gmt":"2025-03-12T05:51:11","guid":{"rendered":"https:\/\/www.leili-motor.net\/bomba-de-agua-electrica-blp93-2xx\/"},"modified":"2025-03-12T13:51:11","modified_gmt":"2025-03-12T05:51:11","slug":"bomba-de-agua-electrica-blp93-2xx","status":"publish","type":"product","link":"https:\/\/www.leili-motor.net\/es\/bomba-de-agua-electrica-blp93-2xx.html","title":{"rendered":"Bomba de Agua El\u00e9ctrica BLP93-2XX"},"content":{"rendered":"<h2>Par\u00e1metros de rendimiento<\/h2>\n<table>\n<tbody>\n<tr>\n<td>Modelo<\/td>\n<td>Laboral<br \/>\nMedio<\/td>\n<td>Ambiente<br \/>\nTemperatura<\/td>\n<td>Medio<br \/>\nTemperatura<\/td>\n<td>Voltaje Nominal<\/td>\n<td>Peso<\/td>\n<td>Vida<\/td>\n<td>Protecci\u00f3n<br \/>\nNivel<\/td>\n<td>Protecci\u00f3n<br \/>\nFunci\u00f3n<\/td>\n<\/tr>\n<tr>\n<td>BLP93<\/td>\n<td>Anticongelante<\/td>\n<td>-40\u2103\uff5e +100\u2103<\/td>\n<td>-40\u2103\uff5e +100\u2103<br \/>\n(Alcance por poco tiempo +110 \u2103)<\/td>\n<td>12 V CC\uff1b<br \/>\nRango de voltaje: DC8V ~ DC16V<\/td>\n<td>370g<\/td>\n<td>\u226512000h<\/td>\n<td>IP67<\/td>\n<td>Sobrepresi\u00f3n, subpresi\u00f3n, rotaci\u00f3n bloqueada,<\/p>\n<p>Conexi\u00f3n inversa, sobrecorriente\/sobrecarga,<\/p>\n<p>Ralent\u00ed, rotura de cables, cortocircuito, etc.<\/td>\n<\/tr>\n<\/tbody>\n<\/table>\n<h2>Par\u00e1metros t\u00e9cnicos<\/h2>\n<table>\n<tbody>\n<tr>\n<td>Modelo<\/td>\n<td>Potencia nominal<\/td>\n<td>Par\u00e1metro clasificado<\/td>\n<td>Tama\u00f1o de entrada y salida<\/td>\n<td>Plataforma de voltaje<\/td>\n<\/tr>\n<tr>\n<td>BLP93<\/td>\n<td>30W<\/td>\n<td>Q=10L\/min\uff0cH \u2265 4m<\/td>\n<td>\u00d817mm<\/td>\n<td>12V<\/td>\n<\/tr>\n<\/tbody>\n<\/table>\n<h2>Dimensi\u00f3n mec\u00e1nica: mm<\/h2>\n<h2><img fetchpriority=\"high\" decoding=\"async\" class=\"size-full wp-image-2269 aligncenter\" src=\"https:\/\/www.leili-motor.net\/wp-content\/uploads\/2025\/03\/Mechanical-Dimension-for-BLP93-2XX-Electronic-Water-Pump.webp\" alt=\"Dimensiones mec\u00e1nicas de la bomba de agua electr\u00f3nica BLP93-2XX\" width=\"759\" height=\"600\" srcset=\"https:\/\/www.leili-motor.net\/wp-content\/uploads\/2025\/03\/Mechanical-Dimension-for-BLP93-2XX-Electronic-Water-Pump.webp 759w, https:\/\/www.leili-motor.net\/wp-content\/uploads\/2025\/03\/Mechanical-Dimension-for-BLP93-2XX-Electronic-Water-Pump-300x237.webp 300w, https:\/\/www.leili-motor.net\/wp-content\/uploads\/2025\/03\/Mechanical-Dimension-for-BLP93-2XX-Electronic-Water-Pump-600x474.webp 600w\" sizes=\"(max-width: 759px) 100vw, 759px\" \/><\/h2>\n","protected":false},"excerpt":{"rendered":"<h3>Introducci\u00f3n Del Producto<\/h3>\n<ul>\n<li>Alto rendimiento y eficiencia: 12 V CC, 30 W de potencia, flujo de 10 L\/min, elevaci\u00f3n \u22654 m, lo que garantiza una circulaci\u00f3n de agua estable.<\/li>\n<li>Confiable en condiciones extremas: funciona de -40 \u2103 a +100 \u2103 (a corto plazo +110 \u2103), con protecci\u00f3n IP67 para mayor durabilidad.<\/li>\n<li>Caracter\u00edsticas de seguridad avanzadas: Equipado con m\u00faltiples protecciones, que incluyen sobrepresi\u00f3n, subpresi\u00f3n, sobrecarga, conexi\u00f3n inversa y prevenci\u00f3n de cortocircuito.<\/li>\n<\/ul>\n<h3>Aplicaci\u00f3n del producto<\/h3>\n<ul>\n<li>Automotriz: sistema de refrigeraci\u00f3n, sistema HVAC<\/li>\n<\/ul>\n","protected":false},"featured_media":2270,"comment_status":"open","ping_status":"closed","template":"","meta":{"site-sidebar-layout":"default","site-content-layout":"","ast-site-content-layout":"default","site-content-style":"default","site-sidebar-style":"default","ast-global-header-display":"","ast-banner-title-visibility":"","ast-main-header-display":"","ast-hfb-above-header-display":"","ast-hfb-below-header-display":"","ast-hfb-mobile-header-display":"","site-post-title":"","ast-breadcrumbs-content":"","ast-featured-img":"","footer-sml-layout":"","theme-transparent-header-meta":"default","adv-header-id-meta":"","stick-header-meta":"","header-above-stick-meta":"","header-main-stick-meta":"","header-below-stick-meta":"","astra-migrate-meta-layouts":"default","ast-page-background-enabled":"default","ast-page-background-meta":{"desktop":{"background-color":"var(--ast-global-color-5)","background-image":"","background-repeat":"repeat","background-position":"center center","background-size":"auto","background-attachment":"scroll","background-type":"","background-media":"","overlay-type":"","overlay-color":"","overlay-opacity":"","overlay-gradient":""},"tablet":{"background-color":"","background-image":"","background-repeat":"repeat","background-position":"center center","background-size":"auto","background-attachment":"scroll","background-type":"","background-media":"","overlay-type":"","overlay-color":"","overlay-opacity":"","overlay-gradient":""},"mobile":{"background-color":"","background-image":"","background-repeat":"repeat","background-position":"center center","background-size":"auto","background-attachment":"scroll","background-type":"","background-media":"","overlay-type":"","overlay-color":"","overlay-opacity":"","overlay-gradient":""}},"ast-content-background-meta":{"desktop":{"background-color":"var(--ast-global-color-4)","background-image":"","background-repeat":"repeat","background-position":"center center","background-size":"auto","background-attachment":"scroll","background-type":"","background-media":"","overlay-type":"","overlay-color":"","overlay-opacity":"","overlay-gradient":""},"tablet":{"background-color":"var(--ast-global-color-4)","background-image":"","background-repeat":"repeat","background-position":"center center","background-size":"auto","background-attachment":"scroll","background-type":"","background-media":"","overlay-type":"","overlay-color":"","overlay-opacity":"","overlay-gradient":""},"mobile":{"background-color":"var(--ast-global-color-4)","background-image":"","background-repeat":"repeat","background-position":"center center","background-size":"auto","background-attachment":"scroll","background-type":"","background-media":"","overlay-type":"","overlay-color":"","overlay-opacity":"","overlay-gradient":""}}},"product_brand":[],"product_cat":[733,760],"product_tag":[517,719],"class_list":{"0":"post-7035","1":"product","2":"type-product","3":"status-publish","4":"has-post-thumbnail","6":"product_cat-categoria-de-bomba-de-valvula","7":"product_cat-bombas-de-agua-electrica","8":"product_tag-sistema-termico-del-tren-motriz-refrigeracion-auxiliar-del-motor","9":"product_tag-sistema-termico-del-tren-motriz-gestion-termica-de-la-bateria","10":"pa_application-autopartes","11":"desktop-align-left","12":"tablet-align-left","13":"mobile-align-left","15":"first","16":"instock","17":"shipping-taxable","18":"product-type-simple"},"yoast_head":"<!-- This site is optimized with the Yoast SEO plugin v27.2 - https:\/\/yoast.com\/product\/yoast-seo-wordpress\/ -->\n<title>Bomba de Agua Electr\u00f3nica, Bomba de Agua El\u00e9ctrica Automotriz BLP93-2XX &#8211; Leili Motor<\/title>\n<meta name=\"description\" content=\"La bomba de agua electr\u00f3nica BLP93-2XX de 30 W cuenta con 12 V CC, protecci\u00f3n IP67, funcionamiento de -40 \u2103 a +100 \u2103, m\u00faltiples protecciones de seguridad, lo que garantiza un enfriamiento automotriz estable y un rendimiento de HVAC.\" \/>\n<meta name=\"robots\" content=\"index, follow, max-snippet:-1, max-image-preview:large, max-video-preview:-1\" \/>\n<link rel=\"canonical\" href=\"https:\/\/www.leili-motor.net\/es\/bomba-de-agua-electrica-blp93-2xx.html\" \/>\n<script type=\"application\/ld+json\" class=\"yoast-schema-graph\">{\"@context\":\"https:\/\/schema.org\",\"@graph\":[{\"@type\":\"WebPage\",\"@id\":\"https:\/\/www.leili-motor.net\/es\/bomba-de-agua-electrica-blp93-2xx.html\",\"url\":\"https:\/\/www.leili-motor.net\/es\/bomba-de-agua-electrica-blp93-2xx.html\",\"name\":\"Bomba de Agua Electr\u00f3nica, Bomba de Agua El\u00e9ctrica Automotriz BLP93-2XX &#8211; Leili Motor\",\"isPartOf\":{\"@id\":\"https:\/\/www.leili-motor.net\/es\/#website\"},\"primaryImageOfPage\":{\"@id\":\"https:\/\/www.leili-motor.net\/es\/bomba-de-agua-electrica-blp93-2xx.html#primaryimage\"},\"image\":{\"@id\":\"https:\/\/www.leili-motor.net\/es\/bomba-de-agua-electrica-blp93-2xx.html#primaryimage\"},\"thumbnailUrl\":\"https:\/\/www.leili-motor.net\/wp-content\/uploads\/2025\/03\/BLP93-2XX-Electronic-Water-Pump.webp\",\"datePublished\":\"2025-03-12T05:51:11+00:00\",\"description\":\"La bomba de agua electr\u00f3nica BLP93-2XX de 30 W cuenta con 12 V CC, protecci\u00f3n IP67, funcionamiento de -40 \u2103 a +100 \u2103, m\u00faltiples protecciones de seguridad, lo que garantiza un enfriamiento automotriz estable y un rendimiento de HVAC.\",\"breadcrumb\":{\"@id\":\"https:\/\/www.leili-motor.net\/es\/bomba-de-agua-electrica-blp93-2xx.html#breadcrumb\"},\"inLanguage\":\"es\",\"potentialAction\":[{\"@type\":\"ReadAction\",\"target\":[\"https:\/\/www.leili-motor.net\/es\/bomba-de-agua-electrica-blp93-2xx.html\"]}]},{\"@type\":\"ImageObject\",\"inLanguage\":\"es\",\"@id\":\"https:\/\/www.leili-motor.net\/es\/bomba-de-agua-electrica-blp93-2xx.html#primaryimage\",\"url\":\"https:\/\/www.leili-motor.net\/wp-content\/uploads\/2025\/03\/BLP93-2XX-Electronic-Water-Pump.webp\",\"contentUrl\":\"https:\/\/www.leili-motor.net\/wp-content\/uploads\/2025\/03\/BLP93-2XX-Electronic-Water-Pump.webp\",\"width\":454,\"height\":310,\"caption\":\"BLP93-2XX Electronic Water Pump\"},{\"@type\":\"BreadcrumbList\",\"@id\":\"https:\/\/www.leili-motor.net\/es\/bomba-de-agua-electrica-blp93-2xx.html#breadcrumb\",\"itemListElement\":[{\"@type\":\"ListItem\",\"position\":1,\"name\":\"Home\",\"item\":\"https:\/\/www.leili-motor.net\/es\/hogar\/\"},{\"@type\":\"ListItem\",\"position\":2,\"name\":\"Productos\",\"item\":\"https:\/\/www.leili-motor.net\/es\/productos\/\"},{\"@type\":\"ListItem\",\"position\":3,\"name\":\"Bomba de Agua El\u00e9ctrica BLP93-2XX\"}]},{\"@type\":\"WebSite\",\"@id\":\"https:\/\/www.leili-motor.net\/es\/#website\",\"url\":\"https:\/\/www.leili-motor.net\/es\/\",\"name\":\"Leili Motor\",\"description\":\"\",\"publisher\":{\"@id\":\"https:\/\/www.leili-motor.net\/es\/#organization\"},\"potentialAction\":[{\"@type\":\"SearchAction\",\"target\":{\"@type\":\"EntryPoint\",\"urlTemplate\":\"https:\/\/www.leili-motor.net\/es\/?s={search_term_string}\"},\"query-input\":{\"@type\":\"PropertyValueSpecification\",\"valueRequired\":true,\"valueName\":\"search_term_string\"}}],\"inLanguage\":\"es\"},{\"@type\":\"Organization\",\"@id\":\"https:\/\/www.leili-motor.net\/es\/#organization\",\"name\":\"Leili Motor\",\"url\":\"https:\/\/www.leili-motor.net\/es\/\",\"logo\":{\"@type\":\"ImageObject\",\"inLanguage\":\"es\",\"@id\":\"https:\/\/www.leili-motor.net\/es\/#\/schema\/logo\/image\/\",\"url\":\"https:\/\/www.leili-motor.net\/wp-content\/uploads\/2025\/03\/Leili-Motor.png\",\"contentUrl\":\"https:\/\/www.leili-motor.net\/wp-content\/uploads\/2025\/03\/Leili-Motor.png\",\"width\":600,\"height\":156,\"caption\":\"Leili Motor\"},\"image\":{\"@id\":\"https:\/\/www.leili-motor.net\/es\/#\/schema\/logo\/image\/\"}}]}<\/script>\n<!-- \/ Yoast SEO plugin. -->","yoast_head_json":{"title":"Bomba de Agua Electr\u00f3nica, Bomba de Agua El\u00e9ctrica Automotriz BLP93-2XX &#8211; Leili Motor","description":"La bomba de agua electr\u00f3nica BLP93-2XX de 30 W cuenta con 12 V CC, protecci\u00f3n IP67, funcionamiento de -40 \u2103 a +100 \u2103, m\u00faltiples protecciones de seguridad, lo que garantiza un enfriamiento automotriz estable y un rendimiento de HVAC.","robots":{"index":"index","follow":"follow","max-snippet":"max-snippet:-1","max-image-preview":"max-image-preview:large","max-video-preview":"max-video-preview:-1"},"canonical":"https:\/\/www.leili-motor.net\/es\/bomba-de-agua-electrica-blp93-2xx.html","schema":{"@context":"https:\/\/schema.org","@graph":[{"@type":"WebPage","@id":"https:\/\/www.leili-motor.net\/es\/bomba-de-agua-electrica-blp93-2xx.html","url":"https:\/\/www.leili-motor.net\/es\/bomba-de-agua-electrica-blp93-2xx.html","name":"Bomba de Agua Electr\u00f3nica, Bomba de Agua El\u00e9ctrica Automotriz BLP93-2XX &#8211; Leili Motor","isPartOf":{"@id":"https:\/\/www.leili-motor.net\/es\/#website"},"primaryImageOfPage":{"@id":"https:\/\/www.leili-motor.net\/es\/bomba-de-agua-electrica-blp93-2xx.html#primaryimage"},"image":{"@id":"https:\/\/www.leili-motor.net\/es\/bomba-de-agua-electrica-blp93-2xx.html#primaryimage"},"thumbnailUrl":"https:\/\/www.leili-motor.net\/wp-content\/uploads\/2025\/03\/BLP93-2XX-Electronic-Water-Pump.webp","datePublished":"2025-03-12T05:51:11+00:00","description":"La bomba de agua electr\u00f3nica BLP93-2XX de 30 W cuenta con 12 V CC, protecci\u00f3n IP67, funcionamiento de -40 \u2103 a +100 \u2103, m\u00faltiples protecciones de seguridad, lo que garantiza un enfriamiento automotriz estable y un rendimiento de HVAC.","breadcrumb":{"@id":"https:\/\/www.leili-motor.net\/es\/bomba-de-agua-electrica-blp93-2xx.html#breadcrumb"},"inLanguage":"es","potentialAction":[{"@type":"ReadAction","target":["https:\/\/www.leili-motor.net\/es\/bomba-de-agua-electrica-blp93-2xx.html"]}]},{"@type":"ImageObject","inLanguage":"es","@id":"https:\/\/www.leili-motor.net\/es\/bomba-de-agua-electrica-blp93-2xx.html#primaryimage","url":"https:\/\/www.leili-motor.net\/wp-content\/uploads\/2025\/03\/BLP93-2XX-Electronic-Water-Pump.webp","contentUrl":"https:\/\/www.leili-motor.net\/wp-content\/uploads\/2025\/03\/BLP93-2XX-Electronic-Water-Pump.webp","width":454,"height":310,"caption":"BLP93-2XX Electronic Water Pump"},{"@type":"BreadcrumbList","@id":"https:\/\/www.leili-motor.net\/es\/bomba-de-agua-electrica-blp93-2xx.html#breadcrumb","itemListElement":[{"@type":"ListItem","position":1,"name":"Home","item":"https:\/\/www.leili-motor.net\/es\/hogar\/"},{"@type":"ListItem","position":2,"name":"Productos","item":"https:\/\/www.leili-motor.net\/es\/productos\/"},{"@type":"ListItem","position":3,"name":"Bomba de Agua El\u00e9ctrica BLP93-2XX"}]},{"@type":"WebSite","@id":"https:\/\/www.leili-motor.net\/es\/#website","url":"https:\/\/www.leili-motor.net\/es\/","name":"Leili Motor","description":"","publisher":{"@id":"https:\/\/www.leili-motor.net\/es\/#organization"},"potentialAction":[{"@type":"SearchAction","target":{"@type":"EntryPoint","urlTemplate":"https:\/\/www.leili-motor.net\/es\/?s={search_term_string}"},"query-input":{"@type":"PropertyValueSpecification","valueRequired":true,"valueName":"search_term_string"}}],"inLanguage":"es"},{"@type":"Organization","@id":"https:\/\/www.leili-motor.net\/es\/#organization","name":"Leili Motor","url":"https:\/\/www.leili-motor.net\/es\/","logo":{"@type":"ImageObject","inLanguage":"es","@id":"https:\/\/www.leili-motor.net\/es\/#\/schema\/logo\/image\/","url":"https:\/\/www.leili-motor.net\/wp-content\/uploads\/2025\/03\/Leili-Motor.png","contentUrl":"https:\/\/www.leili-motor.net\/wp-content\/uploads\/2025\/03\/Leili-Motor.png","width":600,"height":156,"caption":"Leili Motor"},"image":{"@id":"https:\/\/www.leili-motor.net\/es\/#\/schema\/logo\/image\/"}}]}},"_links":{"self":[{"href":"https:\/\/www.leili-motor.net\/es\/wp-json\/wp\/v2\/product\/7035","targetHints":{"allow":["GET"]}}],"collection":[{"href":"https:\/\/www.leili-motor.net\/es\/wp-json\/wp\/v2\/product"}],"about":[{"href":"https:\/\/www.leili-motor.net\/es\/wp-json\/wp\/v2\/types\/product"}],"replies":[{"embeddable":true,"href":"https:\/\/www.leili-motor.net\/es\/wp-json\/wp\/v2\/comments?post=7035"}],"wp:featuredmedia":[{"embeddable":true,"href":"https:\/\/www.leili-motor.net\/es\/wp-json\/wp\/v2\/media\/2270"}],"wp:attachment":[{"href":"https:\/\/www.leili-motor.net\/es\/wp-json\/wp\/v2\/media?parent=7035"}],"wp:term":[{"taxonomy":"product_brand","embeddable":true,"href":"https:\/\/www.leili-motor.net\/es\/wp-json\/wp\/v2\/product_brand?post=7035"},{"taxonomy":"product_cat","embeddable":true,"href":"https:\/\/www.leili-motor.net\/es\/wp-json\/wp\/v2\/product_cat?post=7035"},{"taxonomy":"product_tag","embeddable":true,"href":"https:\/\/www.leili-motor.net\/es\/wp-json\/wp\/v2\/product_tag?post=7035"}],"curies":[{"name":"wp","href":"https:\/\/api.w.org\/{rel}","templated":true}]}}