{"id":7038,"date":"2025-03-12T13:31:52","date_gmt":"2025-03-12T05:31:52","guid":{"rendered":"https:\/\/www.leili-motor.net\/bomba-de-agua-electrica-blp93-330w\/"},"modified":"2025-06-09T16:27:17","modified_gmt":"2025-06-09T08:27:17","slug":"bomba-de-agua-electrica-blp93-330w","status":"publish","type":"product","link":"https:\/\/www.leili-motor.net\/es\/bomba-de-agua-electrica-blp93-330w.html","title":{"rendered":"Bomba de Agua El\u00e9ctrica BLP93-3(30W)"},"content":{"rendered":"<h2>Par\u00e1metros de rendimiento<\/h2>\n<table>\n<tbody>\n<tr>\n<td>Modelo de motor<\/td>\n<td>Potencia nominal<\/td>\n<td>Par\u00e1metros clasificados<\/td>\n<td>Tama\u00f1o de entrada y salida de agua<\/td>\n<td>Plataforma de voltaje<\/td>\n<\/tr>\n<tr>\n<td>BLP93-3<\/td>\n<td>30W<\/td>\n<td>Q=10L\/min\uff0cH \u2265 4m<\/td>\n<td>\u00d817mm<\/td>\n<td>12V<\/td>\n<\/tr>\n<\/tbody>\n<\/table>\n<h2>Par\u00e1metros t\u00e9cnicos<\/h2>\n<table>\n<tbody>\n<tr>\n<td>Modelo de Motor<\/td>\n<td>Medio de trabajo<\/td>\n<td>Temperatura ambiente<\/td>\n<td>Temperatura media<\/td>\n<td>Voltaje Nominal<\/td>\n<td>peso<\/td>\n<td>vida<\/td>\n<td>Clase de Protecci\u00f3n<\/td>\n<td>Funci\u00f3n protectora<\/td>\n<td>Funci\u00f3n especial<\/td>\n<\/tr>\n<tr>\n<td rowspan=\"3\">BLP93-3<\/td>\n<td rowspan=\"3\">anticongelante<\/td>\n<td rowspan=\"3\">-40\u2103\uff5e +100\u2103<\/td>\n<td>-40\u2103\uff5e +100\u2103<\/td>\n<td>12 V CC;<\/td>\n<td rowspan=\"3\">370g<\/td>\n<td rowspan=\"3\">\u226512000h<\/td>\n<td rowspan=\"3\">IP67<\/td>\n<td>Sobretensi\u00f3n \/ subtensi\u00f3n,<\/td>\n<td>Funci\u00f3n de retroalimentaci\u00f3n de fallas,<\/td>\n<\/tr>\n<tr>\n<td>(Temperatura extrema +105\u2103)<\/td>\n<td>Rango de voltaje: DC8V \uff5e DC16V<\/td>\n<td>P\u00e9rdida, conexi\u00f3n inversa,<\/td>\n<td>Funci\u00f3n de regulaci\u00f3n de velocidad PWM<\/td>\n<\/tr>\n<tr>\n<td><\/td>\n<td><\/td>\n<td>Sobrecorriente<\/td>\n<td><\/td>\n<\/tr>\n<\/tbody>\n<\/table>\n<h2>Dimensi\u00f3n mec\u00e1nica: mm<\/h2>\n<p><img fetchpriority=\"high\" decoding=\"async\" class=\"size-full wp-image-2235 aligncenter\" src=\"https:\/\/www.leili-motor.net\/wp-content\/uploads\/2025\/03\/Mechanical-Dimension-for-BLP93-330W-Electronic-Water-Pump.webp\" alt=\"Dimensiones mec\u00e1nicas de la bomba de agua electr\u00f3nica BLP93-3 (30 W)\" width=\"759\" height=\"495\" srcset=\"https:\/\/www.leili-motor.net\/wp-content\/uploads\/2025\/03\/Mechanical-Dimension-for-BLP93-330W-Electronic-Water-Pump.webp 759w, https:\/\/www.leili-motor.net\/wp-content\/uploads\/2025\/03\/Mechanical-Dimension-for-BLP93-330W-Electronic-Water-Pump-300x196.webp 300w, https:\/\/www.leili-motor.net\/wp-content\/uploads\/2025\/03\/Mechanical-Dimension-for-BLP93-330W-Electronic-Water-Pump-600x391.webp 600w\" sizes=\"(max-width: 759px) 100vw, 759px\" \/><\/p>\n","protected":false},"excerpt":{"rendered":"<h3>Introducci\u00f3n del producto<\/h3>\n<ul>\n<li>Alto rendimiento y eficiencia: 12 V CC, 30 W de potencia, flujo de 10 L\/min, elevaci\u00f3n \u22654 m, lo que garantiza un funcionamiento estable.<\/li>\n<li>Confiable en condiciones extremas: funciona de -40 \u2103 a +100 \u2103, con protecci\u00f3n IP67 para mayor durabilidad y seguridad.<\/li>\n<li>Protecci\u00f3n y control avanzados: equipado con retroalimentaci\u00f3n de fallas, regulaci\u00f3n de velocidad PWM y protecciones contra sobretensi\u00f3n, subtensi\u00f3n y bloqueo.<\/li>\n<\/ul>\n<h3>Aplicaci\u00f3n del producto<\/h3>\n<ul>\n<li>Automotriz: sistema de refrigeraci\u00f3n, sistema HVAC<\/li>\n<\/ul>\n","protected":false},"featured_media":6069,"comment_status":"open","ping_status":"closed","template":"","meta":{"site-sidebar-layout":"default","site-content-layout":"","ast-site-content-layout":"default","site-content-style":"default","site-sidebar-style":"default","ast-global-header-display":"","ast-banner-title-visibility":"","ast-main-header-display":"","ast-hfb-above-header-display":"","ast-hfb-below-header-display":"","ast-hfb-mobile-header-display":"","site-post-title":"","ast-breadcrumbs-content":"","ast-featured-img":"","footer-sml-layout":"","theme-transparent-header-meta":"default","adv-header-id-meta":"","stick-header-meta":"","header-above-stick-meta":"","header-main-stick-meta":"","header-below-stick-meta":"","astra-migrate-meta-layouts":"default","ast-page-background-enabled":"default","ast-page-background-meta":{"desktop":{"background-color":"var(--ast-global-color-5)","background-image":"","background-repeat":"repeat","background-position":"center center","background-size":"auto","background-attachment":"scroll","background-type":"","background-media":"","overlay-type":"","overlay-color":"","overlay-opacity":"","overlay-gradient":""},"tablet":{"background-color":"","background-image":"","background-repeat":"repeat","background-position":"center center","background-size":"auto","background-attachment":"scroll","background-type":"","background-media":"","overlay-type":"","overlay-color":"","overlay-opacity":"","overlay-gradient":""},"mobile":{"background-color":"","background-image":"","background-repeat":"repeat","background-position":"center center","background-size":"auto","background-attachment":"scroll","background-type":"","background-media":"","overlay-type":"","overlay-color":"","overlay-opacity":"","overlay-gradient":""}},"ast-content-background-meta":{"desktop":{"background-color":"var(--ast-global-color-4)","background-image":"","background-repeat":"repeat","background-position":"center center","background-size":"auto","background-attachment":"scroll","background-type":"","background-media":"","overlay-type":"","overlay-color":"","overlay-opacity":"","overlay-gradient":""},"tablet":{"background-color":"var(--ast-global-color-4)","background-image":"","background-repeat":"repeat","background-position":"center center","background-size":"auto","background-attachment":"scroll","background-type":"","background-media":"","overlay-type":"","overlay-color":"","overlay-opacity":"","overlay-gradient":""},"mobile":{"background-color":"var(--ast-global-color-4)","background-image":"","background-repeat":"repeat","background-position":"center center","background-size":"auto","background-attachment":"scroll","background-type":"","background-media":"","overlay-type":"","overlay-color":"","overlay-opacity":"","overlay-gradient":""}}},"product_brand":[],"product_cat":[733,760],"product_tag":[517,719],"class_list":{"0":"post-7038","1":"product","2":"type-product","3":"status-publish","4":"has-post-thumbnail","6":"product_cat-categoria-de-bomba-de-valvula","7":"product_cat-bombas-de-agua-electrica","8":"product_tag-sistema-termico-del-tren-motriz-refrigeracion-auxiliar-del-motor","9":"product_tag-sistema-termico-del-tren-motriz-gestion-termica-de-la-bateria","10":"pa_application-autopartes","11":"desktop-align-left","12":"tablet-align-left","13":"mobile-align-left","15":"first","16":"instock","17":"shipping-taxable","18":"product-type-simple"},"yoast_head":"<!-- This site is optimized with the Yoast SEO plugin v27.2 - https:\/\/yoast.com\/product\/yoast-seo-wordpress\/ -->\n<title>Bomba de Agua Electr\u00f3nica, Bomba de Agua El\u00e9ctrica Automotriz BLP93-3(30W) &#8211; Leili Motor<\/title>\n<meta name=\"description\" content=\"La bomba de agua electr\u00f3nica BLP93-3 de 30 W cuenta con 12 V CC, protecci\u00f3n IP67, funcionamiento de -40 \u2103 a +100 \u2103, control de velocidad PWM y protecci\u00f3n avanzada contra fallas, lo que garantiza un enfriamiento estable del autom\u00f3vil.\" \/>\n<meta name=\"robots\" content=\"index, follow, max-snippet:-1, max-image-preview:large, max-video-preview:-1\" \/>\n<link rel=\"canonical\" href=\"https:\/\/www.leili-motor.net\/es\/bomba-de-agua-electrica-blp93-330w.html\" \/>\n<meta name=\"twitter:label1\" content=\"Tiempo de lectura\" \/>\n\t<meta name=\"twitter:data1\" content=\"1 minuto\" \/>\n<script type=\"application\/ld+json\" class=\"yoast-schema-graph\">{\"@context\":\"https:\/\/schema.org\",\"@graph\":[{\"@type\":\"WebPage\",\"@id\":\"https:\/\/www.leili-motor.net\/es\/bomba-de-agua-electrica-blp93-330w.html\",\"url\":\"https:\/\/www.leili-motor.net\/es\/bomba-de-agua-electrica-blp93-330w.html\",\"name\":\"Bomba de Agua Electr\u00f3nica, Bomba de Agua El\u00e9ctrica Automotriz BLP93-3(30W) &#8211; Leili Motor\",\"isPartOf\":{\"@id\":\"https:\/\/www.leili-motor.net\/es\/#website\"},\"primaryImageOfPage\":{\"@id\":\"https:\/\/www.leili-motor.net\/es\/bomba-de-agua-electrica-blp93-330w.html#primaryimage\"},\"image\":{\"@id\":\"https:\/\/www.leili-motor.net\/es\/bomba-de-agua-electrica-blp93-330w.html#primaryimage\"},\"thumbnailUrl\":\"https:\/\/www.leili-motor.net\/wp-content\/uploads\/2025\/03\/BLP93-330W-Electronic-Water-Pump.webp\",\"datePublished\":\"2025-03-12T05:31:52+00:00\",\"dateModified\":\"2025-06-09T08:27:17+00:00\",\"description\":\"La bomba de agua electr\u00f3nica BLP93-3 de 30 W cuenta con 12 V CC, protecci\u00f3n IP67, funcionamiento de -40 \u2103 a +100 \u2103, control de velocidad PWM y protecci\u00f3n avanzada contra fallas, lo que garantiza un enfriamiento estable del autom\u00f3vil.\",\"breadcrumb\":{\"@id\":\"https:\/\/www.leili-motor.net\/es\/bomba-de-agua-electrica-blp93-330w.html#breadcrumb\"},\"inLanguage\":\"es\",\"potentialAction\":[{\"@type\":\"ReadAction\",\"target\":[\"https:\/\/www.leili-motor.net\/es\/bomba-de-agua-electrica-blp93-330w.html\"]}]},{\"@type\":\"ImageObject\",\"inLanguage\":\"es\",\"@id\":\"https:\/\/www.leili-motor.net\/es\/bomba-de-agua-electrica-blp93-330w.html#primaryimage\",\"url\":\"https:\/\/www.leili-motor.net\/wp-content\/uploads\/2025\/03\/BLP93-330W-Electronic-Water-Pump.webp\",\"contentUrl\":\"https:\/\/www.leili-motor.net\/wp-content\/uploads\/2025\/03\/BLP93-330W-Electronic-Water-Pump.webp\",\"width\":454,\"height\":310,\"caption\":\"Bomba de agua electr\u00f3nica BLP93-3(30W)\"},{\"@type\":\"BreadcrumbList\",\"@id\":\"https:\/\/www.leili-motor.net\/es\/bomba-de-agua-electrica-blp93-330w.html#breadcrumb\",\"itemListElement\":[{\"@type\":\"ListItem\",\"position\":1,\"name\":\"Home\",\"item\":\"https:\/\/www.leili-motor.net\/es\/hogar\/\"},{\"@type\":\"ListItem\",\"position\":2,\"name\":\"Productos\",\"item\":\"https:\/\/www.leili-motor.net\/es\/productos\/\"},{\"@type\":\"ListItem\",\"position\":3,\"name\":\"Bomba de Agua El\u00e9ctrica BLP93-3(30W)\"}]},{\"@type\":\"WebSite\",\"@id\":\"https:\/\/www.leili-motor.net\/es\/#website\",\"url\":\"https:\/\/www.leili-motor.net\/es\/\",\"name\":\"Leili Motor\",\"description\":\"\",\"publisher\":{\"@id\":\"https:\/\/www.leili-motor.net\/es\/#organization\"},\"potentialAction\":[{\"@type\":\"SearchAction\",\"target\":{\"@type\":\"EntryPoint\",\"urlTemplate\":\"https:\/\/www.leili-motor.net\/es\/?s={search_term_string}\"},\"query-input\":{\"@type\":\"PropertyValueSpecification\",\"valueRequired\":true,\"valueName\":\"search_term_string\"}}],\"inLanguage\":\"es\"},{\"@type\":\"Organization\",\"@id\":\"https:\/\/www.leili-motor.net\/es\/#organization\",\"name\":\"Leili Motor\",\"url\":\"https:\/\/www.leili-motor.net\/es\/\",\"logo\":{\"@type\":\"ImageObject\",\"inLanguage\":\"es\",\"@id\":\"https:\/\/www.leili-motor.net\/es\/#\/schema\/logo\/image\/\",\"url\":\"https:\/\/www.leili-motor.net\/wp-content\/uploads\/2025\/03\/Leili-Motor.png\",\"contentUrl\":\"https:\/\/www.leili-motor.net\/wp-content\/uploads\/2025\/03\/Leili-Motor.png\",\"width\":600,\"height\":156,\"caption\":\"Leili Motor\"},\"image\":{\"@id\":\"https:\/\/www.leili-motor.net\/es\/#\/schema\/logo\/image\/\"}}]}<\/script>\n<!-- \/ Yoast SEO plugin. -->","yoast_head_json":{"title":"Bomba de Agua Electr\u00f3nica, Bomba de Agua El\u00e9ctrica Automotriz BLP93-3(30W) &#8211; Leili Motor","description":"La bomba de agua electr\u00f3nica BLP93-3 de 30 W cuenta con 12 V CC, protecci\u00f3n IP67, funcionamiento de -40 \u2103 a +100 \u2103, control de velocidad PWM y protecci\u00f3n avanzada contra fallas, lo que garantiza un enfriamiento estable del autom\u00f3vil.","robots":{"index":"index","follow":"follow","max-snippet":"max-snippet:-1","max-image-preview":"max-image-preview:large","max-video-preview":"max-video-preview:-1"},"canonical":"https:\/\/www.leili-motor.net\/es\/bomba-de-agua-electrica-blp93-330w.html","twitter_misc":{"Tiempo de lectura":"1 minuto"},"schema":{"@context":"https:\/\/schema.org","@graph":[{"@type":"WebPage","@id":"https:\/\/www.leili-motor.net\/es\/bomba-de-agua-electrica-blp93-330w.html","url":"https:\/\/www.leili-motor.net\/es\/bomba-de-agua-electrica-blp93-330w.html","name":"Bomba de Agua Electr\u00f3nica, Bomba de Agua El\u00e9ctrica Automotriz BLP93-3(30W) &#8211; Leili Motor","isPartOf":{"@id":"https:\/\/www.leili-motor.net\/es\/#website"},"primaryImageOfPage":{"@id":"https:\/\/www.leili-motor.net\/es\/bomba-de-agua-electrica-blp93-330w.html#primaryimage"},"image":{"@id":"https:\/\/www.leili-motor.net\/es\/bomba-de-agua-electrica-blp93-330w.html#primaryimage"},"thumbnailUrl":"https:\/\/www.leili-motor.net\/wp-content\/uploads\/2025\/03\/BLP93-330W-Electronic-Water-Pump.webp","datePublished":"2025-03-12T05:31:52+00:00","dateModified":"2025-06-09T08:27:17+00:00","description":"La bomba de agua electr\u00f3nica BLP93-3 de 30 W cuenta con 12 V CC, protecci\u00f3n IP67, funcionamiento de -40 \u2103 a +100 \u2103, control de velocidad PWM y protecci\u00f3n avanzada contra fallas, lo que garantiza un enfriamiento estable del autom\u00f3vil.","breadcrumb":{"@id":"https:\/\/www.leili-motor.net\/es\/bomba-de-agua-electrica-blp93-330w.html#breadcrumb"},"inLanguage":"es","potentialAction":[{"@type":"ReadAction","target":["https:\/\/www.leili-motor.net\/es\/bomba-de-agua-electrica-blp93-330w.html"]}]},{"@type":"ImageObject","inLanguage":"es","@id":"https:\/\/www.leili-motor.net\/es\/bomba-de-agua-electrica-blp93-330w.html#primaryimage","url":"https:\/\/www.leili-motor.net\/wp-content\/uploads\/2025\/03\/BLP93-330W-Electronic-Water-Pump.webp","contentUrl":"https:\/\/www.leili-motor.net\/wp-content\/uploads\/2025\/03\/BLP93-330W-Electronic-Water-Pump.webp","width":454,"height":310,"caption":"Bomba de agua electr\u00f3nica BLP93-3(30W)"},{"@type":"BreadcrumbList","@id":"https:\/\/www.leili-motor.net\/es\/bomba-de-agua-electrica-blp93-330w.html#breadcrumb","itemListElement":[{"@type":"ListItem","position":1,"name":"Home","item":"https:\/\/www.leili-motor.net\/es\/hogar\/"},{"@type":"ListItem","position":2,"name":"Productos","item":"https:\/\/www.leili-motor.net\/es\/productos\/"},{"@type":"ListItem","position":3,"name":"Bomba de Agua El\u00e9ctrica BLP93-3(30W)"}]},{"@type":"WebSite","@id":"https:\/\/www.leili-motor.net\/es\/#website","url":"https:\/\/www.leili-motor.net\/es\/","name":"Leili Motor","description":"","publisher":{"@id":"https:\/\/www.leili-motor.net\/es\/#organization"},"potentialAction":[{"@type":"SearchAction","target":{"@type":"EntryPoint","urlTemplate":"https:\/\/www.leili-motor.net\/es\/?s={search_term_string}"},"query-input":{"@type":"PropertyValueSpecification","valueRequired":true,"valueName":"search_term_string"}}],"inLanguage":"es"},{"@type":"Organization","@id":"https:\/\/www.leili-motor.net\/es\/#organization","name":"Leili Motor","url":"https:\/\/www.leili-motor.net\/es\/","logo":{"@type":"ImageObject","inLanguage":"es","@id":"https:\/\/www.leili-motor.net\/es\/#\/schema\/logo\/image\/","url":"https:\/\/www.leili-motor.net\/wp-content\/uploads\/2025\/03\/Leili-Motor.png","contentUrl":"https:\/\/www.leili-motor.net\/wp-content\/uploads\/2025\/03\/Leili-Motor.png","width":600,"height":156,"caption":"Leili Motor"},"image":{"@id":"https:\/\/www.leili-motor.net\/es\/#\/schema\/logo\/image\/"}}]}},"_links":{"self":[{"href":"https:\/\/www.leili-motor.net\/es\/wp-json\/wp\/v2\/product\/7038","targetHints":{"allow":["GET"]}}],"collection":[{"href":"https:\/\/www.leili-motor.net\/es\/wp-json\/wp\/v2\/product"}],"about":[{"href":"https:\/\/www.leili-motor.net\/es\/wp-json\/wp\/v2\/types\/product"}],"replies":[{"embeddable":true,"href":"https:\/\/www.leili-motor.net\/es\/wp-json\/wp\/v2\/comments?post=7038"}],"wp:featuredmedia":[{"embeddable":true,"href":"https:\/\/www.leili-motor.net\/es\/wp-json\/wp\/v2\/media\/6069"}],"wp:attachment":[{"href":"https:\/\/www.leili-motor.net\/es\/wp-json\/wp\/v2\/media?parent=7038"}],"wp:term":[{"taxonomy":"product_brand","embeddable":true,"href":"https:\/\/www.leili-motor.net\/es\/wp-json\/wp\/v2\/product_brand?post=7038"},{"taxonomy":"product_cat","embeddable":true,"href":"https:\/\/www.leili-motor.net\/es\/wp-json\/wp\/v2\/product_cat?post=7038"},{"taxonomy":"product_tag","embeddable":true,"href":"https:\/\/www.leili-motor.net\/es\/wp-json\/wp\/v2\/product_tag?post=7038"}],"curies":[{"name":"wp","href":"https:\/\/api.w.org\/{rel}","templated":true}]}}