{"id":7042,"date":"2025-03-12T10:07:35","date_gmt":"2025-03-12T02:07:35","guid":{"rendered":"https:\/\/www.leili-motor.net\/bomba-sin-escobillas-dc-500w-bomba-de-aceite-electronica\/"},"modified":"2025-03-12T10:07:35","modified_gmt":"2025-03-12T02:07:35","slug":"bomba-sin-escobillas-dc-500w-bomba-de-aceite-electronica","status":"publish","type":"product","link":"https:\/\/www.leili-motor.net\/es\/bomba-sin-escobillas-dc-500w-bomba-de-aceite-electronica.html","title":{"rendered":"Bomba sin Escobillas DC 500W Bomba de Aceite Electr\u00f3nica"},"content":{"rendered":"<h2>Par\u00e1metros del Producto<\/h2>\n<table>\n<tbody>\n<tr>\n<td>Rango de Voltaje<\/td>\n<td>Voltaje de Funcionamiento Nominal<\/td>\n<td>Rango de Rotaci\u00f3n<\/td>\n<td>Velocidad nominal<\/td>\n<td>Fases motoras<\/td>\n<td>N\u00famero de polos<\/td>\n<td>M\u00e9todo de control<\/td>\n<td>Modo de operaci\u00f3n<\/td>\n<td>Clase de Protecci\u00f3n<\/td>\n<\/tr>\n<tr>\n<td>9 ~ 16(V)<\/td>\n<td>12(V)<\/td>\n<td>5000(RPM)<\/td>\n<td>4500(RPM)<\/td>\n<td>3(fase)<\/td>\n<td>6 polos, 9 ranuras<\/td>\n<td>Control sin sensores<\/td>\n<td>Trabajo continuo<\/td>\n<td>IP6K9K \/ IP68<\/td>\n<\/tr>\n<\/tbody>\n<\/table>\n<h2>Dimensi\u00f3n mec\u00e1nica: mm<\/h2>\n<p><img fetchpriority=\"high\" decoding=\"async\" class=\"size-full wp-image-2067 aligncenter\" src=\"https:\/\/www.leili-motor.net\/wp-content\/uploads\/2025\/03\/Mechanical-Dimension-for-DC-Brushless-Pump-500W-Electronic-Oil-Pump.webp\" alt=\"Dimensiones mec\u00e1nicas de la bomba de aceite electr\u00f3nica de 500 W y CC sin escobillas\" width=\"759\" height=\"600\" srcset=\"https:\/\/www.leili-motor.net\/wp-content\/uploads\/2025\/03\/Mechanical-Dimension-for-DC-Brushless-Pump-500W-Electronic-Oil-Pump.webp 759w, https:\/\/www.leili-motor.net\/wp-content\/uploads\/2025\/03\/Mechanical-Dimension-for-DC-Brushless-Pump-500W-Electronic-Oil-Pump-300x237.webp 300w, https:\/\/www.leili-motor.net\/wp-content\/uploads\/2025\/03\/Mechanical-Dimension-for-DC-Brushless-Pump-500W-Electronic-Oil-Pump-600x474.webp 600w\" sizes=\"(max-width: 759px) 100vw, 759px\" \/><\/p>\n","protected":false},"excerpt":{"rendered":"<h3>Introducci\u00f3n Del Producto<\/h3>\n<ul>\n<li>Dimensiones mec\u00e1nicas de la bomba de aceite electr\u00f3nica de 500 W y CC sin escobillas<\/li>\n<li>Durable y confiable: funcionamiento continuo, dise\u00f1o de 6 polos y 9 ranuras, protecci\u00f3n IP6K9K\/IP68 para entornos hostiles.<\/li>\n<li>Control avanzado: El m\u00e9todo de control sin sensores garantiza un rendimiento de bombeo de aceite suave y eficiente.<\/li>\n<\/ul>\n<h3>Aplicaci\u00f3n del producto<\/h3>\n<ul>\n<li>Automotriz: Sistema de transmisi\u00f3n de accionamiento el\u00e9ctrico<\/li>\n<\/ul>\n","protected":false},"featured_media":5168,"comment_status":"open","ping_status":"closed","template":"","meta":{"site-sidebar-layout":"default","site-content-layout":"","ast-site-content-layout":"default","site-content-style":"default","site-sidebar-style":"default","ast-global-header-display":"","ast-banner-title-visibility":"","ast-main-header-display":"","ast-hfb-above-header-display":"","ast-hfb-below-header-display":"","ast-hfb-mobile-header-display":"","site-post-title":"","ast-breadcrumbs-content":"","ast-featured-img":"","footer-sml-layout":"","theme-transparent-header-meta":"default","adv-header-id-meta":"","stick-header-meta":"","header-above-stick-meta":"","header-main-stick-meta":"","header-below-stick-meta":"","astra-migrate-meta-layouts":"default","ast-page-background-enabled":"default","ast-page-background-meta":{"desktop":{"background-color":"var(--ast-global-color-5)","background-image":"","background-repeat":"repeat","background-position":"center center","background-size":"auto","background-attachment":"scroll","background-type":"","background-media":"","overlay-type":"","overlay-color":"","overlay-opacity":"","overlay-gradient":""},"tablet":{"background-color":"","background-image":"","background-repeat":"repeat","background-position":"center center","background-size":"auto","background-attachment":"scroll","background-type":"","background-media":"","overlay-type":"","overlay-color":"","overlay-opacity":"","overlay-gradient":""},"mobile":{"background-color":"","background-image":"","background-repeat":"repeat","background-position":"center center","background-size":"auto","background-attachment":"scroll","background-type":"","background-media":"","overlay-type":"","overlay-color":"","overlay-opacity":"","overlay-gradient":""}},"ast-content-background-meta":{"desktop":{"background-color":"var(--ast-global-color-4)","background-image":"","background-repeat":"repeat","background-position":"center center","background-size":"auto","background-attachment":"scroll","background-type":"","background-media":"","overlay-type":"","overlay-color":"","overlay-opacity":"","overlay-gradient":""},"tablet":{"background-color":"var(--ast-global-color-4)","background-image":"","background-repeat":"repeat","background-position":"center center","background-size":"auto","background-attachment":"scroll","background-type":"","background-media":"","overlay-type":"","overlay-color":"","overlay-opacity":"","overlay-gradient":""},"mobile":{"background-color":"var(--ast-global-color-4)","background-image":"","background-repeat":"repeat","background-position":"center center","background-size":"auto","background-attachment":"scroll","background-type":"","background-media":"","overlay-type":"","overlay-color":"","overlay-opacity":"","overlay-gradient":""}}},"product_brand":[],"product_cat":[733,763],"product_tag":[509],"class_list":{"0":"post-7042","1":"product","2":"type-product","3":"status-publish","4":"has-post-thumbnail","6":"product_cat-categoria-de-bomba-de-valvula","7":"product_cat-bombas-de-aceite-electronica","8":"product_tag-gestion-termica-del-tren-motriz-gestion-termica-electronica-del-motor-electrico","9":"pa_application-autopartes","10":"desktop-align-left","11":"tablet-align-left","12":"mobile-align-left","14":"first","15":"instock","16":"shipping-taxable","17":"product-type-simple"},"yoast_head":"<!-- This site is optimized with the Yoast SEO plugin v27.2 - https:\/\/yoast.com\/product\/yoast-seo-wordpress\/ -->\n<title>Bomba sin Escobillas DC 500W Bomba de Aceite Electr\u00f3nica &#8211; Leili Motor<\/title>\n<meta name=\"description\" content=\"La bomba sin escobillas de CC de 500 W garantiza una circulaci\u00f3n de aceite de alta eficiencia con control sin sensores, dise\u00f1o duradero y protecci\u00f3n IP6K9K\/IP68 para transmisiones de accionamiento el\u00e9ctrico.\" \/>\n<meta name=\"robots\" content=\"index, follow, max-snippet:-1, max-image-preview:large, max-video-preview:-1\" \/>\n<link rel=\"canonical\" href=\"https:\/\/www.leili-motor.net\/es\/bomba-sin-escobillas-dc-500w-bomba-de-aceite-electronica.html\" \/>\n<script type=\"application\/ld+json\" class=\"yoast-schema-graph\">{\"@context\":\"https:\/\/schema.org\",\"@graph\":[{\"@type\":\"WebPage\",\"@id\":\"https:\/\/www.leili-motor.net\/es\/bomba-sin-escobillas-dc-500w-bomba-de-aceite-electronica.html\",\"url\":\"https:\/\/www.leili-motor.net\/es\/bomba-sin-escobillas-dc-500w-bomba-de-aceite-electronica.html\",\"name\":\"Bomba sin Escobillas DC 500W Bomba de Aceite Electr\u00f3nica &#8211; Leili Motor\",\"isPartOf\":{\"@id\":\"https:\/\/www.leili-motor.net\/es\/#website\"},\"primaryImageOfPage\":{\"@id\":\"https:\/\/www.leili-motor.net\/es\/bomba-sin-escobillas-dc-500w-bomba-de-aceite-electronica.html#primaryimage\"},\"image\":{\"@id\":\"https:\/\/www.leili-motor.net\/es\/bomba-sin-escobillas-dc-500w-bomba-de-aceite-electronica.html#primaryimage\"},\"thumbnailUrl\":\"https:\/\/www.leili-motor.net\/wp-content\/uploads\/2025\/03\/DC-Brushless-Pump-500W-Electric-Oil-Pump.jpg\",\"datePublished\":\"2025-03-12T02:07:35+00:00\",\"description\":\"La bomba sin escobillas de CC de 500 W garantiza una circulaci\u00f3n de aceite de alta eficiencia con control sin sensores, dise\u00f1o duradero y protecci\u00f3n IP6K9K\/IP68 para transmisiones de accionamiento el\u00e9ctrico.\",\"breadcrumb\":{\"@id\":\"https:\/\/www.leili-motor.net\/es\/bomba-sin-escobillas-dc-500w-bomba-de-aceite-electronica.html#breadcrumb\"},\"inLanguage\":\"es\",\"potentialAction\":[{\"@type\":\"ReadAction\",\"target\":[\"https:\/\/www.leili-motor.net\/es\/bomba-sin-escobillas-dc-500w-bomba-de-aceite-electronica.html\"]}]},{\"@type\":\"ImageObject\",\"inLanguage\":\"es\",\"@id\":\"https:\/\/www.leili-motor.net\/es\/bomba-sin-escobillas-dc-500w-bomba-de-aceite-electronica.html#primaryimage\",\"url\":\"https:\/\/www.leili-motor.net\/wp-content\/uploads\/2025\/03\/DC-Brushless-Pump-500W-Electric-Oil-Pump.jpg\",\"contentUrl\":\"https:\/\/www.leili-motor.net\/wp-content\/uploads\/2025\/03\/DC-Brushless-Pump-500W-Electric-Oil-Pump.jpg\",\"width\":454,\"height\":310,\"caption\":\"DC Brushless Pump 500W Electric Oil Pump\"},{\"@type\":\"BreadcrumbList\",\"@id\":\"https:\/\/www.leili-motor.net\/es\/bomba-sin-escobillas-dc-500w-bomba-de-aceite-electronica.html#breadcrumb\",\"itemListElement\":[{\"@type\":\"ListItem\",\"position\":1,\"name\":\"Home\",\"item\":\"https:\/\/www.leili-motor.net\/es\/hogar\/\"},{\"@type\":\"ListItem\",\"position\":2,\"name\":\"Productos\",\"item\":\"https:\/\/www.leili-motor.net\/es\/productos\/\"},{\"@type\":\"ListItem\",\"position\":3,\"name\":\"Bomba sin Escobillas DC 500W Bomba de Aceite Electr\u00f3nica\"}]},{\"@type\":\"WebSite\",\"@id\":\"https:\/\/www.leili-motor.net\/es\/#website\",\"url\":\"https:\/\/www.leili-motor.net\/es\/\",\"name\":\"Leili Motor\",\"description\":\"\",\"publisher\":{\"@id\":\"https:\/\/www.leili-motor.net\/es\/#organization\"},\"potentialAction\":[{\"@type\":\"SearchAction\",\"target\":{\"@type\":\"EntryPoint\",\"urlTemplate\":\"https:\/\/www.leili-motor.net\/es\/?s={search_term_string}\"},\"query-input\":{\"@type\":\"PropertyValueSpecification\",\"valueRequired\":true,\"valueName\":\"search_term_string\"}}],\"inLanguage\":\"es\"},{\"@type\":\"Organization\",\"@id\":\"https:\/\/www.leili-motor.net\/es\/#organization\",\"name\":\"Leili Motor\",\"url\":\"https:\/\/www.leili-motor.net\/es\/\",\"logo\":{\"@type\":\"ImageObject\",\"inLanguage\":\"es\",\"@id\":\"https:\/\/www.leili-motor.net\/es\/#\/schema\/logo\/image\/\",\"url\":\"https:\/\/www.leili-motor.net\/wp-content\/uploads\/2025\/03\/Leili-Motor.png\",\"contentUrl\":\"https:\/\/www.leili-motor.net\/wp-content\/uploads\/2025\/03\/Leili-Motor.png\",\"width\":600,\"height\":156,\"caption\":\"Leili Motor\"},\"image\":{\"@id\":\"https:\/\/www.leili-motor.net\/es\/#\/schema\/logo\/image\/\"}}]}<\/script>\n<!-- \/ Yoast SEO plugin. -->","yoast_head_json":{"title":"Bomba sin Escobillas DC 500W Bomba de Aceite Electr\u00f3nica &#8211; Leili Motor","description":"La bomba sin escobillas de CC de 500 W garantiza una circulaci\u00f3n de aceite de alta eficiencia con control sin sensores, dise\u00f1o duradero y protecci\u00f3n IP6K9K\/IP68 para transmisiones de accionamiento el\u00e9ctrico.","robots":{"index":"index","follow":"follow","max-snippet":"max-snippet:-1","max-image-preview":"max-image-preview:large","max-video-preview":"max-video-preview:-1"},"canonical":"https:\/\/www.leili-motor.net\/es\/bomba-sin-escobillas-dc-500w-bomba-de-aceite-electronica.html","schema":{"@context":"https:\/\/schema.org","@graph":[{"@type":"WebPage","@id":"https:\/\/www.leili-motor.net\/es\/bomba-sin-escobillas-dc-500w-bomba-de-aceite-electronica.html","url":"https:\/\/www.leili-motor.net\/es\/bomba-sin-escobillas-dc-500w-bomba-de-aceite-electronica.html","name":"Bomba sin Escobillas DC 500W Bomba de Aceite Electr\u00f3nica &#8211; Leili Motor","isPartOf":{"@id":"https:\/\/www.leili-motor.net\/es\/#website"},"primaryImageOfPage":{"@id":"https:\/\/www.leili-motor.net\/es\/bomba-sin-escobillas-dc-500w-bomba-de-aceite-electronica.html#primaryimage"},"image":{"@id":"https:\/\/www.leili-motor.net\/es\/bomba-sin-escobillas-dc-500w-bomba-de-aceite-electronica.html#primaryimage"},"thumbnailUrl":"https:\/\/www.leili-motor.net\/wp-content\/uploads\/2025\/03\/DC-Brushless-Pump-500W-Electric-Oil-Pump.jpg","datePublished":"2025-03-12T02:07:35+00:00","description":"La bomba sin escobillas de CC de 500 W garantiza una circulaci\u00f3n de aceite de alta eficiencia con control sin sensores, dise\u00f1o duradero y protecci\u00f3n IP6K9K\/IP68 para transmisiones de accionamiento el\u00e9ctrico.","breadcrumb":{"@id":"https:\/\/www.leili-motor.net\/es\/bomba-sin-escobillas-dc-500w-bomba-de-aceite-electronica.html#breadcrumb"},"inLanguage":"es","potentialAction":[{"@type":"ReadAction","target":["https:\/\/www.leili-motor.net\/es\/bomba-sin-escobillas-dc-500w-bomba-de-aceite-electronica.html"]}]},{"@type":"ImageObject","inLanguage":"es","@id":"https:\/\/www.leili-motor.net\/es\/bomba-sin-escobillas-dc-500w-bomba-de-aceite-electronica.html#primaryimage","url":"https:\/\/www.leili-motor.net\/wp-content\/uploads\/2025\/03\/DC-Brushless-Pump-500W-Electric-Oil-Pump.jpg","contentUrl":"https:\/\/www.leili-motor.net\/wp-content\/uploads\/2025\/03\/DC-Brushless-Pump-500W-Electric-Oil-Pump.jpg","width":454,"height":310,"caption":"DC Brushless Pump 500W Electric Oil Pump"},{"@type":"BreadcrumbList","@id":"https:\/\/www.leili-motor.net\/es\/bomba-sin-escobillas-dc-500w-bomba-de-aceite-electronica.html#breadcrumb","itemListElement":[{"@type":"ListItem","position":1,"name":"Home","item":"https:\/\/www.leili-motor.net\/es\/hogar\/"},{"@type":"ListItem","position":2,"name":"Productos","item":"https:\/\/www.leili-motor.net\/es\/productos\/"},{"@type":"ListItem","position":3,"name":"Bomba sin Escobillas DC 500W Bomba de Aceite Electr\u00f3nica"}]},{"@type":"WebSite","@id":"https:\/\/www.leili-motor.net\/es\/#website","url":"https:\/\/www.leili-motor.net\/es\/","name":"Leili Motor","description":"","publisher":{"@id":"https:\/\/www.leili-motor.net\/es\/#organization"},"potentialAction":[{"@type":"SearchAction","target":{"@type":"EntryPoint","urlTemplate":"https:\/\/www.leili-motor.net\/es\/?s={search_term_string}"},"query-input":{"@type":"PropertyValueSpecification","valueRequired":true,"valueName":"search_term_string"}}],"inLanguage":"es"},{"@type":"Organization","@id":"https:\/\/www.leili-motor.net\/es\/#organization","name":"Leili Motor","url":"https:\/\/www.leili-motor.net\/es\/","logo":{"@type":"ImageObject","inLanguage":"es","@id":"https:\/\/www.leili-motor.net\/es\/#\/schema\/logo\/image\/","url":"https:\/\/www.leili-motor.net\/wp-content\/uploads\/2025\/03\/Leili-Motor.png","contentUrl":"https:\/\/www.leili-motor.net\/wp-content\/uploads\/2025\/03\/Leili-Motor.png","width":600,"height":156,"caption":"Leili Motor"},"image":{"@id":"https:\/\/www.leili-motor.net\/es\/#\/schema\/logo\/image\/"}}]}},"_links":{"self":[{"href":"https:\/\/www.leili-motor.net\/es\/wp-json\/wp\/v2\/product\/7042","targetHints":{"allow":["GET"]}}],"collection":[{"href":"https:\/\/www.leili-motor.net\/es\/wp-json\/wp\/v2\/product"}],"about":[{"href":"https:\/\/www.leili-motor.net\/es\/wp-json\/wp\/v2\/types\/product"}],"replies":[{"embeddable":true,"href":"https:\/\/www.leili-motor.net\/es\/wp-json\/wp\/v2\/comments?post=7042"}],"wp:featuredmedia":[{"embeddable":true,"href":"https:\/\/www.leili-motor.net\/es\/wp-json\/wp\/v2\/media\/5168"}],"wp:attachment":[{"href":"https:\/\/www.leili-motor.net\/es\/wp-json\/wp\/v2\/media?parent=7042"}],"wp:term":[{"taxonomy":"product_brand","embeddable":true,"href":"https:\/\/www.leili-motor.net\/es\/wp-json\/wp\/v2\/product_brand?post=7042"},{"taxonomy":"product_cat","embeddable":true,"href":"https:\/\/www.leili-motor.net\/es\/wp-json\/wp\/v2\/product_cat?post=7042"},{"taxonomy":"product_tag","embeddable":true,"href":"https:\/\/www.leili-motor.net\/es\/wp-json\/wp\/v2\/product_tag?post=7042"}],"curies":[{"name":"wp","href":"https:\/\/api.w.org\/{rel}","templated":true}]}}