{"id":7044,"date":"2025-03-12T11:37:17","date_gmt":"2025-03-12T03:37:17","guid":{"rendered":"https:\/\/www.leili-motor.net\/bomba-de-agua-electrica-para-automovil-con-motor-sin-escobillas\/"},"modified":"2025-03-12T11:37:17","modified_gmt":"2025-03-12T03:37:17","slug":"bomba-de-agua-electrica-para-automovil-con-motor-sin-escobillas","status":"publish","type":"product","link":"https:\/\/www.leili-motor.net\/es\/bomba-de-agua-electrica-para-automovil-con-motor-sin-escobillas.html","title":{"rendered":"Bomba de Agua El\u00e9ctrica Para Autom\u00f3vil Con Motor sin Escobillas"},"content":{"rendered":"<h2>Par\u00e1metros del Producto<\/h2>\n<table>\n<tbody>\n<tr>\n<td>Tipo de motor<\/td>\n<td>Voltaje nominal (VCC)<\/td>\n<td>Potencia<br \/>\n(W)<\/td>\n<td>Corriente el\u00e9ctrica (A)<\/td>\n<td>Rango de voltaje de servicio (V)<\/td>\n<td>Velocidad de rotaci\u00f3n (m\u00e1x.)<br \/>\n(RPM)<\/td>\n<td>Ascensor (m)<\/td>\n<td>Caudal (LPM)<\/td>\n<td>Clase de protecci\u00f3n<\/td>\n<td>Talla L<br \/>\n(mm)<\/td>\n<td>Talla W<br \/>\n(mm)<\/td>\n<td>Bobina<\/td>\n<td>Im\u00e1n (mA)<\/td>\n<\/tr>\n<tr>\n<td>BLP43-x<\/td>\n<td>24<\/td>\n<td>200<\/td>\n<td>8.5<\/td>\n<td>18-32<\/td>\n<td>5700<\/td>\n<td>\u2265 10m<\/td>\n<td>m\u00e1ximo: 100<\/td>\n<td>IP67<\/td>\n<td>114<\/td>\n<td>\u00d889<\/td>\n<td>Cu<\/td>\n<td>Boro de hierro y neodimio<\/td>\n<\/tr>\n<tr>\n<td>BLP43-y<\/td>\n<td>24<\/td>\n<td>100<\/td>\n<td>4.2<\/td>\n<td>18-32<\/td>\n<td>5700<\/td>\n<td>\u2265 10m<\/td>\n<td>m\u00e1ximo: 60<\/td>\n<td>IP67<\/td>\n<td>104<\/td>\n<td>\u00d889<\/td>\n<td>Cu<\/td>\n<td>Boro de hierro y neodimio<\/td>\n<\/tr>\n<tr>\n<td>BLP43-z<\/td>\n<td>24<\/td>\n<td>60<\/td>\n<td>2.5<\/td>\n<td>18-32<\/td>\n<td>5000<\/td>\n<td>\u2265 8m<\/td>\n<td>m\u00e1ximo: 30<\/td>\n<td>IP67<\/td>\n<td>102<\/td>\n<td>\u00d871<\/td>\n<td>Cu<\/td>\n<td>Boro de hierro y neodimio<\/td>\n<\/tr>\n<\/tbody>\n<\/table>\n<h2>Dimensi\u00f3n mec\u00e1nica: mm<\/h2>\n<p><img fetchpriority=\"high\" decoding=\"async\" class=\"size-full wp-image-2149 aligncenter\" src=\"https:\/\/www.leili-motor.net\/wp-content\/uploads\/2025\/03\/Mechanical-Dimension-for-Automobile-Electronic-Water-Pump-Brushless-Motor.webp\" alt=\"Dimensi\u00f3n mec\u00e1nica del motor sin escobillas de la bomba de agua electr\u00f3nica del autom\u00f3vil\" width=\"759\" height=\"485\" srcset=\"https:\/\/www.leili-motor.net\/wp-content\/uploads\/2025\/03\/Mechanical-Dimension-for-Automobile-Electronic-Water-Pump-Brushless-Motor.webp 759w, https:\/\/www.leili-motor.net\/wp-content\/uploads\/2025\/03\/Mechanical-Dimension-for-Automobile-Electronic-Water-Pump-Brushless-Motor-300x192.webp 300w, https:\/\/www.leili-motor.net\/wp-content\/uploads\/2025\/03\/Mechanical-Dimension-for-Automobile-Electronic-Water-Pump-Brushless-Motor-600x383.webp 600w\" sizes=\"(max-width: 759px) 100vw, 759px\" \/><\/p>\n","protected":false},"excerpt":{"rendered":"<h3>Introducci\u00f3n Del Producto<\/h3>\n<ul>\n<li>Motor sin escobillas de alto rendimiento: nominal de 24 VCC, hasta 200 W, m\u00e1ximo 5700 RPM, lo que garantiza un funcionamiento eficiente y estable.<\/li>\n<li>Bombeo de agua confiable: ofrece una elevaci\u00f3n \u226510 m, un caudal m\u00e1ximo de 100 LPM, ideal para sistemas de enfriamiento de autom\u00f3viles.<\/li>\n<li>Dise\u00f1o duradero e impermeable: protecci\u00f3n IP67, bobina de Cu, im\u00e1n de neodimio, tama\u00f1o compacto para una f\u00e1cil instalaci\u00f3n.<\/li>\n<\/ul>\n<h3>Aplicaci\u00f3n del producto<\/h3>\n<ul>\n<li>Auto<\/li>\n<\/ul>\n","protected":false},"featured_media":2150,"comment_status":"open","ping_status":"closed","template":"","meta":{"site-sidebar-layout":"default","site-content-layout":"","ast-site-content-layout":"default","site-content-style":"default","site-sidebar-style":"default","ast-global-header-display":"","ast-banner-title-visibility":"","ast-main-header-display":"","ast-hfb-above-header-display":"","ast-hfb-below-header-display":"","ast-hfb-mobile-header-display":"","site-post-title":"","ast-breadcrumbs-content":"","ast-featured-img":"","footer-sml-layout":"","theme-transparent-header-meta":"default","adv-header-id-meta":"","stick-header-meta":"","header-above-stick-meta":"","header-main-stick-meta":"","header-below-stick-meta":"","astra-migrate-meta-layouts":"default","ast-page-background-enabled":"default","ast-page-background-meta":{"desktop":{"background-color":"var(--ast-global-color-5)","background-image":"","background-repeat":"repeat","background-position":"center center","background-size":"auto","background-attachment":"scroll","background-type":"","background-media":"","overlay-type":"","overlay-color":"","overlay-opacity":"","overlay-gradient":""},"tablet":{"background-color":"","background-image":"","background-repeat":"repeat","background-position":"center center","background-size":"auto","background-attachment":"scroll","background-type":"","background-media":"","overlay-type":"","overlay-color":"","overlay-opacity":"","overlay-gradient":""},"mobile":{"background-color":"","background-image":"","background-repeat":"repeat","background-position":"center center","background-size":"auto","background-attachment":"scroll","background-type":"","background-media":"","overlay-type":"","overlay-color":"","overlay-opacity":"","overlay-gradient":""}},"ast-content-background-meta":{"desktop":{"background-color":"var(--ast-global-color-4)","background-image":"","background-repeat":"repeat","background-position":"center center","background-size":"auto","background-attachment":"scroll","background-type":"","background-media":"","overlay-type":"","overlay-color":"","overlay-opacity":"","overlay-gradient":""},"tablet":{"background-color":"var(--ast-global-color-4)","background-image":"","background-repeat":"repeat","background-position":"center center","background-size":"auto","background-attachment":"scroll","background-type":"","background-media":"","overlay-type":"","overlay-color":"","overlay-opacity":"","overlay-gradient":""},"mobile":{"background-color":"var(--ast-global-color-4)","background-image":"","background-repeat":"repeat","background-position":"center center","background-size":"auto","background-attachment":"scroll","background-type":"","background-media":"","overlay-type":"","overlay-color":"","overlay-opacity":"","overlay-gradient":""}}},"product_brand":[],"product_cat":[733,760],"product_tag":[],"class_list":{"0":"post-7044","1":"product","2":"type-product","3":"status-publish","4":"has-post-thumbnail","6":"product_cat-categoria-de-bomba-de-valvula","7":"product_cat-bombas-de-agua-electrica","8":"desktop-align-left","9":"tablet-align-left","10":"mobile-align-left","12":"first","13":"instock","14":"shipping-taxable","15":"product-type-simple"},"yoast_head":"<!-- This site is optimized with the Yoast SEO plugin v27.2 - https:\/\/yoast.com\/product\/yoast-seo-wordpress\/ -->\n<title>Bomba de Agua Electr\u00f3nica, Bomba de Agua El\u00e9ctrica Automotriz &#8211; Leili Motor<\/title>\n<meta name=\"description\" content=\"Motor sin escobillas de 24 VCC de alto rendimiento con hasta 200 W de potencia, 5700 RPM, protecci\u00f3n IP67, que garantiza una refrigeraci\u00f3n automotriz y una circulaci\u00f3n de agua eficientes y estables.\" \/>\n<meta name=\"robots\" content=\"index, follow, max-snippet:-1, max-image-preview:large, max-video-preview:-1\" \/>\n<link rel=\"canonical\" href=\"https:\/\/www.leili-motor.net\/es\/bomba-de-agua-electrica-para-automovil-con-motor-sin-escobillas.html\" \/>\n<script type=\"application\/ld+json\" class=\"yoast-schema-graph\">{\"@context\":\"https:\/\/schema.org\",\"@graph\":[{\"@type\":\"WebPage\",\"@id\":\"https:\/\/www.leili-motor.net\/es\/bomba-de-agua-electrica-para-automovil-con-motor-sin-escobillas.html\",\"url\":\"https:\/\/www.leili-motor.net\/es\/bomba-de-agua-electrica-para-automovil-con-motor-sin-escobillas.html\",\"name\":\"Bomba de Agua Electr\u00f3nica, Bomba de Agua El\u00e9ctrica Automotriz &#8211; Leili Motor\",\"isPartOf\":{\"@id\":\"https:\/\/www.leili-motor.net\/es\/#website\"},\"primaryImageOfPage\":{\"@id\":\"https:\/\/www.leili-motor.net\/es\/bomba-de-agua-electrica-para-automovil-con-motor-sin-escobillas.html#primaryimage\"},\"image\":{\"@id\":\"https:\/\/www.leili-motor.net\/es\/bomba-de-agua-electrica-para-automovil-con-motor-sin-escobillas.html#primaryimage\"},\"thumbnailUrl\":\"https:\/\/www.leili-motor.net\/wp-content\/uploads\/2025\/03\/Automobile-Electronic-Water-Pump-Brushless-Motor.webp\",\"datePublished\":\"2025-03-12T03:37:17+00:00\",\"description\":\"Motor sin escobillas de 24 VCC de alto rendimiento con hasta 200 W de potencia, 5700 RPM, protecci\u00f3n IP67, que garantiza una refrigeraci\u00f3n automotriz y una circulaci\u00f3n de agua eficientes y estables.\",\"breadcrumb\":{\"@id\":\"https:\/\/www.leili-motor.net\/es\/bomba-de-agua-electrica-para-automovil-con-motor-sin-escobillas.html#breadcrumb\"},\"inLanguage\":\"es\",\"potentialAction\":[{\"@type\":\"ReadAction\",\"target\":[\"https:\/\/www.leili-motor.net\/es\/bomba-de-agua-electrica-para-automovil-con-motor-sin-escobillas.html\"]}]},{\"@type\":\"ImageObject\",\"inLanguage\":\"es\",\"@id\":\"https:\/\/www.leili-motor.net\/es\/bomba-de-agua-electrica-para-automovil-con-motor-sin-escobillas.html#primaryimage\",\"url\":\"https:\/\/www.leili-motor.net\/wp-content\/uploads\/2025\/03\/Automobile-Electronic-Water-Pump-Brushless-Motor.webp\",\"contentUrl\":\"https:\/\/www.leili-motor.net\/wp-content\/uploads\/2025\/03\/Automobile-Electronic-Water-Pump-Brushless-Motor.webp\",\"width\":454,\"height\":310,\"caption\":\"Automobile Electronic Water Pump Brushless Motor\"},{\"@type\":\"BreadcrumbList\",\"@id\":\"https:\/\/www.leili-motor.net\/es\/bomba-de-agua-electrica-para-automovil-con-motor-sin-escobillas.html#breadcrumb\",\"itemListElement\":[{\"@type\":\"ListItem\",\"position\":1,\"name\":\"Home\",\"item\":\"https:\/\/www.leili-motor.net\/es\/hogar\/\"},{\"@type\":\"ListItem\",\"position\":2,\"name\":\"Productos\",\"item\":\"https:\/\/www.leili-motor.net\/es\/productos\/\"},{\"@type\":\"ListItem\",\"position\":3,\"name\":\"Bomba de Agua El\u00e9ctrica Para Autom\u00f3vil Con Motor sin Escobillas\"}]},{\"@type\":\"WebSite\",\"@id\":\"https:\/\/www.leili-motor.net\/es\/#website\",\"url\":\"https:\/\/www.leili-motor.net\/es\/\",\"name\":\"Leili Motor\",\"description\":\"\",\"publisher\":{\"@id\":\"https:\/\/www.leili-motor.net\/es\/#organization\"},\"potentialAction\":[{\"@type\":\"SearchAction\",\"target\":{\"@type\":\"EntryPoint\",\"urlTemplate\":\"https:\/\/www.leili-motor.net\/es\/?s={search_term_string}\"},\"query-input\":{\"@type\":\"PropertyValueSpecification\",\"valueRequired\":true,\"valueName\":\"search_term_string\"}}],\"inLanguage\":\"es\"},{\"@type\":\"Organization\",\"@id\":\"https:\/\/www.leili-motor.net\/es\/#organization\",\"name\":\"Leili Motor\",\"url\":\"https:\/\/www.leili-motor.net\/es\/\",\"logo\":{\"@type\":\"ImageObject\",\"inLanguage\":\"es\",\"@id\":\"https:\/\/www.leili-motor.net\/es\/#\/schema\/logo\/image\/\",\"url\":\"https:\/\/www.leili-motor.net\/wp-content\/uploads\/2025\/03\/Leili-Motor.png\",\"contentUrl\":\"https:\/\/www.leili-motor.net\/wp-content\/uploads\/2025\/03\/Leili-Motor.png\",\"width\":600,\"height\":156,\"caption\":\"Leili Motor\"},\"image\":{\"@id\":\"https:\/\/www.leili-motor.net\/es\/#\/schema\/logo\/image\/\"}}]}<\/script>\n<!-- \/ Yoast SEO plugin. -->","yoast_head_json":{"title":"Bomba de Agua Electr\u00f3nica, Bomba de Agua El\u00e9ctrica Automotriz &#8211; Leili Motor","description":"Motor sin escobillas de 24 VCC de alto rendimiento con hasta 200 W de potencia, 5700 RPM, protecci\u00f3n IP67, que garantiza una refrigeraci\u00f3n automotriz y una circulaci\u00f3n de agua eficientes y estables.","robots":{"index":"index","follow":"follow","max-snippet":"max-snippet:-1","max-image-preview":"max-image-preview:large","max-video-preview":"max-video-preview:-1"},"canonical":"https:\/\/www.leili-motor.net\/es\/bomba-de-agua-electrica-para-automovil-con-motor-sin-escobillas.html","schema":{"@context":"https:\/\/schema.org","@graph":[{"@type":"WebPage","@id":"https:\/\/www.leili-motor.net\/es\/bomba-de-agua-electrica-para-automovil-con-motor-sin-escobillas.html","url":"https:\/\/www.leili-motor.net\/es\/bomba-de-agua-electrica-para-automovil-con-motor-sin-escobillas.html","name":"Bomba de Agua Electr\u00f3nica, Bomba de Agua El\u00e9ctrica Automotriz &#8211; Leili Motor","isPartOf":{"@id":"https:\/\/www.leili-motor.net\/es\/#website"},"primaryImageOfPage":{"@id":"https:\/\/www.leili-motor.net\/es\/bomba-de-agua-electrica-para-automovil-con-motor-sin-escobillas.html#primaryimage"},"image":{"@id":"https:\/\/www.leili-motor.net\/es\/bomba-de-agua-electrica-para-automovil-con-motor-sin-escobillas.html#primaryimage"},"thumbnailUrl":"https:\/\/www.leili-motor.net\/wp-content\/uploads\/2025\/03\/Automobile-Electronic-Water-Pump-Brushless-Motor.webp","datePublished":"2025-03-12T03:37:17+00:00","description":"Motor sin escobillas de 24 VCC de alto rendimiento con hasta 200 W de potencia, 5700 RPM, protecci\u00f3n IP67, que garantiza una refrigeraci\u00f3n automotriz y una circulaci\u00f3n de agua eficientes y estables.","breadcrumb":{"@id":"https:\/\/www.leili-motor.net\/es\/bomba-de-agua-electrica-para-automovil-con-motor-sin-escobillas.html#breadcrumb"},"inLanguage":"es","potentialAction":[{"@type":"ReadAction","target":["https:\/\/www.leili-motor.net\/es\/bomba-de-agua-electrica-para-automovil-con-motor-sin-escobillas.html"]}]},{"@type":"ImageObject","inLanguage":"es","@id":"https:\/\/www.leili-motor.net\/es\/bomba-de-agua-electrica-para-automovil-con-motor-sin-escobillas.html#primaryimage","url":"https:\/\/www.leili-motor.net\/wp-content\/uploads\/2025\/03\/Automobile-Electronic-Water-Pump-Brushless-Motor.webp","contentUrl":"https:\/\/www.leili-motor.net\/wp-content\/uploads\/2025\/03\/Automobile-Electronic-Water-Pump-Brushless-Motor.webp","width":454,"height":310,"caption":"Automobile Electronic Water Pump Brushless Motor"},{"@type":"BreadcrumbList","@id":"https:\/\/www.leili-motor.net\/es\/bomba-de-agua-electrica-para-automovil-con-motor-sin-escobillas.html#breadcrumb","itemListElement":[{"@type":"ListItem","position":1,"name":"Home","item":"https:\/\/www.leili-motor.net\/es\/hogar\/"},{"@type":"ListItem","position":2,"name":"Productos","item":"https:\/\/www.leili-motor.net\/es\/productos\/"},{"@type":"ListItem","position":3,"name":"Bomba de Agua El\u00e9ctrica Para Autom\u00f3vil Con Motor sin Escobillas"}]},{"@type":"WebSite","@id":"https:\/\/www.leili-motor.net\/es\/#website","url":"https:\/\/www.leili-motor.net\/es\/","name":"Leili Motor","description":"","publisher":{"@id":"https:\/\/www.leili-motor.net\/es\/#organization"},"potentialAction":[{"@type":"SearchAction","target":{"@type":"EntryPoint","urlTemplate":"https:\/\/www.leili-motor.net\/es\/?s={search_term_string}"},"query-input":{"@type":"PropertyValueSpecification","valueRequired":true,"valueName":"search_term_string"}}],"inLanguage":"es"},{"@type":"Organization","@id":"https:\/\/www.leili-motor.net\/es\/#organization","name":"Leili Motor","url":"https:\/\/www.leili-motor.net\/es\/","logo":{"@type":"ImageObject","inLanguage":"es","@id":"https:\/\/www.leili-motor.net\/es\/#\/schema\/logo\/image\/","url":"https:\/\/www.leili-motor.net\/wp-content\/uploads\/2025\/03\/Leili-Motor.png","contentUrl":"https:\/\/www.leili-motor.net\/wp-content\/uploads\/2025\/03\/Leili-Motor.png","width":600,"height":156,"caption":"Leili Motor"},"image":{"@id":"https:\/\/www.leili-motor.net\/es\/#\/schema\/logo\/image\/"}}]}},"_links":{"self":[{"href":"https:\/\/www.leili-motor.net\/es\/wp-json\/wp\/v2\/product\/7044","targetHints":{"allow":["GET"]}}],"collection":[{"href":"https:\/\/www.leili-motor.net\/es\/wp-json\/wp\/v2\/product"}],"about":[{"href":"https:\/\/www.leili-motor.net\/es\/wp-json\/wp\/v2\/types\/product"}],"replies":[{"embeddable":true,"href":"https:\/\/www.leili-motor.net\/es\/wp-json\/wp\/v2\/comments?post=7044"}],"wp:featuredmedia":[{"embeddable":true,"href":"https:\/\/www.leili-motor.net\/es\/wp-json\/wp\/v2\/media\/2150"}],"wp:attachment":[{"href":"https:\/\/www.leili-motor.net\/es\/wp-json\/wp\/v2\/media?parent=7044"}],"wp:term":[{"taxonomy":"product_brand","embeddable":true,"href":"https:\/\/www.leili-motor.net\/es\/wp-json\/wp\/v2\/product_brand?post=7044"},{"taxonomy":"product_cat","embeddable":true,"href":"https:\/\/www.leili-motor.net\/es\/wp-json\/wp\/v2\/product_cat?post=7044"},{"taxonomy":"product_tag","embeddable":true,"href":"https:\/\/www.leili-motor.net\/es\/wp-json\/wp\/v2\/product_tag?post=7044"}],"curies":[{"name":"wp","href":"https:\/\/api.w.org\/{rel}","templated":true}]}}