{"id":7048,"date":"2025-03-12T10:35:28","date_gmt":"2025-03-12T02:35:28","guid":{"rendered":"https:\/\/www.leili-motor.net\/bomba-de-agua-electrica-blp400h\/"},"modified":"2025-03-12T10:35:28","modified_gmt":"2025-03-12T02:35:28","slug":"bomba-de-agua-electrica-blp400h","status":"publish","type":"product","link":"https:\/\/www.leili-motor.net\/es\/bomba-de-agua-electrica-blp400h.html","title":{"rendered":"Bomba de Agua El\u00e9ctrica BLP400H"},"content":{"rendered":"<h2>Par\u00e1metros del Producto<\/h2>\n<table>\n<tbody>\n<tr>\n<td>Modelo<\/td>\n<td>Laboral<br \/>\nMedio<\/td>\n<td>Ambiente<br \/>\nTemperatura<\/td>\n<td>Medio<br \/>\nTemperatura<\/td>\n<td>Nominal<br \/>\nVoltaje<\/td>\n<td>Peso<\/td>\n<td>Vida<\/td>\n<td>Protecci\u00f3n<br \/>\nNivel<\/td>\n<td>Protecci\u00f3n<br \/>\nFunci\u00f3n<\/td>\n<td>Funciones<br \/>\nEspeciales<\/td>\n<td>Potencia<br \/>\nnominal<br \/>\n(W)<\/td>\n<td>Par\u00e1metro<br \/>\nNominal<\/td>\n<\/tr>\n<tr>\n<td>BLP400H<\/td>\n<td>Anticongelante<\/td>\n<td>-40\u2103\uff5e+85\u2103<\/td>\n<td>-40\u2103\uff5e+85\u2103<\/td>\n<td>24 V CC<\/td>\n<td>2,3 kilos<\/td>\n<td>\u226520000h<\/td>\n<td>IP68<\/td>\n<td>Sobretensi\u00f3n\/subtensi\u00f3n,<br \/>\nRotor bloqueado,<br \/>\nconexi\u00f3n inversa,<br \/>\nSobrecorriente,<br \/>\nde marcha en vac\u00edo<\/td>\n<td>Retroalimentaci\u00f3n de fallas<br \/>\nfunci\u00f3n, PWM<br \/>\nRegulaci\u00f3n de velocidad<br \/>\nfunci\u00f3n<\/td>\n<td>400W<\/td>\n<td>Q=3000L\/h,<br \/>\nH=20m<\/td>\n<\/tr>\n<\/tbody>\n<\/table>\n<h2>Dimensi\u00f3n mec\u00e1nica: mm<\/h2>\n<p><img fetchpriority=\"high\" decoding=\"async\" class=\"size-full wp-image-2095 aligncenter\" src=\"https:\/\/www.leili-motor.net\/wp-content\/uploads\/2025\/03\/Mechanical-Dimension-for-BLP400H-Electronic-Water-Pump.webp\" alt=\"Dimensiones mec\u00e1nicas de la bomba de agua electr\u00f3nica BLP400H\" width=\"759\" height=\"447\" srcset=\"https:\/\/www.leili-motor.net\/wp-content\/uploads\/2025\/03\/Mechanical-Dimension-for-BLP400H-Electronic-Water-Pump.webp 759w, https:\/\/www.leili-motor.net\/wp-content\/uploads\/2025\/03\/Mechanical-Dimension-for-BLP400H-Electronic-Water-Pump-300x177.webp 300w, https:\/\/www.leili-motor.net\/wp-content\/uploads\/2025\/03\/Mechanical-Dimension-for-BLP400H-Electronic-Water-Pump-600x353.webp 600w\" sizes=\"(max-width: 759px) 100vw, 759px\" \/><\/p>\n<p>&nbsp;<\/p>\n","protected":false},"excerpt":{"rendered":"<h3>Introducci\u00f3n Del Producto<\/h3>\n<ul>\n<li>Eficiencia de alto rendimiento: potencia de 400 W, caudal de 3000 L\/h, altura de 20 m y regulaci\u00f3n de velocidad PWM.<\/li>\n<li>Confiable y duradero: funciona de -40 \u2103 a +85 \u2103, 24 V CC, vida \u00fatil \u226520 000 h y protecci\u00f3n IP68.<\/li>\n<li>Funciones de seguridad avanzadas: Equipado con retroalimentaci\u00f3n de fallas, sobrecorriente, subtensi\u00f3n, rotor bloqueado y protecci\u00f3n de conexi\u00f3n inversa.<\/li>\n<\/ul>\n<h3>Aplicaci\u00f3n del producto<\/h3>\n<ul>\n<li>Almacenamiento de energ\u00eda<\/li>\n<li>Centro de datos<\/li>\n<\/ul>\n","protected":false},"featured_media":2101,"comment_status":"open","ping_status":"closed","template":"","meta":{"site-sidebar-layout":"default","site-content-layout":"","ast-site-content-layout":"default","site-content-style":"default","site-sidebar-style":"default","ast-global-header-display":"","ast-banner-title-visibility":"","ast-main-header-display":"","ast-hfb-above-header-display":"","ast-hfb-below-header-display":"","ast-hfb-mobile-header-display":"","site-post-title":"","ast-breadcrumbs-content":"","ast-featured-img":"","footer-sml-layout":"","theme-transparent-header-meta":"default","adv-header-id-meta":"","stick-header-meta":"","header-above-stick-meta":"","header-main-stick-meta":"","header-below-stick-meta":"","astra-migrate-meta-layouts":"default","ast-page-background-enabled":"default","ast-page-background-meta":{"desktop":{"background-color":"var(--ast-global-color-5)","background-image":"","background-repeat":"repeat","background-position":"center center","background-size":"auto","background-attachment":"scroll","background-type":"","background-media":"","overlay-type":"","overlay-color":"","overlay-opacity":"","overlay-gradient":""},"tablet":{"background-color":"","background-image":"","background-repeat":"repeat","background-position":"center center","background-size":"auto","background-attachment":"scroll","background-type":"","background-media":"","overlay-type":"","overlay-color":"","overlay-opacity":"","overlay-gradient":""},"mobile":{"background-color":"","background-image":"","background-repeat":"repeat","background-position":"center center","background-size":"auto","background-attachment":"scroll","background-type":"","background-media":"","overlay-type":"","overlay-color":"","overlay-opacity":"","overlay-gradient":""}},"ast-content-background-meta":{"desktop":{"background-color":"var(--ast-global-color-4)","background-image":"","background-repeat":"repeat","background-position":"center center","background-size":"auto","background-attachment":"scroll","background-type":"","background-media":"","overlay-type":"","overlay-color":"","overlay-opacity":"","overlay-gradient":""},"tablet":{"background-color":"var(--ast-global-color-4)","background-image":"","background-repeat":"repeat","background-position":"center center","background-size":"auto","background-attachment":"scroll","background-type":"","background-media":"","overlay-type":"","overlay-color":"","overlay-opacity":"","overlay-gradient":""},"mobile":{"background-color":"var(--ast-global-color-4)","background-image":"","background-repeat":"repeat","background-position":"center center","background-size":"auto","background-attachment":"scroll","background-type":"","background-media":"","overlay-type":"","overlay-color":"","overlay-opacity":"","overlay-gradient":""}}},"product_brand":[],"product_cat":[733,760],"product_tag":[511],"class_list":{"0":"post-7048","1":"product","2":"type-product","3":"status-publish","4":"has-post-thumbnail","6":"product_cat-categoria-de-bomba-de-valvula","7":"product_cat-bombas-de-agua-electrica","8":"product_tag-almacenamiento-de-energia-sistema-de-almacenamiento-de-energia","9":"desktop-align-left","10":"tablet-align-left","11":"mobile-align-left","13":"first","14":"instock","15":"shipping-taxable","16":"product-type-simple"},"yoast_head":"<!-- This site is optimized with the Yoast SEO plugin v27.2 - https:\/\/yoast.com\/product\/yoast-seo-wordpress\/ -->\n<title>Bomba de Agua Electr\u00f3nica, Bomba de Agua El\u00e9ctrica Automotriz BLP400H &#8211; Leili Motor<\/title>\n<meta name=\"description\" content=\"La bomba de agua electr\u00f3nica BLP400H ofrece 400 W de potencia, un caudal de 3000 L\/h y protecci\u00f3n IP68, lo que garantiza una refrigeraci\u00f3n eficiente para centros de almacenamiento de energ\u00eda y datos.\" \/>\n<meta name=\"robots\" content=\"index, follow, max-snippet:-1, max-image-preview:large, max-video-preview:-1\" \/>\n<link rel=\"canonical\" href=\"https:\/\/www.leili-motor.net\/es\/bomba-de-agua-electrica-blp400h.html\" \/>\n<script type=\"application\/ld+json\" class=\"yoast-schema-graph\">{\"@context\":\"https:\/\/schema.org\",\"@graph\":[{\"@type\":\"WebPage\",\"@id\":\"https:\/\/www.leili-motor.net\/es\/bomba-de-agua-electrica-blp400h.html\",\"url\":\"https:\/\/www.leili-motor.net\/es\/bomba-de-agua-electrica-blp400h.html\",\"name\":\"Bomba de Agua Electr\u00f3nica, Bomba de Agua El\u00e9ctrica Automotriz BLP400H &#8211; Leili Motor\",\"isPartOf\":{\"@id\":\"https:\/\/www.leili-motor.net\/es\/#website\"},\"primaryImageOfPage\":{\"@id\":\"https:\/\/www.leili-motor.net\/es\/bomba-de-agua-electrica-blp400h.html#primaryimage\"},\"image\":{\"@id\":\"https:\/\/www.leili-motor.net\/es\/bomba-de-agua-electrica-blp400h.html#primaryimage\"},\"thumbnailUrl\":\"https:\/\/www.leili-motor.net\/wp-content\/uploads\/2025\/03\/BLP400H-Electronic-Water-Pump.webp\",\"datePublished\":\"2025-03-12T02:35:28+00:00\",\"description\":\"La bomba de agua electr\u00f3nica BLP400H ofrece 400 W de potencia, un caudal de 3000 L\/h y protecci\u00f3n IP68, lo que garantiza una refrigeraci\u00f3n eficiente para centros de almacenamiento de energ\u00eda y datos.\",\"breadcrumb\":{\"@id\":\"https:\/\/www.leili-motor.net\/es\/bomba-de-agua-electrica-blp400h.html#breadcrumb\"},\"inLanguage\":\"es\",\"potentialAction\":[{\"@type\":\"ReadAction\",\"target\":[\"https:\/\/www.leili-motor.net\/es\/bomba-de-agua-electrica-blp400h.html\"]}]},{\"@type\":\"ImageObject\",\"inLanguage\":\"es\",\"@id\":\"https:\/\/www.leili-motor.net\/es\/bomba-de-agua-electrica-blp400h.html#primaryimage\",\"url\":\"https:\/\/www.leili-motor.net\/wp-content\/uploads\/2025\/03\/BLP400H-Electronic-Water-Pump.webp\",\"contentUrl\":\"https:\/\/www.leili-motor.net\/wp-content\/uploads\/2025\/03\/BLP400H-Electronic-Water-Pump.webp\",\"width\":454,\"height\":310,\"caption\":\"BLP400H Electronic Water Pump\"},{\"@type\":\"BreadcrumbList\",\"@id\":\"https:\/\/www.leili-motor.net\/es\/bomba-de-agua-electrica-blp400h.html#breadcrumb\",\"itemListElement\":[{\"@type\":\"ListItem\",\"position\":1,\"name\":\"Home\",\"item\":\"https:\/\/www.leili-motor.net\/es\/hogar\/\"},{\"@type\":\"ListItem\",\"position\":2,\"name\":\"Productos\",\"item\":\"https:\/\/www.leili-motor.net\/es\/productos\/\"},{\"@type\":\"ListItem\",\"position\":3,\"name\":\"Bomba de Agua El\u00e9ctrica BLP400H\"}]},{\"@type\":\"WebSite\",\"@id\":\"https:\/\/www.leili-motor.net\/es\/#website\",\"url\":\"https:\/\/www.leili-motor.net\/es\/\",\"name\":\"Leili Motor\",\"description\":\"\",\"publisher\":{\"@id\":\"https:\/\/www.leili-motor.net\/es\/#organization\"},\"potentialAction\":[{\"@type\":\"SearchAction\",\"target\":{\"@type\":\"EntryPoint\",\"urlTemplate\":\"https:\/\/www.leili-motor.net\/es\/?s={search_term_string}\"},\"query-input\":{\"@type\":\"PropertyValueSpecification\",\"valueRequired\":true,\"valueName\":\"search_term_string\"}}],\"inLanguage\":\"es\"},{\"@type\":\"Organization\",\"@id\":\"https:\/\/www.leili-motor.net\/es\/#organization\",\"name\":\"Leili Motor\",\"url\":\"https:\/\/www.leili-motor.net\/es\/\",\"logo\":{\"@type\":\"ImageObject\",\"inLanguage\":\"es\",\"@id\":\"https:\/\/www.leili-motor.net\/es\/#\/schema\/logo\/image\/\",\"url\":\"https:\/\/www.leili-motor.net\/wp-content\/uploads\/2025\/03\/Leili-Motor.png\",\"contentUrl\":\"https:\/\/www.leili-motor.net\/wp-content\/uploads\/2025\/03\/Leili-Motor.png\",\"width\":600,\"height\":156,\"caption\":\"Leili Motor\"},\"image\":{\"@id\":\"https:\/\/www.leili-motor.net\/es\/#\/schema\/logo\/image\/\"}}]}<\/script>\n<!-- \/ Yoast SEO plugin. -->","yoast_head_json":{"title":"Bomba de Agua Electr\u00f3nica, Bomba de Agua El\u00e9ctrica Automotriz BLP400H &#8211; Leili Motor","description":"La bomba de agua electr\u00f3nica BLP400H ofrece 400 W de potencia, un caudal de 3000 L\/h y protecci\u00f3n IP68, lo que garantiza una refrigeraci\u00f3n eficiente para centros de almacenamiento de energ\u00eda y datos.","robots":{"index":"index","follow":"follow","max-snippet":"max-snippet:-1","max-image-preview":"max-image-preview:large","max-video-preview":"max-video-preview:-1"},"canonical":"https:\/\/www.leili-motor.net\/es\/bomba-de-agua-electrica-blp400h.html","schema":{"@context":"https:\/\/schema.org","@graph":[{"@type":"WebPage","@id":"https:\/\/www.leili-motor.net\/es\/bomba-de-agua-electrica-blp400h.html","url":"https:\/\/www.leili-motor.net\/es\/bomba-de-agua-electrica-blp400h.html","name":"Bomba de Agua Electr\u00f3nica, Bomba de Agua El\u00e9ctrica Automotriz BLP400H &#8211; Leili Motor","isPartOf":{"@id":"https:\/\/www.leili-motor.net\/es\/#website"},"primaryImageOfPage":{"@id":"https:\/\/www.leili-motor.net\/es\/bomba-de-agua-electrica-blp400h.html#primaryimage"},"image":{"@id":"https:\/\/www.leili-motor.net\/es\/bomba-de-agua-electrica-blp400h.html#primaryimage"},"thumbnailUrl":"https:\/\/www.leili-motor.net\/wp-content\/uploads\/2025\/03\/BLP400H-Electronic-Water-Pump.webp","datePublished":"2025-03-12T02:35:28+00:00","description":"La bomba de agua electr\u00f3nica BLP400H ofrece 400 W de potencia, un caudal de 3000 L\/h y protecci\u00f3n IP68, lo que garantiza una refrigeraci\u00f3n eficiente para centros de almacenamiento de energ\u00eda y datos.","breadcrumb":{"@id":"https:\/\/www.leili-motor.net\/es\/bomba-de-agua-electrica-blp400h.html#breadcrumb"},"inLanguage":"es","potentialAction":[{"@type":"ReadAction","target":["https:\/\/www.leili-motor.net\/es\/bomba-de-agua-electrica-blp400h.html"]}]},{"@type":"ImageObject","inLanguage":"es","@id":"https:\/\/www.leili-motor.net\/es\/bomba-de-agua-electrica-blp400h.html#primaryimage","url":"https:\/\/www.leili-motor.net\/wp-content\/uploads\/2025\/03\/BLP400H-Electronic-Water-Pump.webp","contentUrl":"https:\/\/www.leili-motor.net\/wp-content\/uploads\/2025\/03\/BLP400H-Electronic-Water-Pump.webp","width":454,"height":310,"caption":"BLP400H Electronic Water Pump"},{"@type":"BreadcrumbList","@id":"https:\/\/www.leili-motor.net\/es\/bomba-de-agua-electrica-blp400h.html#breadcrumb","itemListElement":[{"@type":"ListItem","position":1,"name":"Home","item":"https:\/\/www.leili-motor.net\/es\/hogar\/"},{"@type":"ListItem","position":2,"name":"Productos","item":"https:\/\/www.leili-motor.net\/es\/productos\/"},{"@type":"ListItem","position":3,"name":"Bomba de Agua El\u00e9ctrica BLP400H"}]},{"@type":"WebSite","@id":"https:\/\/www.leili-motor.net\/es\/#website","url":"https:\/\/www.leili-motor.net\/es\/","name":"Leili Motor","description":"","publisher":{"@id":"https:\/\/www.leili-motor.net\/es\/#organization"},"potentialAction":[{"@type":"SearchAction","target":{"@type":"EntryPoint","urlTemplate":"https:\/\/www.leili-motor.net\/es\/?s={search_term_string}"},"query-input":{"@type":"PropertyValueSpecification","valueRequired":true,"valueName":"search_term_string"}}],"inLanguage":"es"},{"@type":"Organization","@id":"https:\/\/www.leili-motor.net\/es\/#organization","name":"Leili Motor","url":"https:\/\/www.leili-motor.net\/es\/","logo":{"@type":"ImageObject","inLanguage":"es","@id":"https:\/\/www.leili-motor.net\/es\/#\/schema\/logo\/image\/","url":"https:\/\/www.leili-motor.net\/wp-content\/uploads\/2025\/03\/Leili-Motor.png","contentUrl":"https:\/\/www.leili-motor.net\/wp-content\/uploads\/2025\/03\/Leili-Motor.png","width":600,"height":156,"caption":"Leili Motor"},"image":{"@id":"https:\/\/www.leili-motor.net\/es\/#\/schema\/logo\/image\/"}}]}},"_links":{"self":[{"href":"https:\/\/www.leili-motor.net\/es\/wp-json\/wp\/v2\/product\/7048","targetHints":{"allow":["GET"]}}],"collection":[{"href":"https:\/\/www.leili-motor.net\/es\/wp-json\/wp\/v2\/product"}],"about":[{"href":"https:\/\/www.leili-motor.net\/es\/wp-json\/wp\/v2\/types\/product"}],"replies":[{"embeddable":true,"href":"https:\/\/www.leili-motor.net\/es\/wp-json\/wp\/v2\/comments?post=7048"}],"wp:featuredmedia":[{"embeddable":true,"href":"https:\/\/www.leili-motor.net\/es\/wp-json\/wp\/v2\/media\/2101"}],"wp:attachment":[{"href":"https:\/\/www.leili-motor.net\/es\/wp-json\/wp\/v2\/media?parent=7048"}],"wp:term":[{"taxonomy":"product_brand","embeddable":true,"href":"https:\/\/www.leili-motor.net\/es\/wp-json\/wp\/v2\/product_brand?post=7048"},{"taxonomy":"product_cat","embeddable":true,"href":"https:\/\/www.leili-motor.net\/es\/wp-json\/wp\/v2\/product_cat?post=7048"},{"taxonomy":"product_tag","embeddable":true,"href":"https:\/\/www.leili-motor.net\/es\/wp-json\/wp\/v2\/product_tag?post=7048"}],"curies":[{"name":"wp","href":"https:\/\/api.w.org\/{rel}","templated":true}]}}