{"id":12493,"date":"2025-03-10T16:49:53","date_gmt":"2025-03-10T08:49:53","guid":{"rendered":"https:\/\/www.leili-motor.net\/moteur-de-drainage-2\/"},"modified":"2025-06-10T13:47:17","modified_gmt":"2025-06-10T05:47:17","slug":"moteur-de-drainage-2","status":"publish","type":"page","link":"https:\/\/www.leili-motor.net\/fr\/moteurs-de-drainage.html","title":{"rendered":"Moteur de Drainage"},"content":{"rendered":"\t\t<div data-elementor-type=\"wp-page\" data-elementor-id=\"12493\" class=\"elementor elementor-12493 elementor-1707\" data-elementor-settings=\"{&quot;ha_cmc_init_switcher&quot;:&quot;no&quot;}\" data-elementor-post-type=\"page\">\n\t\t\t\t<div class=\"elementor-element elementor-element-6f61537 e-flex e-con-boxed wpr-particle-no wpr-jarallax-no wpr-parallax-no wpr-sticky-section-no e-con e-parent\" data-id=\"6f61537\" data-element_type=\"container\" data-settings=\"{&quot;background_background&quot;:&quot;classic&quot;,&quot;_ha_eqh_enable&quot;:false}\">\n\t\t\t\t\t<div class=\"e-con-inner\">\n\t\t<div class=\"elementor-element elementor-element-9d03d5d e-con-full e-flex wpr-particle-no wpr-jarallax-no wpr-parallax-no wpr-sticky-section-no e-con e-child\" data-id=\"9d03d5d\" data-element_type=\"container\" data-settings=\"{&quot;_ha_eqh_enable&quot;:false}\">\n\t\t\t\t<div class=\"elementor-element elementor-element-cbb2106 elementor-widget elementor-widget-heading\" data-id=\"cbb2106\" data-element_type=\"widget\" data-widget_type=\"heading.default\">\n\t\t\t\t<div class=\"elementor-widget-container\">\n\t\t\t\t\t<h2 class=\"elementor-heading-title elementor-size-default\">Moteur de Drainage<\/h2>\t\t\t\t<\/div>\n\t\t\t\t<\/div>\n\t\t\t\t<\/div>\n\t\t<div class=\"elementor-element elementor-element-471f1f2 e-con-full e-flex wpr-particle-no wpr-jarallax-no wpr-parallax-no wpr-sticky-section-no e-con e-child\" data-id=\"471f1f2\" data-element_type=\"container\" data-settings=\"{&quot;_ha_eqh_enable&quot;:false}\">\n\t\t<div class=\"elementor-element elementor-element-95b7cce e-con-full e-flex wpr-particle-no wpr-jarallax-no wpr-parallax-no wpr-sticky-section-no e-con e-child\" data-id=\"95b7cce\" data-element_type=\"container\" data-settings=\"{&quot;_ha_eqh_enable&quot;:false}\">\n\t\t\t\t<div class=\"elementor-element elementor-element-cae9220 elementor-widget elementor-widget-text-editor\" data-id=\"cae9220\" data-element_type=\"widget\" data-widget_type=\"text-editor.default\">\n\t\t\t\t<div class=\"elementor-widget-container\">\n\t\t\t\t\t\t\t\t\t<p>Le moteur de drainage est principalement compos\u00e9 d&rsquo;un micromoteur synchrone, d&rsquo;un engrenage de changement de vitesse, d&rsquo;un c\u00e2ble de traction et d&rsquo;un interrupteur de d\u00e9placement. Lors de la vidange, la carte informatique (ou le contr\u00f4leur) alimente le micromoteur synchrone du moteur de drainage. Le c\u00e2ble d&rsquo;acier est enroul\u00e9 dans le moteur de drainage rotatif ; le c\u00e2ble d&rsquo;acier tire le bras de connexion, lequel tire le bouchon de la vanne de vidange pour surmonter la force \u00e9lastique du ressort de soupape et l&rsquo;ouvrir pour vidanger l&rsquo;eau. Simultan\u00e9ment, le bras de frein d&#8217;embrayage est ouvert. Maintenez-le ainsi. Lorsque le moteur de drainage est mis hors tension, le bouchon de la vanne de vidange se r\u00e9initialise sous la force \u00e9lastique du ressort de soupape pour arr\u00eater la vidange, et le c\u00e2ble d&rsquo;acier du moteur de drainage est retir\u00e9.     <\/p>\t\t\t\t\t\t\t\t<\/div>\n\t\t\t\t<\/div>\n\t\t\t\t<div class=\"elementor-element elementor-element-2b632a7 elementor-widget elementor-widget-text-editor\" data-id=\"2b632a7\" data-element_type=\"widget\" data-widget_type=\"text-editor.default\">\n\t\t\t\t<div class=\"elementor-widget-container\">\n\t\t\t\t\t\t\t\t\t<p>Apr\u00e8s plusieurs it\u00e9rations du moteur de drainage du moteur Leili, le dernier moteur de drainage de la s\u00e9rie QA, les performances et la qualit\u00e9 du produit sont au niveau le plus \u00e9lev\u00e9 de l&rsquo;industrie, et la s\u00e9rie de moteurs de drainage DC est lanc\u00e9e en m\u00eame temps.<\/p>\t\t\t\t\t\t\t\t<\/div>\n\t\t\t\t<\/div>\n\t\t\t\t<\/div>\n\t\t<div class=\"elementor-element elementor-element-6886a19 e-con-full e-flex wpr-particle-no wpr-jarallax-no wpr-parallax-no wpr-sticky-section-no e-con e-child\" data-id=\"6886a19\" data-element_type=\"container\" data-settings=\"{&quot;_ha_eqh_enable&quot;:false}\">\n\t\t\t\t<div class=\"elementor-element elementor-element-9aaf5d6 elementor-widget elementor-widget-image\" data-id=\"9aaf5d6\" data-element_type=\"widget\" data-widget_type=\"image.default\">\n\t\t\t\t<div class=\"elementor-widget-container\">\n\t\t\t\t\t\t\t\t\t\t\t\t\t\t\t<img loading=\"lazy\" decoding=\"async\" loading=\"lazy\" width=\"636\" height=\"323\" src=\"https:\/\/www.leili-motor.net\/wp-content\/uploads\/2025\/03\/Drainage-Motor.jpg\" class=\"attachment-full size-full wp-image-12495\" alt=\"Moteur de drainage\" srcset=\"https:\/\/www.leili-motor.net\/wp-content\/uploads\/2025\/03\/Drainage-Motor.jpg 636w, https:\/\/www.leili-motor.net\/wp-content\/uploads\/2025\/03\/Drainage-Motor-300x152.jpg 300w, https:\/\/www.leili-motor.net\/wp-content\/uploads\/2025\/03\/Drainage-Motor-600x305.jpg 600w\" sizes=\"auto, (max-width: 636px) 100vw, 636px\" \/>\t\t\t\t\t\t\t\t\t\t\t\t\t\t\t<\/div>\n\t\t\t\t<\/div>\n\t\t\t\t<\/div>\n\t\t\t\t<\/div>\n\t\t\t\t\t<\/div>\n\t\t\t\t<\/div>\n\t\t<div class=\"elementor-element elementor-element-7090370 e-flex e-con-boxed wpr-particle-no wpr-jarallax-no wpr-parallax-no wpr-sticky-section-no e-con e-parent\" data-id=\"7090370\" data-element_type=\"container\" data-settings=\"{&quot;background_background&quot;:&quot;classic&quot;,&quot;_ha_eqh_enable&quot;:false}\">\n\t\t\t\t\t<div class=\"e-con-inner\">\n\t\t<div class=\"elementor-element elementor-element-e22eb76 e-con-full e-flex wpr-particle-no wpr-jarallax-no wpr-parallax-no wpr-sticky-section-no e-con e-child\" data-id=\"e22eb76\" data-element_type=\"container\" data-settings=\"{&quot;_ha_eqh_enable&quot;:false}\">\n\t\t\t\t<div class=\"elementor-element elementor-element-3fec1ee elementor-widget-divider--view-line elementor-widget elementor-widget-divider\" data-id=\"3fec1ee\" data-element_type=\"widget\" data-widget_type=\"divider.default\">\n\t\t\t\t<div class=\"elementor-widget-container\">\n\t\t\t\t\t\t\t<div class=\"elementor-divider\">\n\t\t\t<span class=\"elementor-divider-separator\">\n\t\t\t\t\t\t<\/span>\n\t\t<\/div>\n\t\t\t\t\t\t<\/div>\n\t\t\t\t<\/div>\n\t\t\t\t<div class=\"elementor-element elementor-element-ee26f27 elementor-widget elementor-widget-heading\" data-id=\"ee26f27\" data-element_type=\"widget\" data-widget_type=\"heading.default\">\n\t\t\t\t<div class=\"elementor-widget-container\">\n\t\t\t\t\t<h2 class=\"elementor-heading-title elementor-size-default\">Applications du moteur de drainage<\/h2>\t\t\t\t<\/div>\n\t\t\t\t<\/div>\n\t\t\t\t<div class=\"elementor-element elementor-element-5bbffe2 elementor-widget-divider--view-line elementor-widget elementor-widget-divider\" data-id=\"5bbffe2\" data-element_type=\"widget\" data-widget_type=\"divider.default\">\n\t\t\t\t<div class=\"elementor-widget-container\">\n\t\t\t\t\t\t\t<div class=\"elementor-divider\">\n\t\t\t<span class=\"elementor-divider-separator\">\n\t\t\t\t\t\t<\/span>\n\t\t<\/div>\n\t\t\t\t\t\t<\/div>\n\t\t\t\t<\/div>\n\t\t\t\t<\/div>\n\t\t<div class=\"elementor-element elementor-element-c29ee97 e-con-full e-flex wpr-particle-no wpr-jarallax-no wpr-parallax-no wpr-sticky-section-no e-con e-child\" data-id=\"c29ee97\" data-element_type=\"container\" data-settings=\"{&quot;_ha_eqh_enable&quot;:false}\">\n\t\t<div class=\"elementor-element elementor-element-2782962 e-con-full e-flex wpr-particle-no wpr-jarallax-no wpr-parallax-no wpr-sticky-section-no e-con e-child\" data-id=\"2782962\" data-element_type=\"container\" data-settings=\"{&quot;background_background&quot;:&quot;classic&quot;,&quot;_ha_eqh_enable&quot;:false}\">\n\t\t<div class=\"elementor-element elementor-element-463dd54 e-con-full e-flex wpr-particle-no wpr-jarallax-no wpr-parallax-no wpr-sticky-section-no e-con e-child\" data-id=\"463dd54\" data-element_type=\"container\" data-settings=\"{&quot;_ha_eqh_enable&quot;:false}\">\n\t\t\t\t<div class=\"elementor-element elementor-element-cffc635 elementor-widget elementor-widget-image\" data-id=\"cffc635\" data-element_type=\"widget\" data-widget_type=\"image.default\">\n\t\t\t\t<div class=\"elementor-widget-container\">\n\t\t\t\t\t\t\t\t\t\t\t\t\t\t\t\t<a href=\"https:\/\/www.leili-motor.net\/drain-actuator.html\">\n\t\t\t\t\t\t\t<img loading=\"lazy\" decoding=\"async\" loading=\"lazy\" width=\"260\" height=\"200\" src=\"https:\/\/www.leili-motor.net\/wp-content\/uploads\/2025\/03\/Drainage-Motors-1.jpg\" class=\"attachment-full size-full wp-image-12496\" alt=\"Moteurs de drainage\" \/>\t\t\t\t\t\t\t\t<\/a>\n\t\t\t\t\t\t\t\t\t\t\t\t\t\t\t<\/div>\n\t\t\t\t<\/div>\n\t\t\t\t<\/div>\n\t\t<div class=\"elementor-element elementor-element-6b4e01c e-con-full e-flex wpr-particle-no wpr-jarallax-no wpr-parallax-no wpr-sticky-section-no e-con e-child\" data-id=\"6b4e01c\" data-element_type=\"container\" data-settings=\"{&quot;_ha_eqh_enable&quot;:false}\">\n\t\t<div class=\"elementor-element elementor-element-6340258 e-con-full e-flex wpr-particle-no wpr-jarallax-no wpr-parallax-no wpr-sticky-section-no e-con e-child\" data-id=\"6340258\" data-element_type=\"container\" data-settings=\"{&quot;_ha_eqh_enable&quot;:false}\">\n\t\t\t\t<div class=\"elementor-element elementor-element-f08257f elementor-widget elementor-widget-heading\" data-id=\"f08257f\" data-element_type=\"widget\" data-widget_type=\"heading.default\">\n\t\t\t\t<div class=\"elementor-widget-container\">\n\t\t\t\t\t<h3 class=\"elementor-heading-title elementor-size-default\"><a href=\"https:\/\/www.leili-motor.net\/drain-actuator.html\">Moteur de Drainage<\/a><\/h3>\t\t\t\t<\/div>\n\t\t\t\t<\/div>\n\t\t\t\t<\/div>\n\t\t<div class=\"elementor-element elementor-element-3dc9fb5 e-con-full e-flex wpr-particle-no wpr-jarallax-no wpr-parallax-no wpr-sticky-section-no e-con e-child\" data-id=\"3dc9fb5\" data-element_type=\"container\" data-settings=\"{&quot;_ha_eqh_enable&quot;:false}\">\n\t\t\t\t<div class=\"elementor-element elementor-element-25be43d elementor-icon-list--layout-traditional elementor-list-item-link-full_width elementor-widget elementor-widget-icon-list\" data-id=\"25be43d\" data-element_type=\"widget\" data-widget_type=\"icon-list.default\">\n\t\t\t\t<div class=\"elementor-widget-container\">\n\t\t\t\t\t\t\t<ul class=\"elementor-icon-list-items\">\n\t\t\t\t\t\t\t<li class=\"elementor-icon-list-item\">\n\t\t\t\t\t\t\t\t\t\t<span class=\"elementor-icon-list-text\"><b>Caract\u00e9ristiques du concept <\/b> : Le moteur de drainage est un dispositif permettant le contr\u00f4le automatique du drainage dans une machine \u00e0 laver enti\u00e8rement automatique. Il est principalement compos\u00e9 d'un moteur synchrone, d'un syst\u00e8me de transmission et d'un syst\u00e8me de contr\u00f4le. <\/span>\n\t\t\t\t\t\t\t\t\t<\/li>\n\t\t\t\t\t\t\t\t<li class=\"elementor-icon-list-item\">\n\t\t\t\t\t\t\t\t\t\t<span class=\"elementor-icon-list-text\"><b>Utilisation du produit<\/b> : Machine \u00e0 laver \u00e0 pulsateur<\/span>\n\t\t\t\t\t\t\t\t\t<\/li>\n\t\t\t\t\t\t\t\t<li class=\"elementor-icon-list-item\">\n\t\t\t\t\t\t\t\t\t\t<span class=\"elementor-icon-list-text\"><b>Usine de production de Leili<\/b>: Jiangsu Leili<\/span>\n\t\t\t\t\t\t\t\t\t<\/li>\n\t\t\t\t\t\t<\/ul>\n\t\t\t\t\t\t<\/div>\n\t\t\t\t<\/div>\n\t\t\t\t<\/div>\n\t\t\t\t<\/div>\n\t\t\t\t<\/div>\n\t\t<div class=\"elementor-element elementor-element-1b01385 e-con-full e-flex wpr-particle-no wpr-jarallax-no wpr-parallax-no wpr-sticky-section-no e-con e-child\" data-id=\"1b01385\" data-element_type=\"container\" data-settings=\"{&quot;_ha_eqh_enable&quot;:false}\">\n\t\t\t\t<div class=\"elementor-element elementor-element-f951e18 elementor-widget elementor-widget-image\" data-id=\"f951e18\" data-element_type=\"widget\" data-widget_type=\"image.default\">\n\t\t\t\t<div class=\"elementor-widget-container\">\n\t\t\t\t\t\t\t\t\t\t\t\t\t\t\t\t<a href=\"https:\/\/www.leili-motor.net\/drain-actuator.html\">\n\t\t\t\t\t\t\t<img loading=\"lazy\" decoding=\"async\" loading=\"lazy\" width=\"402\" height=\"444\" src=\"https:\/\/www.leili-motor.net\/wp-content\/uploads\/2025\/03\/Application-Fields-Of-Drainage-Motor.png\" class=\"attachment-large size-large wp-image-12494\" alt=\"Domaines d&#039;application du moteur de drainage\" srcset=\"https:\/\/www.leili-motor.net\/wp-content\/uploads\/2025\/03\/Application-Fields-Of-Drainage-Motor.png 402w, https:\/\/www.leili-motor.net\/wp-content\/uploads\/2025\/03\/Application-Fields-Of-Drainage-Motor-272x300.png 272w\" sizes=\"auto, (max-width: 402px) 100vw, 402px\" \/>\t\t\t\t\t\t\t\t<\/a>\n\t\t\t\t\t\t\t\t\t\t\t\t\t\t\t<\/div>\n\t\t\t\t<\/div>\n\t\t\t\t<\/div>\n\t\t\t\t<\/div>\n\t\t\t\t\t<\/div>\n\t\t\t\t<\/div>\n\t\t\t\t<\/div>\n\t\t","protected":false},"excerpt":{"rendered":"<p>Moteur de Drainage Le moteur de drainage est principalement compos\u00e9 d&rsquo;un micromoteur synchrone, d&rsquo;un engrenage de changement de vitesse, d&rsquo;un c\u00e2ble de traction et d&rsquo;un interrupteur de d\u00e9placement. Lors de la vidange, la carte informatique (ou le contr\u00f4leur) alimente le micromoteur synchrone du moteur de drainage. Le c\u00e2ble d&rsquo;acier est enroul\u00e9 dans le moteur de drainage rotatif ; le c\u00e2ble d&rsquo;acier tire le bras de connexion, lequel tire le bouchon de la vanne de vidange pour surmonter la force \u00e9lastique du ressort de soupape et l&rsquo;ouvrir pour vidanger l&rsquo;eau. Simultan\u00e9ment, le bras de frein d&#8217;embrayage est ouvert. Maintenez-le ainsi. Lorsque le moteur de drainage est mis hors tension, le bouchon de la vanne de vidange se r\u00e9initialise sous la force \u00e9lastique du ressort de soupape pour arr\u00eater la vidange, et le c\u00e2ble d&rsquo;acier du moteur de drainage est retir\u00e9. Apr\u00e8s plusieurs it\u00e9rations du moteur de drainage du moteur Leili, le dernier moteur de drainage de la s\u00e9rie QA, les performances et la qualit\u00e9 du produit sont au niveau le plus \u00e9lev\u00e9 de l&rsquo;industrie, et la s\u00e9rie de moteurs de drainage DC est lanc\u00e9e en m\u00eame temps. Applications du moteur de drainage Moteur de Drainage Caract\u00e9ristiques du concept : Le moteur de drainage est un dispositif permettant le contr\u00f4le automatique du drainage dans une machine \u00e0 laver enti\u00e8rement automatique. Il est principalement compos\u00e9 d&rsquo;un moteur synchrone, d&rsquo;un syst\u00e8me de transmission et d&rsquo;un syst\u00e8me de contr\u00f4le. Utilisation du produit : Machine \u00e0 laver \u00e0 pulsateur Usine de production de Leili: Jiangsu Leili<\/p>\n","protected":false},"author":1,"featured_media":0,"parent":0,"menu_order":0,"comment_status":"closed","ping_status":"closed","template":"","meta":{"site-sidebar-layout":"no-sidebar","site-content-layout":"","ast-site-content-layout":"full-width-container","site-content-style":"default","site-sidebar-style":"default","ast-global-header-display":"","ast-banner-title-visibility":"","ast-main-header-display":"","ast-hfb-above-header-display":"","ast-hfb-below-header-display":"","ast-hfb-mobile-header-display":"","site-post-title":"disabled","ast-breadcrumbs-content":"","ast-featured-img":"disabled","footer-sml-layout":"","theme-transparent-header-meta":"default","adv-header-id-meta":"","stick-header-meta":"","header-above-stick-meta":"","header-main-stick-meta":"","header-below-stick-meta":"","astra-migrate-meta-layouts":"set","ast-page-background-enabled":"default","ast-page-background-meta":{"desktop":{"background-color":"var(--ast-global-color-5)","background-image":"","background-repeat":"repeat","background-position":"center center","background-size":"auto","background-attachment":"scroll","background-type":"","background-media":"","overlay-type":"","overlay-color":"","overlay-opacity":"","overlay-gradient":""},"tablet":{"background-color":"","background-image":"","background-repeat":"repeat","background-position":"center center","background-size":"auto","background-attachment":"scroll","background-type":"","background-media":"","overlay-type":"","overlay-color":"","overlay-opacity":"","overlay-gradient":""},"mobile":{"background-color":"","background-image":"","background-repeat":"repeat","background-position":"center center","background-size":"auto","background-attachment":"scroll","background-type":"","background-media":"","overlay-type":"","overlay-color":"","overlay-opacity":"","overlay-gradient":""}},"ast-content-background-meta":{"desktop":{"background-color":"var(--ast-global-color-4)","background-image":"","background-repeat":"repeat","background-position":"center center","background-size":"auto","background-attachment":"scroll","background-type":"","background-media":"","overlay-type":"","overlay-color":"","overlay-opacity":"","overlay-gradient":""},"tablet":{"background-color":"var(--ast-global-color-4)","background-image":"","background-repeat":"repeat","background-position":"center center","background-size":"auto","background-attachment":"scroll","background-type":"","background-media":"","overlay-type":"","overlay-color":"","overlay-opacity":"","overlay-gradient":""},"mobile":{"background-color":"var(--ast-global-color-4)","background-image":"","background-repeat":"repeat","background-position":"center center","background-size":"auto","background-attachment":"scroll","background-type":"","background-media":"","overlay-type":"","overlay-color":"","overlay-opacity":"","overlay-gradient":""}},"footnotes":""},"class_list":["post-12493","page","type-page","status-publish","hentry"],"yoast_head":"<!-- This site is optimized with the Yoast SEO plugin v27.2 - https:\/\/yoast.com\/product\/yoast-seo-wordpress\/ -->\n<title>Moteur de vidange pour machine \u00e0 laver &#8211; Leili Motor<\/title>\n<meta name=\"description\" content=\"Apr\u00e8s plusieurs it\u00e9rations du moteur de drainage Leili, le dernier moteur de drainage de la s\u00e9rie QA, les performances et la qualit\u00e9 du produit sont au niveau le plus \u00e9lev\u00e9 de l&#039;industrie, et la s\u00e9rie de moteurs de drainage DC est lanc\u00e9e en m\u00eame temps.\" \/>\n<meta name=\"robots\" content=\"index, follow, max-snippet:-1, max-image-preview:large, max-video-preview:-1\" \/>\n<link rel=\"canonical\" href=\"https:\/\/www.leili-motor.net\/fr\/moteurs-de-drainage.html\" \/>\n<meta name=\"twitter:label1\" content=\"Dur\u00e9e de lecture estim\u00e9e\" \/>\n\t<meta name=\"twitter:data1\" content=\"2 minutes\" \/>\n<script type=\"application\/ld+json\" class=\"yoast-schema-graph\">{\"@context\":\"https:\/\/schema.org\",\"@graph\":[{\"@type\":\"WebPage\",\"@id\":\"https:\/\/www.leili-motor.net\/fr\/moteurs-de-drainage.html\",\"url\":\"https:\/\/www.leili-motor.net\/fr\/moteurs-de-drainage.html\",\"name\":\"Moteur de vidange pour machine \u00e0 laver &#8211; Leili Motor\",\"isPartOf\":{\"@id\":\"https:\/\/www.leili-motor.net\/fr\/#website\"},\"primaryImageOfPage\":{\"@id\":\"https:\/\/www.leili-motor.net\/fr\/moteurs-de-drainage.html#primaryimage\"},\"image\":{\"@id\":\"https:\/\/www.leili-motor.net\/fr\/moteurs-de-drainage.html#primaryimage\"},\"thumbnailUrl\":\"https:\/\/www.leili-motor.net\/wp-content\/uploads\/2025\/03\/Drainage-Motor.jpg\",\"datePublished\":\"2025-03-10T08:49:53+00:00\",\"dateModified\":\"2025-06-10T05:47:17+00:00\",\"description\":\"Apr\u00e8s plusieurs it\u00e9rations du moteur de drainage Leili, le dernier moteur de drainage de la s\u00e9rie QA, les performances et la qualit\u00e9 du produit sont au niveau le plus \u00e9lev\u00e9 de l'industrie, et la s\u00e9rie de moteurs de drainage DC est lanc\u00e9e en m\u00eame temps.\",\"breadcrumb\":{\"@id\":\"https:\/\/www.leili-motor.net\/fr\/moteurs-de-drainage.html#breadcrumb\"},\"inLanguage\":\"fr-FR\",\"potentialAction\":[{\"@type\":\"ReadAction\",\"target\":[\"https:\/\/www.leili-motor.net\/fr\/moteurs-de-drainage.html\"]}]},{\"@type\":\"ImageObject\",\"inLanguage\":\"fr-FR\",\"@id\":\"https:\/\/www.leili-motor.net\/fr\/moteurs-de-drainage.html#primaryimage\",\"url\":\"https:\/\/www.leili-motor.net\/wp-content\/uploads\/2025\/03\/Drainage-Motor.jpg\",\"contentUrl\":\"https:\/\/www.leili-motor.net\/wp-content\/uploads\/2025\/03\/Drainage-Motor.jpg\"},{\"@type\":\"BreadcrumbList\",\"@id\":\"https:\/\/www.leili-motor.net\/fr\/moteurs-de-drainage.html#breadcrumb\",\"itemListElement\":[{\"@type\":\"ListItem\",\"position\":1,\"name\":\"Home\",\"item\":\"https:\/\/www.leili-motor.net\/fr\/\"},{\"@type\":\"ListItem\",\"position\":2,\"name\":\"Moteur de Drainage\"}]},{\"@type\":\"WebSite\",\"@id\":\"https:\/\/www.leili-motor.net\/fr\/#website\",\"url\":\"https:\/\/www.leili-motor.net\/fr\/\",\"name\":\"Leili Motor\",\"description\":\"\",\"publisher\":{\"@id\":\"https:\/\/www.leili-motor.net\/fr\/#organization\"},\"potentialAction\":[{\"@type\":\"SearchAction\",\"target\":{\"@type\":\"EntryPoint\",\"urlTemplate\":\"https:\/\/www.leili-motor.net\/fr\/?s={search_term_string}\"},\"query-input\":{\"@type\":\"PropertyValueSpecification\",\"valueRequired\":true,\"valueName\":\"search_term_string\"}}],\"inLanguage\":\"fr-FR\"},{\"@type\":\"Organization\",\"@id\":\"https:\/\/www.leili-motor.net\/fr\/#organization\",\"name\":\"Leili Motor\",\"url\":\"https:\/\/www.leili-motor.net\/fr\/\",\"logo\":{\"@type\":\"ImageObject\",\"inLanguage\":\"fr-FR\",\"@id\":\"https:\/\/www.leili-motor.net\/fr\/#\/schema\/logo\/image\/\",\"url\":\"https:\/\/www.leili-motor.net\/wp-content\/uploads\/2025\/03\/Leili-Motor.png\",\"contentUrl\":\"https:\/\/www.leili-motor.net\/wp-content\/uploads\/2025\/03\/Leili-Motor.png\",\"width\":600,\"height\":156,\"caption\":\"Leili Motor\"},\"image\":{\"@id\":\"https:\/\/www.leili-motor.net\/fr\/#\/schema\/logo\/image\/\"}}]}<\/script>\n<!-- \/ Yoast SEO plugin. -->","yoast_head_json":{"title":"Moteur de vidange pour machine \u00e0 laver &#8211; Leili Motor","description":"Apr\u00e8s plusieurs it\u00e9rations du moteur de drainage Leili, le dernier moteur de drainage de la s\u00e9rie QA, les performances et la qualit\u00e9 du produit sont au niveau le plus \u00e9lev\u00e9 de l'industrie, et la s\u00e9rie de moteurs de drainage DC est lanc\u00e9e en m\u00eame temps.","robots":{"index":"index","follow":"follow","max-snippet":"max-snippet:-1","max-image-preview":"max-image-preview:large","max-video-preview":"max-video-preview:-1"},"canonical":"https:\/\/www.leili-motor.net\/fr\/moteurs-de-drainage.html","twitter_misc":{"Dur\u00e9e de lecture estim\u00e9e":"2 minutes"},"schema":{"@context":"https:\/\/schema.org","@graph":[{"@type":"WebPage","@id":"https:\/\/www.leili-motor.net\/fr\/moteurs-de-drainage.html","url":"https:\/\/www.leili-motor.net\/fr\/moteurs-de-drainage.html","name":"Moteur de vidange pour machine \u00e0 laver &#8211; Leili Motor","isPartOf":{"@id":"https:\/\/www.leili-motor.net\/fr\/#website"},"primaryImageOfPage":{"@id":"https:\/\/www.leili-motor.net\/fr\/moteurs-de-drainage.html#primaryimage"},"image":{"@id":"https:\/\/www.leili-motor.net\/fr\/moteurs-de-drainage.html#primaryimage"},"thumbnailUrl":"https:\/\/www.leili-motor.net\/wp-content\/uploads\/2025\/03\/Drainage-Motor.jpg","datePublished":"2025-03-10T08:49:53+00:00","dateModified":"2025-06-10T05:47:17+00:00","description":"Apr\u00e8s plusieurs it\u00e9rations du moteur de drainage Leili, le dernier moteur de drainage de la s\u00e9rie QA, les performances et la qualit\u00e9 du produit sont au niveau le plus \u00e9lev\u00e9 de l'industrie, et la s\u00e9rie de moteurs de drainage DC est lanc\u00e9e en m\u00eame temps.","breadcrumb":{"@id":"https:\/\/www.leili-motor.net\/fr\/moteurs-de-drainage.html#breadcrumb"},"inLanguage":"fr-FR","potentialAction":[{"@type":"ReadAction","target":["https:\/\/www.leili-motor.net\/fr\/moteurs-de-drainage.html"]}]},{"@type":"ImageObject","inLanguage":"fr-FR","@id":"https:\/\/www.leili-motor.net\/fr\/moteurs-de-drainage.html#primaryimage","url":"https:\/\/www.leili-motor.net\/wp-content\/uploads\/2025\/03\/Drainage-Motor.jpg","contentUrl":"https:\/\/www.leili-motor.net\/wp-content\/uploads\/2025\/03\/Drainage-Motor.jpg"},{"@type":"BreadcrumbList","@id":"https:\/\/www.leili-motor.net\/fr\/moteurs-de-drainage.html#breadcrumb","itemListElement":[{"@type":"ListItem","position":1,"name":"Home","item":"https:\/\/www.leili-motor.net\/fr\/"},{"@type":"ListItem","position":2,"name":"Moteur de Drainage"}]},{"@type":"WebSite","@id":"https:\/\/www.leili-motor.net\/fr\/#website","url":"https:\/\/www.leili-motor.net\/fr\/","name":"Leili Motor","description":"","publisher":{"@id":"https:\/\/www.leili-motor.net\/fr\/#organization"},"potentialAction":[{"@type":"SearchAction","target":{"@type":"EntryPoint","urlTemplate":"https:\/\/www.leili-motor.net\/fr\/?s={search_term_string}"},"query-input":{"@type":"PropertyValueSpecification","valueRequired":true,"valueName":"search_term_string"}}],"inLanguage":"fr-FR"},{"@type":"Organization","@id":"https:\/\/www.leili-motor.net\/fr\/#organization","name":"Leili Motor","url":"https:\/\/www.leili-motor.net\/fr\/","logo":{"@type":"ImageObject","inLanguage":"fr-FR","@id":"https:\/\/www.leili-motor.net\/fr\/#\/schema\/logo\/image\/","url":"https:\/\/www.leili-motor.net\/wp-content\/uploads\/2025\/03\/Leili-Motor.png","contentUrl":"https:\/\/www.leili-motor.net\/wp-content\/uploads\/2025\/03\/Leili-Motor.png","width":600,"height":156,"caption":"Leili Motor"},"image":{"@id":"https:\/\/www.leili-motor.net\/fr\/#\/schema\/logo\/image\/"}}]}},"_links":{"self":[{"href":"https:\/\/www.leili-motor.net\/fr\/wp-json\/wp\/v2\/pages\/12493","targetHints":{"allow":["GET"]}}],"collection":[{"href":"https:\/\/www.leili-motor.net\/fr\/wp-json\/wp\/v2\/pages"}],"about":[{"href":"https:\/\/www.leili-motor.net\/fr\/wp-json\/wp\/v2\/types\/page"}],"author":[{"embeddable":true,"href":"https:\/\/www.leili-motor.net\/fr\/wp-json\/wp\/v2\/users\/1"}],"replies":[{"embeddable":true,"href":"https:\/\/www.leili-motor.net\/fr\/wp-json\/wp\/v2\/comments?post=12493"}],"version-history":[{"count":2,"href":"https:\/\/www.leili-motor.net\/fr\/wp-json\/wp\/v2\/pages\/12493\/revisions"}],"predecessor-version":[{"id":12499,"href":"https:\/\/www.leili-motor.net\/fr\/wp-json\/wp\/v2\/pages\/12493\/revisions\/12499"}],"wp:attachment":[{"href":"https:\/\/www.leili-motor.net\/fr\/wp-json\/wp\/v2\/media?parent=12493"}],"curies":[{"name":"wp","href":"https:\/\/api.w.org\/{rel}","templated":true}]}}