{"id":10682,"date":"2025-03-13T11:50:44","date_gmt":"2025-03-13T03:50:44","guid":{"rendered":"https:\/\/www.leili-motor.net\/moteur-synchrone-a-hysteresis-tjb2-1\/"},"modified":"2025-03-13T11:50:44","modified_gmt":"2025-03-13T03:50:44","slug":"moteur-synchrone-a-hysteresis-tjb2-1","status":"publish","type":"product","link":"https:\/\/www.leili-motor.net\/fr\/moteur-synchrone-a-hysteresis-tjb2-1.html","title":{"rendered":"Moteur synchrone \u00e0 hyst\u00e9r\u00e9sis TJB2-1"},"content":{"rendered":"<h2>Param\u00e8tres du produit<\/h2>\n<table>\n<tbody>\n<tr>\n<td>Tension<\/td>\n<td>Fr\u00e9quence nominale<\/td>\n<td>Consommation d&rsquo;\u00e9nergie \u00e0 charge libre<\/td>\n<td>Courant de charge libre<\/td>\n<td>Tension de d\u00e9marrage<\/td>\n<td>R\u00e9sistance d&rsquo;isolement<\/td>\n<td>Tension de tenue<\/td>\n<td>Rotation<\/td>\n<td>Vitesse<\/td>\n<td>Couple de fonctionnement<\/td>\n<td>Couple de retour<\/td>\n<td>Classe d&rsquo;isolation<\/td>\n<td>Courant de fuite<\/td>\n<td>\u00c9l\u00e9vation de temp\u00e9rature de la bobine<\/td>\n<td>Bruit<\/td>\n<td>R\u00e9sistance du fil conducteur<\/td>\n<\/tr>\n<tr>\n<td>\uff08V\uff09<\/td>\n<td>\uff08Hz\uff09<\/td>\n<td>\uff08W\uff09<\/td>\n<td>\uff08mA\uff09<\/td>\n<td>\uff08V\uff09<\/td>\n<td>\uff08M\u03a9\uff09<\/td>\n<td>\uff08V\uff09<\/td>\n<td><\/td>\n<td>\uff08RPM\uff09<\/td>\n<td>\uff08kgf.cm\uff09<\/td>\n<td>\uff08kgf.cm\uff09<\/td>\n<td><\/td>\n<td>\uff08mA\uff09<\/td>\n<td>\uff08K\uff09<\/td>\n<td>dB(A)<\/td>\n<td>\uff08kgf\uff09<\/td>\n<\/tr>\n<tr>\n<td rowspan=\"2\">24<\/td>\n<td rowspan=\"2\">50\/60<\/td>\n<td rowspan=\"2\">\u2264 5<\/td>\n<td rowspan=\"2\">\u2264 200<\/td>\n<td rowspan=\"2\">19<\/td>\n<td rowspan=\"2\">temp\u00e9rature ambiante \u2265 100<\/td>\n<td rowspan=\"2\">CA 1500, 1 min, 1 mA<\/td>\n<td rowspan=\"2\">CW\/CCW<\/td>\n<td>50Hz, 5r\/min<\/td>\n<td rowspan=\"2\">\u2265 1.5<\/td>\n<td rowspan=\"2\">\u2264 0.2<\/td>\n<td rowspan=\"2\">F<\/td>\n<td rowspan=\"2\">0.5<\/td>\n<td rowspan=\"2\">\u2264 75<\/td>\n<td rowspan=\"2\">\u2264 50<\/td>\n<td rowspan=\"2\">\u2265 2,15s<\/td>\n<\/tr>\n<tr>\n<td>60Hz, 6r\/min<\/td>\n<\/tr>\n<tr>\n<td rowspan=\"2\">110<\/td>\n<td rowspan=\"2\">50\/60<\/td>\n<td rowspan=\"2\">\u2264 3.5<\/td>\n<td rowspan=\"2\">\u2264 40<\/td>\n<td rowspan=\"2\">88<\/td>\n<td rowspan=\"2\">temp\u00e9rature ambiante \u2265 100<\/td>\n<td rowspan=\"2\">CA 1500, 1 min, 1 mA<\/td>\n<td rowspan=\"2\">CW\/CCW<\/td>\n<td>50Hz, 5r\/min<\/td>\n<td rowspan=\"2\">\u2265 1.5<\/td>\n<td rowspan=\"2\">\u2264 0.2<\/td>\n<td rowspan=\"2\">F<\/td>\n<td rowspan=\"2\">0.5<\/td>\n<td rowspan=\"2\">\u2264 75<\/td>\n<td rowspan=\"2\">\u2264 50<\/td>\n<td rowspan=\"2\">\u2265 2,15s<\/td>\n<\/tr>\n<tr>\n<td>60Hz, 6r\/min<\/td>\n<\/tr>\n<tr>\n<td rowspan=\"2\">240<\/td>\n<td rowspan=\"2\">50\/60<\/td>\n<td rowspan=\"2\">\u2264 4<\/td>\n<td rowspan=\"2\">\u2264 30<\/td>\n<td rowspan=\"2\">192<\/td>\n<td rowspan=\"2\">temp\u00e9rature ambiante \u2265 100<\/td>\n<td rowspan=\"2\">CA 1500, 1 min, 1 mA<\/td>\n<td rowspan=\"2\">CW\/CCW<\/td>\n<td>50Hz, 5r\/min<\/td>\n<td rowspan=\"2\">\u2265 1.5<\/td>\n<td rowspan=\"2\">\u2264 0.2<\/td>\n<td rowspan=\"2\">F<\/td>\n<td rowspan=\"2\">0.5<\/td>\n<td rowspan=\"2\">\u2264 75<\/td>\n<td rowspan=\"2\">\u2264 50<\/td>\n<td rowspan=\"2\">\u2265 2,15s<\/td>\n<\/tr>\n<tr>\n<td>60Hz, 6r\/min<\/td>\n<\/tr>\n<\/tbody>\n<\/table>\n<h2>Dimensions m\u00e9caniques : mm<\/h2>\n<p><img fetchpriority=\"high\" decoding=\"async\" class=\"size-full wp-image-2740 aligncenter\" src=\"https:\/\/www.leili-motor.net\/wp-content\/uploads\/2025\/03\/TJB2-1-Hysteresis-Synchronous-Motor-Dimensions.webp\" alt=\"Dimensions du moteur synchrone \u00e0 hyst\u00e9r\u00e9sis TJB2-1\" width=\"759\" height=\"368\" srcset=\"https:\/\/www.leili-motor.net\/wp-content\/uploads\/2025\/03\/TJB2-1-Hysteresis-Synchronous-Motor-Dimensions.webp 759w, https:\/\/www.leili-motor.net\/wp-content\/uploads\/2025\/03\/TJB2-1-Hysteresis-Synchronous-Motor-Dimensions-300x145.webp 300w, https:\/\/www.leili-motor.net\/wp-content\/uploads\/2025\/03\/TJB2-1-Hysteresis-Synchronous-Motor-Dimensions-600x291.webp 600w\" sizes=\"(max-width: 759px) 100vw, 759px\" \/><\/p>\n","protected":false},"excerpt":{"rendered":"<h3>Pr\u00e9sentation du produit<\/h3>\n<ul>\n<li>Fonctionne \u00e0 24 V, puissance \u2264 5 W, avec un courant de charge libre \u2264 200 mA et une tension de d\u00e9marrage de 19 V.<\/li>\n<li>Fournit un couple de fonctionnement \u2265 1,5 kgf\u00b7cm, un couple de retour \u2264 0,2 kgf\u00b7cm et une \u00e9l\u00e9vation de temp\u00e9rature de bobine \u2264 75 K.<\/li>\n<li>La classe d&rsquo;isolation F, la r\u00e9sistance d&rsquo;isolation \u2265 100 M\u03a9 et la tension de tenue AC1500V garantissent une fiabilit\u00e9 durable.<\/li>\n<\/ul>\n","protected":false},"featured_media":10683,"comment_status":"open","ping_status":"closed","template":"","meta":{"site-sidebar-layout":"default","site-content-layout":"","ast-site-content-layout":"default","site-content-style":"default","site-sidebar-style":"default","ast-global-header-display":"","ast-banner-title-visibility":"","ast-main-header-display":"","ast-hfb-above-header-display":"","ast-hfb-below-header-display":"","ast-hfb-mobile-header-display":"","site-post-title":"","ast-breadcrumbs-content":"","ast-featured-img":"","footer-sml-layout":"","theme-transparent-header-meta":"default","adv-header-id-meta":"","stick-header-meta":"","header-above-stick-meta":"","header-main-stick-meta":"","header-below-stick-meta":"","astra-migrate-meta-layouts":"default","ast-page-background-enabled":"default","ast-page-background-meta":{"desktop":{"background-color":"var(--ast-global-color-5)","background-image":"","background-repeat":"repeat","background-position":"center center","background-size":"auto","background-attachment":"scroll","background-type":"","background-media":"","overlay-type":"","overlay-color":"","overlay-opacity":"","overlay-gradient":""},"tablet":{"background-color":"","background-image":"","background-repeat":"repeat","background-position":"center center","background-size":"auto","background-attachment":"scroll","background-type":"","background-media":"","overlay-type":"","overlay-color":"","overlay-opacity":"","overlay-gradient":""},"mobile":{"background-color":"","background-image":"","background-repeat":"repeat","background-position":"center center","background-size":"auto","background-attachment":"scroll","background-type":"","background-media":"","overlay-type":"","overlay-color":"","overlay-opacity":"","overlay-gradient":""}},"ast-content-background-meta":{"desktop":{"background-color":"var(--ast-global-color-4)","background-image":"","background-repeat":"repeat","background-position":"center center","background-size":"auto","background-attachment":"scroll","background-type":"","background-media":"","overlay-type":"","overlay-color":"","overlay-opacity":"","overlay-gradient":""},"tablet":{"background-color":"var(--ast-global-color-4)","background-image":"","background-repeat":"repeat","background-position":"center center","background-size":"auto","background-attachment":"scroll","background-type":"","background-media":"","overlay-type":"","overlay-color":"","overlay-opacity":"","overlay-gradient":""},"mobile":{"background-color":"var(--ast-global-color-4)","background-image":"","background-repeat":"repeat","background-position":"center center","background-size":"auto","background-attachment":"scroll","background-type":"","background-media":"","overlay-type":"","overlay-color":"","overlay-opacity":"","overlay-gradient":""}}},"product_brand":[],"product_cat":[1096,1097],"product_tag":[1098],"class_list":{"0":"post-10682","1":"product","2":"type-product","3":"status-publish","4":"has-post-thumbnail","6":"product_cat-moteur-synchrone","7":"product_cat-moteur-synchrone-a-hysteresis","8":"product_tag-controle-de-vanne-moteur-a-hysteresis","9":"pa_application-industrie-fr","10":"pa_sm-dimension-diameter-50-fr","11":"desktop-align-left","12":"tablet-align-left","13":"mobile-align-left","15":"first","16":"instock","17":"shipping-taxable","18":"product-type-simple"},"yoast_head":"<!-- This site is optimized with the Yoast SEO plugin v27.2 - https:\/\/yoast.com\/product\/yoast-seo-wordpress\/ -->\n<title>Moteur synchrone \u00e0 hyst\u00e9r\u00e9sis TJB2-1 &#8211; Leili Motor<\/title>\n<meta name=\"description\" content=\"Le moteur synchrone \u00e0 hyst\u00e9r\u00e9sis TJB2-1 fonctionne \u00e0 24 V avec une puissance \u00e0 charge libre \u2264 5 W, un couple de fonctionnement \u2265 1,5 kgf\u00b7cm et une \u00e9l\u00e9vation de temp\u00e9rature de la bobine \u2264 75 K.\" \/>\n<meta name=\"robots\" content=\"index, follow, max-snippet:-1, max-image-preview:large, max-video-preview:-1\" \/>\n<link rel=\"canonical\" href=\"https:\/\/www.leili-motor.net\/fr\/moteur-synchrone-a-hysteresis-tjb2-1.html\" \/>\n<meta name=\"twitter:label1\" content=\"Dur\u00e9e de lecture estim\u00e9e\" \/>\n\t<meta name=\"twitter:data1\" content=\"1 minute\" \/>\n<script type=\"application\/ld+json\" class=\"yoast-schema-graph\">{\"@context\":\"https:\/\/schema.org\",\"@graph\":[{\"@type\":\"WebPage\",\"@id\":\"https:\/\/www.leili-motor.net\/fr\/moteur-synchrone-a-hysteresis-tjb2-1.html\",\"url\":\"https:\/\/www.leili-motor.net\/fr\/moteur-synchrone-a-hysteresis-tjb2-1.html\",\"name\":\"Moteur synchrone \u00e0 hyst\u00e9r\u00e9sis TJB2-1 &#8211; Leili Motor\",\"isPartOf\":{\"@id\":\"https:\/\/www.leili-motor.net\/fr\/#website\"},\"primaryImageOfPage\":{\"@id\":\"https:\/\/www.leili-motor.net\/fr\/moteur-synchrone-a-hysteresis-tjb2-1.html#primaryimage\"},\"image\":{\"@id\":\"https:\/\/www.leili-motor.net\/fr\/moteur-synchrone-a-hysteresis-tjb2-1.html#primaryimage\"},\"thumbnailUrl\":\"https:\/\/www.leili-motor.net\/wp-content\/uploads\/2025\/03\/TJB2-1-Hysteresis-Synchronous-Motor.webp\",\"datePublished\":\"2025-03-13T03:50:44+00:00\",\"description\":\"Le moteur synchrone \u00e0 hyst\u00e9r\u00e9sis TJB2-1 fonctionne \u00e0 24 V avec une puissance \u00e0 charge libre \u2264 5 W, un couple de fonctionnement \u2265 1,5 kgf\u00b7cm et une \u00e9l\u00e9vation de temp\u00e9rature de la bobine \u2264 75 K.\",\"breadcrumb\":{\"@id\":\"https:\/\/www.leili-motor.net\/fr\/moteur-synchrone-a-hysteresis-tjb2-1.html#breadcrumb\"},\"inLanguage\":\"fr-FR\",\"potentialAction\":[{\"@type\":\"ReadAction\",\"target\":[\"https:\/\/www.leili-motor.net\/fr\/moteur-synchrone-a-hysteresis-tjb2-1.html\"]}]},{\"@type\":\"ImageObject\",\"inLanguage\":\"fr-FR\",\"@id\":\"https:\/\/www.leili-motor.net\/fr\/moteur-synchrone-a-hysteresis-tjb2-1.html#primaryimage\",\"url\":\"https:\/\/www.leili-motor.net\/wp-content\/uploads\/2025\/03\/TJB2-1-Hysteresis-Synchronous-Motor.webp\",\"contentUrl\":\"https:\/\/www.leili-motor.net\/wp-content\/uploads\/2025\/03\/TJB2-1-Hysteresis-Synchronous-Motor.webp\",\"width\":454,\"height\":310,\"caption\":\"Moteur synchrone \u00e0 hyst\u00e9r\u00e9sis TJB2-1\"},{\"@type\":\"BreadcrumbList\",\"@id\":\"https:\/\/www.leili-motor.net\/fr\/moteur-synchrone-a-hysteresis-tjb2-1.html#breadcrumb\",\"itemListElement\":[{\"@type\":\"ListItem\",\"position\":1,\"name\":\"Home\",\"item\":\"https:\/\/www.leili-motor.net\/fr\/\"},{\"@type\":\"ListItem\",\"position\":2,\"name\":\"Produits\",\"item\":\"https:\/\/www.leili-motor.net\/fr\/produits\/\"},{\"@type\":\"ListItem\",\"position\":3,\"name\":\"Moteur synchrone \u00e0 hyst\u00e9r\u00e9sis TJB2-1\"}]},{\"@type\":\"WebSite\",\"@id\":\"https:\/\/www.leili-motor.net\/fr\/#website\",\"url\":\"https:\/\/www.leili-motor.net\/fr\/\",\"name\":\"Leili Motor\",\"description\":\"\",\"publisher\":{\"@id\":\"https:\/\/www.leili-motor.net\/fr\/#organization\"},\"potentialAction\":[{\"@type\":\"SearchAction\",\"target\":{\"@type\":\"EntryPoint\",\"urlTemplate\":\"https:\/\/www.leili-motor.net\/fr\/?s={search_term_string}\"},\"query-input\":{\"@type\":\"PropertyValueSpecification\",\"valueRequired\":true,\"valueName\":\"search_term_string\"}}],\"inLanguage\":\"fr-FR\"},{\"@type\":\"Organization\",\"@id\":\"https:\/\/www.leili-motor.net\/fr\/#organization\",\"name\":\"Leili Motor\",\"url\":\"https:\/\/www.leili-motor.net\/fr\/\",\"logo\":{\"@type\":\"ImageObject\",\"inLanguage\":\"fr-FR\",\"@id\":\"https:\/\/www.leili-motor.net\/fr\/#\/schema\/logo\/image\/\",\"url\":\"https:\/\/www.leili-motor.net\/wp-content\/uploads\/2025\/03\/Leili-Motor.png\",\"contentUrl\":\"https:\/\/www.leili-motor.net\/wp-content\/uploads\/2025\/03\/Leili-Motor.png\",\"width\":600,\"height\":156,\"caption\":\"Leili Motor\"},\"image\":{\"@id\":\"https:\/\/www.leili-motor.net\/fr\/#\/schema\/logo\/image\/\"}}]}<\/script>\n<!-- \/ Yoast SEO plugin. -->","yoast_head_json":{"title":"Moteur synchrone \u00e0 hyst\u00e9r\u00e9sis TJB2-1 &#8211; Leili Motor","description":"Le moteur synchrone \u00e0 hyst\u00e9r\u00e9sis TJB2-1 fonctionne \u00e0 24 V avec une puissance \u00e0 charge libre \u2264 5 W, un couple de fonctionnement \u2265 1,5 kgf\u00b7cm et une \u00e9l\u00e9vation de temp\u00e9rature de la bobine \u2264 75 K.","robots":{"index":"index","follow":"follow","max-snippet":"max-snippet:-1","max-image-preview":"max-image-preview:large","max-video-preview":"max-video-preview:-1"},"canonical":"https:\/\/www.leili-motor.net\/fr\/moteur-synchrone-a-hysteresis-tjb2-1.html","twitter_misc":{"Dur\u00e9e de lecture estim\u00e9e":"1 minute"},"schema":{"@context":"https:\/\/schema.org","@graph":[{"@type":"WebPage","@id":"https:\/\/www.leili-motor.net\/fr\/moteur-synchrone-a-hysteresis-tjb2-1.html","url":"https:\/\/www.leili-motor.net\/fr\/moteur-synchrone-a-hysteresis-tjb2-1.html","name":"Moteur synchrone \u00e0 hyst\u00e9r\u00e9sis TJB2-1 &#8211; Leili Motor","isPartOf":{"@id":"https:\/\/www.leili-motor.net\/fr\/#website"},"primaryImageOfPage":{"@id":"https:\/\/www.leili-motor.net\/fr\/moteur-synchrone-a-hysteresis-tjb2-1.html#primaryimage"},"image":{"@id":"https:\/\/www.leili-motor.net\/fr\/moteur-synchrone-a-hysteresis-tjb2-1.html#primaryimage"},"thumbnailUrl":"https:\/\/www.leili-motor.net\/wp-content\/uploads\/2025\/03\/TJB2-1-Hysteresis-Synchronous-Motor.webp","datePublished":"2025-03-13T03:50:44+00:00","description":"Le moteur synchrone \u00e0 hyst\u00e9r\u00e9sis TJB2-1 fonctionne \u00e0 24 V avec une puissance \u00e0 charge libre \u2264 5 W, un couple de fonctionnement \u2265 1,5 kgf\u00b7cm et une \u00e9l\u00e9vation de temp\u00e9rature de la bobine \u2264 75 K.","breadcrumb":{"@id":"https:\/\/www.leili-motor.net\/fr\/moteur-synchrone-a-hysteresis-tjb2-1.html#breadcrumb"},"inLanguage":"fr-FR","potentialAction":[{"@type":"ReadAction","target":["https:\/\/www.leili-motor.net\/fr\/moteur-synchrone-a-hysteresis-tjb2-1.html"]}]},{"@type":"ImageObject","inLanguage":"fr-FR","@id":"https:\/\/www.leili-motor.net\/fr\/moteur-synchrone-a-hysteresis-tjb2-1.html#primaryimage","url":"https:\/\/www.leili-motor.net\/wp-content\/uploads\/2025\/03\/TJB2-1-Hysteresis-Synchronous-Motor.webp","contentUrl":"https:\/\/www.leili-motor.net\/wp-content\/uploads\/2025\/03\/TJB2-1-Hysteresis-Synchronous-Motor.webp","width":454,"height":310,"caption":"Moteur synchrone \u00e0 hyst\u00e9r\u00e9sis TJB2-1"},{"@type":"BreadcrumbList","@id":"https:\/\/www.leili-motor.net\/fr\/moteur-synchrone-a-hysteresis-tjb2-1.html#breadcrumb","itemListElement":[{"@type":"ListItem","position":1,"name":"Home","item":"https:\/\/www.leili-motor.net\/fr\/"},{"@type":"ListItem","position":2,"name":"Produits","item":"https:\/\/www.leili-motor.net\/fr\/produits\/"},{"@type":"ListItem","position":3,"name":"Moteur synchrone \u00e0 hyst\u00e9r\u00e9sis TJB2-1"}]},{"@type":"WebSite","@id":"https:\/\/www.leili-motor.net\/fr\/#website","url":"https:\/\/www.leili-motor.net\/fr\/","name":"Leili Motor","description":"","publisher":{"@id":"https:\/\/www.leili-motor.net\/fr\/#organization"},"potentialAction":[{"@type":"SearchAction","target":{"@type":"EntryPoint","urlTemplate":"https:\/\/www.leili-motor.net\/fr\/?s={search_term_string}"},"query-input":{"@type":"PropertyValueSpecification","valueRequired":true,"valueName":"search_term_string"}}],"inLanguage":"fr-FR"},{"@type":"Organization","@id":"https:\/\/www.leili-motor.net\/fr\/#organization","name":"Leili Motor","url":"https:\/\/www.leili-motor.net\/fr\/","logo":{"@type":"ImageObject","inLanguage":"fr-FR","@id":"https:\/\/www.leili-motor.net\/fr\/#\/schema\/logo\/image\/","url":"https:\/\/www.leili-motor.net\/wp-content\/uploads\/2025\/03\/Leili-Motor.png","contentUrl":"https:\/\/www.leili-motor.net\/wp-content\/uploads\/2025\/03\/Leili-Motor.png","width":600,"height":156,"caption":"Leili Motor"},"image":{"@id":"https:\/\/www.leili-motor.net\/fr\/#\/schema\/logo\/image\/"}}]}},"_links":{"self":[{"href":"https:\/\/www.leili-motor.net\/fr\/wp-json\/wp\/v2\/product\/10682","targetHints":{"allow":["GET"]}}],"collection":[{"href":"https:\/\/www.leili-motor.net\/fr\/wp-json\/wp\/v2\/product"}],"about":[{"href":"https:\/\/www.leili-motor.net\/fr\/wp-json\/wp\/v2\/types\/product"}],"replies":[{"embeddable":true,"href":"https:\/\/www.leili-motor.net\/fr\/wp-json\/wp\/v2\/comments?post=10682"}],"wp:featuredmedia":[{"embeddable":true,"href":"https:\/\/www.leili-motor.net\/fr\/wp-json\/wp\/v2\/media\/10683"}],"wp:attachment":[{"href":"https:\/\/www.leili-motor.net\/fr\/wp-json\/wp\/v2\/media?parent=10682"}],"wp:term":[{"taxonomy":"product_brand","embeddable":true,"href":"https:\/\/www.leili-motor.net\/fr\/wp-json\/wp\/v2\/product_brand?post=10682"},{"taxonomy":"product_cat","embeddable":true,"href":"https:\/\/www.leili-motor.net\/fr\/wp-json\/wp\/v2\/product_cat?post=10682"},{"taxonomy":"product_tag","embeddable":true,"href":"https:\/\/www.leili-motor.net\/fr\/wp-json\/wp\/v2\/product_tag?post=10682"}],"curies":[{"name":"wp","href":"https:\/\/api.w.org\/{rel}","templated":true}]}}