{"id":10697,"date":"2025-03-13T09:52:00","date_gmt":"2025-03-13T01:52:00","guid":{"rendered":"https:\/\/www.leili-motor.net\/moteur-de-vidange-a-courant-continu\/"},"modified":"2025-03-13T09:52:00","modified_gmt":"2025-03-13T01:52:00","slug":"moteur-de-vidange-a-courant-continu","status":"publish","type":"product","link":"https:\/\/www.leili-motor.net\/fr\/moteur-de-vidange-a-courant-continu.html","title":{"rendered":"Moteur de Vidange \u00e0 Courant Continu"},"content":{"rendered":"<h2>Param\u00e8tres du produit<\/h2>\n<table>\n<tbody>\n<tr>\n<td>Tension nominale (V)<\/td>\n<td>Tension de d\u00e9marrage (V)<\/td>\n<td>Courant nominal (mA)<\/td>\n<td>Puissance nominale (W)<\/td>\n<td>\u2605<br \/>\nR\u00e9sistance d&rsquo;isolation<\/td>\n<td>\u2605<br \/>\nTension de tenue d&rsquo;isolation<\/td>\n<td>\u2605<br \/>\nCourant de fuite<\/td>\n<td>Classe d&rsquo;isolation<\/td>\n<td>\u00c9l\u00e9vation de temp\u00e9rature (K)<\/td>\n<td>Effort de traction<\/p>\n<p>Tension nominale horaire<\/p>\n<p>(N)<\/td>\n<td>Temps de traction (s)<\/td>\n<td>Force de restauration (N)<\/td>\n<td>Temps de r\u00e9cup\u00e9ration (s)<\/td>\n<td>Puissance de maintenance (N)<\/td>\n<td>Bruit (dB)<\/td>\n<\/tr>\n<tr>\n<td>DC12<\/td>\n<td>\u2264 10.2<\/td>\n<td>\u2264 0.5<\/td>\n<td>\u2264 6<\/td>\n<td>\u2265 100<\/td>\n<td>AC1500<br \/>\n1min,<br \/>\n0.5mA<\/td>\n<td>\u2264 0.25<\/td>\n<td>E<\/td>\n<td>\u2264 75<\/td>\n<td>\u2265 98<\/td>\n<td>\u2264 7<\/td>\n<td>\u2264 9.8<\/td>\n<td>\u2264 1<\/td>\n<td>\u2265 117.6<\/td>\n<td>\u2264 50<\/td>\n<\/tr>\n<\/tbody>\n<\/table>\n<h2>Dimension m\u00e9canique : mm<\/h2>\n<p><img loading=\"lazy\" decoding=\"async\" loading=\"lazy\" class=\"size-full wp-image-2646 aligncenter\" src=\"https:\/\/www.leili-motor.net\/wp-content\/uploads\/2025\/03\/Mechanical-Dimension-for-DC-Drain-Motor.webp\" alt=\"Dimension m\u00e9canique du moteur \u00e0 courant continu\" width=\"788\" height=\"348\" srcset=\"https:\/\/www.leili-motor.net\/wp-content\/uploads\/2025\/03\/Mechanical-Dimension-for-DC-Drain-Motor.webp 788w, https:\/\/www.leili-motor.net\/wp-content\/uploads\/2025\/03\/Mechanical-Dimension-for-DC-Drain-Motor-300x132.webp 300w, https:\/\/www.leili-motor.net\/wp-content\/uploads\/2025\/03\/Mechanical-Dimension-for-DC-Drain-Motor-768x339.webp 768w, https:\/\/www.leili-motor.net\/wp-content\/uploads\/2025\/03\/Mechanical-Dimension-for-DC-Drain-Motor-600x265.webp 600w\" sizes=\"auto, (max-width: 788px) 100vw, 788px\" \/><\/p>\n","protected":false},"excerpt":{"rendered":"<h3>Pr\u00e9sentation du produit<\/h3>\n<ul>\n<li>Fiable et efficace : r\u00e9pond aux normes des moteurs de drainage CA tout en garantissant des performances stables sous les exigences d&rsquo;entr\u00e9e CC.<\/li>\n<li>Durabilit\u00e9 am\u00e9lior\u00e9e : le moteur \u00e0 courant continu \u00e0 balais + la transmission \u00e0 vis sans fin turbo offrent une fiabilit\u00e9 sup\u00e9rieure aux alternatives du march\u00e9.<\/li>\n<li>Performances optimis\u00e9es : faible tension de d\u00e9marrage, r\u00e9sistance d&rsquo;isolation \u00e9lev\u00e9e et bruit r\u00e9duit pour un fonctionnement durable.<\/li>\n<\/ul>\n<h3>Application du produit<\/h3>\n<ul>\n<li>\u00c9lectrom\u00e9nager : machine \u00e0 laver<\/li>\n<\/ul>\n","protected":false},"featured_media":10698,"comment_status":"open","ping_status":"closed","template":"","meta":{"site-sidebar-layout":"default","site-content-layout":"","ast-site-content-layout":"default","site-content-style":"default","site-sidebar-style":"default","ast-global-header-display":"","ast-banner-title-visibility":"","ast-main-header-display":"","ast-hfb-above-header-display":"","ast-hfb-below-header-display":"","ast-hfb-mobile-header-display":"","site-post-title":"","ast-breadcrumbs-content":"","ast-featured-img":"","footer-sml-layout":"","theme-transparent-header-meta":"default","adv-header-id-meta":"","stick-header-meta":"","header-above-stick-meta":"","header-main-stick-meta":"","header-below-stick-meta":"","astra-migrate-meta-layouts":"default","ast-page-background-enabled":"default","ast-page-background-meta":{"desktop":{"background-color":"var(--ast-global-color-5)","background-image":"","background-repeat":"repeat","background-position":"center center","background-size":"auto","background-attachment":"scroll","background-type":"","background-media":"","overlay-type":"","overlay-color":"","overlay-opacity":"","overlay-gradient":""},"tablet":{"background-color":"","background-image":"","background-repeat":"repeat","background-position":"center center","background-size":"auto","background-attachment":"scroll","background-type":"","background-media":"","overlay-type":"","overlay-color":"","overlay-opacity":"","overlay-gradient":""},"mobile":{"background-color":"","background-image":"","background-repeat":"repeat","background-position":"center center","background-size":"auto","background-attachment":"scroll","background-type":"","background-media":"","overlay-type":"","overlay-color":"","overlay-opacity":"","overlay-gradient":""}},"ast-content-background-meta":{"desktop":{"background-color":"var(--ast-global-color-4)","background-image":"","background-repeat":"repeat","background-position":"center center","background-size":"auto","background-attachment":"scroll","background-type":"","background-media":"","overlay-type":"","overlay-color":"","overlay-opacity":"","overlay-gradient":""},"tablet":{"background-color":"var(--ast-global-color-4)","background-image":"","background-repeat":"repeat","background-position":"center center","background-size":"auto","background-attachment":"scroll","background-type":"","background-media":"","overlay-type":"","overlay-color":"","overlay-opacity":"","overlay-gradient":""},"mobile":{"background-color":"var(--ast-global-color-4)","background-image":"","background-repeat":"repeat","background-position":"center center","background-size":"auto","background-attachment":"scroll","background-type":"","background-media":"","overlay-type":"","overlay-color":"","overlay-opacity":"","overlay-gradient":""}}},"product_brand":[],"product_cat":[1107,1108],"product_tag":[1109],"class_list":{"0":"post-10697","1":"product","2":"type-product","3":"status-publish","4":"has-post-thumbnail","6":"product_cat-moteur-de-drainage","7":"product_cat-actionneur-de-vidange","8":"product_tag-machine-a-laver-systeme-de-drainage","9":"pa_application-appareil-electromenager","10":"desktop-align-left","11":"tablet-align-left","12":"mobile-align-left","14":"first","15":"instock","16":"shipping-taxable","17":"product-type-simple"},"yoast_head":"<!-- This site is optimized with the Yoast SEO plugin v27.2 - https:\/\/yoast.com\/product\/yoast-seo-wordpress\/ -->\n<title>Prix du moteur de vidange \u00e0 courant continu &#8211; Leili Motor<\/title>\n<meta name=\"description\" content=\"Le moteur de vidange CC est dot\u00e9 d&#039;un moteur CC \u00e0 balais avec transmission \u00e0 vis sans fin turbo, garantissant durabilit\u00e9, faible tension de d\u00e9marrage, r\u00e9sistance d&#039;isolation \u00e9lev\u00e9e et fonctionnement silencieux pour les machines \u00e0 laver.\" \/>\n<meta name=\"robots\" content=\"index, follow, max-snippet:-1, max-image-preview:large, max-video-preview:-1\" \/>\n<link rel=\"canonical\" href=\"https:\/\/www.leili-motor.net\/fr\/moteur-de-vidange-a-courant-continu.html\" \/>\n<script type=\"application\/ld+json\" class=\"yoast-schema-graph\">{\"@context\":\"https:\/\/schema.org\",\"@graph\":[{\"@type\":\"WebPage\",\"@id\":\"https:\/\/www.leili-motor.net\/fr\/moteur-de-vidange-a-courant-continu.html\",\"url\":\"https:\/\/www.leili-motor.net\/fr\/moteur-de-vidange-a-courant-continu.html\",\"name\":\"Prix du moteur de vidange \u00e0 courant continu &#8211; Leili Motor\",\"isPartOf\":{\"@id\":\"https:\/\/www.leili-motor.net\/fr\/#website\"},\"primaryImageOfPage\":{\"@id\":\"https:\/\/www.leili-motor.net\/fr\/moteur-de-vidange-a-courant-continu.html#primaryimage\"},\"image\":{\"@id\":\"https:\/\/www.leili-motor.net\/fr\/moteur-de-vidange-a-courant-continu.html#primaryimage\"},\"thumbnailUrl\":\"https:\/\/www.leili-motor.net\/wp-content\/uploads\/2025\/03\/DC-Drain-Motor.webp\",\"datePublished\":\"2025-03-13T01:52:00+00:00\",\"description\":\"Le moteur de vidange CC est dot\u00e9 d'un moteur CC \u00e0 balais avec transmission \u00e0 vis sans fin turbo, garantissant durabilit\u00e9, faible tension de d\u00e9marrage, r\u00e9sistance d'isolation \u00e9lev\u00e9e et fonctionnement silencieux pour les machines \u00e0 laver.\",\"breadcrumb\":{\"@id\":\"https:\/\/www.leili-motor.net\/fr\/moteur-de-vidange-a-courant-continu.html#breadcrumb\"},\"inLanguage\":\"fr-FR\",\"potentialAction\":[{\"@type\":\"ReadAction\",\"target\":[\"https:\/\/www.leili-motor.net\/fr\/moteur-de-vidange-a-courant-continu.html\"]}]},{\"@type\":\"ImageObject\",\"inLanguage\":\"fr-FR\",\"@id\":\"https:\/\/www.leili-motor.net\/fr\/moteur-de-vidange-a-courant-continu.html#primaryimage\",\"url\":\"https:\/\/www.leili-motor.net\/wp-content\/uploads\/2025\/03\/DC-Drain-Motor.webp\",\"contentUrl\":\"https:\/\/www.leili-motor.net\/wp-content\/uploads\/2025\/03\/DC-Drain-Motor.webp\",\"width\":454,\"height\":310,\"caption\":\"Moteur de drainage \u00e0 courant continu\"},{\"@type\":\"BreadcrumbList\",\"@id\":\"https:\/\/www.leili-motor.net\/fr\/moteur-de-vidange-a-courant-continu.html#breadcrumb\",\"itemListElement\":[{\"@type\":\"ListItem\",\"position\":1,\"name\":\"Home\",\"item\":\"https:\/\/www.leili-motor.net\/fr\/\"},{\"@type\":\"ListItem\",\"position\":2,\"name\":\"Produits\",\"item\":\"https:\/\/www.leili-motor.net\/fr\/produits\/\"},{\"@type\":\"ListItem\",\"position\":3,\"name\":\"Moteur de Vidange \u00e0 Courant Continu\"}]},{\"@type\":\"WebSite\",\"@id\":\"https:\/\/www.leili-motor.net\/fr\/#website\",\"url\":\"https:\/\/www.leili-motor.net\/fr\/\",\"name\":\"Leili Motor\",\"description\":\"\",\"publisher\":{\"@id\":\"https:\/\/www.leili-motor.net\/fr\/#organization\"},\"potentialAction\":[{\"@type\":\"SearchAction\",\"target\":{\"@type\":\"EntryPoint\",\"urlTemplate\":\"https:\/\/www.leili-motor.net\/fr\/?s={search_term_string}\"},\"query-input\":{\"@type\":\"PropertyValueSpecification\",\"valueRequired\":true,\"valueName\":\"search_term_string\"}}],\"inLanguage\":\"fr-FR\"},{\"@type\":\"Organization\",\"@id\":\"https:\/\/www.leili-motor.net\/fr\/#organization\",\"name\":\"Leili Motor\",\"url\":\"https:\/\/www.leili-motor.net\/fr\/\",\"logo\":{\"@type\":\"ImageObject\",\"inLanguage\":\"fr-FR\",\"@id\":\"https:\/\/www.leili-motor.net\/fr\/#\/schema\/logo\/image\/\",\"url\":\"https:\/\/www.leili-motor.net\/wp-content\/uploads\/2025\/03\/Leili-Motor.png\",\"contentUrl\":\"https:\/\/www.leili-motor.net\/wp-content\/uploads\/2025\/03\/Leili-Motor.png\",\"width\":600,\"height\":156,\"caption\":\"Leili Motor\"},\"image\":{\"@id\":\"https:\/\/www.leili-motor.net\/fr\/#\/schema\/logo\/image\/\"}}]}<\/script>\n<!-- \/ Yoast SEO plugin. -->","yoast_head_json":{"title":"Prix du moteur de vidange \u00e0 courant continu &#8211; Leili Motor","description":"Le moteur de vidange CC est dot\u00e9 d'un moteur CC \u00e0 balais avec transmission \u00e0 vis sans fin turbo, garantissant durabilit\u00e9, faible tension de d\u00e9marrage, r\u00e9sistance d'isolation \u00e9lev\u00e9e et fonctionnement silencieux pour les machines \u00e0 laver.","robots":{"index":"index","follow":"follow","max-snippet":"max-snippet:-1","max-image-preview":"max-image-preview:large","max-video-preview":"max-video-preview:-1"},"canonical":"https:\/\/www.leili-motor.net\/fr\/moteur-de-vidange-a-courant-continu.html","schema":{"@context":"https:\/\/schema.org","@graph":[{"@type":"WebPage","@id":"https:\/\/www.leili-motor.net\/fr\/moteur-de-vidange-a-courant-continu.html","url":"https:\/\/www.leili-motor.net\/fr\/moteur-de-vidange-a-courant-continu.html","name":"Prix du moteur de vidange \u00e0 courant continu &#8211; Leili Motor","isPartOf":{"@id":"https:\/\/www.leili-motor.net\/fr\/#website"},"primaryImageOfPage":{"@id":"https:\/\/www.leili-motor.net\/fr\/moteur-de-vidange-a-courant-continu.html#primaryimage"},"image":{"@id":"https:\/\/www.leili-motor.net\/fr\/moteur-de-vidange-a-courant-continu.html#primaryimage"},"thumbnailUrl":"https:\/\/www.leili-motor.net\/wp-content\/uploads\/2025\/03\/DC-Drain-Motor.webp","datePublished":"2025-03-13T01:52:00+00:00","description":"Le moteur de vidange CC est dot\u00e9 d'un moteur CC \u00e0 balais avec transmission \u00e0 vis sans fin turbo, garantissant durabilit\u00e9, faible tension de d\u00e9marrage, r\u00e9sistance d'isolation \u00e9lev\u00e9e et fonctionnement silencieux pour les machines \u00e0 laver.","breadcrumb":{"@id":"https:\/\/www.leili-motor.net\/fr\/moteur-de-vidange-a-courant-continu.html#breadcrumb"},"inLanguage":"fr-FR","potentialAction":[{"@type":"ReadAction","target":["https:\/\/www.leili-motor.net\/fr\/moteur-de-vidange-a-courant-continu.html"]}]},{"@type":"ImageObject","inLanguage":"fr-FR","@id":"https:\/\/www.leili-motor.net\/fr\/moteur-de-vidange-a-courant-continu.html#primaryimage","url":"https:\/\/www.leili-motor.net\/wp-content\/uploads\/2025\/03\/DC-Drain-Motor.webp","contentUrl":"https:\/\/www.leili-motor.net\/wp-content\/uploads\/2025\/03\/DC-Drain-Motor.webp","width":454,"height":310,"caption":"Moteur de drainage \u00e0 courant continu"},{"@type":"BreadcrumbList","@id":"https:\/\/www.leili-motor.net\/fr\/moteur-de-vidange-a-courant-continu.html#breadcrumb","itemListElement":[{"@type":"ListItem","position":1,"name":"Home","item":"https:\/\/www.leili-motor.net\/fr\/"},{"@type":"ListItem","position":2,"name":"Produits","item":"https:\/\/www.leili-motor.net\/fr\/produits\/"},{"@type":"ListItem","position":3,"name":"Moteur de Vidange \u00e0 Courant Continu"}]},{"@type":"WebSite","@id":"https:\/\/www.leili-motor.net\/fr\/#website","url":"https:\/\/www.leili-motor.net\/fr\/","name":"Leili Motor","description":"","publisher":{"@id":"https:\/\/www.leili-motor.net\/fr\/#organization"},"potentialAction":[{"@type":"SearchAction","target":{"@type":"EntryPoint","urlTemplate":"https:\/\/www.leili-motor.net\/fr\/?s={search_term_string}"},"query-input":{"@type":"PropertyValueSpecification","valueRequired":true,"valueName":"search_term_string"}}],"inLanguage":"fr-FR"},{"@type":"Organization","@id":"https:\/\/www.leili-motor.net\/fr\/#organization","name":"Leili Motor","url":"https:\/\/www.leili-motor.net\/fr\/","logo":{"@type":"ImageObject","inLanguage":"fr-FR","@id":"https:\/\/www.leili-motor.net\/fr\/#\/schema\/logo\/image\/","url":"https:\/\/www.leili-motor.net\/wp-content\/uploads\/2025\/03\/Leili-Motor.png","contentUrl":"https:\/\/www.leili-motor.net\/wp-content\/uploads\/2025\/03\/Leili-Motor.png","width":600,"height":156,"caption":"Leili Motor"},"image":{"@id":"https:\/\/www.leili-motor.net\/fr\/#\/schema\/logo\/image\/"}}]}},"_links":{"self":[{"href":"https:\/\/www.leili-motor.net\/fr\/wp-json\/wp\/v2\/product\/10697","targetHints":{"allow":["GET"]}}],"collection":[{"href":"https:\/\/www.leili-motor.net\/fr\/wp-json\/wp\/v2\/product"}],"about":[{"href":"https:\/\/www.leili-motor.net\/fr\/wp-json\/wp\/v2\/types\/product"}],"replies":[{"embeddable":true,"href":"https:\/\/www.leili-motor.net\/fr\/wp-json\/wp\/v2\/comments?post=10697"}],"wp:featuredmedia":[{"embeddable":true,"href":"https:\/\/www.leili-motor.net\/fr\/wp-json\/wp\/v2\/media\/10698"}],"wp:attachment":[{"href":"https:\/\/www.leili-motor.net\/fr\/wp-json\/wp\/v2\/media?parent=10697"}],"wp:term":[{"taxonomy":"product_brand","embeddable":true,"href":"https:\/\/www.leili-motor.net\/fr\/wp-json\/wp\/v2\/product_brand?post=10697"},{"taxonomy":"product_cat","embeddable":true,"href":"https:\/\/www.leili-motor.net\/fr\/wp-json\/wp\/v2\/product_cat?post=10697"},{"taxonomy":"product_tag","embeddable":true,"href":"https:\/\/www.leili-motor.net\/fr\/wp-json\/wp\/v2\/product_tag?post=10697"}],"curies":[{"name":"wp","href":"https:\/\/api.w.org\/{rel}","templated":true}]}}