{"id":10709,"date":"2025-03-12T16:22:49","date_gmt":"2025-03-12T08:22:49","guid":{"rendered":"https:\/\/www.leili-motor.net\/moteur-de-vidange-df\/"},"modified":"2025-03-12T16:22:49","modified_gmt":"2025-03-12T08:22:49","slug":"moteur-de-vidange-df","status":"publish","type":"product","link":"https:\/\/www.leili-motor.net\/fr\/moteur-de-vidange-df.html","title":{"rendered":"Moteur de Vidange DF"},"content":{"rendered":"<h2>Param\u00e8tres du produit<\/h2>\n<table>\n<tbody>\n<tr>\n<td>Type de moteur<\/td>\n<td>Tension nominale (VAC)<\/td>\n<td>Fr\u00e9quence nominale (Hz)<\/td>\n<td>Puissance(W)<\/td>\n<td>Courant \u00e9lectrique (mA)<\/td>\n<td>Tension de d\u00e9marrage (V)<\/td>\n<td>Bruit(A)<\/td>\n<td>R\u00e9sistance \u00e0 la pression d&rsquo;eau (kPa)<\/td>\n<td>R\u00e9sistance \u00e0 la pression inverse (kPa)<\/td>\n<td>Classe d&rsquo;isolation<\/td>\n<\/tr>\n<tr>\n<td>DF1-X<\/td>\n<td>110<\/td>\n<td>50\/60<\/td>\n<td>6<\/td>\n<td>30<\/td>\n<td>85<\/td>\n<td>\u226450<\/td>\n<td>7.8<\/td>\n<td>15<\/td>\n<td>E<\/td>\n<\/tr>\n<tr>\n<td>DF2-X<\/td>\n<td>220<\/td>\n<td>50\/60<\/td>\n<td>6<\/td>\n<td>30<\/td>\n<td>176<\/td>\n<td>\u226450<\/td>\n<td>7.8<\/td>\n<td>15<\/td>\n<td>E<\/td>\n<\/tr>\n<\/tbody>\n<\/table>\n<h2>Dimension m\u00e9canique : mm<br \/>\n<img fetchpriority=\"high\" decoding=\"async\" class=\"size-full wp-image-2513 aligncenter\" src=\"https:\/\/www.leili-motor.net\/wp-content\/uploads\/2025\/03\/Mechanical-Dimension-for-DF-Drain-Motor.webp\" alt=\"Dimension m\u00e9canique du moteur de vidange DF\" width=\"759\" height=\"650\" srcset=\"https:\/\/www.leili-motor.net\/wp-content\/uploads\/2025\/03\/Mechanical-Dimension-for-DF-Drain-Motor.webp 759w, https:\/\/www.leili-motor.net\/wp-content\/uploads\/2025\/03\/Mechanical-Dimension-for-DF-Drain-Motor-300x257.webp 300w, https:\/\/www.leili-motor.net\/wp-content\/uploads\/2025\/03\/Mechanical-Dimension-for-DF-Drain-Motor-600x514.webp 600w\" sizes=\"(max-width: 759px) 100vw, 759px\" \/><\/h2>\n","protected":false},"excerpt":{"rendered":"<h3>Pr\u00e9sentation du produit<\/h3>\n<ul>\n<li>Mod\u00e8le : Vanne de vidange du moteur de vidange<\/li>\n<li>Performances \u00e9co\u00e9nerg\u00e9tiques : fonctionne \u00e0 une puissance de 6 W avec un faible courant \u00e9lectrique de 30 mA pour une efficacit\u00e9 optimale.<\/li>\n<li>Fiable et durable : r\u00e9siste \u00e0 une pression d&rsquo;eau de 7,8 kPa et \u00e0 une pression inverse de 15 kPa, garantissant un fonctionnement stable et durable.<\/li>\n<li>Faible bruit et s\u00e9curit\u00e9 : maintient les niveaux de bruit \u2264 50 dB, la classe d&rsquo;isolation E et la tension de d\u00e9marrage \u2264 176 V pour des performances fiables.<\/li>\n<\/ul>\n<h3>Application du produit<\/h3>\n<ul>\n<li>Syst\u00e8me de drainage de la machine \u00e0 laver \u00e0 tambour<\/li>\n<\/ul>\n","protected":false},"featured_media":10710,"comment_status":"open","ping_status":"closed","template":"","meta":{"site-sidebar-layout":"default","site-content-layout":"","ast-site-content-layout":"default","site-content-style":"default","site-sidebar-style":"default","ast-global-header-display":"","ast-banner-title-visibility":"","ast-main-header-display":"","ast-hfb-above-header-display":"","ast-hfb-below-header-display":"","ast-hfb-mobile-header-display":"","site-post-title":"","ast-breadcrumbs-content":"","ast-featured-img":"","footer-sml-layout":"","theme-transparent-header-meta":"default","adv-header-id-meta":"","stick-header-meta":"","header-above-stick-meta":"","header-main-stick-meta":"","header-below-stick-meta":"","astra-migrate-meta-layouts":"default","ast-page-background-enabled":"default","ast-page-background-meta":{"desktop":{"background-color":"var(--ast-global-color-5)","background-image":"","background-repeat":"repeat","background-position":"center center","background-size":"auto","background-attachment":"scroll","background-type":"","background-media":"","overlay-type":"","overlay-color":"","overlay-opacity":"","overlay-gradient":""},"tablet":{"background-color":"","background-image":"","background-repeat":"repeat","background-position":"center center","background-size":"auto","background-attachment":"scroll","background-type":"","background-media":"","overlay-type":"","overlay-color":"","overlay-opacity":"","overlay-gradient":""},"mobile":{"background-color":"","background-image":"","background-repeat":"repeat","background-position":"center center","background-size":"auto","background-attachment":"scroll","background-type":"","background-media":"","overlay-type":"","overlay-color":"","overlay-opacity":"","overlay-gradient":""}},"ast-content-background-meta":{"desktop":{"background-color":"var(--ast-global-color-4)","background-image":"","background-repeat":"repeat","background-position":"center center","background-size":"auto","background-attachment":"scroll","background-type":"","background-media":"","overlay-type":"","overlay-color":"","overlay-opacity":"","overlay-gradient":""},"tablet":{"background-color":"var(--ast-global-color-4)","background-image":"","background-repeat":"repeat","background-position":"center center","background-size":"auto","background-attachment":"scroll","background-type":"","background-media":"","overlay-type":"","overlay-color":"","overlay-opacity":"","overlay-gradient":""},"mobile":{"background-color":"var(--ast-global-color-4)","background-image":"","background-repeat":"repeat","background-position":"center center","background-size":"auto","background-attachment":"scroll","background-type":"","background-media":"","overlay-type":"","overlay-color":"","overlay-opacity":"","overlay-gradient":""}}},"product_brand":[],"product_cat":[1107,1108],"product_tag":[1109],"class_list":{"0":"post-10709","1":"product","2":"type-product","3":"status-publish","4":"has-post-thumbnail","6":"product_cat-moteur-de-drainage","7":"product_cat-actionneur-de-vidange","8":"product_tag-machine-a-laver-systeme-de-drainage","9":"pa_application-appareil-electromenager","10":"desktop-align-left","11":"tablet-align-left","12":"mobile-align-left","14":"first","15":"instock","16":"shipping-taxable","17":"product-type-simple"},"yoast_head":"<!-- This site is optimized with the Yoast SEO plugin v27.2 - https:\/\/yoast.com\/product\/yoast-seo-wordpress\/ -->\n<title>Prix \u200b\u200bdu Moteur de Vidange DF &#8211; Leili Motor<\/title>\n<meta name=\"description\" content=\"Le moteur de vidange DF assure une utilisation efficace de l&#039;\u00e9nergie de 6 W, un bruit \u2264 50 dB et une r\u00e9sistance fiable \u00e0 la pression de l&#039;eau de 7,8 kPa pour le drainage de la machine \u00e0 laver \u00e0 tambour.\" \/>\n<meta name=\"robots\" content=\"index, follow, max-snippet:-1, max-image-preview:large, max-video-preview:-1\" \/>\n<link rel=\"canonical\" href=\"https:\/\/www.leili-motor.net\/fr\/moteur-de-vidange-df.html\" \/>\n<script type=\"application\/ld+json\" class=\"yoast-schema-graph\">{\"@context\":\"https:\/\/schema.org\",\"@graph\":[{\"@type\":\"WebPage\",\"@id\":\"https:\/\/www.leili-motor.net\/fr\/moteur-de-vidange-df.html\",\"url\":\"https:\/\/www.leili-motor.net\/fr\/moteur-de-vidange-df.html\",\"name\":\"Prix \u200b\u200bdu Moteur de Vidange DF &#8211; Leili Motor\",\"isPartOf\":{\"@id\":\"https:\/\/www.leili-motor.net\/fr\/#website\"},\"primaryImageOfPage\":{\"@id\":\"https:\/\/www.leili-motor.net\/fr\/moteur-de-vidange-df.html#primaryimage\"},\"image\":{\"@id\":\"https:\/\/www.leili-motor.net\/fr\/moteur-de-vidange-df.html#primaryimage\"},\"thumbnailUrl\":\"https:\/\/www.leili-motor.net\/wp-content\/uploads\/2025\/03\/DF-Drain-Motor.webp\",\"datePublished\":\"2025-03-12T08:22:49+00:00\",\"description\":\"Le moteur de vidange DF assure une utilisation efficace de l'\u00e9nergie de 6 W, un bruit \u2264 50 dB et une r\u00e9sistance fiable \u00e0 la pression de l'eau de 7,8 kPa pour le drainage de la machine \u00e0 laver \u00e0 tambour.\",\"breadcrumb\":{\"@id\":\"https:\/\/www.leili-motor.net\/fr\/moteur-de-vidange-df.html#breadcrumb\"},\"inLanguage\":\"fr-FR\",\"potentialAction\":[{\"@type\":\"ReadAction\",\"target\":[\"https:\/\/www.leili-motor.net\/fr\/moteur-de-vidange-df.html\"]}]},{\"@type\":\"ImageObject\",\"inLanguage\":\"fr-FR\",\"@id\":\"https:\/\/www.leili-motor.net\/fr\/moteur-de-vidange-df.html#primaryimage\",\"url\":\"https:\/\/www.leili-motor.net\/wp-content\/uploads\/2025\/03\/DF-Drain-Motor.webp\",\"contentUrl\":\"https:\/\/www.leili-motor.net\/wp-content\/uploads\/2025\/03\/DF-Drain-Motor.webp\",\"width\":454,\"height\":310,\"caption\":\"Moteur de vidange DF\"},{\"@type\":\"BreadcrumbList\",\"@id\":\"https:\/\/www.leili-motor.net\/fr\/moteur-de-vidange-df.html#breadcrumb\",\"itemListElement\":[{\"@type\":\"ListItem\",\"position\":1,\"name\":\"Home\",\"item\":\"https:\/\/www.leili-motor.net\/fr\/\"},{\"@type\":\"ListItem\",\"position\":2,\"name\":\"Produits\",\"item\":\"https:\/\/www.leili-motor.net\/fr\/produits\/\"},{\"@type\":\"ListItem\",\"position\":3,\"name\":\"Moteur de Vidange DF\"}]},{\"@type\":\"WebSite\",\"@id\":\"https:\/\/www.leili-motor.net\/fr\/#website\",\"url\":\"https:\/\/www.leili-motor.net\/fr\/\",\"name\":\"Leili Motor\",\"description\":\"\",\"publisher\":{\"@id\":\"https:\/\/www.leili-motor.net\/fr\/#organization\"},\"potentialAction\":[{\"@type\":\"SearchAction\",\"target\":{\"@type\":\"EntryPoint\",\"urlTemplate\":\"https:\/\/www.leili-motor.net\/fr\/?s={search_term_string}\"},\"query-input\":{\"@type\":\"PropertyValueSpecification\",\"valueRequired\":true,\"valueName\":\"search_term_string\"}}],\"inLanguage\":\"fr-FR\"},{\"@type\":\"Organization\",\"@id\":\"https:\/\/www.leili-motor.net\/fr\/#organization\",\"name\":\"Leili Motor\",\"url\":\"https:\/\/www.leili-motor.net\/fr\/\",\"logo\":{\"@type\":\"ImageObject\",\"inLanguage\":\"fr-FR\",\"@id\":\"https:\/\/www.leili-motor.net\/fr\/#\/schema\/logo\/image\/\",\"url\":\"https:\/\/www.leili-motor.net\/wp-content\/uploads\/2025\/03\/Leili-Motor.png\",\"contentUrl\":\"https:\/\/www.leili-motor.net\/wp-content\/uploads\/2025\/03\/Leili-Motor.png\",\"width\":600,\"height\":156,\"caption\":\"Leili Motor\"},\"image\":{\"@id\":\"https:\/\/www.leili-motor.net\/fr\/#\/schema\/logo\/image\/\"}}]}<\/script>\n<!-- \/ Yoast SEO plugin. -->","yoast_head_json":{"title":"Prix \u200b\u200bdu Moteur de Vidange DF &#8211; Leili Motor","description":"Le moteur de vidange DF assure une utilisation efficace de l'\u00e9nergie de 6 W, un bruit \u2264 50 dB et une r\u00e9sistance fiable \u00e0 la pression de l'eau de 7,8 kPa pour le drainage de la machine \u00e0 laver \u00e0 tambour.","robots":{"index":"index","follow":"follow","max-snippet":"max-snippet:-1","max-image-preview":"max-image-preview:large","max-video-preview":"max-video-preview:-1"},"canonical":"https:\/\/www.leili-motor.net\/fr\/moteur-de-vidange-df.html","schema":{"@context":"https:\/\/schema.org","@graph":[{"@type":"WebPage","@id":"https:\/\/www.leili-motor.net\/fr\/moteur-de-vidange-df.html","url":"https:\/\/www.leili-motor.net\/fr\/moteur-de-vidange-df.html","name":"Prix \u200b\u200bdu Moteur de Vidange DF &#8211; Leili Motor","isPartOf":{"@id":"https:\/\/www.leili-motor.net\/fr\/#website"},"primaryImageOfPage":{"@id":"https:\/\/www.leili-motor.net\/fr\/moteur-de-vidange-df.html#primaryimage"},"image":{"@id":"https:\/\/www.leili-motor.net\/fr\/moteur-de-vidange-df.html#primaryimage"},"thumbnailUrl":"https:\/\/www.leili-motor.net\/wp-content\/uploads\/2025\/03\/DF-Drain-Motor.webp","datePublished":"2025-03-12T08:22:49+00:00","description":"Le moteur de vidange DF assure une utilisation efficace de l'\u00e9nergie de 6 W, un bruit \u2264 50 dB et une r\u00e9sistance fiable \u00e0 la pression de l'eau de 7,8 kPa pour le drainage de la machine \u00e0 laver \u00e0 tambour.","breadcrumb":{"@id":"https:\/\/www.leili-motor.net\/fr\/moteur-de-vidange-df.html#breadcrumb"},"inLanguage":"fr-FR","potentialAction":[{"@type":"ReadAction","target":["https:\/\/www.leili-motor.net\/fr\/moteur-de-vidange-df.html"]}]},{"@type":"ImageObject","inLanguage":"fr-FR","@id":"https:\/\/www.leili-motor.net\/fr\/moteur-de-vidange-df.html#primaryimage","url":"https:\/\/www.leili-motor.net\/wp-content\/uploads\/2025\/03\/DF-Drain-Motor.webp","contentUrl":"https:\/\/www.leili-motor.net\/wp-content\/uploads\/2025\/03\/DF-Drain-Motor.webp","width":454,"height":310,"caption":"Moteur de vidange DF"},{"@type":"BreadcrumbList","@id":"https:\/\/www.leili-motor.net\/fr\/moteur-de-vidange-df.html#breadcrumb","itemListElement":[{"@type":"ListItem","position":1,"name":"Home","item":"https:\/\/www.leili-motor.net\/fr\/"},{"@type":"ListItem","position":2,"name":"Produits","item":"https:\/\/www.leili-motor.net\/fr\/produits\/"},{"@type":"ListItem","position":3,"name":"Moteur de Vidange DF"}]},{"@type":"WebSite","@id":"https:\/\/www.leili-motor.net\/fr\/#website","url":"https:\/\/www.leili-motor.net\/fr\/","name":"Leili Motor","description":"","publisher":{"@id":"https:\/\/www.leili-motor.net\/fr\/#organization"},"potentialAction":[{"@type":"SearchAction","target":{"@type":"EntryPoint","urlTemplate":"https:\/\/www.leili-motor.net\/fr\/?s={search_term_string}"},"query-input":{"@type":"PropertyValueSpecification","valueRequired":true,"valueName":"search_term_string"}}],"inLanguage":"fr-FR"},{"@type":"Organization","@id":"https:\/\/www.leili-motor.net\/fr\/#organization","name":"Leili Motor","url":"https:\/\/www.leili-motor.net\/fr\/","logo":{"@type":"ImageObject","inLanguage":"fr-FR","@id":"https:\/\/www.leili-motor.net\/fr\/#\/schema\/logo\/image\/","url":"https:\/\/www.leili-motor.net\/wp-content\/uploads\/2025\/03\/Leili-Motor.png","contentUrl":"https:\/\/www.leili-motor.net\/wp-content\/uploads\/2025\/03\/Leili-Motor.png","width":600,"height":156,"caption":"Leili Motor"},"image":{"@id":"https:\/\/www.leili-motor.net\/fr\/#\/schema\/logo\/image\/"}}]}},"_links":{"self":[{"href":"https:\/\/www.leili-motor.net\/fr\/wp-json\/wp\/v2\/product\/10709","targetHints":{"allow":["GET"]}}],"collection":[{"href":"https:\/\/www.leili-motor.net\/fr\/wp-json\/wp\/v2\/product"}],"about":[{"href":"https:\/\/www.leili-motor.net\/fr\/wp-json\/wp\/v2\/types\/product"}],"replies":[{"embeddable":true,"href":"https:\/\/www.leili-motor.net\/fr\/wp-json\/wp\/v2\/comments?post=10709"}],"wp:featuredmedia":[{"embeddable":true,"href":"https:\/\/www.leili-motor.net\/fr\/wp-json\/wp\/v2\/media\/10710"}],"wp:attachment":[{"href":"https:\/\/www.leili-motor.net\/fr\/wp-json\/wp\/v2\/media?parent=10709"}],"wp:term":[{"taxonomy":"product_brand","embeddable":true,"href":"https:\/\/www.leili-motor.net\/fr\/wp-json\/wp\/v2\/product_brand?post=10709"},{"taxonomy":"product_cat","embeddable":true,"href":"https:\/\/www.leili-motor.net\/fr\/wp-json\/wp\/v2\/product_cat?post=10709"},{"taxonomy":"product_tag","embeddable":true,"href":"https:\/\/www.leili-motor.net\/fr\/wp-json\/wp\/v2\/product_tag?post=10709"}],"curies":[{"name":"wp","href":"https:\/\/api.w.org\/{rel}","templated":true}]}}