{"id":10712,"date":"2025-03-12T16:06:26","date_gmt":"2025-03-12T08:06:26","guid":{"rendered":"https:\/\/www.leili-motor.net\/moteur-de-vidange-qc2\/"},"modified":"2025-03-12T16:06:26","modified_gmt":"2025-03-12T08:06:26","slug":"moteur-de-vidange-qc2","status":"publish","type":"product","link":"https:\/\/www.leili-motor.net\/fr\/moteur-de-vidange-qc2.html","title":{"rendered":"Moteur de Vidange QC2"},"content":{"rendered":"<h2>Param\u00e8tres du produit<\/h2>\n<table>\n<tbody>\n<tr>\n<td>Type de moteur<\/td>\n<td>Tension(V)<\/td>\n<td>Fr\u00e9quence(Hz)<\/td>\n<td>Courant \u00e9lectrique (mA)<\/td>\n<td>Puissance(W)<\/td>\n<td>Voyage (mm)<\/td>\n<td>Tension de d\u00e9marrage (VAC)<\/td>\n<td>Bruit(A)<\/td>\n<td>Dimension de montage (mm)<\/td>\n<td>Effort de traction (N)<\/td>\n<td>Classe d&rsquo;isolation<\/td>\n<\/tr>\n<tr>\n<td rowspan=\"2\">QC21<\/td>\n<td rowspan=\"2\">100\/120<\/td>\n<td rowspan=\"2\">60<\/td>\n<td rowspan=\"2\">\u226450<\/td>\n<td rowspan=\"2\">\u22646<\/td>\n<td>13\u00b10.5<\/td>\n<td rowspan=\"2\">\u226485<\/td>\n<td rowspan=\"2\">\u226455<\/td>\n<td rowspan=\"2\">65\u00b10.2<\/td>\n<td rowspan=\"2\">107.8<\/td>\n<td rowspan=\"2\">E<\/td>\n<\/tr>\n<tr>\n<td>26\u00b10.5<\/td>\n<\/tr>\n<tr>\n<td rowspan=\"2\">QC22<\/td>\n<td rowspan=\"2\">220\/240<\/td>\n<td rowspan=\"2\">50\/60<\/td>\n<td rowspan=\"2\">20\u00b13.6<\/td>\n<td rowspan=\"2\">\u22646<\/td>\n<td>13\u00b10.5<\/td>\n<td rowspan=\"2\">\u2264175<\/td>\n<td rowspan=\"2\">\u226455<\/td>\n<td rowspan=\"2\">65\u00b10.2<\/td>\n<td rowspan=\"2\">107.8<\/td>\n<td rowspan=\"2\">E<\/td>\n<\/tr>\n<tr>\n<td>26\u00b10.5<\/td>\n<\/tr>\n<\/tbody>\n<\/table>\n<h2>Dimension m\u00e9canique : mm<\/h2>\n<p><img fetchpriority=\"high\" decoding=\"async\" class=\"size-full wp-image-2495 aligncenter\" src=\"https:\/\/www.leili-motor.net\/wp-content\/uploads\/2025\/03\/Mechanical-Dimension-for-QC2-Drain-Motor.webp\" alt=\"Dimensions m\u00e9caniques du moteur de vidange QC2\" width=\"795\" height=\"420\" srcset=\"https:\/\/www.leili-motor.net\/wp-content\/uploads\/2025\/03\/Mechanical-Dimension-for-QC2-Drain-Motor.webp 795w, https:\/\/www.leili-motor.net\/wp-content\/uploads\/2025\/03\/Mechanical-Dimension-for-QC2-Drain-Motor-300x158.webp 300w, https:\/\/www.leili-motor.net\/wp-content\/uploads\/2025\/03\/Mechanical-Dimension-for-QC2-Drain-Motor-768x406.webp 768w, https:\/\/www.leili-motor.net\/wp-content\/uploads\/2025\/03\/Mechanical-Dimension-for-QC2-Drain-Motor-600x317.webp 600w\" sizes=\"(max-width: 795px) 100vw, 795px\" \/><\/p>\n","protected":false},"excerpt":{"rendered":"<h3>Pr\u00e9sentation du produit<\/h3>\n<ul>\n<li>Performances \u00e9co\u00e9nerg\u00e9tiques : fonctionne \u00e0 une puissance \u2264 6 W avec un faible courant \u00e9lectrique \u2264 50 mA pour une fonctionnalit\u00e9 efficace.<\/li>\n<li>Fonctionnement fiable : fournit un effort de traction de 107,8 N avec une plage de d\u00e9placement de 13 \u00b1 0,5 mm et 26 \u00b1 0,5 mm.<\/li>\n<li>Faible bruit et s\u00fbr : maintient les niveaux de bruit \u2264 55 dB, la classe d&rsquo;isolation E et la tension de d\u00e9marrage \u2264 175 VCA pour des performances stables.<\/li>\n<\/ul>\n<h3>Application du produit<\/h3>\n<ul>\n<li>\u00c9lectrom\u00e9nager : machine \u00e0 laver<\/li>\n<\/ul>\n","protected":false},"featured_media":10713,"comment_status":"open","ping_status":"closed","template":"","meta":{"site-sidebar-layout":"default","site-content-layout":"","ast-site-content-layout":"default","site-content-style":"default","site-sidebar-style":"default","ast-global-header-display":"","ast-banner-title-visibility":"","ast-main-header-display":"","ast-hfb-above-header-display":"","ast-hfb-below-header-display":"","ast-hfb-mobile-header-display":"","site-post-title":"","ast-breadcrumbs-content":"","ast-featured-img":"","footer-sml-layout":"","theme-transparent-header-meta":"default","adv-header-id-meta":"","stick-header-meta":"","header-above-stick-meta":"","header-main-stick-meta":"","header-below-stick-meta":"","astra-migrate-meta-layouts":"default","ast-page-background-enabled":"default","ast-page-background-meta":{"desktop":{"background-color":"var(--ast-global-color-5)","background-image":"","background-repeat":"repeat","background-position":"center center","background-size":"auto","background-attachment":"scroll","background-type":"","background-media":"","overlay-type":"","overlay-color":"","overlay-opacity":"","overlay-gradient":""},"tablet":{"background-color":"","background-image":"","background-repeat":"repeat","background-position":"center center","background-size":"auto","background-attachment":"scroll","background-type":"","background-media":"","overlay-type":"","overlay-color":"","overlay-opacity":"","overlay-gradient":""},"mobile":{"background-color":"","background-image":"","background-repeat":"repeat","background-position":"center center","background-size":"auto","background-attachment":"scroll","background-type":"","background-media":"","overlay-type":"","overlay-color":"","overlay-opacity":"","overlay-gradient":""}},"ast-content-background-meta":{"desktop":{"background-color":"var(--ast-global-color-4)","background-image":"","background-repeat":"repeat","background-position":"center center","background-size":"auto","background-attachment":"scroll","background-type":"","background-media":"","overlay-type":"","overlay-color":"","overlay-opacity":"","overlay-gradient":""},"tablet":{"background-color":"var(--ast-global-color-4)","background-image":"","background-repeat":"repeat","background-position":"center center","background-size":"auto","background-attachment":"scroll","background-type":"","background-media":"","overlay-type":"","overlay-color":"","overlay-opacity":"","overlay-gradient":""},"mobile":{"background-color":"var(--ast-global-color-4)","background-image":"","background-repeat":"repeat","background-position":"center center","background-size":"auto","background-attachment":"scroll","background-type":"","background-media":"","overlay-type":"","overlay-color":"","overlay-opacity":"","overlay-gradient":""}}},"product_brand":[],"product_cat":[1107,1108],"product_tag":[1109],"class_list":{"0":"post-10712","1":"product","2":"type-product","3":"status-publish","4":"has-post-thumbnail","6":"product_cat-moteur-de-drainage","7":"product_cat-actionneur-de-vidange","8":"product_tag-machine-a-laver-systeme-de-drainage","9":"pa_application-appareil-electromenager","10":"desktop-align-left","11":"tablet-align-left","12":"mobile-align-left","14":"first","15":"instock","16":"shipping-taxable","17":"product-type-simple"},"yoast_head":"<!-- This site is optimized with the Yoast SEO plugin v27.2 - https:\/\/yoast.com\/product\/yoast-seo-wordpress\/ -->\n<title>Prix \u200b\u200bdu moteur de vidange QC2 &#8211; Leili Motor<\/title>\n<meta name=\"description\" content=\"Notre moteur de vidange QC2 garantit une consommation d&#039;\u00e9nergie efficace \u2264 6 W, un effort de traction de 107,8 N, un faible bruit \u2264 55 dB et des performances de vidange de machine \u00e0 laver fiables.\" \/>\n<meta name=\"robots\" content=\"index, follow, max-snippet:-1, max-image-preview:large, max-video-preview:-1\" \/>\n<link rel=\"canonical\" href=\"https:\/\/www.leili-motor.net\/fr\/moteur-de-vidange-qc2.html\" \/>\n<script type=\"application\/ld+json\" class=\"yoast-schema-graph\">{\"@context\":\"https:\/\/schema.org\",\"@graph\":[{\"@type\":\"WebPage\",\"@id\":\"https:\/\/www.leili-motor.net\/fr\/moteur-de-vidange-qc2.html\",\"url\":\"https:\/\/www.leili-motor.net\/fr\/moteur-de-vidange-qc2.html\",\"name\":\"Prix \u200b\u200bdu moteur de vidange QC2 &#8211; Leili Motor\",\"isPartOf\":{\"@id\":\"https:\/\/www.leili-motor.net\/fr\/#website\"},\"primaryImageOfPage\":{\"@id\":\"https:\/\/www.leili-motor.net\/fr\/moteur-de-vidange-qc2.html#primaryimage\"},\"image\":{\"@id\":\"https:\/\/www.leili-motor.net\/fr\/moteur-de-vidange-qc2.html#primaryimage\"},\"thumbnailUrl\":\"https:\/\/www.leili-motor.net\/wp-content\/uploads\/2025\/03\/QC2-Drain-Motor.webp\",\"datePublished\":\"2025-03-12T08:06:26+00:00\",\"description\":\"Notre moteur de vidange QC2 garantit une consommation d'\u00e9nergie efficace \u2264 6 W, un effort de traction de 107,8 N, un faible bruit \u2264 55 dB et des performances de vidange de machine \u00e0 laver fiables.\",\"breadcrumb\":{\"@id\":\"https:\/\/www.leili-motor.net\/fr\/moteur-de-vidange-qc2.html#breadcrumb\"},\"inLanguage\":\"fr-FR\",\"potentialAction\":[{\"@type\":\"ReadAction\",\"target\":[\"https:\/\/www.leili-motor.net\/fr\/moteur-de-vidange-qc2.html\"]}]},{\"@type\":\"ImageObject\",\"inLanguage\":\"fr-FR\",\"@id\":\"https:\/\/www.leili-motor.net\/fr\/moteur-de-vidange-qc2.html#primaryimage\",\"url\":\"https:\/\/www.leili-motor.net\/wp-content\/uploads\/2025\/03\/QC2-Drain-Motor.webp\",\"contentUrl\":\"https:\/\/www.leili-motor.net\/wp-content\/uploads\/2025\/03\/QC2-Drain-Motor.webp\",\"width\":454,\"height\":310,\"caption\":\"Moteur de vidange QC2\"},{\"@type\":\"BreadcrumbList\",\"@id\":\"https:\/\/www.leili-motor.net\/fr\/moteur-de-vidange-qc2.html#breadcrumb\",\"itemListElement\":[{\"@type\":\"ListItem\",\"position\":1,\"name\":\"Home\",\"item\":\"https:\/\/www.leili-motor.net\/fr\/\"},{\"@type\":\"ListItem\",\"position\":2,\"name\":\"Produits\",\"item\":\"https:\/\/www.leili-motor.net\/fr\/produits\/\"},{\"@type\":\"ListItem\",\"position\":3,\"name\":\"Moteur de Vidange QC2\"}]},{\"@type\":\"WebSite\",\"@id\":\"https:\/\/www.leili-motor.net\/fr\/#website\",\"url\":\"https:\/\/www.leili-motor.net\/fr\/\",\"name\":\"Leili Motor\",\"description\":\"\",\"publisher\":{\"@id\":\"https:\/\/www.leili-motor.net\/fr\/#organization\"},\"potentialAction\":[{\"@type\":\"SearchAction\",\"target\":{\"@type\":\"EntryPoint\",\"urlTemplate\":\"https:\/\/www.leili-motor.net\/fr\/?s={search_term_string}\"},\"query-input\":{\"@type\":\"PropertyValueSpecification\",\"valueRequired\":true,\"valueName\":\"search_term_string\"}}],\"inLanguage\":\"fr-FR\"},{\"@type\":\"Organization\",\"@id\":\"https:\/\/www.leili-motor.net\/fr\/#organization\",\"name\":\"Leili Motor\",\"url\":\"https:\/\/www.leili-motor.net\/fr\/\",\"logo\":{\"@type\":\"ImageObject\",\"inLanguage\":\"fr-FR\",\"@id\":\"https:\/\/www.leili-motor.net\/fr\/#\/schema\/logo\/image\/\",\"url\":\"https:\/\/www.leili-motor.net\/wp-content\/uploads\/2025\/03\/Leili-Motor.png\",\"contentUrl\":\"https:\/\/www.leili-motor.net\/wp-content\/uploads\/2025\/03\/Leili-Motor.png\",\"width\":600,\"height\":156,\"caption\":\"Leili Motor\"},\"image\":{\"@id\":\"https:\/\/www.leili-motor.net\/fr\/#\/schema\/logo\/image\/\"}}]}<\/script>\n<!-- \/ Yoast SEO plugin. -->","yoast_head_json":{"title":"Prix \u200b\u200bdu moteur de vidange QC2 &#8211; Leili Motor","description":"Notre moteur de vidange QC2 garantit une consommation d'\u00e9nergie efficace \u2264 6 W, un effort de traction de 107,8 N, un faible bruit \u2264 55 dB et des performances de vidange de machine \u00e0 laver fiables.","robots":{"index":"index","follow":"follow","max-snippet":"max-snippet:-1","max-image-preview":"max-image-preview:large","max-video-preview":"max-video-preview:-1"},"canonical":"https:\/\/www.leili-motor.net\/fr\/moteur-de-vidange-qc2.html","schema":{"@context":"https:\/\/schema.org","@graph":[{"@type":"WebPage","@id":"https:\/\/www.leili-motor.net\/fr\/moteur-de-vidange-qc2.html","url":"https:\/\/www.leili-motor.net\/fr\/moteur-de-vidange-qc2.html","name":"Prix \u200b\u200bdu moteur de vidange QC2 &#8211; Leili Motor","isPartOf":{"@id":"https:\/\/www.leili-motor.net\/fr\/#website"},"primaryImageOfPage":{"@id":"https:\/\/www.leili-motor.net\/fr\/moteur-de-vidange-qc2.html#primaryimage"},"image":{"@id":"https:\/\/www.leili-motor.net\/fr\/moteur-de-vidange-qc2.html#primaryimage"},"thumbnailUrl":"https:\/\/www.leili-motor.net\/wp-content\/uploads\/2025\/03\/QC2-Drain-Motor.webp","datePublished":"2025-03-12T08:06:26+00:00","description":"Notre moteur de vidange QC2 garantit une consommation d'\u00e9nergie efficace \u2264 6 W, un effort de traction de 107,8 N, un faible bruit \u2264 55 dB et des performances de vidange de machine \u00e0 laver fiables.","breadcrumb":{"@id":"https:\/\/www.leili-motor.net\/fr\/moteur-de-vidange-qc2.html#breadcrumb"},"inLanguage":"fr-FR","potentialAction":[{"@type":"ReadAction","target":["https:\/\/www.leili-motor.net\/fr\/moteur-de-vidange-qc2.html"]}]},{"@type":"ImageObject","inLanguage":"fr-FR","@id":"https:\/\/www.leili-motor.net\/fr\/moteur-de-vidange-qc2.html#primaryimage","url":"https:\/\/www.leili-motor.net\/wp-content\/uploads\/2025\/03\/QC2-Drain-Motor.webp","contentUrl":"https:\/\/www.leili-motor.net\/wp-content\/uploads\/2025\/03\/QC2-Drain-Motor.webp","width":454,"height":310,"caption":"Moteur de vidange QC2"},{"@type":"BreadcrumbList","@id":"https:\/\/www.leili-motor.net\/fr\/moteur-de-vidange-qc2.html#breadcrumb","itemListElement":[{"@type":"ListItem","position":1,"name":"Home","item":"https:\/\/www.leili-motor.net\/fr\/"},{"@type":"ListItem","position":2,"name":"Produits","item":"https:\/\/www.leili-motor.net\/fr\/produits\/"},{"@type":"ListItem","position":3,"name":"Moteur de Vidange QC2"}]},{"@type":"WebSite","@id":"https:\/\/www.leili-motor.net\/fr\/#website","url":"https:\/\/www.leili-motor.net\/fr\/","name":"Leili Motor","description":"","publisher":{"@id":"https:\/\/www.leili-motor.net\/fr\/#organization"},"potentialAction":[{"@type":"SearchAction","target":{"@type":"EntryPoint","urlTemplate":"https:\/\/www.leili-motor.net\/fr\/?s={search_term_string}"},"query-input":{"@type":"PropertyValueSpecification","valueRequired":true,"valueName":"search_term_string"}}],"inLanguage":"fr-FR"},{"@type":"Organization","@id":"https:\/\/www.leili-motor.net\/fr\/#organization","name":"Leili Motor","url":"https:\/\/www.leili-motor.net\/fr\/","logo":{"@type":"ImageObject","inLanguage":"fr-FR","@id":"https:\/\/www.leili-motor.net\/fr\/#\/schema\/logo\/image\/","url":"https:\/\/www.leili-motor.net\/wp-content\/uploads\/2025\/03\/Leili-Motor.png","contentUrl":"https:\/\/www.leili-motor.net\/wp-content\/uploads\/2025\/03\/Leili-Motor.png","width":600,"height":156,"caption":"Leili Motor"},"image":{"@id":"https:\/\/www.leili-motor.net\/fr\/#\/schema\/logo\/image\/"}}]}},"_links":{"self":[{"href":"https:\/\/www.leili-motor.net\/fr\/wp-json\/wp\/v2\/product\/10712","targetHints":{"allow":["GET"]}}],"collection":[{"href":"https:\/\/www.leili-motor.net\/fr\/wp-json\/wp\/v2\/product"}],"about":[{"href":"https:\/\/www.leili-motor.net\/fr\/wp-json\/wp\/v2\/types\/product"}],"replies":[{"embeddable":true,"href":"https:\/\/www.leili-motor.net\/fr\/wp-json\/wp\/v2\/comments?post=10712"}],"wp:featuredmedia":[{"embeddable":true,"href":"https:\/\/www.leili-motor.net\/fr\/wp-json\/wp\/v2\/media\/10713"}],"wp:attachment":[{"href":"https:\/\/www.leili-motor.net\/fr\/wp-json\/wp\/v2\/media?parent=10712"}],"wp:term":[{"taxonomy":"product_brand","embeddable":true,"href":"https:\/\/www.leili-motor.net\/fr\/wp-json\/wp\/v2\/product_brand?post=10712"},{"taxonomy":"product_cat","embeddable":true,"href":"https:\/\/www.leili-motor.net\/fr\/wp-json\/wp\/v2\/product_cat?post=10712"},{"taxonomy":"product_tag","embeddable":true,"href":"https:\/\/www.leili-motor.net\/fr\/wp-json\/wp\/v2\/product_tag?post=10712"}],"curies":[{"name":"wp","href":"https:\/\/api.w.org\/{rel}","templated":true}]}}