{"id":10715,"date":"2025-03-12T15:45:12","date_gmt":"2025-03-12T07:45:12","guid":{"rendered":"https:\/\/www.leili-motor.net\/pompe-de-vanne-dactionneur-de-vidange\/"},"modified":"2025-03-12T15:45:12","modified_gmt":"2025-03-12T07:45:12","slug":"pompe-de-vanne-dactionneur-de-vidange","status":"publish","type":"product","link":"https:\/\/www.leili-motor.net\/fr\/pompe-de-vanne-dactionneur-de-vidange.html","title":{"rendered":"Pompe de Vanne D&rsquo;actionneur de Vidange"},"content":{"rendered":"<h2>Param\u00e8tres de performance<\/h2>\n<table>\n<tbody>\n<tr>\n<td>Puissance de l&rsquo;actionneur de vidange (W)<\/td>\n<td>Courant d&rsquo;entr\u00e9e des actionneurs de drainage (mA)<\/td>\n<td>Niveau sonore dB(A)<\/td>\n<td>Tension de d\u00e9marrage (V)<\/td>\n<td>R\u00e9sistance d&rsquo;isolement<\/td>\n<td>Rigidit\u00e9 di\u00e9lectrique<\/td>\n<td>Courant de fuite (mA)<\/td>\n<td>Force de filtration (N.m)<\/td>\n<td>R\u00e9sistance \u00e0 la pression hydraulique<\/td>\n<td>R\u00e9sistance \u00e0 la pression hydraulique inverse<\/td>\n<\/tr>\n<tr>\n<td>\u2264 6<\/td>\n<td>\u2264 30<\/td>\n<td>\u2264 50<\/td>\n<td>\u2264 176<\/td>\n<td>\u2265 100<\/td>\n<td>AC1s875<\/td>\n<td>\u2264 0.25<\/td>\n<td>2-4<\/td>\n<td>Fuite \u00e0 9 kPa &lt;100 Pa<\/td>\n<td>Fuite \u00e0 20 kPa &lt;100 Pa<\/td>\n<\/tr>\n<\/tbody>\n<\/table>\n<h2>Param\u00e8tres de la pompe<\/h2>\n<table>\n<tbody>\n<tr>\n<td>Tension nominale (VAC) <\/td>\n<td>Temps de d\u00e9marrage (s)<\/td>\n<td>Puissance en charge (W)<\/td>\n<td>Courant en charge (A)<\/td>\n<td>Bruit \u00e0 vide dB(A)<\/td>\n<td>\u00c9l\u00e9vation de temp\u00e9rature (K)<\/td>\n<td>Courant de fuite (V)<\/td>\n<td>R\u00e9sistance d&rsquo;isolation (\u03a9)<\/td>\n<td>Plage de tension en charge (VAC)<\/td>\n<td>D\u00e9bit<\/td>\n<\/tr>\n<tr>\n<td>\u2264 187<\/td>\n<td>\u2264 10<\/td>\n<td>\u2264 36<\/td>\n<td>\u2264 0.35<\/td>\n<td>220<\/td>\n<td>105<\/td>\n<td>\u2264 0.5<\/td>\n<td>\u2265 100<\/td>\n<td>187-264<\/td>\n<td>\u2265 7<\/td>\n<\/tr>\n<\/tbody>\n<\/table>\n<h2>Dimension m\u00e9canique : mm<br \/>\n<img loading=\"lazy\" decoding=\"async\" loading=\"lazy\" class=\"size-full wp-image-2465 aligncenter\" src=\"https:\/\/www.leili-motor.net\/wp-content\/uploads\/2025\/03\/Mechanical-Dimension-for-Valve-Pump.webp\" alt=\"Dimension m\u00e9canique de la pompe \u00e0 soupape\" width=\"759\" height=\"650\" srcset=\"https:\/\/www.leili-motor.net\/wp-content\/uploads\/2025\/03\/Mechanical-Dimension-for-Valve-Pump.webp 759w, https:\/\/www.leili-motor.net\/wp-content\/uploads\/2025\/03\/Mechanical-Dimension-for-Valve-Pump-300x257.webp 300w, https:\/\/www.leili-motor.net\/wp-content\/uploads\/2025\/03\/Mechanical-Dimension-for-Valve-Pump-600x514.webp 600w\" sizes=\"auto, (max-width: 759px) 100vw, 759px\" \/><\/h2>\n","protected":false},"excerpt":{"rendered":"<h3>Pr\u00e9sentation du produit<\/h3>\n<ul>\n<li>Performances efficaces : faible consommation d&rsquo;\u00e9nergie \u2264 6 W, courant d&rsquo;entr\u00e9e \u2264 30 mA et niveau de bruit \u2264 50 dB pour un fonctionnement fluide.<\/li>\n<li>Haute fiabilit\u00e9 : r\u00e9siste \u00e0 une pression d&rsquo;eau jusqu&rsquo;\u00e0 9 kPa et \u00e0 une pression inverse jusqu&rsquo;\u00e0 20 kPa avec une fuite minimale.<\/li>\n<li>S\u00e9curit\u00e9 renforc\u00e9e : pr\u00e9sente une r\u00e9sistance d&rsquo;isolement \u2265 100 \u03a9, une rigidit\u00e9 di\u00e9lectrique AC1s875 et un courant de fuite \u2264 0,25 mA pour une utilisation s\u00e9curis\u00e9e.<\/li>\n<\/ul>\n<h3>Application du produit<\/h3>\n<ul>\n<li>\u00c9lectrom\u00e9nager : machine \u00e0 laver<\/li>\n<\/ul>\n","protected":false},"featured_media":10716,"comment_status":"open","ping_status":"closed","template":"","meta":{"site-sidebar-layout":"default","site-content-layout":"","ast-site-content-layout":"default","site-content-style":"default","site-sidebar-style":"default","ast-global-header-display":"","ast-banner-title-visibility":"","ast-main-header-display":"","ast-hfb-above-header-display":"","ast-hfb-below-header-display":"","ast-hfb-mobile-header-display":"","site-post-title":"","ast-breadcrumbs-content":"","ast-featured-img":"","footer-sml-layout":"","theme-transparent-header-meta":"default","adv-header-id-meta":"","stick-header-meta":"","header-above-stick-meta":"","header-main-stick-meta":"","header-below-stick-meta":"","astra-migrate-meta-layouts":"default","ast-page-background-enabled":"default","ast-page-background-meta":{"desktop":{"background-color":"var(--ast-global-color-5)","background-image":"","background-repeat":"repeat","background-position":"center center","background-size":"auto","background-attachment":"scroll","background-type":"","background-media":"","overlay-type":"","overlay-color":"","overlay-opacity":"","overlay-gradient":""},"tablet":{"background-color":"","background-image":"","background-repeat":"repeat","background-position":"center center","background-size":"auto","background-attachment":"scroll","background-type":"","background-media":"","overlay-type":"","overlay-color":"","overlay-opacity":"","overlay-gradient":""},"mobile":{"background-color":"","background-image":"","background-repeat":"repeat","background-position":"center center","background-size":"auto","background-attachment":"scroll","background-type":"","background-media":"","overlay-type":"","overlay-color":"","overlay-opacity":"","overlay-gradient":""}},"ast-content-background-meta":{"desktop":{"background-color":"var(--ast-global-color-4)","background-image":"","background-repeat":"repeat","background-position":"center center","background-size":"auto","background-attachment":"scroll","background-type":"","background-media":"","overlay-type":"","overlay-color":"","overlay-opacity":"","overlay-gradient":""},"tablet":{"background-color":"var(--ast-global-color-4)","background-image":"","background-repeat":"repeat","background-position":"center center","background-size":"auto","background-attachment":"scroll","background-type":"","background-media":"","overlay-type":"","overlay-color":"","overlay-opacity":"","overlay-gradient":""},"mobile":{"background-color":"var(--ast-global-color-4)","background-image":"","background-repeat":"repeat","background-position":"center center","background-size":"auto","background-attachment":"scroll","background-type":"","background-media":"","overlay-type":"","overlay-color":"","overlay-opacity":"","overlay-gradient":""}}},"product_brand":[],"product_cat":[1107,1108],"product_tag":[1109],"class_list":{"0":"post-10715","1":"product","2":"type-product","3":"status-publish","4":"has-post-thumbnail","6":"product_cat-moteur-de-drainage","7":"product_cat-actionneur-de-vidange","8":"product_tag-machine-a-laver-systeme-de-drainage","9":"pa_application-appareil-electromenager","10":"desktop-align-left","11":"tablet-align-left","12":"mobile-align-left","14":"first","15":"instock","16":"shipping-taxable","17":"product-type-simple"},"yoast_head":"<!-- This site is optimized with the Yoast SEO plugin v27.2 - https:\/\/yoast.com\/product\/yoast-seo-wordpress\/ -->\n<title>Pompe de vanne d&#039;actionneur de vidange &#8211; Leili Motor<\/title>\n<meta name=\"description\" content=\"Notre pompe de soupape d&#039;actionneur de vidange consomme \u2264 6 W de puissance, fonctionne \u00e0 \u2264 50 dB de bruit, r\u00e9siste \u00e0 une pression d&#039;eau de 9 kPa et assure un drainage fiable de la machine \u00e0 laver.\" \/>\n<meta name=\"robots\" content=\"index, follow, max-snippet:-1, max-image-preview:large, max-video-preview:-1\" \/>\n<link rel=\"canonical\" href=\"https:\/\/www.leili-motor.net\/fr\/pompe-de-vanne-dactionneur-de-vidange.html\" \/>\n<meta name=\"twitter:label1\" content=\"Dur\u00e9e de lecture estim\u00e9e\" \/>\n\t<meta name=\"twitter:data1\" content=\"1 minute\" \/>\n<script type=\"application\/ld+json\" class=\"yoast-schema-graph\">{\"@context\":\"https:\/\/schema.org\",\"@graph\":[{\"@type\":\"WebPage\",\"@id\":\"https:\/\/www.leili-motor.net\/fr\/pompe-de-vanne-dactionneur-de-vidange.html\",\"url\":\"https:\/\/www.leili-motor.net\/fr\/pompe-de-vanne-dactionneur-de-vidange.html\",\"name\":\"Pompe de vanne d'actionneur de vidange &#8211; Leili Motor\",\"isPartOf\":{\"@id\":\"https:\/\/www.leili-motor.net\/fr\/#website\"},\"primaryImageOfPage\":{\"@id\":\"https:\/\/www.leili-motor.net\/fr\/pompe-de-vanne-dactionneur-de-vidange.html#primaryimage\"},\"image\":{\"@id\":\"https:\/\/www.leili-motor.net\/fr\/pompe-de-vanne-dactionneur-de-vidange.html#primaryimage\"},\"thumbnailUrl\":\"https:\/\/www.leili-motor.net\/wp-content\/uploads\/2025\/03\/Valve-Pump.webp\",\"datePublished\":\"2025-03-12T07:45:12+00:00\",\"description\":\"Notre pompe de soupape d'actionneur de vidange consomme \u2264 6 W de puissance, fonctionne \u00e0 \u2264 50 dB de bruit, r\u00e9siste \u00e0 une pression d'eau de 9 kPa et assure un drainage fiable de la machine \u00e0 laver.\",\"breadcrumb\":{\"@id\":\"https:\/\/www.leili-motor.net\/fr\/pompe-de-vanne-dactionneur-de-vidange.html#breadcrumb\"},\"inLanguage\":\"fr-FR\",\"potentialAction\":[{\"@type\":\"ReadAction\",\"target\":[\"https:\/\/www.leili-motor.net\/fr\/pompe-de-vanne-dactionneur-de-vidange.html\"]}]},{\"@type\":\"ImageObject\",\"inLanguage\":\"fr-FR\",\"@id\":\"https:\/\/www.leili-motor.net\/fr\/pompe-de-vanne-dactionneur-de-vidange.html#primaryimage\",\"url\":\"https:\/\/www.leili-motor.net\/wp-content\/uploads\/2025\/03\/Valve-Pump.webp\",\"contentUrl\":\"https:\/\/www.leili-motor.net\/wp-content\/uploads\/2025\/03\/Valve-Pump.webp\",\"width\":454,\"height\":310,\"caption\":\"Pompe \u00e0 soupape\"},{\"@type\":\"BreadcrumbList\",\"@id\":\"https:\/\/www.leili-motor.net\/fr\/pompe-de-vanne-dactionneur-de-vidange.html#breadcrumb\",\"itemListElement\":[{\"@type\":\"ListItem\",\"position\":1,\"name\":\"Home\",\"item\":\"https:\/\/www.leili-motor.net\/fr\/\"},{\"@type\":\"ListItem\",\"position\":2,\"name\":\"Produits\",\"item\":\"https:\/\/www.leili-motor.net\/fr\/produits\/\"},{\"@type\":\"ListItem\",\"position\":3,\"name\":\"Pompe de Vanne D&#8217;actionneur de Vidange\"}]},{\"@type\":\"WebSite\",\"@id\":\"https:\/\/www.leili-motor.net\/fr\/#website\",\"url\":\"https:\/\/www.leili-motor.net\/fr\/\",\"name\":\"Leili Motor\",\"description\":\"\",\"publisher\":{\"@id\":\"https:\/\/www.leili-motor.net\/fr\/#organization\"},\"potentialAction\":[{\"@type\":\"SearchAction\",\"target\":{\"@type\":\"EntryPoint\",\"urlTemplate\":\"https:\/\/www.leili-motor.net\/fr\/?s={search_term_string}\"},\"query-input\":{\"@type\":\"PropertyValueSpecification\",\"valueRequired\":true,\"valueName\":\"search_term_string\"}}],\"inLanguage\":\"fr-FR\"},{\"@type\":\"Organization\",\"@id\":\"https:\/\/www.leili-motor.net\/fr\/#organization\",\"name\":\"Leili Motor\",\"url\":\"https:\/\/www.leili-motor.net\/fr\/\",\"logo\":{\"@type\":\"ImageObject\",\"inLanguage\":\"fr-FR\",\"@id\":\"https:\/\/www.leili-motor.net\/fr\/#\/schema\/logo\/image\/\",\"url\":\"https:\/\/www.leili-motor.net\/wp-content\/uploads\/2025\/03\/Leili-Motor.png\",\"contentUrl\":\"https:\/\/www.leili-motor.net\/wp-content\/uploads\/2025\/03\/Leili-Motor.png\",\"width\":600,\"height\":156,\"caption\":\"Leili Motor\"},\"image\":{\"@id\":\"https:\/\/www.leili-motor.net\/fr\/#\/schema\/logo\/image\/\"}}]}<\/script>\n<!-- \/ Yoast SEO plugin. -->","yoast_head_json":{"title":"Pompe de vanne d'actionneur de vidange &#8211; Leili Motor","description":"Notre pompe de soupape d'actionneur de vidange consomme \u2264 6 W de puissance, fonctionne \u00e0 \u2264 50 dB de bruit, r\u00e9siste \u00e0 une pression d'eau de 9 kPa et assure un drainage fiable de la machine \u00e0 laver.","robots":{"index":"index","follow":"follow","max-snippet":"max-snippet:-1","max-image-preview":"max-image-preview:large","max-video-preview":"max-video-preview:-1"},"canonical":"https:\/\/www.leili-motor.net\/fr\/pompe-de-vanne-dactionneur-de-vidange.html","twitter_misc":{"Dur\u00e9e de lecture estim\u00e9e":"1 minute"},"schema":{"@context":"https:\/\/schema.org","@graph":[{"@type":"WebPage","@id":"https:\/\/www.leili-motor.net\/fr\/pompe-de-vanne-dactionneur-de-vidange.html","url":"https:\/\/www.leili-motor.net\/fr\/pompe-de-vanne-dactionneur-de-vidange.html","name":"Pompe de vanne d'actionneur de vidange &#8211; Leili Motor","isPartOf":{"@id":"https:\/\/www.leili-motor.net\/fr\/#website"},"primaryImageOfPage":{"@id":"https:\/\/www.leili-motor.net\/fr\/pompe-de-vanne-dactionneur-de-vidange.html#primaryimage"},"image":{"@id":"https:\/\/www.leili-motor.net\/fr\/pompe-de-vanne-dactionneur-de-vidange.html#primaryimage"},"thumbnailUrl":"https:\/\/www.leili-motor.net\/wp-content\/uploads\/2025\/03\/Valve-Pump.webp","datePublished":"2025-03-12T07:45:12+00:00","description":"Notre pompe de soupape d'actionneur de vidange consomme \u2264 6 W de puissance, fonctionne \u00e0 \u2264 50 dB de bruit, r\u00e9siste \u00e0 une pression d'eau de 9 kPa et assure un drainage fiable de la machine \u00e0 laver.","breadcrumb":{"@id":"https:\/\/www.leili-motor.net\/fr\/pompe-de-vanne-dactionneur-de-vidange.html#breadcrumb"},"inLanguage":"fr-FR","potentialAction":[{"@type":"ReadAction","target":["https:\/\/www.leili-motor.net\/fr\/pompe-de-vanne-dactionneur-de-vidange.html"]}]},{"@type":"ImageObject","inLanguage":"fr-FR","@id":"https:\/\/www.leili-motor.net\/fr\/pompe-de-vanne-dactionneur-de-vidange.html#primaryimage","url":"https:\/\/www.leili-motor.net\/wp-content\/uploads\/2025\/03\/Valve-Pump.webp","contentUrl":"https:\/\/www.leili-motor.net\/wp-content\/uploads\/2025\/03\/Valve-Pump.webp","width":454,"height":310,"caption":"Pompe \u00e0 soupape"},{"@type":"BreadcrumbList","@id":"https:\/\/www.leili-motor.net\/fr\/pompe-de-vanne-dactionneur-de-vidange.html#breadcrumb","itemListElement":[{"@type":"ListItem","position":1,"name":"Home","item":"https:\/\/www.leili-motor.net\/fr\/"},{"@type":"ListItem","position":2,"name":"Produits","item":"https:\/\/www.leili-motor.net\/fr\/produits\/"},{"@type":"ListItem","position":3,"name":"Pompe de Vanne D&#8217;actionneur de Vidange"}]},{"@type":"WebSite","@id":"https:\/\/www.leili-motor.net\/fr\/#website","url":"https:\/\/www.leili-motor.net\/fr\/","name":"Leili Motor","description":"","publisher":{"@id":"https:\/\/www.leili-motor.net\/fr\/#organization"},"potentialAction":[{"@type":"SearchAction","target":{"@type":"EntryPoint","urlTemplate":"https:\/\/www.leili-motor.net\/fr\/?s={search_term_string}"},"query-input":{"@type":"PropertyValueSpecification","valueRequired":true,"valueName":"search_term_string"}}],"inLanguage":"fr-FR"},{"@type":"Organization","@id":"https:\/\/www.leili-motor.net\/fr\/#organization","name":"Leili Motor","url":"https:\/\/www.leili-motor.net\/fr\/","logo":{"@type":"ImageObject","inLanguage":"fr-FR","@id":"https:\/\/www.leili-motor.net\/fr\/#\/schema\/logo\/image\/","url":"https:\/\/www.leili-motor.net\/wp-content\/uploads\/2025\/03\/Leili-Motor.png","contentUrl":"https:\/\/www.leili-motor.net\/wp-content\/uploads\/2025\/03\/Leili-Motor.png","width":600,"height":156,"caption":"Leili Motor"},"image":{"@id":"https:\/\/www.leili-motor.net\/fr\/#\/schema\/logo\/image\/"}}]}},"_links":{"self":[{"href":"https:\/\/www.leili-motor.net\/fr\/wp-json\/wp\/v2\/product\/10715","targetHints":{"allow":["GET"]}}],"collection":[{"href":"https:\/\/www.leili-motor.net\/fr\/wp-json\/wp\/v2\/product"}],"about":[{"href":"https:\/\/www.leili-motor.net\/fr\/wp-json\/wp\/v2\/types\/product"}],"replies":[{"embeddable":true,"href":"https:\/\/www.leili-motor.net\/fr\/wp-json\/wp\/v2\/comments?post=10715"}],"wp:featuredmedia":[{"embeddable":true,"href":"https:\/\/www.leili-motor.net\/fr\/wp-json\/wp\/v2\/media\/10716"}],"wp:attachment":[{"href":"https:\/\/www.leili-motor.net\/fr\/wp-json\/wp\/v2\/media?parent=10715"}],"wp:term":[{"taxonomy":"product_brand","embeddable":true,"href":"https:\/\/www.leili-motor.net\/fr\/wp-json\/wp\/v2\/product_brand?post=10715"},{"taxonomy":"product_cat","embeddable":true,"href":"https:\/\/www.leili-motor.net\/fr\/wp-json\/wp\/v2\/product_cat?post=10715"},{"taxonomy":"product_tag","embeddable":true,"href":"https:\/\/www.leili-motor.net\/fr\/wp-json\/wp\/v2\/product_tag?post=10715"}],"curies":[{"name":"wp","href":"https:\/\/api.w.org\/{rel}","templated":true}]}}