{"id":10733,"date":"2025-03-17T11:45:37","date_gmt":"2025-03-17T03:45:37","guid":{"rendered":"https:\/\/www.leili-motor.net\/moteur-a-courant-continu-sans-balais-a-coupelle-creuse-serie-42\/"},"modified":"2025-03-17T11:45:37","modified_gmt":"2025-03-17T03:45:37","slug":"moteur-a-courant-continu-sans-balais-a-coupelle-creuse-serie-42","status":"publish","type":"product","link":"https:\/\/www.leili-motor.net\/fr\/moteur-a-courant-continu-sans-balais-a-coupelle-creuse-serie-42.html","title":{"rendered":"Moteur \u00e0 Courant Continu Sans Balais \u00e0 Coupelle Creuse S\u00e9rie 42"},"content":{"rendered":"<h2>Param\u00e8tres du produit<\/h2>\n<table>\n<tbody>\n<tr>\n<td>Type de moteur<\/td>\n<td><\/td>\n<td colspan=\"5\">42ZWWC80<\/td>\n<\/tr>\n<tr>\n<td>Nombre de p\u00f4les<\/td>\n<td>&#8211;<\/td>\n<td>1<\/td>\n<td>1<\/td>\n<td>1<\/td>\n<td>1<\/td>\n<td>2<\/td>\n<\/tr>\n<tr>\n<td>R\u00e9sistance de phase<\/td>\n<td>\u03a9<\/td>\n<td>0.4<\/td>\n<td>0.45<\/td>\n<td>0.6<\/td>\n<td>0.95<\/td>\n<td>0.22<\/td>\n<\/tr>\n<tr>\n<td>Inductance de phase<\/td>\n<td>mH<\/td>\n<td>0.085<\/td>\n<td>0.14<\/td>\n<td>0.14<\/td>\n<td>0.23<\/td>\n<td>0.035<\/td>\n<\/tr>\n<tr>\n<td>Connexion des enroulements<\/td>\n<td>&#8211;<\/td>\n<td>\u00e9toile<\/td>\n<td>\u00e9toile<\/td>\n<td>\u00e9toile<\/td>\n<td>\u00e9toile<\/td>\n<td>\u00e9toile<\/td>\n<\/tr>\n<tr>\n<td>Classe d&rsquo;isolation<\/td>\n<td>&#8211;<\/td>\n<td>B<\/td>\n<td>B<\/td>\n<td>B<\/td>\n<td>B<\/td>\n<td>B<\/td>\n<\/tr>\n<tr>\n<td>Syst\u00e8me de travail<\/td>\n<td>&#8211;<\/td>\n<td>S2<\/td>\n<td>S2<\/td>\n<td>S2<\/td>\n<td>S2<\/td>\n<td>S2<\/td>\n<\/tr>\n<tr>\n<td>Mode de r\u00e9troaction<\/td>\n<td>&#8211;<\/td>\n<td>\u00e9l\u00e9ment de hall<\/td>\n<td>\u00e9l\u00e9ment de hall<\/td>\n<td>\u00e9l\u00e9ment de hall<\/td>\n<td>\u00e9l\u00e9ment de hall<\/td>\n<td>\u00e9l\u00e9ment de hall<\/td>\n<\/tr>\n<tr>\n<td>Angle de commutation<\/td>\n<td>&#8211;<\/td>\n<td>120\u00b0<\/td>\n<td>120\u00b0<\/td>\n<td>120\u00b0<\/td>\n<td>120\u00b0<\/td>\n<td>120\u00b0<\/td>\n<\/tr>\n<tr>\n<td>Rigidit\u00e9 di\u00e9lectrique<\/td>\n<td>&#8211;<\/td>\n<td>500VAC\/1KHz\/1mA\/1s<\/td>\n<td>500VAC\/1KHz\/1mA\/1s<\/td>\n<td>500VAC\/1KHz\/1mA\/1s<\/td>\n<td>500VAC\/1KHz\/1mA\/1s<\/td>\n<td>500VAC\/1KHz\/1mA\/1s<\/td>\n<\/tr>\n<tr>\n<td>R\u00e9sistance d&rsquo;isolement<\/td>\n<td>&#8211;<\/td>\n<td>100 M\u03a9\/500VDC<\/td>\n<td>100 M\u03a9\/500VDC<\/td>\n<td>100 M\u03a9\/500VDC<\/td>\n<td>100 M\u03a9\/500VDC<\/td>\n<td>100 M\u03a9\/500VDC<\/td>\n<\/tr>\n<tr>\n<td>Poids<\/td>\n<td>g<\/td>\n<td>500<\/td>\n<td>500<\/td>\n<td>500<\/td>\n<td>500<\/td>\n<td>500<\/td>\n<\/tr>\n<tr>\n<td>Tension nominale<\/td>\n<td>V<\/td>\n<td>18<\/td>\n<td>24<\/td>\n<td>36<\/td>\n<td>48<\/td>\n<td>24<\/td>\n<\/tr>\n<tr>\n<td>Puissance nominale<\/td>\n<td>W<\/td>\n<td>66<\/td>\n<td>80<\/td>\n<td>100<\/td>\n<td>160<\/td>\n<td>102<\/td>\n<\/tr>\n<tr>\n<td>Couple nominal<\/td>\n<td>mN\u00b7m<\/td>\n<td>90<\/td>\n<td>90<\/td>\n<td>90<\/td>\n<td>120<\/td>\n<td>180<\/td>\n<\/tr>\n<tr>\n<td>Vitesse nominale<\/td>\n<td>RPM<\/td>\n<td>6678<\/td>\n<td>8346<\/td>\n<td>11619<\/td>\n<td>12200<\/td>\n<td>5400<\/td>\n<\/tr>\n<tr>\n<td>Courant nominal<\/td>\n<td>A<\/td>\n<td>4.89<\/td>\n<td>4.17<\/td>\n<td>3.47<\/td>\n<td>4.17<\/td>\n<td>5.7<\/td>\n<\/tr>\n<tr>\n<td>Vitesse \u00e0 vide<\/td>\n<td>RPM<\/td>\n<td>9000<\/td>\n<td>11000<\/td>\n<td>13000<\/td>\n<td>13800<\/td>\n<td>6800<\/td>\n<\/tr>\n<tr>\n<td>Courant \u00e0 vide<\/td>\n<td>A<\/td>\n<td>0.6<\/td>\n<td>0.69<\/td>\n<td>0.6<\/td>\n<td>0.58<\/td>\n<td>0.42<\/td>\n<\/tr>\n<tr>\n<td>Rendement du moteur<\/td>\n<td>%<\/td>\n<td>75<\/td>\n<td>80<\/td>\n<td>80<\/td>\n<td>80<\/td>\n<td>87.9<\/td>\n<\/tr>\n<tr>\n<td>Bruit <\/p>\n<p>(Bruit ambiant 20 dB, distance de test 1 m)<\/td>\n<td>dB<\/td>\n<td>\uff1c50<\/td>\n<td>\uff1c50<\/td>\n<td>\uff1c50<\/td>\n<td>\uff1c50<\/td>\n<td>\uff1c50<\/td>\n<\/tr>\n<tr>\n<td>R\u00e9sistance thermique bo\u00eetier-ambiant (\u00e0 vide)<\/td>\n<td>K\/W<\/td>\n<td>0.43<\/td>\n<td>0.50<\/td>\n<td>0.67<\/td>\n<td>0.26<\/td>\n<td>0.41<\/td>\n<\/tr>\n<tr>\n<td>Constante de temps thermique du moteur<\/td>\n<td>S<\/td>\n<td>900<\/td>\n<td>1620<\/td>\n<td>2040<\/td>\n<td>2040<\/td>\n<td>1340<\/td>\n<\/tr>\n<tr>\n<td>Temp\u00e9rature ambiante<\/td>\n<td>\u2103<\/td>\n<td>23.1<\/td>\n<td>23.5<\/td>\n<td>23<\/td>\n<td>23<\/td>\n<td>22.6<\/td>\n<\/tr>\n<tr>\n<td>Temp\u00e9rature maximale des enroulements (\u00e0 vide)<\/td>\n<td>\u2103<\/td>\n<td>51.5<\/td>\n<td>63.7<\/td>\n<td>90<\/td>\n<td>90<\/td>\n<td>72.1<\/td>\n<\/tr>\n<tr>\n<td>Constante de couple<\/td>\n<td>mN\u00b7m\/A<\/td>\n<td>18.41<\/td>\n<td>21.6<\/td>\n<td>25.92<\/td>\n<td>28.8<\/td>\n<td>31.58<\/td>\n<\/tr>\n<tr>\n<td>Constante de force contre-\u00e9lectromotrice &#8211; valeur cr\u00eate<\/td>\n<td>V\/Krpm<\/td>\n<td>2.73<\/td>\n<td>3.20<\/td>\n<td>3.84<\/td>\n<td>4.26<\/td>\n<td>4.68<\/td>\n<\/tr>\n<tr>\n<td>Constante de force contre-\u00e9lectromotrice &#8211; valeur efficace<\/td>\n<td>V\/Krpm<\/td>\n<td>1.93<\/td>\n<td>2.26<\/td>\n<td>2.71<\/td>\n<td>3.02<\/td>\n<td>3.31<\/td>\n<\/tr>\n<tr>\n<td>Couple maximal<\/td>\n<td>mN\u00b7m<\/td>\n<td>828.41<\/td>\n<td>1152<\/td>\n<td>1555.2<\/td>\n<td>1455.16<\/td>\n<td>3444.98<\/td>\n<\/tr>\n<tr>\n<td>Courant maximal<\/td>\n<td>A<\/td>\n<td>45<\/td>\n<td>53<\/td>\n<td>60<\/td>\n<td>51<\/td>\n<td>109<\/td>\n<\/tr>\n<tr>\n<td>Moment d&rsquo;inertie<\/td>\n<td>g\u00b7cm\u00b2<\/td>\n<td>96.3<\/td>\n<td>96.3<\/td>\n<td>96.3<\/td>\n<td>96.3<\/td>\n<td>96.3<\/td>\n<\/tr>\n<tr>\n<td>Constante de temps m\u00e9canique<\/td>\n<td>ms<\/td>\n<td>11.37<\/td>\n<td>9.29<\/td>\n<td>8.60<\/td>\n<td>11.03<\/td>\n<td>2.12<\/td>\n<\/tr>\n<tr>\n<td>Couvercle d&rsquo;extr\u00e9mit\u00e9<\/td>\n<td>&#8211;<\/td>\n<td>Acier inoxydable<\/td>\n<td>Acier inoxydable<\/td>\n<td>Acier inoxydable<\/td>\n<td>Acier inoxydable<\/td>\n<td>Acier inoxydable<\/td>\n<\/tr>\n<tr>\n<td>Roulement<\/td>\n<td>&#8211;<\/td>\n<td>Boule de goutti\u00e8re profonde<\/td>\n<td>Boule de goutti\u00e8re profonde<\/td>\n<td>Boule de goutti\u00e8re profonde<\/td>\n<td>Boule de goutti\u00e8re profonde<\/td>\n<td>Boule de goutti\u00e8re profonde<\/td>\n<\/tr>\n<tr>\n<td>Aimant<\/td>\n<td>&#8211;<\/td>\n<td>NdFeB fritt\u00e9<\/td>\n<td>NdFeB fritt\u00e9<\/td>\n<td>NdFeB fritt\u00e9<\/td>\n<td>NdFeB fritt\u00e9<\/td>\n<td>NdFeB fritt\u00e9<\/td>\n<\/tr>\n<tr>\n<td>Pivot<\/td>\n<td>&#8211;<\/td>\n<td>Acier au carbone<\/td>\n<td>Acier au carbone<\/td>\n<td>Acier au carbone<\/td>\n<td>Acier au carbone<\/td>\n<td>Acier au carbone<\/td>\n<\/tr>\n<\/tbody>\n<\/table>\n<h2>Dimensions m\u00e9caniques : mm<\/h2>\n<p><img fetchpriority=\"high\" decoding=\"async\" class=\"size-full wp-image-3496 aligncenter\" src=\"https:\/\/www.leili-motor.net\/wp-content\/uploads\/2025\/03\/42-Series-Hollow-Cup-Brushless-DC-Motor-Dimensions.webp\" alt=\"Dimensions du moteur CC sans balais \u00e0 coupelle creuse s\u00e9rie 42\" width=\"1080\" height=\"340\" srcset=\"https:\/\/www.leili-motor.net\/wp-content\/uploads\/2025\/03\/42-Series-Hollow-Cup-Brushless-DC-Motor-Dimensions.webp 1080w, https:\/\/www.leili-motor.net\/wp-content\/uploads\/2025\/03\/42-Series-Hollow-Cup-Brushless-DC-Motor-Dimensions-300x94.webp 300w, https:\/\/www.leili-motor.net\/wp-content\/uploads\/2025\/03\/42-Series-Hollow-Cup-Brushless-DC-Motor-Dimensions-1024x322.webp 1024w, https:\/\/www.leili-motor.net\/wp-content\/uploads\/2025\/03\/42-Series-Hollow-Cup-Brushless-DC-Motor-Dimensions-768x242.webp 768w, https:\/\/www.leili-motor.net\/wp-content\/uploads\/2025\/03\/42-Series-Hollow-Cup-Brushless-DC-Motor-Dimensions-600x189.webp 600w\" sizes=\"(max-width: 1080px) 100vw, 1080px\" \/><\/p>\n","protected":false},"excerpt":{"rendered":"<h3>Pr\u00e9sentation du produit<\/h3>\n<ul>\n<li>Puissance nominale de 66 W \u00e0 160 W, avec un rendement moteur jusqu&rsquo;\u00e0 87,9 %.<\/li>\n<li>Couple nominal de 90 mN\u00b7m \u00e0 180 mN\u00b7m et vitesse nominale jusqu&rsquo;\u00e0 13 800 tr\/min.<\/li>\n<li>Couvercle d&rsquo;extr\u00e9mit\u00e9 en acier inoxydable, aimant NdFeB fritt\u00e9 et roulements \u00e0 billes \u00e0 goutti\u00e8re profonde pour plus de durabilit\u00e9.<\/li>\n<\/ul>\n<h3><\/h3>\n","protected":false},"featured_media":10734,"comment_status":"open","ping_status":"closed","template":"","meta":{"site-sidebar-layout":"default","site-content-layout":"","ast-site-content-layout":"default","site-content-style":"default","site-sidebar-style":"default","ast-global-header-display":"","ast-banner-title-visibility":"","ast-main-header-display":"","ast-hfb-above-header-display":"","ast-hfb-below-header-display":"","ast-hfb-mobile-header-display":"","site-post-title":"","ast-breadcrumbs-content":"","ast-featured-img":"","footer-sml-layout":"","theme-transparent-header-meta":"default","adv-header-id-meta":"","stick-header-meta":"","header-above-stick-meta":"","header-main-stick-meta":"","header-below-stick-meta":"","astra-migrate-meta-layouts":"default","ast-page-background-enabled":"default","ast-page-background-meta":{"desktop":{"background-color":"var(--ast-global-color-5)","background-image":"","background-repeat":"repeat","background-position":"center center","background-size":"auto","background-attachment":"scroll","background-type":"","background-media":"","overlay-type":"","overlay-color":"","overlay-opacity":"","overlay-gradient":""},"tablet":{"background-color":"","background-image":"","background-repeat":"repeat","background-position":"center center","background-size":"auto","background-attachment":"scroll","background-type":"","background-media":"","overlay-type":"","overlay-color":"","overlay-opacity":"","overlay-gradient":""},"mobile":{"background-color":"","background-image":"","background-repeat":"repeat","background-position":"center center","background-size":"auto","background-attachment":"scroll","background-type":"","background-media":"","overlay-type":"","overlay-color":"","overlay-opacity":"","overlay-gradient":""}},"ast-content-background-meta":{"desktop":{"background-color":"var(--ast-global-color-4)","background-image":"","background-repeat":"repeat","background-position":"center center","background-size":"auto","background-attachment":"scroll","background-type":"","background-media":"","overlay-type":"","overlay-color":"","overlay-opacity":"","overlay-gradient":""},"tablet":{"background-color":"var(--ast-global-color-4)","background-image":"","background-repeat":"repeat","background-position":"center center","background-size":"auto","background-attachment":"scroll","background-type":"","background-media":"","overlay-type":"","overlay-color":"","overlay-opacity":"","overlay-gradient":""},"mobile":{"background-color":"var(--ast-global-color-4)","background-image":"","background-repeat":"repeat","background-position":"center center","background-size":"auto","background-attachment":"scroll","background-type":"","background-media":"","overlay-type":"","overlay-color":"","overlay-opacity":"","overlay-gradient":""}}},"product_brand":[],"product_cat":[1114,1115],"product_tag":[1116],"class_list":{"0":"post-10733","1":"product","2":"type-product","3":"status-publish","4":"has-post-thumbnail","6":"product_cat-moteur-a-courant-continu-sans-balais","7":"product_cat-moteur-sans-balais-a-coupelle-creuse","8":"product_tag-instruments-medicaux-moteur-cc-sans-balais","9":"pa_application-sante-sportive","10":"desktop-align-left","11":"tablet-align-left","12":"mobile-align-left","14":"first","15":"instock","16":"shipping-taxable","17":"product-type-simple"},"yoast_head":"<!-- This site is optimized with the Yoast SEO plugin v27.2 - https:\/\/yoast.com\/product\/yoast-seo-wordpress\/ -->\n<title>4Moteur \u00e0 courant continu sans balais \u00e0 coupelle creuse s\u00e9rie 42 &#8211; Leili Motor<\/title>\n<meta name=\"description\" content=\"Le moteur \u00e0 courant continu sans balais \u00e0 coupelle creuse de la s\u00e9rie 42 offre un rendement \u00e9lev\u00e9 (jusqu&#039;\u00e0 87,9 %), un couple nominal jusqu&#039;\u00e0 180 mN\u00b7m et des vitesses atteignant 13 800 tr\/min.\" \/>\n<meta name=\"robots\" content=\"index, follow, max-snippet:-1, max-image-preview:large, max-video-preview:-1\" \/>\n<link rel=\"canonical\" href=\"https:\/\/www.leili-motor.net\/fr\/moteur-a-courant-continu-sans-balais-a-coupelle-creuse-serie-42.html\" \/>\n<meta name=\"twitter:label1\" content=\"Dur\u00e9e de lecture estim\u00e9e\" \/>\n\t<meta name=\"twitter:data1\" content=\"1 minute\" \/>\n<script type=\"application\/ld+json\" class=\"yoast-schema-graph\">{\"@context\":\"https:\/\/schema.org\",\"@graph\":[{\"@type\":\"WebPage\",\"@id\":\"https:\/\/www.leili-motor.net\/fr\/moteur-a-courant-continu-sans-balais-a-coupelle-creuse-serie-42.html\",\"url\":\"https:\/\/www.leili-motor.net\/fr\/moteur-a-courant-continu-sans-balais-a-coupelle-creuse-serie-42.html\",\"name\":\"4Moteur \u00e0 courant continu sans balais \u00e0 coupelle creuse s\u00e9rie 42 &#8211; Leili Motor\",\"isPartOf\":{\"@id\":\"https:\/\/www.leili-motor.net\/fr\/#website\"},\"primaryImageOfPage\":{\"@id\":\"https:\/\/www.leili-motor.net\/fr\/moteur-a-courant-continu-sans-balais-a-coupelle-creuse-serie-42.html#primaryimage\"},\"image\":{\"@id\":\"https:\/\/www.leili-motor.net\/fr\/moteur-a-courant-continu-sans-balais-a-coupelle-creuse-serie-42.html#primaryimage\"},\"thumbnailUrl\":\"https:\/\/www.leili-motor.net\/wp-content\/uploads\/2025\/03\/42-Series-Hollow-Cup-Brushless-DC-Motor.webp\",\"datePublished\":\"2025-03-17T03:45:37+00:00\",\"description\":\"Le moteur \u00e0 courant continu sans balais \u00e0 coupelle creuse de la s\u00e9rie 42 offre un rendement \u00e9lev\u00e9 (jusqu'\u00e0 87,9 %), un couple nominal jusqu'\u00e0 180 mN\u00b7m et des vitesses atteignant 13 800 tr\/min.\",\"breadcrumb\":{\"@id\":\"https:\/\/www.leili-motor.net\/fr\/moteur-a-courant-continu-sans-balais-a-coupelle-creuse-serie-42.html#breadcrumb\"},\"inLanguage\":\"fr-FR\",\"potentialAction\":[{\"@type\":\"ReadAction\",\"target\":[\"https:\/\/www.leili-motor.net\/fr\/moteur-a-courant-continu-sans-balais-a-coupelle-creuse-serie-42.html\"]}]},{\"@type\":\"ImageObject\",\"inLanguage\":\"fr-FR\",\"@id\":\"https:\/\/www.leili-motor.net\/fr\/moteur-a-courant-continu-sans-balais-a-coupelle-creuse-serie-42.html#primaryimage\",\"url\":\"https:\/\/www.leili-motor.net\/wp-content\/uploads\/2025\/03\/42-Series-Hollow-Cup-Brushless-DC-Motor.webp\",\"contentUrl\":\"https:\/\/www.leili-motor.net\/wp-content\/uploads\/2025\/03\/42-Series-Hollow-Cup-Brushless-DC-Motor.webp\",\"width\":454,\"height\":310,\"caption\":\"Moteur \u00e0 courant continu sans balais \u00e0 coupelle creuse s\u00e9rie 42\"},{\"@type\":\"BreadcrumbList\",\"@id\":\"https:\/\/www.leili-motor.net\/fr\/moteur-a-courant-continu-sans-balais-a-coupelle-creuse-serie-42.html#breadcrumb\",\"itemListElement\":[{\"@type\":\"ListItem\",\"position\":1,\"name\":\"Home\",\"item\":\"https:\/\/www.leili-motor.net\/fr\/\"},{\"@type\":\"ListItem\",\"position\":2,\"name\":\"Produits\",\"item\":\"https:\/\/www.leili-motor.net\/fr\/produits\/\"},{\"@type\":\"ListItem\",\"position\":3,\"name\":\"Moteur \u00e0 Courant Continu Sans Balais \u00e0 Coupelle Creuse S\u00e9rie 42\"}]},{\"@type\":\"WebSite\",\"@id\":\"https:\/\/www.leili-motor.net\/fr\/#website\",\"url\":\"https:\/\/www.leili-motor.net\/fr\/\",\"name\":\"Leili Motor\",\"description\":\"\",\"publisher\":{\"@id\":\"https:\/\/www.leili-motor.net\/fr\/#organization\"},\"potentialAction\":[{\"@type\":\"SearchAction\",\"target\":{\"@type\":\"EntryPoint\",\"urlTemplate\":\"https:\/\/www.leili-motor.net\/fr\/?s={search_term_string}\"},\"query-input\":{\"@type\":\"PropertyValueSpecification\",\"valueRequired\":true,\"valueName\":\"search_term_string\"}}],\"inLanguage\":\"fr-FR\"},{\"@type\":\"Organization\",\"@id\":\"https:\/\/www.leili-motor.net\/fr\/#organization\",\"name\":\"Leili Motor\",\"url\":\"https:\/\/www.leili-motor.net\/fr\/\",\"logo\":{\"@type\":\"ImageObject\",\"inLanguage\":\"fr-FR\",\"@id\":\"https:\/\/www.leili-motor.net\/fr\/#\/schema\/logo\/image\/\",\"url\":\"https:\/\/www.leili-motor.net\/wp-content\/uploads\/2025\/03\/Leili-Motor.png\",\"contentUrl\":\"https:\/\/www.leili-motor.net\/wp-content\/uploads\/2025\/03\/Leili-Motor.png\",\"width\":600,\"height\":156,\"caption\":\"Leili Motor\"},\"image\":{\"@id\":\"https:\/\/www.leili-motor.net\/fr\/#\/schema\/logo\/image\/\"}}]}<\/script>\n<!-- \/ Yoast SEO plugin. -->","yoast_head_json":{"title":"4Moteur \u00e0 courant continu sans balais \u00e0 coupelle creuse s\u00e9rie 42 &#8211; Leili Motor","description":"Le moteur \u00e0 courant continu sans balais \u00e0 coupelle creuse de la s\u00e9rie 42 offre un rendement \u00e9lev\u00e9 (jusqu'\u00e0 87,9 %), un couple nominal jusqu'\u00e0 180 mN\u00b7m et des vitesses atteignant 13 800 tr\/min.","robots":{"index":"index","follow":"follow","max-snippet":"max-snippet:-1","max-image-preview":"max-image-preview:large","max-video-preview":"max-video-preview:-1"},"canonical":"https:\/\/www.leili-motor.net\/fr\/moteur-a-courant-continu-sans-balais-a-coupelle-creuse-serie-42.html","twitter_misc":{"Dur\u00e9e de lecture estim\u00e9e":"1 minute"},"schema":{"@context":"https:\/\/schema.org","@graph":[{"@type":"WebPage","@id":"https:\/\/www.leili-motor.net\/fr\/moteur-a-courant-continu-sans-balais-a-coupelle-creuse-serie-42.html","url":"https:\/\/www.leili-motor.net\/fr\/moteur-a-courant-continu-sans-balais-a-coupelle-creuse-serie-42.html","name":"4Moteur \u00e0 courant continu sans balais \u00e0 coupelle creuse s\u00e9rie 42 &#8211; Leili Motor","isPartOf":{"@id":"https:\/\/www.leili-motor.net\/fr\/#website"},"primaryImageOfPage":{"@id":"https:\/\/www.leili-motor.net\/fr\/moteur-a-courant-continu-sans-balais-a-coupelle-creuse-serie-42.html#primaryimage"},"image":{"@id":"https:\/\/www.leili-motor.net\/fr\/moteur-a-courant-continu-sans-balais-a-coupelle-creuse-serie-42.html#primaryimage"},"thumbnailUrl":"https:\/\/www.leili-motor.net\/wp-content\/uploads\/2025\/03\/42-Series-Hollow-Cup-Brushless-DC-Motor.webp","datePublished":"2025-03-17T03:45:37+00:00","description":"Le moteur \u00e0 courant continu sans balais \u00e0 coupelle creuse de la s\u00e9rie 42 offre un rendement \u00e9lev\u00e9 (jusqu'\u00e0 87,9 %), un couple nominal jusqu'\u00e0 180 mN\u00b7m et des vitesses atteignant 13 800 tr\/min.","breadcrumb":{"@id":"https:\/\/www.leili-motor.net\/fr\/moteur-a-courant-continu-sans-balais-a-coupelle-creuse-serie-42.html#breadcrumb"},"inLanguage":"fr-FR","potentialAction":[{"@type":"ReadAction","target":["https:\/\/www.leili-motor.net\/fr\/moteur-a-courant-continu-sans-balais-a-coupelle-creuse-serie-42.html"]}]},{"@type":"ImageObject","inLanguage":"fr-FR","@id":"https:\/\/www.leili-motor.net\/fr\/moteur-a-courant-continu-sans-balais-a-coupelle-creuse-serie-42.html#primaryimage","url":"https:\/\/www.leili-motor.net\/wp-content\/uploads\/2025\/03\/42-Series-Hollow-Cup-Brushless-DC-Motor.webp","contentUrl":"https:\/\/www.leili-motor.net\/wp-content\/uploads\/2025\/03\/42-Series-Hollow-Cup-Brushless-DC-Motor.webp","width":454,"height":310,"caption":"Moteur \u00e0 courant continu sans balais \u00e0 coupelle creuse s\u00e9rie 42"},{"@type":"BreadcrumbList","@id":"https:\/\/www.leili-motor.net\/fr\/moteur-a-courant-continu-sans-balais-a-coupelle-creuse-serie-42.html#breadcrumb","itemListElement":[{"@type":"ListItem","position":1,"name":"Home","item":"https:\/\/www.leili-motor.net\/fr\/"},{"@type":"ListItem","position":2,"name":"Produits","item":"https:\/\/www.leili-motor.net\/fr\/produits\/"},{"@type":"ListItem","position":3,"name":"Moteur \u00e0 Courant Continu Sans Balais \u00e0 Coupelle Creuse S\u00e9rie 42"}]},{"@type":"WebSite","@id":"https:\/\/www.leili-motor.net\/fr\/#website","url":"https:\/\/www.leili-motor.net\/fr\/","name":"Leili Motor","description":"","publisher":{"@id":"https:\/\/www.leili-motor.net\/fr\/#organization"},"potentialAction":[{"@type":"SearchAction","target":{"@type":"EntryPoint","urlTemplate":"https:\/\/www.leili-motor.net\/fr\/?s={search_term_string}"},"query-input":{"@type":"PropertyValueSpecification","valueRequired":true,"valueName":"search_term_string"}}],"inLanguage":"fr-FR"},{"@type":"Organization","@id":"https:\/\/www.leili-motor.net\/fr\/#organization","name":"Leili Motor","url":"https:\/\/www.leili-motor.net\/fr\/","logo":{"@type":"ImageObject","inLanguage":"fr-FR","@id":"https:\/\/www.leili-motor.net\/fr\/#\/schema\/logo\/image\/","url":"https:\/\/www.leili-motor.net\/wp-content\/uploads\/2025\/03\/Leili-Motor.png","contentUrl":"https:\/\/www.leili-motor.net\/wp-content\/uploads\/2025\/03\/Leili-Motor.png","width":600,"height":156,"caption":"Leili Motor"},"image":{"@id":"https:\/\/www.leili-motor.net\/fr\/#\/schema\/logo\/image\/"}}]}},"_links":{"self":[{"href":"https:\/\/www.leili-motor.net\/fr\/wp-json\/wp\/v2\/product\/10733","targetHints":{"allow":["GET"]}}],"collection":[{"href":"https:\/\/www.leili-motor.net\/fr\/wp-json\/wp\/v2\/product"}],"about":[{"href":"https:\/\/www.leili-motor.net\/fr\/wp-json\/wp\/v2\/types\/product"}],"replies":[{"embeddable":true,"href":"https:\/\/www.leili-motor.net\/fr\/wp-json\/wp\/v2\/comments?post=10733"}],"wp:featuredmedia":[{"embeddable":true,"href":"https:\/\/www.leili-motor.net\/fr\/wp-json\/wp\/v2\/media\/10734"}],"wp:attachment":[{"href":"https:\/\/www.leili-motor.net\/fr\/wp-json\/wp\/v2\/media?parent=10733"}],"wp:term":[{"taxonomy":"product_brand","embeddable":true,"href":"https:\/\/www.leili-motor.net\/fr\/wp-json\/wp\/v2\/product_brand?post=10733"},{"taxonomy":"product_cat","embeddable":true,"href":"https:\/\/www.leili-motor.net\/fr\/wp-json\/wp\/v2\/product_cat?post=10733"},{"taxonomy":"product_tag","embeddable":true,"href":"https:\/\/www.leili-motor.net\/fr\/wp-json\/wp\/v2\/product_tag?post=10733"}],"curies":[{"name":"wp","href":"https:\/\/api.w.org\/{rel}","templated":true}]}}