{"id":10740,"date":"2025-03-14T14:10:16","date_gmt":"2025-03-14T06:10:16","guid":{"rendered":"https:\/\/www.leili-motor.net\/moteur-a-courant-continu-sans-balais-a-rotor-interne-58ws\/"},"modified":"2025-03-14T14:10:16","modified_gmt":"2025-03-14T06:10:16","slug":"moteur-a-courant-continu-sans-balais-a-rotor-interne-58ws","status":"publish","type":"product","link":"https:\/\/www.leili-motor.net\/fr\/moteur-a-courant-continu-sans-balais-a-rotor-interne-58ws.html","title":{"rendered":"Moteur \u00e0 Courant Continu Sans Balais \u00e0 Rotor Interne 58WS"},"content":{"rendered":"<h2>Param\u00e8tres du produit<\/h2>\n<table>\n<tbody>\n<tr>\n<td>Type de moteur<\/td>\n<td>Tension nominale<\/td>\n<td>Fr\u00e9quence<\/td>\n<td>Puissance \u00e0 vide<\/td>\n<td>Puissance en charge<\/td>\n<td>Couple en charge<\/td>\n<td>Puissance au rotor bloqu\u00e9<\/td>\n<td>Tension de d\u00e9marrage<\/td>\n<td>Bruit<\/td>\n<td>\u00c9l\u00e9vation de temp\u00e9rature<\/td>\n<td>Classe d&rsquo;isolation<\/td>\n<\/tr>\n<tr>\n<td><\/td>\n<td>\uff08V\uff09<\/td>\n<td>(Hz)<\/td>\n<td>(W)<\/td>\n<td>(W)<\/td>\n<td>(RPM)<\/td>\n<td>(W)<\/td>\n<td>\uff08V\uff09<\/td>\n<td>(A)<\/td>\n<td>(K)<\/td>\n<td><\/td>\n<\/tr>\n<tr>\n<td>58WS-X<\/td>\n<td>115<\/td>\n<td>60<\/td>\n<td>2.2\u00b11<\/td>\n<td>4.1\u00b11<\/td>\n<td>1190\u00b1150<\/td>\n<td>4.9\u00b11<\/td>\n<td>\u226480<\/td>\n<td>\u226440<\/td>\n<td>\u226440<\/td>\n<td rowspan=\"3\">A<\/td>\n<\/tr>\n<tr>\n<td>58WS2-X<\/td>\n<td>115<\/td>\n<td>60<\/td>\n<td>1.8\u00b11<\/td>\n<td>2.6\u00b11<\/td>\n<td>940\u00b1150<\/td>\n<td>3.4\u00b11<\/td>\n<td>\u226480<\/td>\n<td>\u226440<\/td>\n<td>\u226440<\/td>\n<\/tr>\n<tr>\n<td>58WS3-X<\/td>\n<td>230<\/td>\n<td>50<\/td>\n<td>3max<\/td>\n<td>3.4max<\/td>\n<td>1090\u00b1150<\/td>\n<td>4max<\/td>\n<td>\u226480<\/td>\n<td>\u226440<\/td>\n<td>\u226440<\/td>\n<\/tr>\n<\/tbody>\n<\/table>\n<h2>Dimensions m\u00e9caniques : mm<\/h2>\n<p><img fetchpriority=\"high\" decoding=\"async\" class=\"size-full wp-image-3203 aligncenter\" src=\"https:\/\/www.leili-motor.net\/wp-content\/uploads\/2025\/03\/58WS-Inner-Rotor-Brushless-DC-Motor.webp\" alt=\"Moteur \u00e0 Courant Continu Sans Balais \u00e0 Rotor Interne 58WS\" width=\"795\" height=\"510\" srcset=\"https:\/\/www.leili-motor.net\/wp-content\/uploads\/2025\/03\/58WS-Inner-Rotor-Brushless-DC-Motor.webp 795w, https:\/\/www.leili-motor.net\/wp-content\/uploads\/2025\/03\/58WS-Inner-Rotor-Brushless-DC-Motor-300x192.webp 300w, https:\/\/www.leili-motor.net\/wp-content\/uploads\/2025\/03\/58WS-Inner-Rotor-Brushless-DC-Motor-768x493.webp 768w, https:\/\/www.leili-motor.net\/wp-content\/uploads\/2025\/03\/58WS-Inner-Rotor-Brushless-DC-Motor-600x385.webp 600w\" sizes=\"(max-width: 795px) 100vw, 795px\" \/><\/p>\n","protected":false},"excerpt":{"rendered":"<h3>Pr\u00e9sentation du produit<\/h3>\n<ul>\n<li>Moteur BLDC 58WS<\/li>\n<li>Moteurs \u00e9co\u00e9nerg\u00e9tiques avec des puissances nominales de 115 V ou 230 V, fonctionnant \u00e0 50-60 Hz avec une faible consommation d&rsquo;\u00e9nergie.<\/li>\n<li>Offre une vitesse allant jusqu&rsquo;\u00e0 1190 tr\/min, avec un faible bruit (\u2264 40 A) et une isolation de classe A pour plus de durabilit\u00e9.<\/li>\n<\/ul>\n<h3>Application du produit<\/h3>\n<ul>\n<li>Appareils \u00e9lectrom\u00e9nagers : r\u00e9frig\u00e9rateur<\/li>\n<\/ul>\n","protected":false},"featured_media":10741,"comment_status":"open","ping_status":"closed","template":"","meta":{"site-sidebar-layout":"default","site-content-layout":"","ast-site-content-layout":"default","site-content-style":"default","site-sidebar-style":"default","ast-global-header-display":"","ast-banner-title-visibility":"","ast-main-header-display":"","ast-hfb-above-header-display":"","ast-hfb-below-header-display":"","ast-hfb-mobile-header-display":"","site-post-title":"","ast-breadcrumbs-content":"","ast-featured-img":"","footer-sml-layout":"","theme-transparent-header-meta":"default","adv-header-id-meta":"","stick-header-meta":"","header-above-stick-meta":"","header-main-stick-meta":"","header-below-stick-meta":"","astra-migrate-meta-layouts":"default","ast-page-background-enabled":"default","ast-page-background-meta":{"desktop":{"background-color":"var(--ast-global-color-5)","background-image":"","background-repeat":"repeat","background-position":"center center","background-size":"auto","background-attachment":"scroll","background-type":"","background-media":"","overlay-type":"","overlay-color":"","overlay-opacity":"","overlay-gradient":""},"tablet":{"background-color":"","background-image":"","background-repeat":"repeat","background-position":"center center","background-size":"auto","background-attachment":"scroll","background-type":"","background-media":"","overlay-type":"","overlay-color":"","overlay-opacity":"","overlay-gradient":""},"mobile":{"background-color":"","background-image":"","background-repeat":"repeat","background-position":"center center","background-size":"auto","background-attachment":"scroll","background-type":"","background-media":"","overlay-type":"","overlay-color":"","overlay-opacity":"","overlay-gradient":""}},"ast-content-background-meta":{"desktop":{"background-color":"var(--ast-global-color-4)","background-image":"","background-repeat":"repeat","background-position":"center center","background-size":"auto","background-attachment":"scroll","background-type":"","background-media":"","overlay-type":"","overlay-color":"","overlay-opacity":"","overlay-gradient":""},"tablet":{"background-color":"var(--ast-global-color-4)","background-image":"","background-repeat":"repeat","background-position":"center center","background-size":"auto","background-attachment":"scroll","background-type":"","background-media":"","overlay-type":"","overlay-color":"","overlay-opacity":"","overlay-gradient":""},"mobile":{"background-color":"var(--ast-global-color-4)","background-image":"","background-repeat":"repeat","background-position":"center center","background-size":"auto","background-attachment":"scroll","background-type":"","background-media":"","overlay-type":"","overlay-color":"","overlay-opacity":"","overlay-gradient":""}}},"product_brand":[],"product_cat":[1114,1133],"product_tag":[1134],"class_list":{"0":"post-10740","1":"product","2":"type-product","3":"status-publish","4":"has-post-thumbnail","6":"product_cat-moteur-a-courant-continu-sans-balais","7":"product_cat-moteur-sans-balais-a-rotor-interne","8":"product_tag-refrigerateur-systeme-circulatoire","9":"pa_application-appareil-electromenager","10":"desktop-align-left","11":"tablet-align-left","12":"mobile-align-left","14":"first","15":"instock","16":"shipping-taxable","17":"product-type-simple"},"yoast_head":"<!-- This site is optimized with the Yoast SEO plugin v27.2 - https:\/\/yoast.com\/product\/yoast-seo-wordpress\/ -->\n<title>Moteur \u00e0 courant continu sans balais \u00e0 rotor interne 58WS &#8211; Leili Motor<\/title>\n<meta name=\"description\" content=\"Le moteur \u00e0 courant continu sans balais \u00e0 rotor interne 58WS fonctionne \u00e0 115-230 V, 50\/60 Hz, d\u00e9livrant jusqu&#039;\u00e0 1190 tr\/min, avec un faible bruit (\u2264 40 A) et une classe d&#039;isolation A.\" \/>\n<meta name=\"robots\" content=\"index, follow, max-snippet:-1, max-image-preview:large, max-video-preview:-1\" \/>\n<link rel=\"canonical\" href=\"https:\/\/www.leili-motor.net\/fr\/moteur-a-courant-continu-sans-balais-a-rotor-interne-58ws.html\" \/>\n<script type=\"application\/ld+json\" class=\"yoast-schema-graph\">{\"@context\":\"https:\/\/schema.org\",\"@graph\":[{\"@type\":\"WebPage\",\"@id\":\"https:\/\/www.leili-motor.net\/fr\/moteur-a-courant-continu-sans-balais-a-rotor-interne-58ws.html\",\"url\":\"https:\/\/www.leili-motor.net\/fr\/moteur-a-courant-continu-sans-balais-a-rotor-interne-58ws.html\",\"name\":\"Moteur \u00e0 courant continu sans balais \u00e0 rotor interne 58WS &#8211; Leili Motor\",\"isPartOf\":{\"@id\":\"https:\/\/www.leili-motor.net\/fr\/#website\"},\"primaryImageOfPage\":{\"@id\":\"https:\/\/www.leili-motor.net\/fr\/moteur-a-courant-continu-sans-balais-a-rotor-interne-58ws.html#primaryimage\"},\"image\":{\"@id\":\"https:\/\/www.leili-motor.net\/fr\/moteur-a-courant-continu-sans-balais-a-rotor-interne-58ws.html#primaryimage\"},\"thumbnailUrl\":\"https:\/\/www.leili-motor.net\/wp-content\/uploads\/2025\/03\/58WS-Inner-Rotor-Brushless-DC-Motors.webp\",\"datePublished\":\"2025-03-14T06:10:16+00:00\",\"description\":\"Le moteur \u00e0 courant continu sans balais \u00e0 rotor interne 58WS fonctionne \u00e0 115-230 V, 50\/60 Hz, d\u00e9livrant jusqu'\u00e0 1190 tr\/min, avec un faible bruit (\u2264 40 A) et une classe d'isolation A.\",\"breadcrumb\":{\"@id\":\"https:\/\/www.leili-motor.net\/fr\/moteur-a-courant-continu-sans-balais-a-rotor-interne-58ws.html#breadcrumb\"},\"inLanguage\":\"fr-FR\",\"potentialAction\":[{\"@type\":\"ReadAction\",\"target\":[\"https:\/\/www.leili-motor.net\/fr\/moteur-a-courant-continu-sans-balais-a-rotor-interne-58ws.html\"]}]},{\"@type\":\"ImageObject\",\"inLanguage\":\"fr-FR\",\"@id\":\"https:\/\/www.leili-motor.net\/fr\/moteur-a-courant-continu-sans-balais-a-rotor-interne-58ws.html#primaryimage\",\"url\":\"https:\/\/www.leili-motor.net\/wp-content\/uploads\/2025\/03\/58WS-Inner-Rotor-Brushless-DC-Motors.webp\",\"contentUrl\":\"https:\/\/www.leili-motor.net\/wp-content\/uploads\/2025\/03\/58WS-Inner-Rotor-Brushless-DC-Motors.webp\",\"width\":454,\"height\":310,\"caption\":\"Moteurs \u00e0 courant continu sans balais \u00e0 rotor interne 58WS\"},{\"@type\":\"BreadcrumbList\",\"@id\":\"https:\/\/www.leili-motor.net\/fr\/moteur-a-courant-continu-sans-balais-a-rotor-interne-58ws.html#breadcrumb\",\"itemListElement\":[{\"@type\":\"ListItem\",\"position\":1,\"name\":\"Home\",\"item\":\"https:\/\/www.leili-motor.net\/fr\/\"},{\"@type\":\"ListItem\",\"position\":2,\"name\":\"Produits\",\"item\":\"https:\/\/www.leili-motor.net\/fr\/produits\/\"},{\"@type\":\"ListItem\",\"position\":3,\"name\":\"Moteur \u00e0 Courant Continu Sans Balais \u00e0 Rotor Interne 58WS\"}]},{\"@type\":\"WebSite\",\"@id\":\"https:\/\/www.leili-motor.net\/fr\/#website\",\"url\":\"https:\/\/www.leili-motor.net\/fr\/\",\"name\":\"Leili Motor\",\"description\":\"\",\"publisher\":{\"@id\":\"https:\/\/www.leili-motor.net\/fr\/#organization\"},\"potentialAction\":[{\"@type\":\"SearchAction\",\"target\":{\"@type\":\"EntryPoint\",\"urlTemplate\":\"https:\/\/www.leili-motor.net\/fr\/?s={search_term_string}\"},\"query-input\":{\"@type\":\"PropertyValueSpecification\",\"valueRequired\":true,\"valueName\":\"search_term_string\"}}],\"inLanguage\":\"fr-FR\"},{\"@type\":\"Organization\",\"@id\":\"https:\/\/www.leili-motor.net\/fr\/#organization\",\"name\":\"Leili Motor\",\"url\":\"https:\/\/www.leili-motor.net\/fr\/\",\"logo\":{\"@type\":\"ImageObject\",\"inLanguage\":\"fr-FR\",\"@id\":\"https:\/\/www.leili-motor.net\/fr\/#\/schema\/logo\/image\/\",\"url\":\"https:\/\/www.leili-motor.net\/wp-content\/uploads\/2025\/03\/Leili-Motor.png\",\"contentUrl\":\"https:\/\/www.leili-motor.net\/wp-content\/uploads\/2025\/03\/Leili-Motor.png\",\"width\":600,\"height\":156,\"caption\":\"Leili Motor\"},\"image\":{\"@id\":\"https:\/\/www.leili-motor.net\/fr\/#\/schema\/logo\/image\/\"}}]}<\/script>\n<!-- \/ Yoast SEO plugin. -->","yoast_head_json":{"title":"Moteur \u00e0 courant continu sans balais \u00e0 rotor interne 58WS &#8211; Leili Motor","description":"Le moteur \u00e0 courant continu sans balais \u00e0 rotor interne 58WS fonctionne \u00e0 115-230 V, 50\/60 Hz, d\u00e9livrant jusqu'\u00e0 1190 tr\/min, avec un faible bruit (\u2264 40 A) et une classe d'isolation A.","robots":{"index":"index","follow":"follow","max-snippet":"max-snippet:-1","max-image-preview":"max-image-preview:large","max-video-preview":"max-video-preview:-1"},"canonical":"https:\/\/www.leili-motor.net\/fr\/moteur-a-courant-continu-sans-balais-a-rotor-interne-58ws.html","schema":{"@context":"https:\/\/schema.org","@graph":[{"@type":"WebPage","@id":"https:\/\/www.leili-motor.net\/fr\/moteur-a-courant-continu-sans-balais-a-rotor-interne-58ws.html","url":"https:\/\/www.leili-motor.net\/fr\/moteur-a-courant-continu-sans-balais-a-rotor-interne-58ws.html","name":"Moteur \u00e0 courant continu sans balais \u00e0 rotor interne 58WS &#8211; Leili Motor","isPartOf":{"@id":"https:\/\/www.leili-motor.net\/fr\/#website"},"primaryImageOfPage":{"@id":"https:\/\/www.leili-motor.net\/fr\/moteur-a-courant-continu-sans-balais-a-rotor-interne-58ws.html#primaryimage"},"image":{"@id":"https:\/\/www.leili-motor.net\/fr\/moteur-a-courant-continu-sans-balais-a-rotor-interne-58ws.html#primaryimage"},"thumbnailUrl":"https:\/\/www.leili-motor.net\/wp-content\/uploads\/2025\/03\/58WS-Inner-Rotor-Brushless-DC-Motors.webp","datePublished":"2025-03-14T06:10:16+00:00","description":"Le moteur \u00e0 courant continu sans balais \u00e0 rotor interne 58WS fonctionne \u00e0 115-230 V, 50\/60 Hz, d\u00e9livrant jusqu'\u00e0 1190 tr\/min, avec un faible bruit (\u2264 40 A) et une classe d'isolation A.","breadcrumb":{"@id":"https:\/\/www.leili-motor.net\/fr\/moteur-a-courant-continu-sans-balais-a-rotor-interne-58ws.html#breadcrumb"},"inLanguage":"fr-FR","potentialAction":[{"@type":"ReadAction","target":["https:\/\/www.leili-motor.net\/fr\/moteur-a-courant-continu-sans-balais-a-rotor-interne-58ws.html"]}]},{"@type":"ImageObject","inLanguage":"fr-FR","@id":"https:\/\/www.leili-motor.net\/fr\/moteur-a-courant-continu-sans-balais-a-rotor-interne-58ws.html#primaryimage","url":"https:\/\/www.leili-motor.net\/wp-content\/uploads\/2025\/03\/58WS-Inner-Rotor-Brushless-DC-Motors.webp","contentUrl":"https:\/\/www.leili-motor.net\/wp-content\/uploads\/2025\/03\/58WS-Inner-Rotor-Brushless-DC-Motors.webp","width":454,"height":310,"caption":"Moteurs \u00e0 courant continu sans balais \u00e0 rotor interne 58WS"},{"@type":"BreadcrumbList","@id":"https:\/\/www.leili-motor.net\/fr\/moteur-a-courant-continu-sans-balais-a-rotor-interne-58ws.html#breadcrumb","itemListElement":[{"@type":"ListItem","position":1,"name":"Home","item":"https:\/\/www.leili-motor.net\/fr\/"},{"@type":"ListItem","position":2,"name":"Produits","item":"https:\/\/www.leili-motor.net\/fr\/produits\/"},{"@type":"ListItem","position":3,"name":"Moteur \u00e0 Courant Continu Sans Balais \u00e0 Rotor Interne 58WS"}]},{"@type":"WebSite","@id":"https:\/\/www.leili-motor.net\/fr\/#website","url":"https:\/\/www.leili-motor.net\/fr\/","name":"Leili Motor","description":"","publisher":{"@id":"https:\/\/www.leili-motor.net\/fr\/#organization"},"potentialAction":[{"@type":"SearchAction","target":{"@type":"EntryPoint","urlTemplate":"https:\/\/www.leili-motor.net\/fr\/?s={search_term_string}"},"query-input":{"@type":"PropertyValueSpecification","valueRequired":true,"valueName":"search_term_string"}}],"inLanguage":"fr-FR"},{"@type":"Organization","@id":"https:\/\/www.leili-motor.net\/fr\/#organization","name":"Leili Motor","url":"https:\/\/www.leili-motor.net\/fr\/","logo":{"@type":"ImageObject","inLanguage":"fr-FR","@id":"https:\/\/www.leili-motor.net\/fr\/#\/schema\/logo\/image\/","url":"https:\/\/www.leili-motor.net\/wp-content\/uploads\/2025\/03\/Leili-Motor.png","contentUrl":"https:\/\/www.leili-motor.net\/wp-content\/uploads\/2025\/03\/Leili-Motor.png","width":600,"height":156,"caption":"Leili Motor"},"image":{"@id":"https:\/\/www.leili-motor.net\/fr\/#\/schema\/logo\/image\/"}}]}},"_links":{"self":[{"href":"https:\/\/www.leili-motor.net\/fr\/wp-json\/wp\/v2\/product\/10740","targetHints":{"allow":["GET"]}}],"collection":[{"href":"https:\/\/www.leili-motor.net\/fr\/wp-json\/wp\/v2\/product"}],"about":[{"href":"https:\/\/www.leili-motor.net\/fr\/wp-json\/wp\/v2\/types\/product"}],"replies":[{"embeddable":true,"href":"https:\/\/www.leili-motor.net\/fr\/wp-json\/wp\/v2\/comments?post=10740"}],"wp:featuredmedia":[{"embeddable":true,"href":"https:\/\/www.leili-motor.net\/fr\/wp-json\/wp\/v2\/media\/10741"}],"wp:attachment":[{"href":"https:\/\/www.leili-motor.net\/fr\/wp-json\/wp\/v2\/media?parent=10740"}],"wp:term":[{"taxonomy":"product_brand","embeddable":true,"href":"https:\/\/www.leili-motor.net\/fr\/wp-json\/wp\/v2\/product_brand?post=10740"},{"taxonomy":"product_cat","embeddable":true,"href":"https:\/\/www.leili-motor.net\/fr\/wp-json\/wp\/v2\/product_cat?post=10740"},{"taxonomy":"product_tag","embeddable":true,"href":"https:\/\/www.leili-motor.net\/fr\/wp-json\/wp\/v2\/product_tag?post=10740"}],"curies":[{"name":"wp","href":"https:\/\/api.w.org\/{rel}","templated":true}]}}