{"id":10759,"date":"2025-03-14T13:46:07","date_gmt":"2025-03-14T05:46:07","guid":{"rendered":"https:\/\/www.leili-motor.net\/moteur-a-courant-continu-sans-balais-a-rotor-interne-serie-42\/"},"modified":"2025-03-14T13:46:07","modified_gmt":"2025-03-14T05:46:07","slug":"moteur-a-courant-continu-sans-balais-a-rotor-interne-serie-42","status":"publish","type":"product","link":"https:\/\/www.leili-motor.net\/fr\/moteur-a-courant-continu-sans-balais-a-rotor-interne-serie-42.html","title":{"rendered":"Moteur \u00e0 courant continu sans balais \u00e0 rotor interne s\u00e9rie 42"},"content":{"rendered":"<h2>Param\u00e8tres du produit<\/h2>\n<table>\n<tbody>\n<tr>\n<td>Mod\u00e8le<\/td>\n<td colspan=\"2\">Tension (V)<\/td>\n<td colspan=\"2\">Pas de charge<\/td>\n<td colspan=\"4\">Charge nominale<\/td>\n<td colspan=\"2\">D\u00e9crochage<\/td>\n<\/tr>\n<tr>\n<td><\/td>\n<td>Plage de fonctionnement<\/td>\n<td>Nominal<\/td>\n<td>Vitesse (tr\/min)<\/td>\n<td>Courant (A)<\/td>\n<td>Couple (mN\u00b7m)<\/td>\n<td>Vitesse (tr\/min)<\/td>\n<td>Courant (A)<\/td>\n<td>Puissance de sortie (W)<\/td>\n<td>Couple (mN\u00b7m)<\/td>\n<td>Courant (A)<\/td>\n<\/tr>\n<tr>\n<td>4235\/1\/1<\/td>\n<td>8-26<\/td>\n<td>12<\/td>\n<td>2860<\/td>\n<td>0.21<\/td>\n<td>40.2<\/td>\n<td>2050<\/td>\n<td>1.16<\/td>\n<td>8.62<\/td>\n<td>141<\/td>\n<td>2.5<\/td>\n<\/tr>\n<tr>\n<td>4235\/2\/1<\/td>\n<td>8-26<\/td>\n<td>24<\/td>\n<td>6370<\/td>\n<td>0.3<\/td>\n<td>35<\/td>\n<td>5100<\/td>\n<td>1.17<\/td>\n<td>18.72<\/td>\n<td>175.8<\/td>\n<td>2.5<\/td>\n<\/tr>\n<tr>\n<td>4235\/3\/1<\/td>\n<td>8-26<\/td>\n<td>24<\/td>\n<td>5539<\/td>\n<td>0.25<\/td>\n<td>55<\/td>\n<td>4390<\/td>\n<td>1.41<\/td>\n<td>25.31<\/td>\n<td>264.3<\/td>\n<td>2.5<\/td>\n<\/tr>\n<tr>\n<td>4235\/4\/1<\/td>\n<td>8-26<\/td>\n<td>24<\/td>\n<td>8455<\/td>\n<td>0.33<\/td>\n<td>40<\/td>\n<td>7580<\/td>\n<td>1.64<\/td>\n<td>31.75<\/td>\n<td>386.8<\/td>\n<td>2.5<\/td>\n<\/tr>\n<\/tbody>\n<\/table>\n<h2>Dimensions m\u00e9caniques : mm<\/h2>\n<table>\n<tbody>\n<tr>\n<td>Num\u00e9ro de s\u00e9rie de la broche<\/td>\n<td colspan=\"2\">D\u00e9finition de la broche<\/td>\n<td>Caract\u00e9risation<\/td>\n<\/tr>\n<tr>\n<td>1<\/td>\n<td>VCC<\/td>\n<td>TENSION D&rsquo;ALIMENTATION<\/td>\n<td>8-26V<\/td>\n<\/tr>\n<tr>\n<td rowspan=\"4\">2<\/td>\n<td rowspan=\"4\">FG<\/td>\n<td>VOH<\/td>\n<td>2,5-5,0V<\/td>\n<\/tr>\n<tr>\n<td>VOL<\/td>\n<td>0,5 Max<\/td>\n<\/tr>\n<tr>\n<td>COURANT FG<\/td>\n<td>3mA<\/td>\n<\/tr>\n<tr>\n<td>QUANTIT\u00c9 D&rsquo;IMPULSIONS FG<\/td>\n<td>18 impulsions\/tour<\/td>\n<\/tr>\n<tr>\n<td rowspan=\"3\">3<\/td>\n<td rowspan=\"3\">CW\/CCW<\/td>\n<td>TENSION D&rsquo;ENTR\u00c9E<\/td>\n<td>0-5,0V<\/td>\n<\/tr>\n<tr>\n<td>VIH<\/td>\n<td>MIN 2,5V<\/td>\n<\/tr>\n<tr>\n<td>VIL<\/td>\n<td>MAX 0,6V<\/td>\n<\/tr>\n<tr>\n<td rowspan=\"4\">4<\/td>\n<td rowspan=\"4\">PWM<\/td>\n<td>TENSION D&rsquo;ENTR\u00c9E<\/td>\n<td>0-5,0V<\/td>\n<\/tr>\n<tr>\n<td>VIH<\/td>\n<td>MIN 2,5V<\/td>\n<\/tr>\n<tr>\n<td>VIL<\/td>\n<td>MAX 0,6V<\/td>\n<\/tr>\n<tr>\n<td>FR\u00c9QUENCE PWM<\/td>\n<td>50Hz,10kHz-20kHz<\/td>\n<\/tr>\n<tr>\n<td>5<\/td>\n<td>GND<\/td>\n<td>MASSE<\/td>\n<td>\u2014<\/td>\n<\/tr>\n<tr>\n<td rowspan=\"3\">6<\/td>\n<td rowspan=\"3\">BRA<\/td>\n<td>TENSION D&rsquo;ENTR\u00c9E<\/td>\n<td>0-5,0V<\/td>\n<\/tr>\n<tr>\n<td>VIH<\/td>\n<td>MIN 2,5V<\/td>\n<\/tr>\n<tr>\n<td>VIL<\/td>\n<td>MAX 0,6V<\/td>\n<\/tr>\n<\/tbody>\n<\/table>\n<p><img fetchpriority=\"high\" decoding=\"async\" class=\"size-full wp-image-3130 aligncenter\" src=\"https:\/\/www.leili-motor.net\/wp-content\/uploads\/2025\/03\/42-Series-Inner-Rotor-Brushless-DC-Motor-Dimensions.webp\" alt=\"Dimensions du moteur \u00e0 courant continu sans balais \u00e0 rotor interne s\u00e9rie 42\" width=\"689\" height=\"843\" srcset=\"https:\/\/www.leili-motor.net\/wp-content\/uploads\/2025\/03\/42-Series-Inner-Rotor-Brushless-DC-Motor-Dimensions.webp 689w, https:\/\/www.leili-motor.net\/wp-content\/uploads\/2025\/03\/42-Series-Inner-Rotor-Brushless-DC-Motor-Dimensions-245x300.webp 245w, https:\/\/www.leili-motor.net\/wp-content\/uploads\/2025\/03\/42-Series-Inner-Rotor-Brushless-DC-Motor-Dimensions-600x734.webp 600w\" sizes=\"(max-width: 689px) 100vw, 689px\" \/><\/p>\n","protected":false},"excerpt":{"rendered":"<h3>Pr\u00e9sentation du produit<\/h3>\n<ul>\n<li>Offre une polyvalence pour une multitude de syst\u00e8mes et d&rsquo;applications en fonctionnant dans la plage de tension de 8 V \u00e0 26 V.<\/li>\n<li>Fournit un couple \u00e9lev\u00e9 jusqu&rsquo;\u00e0 386,8 mN\u00b7m avec des performances efficaces dans de multiples conditions de charge et de vitesse.<\/li>\n<li>Les mod\u00e8les disponibles offrent des vitesses de 2 050 tr\/min \u00e0 8 455 tr\/min, offrant une adaptabilit\u00e9 \u00e0 divers besoins de performances.<\/li>\n<\/ul>\n<h3>Application du produit<\/h3>\n<ul>\n<li>Vanne \u00e9lectrique<\/li>\n<li>Pompe \u00e0 air<\/li>\n<li>Pompe \u00e0 eau<\/li>\n<li>Pompe \u00e0 vide<\/li>\n<\/ul>\n","protected":false},"featured_media":10760,"comment_status":"open","ping_status":"closed","template":"","meta":{"site-sidebar-layout":"default","site-content-layout":"","ast-site-content-layout":"default","site-content-style":"default","site-sidebar-style":"default","ast-global-header-display":"","ast-banner-title-visibility":"","ast-main-header-display":"","ast-hfb-above-header-display":"","ast-hfb-below-header-display":"","ast-hfb-mobile-header-display":"","site-post-title":"","ast-breadcrumbs-content":"","ast-featured-img":"","footer-sml-layout":"","theme-transparent-header-meta":"default","adv-header-id-meta":"","stick-header-meta":"","header-above-stick-meta":"","header-main-stick-meta":"","header-below-stick-meta":"","astra-migrate-meta-layouts":"default","ast-page-background-enabled":"default","ast-page-background-meta":{"desktop":{"background-color":"var(--ast-global-color-5)","background-image":"","background-repeat":"repeat","background-position":"center center","background-size":"auto","background-attachment":"scroll","background-type":"","background-media":"","overlay-type":"","overlay-color":"","overlay-opacity":"","overlay-gradient":""},"tablet":{"background-color":"","background-image":"","background-repeat":"repeat","background-position":"center center","background-size":"auto","background-attachment":"scroll","background-type":"","background-media":"","overlay-type":"","overlay-color":"","overlay-opacity":"","overlay-gradient":""},"mobile":{"background-color":"","background-image":"","background-repeat":"repeat","background-position":"center center","background-size":"auto","background-attachment":"scroll","background-type":"","background-media":"","overlay-type":"","overlay-color":"","overlay-opacity":"","overlay-gradient":""}},"ast-content-background-meta":{"desktop":{"background-color":"var(--ast-global-color-4)","background-image":"","background-repeat":"repeat","background-position":"center center","background-size":"auto","background-attachment":"scroll","background-type":"","background-media":"","overlay-type":"","overlay-color":"","overlay-opacity":"","overlay-gradient":""},"tablet":{"background-color":"var(--ast-global-color-4)","background-image":"","background-repeat":"repeat","background-position":"center center","background-size":"auto","background-attachment":"scroll","background-type":"","background-media":"","overlay-type":"","overlay-color":"","overlay-opacity":"","overlay-gradient":""},"mobile":{"background-color":"var(--ast-global-color-4)","background-image":"","background-repeat":"repeat","background-position":"center center","background-size":"auto","background-attachment":"scroll","background-type":"","background-media":"","overlay-type":"","overlay-color":"","overlay-opacity":"","overlay-gradient":""}}},"product_brand":[],"product_cat":[1114,1133],"product_tag":[1139],"class_list":{"0":"post-10759","1":"product","2":"type-product","3":"status-publish","4":"has-post-thumbnail","6":"product_cat-moteur-a-courant-continu-sans-balais","7":"product_cat-moteur-sans-balais-a-rotor-interne","8":"product_tag-appareils-electromenagers-autres-moteur-cc-sans-balais","9":"pa_application-appareil-electromenager","10":"desktop-align-left","11":"tablet-align-left","12":"mobile-align-left","14":"first","15":"instock","16":"shipping-taxable","17":"product-type-simple"},"yoast_head":"<!-- This site is optimized with the Yoast SEO plugin v27.2 - https:\/\/yoast.com\/product\/yoast-seo-wordpress\/ -->\n<title>Moteur \u00e0 courant continu sans balais \u00e0 rotor interne s\u00e9rie 42 &#8211; Leili Motor<\/title>\n<meta name=\"description\" content=\"Notre moteur \u00e0 courant continu sans balais \u00e0 rotor interne de la s\u00e9rie 42 fonctionne de 8 V \u00e0 26 V, fournissant jusqu&#039;\u00e0 386,8 mN\u00b7m de couple et des vitesses variables.\" \/>\n<meta name=\"robots\" content=\"index, follow, max-snippet:-1, max-image-preview:large, max-video-preview:-1\" \/>\n<link rel=\"canonical\" href=\"https:\/\/www.leili-motor.net\/fr\/moteur-a-courant-continu-sans-balais-a-rotor-interne-serie-42.html\" \/>\n<meta name=\"twitter:label1\" content=\"Dur\u00e9e de lecture estim\u00e9e\" \/>\n\t<meta name=\"twitter:data1\" content=\"1 minute\" \/>\n<script type=\"application\/ld+json\" class=\"yoast-schema-graph\">{\"@context\":\"https:\/\/schema.org\",\"@graph\":[{\"@type\":\"WebPage\",\"@id\":\"https:\/\/www.leili-motor.net\/fr\/moteur-a-courant-continu-sans-balais-a-rotor-interne-serie-42.html\",\"url\":\"https:\/\/www.leili-motor.net\/fr\/moteur-a-courant-continu-sans-balais-a-rotor-interne-serie-42.html\",\"name\":\"Moteur \u00e0 courant continu sans balais \u00e0 rotor interne s\u00e9rie 42 &#8211; Leili Motor\",\"isPartOf\":{\"@id\":\"https:\/\/www.leili-motor.net\/fr\/#website\"},\"primaryImageOfPage\":{\"@id\":\"https:\/\/www.leili-motor.net\/fr\/moteur-a-courant-continu-sans-balais-a-rotor-interne-serie-42.html#primaryimage\"},\"image\":{\"@id\":\"https:\/\/www.leili-motor.net\/fr\/moteur-a-courant-continu-sans-balais-a-rotor-interne-serie-42.html#primaryimage\"},\"thumbnailUrl\":\"https:\/\/www.leili-motor.net\/wp-content\/uploads\/2025\/03\/42-Series-Inner-Rotor-Brushless-DC-Motor.jpg\",\"datePublished\":\"2025-03-14T05:46:07+00:00\",\"description\":\"Notre moteur \u00e0 courant continu sans balais \u00e0 rotor interne de la s\u00e9rie 42 fonctionne de 8 V \u00e0 26 V, fournissant jusqu'\u00e0 386,8 mN\u00b7m de couple et des vitesses variables.\",\"breadcrumb\":{\"@id\":\"https:\/\/www.leili-motor.net\/fr\/moteur-a-courant-continu-sans-balais-a-rotor-interne-serie-42.html#breadcrumb\"},\"inLanguage\":\"fr-FR\",\"potentialAction\":[{\"@type\":\"ReadAction\",\"target\":[\"https:\/\/www.leili-motor.net\/fr\/moteur-a-courant-continu-sans-balais-a-rotor-interne-serie-42.html\"]}]},{\"@type\":\"ImageObject\",\"inLanguage\":\"fr-FR\",\"@id\":\"https:\/\/www.leili-motor.net\/fr\/moteur-a-courant-continu-sans-balais-a-rotor-interne-serie-42.html#primaryimage\",\"url\":\"https:\/\/www.leili-motor.net\/wp-content\/uploads\/2025\/03\/42-Series-Inner-Rotor-Brushless-DC-Motor.jpg\",\"contentUrl\":\"https:\/\/www.leili-motor.net\/wp-content\/uploads\/2025\/03\/42-Series-Inner-Rotor-Brushless-DC-Motor.jpg\",\"width\":454,\"height\":310,\"caption\":\"Moteur \u00e0 courant continu sans balais \u00e0 rotor interne s\u00e9rie 42\"},{\"@type\":\"BreadcrumbList\",\"@id\":\"https:\/\/www.leili-motor.net\/fr\/moteur-a-courant-continu-sans-balais-a-rotor-interne-serie-42.html#breadcrumb\",\"itemListElement\":[{\"@type\":\"ListItem\",\"position\":1,\"name\":\"Home\",\"item\":\"https:\/\/www.leili-motor.net\/fr\/\"},{\"@type\":\"ListItem\",\"position\":2,\"name\":\"Produits\",\"item\":\"https:\/\/www.leili-motor.net\/fr\/produits\/\"},{\"@type\":\"ListItem\",\"position\":3,\"name\":\"Moteur \u00e0 courant continu sans balais \u00e0 rotor interne s\u00e9rie 42\"}]},{\"@type\":\"WebSite\",\"@id\":\"https:\/\/www.leili-motor.net\/fr\/#website\",\"url\":\"https:\/\/www.leili-motor.net\/fr\/\",\"name\":\"Leili Motor\",\"description\":\"\",\"publisher\":{\"@id\":\"https:\/\/www.leili-motor.net\/fr\/#organization\"},\"potentialAction\":[{\"@type\":\"SearchAction\",\"target\":{\"@type\":\"EntryPoint\",\"urlTemplate\":\"https:\/\/www.leili-motor.net\/fr\/?s={search_term_string}\"},\"query-input\":{\"@type\":\"PropertyValueSpecification\",\"valueRequired\":true,\"valueName\":\"search_term_string\"}}],\"inLanguage\":\"fr-FR\"},{\"@type\":\"Organization\",\"@id\":\"https:\/\/www.leili-motor.net\/fr\/#organization\",\"name\":\"Leili Motor\",\"url\":\"https:\/\/www.leili-motor.net\/fr\/\",\"logo\":{\"@type\":\"ImageObject\",\"inLanguage\":\"fr-FR\",\"@id\":\"https:\/\/www.leili-motor.net\/fr\/#\/schema\/logo\/image\/\",\"url\":\"https:\/\/www.leili-motor.net\/wp-content\/uploads\/2025\/03\/Leili-Motor.png\",\"contentUrl\":\"https:\/\/www.leili-motor.net\/wp-content\/uploads\/2025\/03\/Leili-Motor.png\",\"width\":600,\"height\":156,\"caption\":\"Leili Motor\"},\"image\":{\"@id\":\"https:\/\/www.leili-motor.net\/fr\/#\/schema\/logo\/image\/\"}}]}<\/script>\n<!-- \/ Yoast SEO plugin. -->","yoast_head_json":{"title":"Moteur \u00e0 courant continu sans balais \u00e0 rotor interne s\u00e9rie 42 &#8211; Leili Motor","description":"Notre moteur \u00e0 courant continu sans balais \u00e0 rotor interne de la s\u00e9rie 42 fonctionne de 8 V \u00e0 26 V, fournissant jusqu'\u00e0 386,8 mN\u00b7m de couple et des vitesses variables.","robots":{"index":"index","follow":"follow","max-snippet":"max-snippet:-1","max-image-preview":"max-image-preview:large","max-video-preview":"max-video-preview:-1"},"canonical":"https:\/\/www.leili-motor.net\/fr\/moteur-a-courant-continu-sans-balais-a-rotor-interne-serie-42.html","twitter_misc":{"Dur\u00e9e de lecture estim\u00e9e":"1 minute"},"schema":{"@context":"https:\/\/schema.org","@graph":[{"@type":"WebPage","@id":"https:\/\/www.leili-motor.net\/fr\/moteur-a-courant-continu-sans-balais-a-rotor-interne-serie-42.html","url":"https:\/\/www.leili-motor.net\/fr\/moteur-a-courant-continu-sans-balais-a-rotor-interne-serie-42.html","name":"Moteur \u00e0 courant continu sans balais \u00e0 rotor interne s\u00e9rie 42 &#8211; Leili Motor","isPartOf":{"@id":"https:\/\/www.leili-motor.net\/fr\/#website"},"primaryImageOfPage":{"@id":"https:\/\/www.leili-motor.net\/fr\/moteur-a-courant-continu-sans-balais-a-rotor-interne-serie-42.html#primaryimage"},"image":{"@id":"https:\/\/www.leili-motor.net\/fr\/moteur-a-courant-continu-sans-balais-a-rotor-interne-serie-42.html#primaryimage"},"thumbnailUrl":"https:\/\/www.leili-motor.net\/wp-content\/uploads\/2025\/03\/42-Series-Inner-Rotor-Brushless-DC-Motor.jpg","datePublished":"2025-03-14T05:46:07+00:00","description":"Notre moteur \u00e0 courant continu sans balais \u00e0 rotor interne de la s\u00e9rie 42 fonctionne de 8 V \u00e0 26 V, fournissant jusqu'\u00e0 386,8 mN\u00b7m de couple et des vitesses variables.","breadcrumb":{"@id":"https:\/\/www.leili-motor.net\/fr\/moteur-a-courant-continu-sans-balais-a-rotor-interne-serie-42.html#breadcrumb"},"inLanguage":"fr-FR","potentialAction":[{"@type":"ReadAction","target":["https:\/\/www.leili-motor.net\/fr\/moteur-a-courant-continu-sans-balais-a-rotor-interne-serie-42.html"]}]},{"@type":"ImageObject","inLanguage":"fr-FR","@id":"https:\/\/www.leili-motor.net\/fr\/moteur-a-courant-continu-sans-balais-a-rotor-interne-serie-42.html#primaryimage","url":"https:\/\/www.leili-motor.net\/wp-content\/uploads\/2025\/03\/42-Series-Inner-Rotor-Brushless-DC-Motor.jpg","contentUrl":"https:\/\/www.leili-motor.net\/wp-content\/uploads\/2025\/03\/42-Series-Inner-Rotor-Brushless-DC-Motor.jpg","width":454,"height":310,"caption":"Moteur \u00e0 courant continu sans balais \u00e0 rotor interne s\u00e9rie 42"},{"@type":"BreadcrumbList","@id":"https:\/\/www.leili-motor.net\/fr\/moteur-a-courant-continu-sans-balais-a-rotor-interne-serie-42.html#breadcrumb","itemListElement":[{"@type":"ListItem","position":1,"name":"Home","item":"https:\/\/www.leili-motor.net\/fr\/"},{"@type":"ListItem","position":2,"name":"Produits","item":"https:\/\/www.leili-motor.net\/fr\/produits\/"},{"@type":"ListItem","position":3,"name":"Moteur \u00e0 courant continu sans balais \u00e0 rotor interne s\u00e9rie 42"}]},{"@type":"WebSite","@id":"https:\/\/www.leili-motor.net\/fr\/#website","url":"https:\/\/www.leili-motor.net\/fr\/","name":"Leili Motor","description":"","publisher":{"@id":"https:\/\/www.leili-motor.net\/fr\/#organization"},"potentialAction":[{"@type":"SearchAction","target":{"@type":"EntryPoint","urlTemplate":"https:\/\/www.leili-motor.net\/fr\/?s={search_term_string}"},"query-input":{"@type":"PropertyValueSpecification","valueRequired":true,"valueName":"search_term_string"}}],"inLanguage":"fr-FR"},{"@type":"Organization","@id":"https:\/\/www.leili-motor.net\/fr\/#organization","name":"Leili Motor","url":"https:\/\/www.leili-motor.net\/fr\/","logo":{"@type":"ImageObject","inLanguage":"fr-FR","@id":"https:\/\/www.leili-motor.net\/fr\/#\/schema\/logo\/image\/","url":"https:\/\/www.leili-motor.net\/wp-content\/uploads\/2025\/03\/Leili-Motor.png","contentUrl":"https:\/\/www.leili-motor.net\/wp-content\/uploads\/2025\/03\/Leili-Motor.png","width":600,"height":156,"caption":"Leili Motor"},"image":{"@id":"https:\/\/www.leili-motor.net\/fr\/#\/schema\/logo\/image\/"}}]}},"_links":{"self":[{"href":"https:\/\/www.leili-motor.net\/fr\/wp-json\/wp\/v2\/product\/10759","targetHints":{"allow":["GET"]}}],"collection":[{"href":"https:\/\/www.leili-motor.net\/fr\/wp-json\/wp\/v2\/product"}],"about":[{"href":"https:\/\/www.leili-motor.net\/fr\/wp-json\/wp\/v2\/types\/product"}],"replies":[{"embeddable":true,"href":"https:\/\/www.leili-motor.net\/fr\/wp-json\/wp\/v2\/comments?post=10759"}],"wp:featuredmedia":[{"embeddable":true,"href":"https:\/\/www.leili-motor.net\/fr\/wp-json\/wp\/v2\/media\/10760"}],"wp:attachment":[{"href":"https:\/\/www.leili-motor.net\/fr\/wp-json\/wp\/v2\/media?parent=10759"}],"wp:term":[{"taxonomy":"product_brand","embeddable":true,"href":"https:\/\/www.leili-motor.net\/fr\/wp-json\/wp\/v2\/product_brand?post=10759"},{"taxonomy":"product_cat","embeddable":true,"href":"https:\/\/www.leili-motor.net\/fr\/wp-json\/wp\/v2\/product_cat?post=10759"},{"taxonomy":"product_tag","embeddable":true,"href":"https:\/\/www.leili-motor.net\/fr\/wp-json\/wp\/v2\/product_tag?post=10759"}],"curies":[{"name":"wp","href":"https:\/\/api.w.org\/{rel}","templated":true}]}}