{"id":10794,"date":"2025-03-14T13:14:29","date_gmt":"2025-03-14T05:14:29","guid":{"rendered":"https:\/\/www.leili-motor.net\/rouleau-electrique-a-moteur-a-courant-continu-sans-balais-a-rotor-interieur\/"},"modified":"2025-03-14T13:14:29","modified_gmt":"2025-03-14T05:14:29","slug":"rouleau-electrique-a-moteur-a-courant-continu-sans-balais-a-rotor-interieur","status":"publish","type":"product","link":"https:\/\/www.leili-motor.net\/fr\/rouleau-electrique-a-moteur-a-courant-continu-sans-balais-a-rotor-interieur.html","title":{"rendered":"Rouleau \u00c9lectrique \u00c0 Moteur \u00c0 Courant Continu Sans Balais \u00c0 Rotor Int\u00e9rieur"},"content":{"rendered":"<h2>Param\u00e8tres du produit<\/h2>\n<table>\n<tbody>\n<tr>\n<td>Type de moteur<\/td>\n<td>Num\u00e9ro de phase<\/td>\n<td>Nombre de p\u00f4les<\/td>\n<td>Tension nominale (VCC)<\/td>\n<td>Vitesse nominale (tr\/min)<\/td>\n<td>Couple nominal (N\u00b7m)<\/td>\n<td>Couple maximal<\/td>\n<td>Coefficient de force contre-\u00e9lectromotrice<\/td>\n<td>Classe d&rsquo;isolation<\/td>\n<td>Moment d&rsquo;inertie<br \/>\n(kg\u00b7cm)<\/td>\n<\/tr>\n<tr>\n<td>DDGT4401<\/td>\n<td>3<\/td>\n<td>4<\/td>\n<td>24<\/td>\n<td>1500<\/td>\n<td>0.14<\/td>\n<td>20<\/td>\n<td>2<\/td>\n<td>E<\/td>\n<td>45<\/td>\n<\/tr>\n<tr>\n<td>DDGT4402<\/td>\n<td>3<\/td>\n<td>4<\/td>\n<td>24<\/td>\n<td>5000<\/td>\n<td>0.04<\/td>\n<td>20<\/td>\n<td>5.5<\/td>\n<td>E<\/td>\n<td>45<\/td>\n<\/tr>\n<tr>\n<td>DDGT4403<\/td>\n<td>3<\/td>\n<td>4<\/td>\n<td>24<\/td>\n<td>2400<\/td>\n<td>0.12<\/td>\n<td>28<\/td>\n<td>3<\/td>\n<td>E<\/td>\n<td>45<\/td>\n<\/tr>\n<tr>\n<td>DDGT4404<\/td>\n<td>3<\/td>\n<td>4<\/td>\n<td>24<\/td>\n<td>5000<\/td>\n<td>0.06<\/td>\n<td>28<\/td>\n<td>6<\/td>\n<td>E<\/td>\n<td>45<\/td>\n<\/tr>\n<\/tbody>\n<\/table>\n<h2>Dimensions m\u00e9caniques : mm<\/h2>\n<p><img fetchpriority=\"high\" decoding=\"async\" class=\"size-full wp-image-3075 aligncenter\" src=\"https:\/\/www.leili-motor.net\/wp-content\/uploads\/2025\/03\/Brushless-DC-Motor-Electric-Roller-Dimensions.webp\" alt=\"Dimensions du rouleau \u00e9lectrique \u00e0 moteur CC sans balais\" width=\"759\" height=\"512\" srcset=\"https:\/\/www.leili-motor.net\/wp-content\/uploads\/2025\/03\/Brushless-DC-Motor-Electric-Roller-Dimensions.webp 759w, https:\/\/www.leili-motor.net\/wp-content\/uploads\/2025\/03\/Brushless-DC-Motor-Electric-Roller-Dimensions-300x202.webp 300w, https:\/\/www.leili-motor.net\/wp-content\/uploads\/2025\/03\/Brushless-DC-Motor-Electric-Roller-Dimensions-600x405.webp 600w\" sizes=\"(max-width: 759px) 100vw, 759px\" \/><\/p>\n","protected":false},"excerpt":{"rendered":"<h3>Pr\u00e9sentation du produit<\/h3>\n<ul>\n<li>Rouleau \u00e9lectrique<\/li>\n<li>Servomoteurs triphas\u00e9s compacts \u00e0 4 p\u00f4les, puissance nominale 24 V CC et vitesses jusqu&rsquo;\u00e0 5 000 tr\/min.<\/li>\n<li>Couple de sortie \u00e9lev\u00e9 atteignant 28 Nm maximum, avec isolation de classe E et inertie de 45 kg\u00b7cm pour la stabilit\u00e9.<\/li>\n<\/ul>\n<h3>Application du produit<\/h3>\n<ul>\n<li>Caisse de supermarch\u00e9, \u00e9quipement d&#8217;emballage, ligne de convoyeur \u00e0 bande<\/li>\n<\/ul>\n","protected":false},"featured_media":10795,"comment_status":"open","ping_status":"closed","template":"","meta":{"site-sidebar-layout":"default","site-content-layout":"","ast-site-content-layout":"default","site-content-style":"default","site-sidebar-style":"default","ast-global-header-display":"","ast-banner-title-visibility":"","ast-main-header-display":"","ast-hfb-above-header-display":"","ast-hfb-below-header-display":"","ast-hfb-mobile-header-display":"","site-post-title":"","ast-breadcrumbs-content":"","ast-featured-img":"","footer-sml-layout":"","theme-transparent-header-meta":"default","adv-header-id-meta":"","stick-header-meta":"","header-above-stick-meta":"","header-main-stick-meta":"","header-below-stick-meta":"","astra-migrate-meta-layouts":"default","ast-page-background-enabled":"default","ast-page-background-meta":{"desktop":{"background-color":"var(--ast-global-color-5)","background-image":"","background-repeat":"repeat","background-position":"center center","background-size":"auto","background-attachment":"scroll","background-type":"","background-media":"","overlay-type":"","overlay-color":"","overlay-opacity":"","overlay-gradient":""},"tablet":{"background-color":"","background-image":"","background-repeat":"repeat","background-position":"center center","background-size":"auto","background-attachment":"scroll","background-type":"","background-media":"","overlay-type":"","overlay-color":"","overlay-opacity":"","overlay-gradient":""},"mobile":{"background-color":"","background-image":"","background-repeat":"repeat","background-position":"center center","background-size":"auto","background-attachment":"scroll","background-type":"","background-media":"","overlay-type":"","overlay-color":"","overlay-opacity":"","overlay-gradient":""}},"ast-content-background-meta":{"desktop":{"background-color":"var(--ast-global-color-4)","background-image":"","background-repeat":"repeat","background-position":"center center","background-size":"auto","background-attachment":"scroll","background-type":"","background-media":"","overlay-type":"","overlay-color":"","overlay-opacity":"","overlay-gradient":""},"tablet":{"background-color":"var(--ast-global-color-4)","background-image":"","background-repeat":"repeat","background-position":"center center","background-size":"auto","background-attachment":"scroll","background-type":"","background-media":"","overlay-type":"","overlay-color":"","overlay-opacity":"","overlay-gradient":""},"mobile":{"background-color":"var(--ast-global-color-4)","background-image":"","background-repeat":"repeat","background-position":"center center","background-size":"auto","background-attachment":"scroll","background-type":"","background-media":"","overlay-type":"","overlay-color":"","overlay-opacity":"","overlay-gradient":""}}},"product_brand":[],"product_cat":[1114,1133],"product_tag":[1140],"class_list":{"0":"post-10794","1":"product","2":"type-product","3":"status-publish","4":"has-post-thumbnail","6":"product_cat-moteur-a-courant-continu-sans-balais","7":"product_cat-moteur-sans-balais-a-rotor-interne","8":"product_tag-equipement-industriel-moteur-cc-sans-balais","9":"pa_application-industrie-fr","10":"desktop-align-left","11":"tablet-align-left","12":"mobile-align-left","14":"first","15":"instock","16":"shipping-taxable","17":"product-type-simple"},"yoast_head":"<!-- This site is optimized with the Yoast SEO plugin v27.2 - https:\/\/yoast.com\/product\/yoast-seo-wordpress\/ -->\n<title>Rouleau \u00c9lectrique \u00c0 Moteur \u00c0 Courant Continu Sans Balais \u00c0 Rotor Int\u00e9rieur &#8211; Leili Motor<\/title>\n<meta name=\"description\" content=\"Notre rouleau \u00e9lectrique \u00e0 moteur CC sans balais dispose d&#039;une alimentation 24 V CC, de vitesses nominales jusqu&#039;\u00e0 5 000 tr\/min et d&#039;un couple maximal atteignant 28 N\u00b7m, garantissant des performances efficaces.\" \/>\n<meta name=\"robots\" content=\"index, follow, max-snippet:-1, max-image-preview:large, max-video-preview:-1\" \/>\n<link rel=\"canonical\" href=\"https:\/\/www.leili-motor.net\/fr\/rouleau-electrique-a-moteur-a-courant-continu-sans-balais-a-rotor-interieur.html\" \/>\n<script type=\"application\/ld+json\" class=\"yoast-schema-graph\">{\"@context\":\"https:\/\/schema.org\",\"@graph\":[{\"@type\":\"WebPage\",\"@id\":\"https:\/\/www.leili-motor.net\/fr\/rouleau-electrique-a-moteur-a-courant-continu-sans-balais-a-rotor-interieur.html\",\"url\":\"https:\/\/www.leili-motor.net\/fr\/rouleau-electrique-a-moteur-a-courant-continu-sans-balais-a-rotor-interieur.html\",\"name\":\"Rouleau \u00c9lectrique \u00c0 Moteur \u00c0 Courant Continu Sans Balais \u00c0 Rotor Int\u00e9rieur &#8211; Leili Motor\",\"isPartOf\":{\"@id\":\"https:\/\/www.leili-motor.net\/fr\/#website\"},\"primaryImageOfPage\":{\"@id\":\"https:\/\/www.leili-motor.net\/fr\/rouleau-electrique-a-moteur-a-courant-continu-sans-balais-a-rotor-interieur.html#primaryimage\"},\"image\":{\"@id\":\"https:\/\/www.leili-motor.net\/fr\/rouleau-electrique-a-moteur-a-courant-continu-sans-balais-a-rotor-interieur.html#primaryimage\"},\"thumbnailUrl\":\"https:\/\/www.leili-motor.net\/wp-content\/uploads\/2025\/03\/Brushless-DC-Motor-Electric-Roller.webp\",\"datePublished\":\"2025-03-14T05:14:29+00:00\",\"description\":\"Notre rouleau \u00e9lectrique \u00e0 moteur CC sans balais dispose d'une alimentation 24 V CC, de vitesses nominales jusqu'\u00e0 5 000 tr\/min et d'un couple maximal atteignant 28 N\u00b7m, garantissant des performances efficaces.\",\"breadcrumb\":{\"@id\":\"https:\/\/www.leili-motor.net\/fr\/rouleau-electrique-a-moteur-a-courant-continu-sans-balais-a-rotor-interieur.html#breadcrumb\"},\"inLanguage\":\"fr-FR\",\"potentialAction\":[{\"@type\":\"ReadAction\",\"target\":[\"https:\/\/www.leili-motor.net\/fr\/rouleau-electrique-a-moteur-a-courant-continu-sans-balais-a-rotor-interieur.html\"]}]},{\"@type\":\"ImageObject\",\"inLanguage\":\"fr-FR\",\"@id\":\"https:\/\/www.leili-motor.net\/fr\/rouleau-electrique-a-moteur-a-courant-continu-sans-balais-a-rotor-interieur.html#primaryimage\",\"url\":\"https:\/\/www.leili-motor.net\/wp-content\/uploads\/2025\/03\/Brushless-DC-Motor-Electric-Roller.webp\",\"contentUrl\":\"https:\/\/www.leili-motor.net\/wp-content\/uploads\/2025\/03\/Brushless-DC-Motor-Electric-Roller.webp\",\"width\":454,\"height\":310,\"caption\":\"Rouleau \u00e9lectrique \u00e0 moteur \u00e0 courant continu sans balais\"},{\"@type\":\"BreadcrumbList\",\"@id\":\"https:\/\/www.leili-motor.net\/fr\/rouleau-electrique-a-moteur-a-courant-continu-sans-balais-a-rotor-interieur.html#breadcrumb\",\"itemListElement\":[{\"@type\":\"ListItem\",\"position\":1,\"name\":\"Home\",\"item\":\"https:\/\/www.leili-motor.net\/fr\/\"},{\"@type\":\"ListItem\",\"position\":2,\"name\":\"Produits\",\"item\":\"https:\/\/www.leili-motor.net\/fr\/produits\/\"},{\"@type\":\"ListItem\",\"position\":3,\"name\":\"Rouleau \u00c9lectrique \u00c0 Moteur \u00c0 Courant Continu Sans Balais \u00c0 Rotor Int\u00e9rieur\"}]},{\"@type\":\"WebSite\",\"@id\":\"https:\/\/www.leili-motor.net\/fr\/#website\",\"url\":\"https:\/\/www.leili-motor.net\/fr\/\",\"name\":\"Leili Motor\",\"description\":\"\",\"publisher\":{\"@id\":\"https:\/\/www.leili-motor.net\/fr\/#organization\"},\"potentialAction\":[{\"@type\":\"SearchAction\",\"target\":{\"@type\":\"EntryPoint\",\"urlTemplate\":\"https:\/\/www.leili-motor.net\/fr\/?s={search_term_string}\"},\"query-input\":{\"@type\":\"PropertyValueSpecification\",\"valueRequired\":true,\"valueName\":\"search_term_string\"}}],\"inLanguage\":\"fr-FR\"},{\"@type\":\"Organization\",\"@id\":\"https:\/\/www.leili-motor.net\/fr\/#organization\",\"name\":\"Leili Motor\",\"url\":\"https:\/\/www.leili-motor.net\/fr\/\",\"logo\":{\"@type\":\"ImageObject\",\"inLanguage\":\"fr-FR\",\"@id\":\"https:\/\/www.leili-motor.net\/fr\/#\/schema\/logo\/image\/\",\"url\":\"https:\/\/www.leili-motor.net\/wp-content\/uploads\/2025\/03\/Leili-Motor.png\",\"contentUrl\":\"https:\/\/www.leili-motor.net\/wp-content\/uploads\/2025\/03\/Leili-Motor.png\",\"width\":600,\"height\":156,\"caption\":\"Leili Motor\"},\"image\":{\"@id\":\"https:\/\/www.leili-motor.net\/fr\/#\/schema\/logo\/image\/\"}}]}<\/script>\n<!-- \/ Yoast SEO plugin. -->","yoast_head_json":{"title":"Rouleau \u00c9lectrique \u00c0 Moteur \u00c0 Courant Continu Sans Balais \u00c0 Rotor Int\u00e9rieur &#8211; Leili Motor","description":"Notre rouleau \u00e9lectrique \u00e0 moteur CC sans balais dispose d'une alimentation 24 V CC, de vitesses nominales jusqu'\u00e0 5 000 tr\/min et d'un couple maximal atteignant 28 N\u00b7m, garantissant des performances efficaces.","robots":{"index":"index","follow":"follow","max-snippet":"max-snippet:-1","max-image-preview":"max-image-preview:large","max-video-preview":"max-video-preview:-1"},"canonical":"https:\/\/www.leili-motor.net\/fr\/rouleau-electrique-a-moteur-a-courant-continu-sans-balais-a-rotor-interieur.html","schema":{"@context":"https:\/\/schema.org","@graph":[{"@type":"WebPage","@id":"https:\/\/www.leili-motor.net\/fr\/rouleau-electrique-a-moteur-a-courant-continu-sans-balais-a-rotor-interieur.html","url":"https:\/\/www.leili-motor.net\/fr\/rouleau-electrique-a-moteur-a-courant-continu-sans-balais-a-rotor-interieur.html","name":"Rouleau \u00c9lectrique \u00c0 Moteur \u00c0 Courant Continu Sans Balais \u00c0 Rotor Int\u00e9rieur &#8211; Leili Motor","isPartOf":{"@id":"https:\/\/www.leili-motor.net\/fr\/#website"},"primaryImageOfPage":{"@id":"https:\/\/www.leili-motor.net\/fr\/rouleau-electrique-a-moteur-a-courant-continu-sans-balais-a-rotor-interieur.html#primaryimage"},"image":{"@id":"https:\/\/www.leili-motor.net\/fr\/rouleau-electrique-a-moteur-a-courant-continu-sans-balais-a-rotor-interieur.html#primaryimage"},"thumbnailUrl":"https:\/\/www.leili-motor.net\/wp-content\/uploads\/2025\/03\/Brushless-DC-Motor-Electric-Roller.webp","datePublished":"2025-03-14T05:14:29+00:00","description":"Notre rouleau \u00e9lectrique \u00e0 moteur CC sans balais dispose d'une alimentation 24 V CC, de vitesses nominales jusqu'\u00e0 5 000 tr\/min et d'un couple maximal atteignant 28 N\u00b7m, garantissant des performances efficaces.","breadcrumb":{"@id":"https:\/\/www.leili-motor.net\/fr\/rouleau-electrique-a-moteur-a-courant-continu-sans-balais-a-rotor-interieur.html#breadcrumb"},"inLanguage":"fr-FR","potentialAction":[{"@type":"ReadAction","target":["https:\/\/www.leili-motor.net\/fr\/rouleau-electrique-a-moteur-a-courant-continu-sans-balais-a-rotor-interieur.html"]}]},{"@type":"ImageObject","inLanguage":"fr-FR","@id":"https:\/\/www.leili-motor.net\/fr\/rouleau-electrique-a-moteur-a-courant-continu-sans-balais-a-rotor-interieur.html#primaryimage","url":"https:\/\/www.leili-motor.net\/wp-content\/uploads\/2025\/03\/Brushless-DC-Motor-Electric-Roller.webp","contentUrl":"https:\/\/www.leili-motor.net\/wp-content\/uploads\/2025\/03\/Brushless-DC-Motor-Electric-Roller.webp","width":454,"height":310,"caption":"Rouleau \u00e9lectrique \u00e0 moteur \u00e0 courant continu sans balais"},{"@type":"BreadcrumbList","@id":"https:\/\/www.leili-motor.net\/fr\/rouleau-electrique-a-moteur-a-courant-continu-sans-balais-a-rotor-interieur.html#breadcrumb","itemListElement":[{"@type":"ListItem","position":1,"name":"Home","item":"https:\/\/www.leili-motor.net\/fr\/"},{"@type":"ListItem","position":2,"name":"Produits","item":"https:\/\/www.leili-motor.net\/fr\/produits\/"},{"@type":"ListItem","position":3,"name":"Rouleau \u00c9lectrique \u00c0 Moteur \u00c0 Courant Continu Sans Balais \u00c0 Rotor Int\u00e9rieur"}]},{"@type":"WebSite","@id":"https:\/\/www.leili-motor.net\/fr\/#website","url":"https:\/\/www.leili-motor.net\/fr\/","name":"Leili Motor","description":"","publisher":{"@id":"https:\/\/www.leili-motor.net\/fr\/#organization"},"potentialAction":[{"@type":"SearchAction","target":{"@type":"EntryPoint","urlTemplate":"https:\/\/www.leili-motor.net\/fr\/?s={search_term_string}"},"query-input":{"@type":"PropertyValueSpecification","valueRequired":true,"valueName":"search_term_string"}}],"inLanguage":"fr-FR"},{"@type":"Organization","@id":"https:\/\/www.leili-motor.net\/fr\/#organization","name":"Leili Motor","url":"https:\/\/www.leili-motor.net\/fr\/","logo":{"@type":"ImageObject","inLanguage":"fr-FR","@id":"https:\/\/www.leili-motor.net\/fr\/#\/schema\/logo\/image\/","url":"https:\/\/www.leili-motor.net\/wp-content\/uploads\/2025\/03\/Leili-Motor.png","contentUrl":"https:\/\/www.leili-motor.net\/wp-content\/uploads\/2025\/03\/Leili-Motor.png","width":600,"height":156,"caption":"Leili Motor"},"image":{"@id":"https:\/\/www.leili-motor.net\/fr\/#\/schema\/logo\/image\/"}}]}},"_links":{"self":[{"href":"https:\/\/www.leili-motor.net\/fr\/wp-json\/wp\/v2\/product\/10794","targetHints":{"allow":["GET"]}}],"collection":[{"href":"https:\/\/www.leili-motor.net\/fr\/wp-json\/wp\/v2\/product"}],"about":[{"href":"https:\/\/www.leili-motor.net\/fr\/wp-json\/wp\/v2\/types\/product"}],"replies":[{"embeddable":true,"href":"https:\/\/www.leili-motor.net\/fr\/wp-json\/wp\/v2\/comments?post=10794"}],"wp:featuredmedia":[{"embeddable":true,"href":"https:\/\/www.leili-motor.net\/fr\/wp-json\/wp\/v2\/media\/10795"}],"wp:attachment":[{"href":"https:\/\/www.leili-motor.net\/fr\/wp-json\/wp\/v2\/media?parent=10794"}],"wp:term":[{"taxonomy":"product_brand","embeddable":true,"href":"https:\/\/www.leili-motor.net\/fr\/wp-json\/wp\/v2\/product_brand?post=10794"},{"taxonomy":"product_cat","embeddable":true,"href":"https:\/\/www.leili-motor.net\/fr\/wp-json\/wp\/v2\/product_cat?post=10794"},{"taxonomy":"product_tag","embeddable":true,"href":"https:\/\/www.leili-motor.net\/fr\/wp-json\/wp\/v2\/product_tag?post=10794"}],"curies":[{"name":"wp","href":"https:\/\/api.w.org\/{rel}","templated":true}]}}