{"id":10841,"date":"2025-03-13T17:58:29","date_gmt":"2025-03-13T09:58:29","guid":{"rendered":"https:\/\/www.leili-motor.net\/moteur-lineaire-a-fer-plat-zxyb-avec-noyau\/"},"modified":"2025-03-13T17:58:29","modified_gmt":"2025-03-13T09:58:29","slug":"moteur-lineaire-a-fer-plat-zxyb-avec-noyau","status":"publish","type":"product","link":"https:\/\/www.leili-motor.net\/fr\/moteur-lineaire-a-fer-plat-zxyb-avec-noyau.html","title":{"rendered":"Moteur Lin\u00e9aire \u00c0 Fer Plat Zxyb Avec Noyau<br>"},"content":{"rendered":"<h2>Param\u00e8tres du produit<\/h2>\n<table>\n<tbody>\n<tr>\n<td>Mod\u00e8le<\/td>\n<td>ZXYB60-01<\/td>\n<td>ZXYB60-02<\/td>\n<td>ZXYB80-01<\/td>\n<td>ZXYB80-02<\/td>\n<\/tr>\n<tr>\n<td>Pouss\u00e9e maximale (N)<\/td>\n<td>285<\/td>\n<td>524<\/td>\n<td>880<\/td>\n<td>1250<\/td>\n<\/tr>\n<tr>\n<td>Pouss\u00e9e continue (N)<\/td>\n<td>70<\/td>\n<td>131<\/td>\n<td>200<\/td>\n<td>365<\/td>\n<\/tr>\n<tr>\n<td>Constante du moteur (N\/ \u221a W)<\/td>\n<td>13.8<\/td>\n<td>17.4<\/td>\n<td>28.4<\/td>\n<td>40.6<\/td>\n<\/tr>\n<tr>\n<td>Courant de cr\u00eate (A)<\/td>\n<td>9.5<\/td>\n<td>9.7<\/td>\n<td>10.1<\/td>\n<td>6.2<\/td>\n<\/tr>\n<tr>\n<td>Courant continu (A)<\/td>\n<td>2.7<\/td>\n<td>2.4<\/td>\n<td>2.2<\/td>\n<td>1.8<\/td>\n<\/tr>\n<tr>\n<td>Constante de pouss\u00e9e (N\/A)<\/td>\n<td>31.1<\/td>\n<td>54.1<\/td>\n<td>94.9<\/td>\n<td>207.8<\/td>\n<\/tr>\n<tr>\n<td>Force \u00e9lectromotrice arri\u00e8re (V\/(m\/s))<\/td>\n<td>18<\/td>\n<td>31.2<\/td>\n<td>55.1<\/td>\n<td>120<\/td>\n<\/tr>\n<tr>\n<td>R\u00e9sistance (\u03a9) \u00e0 25 \u00b0C (Ohms)<\/td>\n<td>3.4<\/td>\n<td>5.2<\/td>\n<td>7.5<\/td>\n<td>17.5<\/td>\n<\/tr>\n<tr>\n<td>Inductance (mH)<\/td>\n<td>16.7<\/td>\n<td>34.5<\/td>\n<td>38<\/td>\n<td>160<\/td>\n<\/tr>\n<tr>\n<td>Constante de temps \u00e9lectrique (ms)<\/td>\n<td>4.9<\/td>\n<td>4.7<\/td>\n<td>5.1<\/td>\n<td>9.5<\/td>\n<\/tr>\n<tr>\n<td>Temp\u00e9rature d&rsquo;enroulement (\u00b0 C)<\/td>\n<td>130<\/td>\n<td>130<\/td>\n<td>130<\/td>\n<td>130<\/td>\n<\/tr>\n<tr>\n<td>Poids du moteur (bobine) (kg)<\/td>\n<td>0.72<\/td>\n<td>1.3<\/td>\n<td>1.9<\/td>\n<td>4.3<\/td>\n<\/tr>\n<tr>\n<td>Poids de la voie (voie magn\u00e9tique) (kg\/m)<\/td>\n<td>3.6<\/td>\n<td>3.6<\/td>\n<td>6.4<\/td>\n<td>6.4<\/td>\n<\/tr>\n<tr>\n<td>Aspiration \u00e9lectromagn\u00e9tique (N)<\/td>\n<td>630<\/td>\n<td>1050<\/td>\n<td>1800<\/td>\n<td>2600<\/td>\n<\/tr>\n<tr>\n<td>Espace libre d&rsquo;installation (mm)<\/td>\n<td>0.85<\/td>\n<td>0.85<\/td>\n<td>0.9<\/td>\n<td>0.9<\/td>\n<\/tr>\n<tr>\n<td>Distance polaire (mm)<\/td>\n<td>32<\/td>\n<td>32<\/td>\n<td>32<\/td>\n<td>32<\/td>\n<\/tr>\n<tr>\n<td>Longueur standard du stator (mm)<\/td>\n<td>128<\/td>\n<td>256<\/td>\n<td>128<\/td>\n<td>256<\/td>\n<\/tr>\n<tr>\n<td>Longueur standard du stator (mm)<\/td>\n<td>1060<\/td>\n<td>1060<\/td>\n<td>1280<\/td>\n<td>1280<\/td>\n<\/tr>\n<\/tbody>\n<\/table>\n<h2>Dimensions m\u00e9caniques : mm<\/h2>\n<p><img fetchpriority=\"high\" decoding=\"async\" class=\"size-full wp-image-2893 aligncenter\" src=\"https:\/\/www.leili-motor.net\/wp-content\/uploads\/2025\/03\/Mechanical-Dimensions-for-Flat-iron-Linear-Motor-With-Core-ZXYB.webp\" alt=\"Dimensions m\u00e9caniques du moteur lin\u00e9aire \u00e0 fer plat avec noyau ZXYB\" width=\"759\" height=\"459\" srcset=\"https:\/\/www.leili-motor.net\/wp-content\/uploads\/2025\/03\/Mechanical-Dimensions-for-Flat-iron-Linear-Motor-With-Core-ZXYB.webp 759w, https:\/\/www.leili-motor.net\/wp-content\/uploads\/2025\/03\/Mechanical-Dimensions-for-Flat-iron-Linear-Motor-With-Core-ZXYB-300x181.webp 300w, https:\/\/www.leili-motor.net\/wp-content\/uploads\/2025\/03\/Mechanical-Dimensions-for-Flat-iron-Linear-Motor-With-Core-ZXYB-600x363.webp 600w\" sizes=\"(max-width: 759px) 100vw, 759px\" \/><\/p>\n","protected":false},"excerpt":{"rendered":"<h3>Pr\u00e9sentation du produit<\/h3>\n<ul>\n<li>Moteur lin\u00e9aire \u00e0 fer plat avec noyau ZXYB<\/li>\n<li>Mod\u00e8le : ZXYB60-01, ZXYB60-02, ZXYB80-01, ZXYB80-02<\/li>\n<li>Distance polaire : 32 mm, optimisant l&rsquo;espacement entre les p\u00f4les pour un fonctionnement efficace.<\/li>\n<li>Temp\u00e9rature d&rsquo;enroulement : 130 \u00b0C, indiquant une tol\u00e9rance thermique \u00e9lev\u00e9e pour une dur\u00e9e de vie prolong\u00e9e du moteur.<\/li>\n<\/ul>\n<h3>Application du produit<\/h3>\n<ul>\n<li>Sant\u00e9 sportive : dispositifs m\u00e9dicaux<\/li>\n<\/ul>\n","protected":false},"featured_media":10842,"comment_status":"open","ping_status":"closed","template":"","meta":{"site-sidebar-layout":"default","site-content-layout":"","ast-site-content-layout":"default","site-content-style":"default","site-sidebar-style":"default","ast-global-header-display":"","ast-banner-title-visibility":"","ast-main-header-display":"","ast-hfb-above-header-display":"","ast-hfb-below-header-display":"","ast-hfb-mobile-header-display":"","site-post-title":"","ast-breadcrumbs-content":"","ast-featured-img":"","footer-sml-layout":"","theme-transparent-header-meta":"default","adv-header-id-meta":"","stick-header-meta":"","header-above-stick-meta":"","header-main-stick-meta":"","header-below-stick-meta":"","astra-migrate-meta-layouts":"default","ast-page-background-enabled":"default","ast-page-background-meta":{"desktop":{"background-color":"var(--ast-global-color-5)","background-image":"","background-repeat":"repeat","background-position":"center center","background-size":"auto","background-attachment":"scroll","background-type":"","background-media":"","overlay-type":"","overlay-color":"","overlay-opacity":"","overlay-gradient":""},"tablet":{"background-color":"","background-image":"","background-repeat":"repeat","background-position":"center center","background-size":"auto","background-attachment":"scroll","background-type":"","background-media":"","overlay-type":"","overlay-color":"","overlay-opacity":"","overlay-gradient":""},"mobile":{"background-color":"","background-image":"","background-repeat":"repeat","background-position":"center center","background-size":"auto","background-attachment":"scroll","background-type":"","background-media":"","overlay-type":"","overlay-color":"","overlay-opacity":"","overlay-gradient":""}},"ast-content-background-meta":{"desktop":{"background-color":"var(--ast-global-color-4)","background-image":"","background-repeat":"repeat","background-position":"center center","background-size":"auto","background-attachment":"scroll","background-type":"","background-media":"","overlay-type":"","overlay-color":"","overlay-opacity":"","overlay-gradient":""},"tablet":{"background-color":"var(--ast-global-color-4)","background-image":"","background-repeat":"repeat","background-position":"center center","background-size":"auto","background-attachment":"scroll","background-type":"","background-media":"","overlay-type":"","overlay-color":"","overlay-opacity":"","overlay-gradient":""},"mobile":{"background-color":"var(--ast-global-color-4)","background-image":"","background-repeat":"repeat","background-position":"center center","background-size":"auto","background-attachment":"scroll","background-type":"","background-media":"","overlay-type":"","overlay-color":"","overlay-opacity":"","overlay-gradient":""}}},"product_brand":[],"product_cat":[1150,1151],"product_tag":[],"class_list":{"0":"post-10841","1":"product","2":"type-product","3":"status-publish","4":"has-post-thumbnail","6":"product_cat-composants","7":"product_cat-composants-de-sport-et-de-fitness","8":"pa_application-sante-sportive","9":"desktop-align-left","10":"tablet-align-left","11":"mobile-align-left","13":"first","14":"instock","15":"shipping-taxable","16":"product-type-simple"},"yoast_head":"<!-- This site is optimized with the Yoast SEO plugin v27.2 - https:\/\/yoast.com\/product\/yoast-seo-wordpress\/ -->\n<title>Moteur Lin\u00e9aire \u00c0 Fer Plat Zxyb Avec Noyau &#8211; Leili Motor<\/title>\n<meta name=\"description\" content=\"Le moteur lin\u00e9aire en fer plat avec stator \u00e0 noyau ZXYB a une longueur standard de 128 mm, offrant la longueur n\u00e9cessaire pour une installation correcte, avec une option de 256 mm pour des configurations sp\u00e9cifiques.\" \/>\n<meta name=\"robots\" content=\"index, follow, max-snippet:-1, max-image-preview:large, max-video-preview:-1\" \/>\n<link rel=\"canonical\" href=\"https:\/\/www.leili-motor.net\/fr\/moteur-lineaire-a-fer-plat-zxyb-avec-noyau.html\" \/>\n<meta name=\"twitter:label1\" content=\"Dur\u00e9e de lecture estim\u00e9e\" \/>\n\t<meta name=\"twitter:data1\" content=\"1 minute\" \/>\n<script type=\"application\/ld+json\" class=\"yoast-schema-graph\">{\"@context\":\"https:\/\/schema.org\",\"@graph\":[{\"@type\":\"WebPage\",\"@id\":\"https:\/\/www.leili-motor.net\/fr\/moteur-lineaire-a-fer-plat-zxyb-avec-noyau.html\",\"url\":\"https:\/\/www.leili-motor.net\/fr\/moteur-lineaire-a-fer-plat-zxyb-avec-noyau.html\",\"name\":\"Moteur Lin\u00e9aire \u00c0 Fer Plat Zxyb Avec Noyau &#8211; Leili Motor\",\"isPartOf\":{\"@id\":\"https:\/\/www.leili-motor.net\/fr\/#website\"},\"primaryImageOfPage\":{\"@id\":\"https:\/\/www.leili-motor.net\/fr\/moteur-lineaire-a-fer-plat-zxyb-avec-noyau.html#primaryimage\"},\"image\":{\"@id\":\"https:\/\/www.leili-motor.net\/fr\/moteur-lineaire-a-fer-plat-zxyb-avec-noyau.html#primaryimage\"},\"thumbnailUrl\":\"https:\/\/www.leili-motor.net\/wp-content\/uploads\/2025\/03\/Flat-iron-Linear-Motor-With-Core-ZXYB.webp\",\"datePublished\":\"2025-03-13T09:58:29+00:00\",\"description\":\"Le moteur lin\u00e9aire en fer plat avec stator \u00e0 noyau ZXYB a une longueur standard de 128 mm, offrant la longueur n\u00e9cessaire pour une installation correcte, avec une option de 256 mm pour des configurations sp\u00e9cifiques.\",\"breadcrumb\":{\"@id\":\"https:\/\/www.leili-motor.net\/fr\/moteur-lineaire-a-fer-plat-zxyb-avec-noyau.html#breadcrumb\"},\"inLanguage\":\"fr-FR\",\"potentialAction\":[{\"@type\":\"ReadAction\",\"target\":[\"https:\/\/www.leili-motor.net\/fr\/moteur-lineaire-a-fer-plat-zxyb-avec-noyau.html\"]}]},{\"@type\":\"ImageObject\",\"inLanguage\":\"fr-FR\",\"@id\":\"https:\/\/www.leili-motor.net\/fr\/moteur-lineaire-a-fer-plat-zxyb-avec-noyau.html#primaryimage\",\"url\":\"https:\/\/www.leili-motor.net\/wp-content\/uploads\/2025\/03\/Flat-iron-Linear-Motor-With-Core-ZXYB.webp\",\"contentUrl\":\"https:\/\/www.leili-motor.net\/wp-content\/uploads\/2025\/03\/Flat-iron-Linear-Motor-With-Core-ZXYB.webp\",\"width\":454,\"height\":310,\"caption\":\"Moteur lin\u00e9aire \u00e0 fer plat avec noyau ZXYB\"},{\"@type\":\"BreadcrumbList\",\"@id\":\"https:\/\/www.leili-motor.net\/fr\/moteur-lineaire-a-fer-plat-zxyb-avec-noyau.html#breadcrumb\",\"itemListElement\":[{\"@type\":\"ListItem\",\"position\":1,\"name\":\"Home\",\"item\":\"https:\/\/www.leili-motor.net\/fr\/\"},{\"@type\":\"ListItem\",\"position\":2,\"name\":\"Produits\",\"item\":\"https:\/\/www.leili-motor.net\/fr\/produits\/\"},{\"@type\":\"ListItem\",\"position\":3,\"name\":\"Moteur Lin\u00e9aire \u00c0 Fer Plat Zxyb Avec Noyau\"}]},{\"@type\":\"WebSite\",\"@id\":\"https:\/\/www.leili-motor.net\/fr\/#website\",\"url\":\"https:\/\/www.leili-motor.net\/fr\/\",\"name\":\"Leili Motor\",\"description\":\"\",\"publisher\":{\"@id\":\"https:\/\/www.leili-motor.net\/fr\/#organization\"},\"potentialAction\":[{\"@type\":\"SearchAction\",\"target\":{\"@type\":\"EntryPoint\",\"urlTemplate\":\"https:\/\/www.leili-motor.net\/fr\/?s={search_term_string}\"},\"query-input\":{\"@type\":\"PropertyValueSpecification\",\"valueRequired\":true,\"valueName\":\"search_term_string\"}}],\"inLanguage\":\"fr-FR\"},{\"@type\":\"Organization\",\"@id\":\"https:\/\/www.leili-motor.net\/fr\/#organization\",\"name\":\"Leili Motor\",\"url\":\"https:\/\/www.leili-motor.net\/fr\/\",\"logo\":{\"@type\":\"ImageObject\",\"inLanguage\":\"fr-FR\",\"@id\":\"https:\/\/www.leili-motor.net\/fr\/#\/schema\/logo\/image\/\",\"url\":\"https:\/\/www.leili-motor.net\/wp-content\/uploads\/2025\/03\/Leili-Motor.png\",\"contentUrl\":\"https:\/\/www.leili-motor.net\/wp-content\/uploads\/2025\/03\/Leili-Motor.png\",\"width\":600,\"height\":156,\"caption\":\"Leili Motor\"},\"image\":{\"@id\":\"https:\/\/www.leili-motor.net\/fr\/#\/schema\/logo\/image\/\"}}]}<\/script>\n<!-- \/ Yoast SEO plugin. -->","yoast_head_json":{"title":"Moteur Lin\u00e9aire \u00c0 Fer Plat Zxyb Avec Noyau &#8211; Leili Motor","description":"Le moteur lin\u00e9aire en fer plat avec stator \u00e0 noyau ZXYB a une longueur standard de 128 mm, offrant la longueur n\u00e9cessaire pour une installation correcte, avec une option de 256 mm pour des configurations sp\u00e9cifiques.","robots":{"index":"index","follow":"follow","max-snippet":"max-snippet:-1","max-image-preview":"max-image-preview:large","max-video-preview":"max-video-preview:-1"},"canonical":"https:\/\/www.leili-motor.net\/fr\/moteur-lineaire-a-fer-plat-zxyb-avec-noyau.html","twitter_misc":{"Dur\u00e9e de lecture estim\u00e9e":"1 minute"},"schema":{"@context":"https:\/\/schema.org","@graph":[{"@type":"WebPage","@id":"https:\/\/www.leili-motor.net\/fr\/moteur-lineaire-a-fer-plat-zxyb-avec-noyau.html","url":"https:\/\/www.leili-motor.net\/fr\/moteur-lineaire-a-fer-plat-zxyb-avec-noyau.html","name":"Moteur Lin\u00e9aire \u00c0 Fer Plat Zxyb Avec Noyau &#8211; Leili Motor","isPartOf":{"@id":"https:\/\/www.leili-motor.net\/fr\/#website"},"primaryImageOfPage":{"@id":"https:\/\/www.leili-motor.net\/fr\/moteur-lineaire-a-fer-plat-zxyb-avec-noyau.html#primaryimage"},"image":{"@id":"https:\/\/www.leili-motor.net\/fr\/moteur-lineaire-a-fer-plat-zxyb-avec-noyau.html#primaryimage"},"thumbnailUrl":"https:\/\/www.leili-motor.net\/wp-content\/uploads\/2025\/03\/Flat-iron-Linear-Motor-With-Core-ZXYB.webp","datePublished":"2025-03-13T09:58:29+00:00","description":"Le moteur lin\u00e9aire en fer plat avec stator \u00e0 noyau ZXYB a une longueur standard de 128 mm, offrant la longueur n\u00e9cessaire pour une installation correcte, avec une option de 256 mm pour des configurations sp\u00e9cifiques.","breadcrumb":{"@id":"https:\/\/www.leili-motor.net\/fr\/moteur-lineaire-a-fer-plat-zxyb-avec-noyau.html#breadcrumb"},"inLanguage":"fr-FR","potentialAction":[{"@type":"ReadAction","target":["https:\/\/www.leili-motor.net\/fr\/moteur-lineaire-a-fer-plat-zxyb-avec-noyau.html"]}]},{"@type":"ImageObject","inLanguage":"fr-FR","@id":"https:\/\/www.leili-motor.net\/fr\/moteur-lineaire-a-fer-plat-zxyb-avec-noyau.html#primaryimage","url":"https:\/\/www.leili-motor.net\/wp-content\/uploads\/2025\/03\/Flat-iron-Linear-Motor-With-Core-ZXYB.webp","contentUrl":"https:\/\/www.leili-motor.net\/wp-content\/uploads\/2025\/03\/Flat-iron-Linear-Motor-With-Core-ZXYB.webp","width":454,"height":310,"caption":"Moteur lin\u00e9aire \u00e0 fer plat avec noyau ZXYB"},{"@type":"BreadcrumbList","@id":"https:\/\/www.leili-motor.net\/fr\/moteur-lineaire-a-fer-plat-zxyb-avec-noyau.html#breadcrumb","itemListElement":[{"@type":"ListItem","position":1,"name":"Home","item":"https:\/\/www.leili-motor.net\/fr\/"},{"@type":"ListItem","position":2,"name":"Produits","item":"https:\/\/www.leili-motor.net\/fr\/produits\/"},{"@type":"ListItem","position":3,"name":"Moteur Lin\u00e9aire \u00c0 Fer Plat Zxyb Avec Noyau"}]},{"@type":"WebSite","@id":"https:\/\/www.leili-motor.net\/fr\/#website","url":"https:\/\/www.leili-motor.net\/fr\/","name":"Leili Motor","description":"","publisher":{"@id":"https:\/\/www.leili-motor.net\/fr\/#organization"},"potentialAction":[{"@type":"SearchAction","target":{"@type":"EntryPoint","urlTemplate":"https:\/\/www.leili-motor.net\/fr\/?s={search_term_string}"},"query-input":{"@type":"PropertyValueSpecification","valueRequired":true,"valueName":"search_term_string"}}],"inLanguage":"fr-FR"},{"@type":"Organization","@id":"https:\/\/www.leili-motor.net\/fr\/#organization","name":"Leili Motor","url":"https:\/\/www.leili-motor.net\/fr\/","logo":{"@type":"ImageObject","inLanguage":"fr-FR","@id":"https:\/\/www.leili-motor.net\/fr\/#\/schema\/logo\/image\/","url":"https:\/\/www.leili-motor.net\/wp-content\/uploads\/2025\/03\/Leili-Motor.png","contentUrl":"https:\/\/www.leili-motor.net\/wp-content\/uploads\/2025\/03\/Leili-Motor.png","width":600,"height":156,"caption":"Leili Motor"},"image":{"@id":"https:\/\/www.leili-motor.net\/fr\/#\/schema\/logo\/image\/"}}]}},"_links":{"self":[{"href":"https:\/\/www.leili-motor.net\/fr\/wp-json\/wp\/v2\/product\/10841","targetHints":{"allow":["GET"]}}],"collection":[{"href":"https:\/\/www.leili-motor.net\/fr\/wp-json\/wp\/v2\/product"}],"about":[{"href":"https:\/\/www.leili-motor.net\/fr\/wp-json\/wp\/v2\/types\/product"}],"replies":[{"embeddable":true,"href":"https:\/\/www.leili-motor.net\/fr\/wp-json\/wp\/v2\/comments?post=10841"}],"wp:featuredmedia":[{"embeddable":true,"href":"https:\/\/www.leili-motor.net\/fr\/wp-json\/wp\/v2\/media\/10842"}],"wp:attachment":[{"href":"https:\/\/www.leili-motor.net\/fr\/wp-json\/wp\/v2\/media?parent=10841"}],"wp:term":[{"taxonomy":"product_brand","embeddable":true,"href":"https:\/\/www.leili-motor.net\/fr\/wp-json\/wp\/v2\/product_brand?post=10841"},{"taxonomy":"product_cat","embeddable":true,"href":"https:\/\/www.leili-motor.net\/fr\/wp-json\/wp\/v2\/product_cat?post=10841"},{"taxonomy":"product_tag","embeddable":true,"href":"https:\/\/www.leili-motor.net\/fr\/wp-json\/wp\/v2\/product_tag?post=10841"}],"curies":[{"name":"wp","href":"https:\/\/api.w.org\/{rel}","templated":true}]}}