{"id":10847,"date":"2025-03-17T10:34:52","date_gmt":"2025-03-17T02:34:52","guid":{"rendered":"https:\/\/www.leili-motor.net\/moteur-a-courant-continu-sans-balais-a-rotor-exterieur-30ws\/"},"modified":"2025-03-17T10:34:52","modified_gmt":"2025-03-17T02:34:52","slug":"moteur-a-courant-continu-sans-balais-a-rotor-exterieur-30ws","status":"publish","type":"product","link":"https:\/\/www.leili-motor.net\/fr\/moteur-a-courant-continu-sans-balais-a-rotor-exterieur-30ws.html","title":{"rendered":"Moteur \u00e0 Courant Continu Sans Balais \u00e0 Rotor Ext\u00e9rieur 30WS"},"content":{"rendered":"<h2>Param\u00e8tres du produit<\/h2>\n<table>\n<tbody>\n<tr>\n<td>Tension nominale<br \/>\n(VCC)<\/td>\n<td>Courant nominal (A)<\/td>\n<td>Vitesse nominale tr\/min<\/td>\n<td>Couple nominal mN.m<\/td>\n<td>Vitesse \u00e0 vide<br \/>\ntr\/min<\/td>\n<td>Courant \u00e0 vide<br \/>\nA<\/td>\n<td>Nombre de p\u00f4les du rotor<\/td>\n<td>R\u00e9sistance d&rsquo;isolement<br \/>\nM\u03a9(CC500V)<\/td>\n<td>Tension de tenue di\u00e9lectrique<\/td>\n<\/tr>\n<tr>\n<td>14.4<\/td>\n<td>0.85<\/td>\n<td>2250<\/td>\n<td>15<\/td>\n<td>6300<\/td>\n<td>0.18<\/td>\n<td>12<\/td>\n<td>\u2265100<\/td>\n<td>AC1500V 1S \uff1c2mA<\/td>\n<\/tr>\n<\/tbody>\n<\/table>\n<h2>Dimensions m\u00e9caniques : mm<\/h2>\n<p><img fetchpriority=\"high\" decoding=\"async\" class=\"size-full wp-image-3466 aligncenter\" src=\"https:\/\/www.leili-motor.net\/wp-content\/uploads\/2025\/03\/30WS-Outer-Rotor-Brushless-DC-Motor-Dimensions.webp\" alt=\"Dimensions du moteur CC sans balais \u00e0 rotor ext\u00e9rieur 30WS\" width=\"815\" height=\"428\" srcset=\"https:\/\/www.leili-motor.net\/wp-content\/uploads\/2025\/03\/30WS-Outer-Rotor-Brushless-DC-Motor-Dimensions.webp 815w, https:\/\/www.leili-motor.net\/wp-content\/uploads\/2025\/03\/30WS-Outer-Rotor-Brushless-DC-Motor-Dimensions-300x158.webp 300w, https:\/\/www.leili-motor.net\/wp-content\/uploads\/2025\/03\/30WS-Outer-Rotor-Brushless-DC-Motor-Dimensions-768x403.webp 768w, https:\/\/www.leili-motor.net\/wp-content\/uploads\/2025\/03\/30WS-Outer-Rotor-Brushless-DC-Motor-Dimensions-600x315.webp 600w\" sizes=\"(max-width: 815px) 100vw, 815px\" \/><\/p>\n","protected":false},"excerpt":{"rendered":"<h3>Pr\u00e9sentation du produit<\/h3>\n<ul>\n<li>Tension nominale de 14,4 V CC avec un courant nominal de 0,85 A pour des performances optimales.<\/li>\n<li>Vitesse nominale de 2250 tr\/min et couple nominal de 15 mN.m pour un fonctionnement stable.<\/li>\n<li>R\u00e9sistance d&rsquo;isolement \u2265 100 M\u03a9 et tension de tenue de 1 500 V CA pour une fiabilit\u00e9 accrue.<\/li>\n<\/ul>\n<h3>Application du produit<\/h3>\n<ul>\n<li>Voiture de tourisme : calandre d&rsquo;admission active AGS<\/li>\n<\/ul>\n","protected":false},"featured_media":10848,"comment_status":"open","ping_status":"closed","template":"","meta":{"site-sidebar-layout":"default","site-content-layout":"","ast-site-content-layout":"default","site-content-style":"default","site-sidebar-style":"default","ast-global-header-display":"","ast-banner-title-visibility":"","ast-main-header-display":"","ast-hfb-above-header-display":"","ast-hfb-below-header-display":"","ast-hfb-mobile-header-display":"","site-post-title":"","ast-breadcrumbs-content":"","ast-featured-img":"","footer-sml-layout":"","theme-transparent-header-meta":"default","adv-header-id-meta":"","stick-header-meta":"","header-above-stick-meta":"","header-main-stick-meta":"","header-below-stick-meta":"","astra-migrate-meta-layouts":"default","ast-page-background-enabled":"default","ast-page-background-meta":{"desktop":{"background-color":"var(--ast-global-color-5)","background-image":"","background-repeat":"repeat","background-position":"center center","background-size":"auto","background-attachment":"scroll","background-type":"","background-media":"","overlay-type":"","overlay-color":"","overlay-opacity":"","overlay-gradient":""},"tablet":{"background-color":"","background-image":"","background-repeat":"repeat","background-position":"center center","background-size":"auto","background-attachment":"scroll","background-type":"","background-media":"","overlay-type":"","overlay-color":"","overlay-opacity":"","overlay-gradient":""},"mobile":{"background-color":"","background-image":"","background-repeat":"repeat","background-position":"center center","background-size":"auto","background-attachment":"scroll","background-type":"","background-media":"","overlay-type":"","overlay-color":"","overlay-opacity":"","overlay-gradient":""}},"ast-content-background-meta":{"desktop":{"background-color":"var(--ast-global-color-4)","background-image":"","background-repeat":"repeat","background-position":"center center","background-size":"auto","background-attachment":"scroll","background-type":"","background-media":"","overlay-type":"","overlay-color":"","overlay-opacity":"","overlay-gradient":""},"tablet":{"background-color":"var(--ast-global-color-4)","background-image":"","background-repeat":"repeat","background-position":"center center","background-size":"auto","background-attachment":"scroll","background-type":"","background-media":"","overlay-type":"","overlay-color":"","overlay-opacity":"","overlay-gradient":""},"mobile":{"background-color":"var(--ast-global-color-4)","background-image":"","background-repeat":"repeat","background-position":"center center","background-size":"auto","background-attachment":"scroll","background-type":"","background-media":"","overlay-type":"","overlay-color":"","overlay-opacity":"","overlay-gradient":""}}},"product_brand":[],"product_cat":[1114,1144],"product_tag":[1153],"class_list":{"0":"post-10847","1":"product","2":"type-product","3":"status-publish","4":"has-post-thumbnail","6":"product_cat-moteur-a-courant-continu-sans-balais","7":"product_cat-moteur-sans-balais-a-rotor-exterieur","8":"product_tag-admission-et-echappement-grille-dadmission-active","9":"pa_application-pieces-detachees-automobiles","10":"desktop-align-left","11":"tablet-align-left","12":"mobile-align-left","14":"first","15":"instock","16":"shipping-taxable","17":"product-type-simple"},"yoast_head":"<!-- This site is optimized with the Yoast SEO plugin v27.2 - https:\/\/yoast.com\/product\/yoast-seo-wordpress\/ -->\n<title>Moteur \u00e0 Courant Continu Sans Balais \u00e0 Rotor Ext\u00e9rieur 30WS &#8211; Leili Motor<\/title>\n<meta name=\"description\" content=\"Le moteur BLDC \u00e0 rotor externe 30WS fonctionne \u00e0 14,4 V, d\u00e9livrant un couple de 15 mN.m, une vitesse nominale de 2 250 tr\/min, avec une vitesse \u00e0 vide de 6 300 tr\/min et une r\u00e9sistance d&#039;isolation \u00e9lev\u00e9e\" \/>\n<meta name=\"robots\" content=\"index, follow, max-snippet:-1, max-image-preview:large, max-video-preview:-1\" \/>\n<link rel=\"canonical\" href=\"https:\/\/www.leili-motor.net\/fr\/moteur-a-courant-continu-sans-balais-a-rotor-exterieur-30ws.html\" \/>\n<script type=\"application\/ld+json\" class=\"yoast-schema-graph\">{\"@context\":\"https:\/\/schema.org\",\"@graph\":[{\"@type\":\"WebPage\",\"@id\":\"https:\/\/www.leili-motor.net\/fr\/moteur-a-courant-continu-sans-balais-a-rotor-exterieur-30ws.html\",\"url\":\"https:\/\/www.leili-motor.net\/fr\/moteur-a-courant-continu-sans-balais-a-rotor-exterieur-30ws.html\",\"name\":\"Moteur \u00e0 Courant Continu Sans Balais \u00e0 Rotor Ext\u00e9rieur 30WS &#8211; Leili Motor\",\"isPartOf\":{\"@id\":\"https:\/\/www.leili-motor.net\/fr\/#website\"},\"primaryImageOfPage\":{\"@id\":\"https:\/\/www.leili-motor.net\/fr\/moteur-a-courant-continu-sans-balais-a-rotor-exterieur-30ws.html#primaryimage\"},\"image\":{\"@id\":\"https:\/\/www.leili-motor.net\/fr\/moteur-a-courant-continu-sans-balais-a-rotor-exterieur-30ws.html#primaryimage\"},\"thumbnailUrl\":\"https:\/\/www.leili-motor.net\/wp-content\/uploads\/2025\/03\/30WS-Outer-Rotor-Brushless-DC-Motor.webp\",\"datePublished\":\"2025-03-17T02:34:52+00:00\",\"description\":\"Le moteur BLDC \u00e0 rotor externe 30WS fonctionne \u00e0 14,4 V, d\u00e9livrant un couple de 15 mN.m, une vitesse nominale de 2 250 tr\/min, avec une vitesse \u00e0 vide de 6 300 tr\/min et une r\u00e9sistance d'isolation \u00e9lev\u00e9e\",\"breadcrumb\":{\"@id\":\"https:\/\/www.leili-motor.net\/fr\/moteur-a-courant-continu-sans-balais-a-rotor-exterieur-30ws.html#breadcrumb\"},\"inLanguage\":\"fr-FR\",\"potentialAction\":[{\"@type\":\"ReadAction\",\"target\":[\"https:\/\/www.leili-motor.net\/fr\/moteur-a-courant-continu-sans-balais-a-rotor-exterieur-30ws.html\"]}]},{\"@type\":\"ImageObject\",\"inLanguage\":\"fr-FR\",\"@id\":\"https:\/\/www.leili-motor.net\/fr\/moteur-a-courant-continu-sans-balais-a-rotor-exterieur-30ws.html#primaryimage\",\"url\":\"https:\/\/www.leili-motor.net\/wp-content\/uploads\/2025\/03\/30WS-Outer-Rotor-Brushless-DC-Motor.webp\",\"contentUrl\":\"https:\/\/www.leili-motor.net\/wp-content\/uploads\/2025\/03\/30WS-Outer-Rotor-Brushless-DC-Motor.webp\",\"width\":454,\"height\":310},{\"@type\":\"BreadcrumbList\",\"@id\":\"https:\/\/www.leili-motor.net\/fr\/moteur-a-courant-continu-sans-balais-a-rotor-exterieur-30ws.html#breadcrumb\",\"itemListElement\":[{\"@type\":\"ListItem\",\"position\":1,\"name\":\"Home\",\"item\":\"https:\/\/www.leili-motor.net\/fr\/\"},{\"@type\":\"ListItem\",\"position\":2,\"name\":\"Produits\",\"item\":\"https:\/\/www.leili-motor.net\/fr\/produits\/\"},{\"@type\":\"ListItem\",\"position\":3,\"name\":\"Moteur \u00e0 Courant Continu Sans Balais \u00e0 Rotor Ext\u00e9rieur 30WS\"}]},{\"@type\":\"WebSite\",\"@id\":\"https:\/\/www.leili-motor.net\/fr\/#website\",\"url\":\"https:\/\/www.leili-motor.net\/fr\/\",\"name\":\"Leili Motor\",\"description\":\"\",\"publisher\":{\"@id\":\"https:\/\/www.leili-motor.net\/fr\/#organization\"},\"potentialAction\":[{\"@type\":\"SearchAction\",\"target\":{\"@type\":\"EntryPoint\",\"urlTemplate\":\"https:\/\/www.leili-motor.net\/fr\/?s={search_term_string}\"},\"query-input\":{\"@type\":\"PropertyValueSpecification\",\"valueRequired\":true,\"valueName\":\"search_term_string\"}}],\"inLanguage\":\"fr-FR\"},{\"@type\":\"Organization\",\"@id\":\"https:\/\/www.leili-motor.net\/fr\/#organization\",\"name\":\"Leili Motor\",\"url\":\"https:\/\/www.leili-motor.net\/fr\/\",\"logo\":{\"@type\":\"ImageObject\",\"inLanguage\":\"fr-FR\",\"@id\":\"https:\/\/www.leili-motor.net\/fr\/#\/schema\/logo\/image\/\",\"url\":\"https:\/\/www.leili-motor.net\/wp-content\/uploads\/2025\/03\/Leili-Motor.png\",\"contentUrl\":\"https:\/\/www.leili-motor.net\/wp-content\/uploads\/2025\/03\/Leili-Motor.png\",\"width\":600,\"height\":156,\"caption\":\"Leili Motor\"},\"image\":{\"@id\":\"https:\/\/www.leili-motor.net\/fr\/#\/schema\/logo\/image\/\"}}]}<\/script>\n<!-- \/ Yoast SEO plugin. -->","yoast_head_json":{"title":"Moteur \u00e0 Courant Continu Sans Balais \u00e0 Rotor Ext\u00e9rieur 30WS &#8211; Leili Motor","description":"Le moteur BLDC \u00e0 rotor externe 30WS fonctionne \u00e0 14,4 V, d\u00e9livrant un couple de 15 mN.m, une vitesse nominale de 2 250 tr\/min, avec une vitesse \u00e0 vide de 6 300 tr\/min et une r\u00e9sistance d'isolation \u00e9lev\u00e9e","robots":{"index":"index","follow":"follow","max-snippet":"max-snippet:-1","max-image-preview":"max-image-preview:large","max-video-preview":"max-video-preview:-1"},"canonical":"https:\/\/www.leili-motor.net\/fr\/moteur-a-courant-continu-sans-balais-a-rotor-exterieur-30ws.html","schema":{"@context":"https:\/\/schema.org","@graph":[{"@type":"WebPage","@id":"https:\/\/www.leili-motor.net\/fr\/moteur-a-courant-continu-sans-balais-a-rotor-exterieur-30ws.html","url":"https:\/\/www.leili-motor.net\/fr\/moteur-a-courant-continu-sans-balais-a-rotor-exterieur-30ws.html","name":"Moteur \u00e0 Courant Continu Sans Balais \u00e0 Rotor Ext\u00e9rieur 30WS &#8211; Leili Motor","isPartOf":{"@id":"https:\/\/www.leili-motor.net\/fr\/#website"},"primaryImageOfPage":{"@id":"https:\/\/www.leili-motor.net\/fr\/moteur-a-courant-continu-sans-balais-a-rotor-exterieur-30ws.html#primaryimage"},"image":{"@id":"https:\/\/www.leili-motor.net\/fr\/moteur-a-courant-continu-sans-balais-a-rotor-exterieur-30ws.html#primaryimage"},"thumbnailUrl":"https:\/\/www.leili-motor.net\/wp-content\/uploads\/2025\/03\/30WS-Outer-Rotor-Brushless-DC-Motor.webp","datePublished":"2025-03-17T02:34:52+00:00","description":"Le moteur BLDC \u00e0 rotor externe 30WS fonctionne \u00e0 14,4 V, d\u00e9livrant un couple de 15 mN.m, une vitesse nominale de 2 250 tr\/min, avec une vitesse \u00e0 vide de 6 300 tr\/min et une r\u00e9sistance d'isolation \u00e9lev\u00e9e","breadcrumb":{"@id":"https:\/\/www.leili-motor.net\/fr\/moteur-a-courant-continu-sans-balais-a-rotor-exterieur-30ws.html#breadcrumb"},"inLanguage":"fr-FR","potentialAction":[{"@type":"ReadAction","target":["https:\/\/www.leili-motor.net\/fr\/moteur-a-courant-continu-sans-balais-a-rotor-exterieur-30ws.html"]}]},{"@type":"ImageObject","inLanguage":"fr-FR","@id":"https:\/\/www.leili-motor.net\/fr\/moteur-a-courant-continu-sans-balais-a-rotor-exterieur-30ws.html#primaryimage","url":"https:\/\/www.leili-motor.net\/wp-content\/uploads\/2025\/03\/30WS-Outer-Rotor-Brushless-DC-Motor.webp","contentUrl":"https:\/\/www.leili-motor.net\/wp-content\/uploads\/2025\/03\/30WS-Outer-Rotor-Brushless-DC-Motor.webp","width":454,"height":310},{"@type":"BreadcrumbList","@id":"https:\/\/www.leili-motor.net\/fr\/moteur-a-courant-continu-sans-balais-a-rotor-exterieur-30ws.html#breadcrumb","itemListElement":[{"@type":"ListItem","position":1,"name":"Home","item":"https:\/\/www.leili-motor.net\/fr\/"},{"@type":"ListItem","position":2,"name":"Produits","item":"https:\/\/www.leili-motor.net\/fr\/produits\/"},{"@type":"ListItem","position":3,"name":"Moteur \u00e0 Courant Continu Sans Balais \u00e0 Rotor Ext\u00e9rieur 30WS"}]},{"@type":"WebSite","@id":"https:\/\/www.leili-motor.net\/fr\/#website","url":"https:\/\/www.leili-motor.net\/fr\/","name":"Leili Motor","description":"","publisher":{"@id":"https:\/\/www.leili-motor.net\/fr\/#organization"},"potentialAction":[{"@type":"SearchAction","target":{"@type":"EntryPoint","urlTemplate":"https:\/\/www.leili-motor.net\/fr\/?s={search_term_string}"},"query-input":{"@type":"PropertyValueSpecification","valueRequired":true,"valueName":"search_term_string"}}],"inLanguage":"fr-FR"},{"@type":"Organization","@id":"https:\/\/www.leili-motor.net\/fr\/#organization","name":"Leili Motor","url":"https:\/\/www.leili-motor.net\/fr\/","logo":{"@type":"ImageObject","inLanguage":"fr-FR","@id":"https:\/\/www.leili-motor.net\/fr\/#\/schema\/logo\/image\/","url":"https:\/\/www.leili-motor.net\/wp-content\/uploads\/2025\/03\/Leili-Motor.png","contentUrl":"https:\/\/www.leili-motor.net\/wp-content\/uploads\/2025\/03\/Leili-Motor.png","width":600,"height":156,"caption":"Leili Motor"},"image":{"@id":"https:\/\/www.leili-motor.net\/fr\/#\/schema\/logo\/image\/"}}]}},"_links":{"self":[{"href":"https:\/\/www.leili-motor.net\/fr\/wp-json\/wp\/v2\/product\/10847","targetHints":{"allow":["GET"]}}],"collection":[{"href":"https:\/\/www.leili-motor.net\/fr\/wp-json\/wp\/v2\/product"}],"about":[{"href":"https:\/\/www.leili-motor.net\/fr\/wp-json\/wp\/v2\/types\/product"}],"replies":[{"embeddable":true,"href":"https:\/\/www.leili-motor.net\/fr\/wp-json\/wp\/v2\/comments?post=10847"}],"wp:featuredmedia":[{"embeddable":true,"href":"https:\/\/www.leili-motor.net\/fr\/wp-json\/wp\/v2\/media\/10848"}],"wp:attachment":[{"href":"https:\/\/www.leili-motor.net\/fr\/wp-json\/wp\/v2\/media?parent=10847"}],"wp:term":[{"taxonomy":"product_brand","embeddable":true,"href":"https:\/\/www.leili-motor.net\/fr\/wp-json\/wp\/v2\/product_brand?post=10847"},{"taxonomy":"product_cat","embeddable":true,"href":"https:\/\/www.leili-motor.net\/fr\/wp-json\/wp\/v2\/product_cat?post=10847"},{"taxonomy":"product_tag","embeddable":true,"href":"https:\/\/www.leili-motor.net\/fr\/wp-json\/wp\/v2\/product_tag?post=10847"}],"curies":[{"name":"wp","href":"https:\/\/api.w.org\/{rel}","templated":true}]}}