{"id":10860,"date":"2025-03-17T10:17:24","date_gmt":"2025-03-17T02:17:24","guid":{"rendered":"https:\/\/www.leili-motor.net\/moteur-a-courant-continu-sans-balais-a-rotor-exterieur-de-86-mm\/"},"modified":"2025-03-17T10:17:24","modified_gmt":"2025-03-17T02:17:24","slug":"moteur-a-courant-continu-sans-balais-a-rotor-exterieur-de-86-mm","status":"publish","type":"product","link":"https:\/\/www.leili-motor.net\/fr\/moteur-a-courant-continu-sans-balais-a-rotor-exterieur-de-86-mm.html","title":{"rendered":"Moteur \u00e0 Courant Continu Sans Balais \u00e0 Rotor Ext\u00e9rieur de 86 mm"},"content":{"rendered":"<h2>Pr\u00e9sentation du produit<\/h2>\n<table>\n<tbody>\n<tr>\n<td>Mod\u00e8le<\/td>\n<td><\/td>\n<td>86ZWS61X-1<\/td>\n<td>86ZWS81X-1<\/td>\n<td>86ZWS101X-1<\/td>\n<\/tr>\n<tr>\n<td colspan=\"5\">Param\u00e8tre<\/td>\n<\/tr>\n<tr>\n<td>Tension nominale<\/td>\n<td>V<\/td>\n<td>48<\/td>\n<td>48<\/td>\n<td>48<\/td>\n<\/tr>\n<tr>\n<td>Puissance nominale<\/td>\n<td>W<\/td>\n<td>157,1<\/td>\n<td>314,1<\/td>\n<td>471,2<\/td>\n<\/tr>\n<tr>\n<td>Couple nominal<\/td>\n<td>N\u2022m<\/td>\n<td>0,5<\/td>\n<td>1<\/td>\n<td>1,5<\/td>\n<\/tr>\n<tr>\n<td>Vitesse nominale<\/td>\n<td>tr\/min<\/td>\n<td>3000<\/td>\n<td>3000<\/td>\n<td>3000<\/td>\n<\/tr>\n<tr>\n<td>Courant nominal<\/td>\n<td>A<\/td>\n<td>4,7<\/td>\n<td>9,4<\/td>\n<td>14,1<\/td>\n<\/tr>\n<tr>\n<td>Vitesse \u00e0 vide<\/td>\n<td>tr\/min<\/td>\n<td>3600<\/td>\n<td>3600<\/td>\n<td>3600<\/td>\n<\/tr>\n<tr>\n<td>Courant \u00e0 vide<\/td>\n<td>A<\/td>\n<td>0,35<\/td>\n<td>0,7<\/td>\n<td>1,05<\/td>\n<\/tr>\n<tr>\n<td>Rendement<\/td>\n<td>%<\/td>\n<td>85<\/td>\n<td>85<\/td>\n<td>85<\/td>\n<\/tr>\n<tr>\n<td>Bruit (bruit ambiant 20dB, distance de test 1m)<\/td>\n<td>dB<\/td>\n<td>\uff1c50<\/td>\n<td>\uff1c50<\/td>\n<td>\uff1c50<\/td>\n<\/tr>\n<tr>\n<td colspan=\"5\">Param\u00e8tre thermique<\/td>\n<\/tr>\n<tr>\n<td>R\u00e9sistance thermique bo\u00eetier-environnement<\/td>\n<td>K\/W<\/td>\n<td>0,61<\/td>\n<td>0,31<\/td>\n<td>0,2<\/td>\n<\/tr>\n<tr>\n<td>Constante de temps thermique du moteur<\/td>\n<td>min<\/td>\n<td>5,3<\/td>\n<td>6,8<\/td>\n<td>8,2<\/td>\n<\/tr>\n<tr>\n<td>Temp\u00e9rature ambiante<\/td>\n<td>\u2103<\/td>\n<td>30<\/td>\n<td>30<\/td>\n<td>30<\/td>\n<\/tr>\n<tr>\n<td>Temp\u00e9rature maximale du bobinage<\/td>\n<td>\u2103<\/td>\n<td>90<\/td>\n<td>90<\/td>\n<td>90<\/td>\n<\/tr>\n<tr>\n<td colspan=\"5\">Coefficient de constante moteur<\/td>\n<\/tr>\n<tr>\n<td>Constante de couple<\/td>\n<td>N\u2022m\/A<\/td>\n<td>0,106<\/td>\n<td>0,106<\/td>\n<td>0,106<\/td>\n<\/tr>\n<tr>\n<td>Constante de force contre-\u00e9lectromotrice valeurs valides<\/td>\n<td>V\/ktr\/min<\/td>\n<td>11,1<\/td>\n<td>11,1<\/td>\n<td>11,1<\/td>\n<\/tr>\n<tr>\n<td colspan=\"5\">Valeur calcul\u00e9e<\/td>\n<\/tr>\n<tr>\n<td>Couple de cr\u00eate<\/td>\n<td>N\u2022m<\/td>\n<td>1,5<\/td>\n<td>3<\/td>\n<td>4,5<\/td>\n<\/tr>\n<tr>\n<td>Courant de cr\u00eate<\/td>\n<td>A<\/td>\n<td>14,1<\/td>\n<td>28,2<\/td>\n<td>42,3<\/td>\n<\/tr>\n<tr>\n<td>Inertie de rotation<\/td>\n<td>kg\u2022cm\u00b2<\/td>\n<td>1,4<\/td>\n<td>2,8<\/td>\n<td>4,2<\/td>\n<\/tr>\n<tr>\n<td colspan=\"5\">Mat\u00e9riel<\/td>\n<\/tr>\n<tr>\n<td colspan=\"2\">Couvercle d&rsquo;extr\u00e9mit\u00e9<\/td>\n<td colspan=\"3\">Aluminium moul\u00e9 sous pression<\/td>\n<\/tr>\n<tr>\n<td colspan=\"2\">Roulement<\/td>\n<td colspan=\"3\">Roulement \u00e0 billes \u00e0 gorge profonde<\/td>\n<\/tr>\n<tr>\n<td colspan=\"2\">Aimants<\/td>\n<td colspan=\"3\">NdFeB li\u00e9<\/td>\n<\/tr>\n<tr>\n<td colspan=\"2\">Arbre<\/td>\n<td colspan=\"3\">Acier au carbone<\/td>\n<\/tr>\n<\/tbody>\n<\/table>\n<h2>Dimensions m\u00e9caniques : mm<\/h2>\n<p><img fetchpriority=\"high\" decoding=\"async\" class=\"size-full wp-image-3455 aligncenter\" src=\"https:\/\/www.leili-motor.net\/wp-content\/uploads\/2025\/03\/86mm-Outer-Rotor-Brushless-DC-Motor-Dimensions.webp\" alt=\"Dimensions du moteur \u00e0 courant continu sans balais \u00e0 rotor ext\u00e9rieur de 86 mm\" width=\"759\" height=\"447\" srcset=\"https:\/\/www.leili-motor.net\/wp-content\/uploads\/2025\/03\/86mm-Outer-Rotor-Brushless-DC-Motor-Dimensions.webp 759w, https:\/\/www.leili-motor.net\/wp-content\/uploads\/2025\/03\/86mm-Outer-Rotor-Brushless-DC-Motor-Dimensions-300x177.webp 300w, https:\/\/www.leili-motor.net\/wp-content\/uploads\/2025\/03\/86mm-Outer-Rotor-Brushless-DC-Motor-Dimensions-600x353.webp 600w\" sizes=\"(max-width: 759px) 100vw, 759px\" \/><\/p>\n<h3>Courbe de couple du moteur<\/h3>\n<p><img decoding=\"async\" class=\"size-full wp-image-3456 aligncenter\" src=\"https:\/\/www.leili-motor.net\/wp-content\/uploads\/2025\/03\/Motor-Torque-Curve-of-86-mm-BLDC-motor.webp\" alt=\"Courbe de couple du moteur BLDC de 86 mm\" width=\"759\" height=\"600\" srcset=\"https:\/\/www.leili-motor.net\/wp-content\/uploads\/2025\/03\/Motor-Torque-Curve-of-86-mm-BLDC-motor.webp 759w, https:\/\/www.leili-motor.net\/wp-content\/uploads\/2025\/03\/Motor-Torque-Curve-of-86-mm-BLDC-motor-300x237.webp 300w, https:\/\/www.leili-motor.net\/wp-content\/uploads\/2025\/03\/Motor-Torque-Curve-of-86-mm-BLDC-motor-600x474.webp 600w\" sizes=\"(max-width: 759px) 100vw, 759px\" \/><\/p>\n","protected":false},"excerpt":{"rendered":"<h3>Pr\u00e9sentation du produit<\/h3>\n<ul>\n<li>Puissance nominale de 157,1 W \u00e0 471,2 W avec une efficacit\u00e9 de 85 %.<\/li>\n<li>Couple de pointe de 1,5 N\u2022m \u00e0 4,5 N\u2022m pour les applications \u00e0 forte demande.<\/li>\n<li>Comprend un couvercle d&rsquo;extr\u00e9mit\u00e9 en aluminium moul\u00e9 sous pression, des roulements \u00e0 billes \u00e0 gorge profonde et des aimants Ndfeb coll\u00e9s.<\/li>\n<\/ul>\n<h3>Application du produit<\/h3>\n<ul>\n<li>\u00c9quipement m\u00e9dical<\/li>\n<li>\u00c9quipement industriel<\/li>\n<\/ul>\n","protected":false},"featured_media":10861,"comment_status":"open","ping_status":"closed","template":"","meta":{"site-sidebar-layout":"default","site-content-layout":"","ast-site-content-layout":"default","site-content-style":"default","site-sidebar-style":"default","ast-global-header-display":"","ast-banner-title-visibility":"","ast-main-header-display":"","ast-hfb-above-header-display":"","ast-hfb-below-header-display":"","ast-hfb-mobile-header-display":"","site-post-title":"","ast-breadcrumbs-content":"","ast-featured-img":"","footer-sml-layout":"","theme-transparent-header-meta":"default","adv-header-id-meta":"","stick-header-meta":"","header-above-stick-meta":"","header-main-stick-meta":"","header-below-stick-meta":"","astra-migrate-meta-layouts":"default","ast-page-background-enabled":"default","ast-page-background-meta":{"desktop":{"background-color":"var(--ast-global-color-5)","background-image":"","background-repeat":"repeat","background-position":"center center","background-size":"auto","background-attachment":"scroll","background-type":"","background-media":"","overlay-type":"","overlay-color":"","overlay-opacity":"","overlay-gradient":""},"tablet":{"background-color":"","background-image":"","background-repeat":"repeat","background-position":"center center","background-size":"auto","background-attachment":"scroll","background-type":"","background-media":"","overlay-type":"","overlay-color":"","overlay-opacity":"","overlay-gradient":""},"mobile":{"background-color":"","background-image":"","background-repeat":"repeat","background-position":"center center","background-size":"auto","background-attachment":"scroll","background-type":"","background-media":"","overlay-type":"","overlay-color":"","overlay-opacity":"","overlay-gradient":""}},"ast-content-background-meta":{"desktop":{"background-color":"var(--ast-global-color-4)","background-image":"","background-repeat":"repeat","background-position":"center center","background-size":"auto","background-attachment":"scroll","background-type":"","background-media":"","overlay-type":"","overlay-color":"","overlay-opacity":"","overlay-gradient":""},"tablet":{"background-color":"var(--ast-global-color-4)","background-image":"","background-repeat":"repeat","background-position":"center center","background-size":"auto","background-attachment":"scroll","background-type":"","background-media":"","overlay-type":"","overlay-color":"","overlay-opacity":"","overlay-gradient":""},"mobile":{"background-color":"var(--ast-global-color-4)","background-image":"","background-repeat":"repeat","background-position":"center center","background-size":"auto","background-attachment":"scroll","background-type":"","background-media":"","overlay-type":"","overlay-color":"","overlay-opacity":"","overlay-gradient":""}}},"product_brand":[],"product_cat":[1114,1144],"product_tag":[],"class_list":{"0":"post-10860","1":"product","2":"type-product","3":"status-publish","4":"has-post-thumbnail","6":"product_cat-moteur-a-courant-continu-sans-balais","7":"product_cat-moteur-sans-balais-a-rotor-exterieur","8":"desktop-align-left","9":"tablet-align-left","10":"mobile-align-left","12":"first","13":"instock","14":"shipping-taxable","15":"product-type-simple"},"yoast_head":"<!-- This site is optimized with the Yoast SEO plugin v27.2 - https:\/\/yoast.com\/product\/yoast-seo-wordpress\/ -->\n<title>Moteur \u00e0 Courant Continu Sans Balais \u00e0 Rotor Ext\u00e9rieur de 86 mm &#8211; Leili Motor<\/title>\n<meta name=\"description\" content=\"Le moteur BLDC \u00e0 rotor ext\u00e9rieur de 86 mm pr\u00e9sente une efficacit\u00e9 de 85 %, une puissance de 157,1 W \u00e0 471,2 W, un couple de 0,5 \u00e0 1,5 N\u2022m et fonctionne avec un bruit inf\u00e9rieur \u00e0 50 dB.\" \/>\n<meta name=\"robots\" content=\"index, follow, max-snippet:-1, max-image-preview:large, max-video-preview:-1\" \/>\n<link rel=\"canonical\" href=\"https:\/\/www.leili-motor.net\/fr\/moteur-a-courant-continu-sans-balais-a-rotor-exterieur-de-86-mm.html\" \/>\n<meta name=\"twitter:label1\" content=\"Dur\u00e9e de lecture estim\u00e9e\" \/>\n\t<meta name=\"twitter:data1\" content=\"1 minute\" \/>\n<script type=\"application\/ld+json\" class=\"yoast-schema-graph\">{\"@context\":\"https:\/\/schema.org\",\"@graph\":[{\"@type\":\"WebPage\",\"@id\":\"https:\/\/www.leili-motor.net\/fr\/moteur-a-courant-continu-sans-balais-a-rotor-exterieur-de-86-mm.html\",\"url\":\"https:\/\/www.leili-motor.net\/fr\/moteur-a-courant-continu-sans-balais-a-rotor-exterieur-de-86-mm.html\",\"name\":\"Moteur \u00e0 Courant Continu Sans Balais \u00e0 Rotor Ext\u00e9rieur de 86 mm &#8211; Leili Motor\",\"isPartOf\":{\"@id\":\"https:\/\/www.leili-motor.net\/fr\/#website\"},\"primaryImageOfPage\":{\"@id\":\"https:\/\/www.leili-motor.net\/fr\/moteur-a-courant-continu-sans-balais-a-rotor-exterieur-de-86-mm.html#primaryimage\"},\"image\":{\"@id\":\"https:\/\/www.leili-motor.net\/fr\/moteur-a-courant-continu-sans-balais-a-rotor-exterieur-de-86-mm.html#primaryimage\"},\"thumbnailUrl\":\"https:\/\/www.leili-motor.net\/wp-content\/uploads\/2025\/03\/86mm-Outer-Rotor-Brushless-DC-Motor.webp\",\"datePublished\":\"2025-03-17T02:17:24+00:00\",\"description\":\"Le moteur BLDC \u00e0 rotor ext\u00e9rieur de 86 mm pr\u00e9sente une efficacit\u00e9 de 85 %, une puissance de 157,1 W \u00e0 471,2 W, un couple de 0,5 \u00e0 1,5 N\u2022m et fonctionne avec un bruit inf\u00e9rieur \u00e0 50 dB.\",\"breadcrumb\":{\"@id\":\"https:\/\/www.leili-motor.net\/fr\/moteur-a-courant-continu-sans-balais-a-rotor-exterieur-de-86-mm.html#breadcrumb\"},\"inLanguage\":\"fr-FR\",\"potentialAction\":[{\"@type\":\"ReadAction\",\"target\":[\"https:\/\/www.leili-motor.net\/fr\/moteur-a-courant-continu-sans-balais-a-rotor-exterieur-de-86-mm.html\"]}]},{\"@type\":\"ImageObject\",\"inLanguage\":\"fr-FR\",\"@id\":\"https:\/\/www.leili-motor.net\/fr\/moteur-a-courant-continu-sans-balais-a-rotor-exterieur-de-86-mm.html#primaryimage\",\"url\":\"https:\/\/www.leili-motor.net\/wp-content\/uploads\/2025\/03\/86mm-Outer-Rotor-Brushless-DC-Motor.webp\",\"contentUrl\":\"https:\/\/www.leili-motor.net\/wp-content\/uploads\/2025\/03\/86mm-Outer-Rotor-Brushless-DC-Motor.webp\",\"width\":454,\"height\":310,\"caption\":\"Moteur \u00e0 courant continu sans balais \u00e0 rotor ext\u00e9rieur de 86 mm\"},{\"@type\":\"BreadcrumbList\",\"@id\":\"https:\/\/www.leili-motor.net\/fr\/moteur-a-courant-continu-sans-balais-a-rotor-exterieur-de-86-mm.html#breadcrumb\",\"itemListElement\":[{\"@type\":\"ListItem\",\"position\":1,\"name\":\"Home\",\"item\":\"https:\/\/www.leili-motor.net\/fr\/\"},{\"@type\":\"ListItem\",\"position\":2,\"name\":\"Produits\",\"item\":\"https:\/\/www.leili-motor.net\/fr\/produits\/\"},{\"@type\":\"ListItem\",\"position\":3,\"name\":\"Moteur \u00e0 Courant Continu Sans Balais \u00e0 Rotor Ext\u00e9rieur de 86 mm\"}]},{\"@type\":\"WebSite\",\"@id\":\"https:\/\/www.leili-motor.net\/fr\/#website\",\"url\":\"https:\/\/www.leili-motor.net\/fr\/\",\"name\":\"Leili Motor\",\"description\":\"\",\"publisher\":{\"@id\":\"https:\/\/www.leili-motor.net\/fr\/#organization\"},\"potentialAction\":[{\"@type\":\"SearchAction\",\"target\":{\"@type\":\"EntryPoint\",\"urlTemplate\":\"https:\/\/www.leili-motor.net\/fr\/?s={search_term_string}\"},\"query-input\":{\"@type\":\"PropertyValueSpecification\",\"valueRequired\":true,\"valueName\":\"search_term_string\"}}],\"inLanguage\":\"fr-FR\"},{\"@type\":\"Organization\",\"@id\":\"https:\/\/www.leili-motor.net\/fr\/#organization\",\"name\":\"Leili Motor\",\"url\":\"https:\/\/www.leili-motor.net\/fr\/\",\"logo\":{\"@type\":\"ImageObject\",\"inLanguage\":\"fr-FR\",\"@id\":\"https:\/\/www.leili-motor.net\/fr\/#\/schema\/logo\/image\/\",\"url\":\"https:\/\/www.leili-motor.net\/wp-content\/uploads\/2025\/03\/Leili-Motor.png\",\"contentUrl\":\"https:\/\/www.leili-motor.net\/wp-content\/uploads\/2025\/03\/Leili-Motor.png\",\"width\":600,\"height\":156,\"caption\":\"Leili Motor\"},\"image\":{\"@id\":\"https:\/\/www.leili-motor.net\/fr\/#\/schema\/logo\/image\/\"}}]}<\/script>\n<!-- \/ Yoast SEO plugin. -->","yoast_head_json":{"title":"Moteur \u00e0 Courant Continu Sans Balais \u00e0 Rotor Ext\u00e9rieur de 86 mm &#8211; Leili Motor","description":"Le moteur BLDC \u00e0 rotor ext\u00e9rieur de 86 mm pr\u00e9sente une efficacit\u00e9 de 85 %, une puissance de 157,1 W \u00e0 471,2 W, un couple de 0,5 \u00e0 1,5 N\u2022m et fonctionne avec un bruit inf\u00e9rieur \u00e0 50 dB.","robots":{"index":"index","follow":"follow","max-snippet":"max-snippet:-1","max-image-preview":"max-image-preview:large","max-video-preview":"max-video-preview:-1"},"canonical":"https:\/\/www.leili-motor.net\/fr\/moteur-a-courant-continu-sans-balais-a-rotor-exterieur-de-86-mm.html","twitter_misc":{"Dur\u00e9e de lecture estim\u00e9e":"1 minute"},"schema":{"@context":"https:\/\/schema.org","@graph":[{"@type":"WebPage","@id":"https:\/\/www.leili-motor.net\/fr\/moteur-a-courant-continu-sans-balais-a-rotor-exterieur-de-86-mm.html","url":"https:\/\/www.leili-motor.net\/fr\/moteur-a-courant-continu-sans-balais-a-rotor-exterieur-de-86-mm.html","name":"Moteur \u00e0 Courant Continu Sans Balais \u00e0 Rotor Ext\u00e9rieur de 86 mm &#8211; Leili Motor","isPartOf":{"@id":"https:\/\/www.leili-motor.net\/fr\/#website"},"primaryImageOfPage":{"@id":"https:\/\/www.leili-motor.net\/fr\/moteur-a-courant-continu-sans-balais-a-rotor-exterieur-de-86-mm.html#primaryimage"},"image":{"@id":"https:\/\/www.leili-motor.net\/fr\/moteur-a-courant-continu-sans-balais-a-rotor-exterieur-de-86-mm.html#primaryimage"},"thumbnailUrl":"https:\/\/www.leili-motor.net\/wp-content\/uploads\/2025\/03\/86mm-Outer-Rotor-Brushless-DC-Motor.webp","datePublished":"2025-03-17T02:17:24+00:00","description":"Le moteur BLDC \u00e0 rotor ext\u00e9rieur de 86 mm pr\u00e9sente une efficacit\u00e9 de 85 %, une puissance de 157,1 W \u00e0 471,2 W, un couple de 0,5 \u00e0 1,5 N\u2022m et fonctionne avec un bruit inf\u00e9rieur \u00e0 50 dB.","breadcrumb":{"@id":"https:\/\/www.leili-motor.net\/fr\/moteur-a-courant-continu-sans-balais-a-rotor-exterieur-de-86-mm.html#breadcrumb"},"inLanguage":"fr-FR","potentialAction":[{"@type":"ReadAction","target":["https:\/\/www.leili-motor.net\/fr\/moteur-a-courant-continu-sans-balais-a-rotor-exterieur-de-86-mm.html"]}]},{"@type":"ImageObject","inLanguage":"fr-FR","@id":"https:\/\/www.leili-motor.net\/fr\/moteur-a-courant-continu-sans-balais-a-rotor-exterieur-de-86-mm.html#primaryimage","url":"https:\/\/www.leili-motor.net\/wp-content\/uploads\/2025\/03\/86mm-Outer-Rotor-Brushless-DC-Motor.webp","contentUrl":"https:\/\/www.leili-motor.net\/wp-content\/uploads\/2025\/03\/86mm-Outer-Rotor-Brushless-DC-Motor.webp","width":454,"height":310,"caption":"Moteur \u00e0 courant continu sans balais \u00e0 rotor ext\u00e9rieur de 86 mm"},{"@type":"BreadcrumbList","@id":"https:\/\/www.leili-motor.net\/fr\/moteur-a-courant-continu-sans-balais-a-rotor-exterieur-de-86-mm.html#breadcrumb","itemListElement":[{"@type":"ListItem","position":1,"name":"Home","item":"https:\/\/www.leili-motor.net\/fr\/"},{"@type":"ListItem","position":2,"name":"Produits","item":"https:\/\/www.leili-motor.net\/fr\/produits\/"},{"@type":"ListItem","position":3,"name":"Moteur \u00e0 Courant Continu Sans Balais \u00e0 Rotor Ext\u00e9rieur de 86 mm"}]},{"@type":"WebSite","@id":"https:\/\/www.leili-motor.net\/fr\/#website","url":"https:\/\/www.leili-motor.net\/fr\/","name":"Leili Motor","description":"","publisher":{"@id":"https:\/\/www.leili-motor.net\/fr\/#organization"},"potentialAction":[{"@type":"SearchAction","target":{"@type":"EntryPoint","urlTemplate":"https:\/\/www.leili-motor.net\/fr\/?s={search_term_string}"},"query-input":{"@type":"PropertyValueSpecification","valueRequired":true,"valueName":"search_term_string"}}],"inLanguage":"fr-FR"},{"@type":"Organization","@id":"https:\/\/www.leili-motor.net\/fr\/#organization","name":"Leili Motor","url":"https:\/\/www.leili-motor.net\/fr\/","logo":{"@type":"ImageObject","inLanguage":"fr-FR","@id":"https:\/\/www.leili-motor.net\/fr\/#\/schema\/logo\/image\/","url":"https:\/\/www.leili-motor.net\/wp-content\/uploads\/2025\/03\/Leili-Motor.png","contentUrl":"https:\/\/www.leili-motor.net\/wp-content\/uploads\/2025\/03\/Leili-Motor.png","width":600,"height":156,"caption":"Leili Motor"},"image":{"@id":"https:\/\/www.leili-motor.net\/fr\/#\/schema\/logo\/image\/"}}]}},"_links":{"self":[{"href":"https:\/\/www.leili-motor.net\/fr\/wp-json\/wp\/v2\/product\/10860","targetHints":{"allow":["GET"]}}],"collection":[{"href":"https:\/\/www.leili-motor.net\/fr\/wp-json\/wp\/v2\/product"}],"about":[{"href":"https:\/\/www.leili-motor.net\/fr\/wp-json\/wp\/v2\/types\/product"}],"replies":[{"embeddable":true,"href":"https:\/\/www.leili-motor.net\/fr\/wp-json\/wp\/v2\/comments?post=10860"}],"wp:featuredmedia":[{"embeddable":true,"href":"https:\/\/www.leili-motor.net\/fr\/wp-json\/wp\/v2\/media\/10861"}],"wp:attachment":[{"href":"https:\/\/www.leili-motor.net\/fr\/wp-json\/wp\/v2\/media?parent=10860"}],"wp:term":[{"taxonomy":"product_brand","embeddable":true,"href":"https:\/\/www.leili-motor.net\/fr\/wp-json\/wp\/v2\/product_brand?post=10860"},{"taxonomy":"product_cat","embeddable":true,"href":"https:\/\/www.leili-motor.net\/fr\/wp-json\/wp\/v2\/product_cat?post=10860"},{"taxonomy":"product_tag","embeddable":true,"href":"https:\/\/www.leili-motor.net\/fr\/wp-json\/wp\/v2\/product_tag?post=10860"}],"curies":[{"name":"wp","href":"https:\/\/api.w.org\/{rel}","templated":true}]}}