{"id":10878,"date":"2025-03-13T17:19:19","date_gmt":"2025-03-13T09:19:19","guid":{"rendered":"https:\/\/www.leili-motor.net\/moteur-sans-balais-a-aimant-permanent-54ws1-1\/"},"modified":"2025-03-13T17:19:19","modified_gmt":"2025-03-13T09:19:19","slug":"moteur-sans-balais-a-aimant-permanent-54ws1-1","status":"publish","type":"product","link":"https:\/\/www.leili-motor.net\/fr\/moteur-sans-balais-a-aimant-permanent-54ws1-1.html","title":{"rendered":"Moteur Sans Balais \u00e0 Aimant Permanent 54WS1-1"},"content":{"rendered":"<h2>Param\u00e8tres du produit<\/h2>\n<table>\n<tbody>\n<tr>\n<td>Mod\u00e8le<\/td>\n<td>Tension d&rsquo;alimentation<br \/>\n(V)<\/td>\n<td>Courant<br \/>\n(A)<\/td>\n<td>Puissance<br \/>\n(W)<\/td>\n<td>Vitesse nominale<br \/>\ntr\/min<\/td>\n<td>Niveau sonore<br \/>\ndB(A)<\/td>\n<td>D\u00e9bit d&rsquo;air maximal<br \/>\n(l\/min)<\/td>\n<td>Pression d&rsquo;air maximale (kPa)<\/td>\n<td>Cycle de vie<\/td>\n<\/tr>\n<tr>\n<td>54WS1-1<\/td>\n<td>24 DC<\/td>\n<td>14.6<\/td>\n<td>340<\/td>\n<td>26000<\/td>\n<td>&lt;&gt;80<\/td>\n<td>2500<\/td>\n<td>17<\/td>\n<td>6000<\/td>\n<\/tr>\n<\/tbody>\n<\/table>\n<h2>Dimensions m\u00e9caniques : mm<\/h2>\n<p><img fetchpriority=\"high\" decoding=\"async\" class=\"size-full wp-image-2854 aligncenter\" src=\"https:\/\/www.leili-motor.net\/wp-content\/uploads\/2025\/03\/Permanent-Magnet-Brushless-Motor-Dimensions.webp\" alt=\"Dimensions du moteur sans balais \u00e0 aimant permanent\" width=\"759\" height=\"486\" srcset=\"https:\/\/www.leili-motor.net\/wp-content\/uploads\/2025\/03\/Permanent-Magnet-Brushless-Motor-Dimensions.webp 759w, https:\/\/www.leili-motor.net\/wp-content\/uploads\/2025\/03\/Permanent-Magnet-Brushless-Motor-Dimensions-300x192.webp 300w, https:\/\/www.leili-motor.net\/wp-content\/uploads\/2025\/03\/Permanent-Magnet-Brushless-Motor-Dimensions-600x384.webp 600w\" sizes=\"(max-width: 759px) 100vw, 759px\" \/><\/p>\n","protected":false},"excerpt":{"rendered":"<h3>Pr\u00e9sentation du produit<\/h3>\n<ul>\n<li>Fonctionne \u00e0 24 V CC avec un courant de 14,6 A et une puissance de sortie de 340 W.<\/li>\n<li>Fournit une vitesse nominale de 26 000 tr\/min et un volume d&rsquo;air maximal de 2 500\/min.<\/li>\n<li>Maintient un cycle de vie de 6 000 heures, un bruit \u2264 80 dB et une pression d&rsquo;air maximale de 17 kPa.<\/li>\n<\/ul>\n<h3>Application du produit<\/h3>\n<ul>\n<li>D\u00e9poussi\u00e9reur<\/li>\n<\/ul>\n","protected":false},"featured_media":10879,"comment_status":"open","ping_status":"closed","template":"","meta":{"site-sidebar-layout":"default","site-content-layout":"","ast-site-content-layout":"default","site-content-style":"default","site-sidebar-style":"default","ast-global-header-display":"","ast-banner-title-visibility":"","ast-main-header-display":"","ast-hfb-above-header-display":"","ast-hfb-below-header-display":"","ast-hfb-mobile-header-display":"","site-post-title":"","ast-breadcrumbs-content":"","ast-featured-img":"","footer-sml-layout":"","theme-transparent-header-meta":"default","adv-header-id-meta":"","stick-header-meta":"","header-above-stick-meta":"","header-main-stick-meta":"","header-below-stick-meta":"","astra-migrate-meta-layouts":"default","ast-page-background-enabled":"default","ast-page-background-meta":{"desktop":{"background-color":"var(--ast-global-color-5)","background-image":"","background-repeat":"repeat","background-position":"center center","background-size":"auto","background-attachment":"scroll","background-type":"","background-media":"","overlay-type":"","overlay-color":"","overlay-opacity":"","overlay-gradient":""},"tablet":{"background-color":"","background-image":"","background-repeat":"repeat","background-position":"center center","background-size":"auto","background-attachment":"scroll","background-type":"","background-media":"","overlay-type":"","overlay-color":"","overlay-opacity":"","overlay-gradient":""},"mobile":{"background-color":"","background-image":"","background-repeat":"repeat","background-position":"center center","background-size":"auto","background-attachment":"scroll","background-type":"","background-media":"","overlay-type":"","overlay-color":"","overlay-opacity":"","overlay-gradient":""}},"ast-content-background-meta":{"desktop":{"background-color":"var(--ast-global-color-4)","background-image":"","background-repeat":"repeat","background-position":"center center","background-size":"auto","background-attachment":"scroll","background-type":"","background-media":"","overlay-type":"","overlay-color":"","overlay-opacity":"","overlay-gradient":""},"tablet":{"background-color":"var(--ast-global-color-4)","background-image":"","background-repeat":"repeat","background-position":"center center","background-size":"auto","background-attachment":"scroll","background-type":"","background-media":"","overlay-type":"","overlay-color":"","overlay-opacity":"","overlay-gradient":""},"mobile":{"background-color":"var(--ast-global-color-4)","background-image":"","background-repeat":"repeat","background-position":"center center","background-size":"auto","background-attachment":"scroll","background-type":"","background-media":"","overlay-type":"","overlay-color":"","overlay-opacity":"","overlay-gradient":""}}},"product_brand":[],"product_cat":[1114,1155],"product_tag":[1139],"class_list":{"0":"post-10878","1":"product","2":"type-product","3":"status-publish","4":"has-post-thumbnail","6":"product_cat-moteur-a-courant-continu-sans-balais","7":"product_cat-moteur-a-reluctance-commutee","8":"product_tag-appareils-electromenagers-autres-moteur-cc-sans-balais","9":"pa_application-appareil-electromenager","10":"desktop-align-left","11":"tablet-align-left","12":"mobile-align-left","14":"first","15":"instock","16":"shipping-taxable","17":"product-type-simple"},"yoast_head":"<!-- This site is optimized with the Yoast SEO plugin v27.2 - https:\/\/yoast.com\/product\/yoast-seo-wordpress\/ -->\n<title>Moteur Sans Balais \u00e0 Aimant Permanent 54WS1-1 &#8211; Leili Motor<\/title>\n<meta name=\"description\" content=\"Le moteur sans balais \u00e0 aimant permanent 54WS1-1 fonctionne \u00e0 24 V CC, fournissant une puissance de 340 W, 26 000 tr\/min et un volume d&#039;air de 2 500 l\/min, avec un cycle de vie de 6 000 heures.\" \/>\n<meta name=\"robots\" content=\"index, follow, max-snippet:-1, max-image-preview:large, max-video-preview:-1\" \/>\n<link rel=\"canonical\" href=\"https:\/\/www.leili-motor.net\/fr\/moteur-sans-balais-a-aimant-permanent-54ws1-1.html\" \/>\n<script type=\"application\/ld+json\" class=\"yoast-schema-graph\">{\"@context\":\"https:\/\/schema.org\",\"@graph\":[{\"@type\":\"WebPage\",\"@id\":\"https:\/\/www.leili-motor.net\/fr\/moteur-sans-balais-a-aimant-permanent-54ws1-1.html\",\"url\":\"https:\/\/www.leili-motor.net\/fr\/moteur-sans-balais-a-aimant-permanent-54ws1-1.html\",\"name\":\"Moteur Sans Balais \u00e0 Aimant Permanent 54WS1-1 &#8211; Leili Motor\",\"isPartOf\":{\"@id\":\"https:\/\/www.leili-motor.net\/fr\/#website\"},\"primaryImageOfPage\":{\"@id\":\"https:\/\/www.leili-motor.net\/fr\/moteur-sans-balais-a-aimant-permanent-54ws1-1.html#primaryimage\"},\"image\":{\"@id\":\"https:\/\/www.leili-motor.net\/fr\/moteur-sans-balais-a-aimant-permanent-54ws1-1.html#primaryimage\"},\"thumbnailUrl\":\"https:\/\/www.leili-motor.net\/wp-content\/uploads\/2025\/03\/54WS1-1-Permanent-Magnet-Brushless-Motor.jpg\",\"datePublished\":\"2025-03-13T09:19:19+00:00\",\"description\":\"Le moteur sans balais \u00e0 aimant permanent 54WS1-1 fonctionne \u00e0 24 V CC, fournissant une puissance de 340 W, 26 000 tr\/min et un volume d'air de 2 500 l\/min, avec un cycle de vie de 6 000 heures.\",\"breadcrumb\":{\"@id\":\"https:\/\/www.leili-motor.net\/fr\/moteur-sans-balais-a-aimant-permanent-54ws1-1.html#breadcrumb\"},\"inLanguage\":\"fr-FR\",\"potentialAction\":[{\"@type\":\"ReadAction\",\"target\":[\"https:\/\/www.leili-motor.net\/fr\/moteur-sans-balais-a-aimant-permanent-54ws1-1.html\"]}]},{\"@type\":\"ImageObject\",\"inLanguage\":\"fr-FR\",\"@id\":\"https:\/\/www.leili-motor.net\/fr\/moteur-sans-balais-a-aimant-permanent-54ws1-1.html#primaryimage\",\"url\":\"https:\/\/www.leili-motor.net\/wp-content\/uploads\/2025\/03\/54WS1-1-Permanent-Magnet-Brushless-Motor.jpg\",\"contentUrl\":\"https:\/\/www.leili-motor.net\/wp-content\/uploads\/2025\/03\/54WS1-1-Permanent-Magnet-Brushless-Motor.jpg\",\"width\":454,\"height\":310,\"caption\":\"Moteur sans balais \u00e0 aimant permanent 54WS1-1\"},{\"@type\":\"BreadcrumbList\",\"@id\":\"https:\/\/www.leili-motor.net\/fr\/moteur-sans-balais-a-aimant-permanent-54ws1-1.html#breadcrumb\",\"itemListElement\":[{\"@type\":\"ListItem\",\"position\":1,\"name\":\"Home\",\"item\":\"https:\/\/www.leili-motor.net\/fr\/\"},{\"@type\":\"ListItem\",\"position\":2,\"name\":\"Produits\",\"item\":\"https:\/\/www.leili-motor.net\/fr\/produits\/\"},{\"@type\":\"ListItem\",\"position\":3,\"name\":\"Moteur Sans Balais \u00e0 Aimant Permanent 54WS1-1\"}]},{\"@type\":\"WebSite\",\"@id\":\"https:\/\/www.leili-motor.net\/fr\/#website\",\"url\":\"https:\/\/www.leili-motor.net\/fr\/\",\"name\":\"Leili Motor\",\"description\":\"\",\"publisher\":{\"@id\":\"https:\/\/www.leili-motor.net\/fr\/#organization\"},\"potentialAction\":[{\"@type\":\"SearchAction\",\"target\":{\"@type\":\"EntryPoint\",\"urlTemplate\":\"https:\/\/www.leili-motor.net\/fr\/?s={search_term_string}\"},\"query-input\":{\"@type\":\"PropertyValueSpecification\",\"valueRequired\":true,\"valueName\":\"search_term_string\"}}],\"inLanguage\":\"fr-FR\"},{\"@type\":\"Organization\",\"@id\":\"https:\/\/www.leili-motor.net\/fr\/#organization\",\"name\":\"Leili Motor\",\"url\":\"https:\/\/www.leili-motor.net\/fr\/\",\"logo\":{\"@type\":\"ImageObject\",\"inLanguage\":\"fr-FR\",\"@id\":\"https:\/\/www.leili-motor.net\/fr\/#\/schema\/logo\/image\/\",\"url\":\"https:\/\/www.leili-motor.net\/wp-content\/uploads\/2025\/03\/Leili-Motor.png\",\"contentUrl\":\"https:\/\/www.leili-motor.net\/wp-content\/uploads\/2025\/03\/Leili-Motor.png\",\"width\":600,\"height\":156,\"caption\":\"Leili Motor\"},\"image\":{\"@id\":\"https:\/\/www.leili-motor.net\/fr\/#\/schema\/logo\/image\/\"}}]}<\/script>\n<!-- \/ Yoast SEO plugin. -->","yoast_head_json":{"title":"Moteur Sans Balais \u00e0 Aimant Permanent 54WS1-1 &#8211; Leili Motor","description":"Le moteur sans balais \u00e0 aimant permanent 54WS1-1 fonctionne \u00e0 24 V CC, fournissant une puissance de 340 W, 26 000 tr\/min et un volume d'air de 2 500 l\/min, avec un cycle de vie de 6 000 heures.","robots":{"index":"index","follow":"follow","max-snippet":"max-snippet:-1","max-image-preview":"max-image-preview:large","max-video-preview":"max-video-preview:-1"},"canonical":"https:\/\/www.leili-motor.net\/fr\/moteur-sans-balais-a-aimant-permanent-54ws1-1.html","schema":{"@context":"https:\/\/schema.org","@graph":[{"@type":"WebPage","@id":"https:\/\/www.leili-motor.net\/fr\/moteur-sans-balais-a-aimant-permanent-54ws1-1.html","url":"https:\/\/www.leili-motor.net\/fr\/moteur-sans-balais-a-aimant-permanent-54ws1-1.html","name":"Moteur Sans Balais \u00e0 Aimant Permanent 54WS1-1 &#8211; Leili Motor","isPartOf":{"@id":"https:\/\/www.leili-motor.net\/fr\/#website"},"primaryImageOfPage":{"@id":"https:\/\/www.leili-motor.net\/fr\/moteur-sans-balais-a-aimant-permanent-54ws1-1.html#primaryimage"},"image":{"@id":"https:\/\/www.leili-motor.net\/fr\/moteur-sans-balais-a-aimant-permanent-54ws1-1.html#primaryimage"},"thumbnailUrl":"https:\/\/www.leili-motor.net\/wp-content\/uploads\/2025\/03\/54WS1-1-Permanent-Magnet-Brushless-Motor.jpg","datePublished":"2025-03-13T09:19:19+00:00","description":"Le moteur sans balais \u00e0 aimant permanent 54WS1-1 fonctionne \u00e0 24 V CC, fournissant une puissance de 340 W, 26 000 tr\/min et un volume d'air de 2 500 l\/min, avec un cycle de vie de 6 000 heures.","breadcrumb":{"@id":"https:\/\/www.leili-motor.net\/fr\/moteur-sans-balais-a-aimant-permanent-54ws1-1.html#breadcrumb"},"inLanguage":"fr-FR","potentialAction":[{"@type":"ReadAction","target":["https:\/\/www.leili-motor.net\/fr\/moteur-sans-balais-a-aimant-permanent-54ws1-1.html"]}]},{"@type":"ImageObject","inLanguage":"fr-FR","@id":"https:\/\/www.leili-motor.net\/fr\/moteur-sans-balais-a-aimant-permanent-54ws1-1.html#primaryimage","url":"https:\/\/www.leili-motor.net\/wp-content\/uploads\/2025\/03\/54WS1-1-Permanent-Magnet-Brushless-Motor.jpg","contentUrl":"https:\/\/www.leili-motor.net\/wp-content\/uploads\/2025\/03\/54WS1-1-Permanent-Magnet-Brushless-Motor.jpg","width":454,"height":310,"caption":"Moteur sans balais \u00e0 aimant permanent 54WS1-1"},{"@type":"BreadcrumbList","@id":"https:\/\/www.leili-motor.net\/fr\/moteur-sans-balais-a-aimant-permanent-54ws1-1.html#breadcrumb","itemListElement":[{"@type":"ListItem","position":1,"name":"Home","item":"https:\/\/www.leili-motor.net\/fr\/"},{"@type":"ListItem","position":2,"name":"Produits","item":"https:\/\/www.leili-motor.net\/fr\/produits\/"},{"@type":"ListItem","position":3,"name":"Moteur Sans Balais \u00e0 Aimant Permanent 54WS1-1"}]},{"@type":"WebSite","@id":"https:\/\/www.leili-motor.net\/fr\/#website","url":"https:\/\/www.leili-motor.net\/fr\/","name":"Leili Motor","description":"","publisher":{"@id":"https:\/\/www.leili-motor.net\/fr\/#organization"},"potentialAction":[{"@type":"SearchAction","target":{"@type":"EntryPoint","urlTemplate":"https:\/\/www.leili-motor.net\/fr\/?s={search_term_string}"},"query-input":{"@type":"PropertyValueSpecification","valueRequired":true,"valueName":"search_term_string"}}],"inLanguage":"fr-FR"},{"@type":"Organization","@id":"https:\/\/www.leili-motor.net\/fr\/#organization","name":"Leili Motor","url":"https:\/\/www.leili-motor.net\/fr\/","logo":{"@type":"ImageObject","inLanguage":"fr-FR","@id":"https:\/\/www.leili-motor.net\/fr\/#\/schema\/logo\/image\/","url":"https:\/\/www.leili-motor.net\/wp-content\/uploads\/2025\/03\/Leili-Motor.png","contentUrl":"https:\/\/www.leili-motor.net\/wp-content\/uploads\/2025\/03\/Leili-Motor.png","width":600,"height":156,"caption":"Leili Motor"},"image":{"@id":"https:\/\/www.leili-motor.net\/fr\/#\/schema\/logo\/image\/"}}]}},"_links":{"self":[{"href":"https:\/\/www.leili-motor.net\/fr\/wp-json\/wp\/v2\/product\/10878","targetHints":{"allow":["GET"]}}],"collection":[{"href":"https:\/\/www.leili-motor.net\/fr\/wp-json\/wp\/v2\/product"}],"about":[{"href":"https:\/\/www.leili-motor.net\/fr\/wp-json\/wp\/v2\/types\/product"}],"replies":[{"embeddable":true,"href":"https:\/\/www.leili-motor.net\/fr\/wp-json\/wp\/v2\/comments?post=10878"}],"wp:featuredmedia":[{"embeddable":true,"href":"https:\/\/www.leili-motor.net\/fr\/wp-json\/wp\/v2\/media\/10879"}],"wp:attachment":[{"href":"https:\/\/www.leili-motor.net\/fr\/wp-json\/wp\/v2\/media?parent=10878"}],"wp:term":[{"taxonomy":"product_brand","embeddable":true,"href":"https:\/\/www.leili-motor.net\/fr\/wp-json\/wp\/v2\/product_brand?post=10878"},{"taxonomy":"product_cat","embeddable":true,"href":"https:\/\/www.leili-motor.net\/fr\/wp-json\/wp\/v2\/product_cat?post=10878"},{"taxonomy":"product_tag","embeddable":true,"href":"https:\/\/www.leili-motor.net\/fr\/wp-json\/wp\/v2\/product_tag?post=10878"}],"curies":[{"name":"wp","href":"https:\/\/api.w.org\/{rel}","templated":true}]}}